{"id":41681,"date":"2026-05-13T13:28:27","date_gmt":"2026-05-13T11:28:27","guid":{"rendered":"https:\/\/www.natelli-shop.com\/product\/krypton-ii-xps-350\/"},"modified":"2026-05-13T13:28:27","modified_gmt":"2026-05-13T11:28:27","slug":"krypton-ii-xps-350","status":"publish","type":"product","link":"https:\/\/www.natelli-shop.com\/de\/produkt\/krypton-ii-xps-350\/","title":{"rendered":"KRYPTON II XPS-350"},"content":{"rendered":"<p data-start=\"269\" data-end=\"376\">Das leistungsst\u00e4rkste Modell auf dem Markt der Beauty-Industrie &#8211; der professionelle Fr\u00e4ser <strong data-start=\"361\" data-end=\"375\">KRYPTON II<\/strong>.<\/p>\n<p data-start=\"378\" data-end=\"521\">Ein weiterentwickeltes, bis ins kleinste Detail durchdachtes Modell, das die Arbeit jeder Nageldesignerin komfortabler und produktiver macht.<\/p>\n<p data-start=\"523\" data-end=\"788\">Mit einer hohen Leistung von <strong data-start=\"552\" data-end=\"563\">70 Watt<\/strong> und einer Drehzahl von <strong data-start=\"587\" data-end=\"603\">35.000 U\/min<\/strong> erm\u00f6glicht er ein effizientes und m\u00fcheloses Arbeiten bei der Ger\u00e4te-Manik\u00fcre und -Pedik\u00fcre. Der Fr\u00e4ser ist \u00e4u\u00dferst ergonomisch und komfortabel und z\u00e4hlt zu den st\u00e4rksten seiner Klasse. <\/p>\n<p data-start=\"790\" data-end=\"1098\">Der Handst\u00fcck-Mikromotor arbeitet <strong data-start=\"824\" data-end=\"852\">ruhig und vibrationsfrei<\/strong>.<br data-start=\"853\" data-end=\"856\">Er ist mit einem praktischen Spannmechanismus f\u00fcr den Fr\u00e4serwechsel ausgestattet. Die Spannvorrichtung fixiert den Fr\u00e4ser sicher und ist zentral am Geh\u00e4use platziert, sodass ein unabsichtliches \u00d6ffnen w\u00e4hrend des Betriebs ausgeschlossen ist. <\/p>\n<p data-start=\"1100\" data-end=\"1186\">Die Steuerungseinheit ist <strong data-start=\"1126\" data-end=\"1154\">kompakt und platzsparend<\/strong> &#8211; ideal f\u00fcr den Arbeitstisch.<\/p>\n<p data-start=\"1188\" data-end=\"1479\">Das moderne, stilvolle Design ist mit einem <strong data-start=\"1232\" data-end=\"1247\">LED-Display<\/strong> ausgestattet, das die aktuelle Drehzahl und den Betriebsmodus anzeigt.<br data-start=\"1318\" data-end=\"1321\">Alle Bedienelemente (Vorw\u00e4rts-\/R\u00fcckw\u00e4rtslauf, Fu\u00dfsteuerung, Geschwindigkeitsregelung) befinden sich gut sichtbar an der Vorderseite &#8211; kein langes Suchen mehr!<\/p>\n<p data-start=\"1481\" data-end=\"1598\">Zus\u00e4tzliche Bohrungen f\u00fcr Fr\u00e4seraufs\u00e4tze am Geh\u00e4use sorgen daf\u00fcr, dass alle ben\u00f6tigten Bits immer griffbereit sind.<\/p>\n<p data-start=\"1600\" data-end=\"1768\">Der <strong data-start=\"1604\" data-end=\"1623\">Handst\u00fcckhalter<\/strong> ist im optimalen Winkel angebracht, sodass die Fr\u00e4ser nicht den Tisch ber\u00fchren oder besch\u00e4digen &#8211; unabh\u00e4ngig von L\u00e4nge oder Gr\u00f6\u00dfe des Aufsatzes.<\/p>\n<hr data-start=\"1770\" data-end=\"1773\">\n<h3 data-start=\"1775\" data-end=\"1797\"><strong data-start=\"1779\" data-end=\"1797\">Hauptvorteile:<\/strong><\/h3>\n<ul data-start=\"1798\" data-end=\"2179\">\n<li data-start=\"1798\" data-end=\"1838\">\n<p data-start=\"1800\" data-end=\"1838\">Kompakte, tragbare Steuerungseinheit<\/p>\n<\/li>\n<li data-start=\"1839\" data-end=\"1878\">\n<p data-start=\"1841\" data-end=\"1878\">Stufenlose Geschwindigkeitsregelung<\/p>\n<\/li>\n<li data-start=\"1879\" data-end=\"1941\">\n<p data-start=\"1881\" data-end=\"1941\">LED-Display mit Anzeige der Drehzahl und des Betriebsmodus<\/p>\n<\/li>\n<li data-start=\"1942\" data-end=\"2017\">\n<p data-start=\"1944\" data-end=\"2017\">Intelligentes elektronisches Umschalten <strong data-start=\"1984\" data-end=\"1994\">FW\/REW<\/strong> im laufenden Betrieb<\/p>\n<\/li>\n<li data-start=\"2018\" data-end=\"2051\">\n<p data-start=\"2020\" data-end=\"2051\">Verbesserte Fu\u00dfpedalsteuerung<\/p>\n<\/li>\n<li data-start=\"2052\" data-end=\"2116\">\n<p data-start=\"2054\" data-end=\"2116\">Langer, leiser und vibrationsfreier Betrieb ohne \u00dcberhitzung<\/p>\n<\/li>\n<li data-start=\"2117\" data-end=\"2152\">\n<p data-start=\"2119\" data-end=\"2152\">Verbesserter \u00dcberlastungsschutz<\/p>\n<\/li>\n<li data-start=\"2153\" data-end=\"2179\">\n<p data-start=\"2155\" data-end=\"2179\">K\u00fchlung des Handst\u00fccks<\/p>\n<\/li>\n<\/ul>\n<hr data-start=\"2181\" data-end=\"2184\">\n<h3 data-start=\"2186\" data-end=\"2207\"><strong data-start=\"2190\" data-end=\"2207\">Lieferumfang:<\/strong><\/h3>\n<ul data-start=\"2208\" data-end=\"2344\">\n<li data-start=\"2208\" data-end=\"2223\">\n<p data-start=\"2210\" data-end=\"2223\">Steuerger\u00e4t<\/p>\n<\/li>\n<li data-start=\"2224\" data-end=\"2248\">\n<p data-start=\"2226\" data-end=\"2248\">Handst\u00fcck-Mikromotor<\/p>\n<\/li>\n<li data-start=\"2249\" data-end=\"2261\">\n<p data-start=\"2251\" data-end=\"2261\">Fu\u00dfpedal<\/p>\n<\/li>\n<li data-start=\"2262\" data-end=\"2281\">\n<p data-start=\"2264\" data-end=\"2281\">Handst\u00fcckhalter<\/p>\n<\/li>\n<li data-start=\"2282\" data-end=\"2305\">\n<p data-start=\"2284\" data-end=\"2305\">Bedienungsanleitung<\/p>\n<\/li>\n<li data-start=\"2306\" data-end=\"2323\">\n<p data-start=\"2308\" data-end=\"2323\">Garantiekarte<\/p>\n<\/li>\n<li data-start=\"2324\" data-end=\"2344\">\n<p data-start=\"2326\" data-end=\"2344\">Warnhinweisblatt<\/p>\n<\/li>\n<\/ul>\n<hr data-start=\"2346\" data-end=\"2349\">\n<h3 data-start=\"2351\" data-end=\"2381\"><strong data-start=\"2355\" data-end=\"2381\">Innovative Funktionen:<\/strong><\/h3>\n<h4 data-start=\"2383\" data-end=\"2406\"><strong data-start=\"2388\" data-end=\"2404\">EINFACHE KONTROLLE<\/strong><\/h4>\n<p data-start=\"2407\" data-end=\"2828\">Intelligentes elektronisches Umschalten von Vorw\u00e4rts- auf R\u00fcckw\u00e4rtslauf im laufenden Betrieb.<br data-start=\"2500\" data-end=\"2503\">W\u00e4hrend der Arbeit k\u00f6nnen Sie einfach per Knopfdruck die Drehrichtung \u00e4ndern &#8211; der Prozessor erledigt den Rest automatisch.<br data-start=\"2626\" data-end=\"2629\">Das spart Zeit und verringert das Risiko einer Besch\u00e4digung des Ger\u00e4ts.<br data-start=\"2700\" data-end=\"2703\">Vergleichbar mit dem Unterschied zwischen einem Schalt- und einem Automatikgetriebe im Auto &#8211; einfacher, schneller, sicherer.<\/p>\n<h4 data-start=\"2830\" data-end=\"2850\"><strong data-start=\"2835\" data-end=\"2848\">FREIER FUSS<\/strong><\/h4>\n<p data-start=\"2851\" data-end=\"3252\">In den meisten Fr\u00e4sern muss das Pedal st\u00e4ndig gedr\u00fcckt werden &#8211; das f\u00fchrt zu Erm\u00fcdung. Beim <strong data-start=\"2943\" data-end=\"2957\">KRYPTON II<\/strong> wurde die Funktion modernisiert: Das Pedal dient jetzt als <strong data-start=\"3017\" data-end=\"3032\">Pausentaste<\/strong>.<br data-start=\"3033\" data-end=\"3036\">Sie stellen die gew\u00fcnschte Drehzahl ein, dr\u00fccken das Pedal einmal &#8211; und arbeiten.<br data-start=\"3117\" data-end=\"3120\">F\u00fcr eine kurze Pause dr\u00fccken Sie erneut, und beim n\u00e4chsten Klick l\u00e4uft der Fr\u00e4ser sofort mit den gespeicherten Einstellungen weiter. <\/p>\n<h4 data-start=\"3254\" data-end=\"3276\"><strong data-start=\"3259\" data-end=\"3274\">SCHUTZ+<\/strong><\/h4>\n<p data-start=\"3277\" data-end=\"3650\">Erweiterter \u00dcberlastungsschutz.<br data-start=\"3308\" data-end=\"3311\">Diese Funktion sch\u00fctzt Ihren Fr\u00e4ser zuverl\u00e4ssig vor Sch\u00e4den &#8211; z. B. wenn der Fr\u00e4seraufsatz nicht richtig fixiert oder gar nicht eingesetzt ist.<br data-start=\"3454\" data-end=\"3457\">In diesem Fall ert\u00f6nt nach 3-5 Sekunden ein Signalton, auf dem Display erscheint der <strong data-start=\"3542\" data-end=\"3559\">Fehlercode E4<\/strong>, und das Ger\u00e4t blockiert automatisch, um den Mikromotor oder die Spannzange zu sch\u00fctzen. <\/p>\n<p data-start=\"3652\" data-end=\"3844\">Auch bei falscher Fr\u00e4sergr\u00f6\u00dfe oder zu langer Arbeit mit schweren Aufs\u00e4tzen auf hoher Drehzahl erkennt das System die \u00dcberlastung, stoppt automatisch und fordert eine kurze Pause zur Abk\u00fchlung.<\/p>\n<hr data-start=\"3846\" data-end=\"3849\">\n<h3 data-start=\"3851\" data-end=\"3880\"><strong data-start=\"3855\" data-end=\"3868\">Garantie:<\/strong> 24 Monate<\/h3>\n<p data-start=\"3881\" data-end=\"3951\">Das Produkt ist <strong data-start=\"3897\" data-end=\"3950\">zertifiziert in der Ukraine und in den EU-L\u00e4ndern<\/strong>.<\/p>\n","protected":false},"excerpt":{"rendered":"<p>Das leistungsst\u00e4rkste Modell auf dem Markt der Beauty-Industrie &#8211; der professionelle Fr\u00e4ser KRYPTON II. Ein weiterentwickeltes, bis ins kleinste Detail<\/p>\n","protected":false},"featured_media":41664,"comment_status":"open","ping_status":"closed","template":"","meta":[],"product_brand":[],"product_cat":[635],"product_tag":[],"class_list":{"0":"post-41681","1":"product","2":"type-product","3":"status-publish","4":"has-post-thumbnail","6":"product_cat-ausrustung","8":"first","9":"instock","10":"taxable","11":"shipping-taxable","12":"purchasable","13":"product-type-simple"},"yoast_head":"<!-- This site is optimized with the Yoast SEO plugin v23.1 - https:\/\/yoast.com\/wordpress\/plugins\/seo\/ -->\n<title>KRYPTON II XPS-350 - Natelli - Nail Shop<\/title>\n<meta name=\"robots\" content=\"index, follow, max-snippet:-1, max-image-preview:large, max-video-preview:-1\" \/>\n<link rel=\"canonical\" href=\"https:\/\/www.natelli-shop.com\/de\/produkt\/krypton-ii-xps-350\/\" \/>\n<meta property=\"og:locale\" content=\"de_DE\" \/>\n<meta property=\"og:type\" content=\"article\" \/>\n<meta property=\"og:title\" content=\"KRYPTON II XPS-350 - Natelli - Nail Shop\" \/>\n<meta property=\"og:description\" content=\"Das leistungsst\u00e4rkste Modell auf dem Markt der Beauty-Industrie &#8211; der professionelle Fr\u00e4ser KRYPTON II. Ein weiterentwickeltes, bis ins kleinste Detail\" \/>\n<meta property=\"og:url\" content=\"https:\/\/www.natelli-shop.com\/de\/produkt\/krypton-ii-xps-350\/\" \/>\n<meta property=\"og:site_name\" content=\"Natelli - Nail Shop\" \/>\n<meta property=\"og:image\" content=\"https:\/\/www.natelli-shop.com\/wp-content\/uploads\/2026\/05\/20240406-4_D0_B1.webp\" \/>\n\t<meta property=\"og:image:width\" content=\"1000\" \/>\n\t<meta property=\"og:image:height\" content=\"1000\" \/>\n\t<meta property=\"og:image:type\" content=\"image\/webp\" \/>\n<meta name=\"twitter:card\" content=\"summary_large_image\" \/>\n<meta name=\"twitter:label1\" content=\"Gesch\u00e4tzte Lesezeit\" \/>\n\t<meta name=\"twitter:data1\" content=\"3\u00a0Minuten\" \/>\n<script type=\"application\/ld+json\" class=\"yoast-schema-graph\">{\"@context\":\"https:\/\/schema.org\",\"@graph\":[{\"@type\":\"WebPage\",\"@id\":\"https:\/\/www.natelli-shop.com\/de\/produkt\/krypton-ii-xps-350\/\",\"url\":\"https:\/\/www.natelli-shop.com\/de\/produkt\/krypton-ii-xps-350\/\",\"name\":\"KRYPTON II XPS-350 - Natelli - Nail Shop\",\"isPartOf\":{\"@id\":\"https:\/\/www.natelli-shop.com\/de\/#website\"},\"primaryImageOfPage\":{\"@id\":\"https:\/\/www.natelli-shop.com\/de\/produkt\/krypton-ii-xps-350\/#primaryimage\"},\"image\":{\"@id\":\"https:\/\/www.natelli-shop.com\/de\/produkt\/krypton-ii-xps-350\/#primaryimage\"},\"thumbnailUrl\":\"https:\/\/www.natelli-shop.com\/wp-content\/uploads\/2026\/05\/20240406-4_D0_B1.webp\",\"datePublished\":\"2026-05-13T11:28:27+00:00\",\"dateModified\":\"2026-05-13T11:28:27+00:00\",\"breadcrumb\":{\"@id\":\"https:\/\/www.natelli-shop.com\/de\/produkt\/krypton-ii-xps-350\/#breadcrumb\"},\"inLanguage\":\"de\",\"potentialAction\":[{\"@type\":\"ReadAction\",\"target\":[\"https:\/\/www.natelli-shop.com\/de\/produkt\/krypton-ii-xps-350\/\"]}]},{\"@type\":\"ImageObject\",\"inLanguage\":\"de\",\"@id\":\"https:\/\/www.natelli-shop.com\/de\/produkt\/krypton-ii-xps-350\/#primaryimage\",\"url\":\"https:\/\/www.natelli-shop.com\/wp-content\/uploads\/2026\/05\/20240406-4_D0_B1.webp\",\"contentUrl\":\"https:\/\/www.natelli-shop.com\/wp-content\/uploads\/2026\/05\/20240406-4_D0_B1.webp\",\"width\":1000,\"height\":1000},{\"@type\":\"BreadcrumbList\",\"@id\":\"https:\/\/www.natelli-shop.com\/de\/produkt\/krypton-ii-xps-350\/#breadcrumb\",\"itemListElement\":[{\"@type\":\"ListItem\",\"position\":1,\"name\":\"Home\",\"item\":\"https:\/\/www.natelli-shop.com\/de\/startseite\/\"},{\"@type\":\"ListItem\",\"position\":2,\"name\":\"Shop\",\"item\":\"https:\/\/www.natelli-shop.com\/de\/shop\/\"},{\"@type\":\"ListItem\",\"position\":3,\"name\":\"KRYPTON II XPS-350\"}]},{\"@type\":\"WebSite\",\"@id\":\"https:\/\/www.natelli-shop.com\/de\/#website\",\"url\":\"https:\/\/www.natelli-shop.com\/de\/\",\"name\":\"Natelli - Nail Shop\",\"description\":\"\",\"publisher\":{\"@id\":\"https:\/\/www.natelli-shop.com\/de\/#organization\"},\"potentialAction\":[{\"@type\":\"SearchAction\",\"target\":{\"@type\":\"EntryPoint\",\"urlTemplate\":\"https:\/\/www.natelli-shop.com\/de\/?s={search_term_string}\"},\"query-input\":\"required name=search_term_string\"}],\"inLanguage\":\"de\"},{\"@type\":\"Organization\",\"@id\":\"https:\/\/www.natelli-shop.com\/de\/#organization\",\"name\":\"Natelli - Nail Shop\",\"url\":\"https:\/\/www.natelli-shop.com\/de\/\",\"logo\":{\"@type\":\"ImageObject\",\"inLanguage\":\"de\",\"@id\":\"https:\/\/www.natelli-shop.com\/de\/#\/schema\/logo\/image\/\",\"url\":\"https:\/\/www.natelli-shop.com\/wp-content\/uploads\/2024\/08\/\u0438\u0437\u043e\u0431\u0440\u0430\u0436\u0435\u043d\u0438\u0435_viber_2024-07-31_10-59-46-791.jpg\",\"contentUrl\":\"https:\/\/www.natelli-shop.com\/wp-content\/uploads\/2024\/08\/\u0438\u0437\u043e\u0431\u0440\u0430\u0436\u0435\u043d\u0438\u0435_viber_2024-07-31_10-59-46-791.jpg\",\"width\":1181,\"height\":1186,\"caption\":\"Natelli - Nail Shop\"},\"image\":{\"@id\":\"https:\/\/www.natelli-shop.com\/de\/#\/schema\/logo\/image\/\"}}]}<\/script>\n<!-- \/ Yoast SEO plugin. -->","yoast_head_json":{"title":"KRYPTON II XPS-350 - Natelli - Nail Shop","robots":{"index":"index","follow":"follow","max-snippet":"max-snippet:-1","max-image-preview":"max-image-preview:large","max-video-preview":"max-video-preview:-1"},"canonical":"https:\/\/www.natelli-shop.com\/de\/produkt\/krypton-ii-xps-350\/","og_locale":"de_DE","og_type":"article","og_title":"KRYPTON II XPS-350 - Natelli - Nail Shop","og_description":"Das leistungsst\u00e4rkste Modell auf dem Markt der Beauty-Industrie &#8211; der professionelle Fr\u00e4ser KRYPTON II. Ein weiterentwickeltes, bis ins kleinste Detail","og_url":"https:\/\/www.natelli-shop.com\/de\/produkt\/krypton-ii-xps-350\/","og_site_name":"Natelli - Nail Shop","og_image":[{"width":1000,"height":1000,"url":"https:\/\/www.natelli-shop.com\/wp-content\/uploads\/2026\/05\/20240406-4_D0_B1.webp","type":"image\/webp"}],"twitter_card":"summary_large_image","twitter_misc":{"Gesch\u00e4tzte Lesezeit":"3\u00a0Minuten"},"schema":{"@context":"https:\/\/schema.org","@graph":[{"@type":"WebPage","@id":"https:\/\/www.natelli-shop.com\/de\/produkt\/krypton-ii-xps-350\/","url":"https:\/\/www.natelli-shop.com\/de\/produkt\/krypton-ii-xps-350\/","name":"KRYPTON II XPS-350 - Natelli - Nail Shop","isPartOf":{"@id":"https:\/\/www.natelli-shop.com\/de\/#website"},"primaryImageOfPage":{"@id":"https:\/\/www.natelli-shop.com\/de\/produkt\/krypton-ii-xps-350\/#primaryimage"},"image":{"@id":"https:\/\/www.natelli-shop.com\/de\/produkt\/krypton-ii-xps-350\/#primaryimage"},"thumbnailUrl":"https:\/\/www.natelli-shop.com\/wp-content\/uploads\/2026\/05\/20240406-4_D0_B1.webp","datePublished":"2026-05-13T11:28:27+00:00","dateModified":"2026-05-13T11:28:27+00:00","breadcrumb":{"@id":"https:\/\/www.natelli-shop.com\/de\/produkt\/krypton-ii-xps-350\/#breadcrumb"},"inLanguage":"de","potentialAction":[{"@type":"ReadAction","target":["https:\/\/www.natelli-shop.com\/de\/produkt\/krypton-ii-xps-350\/"]}]},{"@type":"ImageObject","inLanguage":"de","@id":"https:\/\/www.natelli-shop.com\/de\/produkt\/krypton-ii-xps-350\/#primaryimage","url":"https:\/\/www.natelli-shop.com\/wp-content\/uploads\/2026\/05\/20240406-4_D0_B1.webp","contentUrl":"https:\/\/www.natelli-shop.com\/wp-content\/uploads\/2026\/05\/20240406-4_D0_B1.webp","width":1000,"height":1000},{"@type":"BreadcrumbList","@id":"https:\/\/www.natelli-shop.com\/de\/produkt\/krypton-ii-xps-350\/#breadcrumb","itemListElement":[{"@type":"ListItem","position":1,"name":"Home","item":"https:\/\/www.natelli-shop.com\/de\/startseite\/"},{"@type":"ListItem","position":2,"name":"Shop","item":"https:\/\/www.natelli-shop.com\/de\/shop\/"},{"@type":"ListItem","position":3,"name":"KRYPTON II XPS-350"}]},{"@type":"WebSite","@id":"https:\/\/www.natelli-shop.com\/de\/#website","url":"https:\/\/www.natelli-shop.com\/de\/","name":"Natelli - Nail Shop","description":"","publisher":{"@id":"https:\/\/www.natelli-shop.com\/de\/#organization"},"potentialAction":[{"@type":"SearchAction","target":{"@type":"EntryPoint","urlTemplate":"https:\/\/www.natelli-shop.com\/de\/?s={search_term_string}"},"query-input":"required name=search_term_string"}],"inLanguage":"de"},{"@type":"Organization","@id":"https:\/\/www.natelli-shop.com\/de\/#organization","name":"Natelli - Nail Shop","url":"https:\/\/www.natelli-shop.com\/de\/","logo":{"@type":"ImageObject","inLanguage":"de","@id":"https:\/\/www.natelli-shop.com\/de\/#\/schema\/logo\/image\/","url":"https:\/\/www.natelli-shop.com\/wp-content\/uploads\/2024\/08\/\u0438\u0437\u043e\u0431\u0440\u0430\u0436\u0435\u043d\u0438\u0435_viber_2024-07-31_10-59-46-791.jpg","contentUrl":"https:\/\/www.natelli-shop.com\/wp-content\/uploads\/2024\/08\/\u0438\u0437\u043e\u0431\u0440\u0430\u0436\u0435\u043d\u0438\u0435_viber_2024-07-31_10-59-46-791.jpg","width":1181,"height":1186,"caption":"Natelli - Nail Shop"},"image":{"@id":"https:\/\/www.natelli-shop.com\/de\/#\/schema\/logo\/image\/"}}]}},"jetpack_sharing_enabled":true,"_links":{"self":[{"href":"https:\/\/www.natelli-shop.com\/de\/wp-json\/wp\/v2\/product\/41681","targetHints":{"allow":["GET"]}}],"collection":[{"href":"https:\/\/www.natelli-shop.com\/de\/wp-json\/wp\/v2\/product"}],"about":[{"href":"https:\/\/www.natelli-shop.com\/de\/wp-json\/wp\/v2\/types\/product"}],"replies":[{"embeddable":true,"href":"https:\/\/www.natelli-shop.com\/de\/wp-json\/wp\/v2\/comments?post=41681"}],"version-history":[{"count":0,"href":"https:\/\/www.natelli-shop.com\/de\/wp-json\/wp\/v2\/product\/41681\/revisions"}],"wp:featuredmedia":[{"embeddable":true,"href":"https:\/\/www.natelli-shop.com\/de\/wp-json\/wp\/v2\/media\/41664"}],"wp:attachment":[{"href":"https:\/\/www.natelli-shop.com\/de\/wp-json\/wp\/v2\/media?parent=41681"}],"wp:term":[{"taxonomy":"product_brand","embeddable":true,"href":"https:\/\/www.natelli-shop.com\/de\/wp-json\/wp\/v2\/product_brand?post=41681"},{"taxonomy":"product_cat","embeddable":true,"href":"https:\/\/www.natelli-shop.com\/de\/wp-json\/wp\/v2\/product_cat?post=41681"},{"taxonomy":"product_tag","embeddable":true,"href":"https:\/\/www.natelli-shop.com\/de\/wp-json\/wp\/v2\/product_tag?post=41681"}],"curies":[{"name":"wp","href":"https:\/\/api.w.org\/{rel}","templated":true}]}}