{"id":40906,"date":"2026-05-04T12:41:59","date_gmt":"2026-05-04T10:41:59","guid":{"rendered":"https:\/\/www.natelli-shop.com\/product\/krypton-xps-400-weiss-grau-nagelbohrer-fuer-65-watt-und-40-000-u-min-fuer-manikuere-und-pedikuere\/"},"modified":"2026-05-04T22:02:21","modified_gmt":"2026-05-04T20:02:21","slug":"krypton-xps-400-weiss-grau-nagelbohrer-fuer-65-watt-und-40-000-u-min-fuer-manikuere-und-pedikuere","status":"publish","type":"product","link":"https:\/\/www.natelli-shop.com\/de\/produkt\/krypton-xps-400-weiss-grau-nagelbohrer-fuer-65-watt-und-40-000-u-min-fuer-manikuere-und-pedikuere\/","title":{"rendered":"KRYPTON XPS-400 WEISS\/GRAU Nagelbohrer f\u00fcr 65 Watt. und 40.000 U\/min. f\u00fcr Manik\u00fcre und Pedik\u00fcre"},"content":{"rendered":"<p>Wenn Sie auf der Suche nach einem zuverl\u00e4ssigen, leistungsstarken und benutzerfreundlichen Ger\u00e4t f\u00fcr die Manik\u00fcre und Pedik\u00fcre sind, empfehlen wir Ihnen dieses Modell.<\/p>\n<p>Mit einer hohen Ausgangsleistung von 65 W und einer Drehzahl von 40.000 U\/min erm\u00f6glicht er eine effektive und komfortable Nagelmanik\u00fcre und Pedik\u00fcre. Der Nagelbohrer ist \u00e4u\u00dferst praktisch und ergonomisch gestaltet, was ihn zum leistungsst\u00e4rksten Modell in unserem professionellen Sortiment macht. <\/p>\n<p>Der Mikromotorgriff arbeitet leichtg\u00e4ngig und v\u00f6llig vibrationsfrei. Das Griffgeh\u00e4use ist aus hochwertigem Kunststoff in einer eleganten Graphitfarbe gefertigt und verf\u00fcgt \u00fcber einen benutzerfreundlichen Schnellwechselmechanismus f\u00fcr den Bohrerwechsel. Die Spannzange h\u00e4lt den Bohrer sicher fest und ist zentral am Geh\u00e4use angebracht, um ein versehentliches \u00d6ffnen w\u00e4hrend des Betriebs zu verhindern.  <\/p>\n<p>Dank des verbesserten Griffdesigns l\u00e4uft die Bohrmaschine leise und effizient und bearbeitet m\u00fchelos jede Oberfl\u00e4che, ohne die H\u00e4nde zu erm\u00fcden oder zu schwitzen.<\/p>\n<p>Das Paket enth\u00e4lt zwei Halterungen f\u00fcr den Mikromotorgriff: eine vertikale Halterung, die direkt am Ger\u00e4t angebracht wird. Die Entwickler haben an die Bed\u00fcrfnisse von Profis gedacht und das Ger\u00e4t mit Befestigungsm\u00f6glichkeiten auf beiden Seiten ausgestattet. Das macht es besonders bequem f\u00fcr Linksh\u00e4nder und erm\u00f6glicht eine flexible Positionierung des Ger\u00e4ts.  <\/p>\n<p>Zum Lieferumfang geh\u00f6rt auch ein Tischst\u00e4nder aus Silikon, der dank seiner rutschfesten Beschichtung auf jeder Oberfl\u00e4che sicher steht und verhindert, dass der Griff herunterf\u00e4llt.<\/p>\n<p>Das Ger\u00e4t verf\u00fcgt \u00fcber f\u00fcnf \u00d6ffnungen im Geh\u00e4use zur Aufbewahrung von Messeraufs\u00e4tzen, so dass die wichtigsten Werkzeuge immer in Reichweite sind. Ein Fu\u00dfpedal ist ebenfalls enthalten, und das Ger\u00e4t ist mit einer Vorw\u00e4rts-\/R\u00fcckw\u00e4rtsfunktion ausgestattet. <\/p>\n<p>Das Hauptmerkmal des Krypton Cutter ist die Protection+ Funktion, die den Cutter vor \u00dcberlastung sch\u00fctzt. Die Steuereinheit verf\u00fcgt \u00fcber zwei LED-Anzeigen: eine gr\u00fcne LED zeigt den Betrieb an, und eine rote LED leuchtet bei \u00dcberlastung. In diesem Fall sollte die Belastung reduziert oder der Betrieb kurz unterbrochen werden. Diese Funktion hilft, die Belastung zu kontrollieren und verl\u00e4ngert die Lebensdauer des Ger\u00e4ts, indem sie es vor schweren Sch\u00e4den sch\u00fctzt.<br \/>\n&#8230;   <\/p>\n<p><strong>Die wichtigsten Vorteile:<\/strong><br \/>\nKompakte und tragbare Steuereinheit<br \/>\nStufenlose Geschwindigkeitsregelung<br \/>\nEin\/Aus-Fu\u00dfpedal<br \/>\nKomfortabler R\u00fcckw\u00e4rtsschalter (im\/gegen den Uhrzeigersinn)<br \/>\nDauerbetrieb ohne L\u00e4rm, Vibration oder \u00dcberhitzung<br \/>\n\u00dcberlastungsschutz f\u00fcr das Schneidwerk<br \/>\nGek\u00fchlter Griff<\/p>\n<p><strong>Lieferumfang:<\/strong><br \/>\nNetzteil<br \/>\nMikromotorgriff<br \/>\nFu\u00dfpedal<br \/>\nGriffhalter<br \/>\nTischst\u00e4nder f\u00fcr den Griff<br \/>\nBedienungsanleitung<br \/>\nGarantiekarte<br \/>\nWarnhinweis<\/p>\n<p><strong>Technische Daten:<\/strong><br \/>\nFarben: Wei\u00df\/Violett, Wei\u00df\/Grau<br \/>\nStromversorgung: 110-220 V, 50 Hz<br \/>\nLeistung: 65 W<br \/>\nDrehzahl: 40.000 U\/min<br \/>\nDrehmoment: 4,5 N\/cm<br \/>\nGewicht: 1050 g<br \/>\nAbmessungen: 13,4 \u00d7 15,4 \u00d7 8,3 cm<\/p>\n<p><strong>Garantie<\/strong>: 24 Monate<br \/>\nDie Produkte sind in der Ukraine und in den zertifizierten EU-L\u00e4ndern erh\u00e4ltlich.<\/p>\n","protected":false},"excerpt":{"rendered":"<p>Wenn Sie auf der Suche nach einem zuverl\u00e4ssigen, leistungsstarken und benutzerfreundlichen Ger\u00e4t f\u00fcr die Manik\u00fcre und Pedik\u00fcre sind, empfehlen wir<\/p>\n","protected":false},"featured_media":40904,"comment_status":"open","ping_status":"closed","template":"","meta":[],"product_brand":[],"product_cat":[635],"product_tag":[],"class_list":{"0":"post-40906","1":"product","2":"type-product","3":"status-publish","4":"has-post-thumbnail","6":"product_cat-ausrustung","8":"first","9":"instock","10":"taxable","11":"shipping-taxable","12":"purchasable","13":"product-type-simple"},"yoast_head":"<!-- This site is optimized with the Yoast SEO plugin v23.1 - https:\/\/yoast.com\/wordpress\/plugins\/seo\/ -->\n<title>KRYPTON XPS-400 WEISS\/GRAU Nagelbohrer f\u00fcr 65 Watt. und 40.000 U\/min. f\u00fcr Manik\u00fcre und Pedik\u00fcre - Natelli - Nail Shop<\/title>\n<meta name=\"robots\" content=\"index, follow, max-snippet:-1, max-image-preview:large, max-video-preview:-1\" \/>\n<link rel=\"canonical\" href=\"https:\/\/www.natelli-shop.com\/de\/produkt\/krypton-xps-400-weiss-grau-nagelbohrer-fuer-65-watt-und-40-000-u-min-fuer-manikuere-und-pedikuere\/\" \/>\n<meta property=\"og:locale\" content=\"de_DE\" \/>\n<meta property=\"og:type\" content=\"article\" \/>\n<meta property=\"og:title\" content=\"KRYPTON XPS-400 WEISS\/GRAU Nagelbohrer f\u00fcr 65 Watt. und 40.000 U\/min. f\u00fcr Manik\u00fcre und Pedik\u00fcre - Natelli - Nail Shop\" \/>\n<meta property=\"og:description\" content=\"Wenn Sie auf der Suche nach einem zuverl\u00e4ssigen, leistungsstarken und benutzerfreundlichen Ger\u00e4t f\u00fcr die Manik\u00fcre und Pedik\u00fcre sind, empfehlen wir\" \/>\n<meta property=\"og:url\" content=\"https:\/\/www.natelli-shop.com\/de\/produkt\/krypton-xps-400-weiss-grau-nagelbohrer-fuer-65-watt-und-40-000-u-min-fuer-manikuere-und-pedikuere\/\" \/>\n<meta property=\"og:site_name\" content=\"Natelli - Nail Shop\" \/>\n<meta property=\"article:modified_time\" content=\"2026-05-04T20:02:21+00:00\" \/>\n<meta property=\"og:image\" content=\"https:\/\/www.natelli-shop.com\/wp-content\/uploads\/2026\/05\/334604935.jpg\" \/>\n\t<meta property=\"og:image:width\" content=\"700\" \/>\n\t<meta property=\"og:image:height\" content=\"700\" \/>\n\t<meta property=\"og:image:type\" content=\"image\/jpeg\" \/>\n<meta name=\"twitter:card\" content=\"summary_large_image\" \/>\n<meta name=\"twitter:label1\" content=\"Gesch\u00e4tzte Lesezeit\" \/>\n\t<meta name=\"twitter:data1\" content=\"2\u00a0Minuten\" \/>\n<script type=\"application\/ld+json\" class=\"yoast-schema-graph\">{\"@context\":\"https:\/\/schema.org\",\"@graph\":[{\"@type\":\"WebPage\",\"@id\":\"https:\/\/www.natelli-shop.com\/de\/produkt\/krypton-xps-400-weiss-grau-nagelbohrer-fuer-65-watt-und-40-000-u-min-fuer-manikuere-und-pedikuere\/\",\"url\":\"https:\/\/www.natelli-shop.com\/de\/produkt\/krypton-xps-400-weiss-grau-nagelbohrer-fuer-65-watt-und-40-000-u-min-fuer-manikuere-und-pedikuere\/\",\"name\":\"KRYPTON XPS-400 WEISS\/GRAU Nagelbohrer f\u00fcr 65 Watt. und 40.000 U\/min. f\u00fcr Manik\u00fcre und Pedik\u00fcre - Natelli - Nail Shop\",\"isPartOf\":{\"@id\":\"https:\/\/www.natelli-shop.com\/de\/#website\"},\"primaryImageOfPage\":{\"@id\":\"https:\/\/www.natelli-shop.com\/de\/produkt\/krypton-xps-400-weiss-grau-nagelbohrer-fuer-65-watt-und-40-000-u-min-fuer-manikuere-und-pedikuere\/#primaryimage\"},\"image\":{\"@id\":\"https:\/\/www.natelli-shop.com\/de\/produkt\/krypton-xps-400-weiss-grau-nagelbohrer-fuer-65-watt-und-40-000-u-min-fuer-manikuere-und-pedikuere\/#primaryimage\"},\"thumbnailUrl\":\"https:\/\/www.natelli-shop.com\/wp-content\/uploads\/2026\/05\/334604935.jpg\",\"datePublished\":\"2026-05-04T10:41:59+00:00\",\"dateModified\":\"2026-05-04T20:02:21+00:00\",\"breadcrumb\":{\"@id\":\"https:\/\/www.natelli-shop.com\/de\/produkt\/krypton-xps-400-weiss-grau-nagelbohrer-fuer-65-watt-und-40-000-u-min-fuer-manikuere-und-pedikuere\/#breadcrumb\"},\"inLanguage\":\"de\",\"potentialAction\":[{\"@type\":\"ReadAction\",\"target\":[\"https:\/\/www.natelli-shop.com\/de\/produkt\/krypton-xps-400-weiss-grau-nagelbohrer-fuer-65-watt-und-40-000-u-min-fuer-manikuere-und-pedikuere\/\"]}]},{\"@type\":\"ImageObject\",\"inLanguage\":\"de\",\"@id\":\"https:\/\/www.natelli-shop.com\/de\/produkt\/krypton-xps-400-weiss-grau-nagelbohrer-fuer-65-watt-und-40-000-u-min-fuer-manikuere-und-pedikuere\/#primaryimage\",\"url\":\"https:\/\/www.natelli-shop.com\/wp-content\/uploads\/2026\/05\/334604935.jpg\",\"contentUrl\":\"https:\/\/www.natelli-shop.com\/wp-content\/uploads\/2026\/05\/334604935.jpg\",\"width\":700,\"height\":700},{\"@type\":\"BreadcrumbList\",\"@id\":\"https:\/\/www.natelli-shop.com\/de\/produkt\/krypton-xps-400-weiss-grau-nagelbohrer-fuer-65-watt-und-40-000-u-min-fuer-manikuere-und-pedikuere\/#breadcrumb\",\"itemListElement\":[{\"@type\":\"ListItem\",\"position\":1,\"name\":\"Home\",\"item\":\"https:\/\/www.natelli-shop.com\/de\/startseite\/\"},{\"@type\":\"ListItem\",\"position\":2,\"name\":\"Shop\",\"item\":\"https:\/\/www.natelli-shop.com\/de\/shop\/\"},{\"@type\":\"ListItem\",\"position\":3,\"name\":\"KRYPTON XPS-400 WEISS\/GRAU Nagelbohrer f\u00fcr 65 Watt. und 40.000 U\/min. f\u00fcr Manik\u00fcre und Pedik\u00fcre\"}]},{\"@type\":\"WebSite\",\"@id\":\"https:\/\/www.natelli-shop.com\/de\/#website\",\"url\":\"https:\/\/www.natelli-shop.com\/de\/\",\"name\":\"Natelli - Nail Shop\",\"description\":\"\",\"publisher\":{\"@id\":\"https:\/\/www.natelli-shop.com\/de\/#organization\"},\"potentialAction\":[{\"@type\":\"SearchAction\",\"target\":{\"@type\":\"EntryPoint\",\"urlTemplate\":\"https:\/\/www.natelli-shop.com\/de\/?s={search_term_string}\"},\"query-input\":\"required name=search_term_string\"}],\"inLanguage\":\"de\"},{\"@type\":\"Organization\",\"@id\":\"https:\/\/www.natelli-shop.com\/de\/#organization\",\"name\":\"Natelli - Nail Shop\",\"url\":\"https:\/\/www.natelli-shop.com\/de\/\",\"logo\":{\"@type\":\"ImageObject\",\"inLanguage\":\"de\",\"@id\":\"https:\/\/www.natelli-shop.com\/de\/#\/schema\/logo\/image\/\",\"url\":\"https:\/\/www.natelli-shop.com\/wp-content\/uploads\/2024\/08\/\u0438\u0437\u043e\u0431\u0440\u0430\u0436\u0435\u043d\u0438\u0435_viber_2024-07-31_10-59-46-791.jpg\",\"contentUrl\":\"https:\/\/www.natelli-shop.com\/wp-content\/uploads\/2024\/08\/\u0438\u0437\u043e\u0431\u0440\u0430\u0436\u0435\u043d\u0438\u0435_viber_2024-07-31_10-59-46-791.jpg\",\"width\":1181,\"height\":1186,\"caption\":\"Natelli - Nail Shop\"},\"image\":{\"@id\":\"https:\/\/www.natelli-shop.com\/de\/#\/schema\/logo\/image\/\"}}]}<\/script>\n<!-- \/ Yoast SEO plugin. -->","yoast_head_json":{"title":"KRYPTON XPS-400 WEISS\/GRAU Nagelbohrer f\u00fcr 65 Watt. und 40.000 U\/min. f\u00fcr Manik\u00fcre und Pedik\u00fcre - Natelli - Nail Shop","robots":{"index":"index","follow":"follow","max-snippet":"max-snippet:-1","max-image-preview":"max-image-preview:large","max-video-preview":"max-video-preview:-1"},"canonical":"https:\/\/www.natelli-shop.com\/de\/produkt\/krypton-xps-400-weiss-grau-nagelbohrer-fuer-65-watt-und-40-000-u-min-fuer-manikuere-und-pedikuere\/","og_locale":"de_DE","og_type":"article","og_title":"KRYPTON XPS-400 WEISS\/GRAU Nagelbohrer f\u00fcr 65 Watt. und 40.000 U\/min. f\u00fcr Manik\u00fcre und Pedik\u00fcre - Natelli - Nail Shop","og_description":"Wenn Sie auf der Suche nach einem zuverl\u00e4ssigen, leistungsstarken und benutzerfreundlichen Ger\u00e4t f\u00fcr die Manik\u00fcre und Pedik\u00fcre sind, empfehlen wir","og_url":"https:\/\/www.natelli-shop.com\/de\/produkt\/krypton-xps-400-weiss-grau-nagelbohrer-fuer-65-watt-und-40-000-u-min-fuer-manikuere-und-pedikuere\/","og_site_name":"Natelli - Nail Shop","article_modified_time":"2026-05-04T20:02:21+00:00","og_image":[{"width":700,"height":700,"url":"https:\/\/www.natelli-shop.com\/wp-content\/uploads\/2026\/05\/334604935.jpg","type":"image\/jpeg"}],"twitter_card":"summary_large_image","twitter_misc":{"Gesch\u00e4tzte Lesezeit":"2\u00a0Minuten"},"schema":{"@context":"https:\/\/schema.org","@graph":[{"@type":"WebPage","@id":"https:\/\/www.natelli-shop.com\/de\/produkt\/krypton-xps-400-weiss-grau-nagelbohrer-fuer-65-watt-und-40-000-u-min-fuer-manikuere-und-pedikuere\/","url":"https:\/\/www.natelli-shop.com\/de\/produkt\/krypton-xps-400-weiss-grau-nagelbohrer-fuer-65-watt-und-40-000-u-min-fuer-manikuere-und-pedikuere\/","name":"KRYPTON XPS-400 WEISS\/GRAU Nagelbohrer f\u00fcr 65 Watt. und 40.000 U\/min. f\u00fcr Manik\u00fcre und Pedik\u00fcre - Natelli - Nail Shop","isPartOf":{"@id":"https:\/\/www.natelli-shop.com\/de\/#website"},"primaryImageOfPage":{"@id":"https:\/\/www.natelli-shop.com\/de\/produkt\/krypton-xps-400-weiss-grau-nagelbohrer-fuer-65-watt-und-40-000-u-min-fuer-manikuere-und-pedikuere\/#primaryimage"},"image":{"@id":"https:\/\/www.natelli-shop.com\/de\/produkt\/krypton-xps-400-weiss-grau-nagelbohrer-fuer-65-watt-und-40-000-u-min-fuer-manikuere-und-pedikuere\/#primaryimage"},"thumbnailUrl":"https:\/\/www.natelli-shop.com\/wp-content\/uploads\/2026\/05\/334604935.jpg","datePublished":"2026-05-04T10:41:59+00:00","dateModified":"2026-05-04T20:02:21+00:00","breadcrumb":{"@id":"https:\/\/www.natelli-shop.com\/de\/produkt\/krypton-xps-400-weiss-grau-nagelbohrer-fuer-65-watt-und-40-000-u-min-fuer-manikuere-und-pedikuere\/#breadcrumb"},"inLanguage":"de","potentialAction":[{"@type":"ReadAction","target":["https:\/\/www.natelli-shop.com\/de\/produkt\/krypton-xps-400-weiss-grau-nagelbohrer-fuer-65-watt-und-40-000-u-min-fuer-manikuere-und-pedikuere\/"]}]},{"@type":"ImageObject","inLanguage":"de","@id":"https:\/\/www.natelli-shop.com\/de\/produkt\/krypton-xps-400-weiss-grau-nagelbohrer-fuer-65-watt-und-40-000-u-min-fuer-manikuere-und-pedikuere\/#primaryimage","url":"https:\/\/www.natelli-shop.com\/wp-content\/uploads\/2026\/05\/334604935.jpg","contentUrl":"https:\/\/www.natelli-shop.com\/wp-content\/uploads\/2026\/05\/334604935.jpg","width":700,"height":700},{"@type":"BreadcrumbList","@id":"https:\/\/www.natelli-shop.com\/de\/produkt\/krypton-xps-400-weiss-grau-nagelbohrer-fuer-65-watt-und-40-000-u-min-fuer-manikuere-und-pedikuere\/#breadcrumb","itemListElement":[{"@type":"ListItem","position":1,"name":"Home","item":"https:\/\/www.natelli-shop.com\/de\/startseite\/"},{"@type":"ListItem","position":2,"name":"Shop","item":"https:\/\/www.natelli-shop.com\/de\/shop\/"},{"@type":"ListItem","position":3,"name":"KRYPTON XPS-400 WEISS\/GRAU Nagelbohrer f\u00fcr 65 Watt. und 40.000 U\/min. f\u00fcr Manik\u00fcre und Pedik\u00fcre"}]},{"@type":"WebSite","@id":"https:\/\/www.natelli-shop.com\/de\/#website","url":"https:\/\/www.natelli-shop.com\/de\/","name":"Natelli - Nail Shop","description":"","publisher":{"@id":"https:\/\/www.natelli-shop.com\/de\/#organization"},"potentialAction":[{"@type":"SearchAction","target":{"@type":"EntryPoint","urlTemplate":"https:\/\/www.natelli-shop.com\/de\/?s={search_term_string}"},"query-input":"required name=search_term_string"}],"inLanguage":"de"},{"@type":"Organization","@id":"https:\/\/www.natelli-shop.com\/de\/#organization","name":"Natelli - Nail Shop","url":"https:\/\/www.natelli-shop.com\/de\/","logo":{"@type":"ImageObject","inLanguage":"de","@id":"https:\/\/www.natelli-shop.com\/de\/#\/schema\/logo\/image\/","url":"https:\/\/www.natelli-shop.com\/wp-content\/uploads\/2024\/08\/\u0438\u0437\u043e\u0431\u0440\u0430\u0436\u0435\u043d\u0438\u0435_viber_2024-07-31_10-59-46-791.jpg","contentUrl":"https:\/\/www.natelli-shop.com\/wp-content\/uploads\/2024\/08\/\u0438\u0437\u043e\u0431\u0440\u0430\u0436\u0435\u043d\u0438\u0435_viber_2024-07-31_10-59-46-791.jpg","width":1181,"height":1186,"caption":"Natelli - Nail Shop"},"image":{"@id":"https:\/\/www.natelli-shop.com\/de\/#\/schema\/logo\/image\/"}}]}},"jetpack_sharing_enabled":true,"_links":{"self":[{"href":"https:\/\/www.natelli-shop.com\/de\/wp-json\/wp\/v2\/product\/40906","targetHints":{"allow":["GET"]}}],"collection":[{"href":"https:\/\/www.natelli-shop.com\/de\/wp-json\/wp\/v2\/product"}],"about":[{"href":"https:\/\/www.natelli-shop.com\/de\/wp-json\/wp\/v2\/types\/product"}],"replies":[{"embeddable":true,"href":"https:\/\/www.natelli-shop.com\/de\/wp-json\/wp\/v2\/comments?post=40906"}],"version-history":[{"count":1,"href":"https:\/\/www.natelli-shop.com\/de\/wp-json\/wp\/v2\/product\/40906\/revisions"}],"predecessor-version":[{"id":40924,"href":"https:\/\/www.natelli-shop.com\/de\/wp-json\/wp\/v2\/product\/40906\/revisions\/40924"}],"wp:featuredmedia":[{"embeddable":true,"href":"https:\/\/www.natelli-shop.com\/de\/wp-json\/wp\/v2\/media\/40904"}],"wp:attachment":[{"href":"https:\/\/www.natelli-shop.com\/de\/wp-json\/wp\/v2\/media?parent=40906"}],"wp:term":[{"taxonomy":"product_brand","embeddable":true,"href":"https:\/\/www.natelli-shop.com\/de\/wp-json\/wp\/v2\/product_brand?post=40906"},{"taxonomy":"product_cat","embeddable":true,"href":"https:\/\/www.natelli-shop.com\/de\/wp-json\/wp\/v2\/product_cat?post=40906"},{"taxonomy":"product_tag","embeddable":true,"href":"https:\/\/www.natelli-shop.com\/de\/wp-json\/wp\/v2\/product_tag?post=40906"}],"curies":[{"name":"wp","href":"https:\/\/api.w.org\/{rel}","templated":true}]}}