{"id":40889,"date":"2026-05-04T12:13:46","date_gmt":"2026-05-04T10:13:46","guid":{"rendered":"https:\/\/www.natelli-shop.com\/product\/uv-led-lampe-sun-2%d1%81-original-48-w\/"},"modified":"2026-05-04T12:14:39","modified_gmt":"2026-05-04T10:14:39","slug":"uv-led-lampe-sun-2%d1%81-original-48-w","status":"publish","type":"product","link":"https:\/\/www.natelli-shop.com\/de\/produkt\/uv-led-lampe-sun-2%d1%81-original-48-w\/","title":{"rendered":"UV\/LED-Lampe SUN 2\u0421 Original 48 W"},"content":{"rendered":"<p>Die professionelle Sun 2C UV\/LED-Lampe (Original) ist ein fantastisches Ger\u00e4t, das speziell f\u00fcr die Polymerisation von Gel-Lack, Nagelverl\u00e4ngerungen oder Bio-Gels entwickelt wurde. Mit einer Leistung von 48W ist diese Manik\u00fcre-Lampe einfach zu bedienen und ein unentbehrliches Hilfsmittel f\u00fcr jeden Manik\u00fcristen. 33 auf der Oberfl\u00e4che positionierte LEDs sorgen f\u00fcr eine schnelle Polymerisation des Materials. Die SUNUV LED-Lampe besticht durch ihr elegantes Design und ihre kompakte Gr\u00f6\u00dfe. Der Nageltrockner kann auch f\u00fcr die Pedik\u00fcre verwendet werden, da die Basis abnehmbar ist. Die Sunuv 2C LED-Lampe verf\u00fcgt \u00fcber automatische Trocknungsmodi von 10, 30, 60 und 99 Sekunden. Ein weiterer Vorteil dieser Lampe ist die M\u00f6glichkeit, f\u00fcnf Finger einer Hand gleichzeitig zu trocknen, was den Vorgang erheblich beschleunigt. Um das Ger\u00e4t ein- oder auszuschalten, legen Sie einfach Ihre H\u00e4nde hinein oder nehmen sie heraus, dank des integrierten Bewegungssensors. Das Set enth\u00e4lt zwei zus\u00e4tzliche Pads: ein wei\u00dfes und ein graues.        <\/p>\n<h3>Merkmale der UV\/LED-Lampe Sun 2\u0421, 48 W (Original):<\/h3>\n<ul>\n<li>ergonomischer Stil;<\/li>\n<li>Verf\u00fcgbarkeit aktiver Modi: 99, 60, 30 und 10 Sekunden<\/li>\n<li>hochwertige LED-Anzeige;<\/li>\n<li>Handbewegungssensor;<\/li>\n<li>eine Lebensdauer von mehr als 50.000 Stunden.<\/li>\n<\/ul>\n","protected":false},"excerpt":{"rendered":"<p>Die professionelle Sun 2C UV\/LED-Lampe (Original) ist ein fantastisches Ger\u00e4t, das speziell f\u00fcr die Polymerisation von Gel-Lack, Nagelverl\u00e4ngerungen oder Bio-Gels<\/p>\n","protected":false},"featured_media":40871,"comment_status":"open","ping_status":"closed","template":"","meta":[],"product_brand":[],"product_cat":[635],"product_tag":[],"class_list":{"0":"post-40889","1":"product","2":"type-product","3":"status-publish","4":"has-post-thumbnail","6":"product_cat-ausrustung","8":"first","9":"instock","10":"taxable","11":"shipping-taxable","12":"purchasable","13":"product-type-simple"},"yoast_head":"<!-- This site is optimized with the Yoast SEO plugin v23.1 - https:\/\/yoast.com\/wordpress\/plugins\/seo\/ -->\n<title>UV\/LED-Lampe SUN 2\u0421 Original 48 W - Natelli - Nail Shop<\/title>\n<meta name=\"robots\" content=\"index, follow, max-snippet:-1, max-image-preview:large, max-video-preview:-1\" \/>\n<link rel=\"canonical\" href=\"https:\/\/www.natelli-shop.com\/de\/produkt\/uv-led-lampe-sun-2%d1%81-original-48-w\/\" \/>\n<meta property=\"og:locale\" content=\"de_DE\" \/>\n<meta property=\"og:type\" content=\"article\" \/>\n<meta property=\"og:title\" content=\"UV\/LED-Lampe SUN 2\u0421 Original 48 W - Natelli - Nail Shop\" \/>\n<meta property=\"og:description\" content=\"Die professionelle Sun 2C UV\/LED-Lampe (Original) ist ein fantastisches Ger\u00e4t, das speziell f\u00fcr die Polymerisation von Gel-Lack, Nagelverl\u00e4ngerungen oder Bio-Gels\" \/>\n<meta property=\"og:url\" content=\"https:\/\/www.natelli-shop.com\/de\/produkt\/uv-led-lampe-sun-2%d1%81-original-48-w\/\" \/>\n<meta property=\"og:site_name\" content=\"Natelli - Nail Shop\" \/>\n<meta property=\"article:modified_time\" content=\"2026-05-04T10:14:39+00:00\" \/>\n<meta property=\"og:image\" content=\"https:\/\/www.natelli-shop.com\/wp-content\/uploads\/2026\/05\/D0_9B_D0_B0_D0_BC_D0_BF_D0_B0-SUNUV-SUN-2C-48W-_D0_91_D0_B5_D0_BB_D0_B0_D1_8F-4.jpg.webp\" \/>\n\t<meta property=\"og:image:width\" content=\"700\" \/>\n\t<meta property=\"og:image:height\" content=\"700\" \/>\n\t<meta property=\"og:image:type\" content=\"image\/webp\" \/>\n<meta name=\"twitter:card\" content=\"summary_large_image\" \/>\n<meta name=\"twitter:label1\" content=\"Gesch\u00e4tzte Lesezeit\" \/>\n\t<meta name=\"twitter:data1\" content=\"1\u00a0Minute\" \/>\n<script type=\"application\/ld+json\" class=\"yoast-schema-graph\">{\"@context\":\"https:\/\/schema.org\",\"@graph\":[{\"@type\":\"WebPage\",\"@id\":\"https:\/\/www.natelli-shop.com\/de\/produkt\/uv-led-lampe-sun-2%d1%81-original-48-w\/\",\"url\":\"https:\/\/www.natelli-shop.com\/de\/produkt\/uv-led-lampe-sun-2%d1%81-original-48-w\/\",\"name\":\"UV\/LED-Lampe SUN 2\u0421 Original 48 W - Natelli - Nail Shop\",\"isPartOf\":{\"@id\":\"https:\/\/www.natelli-shop.com\/de\/#website\"},\"primaryImageOfPage\":{\"@id\":\"https:\/\/www.natelli-shop.com\/de\/produkt\/uv-led-lampe-sun-2%d1%81-original-48-w\/#primaryimage\"},\"image\":{\"@id\":\"https:\/\/www.natelli-shop.com\/de\/produkt\/uv-led-lampe-sun-2%d1%81-original-48-w\/#primaryimage\"},\"thumbnailUrl\":\"https:\/\/www.natelli-shop.com\/wp-content\/uploads\/2026\/05\/D0_9B_D0_B0_D0_BC_D0_BF_D0_B0-SUNUV-SUN-2C-48W-_D0_91_D0_B5_D0_BB_D0_B0_D1_8F-4.jpg.webp\",\"datePublished\":\"2026-05-04T10:13:46+00:00\",\"dateModified\":\"2026-05-04T10:14:39+00:00\",\"breadcrumb\":{\"@id\":\"https:\/\/www.natelli-shop.com\/de\/produkt\/uv-led-lampe-sun-2%d1%81-original-48-w\/#breadcrumb\"},\"inLanguage\":\"de\",\"potentialAction\":[{\"@type\":\"ReadAction\",\"target\":[\"https:\/\/www.natelli-shop.com\/de\/produkt\/uv-led-lampe-sun-2%d1%81-original-48-w\/\"]}]},{\"@type\":\"ImageObject\",\"inLanguage\":\"de\",\"@id\":\"https:\/\/www.natelli-shop.com\/de\/produkt\/uv-led-lampe-sun-2%d1%81-original-48-w\/#primaryimage\",\"url\":\"https:\/\/www.natelli-shop.com\/wp-content\/uploads\/2026\/05\/D0_9B_D0_B0_D0_BC_D0_BF_D0_B0-SUNUV-SUN-2C-48W-_D0_91_D0_B5_D0_BB_D0_B0_D1_8F-4.jpg.webp\",\"contentUrl\":\"https:\/\/www.natelli-shop.com\/wp-content\/uploads\/2026\/05\/D0_9B_D0_B0_D0_BC_D0_BF_D0_B0-SUNUV-SUN-2C-48W-_D0_91_D0_B5_D0_BB_D0_B0_D1_8F-4.jpg.webp\",\"width\":700,\"height\":700},{\"@type\":\"BreadcrumbList\",\"@id\":\"https:\/\/www.natelli-shop.com\/de\/produkt\/uv-led-lampe-sun-2%d1%81-original-48-w\/#breadcrumb\",\"itemListElement\":[{\"@type\":\"ListItem\",\"position\":1,\"name\":\"Home\",\"item\":\"https:\/\/www.natelli-shop.com\/de\/startseite\/\"},{\"@type\":\"ListItem\",\"position\":2,\"name\":\"Shop\",\"item\":\"https:\/\/www.natelli-shop.com\/de\/shop\/\"},{\"@type\":\"ListItem\",\"position\":3,\"name\":\"UV\/LED-Lampe SUN 2\u0421 Original 48 W\"}]},{\"@type\":\"WebSite\",\"@id\":\"https:\/\/www.natelli-shop.com\/de\/#website\",\"url\":\"https:\/\/www.natelli-shop.com\/de\/\",\"name\":\"Natelli - Nail Shop\",\"description\":\"\",\"publisher\":{\"@id\":\"https:\/\/www.natelli-shop.com\/de\/#organization\"},\"potentialAction\":[{\"@type\":\"SearchAction\",\"target\":{\"@type\":\"EntryPoint\",\"urlTemplate\":\"https:\/\/www.natelli-shop.com\/de\/?s={search_term_string}\"},\"query-input\":\"required name=search_term_string\"}],\"inLanguage\":\"de\"},{\"@type\":\"Organization\",\"@id\":\"https:\/\/www.natelli-shop.com\/de\/#organization\",\"name\":\"Natelli - Nail Shop\",\"url\":\"https:\/\/www.natelli-shop.com\/de\/\",\"logo\":{\"@type\":\"ImageObject\",\"inLanguage\":\"de\",\"@id\":\"https:\/\/www.natelli-shop.com\/de\/#\/schema\/logo\/image\/\",\"url\":\"https:\/\/www.natelli-shop.com\/wp-content\/uploads\/2024\/08\/\u0438\u0437\u043e\u0431\u0440\u0430\u0436\u0435\u043d\u0438\u0435_viber_2024-07-31_10-59-46-791.jpg\",\"contentUrl\":\"https:\/\/www.natelli-shop.com\/wp-content\/uploads\/2024\/08\/\u0438\u0437\u043e\u0431\u0440\u0430\u0436\u0435\u043d\u0438\u0435_viber_2024-07-31_10-59-46-791.jpg\",\"width\":1181,\"height\":1186,\"caption\":\"Natelli - Nail Shop\"},\"image\":{\"@id\":\"https:\/\/www.natelli-shop.com\/de\/#\/schema\/logo\/image\/\"}}]}<\/script>\n<!-- \/ Yoast SEO plugin. -->","yoast_head_json":{"title":"UV\/LED-Lampe SUN 2\u0421 Original 48 W - Natelli - Nail Shop","robots":{"index":"index","follow":"follow","max-snippet":"max-snippet:-1","max-image-preview":"max-image-preview:large","max-video-preview":"max-video-preview:-1"},"canonical":"https:\/\/www.natelli-shop.com\/de\/produkt\/uv-led-lampe-sun-2%d1%81-original-48-w\/","og_locale":"de_DE","og_type":"article","og_title":"UV\/LED-Lampe SUN 2\u0421 Original 48 W - Natelli - Nail Shop","og_description":"Die professionelle Sun 2C UV\/LED-Lampe (Original) ist ein fantastisches Ger\u00e4t, das speziell f\u00fcr die Polymerisation von Gel-Lack, Nagelverl\u00e4ngerungen oder Bio-Gels","og_url":"https:\/\/www.natelli-shop.com\/de\/produkt\/uv-led-lampe-sun-2%d1%81-original-48-w\/","og_site_name":"Natelli - Nail Shop","article_modified_time":"2026-05-04T10:14:39+00:00","og_image":[{"width":700,"height":700,"url":"https:\/\/www.natelli-shop.com\/wp-content\/uploads\/2026\/05\/D0_9B_D0_B0_D0_BC_D0_BF_D0_B0-SUNUV-SUN-2C-48W-_D0_91_D0_B5_D0_BB_D0_B0_D1_8F-4.jpg.webp","type":"image\/webp"}],"twitter_card":"summary_large_image","twitter_misc":{"Gesch\u00e4tzte Lesezeit":"1\u00a0Minute"},"schema":{"@context":"https:\/\/schema.org","@graph":[{"@type":"WebPage","@id":"https:\/\/www.natelli-shop.com\/de\/produkt\/uv-led-lampe-sun-2%d1%81-original-48-w\/","url":"https:\/\/www.natelli-shop.com\/de\/produkt\/uv-led-lampe-sun-2%d1%81-original-48-w\/","name":"UV\/LED-Lampe SUN 2\u0421 Original 48 W - Natelli - Nail Shop","isPartOf":{"@id":"https:\/\/www.natelli-shop.com\/de\/#website"},"primaryImageOfPage":{"@id":"https:\/\/www.natelli-shop.com\/de\/produkt\/uv-led-lampe-sun-2%d1%81-original-48-w\/#primaryimage"},"image":{"@id":"https:\/\/www.natelli-shop.com\/de\/produkt\/uv-led-lampe-sun-2%d1%81-original-48-w\/#primaryimage"},"thumbnailUrl":"https:\/\/www.natelli-shop.com\/wp-content\/uploads\/2026\/05\/D0_9B_D0_B0_D0_BC_D0_BF_D0_B0-SUNUV-SUN-2C-48W-_D0_91_D0_B5_D0_BB_D0_B0_D1_8F-4.jpg.webp","datePublished":"2026-05-04T10:13:46+00:00","dateModified":"2026-05-04T10:14:39+00:00","breadcrumb":{"@id":"https:\/\/www.natelli-shop.com\/de\/produkt\/uv-led-lampe-sun-2%d1%81-original-48-w\/#breadcrumb"},"inLanguage":"de","potentialAction":[{"@type":"ReadAction","target":["https:\/\/www.natelli-shop.com\/de\/produkt\/uv-led-lampe-sun-2%d1%81-original-48-w\/"]}]},{"@type":"ImageObject","inLanguage":"de","@id":"https:\/\/www.natelli-shop.com\/de\/produkt\/uv-led-lampe-sun-2%d1%81-original-48-w\/#primaryimage","url":"https:\/\/www.natelli-shop.com\/wp-content\/uploads\/2026\/05\/D0_9B_D0_B0_D0_BC_D0_BF_D0_B0-SUNUV-SUN-2C-48W-_D0_91_D0_B5_D0_BB_D0_B0_D1_8F-4.jpg.webp","contentUrl":"https:\/\/www.natelli-shop.com\/wp-content\/uploads\/2026\/05\/D0_9B_D0_B0_D0_BC_D0_BF_D0_B0-SUNUV-SUN-2C-48W-_D0_91_D0_B5_D0_BB_D0_B0_D1_8F-4.jpg.webp","width":700,"height":700},{"@type":"BreadcrumbList","@id":"https:\/\/www.natelli-shop.com\/de\/produkt\/uv-led-lampe-sun-2%d1%81-original-48-w\/#breadcrumb","itemListElement":[{"@type":"ListItem","position":1,"name":"Home","item":"https:\/\/www.natelli-shop.com\/de\/startseite\/"},{"@type":"ListItem","position":2,"name":"Shop","item":"https:\/\/www.natelli-shop.com\/de\/shop\/"},{"@type":"ListItem","position":3,"name":"UV\/LED-Lampe SUN 2\u0421 Original 48 W"}]},{"@type":"WebSite","@id":"https:\/\/www.natelli-shop.com\/de\/#website","url":"https:\/\/www.natelli-shop.com\/de\/","name":"Natelli - Nail Shop","description":"","publisher":{"@id":"https:\/\/www.natelli-shop.com\/de\/#organization"},"potentialAction":[{"@type":"SearchAction","target":{"@type":"EntryPoint","urlTemplate":"https:\/\/www.natelli-shop.com\/de\/?s={search_term_string}"},"query-input":"required name=search_term_string"}],"inLanguage":"de"},{"@type":"Organization","@id":"https:\/\/www.natelli-shop.com\/de\/#organization","name":"Natelli - Nail Shop","url":"https:\/\/www.natelli-shop.com\/de\/","logo":{"@type":"ImageObject","inLanguage":"de","@id":"https:\/\/www.natelli-shop.com\/de\/#\/schema\/logo\/image\/","url":"https:\/\/www.natelli-shop.com\/wp-content\/uploads\/2024\/08\/\u0438\u0437\u043e\u0431\u0440\u0430\u0436\u0435\u043d\u0438\u0435_viber_2024-07-31_10-59-46-791.jpg","contentUrl":"https:\/\/www.natelli-shop.com\/wp-content\/uploads\/2024\/08\/\u0438\u0437\u043e\u0431\u0440\u0430\u0436\u0435\u043d\u0438\u0435_viber_2024-07-31_10-59-46-791.jpg","width":1181,"height":1186,"caption":"Natelli - Nail Shop"},"image":{"@id":"https:\/\/www.natelli-shop.com\/de\/#\/schema\/logo\/image\/"}}]}},"jetpack_sharing_enabled":true,"_links":{"self":[{"href":"https:\/\/www.natelli-shop.com\/de\/wp-json\/wp\/v2\/product\/40889","targetHints":{"allow":["GET"]}}],"collection":[{"href":"https:\/\/www.natelli-shop.com\/de\/wp-json\/wp\/v2\/product"}],"about":[{"href":"https:\/\/www.natelli-shop.com\/de\/wp-json\/wp\/v2\/types\/product"}],"replies":[{"embeddable":true,"href":"https:\/\/www.natelli-shop.com\/de\/wp-json\/wp\/v2\/comments?post=40889"}],"version-history":[{"count":1,"href":"https:\/\/www.natelli-shop.com\/de\/wp-json\/wp\/v2\/product\/40889\/revisions"}],"predecessor-version":[{"id":40891,"href":"https:\/\/www.natelli-shop.com\/de\/wp-json\/wp\/v2\/product\/40889\/revisions\/40891"}],"wp:featuredmedia":[{"embeddable":true,"href":"https:\/\/www.natelli-shop.com\/de\/wp-json\/wp\/v2\/media\/40871"}],"wp:attachment":[{"href":"https:\/\/www.natelli-shop.com\/de\/wp-json\/wp\/v2\/media?parent=40889"}],"wp:term":[{"taxonomy":"product_brand","embeddable":true,"href":"https:\/\/www.natelli-shop.com\/de\/wp-json\/wp\/v2\/product_brand?post=40889"},{"taxonomy":"product_cat","embeddable":true,"href":"https:\/\/www.natelli-shop.com\/de\/wp-json\/wp\/v2\/product_cat?post=40889"},{"taxonomy":"product_tag","embeddable":true,"href":"https:\/\/www.natelli-shop.com\/de\/wp-json\/wp\/v2\/product_tag?post=40889"}],"curies":[{"name":"wp","href":"https:\/\/api.w.org\/{rel}","templated":true}]}}