{"id":37647,"date":"2026-03-20T14:11:08","date_gmt":"2026-03-20T13:11:08","guid":{"rendered":"https:\/\/www.natelli-shop.com\/?post_type=product&#038;p=37647"},"modified":"2026-03-26T15:18:46","modified_gmt":"2026-03-26T14:18:46","slug":"dark-pro-base-36-15-ml-copy","status":"publish","type":"product","link":"https:\/\/www.natelli-shop.com\/de\/produkt\/dark-pro-base-36-15-ml-copy\/","title":{"rendered":"DARK Pro Base 35, 15 ml"},"content":{"rendered":"<p><strong>DARK PRO BASE<\/strong> ist ein Camouflage-Basislack mit niedriger S\u00e4ure und mittlerer Konsistenz, der zum Abdecken der N\u00e4gel in einer d\u00fcnnen oder mittleren Schicht bestimmt ist.<\/p>\n<p>BESCHREIBUNG:<\/p>\n<ul>\n<li>s\u00e4urearme (pH 6,5) Camouflage-Basislacke;<\/li>\n<li>Pigmentierungsgrad von 2 bis 3,5 (auf einer 4-Punkte-Skala), gut trocknen;<\/li>\n<li>delaminiert nicht mit der Zeit;<\/li>\n<li>kein starkes Brennen in der Lampe verursacht;<\/li>\n<li>hat eine eher fl\u00fcssige Konsistenz, mit der Sie d\u00fcnn und schnell spachteln k\u00f6nnen;<\/li>\n<li>nicht hart, eher wie Plastik.<\/li>\n<\/ul>\n<p>WIE SIE SICH BEWERBEN:<\/p>\n<ol>\n<li>Manik\u00fcren Sie die N\u00e4gel, polieren Sie sie, entfetten Sie den Nagel, tragen Sie Ultrabond und Dehydrator auf;<\/li>\n<li>Stellen Sie vor dem Auftragen von PRO BASE einen d\u00fcnnen Untergrund aus transparenter SCOTCH BASE (oder einer anderen mittelfesten Grundierung) her, um eine bessere Haftung zu erzielen:<\/li>\n<\/ol>\n<ul>\n<li>Das ist wichtig, denn f\u00fcr die Haftung auf Naturn\u00e4geln ist ein Unterlack mit mittlerer S\u00e4ure erforderlich. Denken Sie daran, dass ein Unterlack mit mittlerer S\u00e4ure nicht zum Ausgleichen verwendet werden kann, sondern nur eine d\u00fcnne Schicht, um chemische Verbrennungen zu vermeiden;<\/li>\n<li>Wir empfehlen auch, nicht sofort eine Camouflage-Grundierung aufzutragen, sondern erst eine transparente).<\/li>\n<\/ul>\n<ol>\n<li>Tragen Sie eine d\u00fcnne oder ausgleichende Schicht DARK PRO BASE auf. Die Schichtdicke sollte 0,7 mm nicht \u00fcberschreiten. Die Polymerisationszeit betr\u00e4gt 60-90 Sekunden bei 48 W;  <\/li>\n<\/ol>\n<ul>\n<li>es ist wichtig, dass Sie bei allen DARK-Materialien Originallampen verwenden.<\/li>\n<\/ul>\n<ol>\n<li>Tragen Sie den Decklack auf und lassen Sie ihn 90 Sekunden lang trocknen.<\/li>\n<\/ol>\n<p>WERK DETAILS:<\/p>\n<ul>\n<li>Wir raten davon ab, Unterlacke f\u00fcr lange, sehr d\u00fcnne N\u00e4gel und f\u00fcr ein Quadrat mit geraden Kanten zu verwenden. F\u00fcr solche N\u00e4gel empfehlen wir die Verwendung von festen Materialien; <\/li>\n<\/ul>\n<p>Wenn die Kundin mit einer L\u00e4nge von N\u00e4geln kommt, die entfernt werden muss, empfehlen wir, dies nach dem Decklack (1 mm) zu tun. Dadurch wird das Ende etwas dicker und die Tragbarkeit des Materials wird verbessert. Es ist in 2 Mengen erh\u00e4ltlich: 15 ml mit einem Pinsel\/30 ml ohne Pinsel.  Es verf\u00fcgt \u00fcber europ\u00e4ische und ukrainische Qualit\u00e4tszertifikate, das Produkt ist im CPNP-System registriert, alle DARK-Produkte werden NICHT an Tieren getestet.<\/p>\n","protected":false},"excerpt":{"rendered":"<p>DARK PRO BASE ist ein Camouflage-Basislack mit niedriger S\u00e4ure und mittlerer Konsistenz, der zum Abdecken der N\u00e4gel in einer d\u00fcnnen<\/p>\n","protected":false},"featured_media":37650,"comment_status":"open","ping_status":"closed","template":"","meta":[],"product_brand":[],"product_cat":[230],"product_tag":[],"class_list":{"0":"post-37647","1":"product","2":"type-product","3":"status-publish","4":"has-post-thumbnail","6":"product_cat-cover-color-base-de","8":"first","9":"instock","10":"shipping-taxable","11":"purchasable","12":"product-type-simple"},"yoast_head":"<!-- This site is optimized with the Yoast SEO plugin v23.1 - https:\/\/yoast.com\/wordpress\/plugins\/seo\/ -->\n<title>DARK Pro Base 35, 15 ml - Natelli - Nail Shop<\/title>\n<meta name=\"robots\" content=\"index, follow, max-snippet:-1, max-image-preview:large, max-video-preview:-1\" \/>\n<link rel=\"canonical\" href=\"https:\/\/www.natelli-shop.com\/de\/produkt\/dark-pro-base-36-15-ml-copy\/\" \/>\n<meta property=\"og:locale\" content=\"de_DE\" \/>\n<meta property=\"og:type\" content=\"article\" \/>\n<meta property=\"og:title\" content=\"DARK Pro Base 35, 15 ml - Natelli - Nail Shop\" \/>\n<meta property=\"og:description\" content=\"DARK PRO BASE ist ein Camouflage-Basislack mit niedriger S\u00e4ure und mittlerer Konsistenz, der zum Abdecken der N\u00e4gel in einer d\u00fcnnen\" \/>\n<meta property=\"og:url\" content=\"https:\/\/www.natelli-shop.com\/de\/produkt\/dark-pro-base-36-15-ml-copy\/\" \/>\n<meta property=\"og:site_name\" content=\"Natelli - Nail Shop\" \/>\n<meta property=\"article:modified_time\" content=\"2026-03-26T14:18:46+00:00\" \/>\n<meta property=\"og:image\" content=\"https:\/\/www.natelli-shop.com\/wp-content\/uploads\/2026\/03\/dark-pro-base-35-15-ml-112043-5.jpg-2.webp\" \/>\n\t<meta property=\"og:image:width\" content=\"900\" \/>\n\t<meta property=\"og:image:height\" content=\"901\" \/>\n\t<meta property=\"og:image:type\" content=\"image\/webp\" \/>\n<meta name=\"twitter:card\" content=\"summary_large_image\" \/>\n<meta name=\"twitter:label1\" content=\"Gesch\u00e4tzte Lesezeit\" \/>\n\t<meta name=\"twitter:data1\" content=\"2\u00a0Minuten\" \/>\n<script type=\"application\/ld+json\" class=\"yoast-schema-graph\">{\"@context\":\"https:\/\/schema.org\",\"@graph\":[{\"@type\":\"WebPage\",\"@id\":\"https:\/\/www.natelli-shop.com\/de\/produkt\/dark-pro-base-36-15-ml-copy\/\",\"url\":\"https:\/\/www.natelli-shop.com\/de\/produkt\/dark-pro-base-36-15-ml-copy\/\",\"name\":\"DARK Pro Base 35, 15 ml - Natelli - Nail Shop\",\"isPartOf\":{\"@id\":\"https:\/\/www.natelli-shop.com\/de\/#website\"},\"primaryImageOfPage\":{\"@id\":\"https:\/\/www.natelli-shop.com\/de\/produkt\/dark-pro-base-36-15-ml-copy\/#primaryimage\"},\"image\":{\"@id\":\"https:\/\/www.natelli-shop.com\/de\/produkt\/dark-pro-base-36-15-ml-copy\/#primaryimage\"},\"thumbnailUrl\":\"https:\/\/www.natelli-shop.com\/wp-content\/uploads\/2026\/03\/dark-pro-base-35-15-ml-112043-5.jpg-2.webp\",\"datePublished\":\"2026-03-20T13:11:08+00:00\",\"dateModified\":\"2026-03-26T14:18:46+00:00\",\"breadcrumb\":{\"@id\":\"https:\/\/www.natelli-shop.com\/de\/produkt\/dark-pro-base-36-15-ml-copy\/#breadcrumb\"},\"inLanguage\":\"de\",\"potentialAction\":[{\"@type\":\"ReadAction\",\"target\":[\"https:\/\/www.natelli-shop.com\/de\/produkt\/dark-pro-base-36-15-ml-copy\/\"]}]},{\"@type\":\"ImageObject\",\"inLanguage\":\"de\",\"@id\":\"https:\/\/www.natelli-shop.com\/de\/produkt\/dark-pro-base-36-15-ml-copy\/#primaryimage\",\"url\":\"https:\/\/www.natelli-shop.com\/wp-content\/uploads\/2026\/03\/dark-pro-base-35-15-ml-112043-5.jpg-2.webp\",\"contentUrl\":\"https:\/\/www.natelli-shop.com\/wp-content\/uploads\/2026\/03\/dark-pro-base-35-15-ml-112043-5.jpg-2.webp\",\"width\":900,\"height\":901},{\"@type\":\"BreadcrumbList\",\"@id\":\"https:\/\/www.natelli-shop.com\/de\/produkt\/dark-pro-base-36-15-ml-copy\/#breadcrumb\",\"itemListElement\":[{\"@type\":\"ListItem\",\"position\":1,\"name\":\"Home\",\"item\":\"https:\/\/www.natelli-shop.com\/de\/startseite\/\"},{\"@type\":\"ListItem\",\"position\":2,\"name\":\"Shop\",\"item\":\"https:\/\/www.natelli-shop.com\/de\/shop\/\"},{\"@type\":\"ListItem\",\"position\":3,\"name\":\"DARK Pro Base 35, 15 ml\"}]},{\"@type\":\"WebSite\",\"@id\":\"https:\/\/www.natelli-shop.com\/de\/#website\",\"url\":\"https:\/\/www.natelli-shop.com\/de\/\",\"name\":\"Natelli - Nail Shop\",\"description\":\"\",\"publisher\":{\"@id\":\"https:\/\/www.natelli-shop.com\/de\/#organization\"},\"potentialAction\":[{\"@type\":\"SearchAction\",\"target\":{\"@type\":\"EntryPoint\",\"urlTemplate\":\"https:\/\/www.natelli-shop.com\/de\/?s={search_term_string}\"},\"query-input\":\"required name=search_term_string\"}],\"inLanguage\":\"de\"},{\"@type\":\"Organization\",\"@id\":\"https:\/\/www.natelli-shop.com\/de\/#organization\",\"name\":\"Natelli - Nail Shop\",\"url\":\"https:\/\/www.natelli-shop.com\/de\/\",\"logo\":{\"@type\":\"ImageObject\",\"inLanguage\":\"de\",\"@id\":\"https:\/\/www.natelli-shop.com\/de\/#\/schema\/logo\/image\/\",\"url\":\"https:\/\/www.natelli-shop.com\/wp-content\/uploads\/2024\/08\/\u0438\u0437\u043e\u0431\u0440\u0430\u0436\u0435\u043d\u0438\u0435_viber_2024-07-31_10-59-46-791.jpg\",\"contentUrl\":\"https:\/\/www.natelli-shop.com\/wp-content\/uploads\/2024\/08\/\u0438\u0437\u043e\u0431\u0440\u0430\u0436\u0435\u043d\u0438\u0435_viber_2024-07-31_10-59-46-791.jpg\",\"width\":1181,\"height\":1186,\"caption\":\"Natelli - Nail Shop\"},\"image\":{\"@id\":\"https:\/\/www.natelli-shop.com\/de\/#\/schema\/logo\/image\/\"}}]}<\/script>\n<!-- \/ Yoast SEO plugin. -->","yoast_head_json":{"title":"DARK Pro Base 35, 15 ml - Natelli - Nail Shop","robots":{"index":"index","follow":"follow","max-snippet":"max-snippet:-1","max-image-preview":"max-image-preview:large","max-video-preview":"max-video-preview:-1"},"canonical":"https:\/\/www.natelli-shop.com\/de\/produkt\/dark-pro-base-36-15-ml-copy\/","og_locale":"de_DE","og_type":"article","og_title":"DARK Pro Base 35, 15 ml - Natelli - Nail Shop","og_description":"DARK PRO BASE ist ein Camouflage-Basislack mit niedriger S\u00e4ure und mittlerer Konsistenz, der zum Abdecken der N\u00e4gel in einer d\u00fcnnen","og_url":"https:\/\/www.natelli-shop.com\/de\/produkt\/dark-pro-base-36-15-ml-copy\/","og_site_name":"Natelli - Nail Shop","article_modified_time":"2026-03-26T14:18:46+00:00","og_image":[{"width":900,"height":901,"url":"https:\/\/www.natelli-shop.com\/wp-content\/uploads\/2026\/03\/dark-pro-base-35-15-ml-112043-5.jpg-2.webp","type":"image\/webp"}],"twitter_card":"summary_large_image","twitter_misc":{"Gesch\u00e4tzte Lesezeit":"2\u00a0Minuten"},"schema":{"@context":"https:\/\/schema.org","@graph":[{"@type":"WebPage","@id":"https:\/\/www.natelli-shop.com\/de\/produkt\/dark-pro-base-36-15-ml-copy\/","url":"https:\/\/www.natelli-shop.com\/de\/produkt\/dark-pro-base-36-15-ml-copy\/","name":"DARK Pro Base 35, 15 ml - Natelli - Nail Shop","isPartOf":{"@id":"https:\/\/www.natelli-shop.com\/de\/#website"},"primaryImageOfPage":{"@id":"https:\/\/www.natelli-shop.com\/de\/produkt\/dark-pro-base-36-15-ml-copy\/#primaryimage"},"image":{"@id":"https:\/\/www.natelli-shop.com\/de\/produkt\/dark-pro-base-36-15-ml-copy\/#primaryimage"},"thumbnailUrl":"https:\/\/www.natelli-shop.com\/wp-content\/uploads\/2026\/03\/dark-pro-base-35-15-ml-112043-5.jpg-2.webp","datePublished":"2026-03-20T13:11:08+00:00","dateModified":"2026-03-26T14:18:46+00:00","breadcrumb":{"@id":"https:\/\/www.natelli-shop.com\/de\/produkt\/dark-pro-base-36-15-ml-copy\/#breadcrumb"},"inLanguage":"de","potentialAction":[{"@type":"ReadAction","target":["https:\/\/www.natelli-shop.com\/de\/produkt\/dark-pro-base-36-15-ml-copy\/"]}]},{"@type":"ImageObject","inLanguage":"de","@id":"https:\/\/www.natelli-shop.com\/de\/produkt\/dark-pro-base-36-15-ml-copy\/#primaryimage","url":"https:\/\/www.natelli-shop.com\/wp-content\/uploads\/2026\/03\/dark-pro-base-35-15-ml-112043-5.jpg-2.webp","contentUrl":"https:\/\/www.natelli-shop.com\/wp-content\/uploads\/2026\/03\/dark-pro-base-35-15-ml-112043-5.jpg-2.webp","width":900,"height":901},{"@type":"BreadcrumbList","@id":"https:\/\/www.natelli-shop.com\/de\/produkt\/dark-pro-base-36-15-ml-copy\/#breadcrumb","itemListElement":[{"@type":"ListItem","position":1,"name":"Home","item":"https:\/\/www.natelli-shop.com\/de\/startseite\/"},{"@type":"ListItem","position":2,"name":"Shop","item":"https:\/\/www.natelli-shop.com\/de\/shop\/"},{"@type":"ListItem","position":3,"name":"DARK Pro Base 35, 15 ml"}]},{"@type":"WebSite","@id":"https:\/\/www.natelli-shop.com\/de\/#website","url":"https:\/\/www.natelli-shop.com\/de\/","name":"Natelli - Nail Shop","description":"","publisher":{"@id":"https:\/\/www.natelli-shop.com\/de\/#organization"},"potentialAction":[{"@type":"SearchAction","target":{"@type":"EntryPoint","urlTemplate":"https:\/\/www.natelli-shop.com\/de\/?s={search_term_string}"},"query-input":"required name=search_term_string"}],"inLanguage":"de"},{"@type":"Organization","@id":"https:\/\/www.natelli-shop.com\/de\/#organization","name":"Natelli - Nail Shop","url":"https:\/\/www.natelli-shop.com\/de\/","logo":{"@type":"ImageObject","inLanguage":"de","@id":"https:\/\/www.natelli-shop.com\/de\/#\/schema\/logo\/image\/","url":"https:\/\/www.natelli-shop.com\/wp-content\/uploads\/2024\/08\/\u0438\u0437\u043e\u0431\u0440\u0430\u0436\u0435\u043d\u0438\u0435_viber_2024-07-31_10-59-46-791.jpg","contentUrl":"https:\/\/www.natelli-shop.com\/wp-content\/uploads\/2024\/08\/\u0438\u0437\u043e\u0431\u0440\u0430\u0436\u0435\u043d\u0438\u0435_viber_2024-07-31_10-59-46-791.jpg","width":1181,"height":1186,"caption":"Natelli - Nail Shop"},"image":{"@id":"https:\/\/www.natelli-shop.com\/de\/#\/schema\/logo\/image\/"}}]}},"jetpack_sharing_enabled":true,"_links":{"self":[{"href":"https:\/\/www.natelli-shop.com\/de\/wp-json\/wp\/v2\/product\/37647","targetHints":{"allow":["GET"]}}],"collection":[{"href":"https:\/\/www.natelli-shop.com\/de\/wp-json\/wp\/v2\/product"}],"about":[{"href":"https:\/\/www.natelli-shop.com\/de\/wp-json\/wp\/v2\/types\/product"}],"replies":[{"embeddable":true,"href":"https:\/\/www.natelli-shop.com\/de\/wp-json\/wp\/v2\/comments?post=37647"}],"version-history":[{"count":1,"href":"https:\/\/www.natelli-shop.com\/de\/wp-json\/wp\/v2\/product\/37647\/revisions"}],"predecessor-version":[{"id":38874,"href":"https:\/\/www.natelli-shop.com\/de\/wp-json\/wp\/v2\/product\/37647\/revisions\/38874"}],"wp:featuredmedia":[{"embeddable":true,"href":"https:\/\/www.natelli-shop.com\/de\/wp-json\/wp\/v2\/media\/37650"}],"wp:attachment":[{"href":"https:\/\/www.natelli-shop.com\/de\/wp-json\/wp\/v2\/media?parent=37647"}],"wp:term":[{"taxonomy":"product_brand","embeddable":true,"href":"https:\/\/www.natelli-shop.com\/de\/wp-json\/wp\/v2\/product_brand?post=37647"},{"taxonomy":"product_cat","embeddable":true,"href":"https:\/\/www.natelli-shop.com\/de\/wp-json\/wp\/v2\/product_cat?post=37647"},{"taxonomy":"product_tag","embeddable":true,"href":"https:\/\/www.natelli-shop.com\/de\/wp-json\/wp\/v2\/product_tag?post=37647"}],"curies":[{"name":"wp","href":"https:\/\/api.w.org\/{rel}","templated":true}]}}