{"id":36274,"date":"2026-03-09T13:57:17","date_gmt":"2026-03-09T12:57:17","guid":{"rendered":"https:\/\/www.natelli-shop.com\/?post_type=product&#038;p=36274"},"modified":"2026-03-09T14:01:16","modified_gmt":"2026-03-09T13:01:16","slug":"lunamoon-schimmer-gel-nr4-30ml-copy","status":"publish","type":"product","link":"https:\/\/www.natelli-shop.com\/de\/produkt\/lunamoon-schimmer-gel-nr4-30ml-copy\/","title":{"rendered":"Lunamoon Schimmer Gel nr5 30ml"},"content":{"rendered":"<p>Das <strong>klassische Glitzerverl\u00e4ngerungsgel Shimmer Gel<\/strong> ist ein polymeres, lichth\u00e4rtendes Material, das es Ihnen aufgrund seiner St\u00e4rke erm\u00f6glicht, die Nagelplatte deutlich zu verl\u00e4ngern. Es enth\u00e4lt Fotoinitiatoren, die den Polymerisationsprozess in Gang setzen, wenn das Material mit ultraviolettem Licht einer bestimmten Wellenl\u00e4nge bestrahlt wird. <\/p>\n<p><strong>Merkmale:<\/strong><\/p>\n<ul>\n<li data-list-item-id=\"e08e1ef417ffa0fa3648ccce60c64712b\">Es ist s\u00e4urefrei.<\/li>\n<li data-list-item-id=\"ea16dbe8422afc6aeafbc21b31c942aa1\">Er ist gepolstert und knackt nicht beim Aufprall.<\/li>\n<li data-list-item-id=\"e199f2031b45371d14707e345a0829f78\">Er hat eine mitteldicke Konsistenz.<\/li>\n<li data-list-item-id=\"ea18d8a3786a3a819af6552373448c1f2\">Er hat eine mittlere Pigmentierung und deckt den freien Rand ab.<\/li>\n<li data-list-item-id=\"eb0f5a1d636ac0e4dbfb524916e7f728b\">Geeignet f\u00fcr die Technik des &#8222;Aufbaus ohne Feilen&#8220;.<\/li>\n<li data-list-item-id=\"e3471983e60c47916c4982fb1e2803b74\">Geeignet f\u00fcr den Aufbau von &#8222;Aufsatzformen&#8220;.<\/li>\n<li data-list-item-id=\"e222abeec8d5231b047b5d2c090174fcb\">Verursacht kein Brennen in der Lampe.<\/li>\n<li data-list-item-id=\"e62a9a15b97a0b3854c5e5d94cbb3b0bd\">In der K\u00e4lte wird sie dicker, in der Hitze d\u00fcnner.<\/li>\n<li data-list-item-id=\"e939b9cb03634554812365af7edee2750\">Thixotrop &#8211; wird d\u00fcnner, wenn Sie den Pinsel w\u00e4hrend der Arbeit bewegen.<\/li>\n<li data-list-item-id=\"edacc4af10594f8b7cc60d056c8894254\">Es kann weiter erhitzt werden, um das Gel d\u00fcnner zu machen.<\/li>\n<li data-list-item-id=\"e434d6831117a2d7665d084fbcbe5ace7\">H\u00e4rter als 1mm dick. Wenn die Dicke weniger als 1 mm betr\u00e4gt, kann sie ein wenig durchh\u00e4ngen, aber das beeintr\u00e4chtigt die Tragbarkeit nicht. <\/li>\n<li data-list-item-id=\"e91a27145e988f6fd4f903bc9f32e4222\">Es schrumpft nicht und h\u00e4lt den Bogen gut.<\/li>\n<li data-list-item-id=\"eba3e128d63d1756b58e5f1ba80637011\">Ben\u00f6tigt auf jeden Fall eine <a href=\"https:\/\/lunamoon.in.ua\/catalog\/bazy\/prozori-ta-ukriplyuyuchi-bazy\/baza-dlya-hel-laku-rubber-base\">Gummibodenunterlage<\/a>.<\/li>\n<li data-list-item-id=\"eda531167955665aeaa748f7547883a9f\">Die Wellenl\u00e4nge f\u00fcr die Polymerisation betr\u00e4gt 365-405 nm.<\/li>\n<li data-list-item-id=\"e2106558f5a01f6acb24b5844867468fe\">UV\/LED-Lampenleistung 36-48W.<\/li>\n<li data-list-item-id=\"eeffc2b5595c5735db24cfc5b04d0d9ab\">Die zul\u00e4ssige Schichtdicke betr\u00e4gt 0,5 mm am Ende\/1 mm am Scheitelpunkt.<\/li>\n<li data-list-item-id=\"e8126216e0cc2f9a7c35f6bb31e819678\">Volle Polymerisation 120 Sekunden.<\/li>\n<\/ul>\n<p><strong>Anwendungsmethode:<\/strong><\/p>\n<p><strong>STRENGTHENING<\/strong><\/p>\n<ol>\n<li data-list-item-id=\"e1bdc615a1337c0476145ab8602a1aab4\">R\u00fcckzug.<\/li>\n<li data-list-item-id=\"ebeaa7917d83e46a4520b0bea3b05f8bb\">Wir feilen die Nagelform nicht ab und lassen sie 2 mm lang, die wir nach dem Ausgleichen entfernen.<\/li>\n<li data-list-item-id=\"eb285bd84a88be2ae693c80e662c815a3\">Verwenden Sie eine Feile mit 220er K\u00f6rnung, um den Nagel zu feilen, ohne starken Druck von oben auszu\u00fcben und die Schuppen der Nagelplatte anzuheben, oder verwenden Sie einen Schwabbel mit 100er K\u00f6rnung.<\/li>\n<li data-list-item-id=\"eb52b11292e2ba768c6d2efeb6c5a12b0\">Lassen Sie uns eine Manik\u00fcre machen.<\/li>\n<li data-list-item-id=\"e80a3990abc2dcdddbd6ddb8ba28473c8\">Wenn wir mit Entfernern arbeiten, waschen wir uns nach der Arbeit mit ihnen die H\u00e4nde mit Seife.<\/li>\n<li data-list-item-id=\"eeddf0c9c584ad0a8ba6e77ddc8ba22f7\">Entfetten Sie den Nagel mit <a href=\"https:\/\/lunamoon.in.ua\/catalog\/dopomizhni-materialy\/znezhyryuvach-dlya-nihtiv-nail-prep\">Nail Prep LUNAmoon<\/a>. Wir gehen in zwei Schritten vor. Wir verwenden daf\u00fcr 4 Servietten (1 Serviette f\u00fcr 5 Finger). Die erste Methode: Wischen Sie die Oberfl\u00e4che des Nagels ab. Der zweite Ansatz: Nehmen Sie einen Orangenstab, legen Sie eine Serviette darauf und wischen Sie alles im Bereich der Nagelhaut und in den Nebenh\u00f6hlen ab.    <\/li>\n<li data-list-item-id=\"e6aa5c1a22a70ffee1b23d0574c66df6d\">Wir verwenden auf Wunsch eine Grundierung, aber wenn der Untergrund einen ausreichenden S\u00e4uregehalt hat, ist sie nicht erforderlich.<\/li>\n<li data-list-item-id=\"eb669a98d690879f08a17ad7a01b517b1\"><a href=\"https:\/\/lunamoon.in.ua\/catalog\/bazy\/prozori-ta-ukriplyuyuchi-bazy\/baza-dlya-hel-laku-rubber-base\">Die Rubber Base LUNAmoon<\/a> Grundierung wird am besten mit einem flachen Gelpinsel aufgetragen. Die Bewegungen sollten reibend sein. Ziehen Sie alle Vertiefungen des Nagels ein und lassen Sie ihn 60 Sekunden lang in der Lampe trocknen.  <\/li>\n<li data-list-item-id=\"eb42823e4103b3d70c05de0097273761e\">Wir beseitigen die Klebrigkeit.<\/li>\n<li data-list-item-id=\"e40023a779c1a22aa09ac26f6019427e9\">Spachteln Sie mit dem Gel und lassen Sie dabei 0,5-1 mm von der Kutikula \u00fcbrig. Trocknen Sie es 60 Sekunden lang in der Lampe. <\/li>\n<li data-list-item-id=\"eea96929e08798c21b1e7a4923b6ca6d4\">Feilen Sie die Form, nachdem Sie sie gegl\u00e4ttet haben. Dies ist notwendig, damit sich am Rand des Nagels eine Dicke bildet, die die freie Kante h\u00e4lt. <\/li>\n<li data-list-item-id=\"e8b88855ef96d7b33ba251e30f9251efe\">Wenn der Nagel d\u00fcnn war, kann er sich kr\u00e4useln. Schneiden Sie daher 1 mm des Naturnagels von innen ab. In diesem Fall wird sich das Material nicht abl\u00f6sen. Wenn das Material hart und der Nagel sehr weich ist, wird sich der Nagel selbst vom freien Rand aus vom harten Material l\u00f6sen.  <\/li>\n<li data-list-item-id=\"e83aaf340d4c86d97612bd97ecb32fab8\">Nach dem Abfeilen entfernen wir die Klebrigkeit und \u00fcberziehen sie mit Gelpolitur.<\/li>\n<li data-list-item-id=\"edf7214e602215d2f3c4a8469e4fb284b\">Bedecken Sie es mit Decklack. Trocknen Sie 120 Sekunden lang. Wischen Sie nach dem Trocknen nicht mit irgendetwas ab, da der Glanz verloren gehen kann.  <\/li>\n<\/ol>\n<p><strong>KLASSISCHE ERWEITERUNG<\/strong><\/p>\n<ol>\n<li data-list-item-id=\"e0389a26f2508e816602e702485cbfad1\">R\u00fccknahme<\/li>\n<li data-list-item-id=\"e44fbebdcdde5b32eb68908004a8fb2a5\">Wir k\u00fcrzen die L\u00e4nge des Nagels auf 1 mm und machen eine runde Form.<\/li>\n<li data-list-item-id=\"e92936155f24ae469d69891284e09dbef\">Verwenden Sie eine Feile mit 220er K\u00f6rnung, um den Nagel zu feilen, ohne starken Druck von oben auszu\u00fcben und die Schuppen der Nagelplatte anzuheben, oder verwenden Sie einen Schwabbel mit 100er K\u00f6rnung.<\/li>\n<li data-list-item-id=\"ee911a3400bf7494d115a4357118e7c5b\">Lassen Sie uns eine Manik\u00fcre machen.<\/li>\n<li data-list-item-id=\"e6eedf574937cbffbd436891452786609\">Wenn wir mit Entfernern arbeiten, waschen wir uns nach der Arbeit mit ihnen die H\u00e4nde mit Seife.<\/li>\n<li data-list-item-id=\"eb38c227f68bc023d080732f326703e52\">Entfetten Sie den Nagel mit <a href=\"https:\/\/lunamoon.in.ua\/catalog\/dopomizhni-materialy\/znezhyryuvach-dlya-nihtiv-nail-prep\">Nail Prep LUNAmoon<\/a>. Wir gehen in zwei Schritten vor. Wir verwenden daf\u00fcr 4 Servietten (1 Serviette f\u00fcr 5 Finger). Die erste Methode: Wischen Sie die Oberfl\u00e4che des Nagels ab. Der zweite Ansatz: Nehmen Sie einen Orangenstab, legen Sie eine Serviette darauf und wischen Sie alles im Bereich der Nagelhaut und in den Nebenh\u00f6hlen ab.    <\/li>\n<li data-list-item-id=\"e0f55ac0d44bfec215ed6ce53c58dff4e\">Wir verwenden <a href=\"https:\/\/lunamoon.in.ua\/search?search=%D0%BF%D1%80%D0%B0%D0%B9%D0%BC%D0%B5%D1%80\">LUNAmoon Grundierung<\/a>.<\/li>\n<li data-list-item-id=\"e92b5f288e7a72f30051325024eb8e78a\"><a href=\"https:\/\/lunamoon.in.ua\/catalog\/bazy\/prozori-ta-ukriplyuyuchi-bazy\/baza-dlya-hel-laku-rubber-base\">Die Rubber Base LUNAmoon<\/a> Grundierung wird am besten mit einem flachen Gelpinsel aufgetragen. Die Bewegungen sollten reibend sein. Ziehen Sie alle Vertiefungen des Nagels ein und lassen Sie ihn 60 Sekunden lang in der Lampe trocknen.  <\/li>\n<li data-list-item-id=\"e5869eb8cf730c7d4f223b4d9ff2ccc69\">Wir beseitigen die Klebrigkeit.<\/li>\n<li data-list-item-id=\"e5d8f4ee420f91fe8fddba8edda70eed0\">Wir legen die Form f\u00fcr den Bau der freien Nagelkante fest.<\/li>\n<li data-list-item-id=\"e1baea80f690a402f732043ac97d82bbe\">Tragen Sie das klare Gel auf die Form des Kunstnagels auf. Trocknen Sie 30 Sekunden lang. <\/li>\n<li data-list-item-id=\"edccc2339189f94d466744a31b57c311e\">Feilen Sie die freie Kante und geben Sie dem Nagel die gew\u00fcnschte Form.<\/li>\n<li data-list-item-id=\"e3382e4f1cdc04134c89a3798d9212edb\">Wischen Sie die Klebrigkeit und den \u00fcbersch\u00fcssigen Staub weg.<\/li>\n<li data-list-item-id=\"eb218b04bd0143b3228a13530f12462b8\">Wir tragen <a href=\"https:\/\/lunamoon.in.ua\/catalog\/bazy\/prozori-ta-ukriplyuyuchi-bazy\/baza-dlya-hel-laku-rubber-base\">Rubber Base LUNAmoon<\/a> erneut auf die Stellen auf, an denen die S\u00e4ge verwendet wurde. Lassen Sie es 30 Sekunden lang trocknen. <\/li>\n<li data-list-item-id=\"e06228cb0dd4340fca09b1bc2a5c374f2\">Spachteln Sie es mit Gel aus, stellen Sie es in die Lampe und klemmen Sie es 10-15 Sekunden lang ein. Wenn das Gel sehr klebrig ist oder Glitter enth\u00e4lt, halten Sie es 20 Sekunden lang fest. <\/li>\n<li data-list-item-id=\"e97e9a2bff5cc6225315e49c3a9d15309\">Trocknen Sie es 120 Sekunden lang in der Lampe.<\/li>\n<li data-list-item-id=\"e273dd47d1d72b628f189a70680a2b5fb\">Wir entfernen die Klebrigkeit, bevor wir sie mit Gel-Lack bedecken.<\/li>\n<li data-list-item-id=\"eb925a8271eda5a87f8366e87f4764353\">Bedecken Sie es mit Decklack. Trocknen Sie 120 Sekunden lang. Wischen Sie nach dem Trocknen nicht mit irgendetwas ab, da der Glanz verloren gehen kann.  <\/li>\n<\/ol>\n<p><strong>Haltbarkeitsdauer:<\/strong> 24 Monate. Ge\u00f6ffnet nicht l\u00e4nger als 18 Monate aufbewahren. <\/p>\n<p><strong>TPO FREE<\/strong><br \/>\n(Die Produktfotos auf der Website k\u00f6nnen von dem tats\u00e4chlichen Produkt abweichen)<\/p>\n","protected":false},"excerpt":{"rendered":"<p>Das klassische Glitzerverl\u00e4ngerungsgel Shimmer Gel ist ein polymeres, lichth\u00e4rtendes Material, das es Ihnen aufgrund seiner St\u00e4rke erm\u00f6glicht, die Nagelplatte deutlich<\/p>\n","protected":false},"featured_media":36255,"comment_status":"open","ping_status":"closed","template":"","meta":[],"product_brand":[],"product_cat":[260],"product_tag":[],"class_list":{"0":"post-36274","1":"product","2":"type-product","3":"status-publish","4":"has-post-thumbnail","6":"product_cat-luna-gel-premium-de-2","8":"first","9":"outofstock","10":"shipping-taxable","11":"purchasable","12":"product-type-simple"},"yoast_head":"<!-- This site is optimized with the Yoast SEO plugin v23.1 - https:\/\/yoast.com\/wordpress\/plugins\/seo\/ -->\n<title>Lunamoon Schimmer Gel nr5 30ml - Natelli - Nail Shop<\/title>\n<meta name=\"robots\" content=\"index, follow, max-snippet:-1, max-image-preview:large, max-video-preview:-1\" \/>\n<link rel=\"canonical\" href=\"https:\/\/www.natelli-shop.com\/de\/produkt\/lunamoon-schimmer-gel-nr4-30ml-copy\/\" \/>\n<meta property=\"og:locale\" content=\"de_DE\" \/>\n<meta property=\"og:type\" content=\"article\" \/>\n<meta property=\"og:title\" content=\"Lunamoon Schimmer Gel nr5 30ml - Natelli - Nail Shop\" \/>\n<meta property=\"og:description\" content=\"Das klassische Glitzerverl\u00e4ngerungsgel Shimmer Gel ist ein polymeres, lichth\u00e4rtendes Material, das es Ihnen aufgrund seiner St\u00e4rke erm\u00f6glicht, die Nagelplatte deutlich\" \/>\n<meta property=\"og:url\" content=\"https:\/\/www.natelli-shop.com\/de\/produkt\/lunamoon-schimmer-gel-nr4-30ml-copy\/\" \/>\n<meta property=\"og:site_name\" content=\"Natelli - Nail Shop\" \/>\n<meta property=\"article:modified_time\" content=\"2026-03-09T13:01:16+00:00\" \/>\n<meta property=\"og:image\" content=\"https:\/\/i0.wp.com\/www.natelli-shop.com\/wp-content\/uploads\/2026\/03\/pngluna_nails_v4-shimmer-gel-05.png?fit=1080%2C1080&ssl=1\" \/>\n\t<meta property=\"og:image:width\" content=\"1080\" \/>\n\t<meta property=\"og:image:height\" content=\"1080\" \/>\n\t<meta property=\"og:image:type\" content=\"image\/png\" \/>\n<meta name=\"twitter:card\" content=\"summary_large_image\" \/>\n<meta name=\"twitter:label1\" content=\"Gesch\u00e4tzte Lesezeit\" \/>\n\t<meta name=\"twitter:data1\" content=\"5\u00a0Minuten\" \/>\n<script type=\"application\/ld+json\" class=\"yoast-schema-graph\">{\"@context\":\"https:\/\/schema.org\",\"@graph\":[{\"@type\":\"WebPage\",\"@id\":\"https:\/\/www.natelli-shop.com\/de\/produkt\/lunamoon-schimmer-gel-nr4-30ml-copy\/\",\"url\":\"https:\/\/www.natelli-shop.com\/de\/produkt\/lunamoon-schimmer-gel-nr4-30ml-copy\/\",\"name\":\"Lunamoon Schimmer Gel nr5 30ml - Natelli - Nail Shop\",\"isPartOf\":{\"@id\":\"https:\/\/www.natelli-shop.com\/de\/#website\"},\"primaryImageOfPage\":{\"@id\":\"https:\/\/www.natelli-shop.com\/de\/produkt\/lunamoon-schimmer-gel-nr4-30ml-copy\/#primaryimage\"},\"image\":{\"@id\":\"https:\/\/www.natelli-shop.com\/de\/produkt\/lunamoon-schimmer-gel-nr4-30ml-copy\/#primaryimage\"},\"thumbnailUrl\":\"https:\/\/www.natelli-shop.com\/wp-content\/uploads\/2026\/03\/pngluna_nails_v4-shimmer-gel-05.png\",\"datePublished\":\"2026-03-09T12:57:17+00:00\",\"dateModified\":\"2026-03-09T13:01:16+00:00\",\"breadcrumb\":{\"@id\":\"https:\/\/www.natelli-shop.com\/de\/produkt\/lunamoon-schimmer-gel-nr4-30ml-copy\/#breadcrumb\"},\"inLanguage\":\"de\",\"potentialAction\":[{\"@type\":\"ReadAction\",\"target\":[\"https:\/\/www.natelli-shop.com\/de\/produkt\/lunamoon-schimmer-gel-nr4-30ml-copy\/\"]}]},{\"@type\":\"ImageObject\",\"inLanguage\":\"de\",\"@id\":\"https:\/\/www.natelli-shop.com\/de\/produkt\/lunamoon-schimmer-gel-nr4-30ml-copy\/#primaryimage\",\"url\":\"https:\/\/www.natelli-shop.com\/wp-content\/uploads\/2026\/03\/pngluna_nails_v4-shimmer-gel-05.png\",\"contentUrl\":\"https:\/\/www.natelli-shop.com\/wp-content\/uploads\/2026\/03\/pngluna_nails_v4-shimmer-gel-05.png\",\"width\":1080,\"height\":1080},{\"@type\":\"BreadcrumbList\",\"@id\":\"https:\/\/www.natelli-shop.com\/de\/produkt\/lunamoon-schimmer-gel-nr4-30ml-copy\/#breadcrumb\",\"itemListElement\":[{\"@type\":\"ListItem\",\"position\":1,\"name\":\"Home\",\"item\":\"https:\/\/www.natelli-shop.com\/de\/startseite\/\"},{\"@type\":\"ListItem\",\"position\":2,\"name\":\"Shop\",\"item\":\"https:\/\/www.natelli-shop.com\/de\/shop\/\"},{\"@type\":\"ListItem\",\"position\":3,\"name\":\"Lunamoon Schimmer Gel nr5 30ml\"}]},{\"@type\":\"WebSite\",\"@id\":\"https:\/\/www.natelli-shop.com\/de\/#website\",\"url\":\"https:\/\/www.natelli-shop.com\/de\/\",\"name\":\"Natelli - Nail Shop\",\"description\":\"\",\"publisher\":{\"@id\":\"https:\/\/www.natelli-shop.com\/de\/#organization\"},\"potentialAction\":[{\"@type\":\"SearchAction\",\"target\":{\"@type\":\"EntryPoint\",\"urlTemplate\":\"https:\/\/www.natelli-shop.com\/de\/?s={search_term_string}\"},\"query-input\":\"required name=search_term_string\"}],\"inLanguage\":\"de\"},{\"@type\":\"Organization\",\"@id\":\"https:\/\/www.natelli-shop.com\/de\/#organization\",\"name\":\"Natelli - Nail Shop\",\"url\":\"https:\/\/www.natelli-shop.com\/de\/\",\"logo\":{\"@type\":\"ImageObject\",\"inLanguage\":\"de\",\"@id\":\"https:\/\/www.natelli-shop.com\/de\/#\/schema\/logo\/image\/\",\"url\":\"https:\/\/www.natelli-shop.com\/wp-content\/uploads\/2024\/08\/\u0438\u0437\u043e\u0431\u0440\u0430\u0436\u0435\u043d\u0438\u0435_viber_2024-07-31_10-59-46-791.jpg\",\"contentUrl\":\"https:\/\/www.natelli-shop.com\/wp-content\/uploads\/2024\/08\/\u0438\u0437\u043e\u0431\u0440\u0430\u0436\u0435\u043d\u0438\u0435_viber_2024-07-31_10-59-46-791.jpg\",\"width\":1181,\"height\":1186,\"caption\":\"Natelli - Nail Shop\"},\"image\":{\"@id\":\"https:\/\/www.natelli-shop.com\/de\/#\/schema\/logo\/image\/\"}}]}<\/script>\n<!-- \/ Yoast SEO plugin. -->","yoast_head_json":{"title":"Lunamoon Schimmer Gel nr5 30ml - Natelli - Nail Shop","robots":{"index":"index","follow":"follow","max-snippet":"max-snippet:-1","max-image-preview":"max-image-preview:large","max-video-preview":"max-video-preview:-1"},"canonical":"https:\/\/www.natelli-shop.com\/de\/produkt\/lunamoon-schimmer-gel-nr4-30ml-copy\/","og_locale":"de_DE","og_type":"article","og_title":"Lunamoon Schimmer Gel nr5 30ml - Natelli - Nail Shop","og_description":"Das klassische Glitzerverl\u00e4ngerungsgel Shimmer Gel ist ein polymeres, lichth\u00e4rtendes Material, das es Ihnen aufgrund seiner St\u00e4rke erm\u00f6glicht, die Nagelplatte deutlich","og_url":"https:\/\/www.natelli-shop.com\/de\/produkt\/lunamoon-schimmer-gel-nr4-30ml-copy\/","og_site_name":"Natelli - Nail Shop","article_modified_time":"2026-03-09T13:01:16+00:00","og_image":[{"width":1080,"height":1080,"url":"https:\/\/i0.wp.com\/www.natelli-shop.com\/wp-content\/uploads\/2026\/03\/pngluna_nails_v4-shimmer-gel-05.png?fit=1080%2C1080&ssl=1","type":"image\/png"}],"twitter_card":"summary_large_image","twitter_misc":{"Gesch\u00e4tzte Lesezeit":"5\u00a0Minuten"},"schema":{"@context":"https:\/\/schema.org","@graph":[{"@type":"WebPage","@id":"https:\/\/www.natelli-shop.com\/de\/produkt\/lunamoon-schimmer-gel-nr4-30ml-copy\/","url":"https:\/\/www.natelli-shop.com\/de\/produkt\/lunamoon-schimmer-gel-nr4-30ml-copy\/","name":"Lunamoon Schimmer Gel nr5 30ml - Natelli - Nail Shop","isPartOf":{"@id":"https:\/\/www.natelli-shop.com\/de\/#website"},"primaryImageOfPage":{"@id":"https:\/\/www.natelli-shop.com\/de\/produkt\/lunamoon-schimmer-gel-nr4-30ml-copy\/#primaryimage"},"image":{"@id":"https:\/\/www.natelli-shop.com\/de\/produkt\/lunamoon-schimmer-gel-nr4-30ml-copy\/#primaryimage"},"thumbnailUrl":"https:\/\/www.natelli-shop.com\/wp-content\/uploads\/2026\/03\/pngluna_nails_v4-shimmer-gel-05.png","datePublished":"2026-03-09T12:57:17+00:00","dateModified":"2026-03-09T13:01:16+00:00","breadcrumb":{"@id":"https:\/\/www.natelli-shop.com\/de\/produkt\/lunamoon-schimmer-gel-nr4-30ml-copy\/#breadcrumb"},"inLanguage":"de","potentialAction":[{"@type":"ReadAction","target":["https:\/\/www.natelli-shop.com\/de\/produkt\/lunamoon-schimmer-gel-nr4-30ml-copy\/"]}]},{"@type":"ImageObject","inLanguage":"de","@id":"https:\/\/www.natelli-shop.com\/de\/produkt\/lunamoon-schimmer-gel-nr4-30ml-copy\/#primaryimage","url":"https:\/\/www.natelli-shop.com\/wp-content\/uploads\/2026\/03\/pngluna_nails_v4-shimmer-gel-05.png","contentUrl":"https:\/\/www.natelli-shop.com\/wp-content\/uploads\/2026\/03\/pngluna_nails_v4-shimmer-gel-05.png","width":1080,"height":1080},{"@type":"BreadcrumbList","@id":"https:\/\/www.natelli-shop.com\/de\/produkt\/lunamoon-schimmer-gel-nr4-30ml-copy\/#breadcrumb","itemListElement":[{"@type":"ListItem","position":1,"name":"Home","item":"https:\/\/www.natelli-shop.com\/de\/startseite\/"},{"@type":"ListItem","position":2,"name":"Shop","item":"https:\/\/www.natelli-shop.com\/de\/shop\/"},{"@type":"ListItem","position":3,"name":"Lunamoon Schimmer Gel nr5 30ml"}]},{"@type":"WebSite","@id":"https:\/\/www.natelli-shop.com\/de\/#website","url":"https:\/\/www.natelli-shop.com\/de\/","name":"Natelli - Nail Shop","description":"","publisher":{"@id":"https:\/\/www.natelli-shop.com\/de\/#organization"},"potentialAction":[{"@type":"SearchAction","target":{"@type":"EntryPoint","urlTemplate":"https:\/\/www.natelli-shop.com\/de\/?s={search_term_string}"},"query-input":"required name=search_term_string"}],"inLanguage":"de"},{"@type":"Organization","@id":"https:\/\/www.natelli-shop.com\/de\/#organization","name":"Natelli - Nail Shop","url":"https:\/\/www.natelli-shop.com\/de\/","logo":{"@type":"ImageObject","inLanguage":"de","@id":"https:\/\/www.natelli-shop.com\/de\/#\/schema\/logo\/image\/","url":"https:\/\/www.natelli-shop.com\/wp-content\/uploads\/2024\/08\/\u0438\u0437\u043e\u0431\u0440\u0430\u0436\u0435\u043d\u0438\u0435_viber_2024-07-31_10-59-46-791.jpg","contentUrl":"https:\/\/www.natelli-shop.com\/wp-content\/uploads\/2024\/08\/\u0438\u0437\u043e\u0431\u0440\u0430\u0436\u0435\u043d\u0438\u0435_viber_2024-07-31_10-59-46-791.jpg","width":1181,"height":1186,"caption":"Natelli - Nail Shop"},"image":{"@id":"https:\/\/www.natelli-shop.com\/de\/#\/schema\/logo\/image\/"}}]}},"jetpack_sharing_enabled":true,"_links":{"self":[{"href":"https:\/\/www.natelli-shop.com\/de\/wp-json\/wp\/v2\/product\/36274","targetHints":{"allow":["GET"]}}],"collection":[{"href":"https:\/\/www.natelli-shop.com\/de\/wp-json\/wp\/v2\/product"}],"about":[{"href":"https:\/\/www.natelli-shop.com\/de\/wp-json\/wp\/v2\/types\/product"}],"replies":[{"embeddable":true,"href":"https:\/\/www.natelli-shop.com\/de\/wp-json\/wp\/v2\/comments?post=36274"}],"version-history":[{"count":0,"href":"https:\/\/www.natelli-shop.com\/de\/wp-json\/wp\/v2\/product\/36274\/revisions"}],"wp:featuredmedia":[{"embeddable":true,"href":"https:\/\/www.natelli-shop.com\/de\/wp-json\/wp\/v2\/media\/36255"}],"wp:attachment":[{"href":"https:\/\/www.natelli-shop.com\/de\/wp-json\/wp\/v2\/media?parent=36274"}],"wp:term":[{"taxonomy":"product_brand","embeddable":true,"href":"https:\/\/www.natelli-shop.com\/de\/wp-json\/wp\/v2\/product_brand?post=36274"},{"taxonomy":"product_cat","embeddable":true,"href":"https:\/\/www.natelli-shop.com\/de\/wp-json\/wp\/v2\/product_cat?post=36274"},{"taxonomy":"product_tag","embeddable":true,"href":"https:\/\/www.natelli-shop.com\/de\/wp-json\/wp\/v2\/product_tag?post=36274"}],"curies":[{"name":"wp","href":"https:\/\/api.w.org\/{rel}","templated":true}]}}