{"id":35388,"date":"2026-01-28T11:24:00","date_gmt":"2026-01-28T10:24:00","guid":{"rendered":"https:\/\/www.natelli-shop.com\/?post_type=product&#038;p=35388"},"modified":"2026-04-07T12:19:12","modified_gmt":"2026-04-07T10:19:12","slug":"saga-cover-base-schimmer-07-15-ml-copy","status":"publish","type":"product","link":"https:\/\/www.natelli-shop.com\/de\/produkt\/saga-cover-base-schimmer-07-15-ml-copy\/","title":{"rendered":"Saga Cover Base Schimmer \u211608, 15 ml"},"content":{"rendered":"<p>Saga Base Shimmer ist eine Camouflage-Basis f\u00fcr Gel-Lack. Die unglaublich zarte Schicht mit einem strahlenden Schimmer l\u00e4sst keine Kundin gleichg\u00fcltig. Sie eignet sich sowohl f\u00fcr einen eleganten festlichen Look als auch f\u00fcr die t\u00e4gliche Manik\u00fcre. Die Basis hat eine optimale Konsistenz, l\u00e4sst sich leicht auftragen und gl\u00e4ttet sich selbst. Sie hat verst\u00e4rkende Eigenschaften und kaschiert kleine optische Unvollkommenheiten des Nagels.    <\/p>\n<p><strong>Verbindung:<\/strong><br \/>\nAcrylatos Copolymer, 2-Hydroxyethyl Metchacrylate, Hydroxycyclohexyl phenyl ketone, diphenyl, (2,4,6 &#8211; trimethylbenzoyl), N,N &#8211; Ethylenodi (stearamide).<\/p>\n<p>Volumen 15 ml<\/p>\n","protected":false},"excerpt":{"rendered":"<p>Saga Base Shimmer ist eine Camouflage-Basis f\u00fcr Gel-Lack. Die unglaublich zarte Schicht mit einem strahlenden Schimmer l\u00e4sst keine Kundin gleichg\u00fcltig.<\/p>\n","protected":false},"featured_media":35391,"comment_status":"open","ping_status":"closed","template":"","meta":[],"product_brand":[],"product_cat":[230],"product_tag":[],"class_list":{"0":"post-35388","1":"product","2":"type-product","3":"status-publish","4":"has-post-thumbnail","6":"product_cat-cover-color-base-de","8":"first","9":"outofstock","10":"shipping-taxable","11":"purchasable","12":"product-type-simple"},"yoast_head":"<!-- This site is optimized with the Yoast SEO plugin v23.1 - https:\/\/yoast.com\/wordpress\/plugins\/seo\/ -->\n<title>Saga Cover Base Schimmer \u211608, 15 ml - Natelli - Nail Shop<\/title>\n<meta name=\"robots\" content=\"index, follow, max-snippet:-1, max-image-preview:large, max-video-preview:-1\" \/>\n<link rel=\"canonical\" href=\"https:\/\/www.natelli-shop.com\/de\/produkt\/saga-cover-base-schimmer-07-15-ml-copy\/\" \/>\n<meta property=\"og:locale\" content=\"de_DE\" \/>\n<meta property=\"og:type\" content=\"article\" \/>\n<meta property=\"og:title\" content=\"Saga Cover Base Schimmer \u211608, 15 ml - Natelli - Nail Shop\" \/>\n<meta property=\"og:description\" content=\"Saga Base Shimmer ist eine Camouflage-Basis f\u00fcr Gel-Lack. Die unglaublich zarte Schicht mit einem strahlenden Schimmer l\u00e4sst keine Kundin gleichg\u00fcltig.\" \/>\n<meta property=\"og:url\" content=\"https:\/\/www.natelli-shop.com\/de\/produkt\/saga-cover-base-schimmer-07-15-ml-copy\/\" \/>\n<meta property=\"og:site_name\" content=\"Natelli - Nail Shop\" \/>\n<meta property=\"article:modified_time\" content=\"2026-04-07T10:19:12+00:00\" \/>\n<meta property=\"og:image\" content=\"https:\/\/www.natelli-shop.com\/wp-content\/uploads\/2026\/01\/210711-23_800x800.jpg\" \/>\n\t<meta property=\"og:image:width\" content=\"1\" \/>\n\t<meta property=\"og:image:height\" content=\"1\" \/>\n\t<meta property=\"og:image:type\" content=\"image\/jpeg\" \/>\n<meta name=\"twitter:card\" content=\"summary_large_image\" \/>\n<script type=\"application\/ld+json\" class=\"yoast-schema-graph\">{\"@context\":\"https:\/\/schema.org\",\"@graph\":[{\"@type\":\"WebPage\",\"@id\":\"https:\/\/www.natelli-shop.com\/de\/produkt\/saga-cover-base-schimmer-07-15-ml-copy\/\",\"url\":\"https:\/\/www.natelli-shop.com\/de\/produkt\/saga-cover-base-schimmer-07-15-ml-copy\/\",\"name\":\"Saga Cover Base Schimmer \u211608, 15 ml - Natelli - Nail Shop\",\"isPartOf\":{\"@id\":\"https:\/\/www.natelli-shop.com\/de\/#website\"},\"primaryImageOfPage\":{\"@id\":\"https:\/\/www.natelli-shop.com\/de\/produkt\/saga-cover-base-schimmer-07-15-ml-copy\/#primaryimage\"},\"image\":{\"@id\":\"https:\/\/www.natelli-shop.com\/de\/produkt\/saga-cover-base-schimmer-07-15-ml-copy\/#primaryimage\"},\"thumbnailUrl\":\"https:\/\/www.natelli-shop.com\/wp-content\/uploads\/2026\/01\/210711-23_800x800.jpg\",\"datePublished\":\"2026-01-28T10:24:00+00:00\",\"dateModified\":\"2026-04-07T10:19:12+00:00\",\"breadcrumb\":{\"@id\":\"https:\/\/www.natelli-shop.com\/de\/produkt\/saga-cover-base-schimmer-07-15-ml-copy\/#breadcrumb\"},\"inLanguage\":\"de\",\"potentialAction\":[{\"@type\":\"ReadAction\",\"target\":[\"https:\/\/www.natelli-shop.com\/de\/produkt\/saga-cover-base-schimmer-07-15-ml-copy\/\"]}]},{\"@type\":\"ImageObject\",\"inLanguage\":\"de\",\"@id\":\"https:\/\/www.natelli-shop.com\/de\/produkt\/saga-cover-base-schimmer-07-15-ml-copy\/#primaryimage\",\"url\":\"https:\/\/www.natelli-shop.com\/wp-content\/uploads\/2026\/01\/210711-23_800x800.jpg\",\"contentUrl\":\"https:\/\/www.natelli-shop.com\/wp-content\/uploads\/2026\/01\/210711-23_800x800.jpg\"},{\"@type\":\"BreadcrumbList\",\"@id\":\"https:\/\/www.natelli-shop.com\/de\/produkt\/saga-cover-base-schimmer-07-15-ml-copy\/#breadcrumb\",\"itemListElement\":[{\"@type\":\"ListItem\",\"position\":1,\"name\":\"Home\",\"item\":\"https:\/\/www.natelli-shop.com\/de\/startseite\/\"},{\"@type\":\"ListItem\",\"position\":2,\"name\":\"Shop\",\"item\":\"https:\/\/www.natelli-shop.com\/de\/shop\/\"},{\"@type\":\"ListItem\",\"position\":3,\"name\":\"Saga Cover Base Schimmer \u211608, 15 ml\"}]},{\"@type\":\"WebSite\",\"@id\":\"https:\/\/www.natelli-shop.com\/de\/#website\",\"url\":\"https:\/\/www.natelli-shop.com\/de\/\",\"name\":\"Natelli - Nail Shop\",\"description\":\"\",\"publisher\":{\"@id\":\"https:\/\/www.natelli-shop.com\/de\/#organization\"},\"potentialAction\":[{\"@type\":\"SearchAction\",\"target\":{\"@type\":\"EntryPoint\",\"urlTemplate\":\"https:\/\/www.natelli-shop.com\/de\/?s={search_term_string}\"},\"query-input\":\"required name=search_term_string\"}],\"inLanguage\":\"de\"},{\"@type\":\"Organization\",\"@id\":\"https:\/\/www.natelli-shop.com\/de\/#organization\",\"name\":\"Natelli - Nail Shop\",\"url\":\"https:\/\/www.natelli-shop.com\/de\/\",\"logo\":{\"@type\":\"ImageObject\",\"inLanguage\":\"de\",\"@id\":\"https:\/\/www.natelli-shop.com\/de\/#\/schema\/logo\/image\/\",\"url\":\"https:\/\/www.natelli-shop.com\/wp-content\/uploads\/2024\/08\/\u0438\u0437\u043e\u0431\u0440\u0430\u0436\u0435\u043d\u0438\u0435_viber_2024-07-31_10-59-46-791.jpg\",\"contentUrl\":\"https:\/\/www.natelli-shop.com\/wp-content\/uploads\/2024\/08\/\u0438\u0437\u043e\u0431\u0440\u0430\u0436\u0435\u043d\u0438\u0435_viber_2024-07-31_10-59-46-791.jpg\",\"width\":1181,\"height\":1186,\"caption\":\"Natelli - Nail Shop\"},\"image\":{\"@id\":\"https:\/\/www.natelli-shop.com\/de\/#\/schema\/logo\/image\/\"}}]}<\/script>\n<!-- \/ Yoast SEO plugin. -->","yoast_head_json":{"title":"Saga Cover Base Schimmer \u211608, 15 ml - Natelli - Nail Shop","robots":{"index":"index","follow":"follow","max-snippet":"max-snippet:-1","max-image-preview":"max-image-preview:large","max-video-preview":"max-video-preview:-1"},"canonical":"https:\/\/www.natelli-shop.com\/de\/produkt\/saga-cover-base-schimmer-07-15-ml-copy\/","og_locale":"de_DE","og_type":"article","og_title":"Saga Cover Base Schimmer \u211608, 15 ml - Natelli - Nail Shop","og_description":"Saga Base Shimmer ist eine Camouflage-Basis f\u00fcr Gel-Lack. Die unglaublich zarte Schicht mit einem strahlenden Schimmer l\u00e4sst keine Kundin gleichg\u00fcltig.","og_url":"https:\/\/www.natelli-shop.com\/de\/produkt\/saga-cover-base-schimmer-07-15-ml-copy\/","og_site_name":"Natelli - Nail Shop","article_modified_time":"2026-04-07T10:19:12+00:00","og_image":[{"url":"https:\/\/www.natelli-shop.com\/wp-content\/uploads\/2026\/01\/210711-23_800x800.jpg","width":1,"height":1,"type":"image\/jpeg"}],"twitter_card":"summary_large_image","schema":{"@context":"https:\/\/schema.org","@graph":[{"@type":"WebPage","@id":"https:\/\/www.natelli-shop.com\/de\/produkt\/saga-cover-base-schimmer-07-15-ml-copy\/","url":"https:\/\/www.natelli-shop.com\/de\/produkt\/saga-cover-base-schimmer-07-15-ml-copy\/","name":"Saga Cover Base Schimmer \u211608, 15 ml - Natelli - Nail Shop","isPartOf":{"@id":"https:\/\/www.natelli-shop.com\/de\/#website"},"primaryImageOfPage":{"@id":"https:\/\/www.natelli-shop.com\/de\/produkt\/saga-cover-base-schimmer-07-15-ml-copy\/#primaryimage"},"image":{"@id":"https:\/\/www.natelli-shop.com\/de\/produkt\/saga-cover-base-schimmer-07-15-ml-copy\/#primaryimage"},"thumbnailUrl":"https:\/\/www.natelli-shop.com\/wp-content\/uploads\/2026\/01\/210711-23_800x800.jpg","datePublished":"2026-01-28T10:24:00+00:00","dateModified":"2026-04-07T10:19:12+00:00","breadcrumb":{"@id":"https:\/\/www.natelli-shop.com\/de\/produkt\/saga-cover-base-schimmer-07-15-ml-copy\/#breadcrumb"},"inLanguage":"de","potentialAction":[{"@type":"ReadAction","target":["https:\/\/www.natelli-shop.com\/de\/produkt\/saga-cover-base-schimmer-07-15-ml-copy\/"]}]},{"@type":"ImageObject","inLanguage":"de","@id":"https:\/\/www.natelli-shop.com\/de\/produkt\/saga-cover-base-schimmer-07-15-ml-copy\/#primaryimage","url":"https:\/\/www.natelli-shop.com\/wp-content\/uploads\/2026\/01\/210711-23_800x800.jpg","contentUrl":"https:\/\/www.natelli-shop.com\/wp-content\/uploads\/2026\/01\/210711-23_800x800.jpg"},{"@type":"BreadcrumbList","@id":"https:\/\/www.natelli-shop.com\/de\/produkt\/saga-cover-base-schimmer-07-15-ml-copy\/#breadcrumb","itemListElement":[{"@type":"ListItem","position":1,"name":"Home","item":"https:\/\/www.natelli-shop.com\/de\/startseite\/"},{"@type":"ListItem","position":2,"name":"Shop","item":"https:\/\/www.natelli-shop.com\/de\/shop\/"},{"@type":"ListItem","position":3,"name":"Saga Cover Base Schimmer \u211608, 15 ml"}]},{"@type":"WebSite","@id":"https:\/\/www.natelli-shop.com\/de\/#website","url":"https:\/\/www.natelli-shop.com\/de\/","name":"Natelli - Nail Shop","description":"","publisher":{"@id":"https:\/\/www.natelli-shop.com\/de\/#organization"},"potentialAction":[{"@type":"SearchAction","target":{"@type":"EntryPoint","urlTemplate":"https:\/\/www.natelli-shop.com\/de\/?s={search_term_string}"},"query-input":"required name=search_term_string"}],"inLanguage":"de"},{"@type":"Organization","@id":"https:\/\/www.natelli-shop.com\/de\/#organization","name":"Natelli - Nail Shop","url":"https:\/\/www.natelli-shop.com\/de\/","logo":{"@type":"ImageObject","inLanguage":"de","@id":"https:\/\/www.natelli-shop.com\/de\/#\/schema\/logo\/image\/","url":"https:\/\/www.natelli-shop.com\/wp-content\/uploads\/2024\/08\/\u0438\u0437\u043e\u0431\u0440\u0430\u0436\u0435\u043d\u0438\u0435_viber_2024-07-31_10-59-46-791.jpg","contentUrl":"https:\/\/www.natelli-shop.com\/wp-content\/uploads\/2024\/08\/\u0438\u0437\u043e\u0431\u0440\u0430\u0436\u0435\u043d\u0438\u0435_viber_2024-07-31_10-59-46-791.jpg","width":1181,"height":1186,"caption":"Natelli - Nail Shop"},"image":{"@id":"https:\/\/www.natelli-shop.com\/de\/#\/schema\/logo\/image\/"}}]}},"jetpack_sharing_enabled":true,"_links":{"self":[{"href":"https:\/\/www.natelli-shop.com\/de\/wp-json\/wp\/v2\/product\/35388","targetHints":{"allow":["GET"]}}],"collection":[{"href":"https:\/\/www.natelli-shop.com\/de\/wp-json\/wp\/v2\/product"}],"about":[{"href":"https:\/\/www.natelli-shop.com\/de\/wp-json\/wp\/v2\/types\/product"}],"replies":[{"embeddable":true,"href":"https:\/\/www.natelli-shop.com\/de\/wp-json\/wp\/v2\/comments?post=35388"}],"version-history":[{"count":1,"href":"https:\/\/www.natelli-shop.com\/de\/wp-json\/wp\/v2\/product\/35388\/revisions"}],"predecessor-version":[{"id":38781,"href":"https:\/\/www.natelli-shop.com\/de\/wp-json\/wp\/v2\/product\/35388\/revisions\/38781"}],"wp:featuredmedia":[{"embeddable":true,"href":"https:\/\/www.natelli-shop.com\/de\/wp-json\/wp\/v2\/media\/35391"}],"wp:attachment":[{"href":"https:\/\/www.natelli-shop.com\/de\/wp-json\/wp\/v2\/media?parent=35388"}],"wp:term":[{"taxonomy":"product_brand","embeddable":true,"href":"https:\/\/www.natelli-shop.com\/de\/wp-json\/wp\/v2\/product_brand?post=35388"},{"taxonomy":"product_cat","embeddable":true,"href":"https:\/\/www.natelli-shop.com\/de\/wp-json\/wp\/v2\/product_cat?post=35388"},{"taxonomy":"product_tag","embeddable":true,"href":"https:\/\/www.natelli-shop.com\/de\/wp-json\/wp\/v2\/product_tag?post=35388"}],"curies":[{"name":"wp","href":"https:\/\/api.w.org\/{rel}","templated":true}]}}