{"id":35099,"date":"2026-01-27T13:47:00","date_gmt":"2026-01-27T12:47:00","guid":{"rendered":"https:\/\/www.natelli-shop.com\/?post_type=product&#038;p=35099"},"modified":"2026-04-08T01:00:05","modified_gmt":"2026-04-07T23:00:05","slug":"saga-gelpoliermittel-dream-cat-02-10-ml-copy-copy","status":"publish","type":"product","link":"https:\/\/www.natelli-shop.com\/de\/produkt\/saga-gelpoliermittel-dream-cat-02-10-ml-copy-copy\/","title":{"rendered":"Saga Gelpoliermittel Dream Cat 04, 10 ml"},"content":{"rendered":"<p>Dream Cat Saga Crystal Cat&#8217;s Eye Gel Polish, sorgt f\u00fcr einen attraktiven schimmernden Effekt. Selbst mit einer einzigen Farbe wirkt die Manik\u00fcre tiefgr\u00fcndig und vervollst\u00e4ndigt Ihren Look. Die neutrale Farbe erzeugt einen eleganten und geheimnisvollen Effekt.  <\/p>\n<p>Das Produkt ist wischfest und leicht zu kontrollieren. Es enth\u00e4lt zahlreiche metallische Partikel, die durch einen Magneten leicht gelenkt werden k\u00f6nnen. Sie k\u00f6nnen damit interessante Designs und Effekte kreieren. Dream Cat Saga Crystal Cat&#8217;s Eye Gel Polish wird mit der Zeit nicht stumpf oder verblasst. Er tr\u00e4gt sich gut und ist resistent gegen Absplitterungen und Risse.    <\/p>\n<p>Dieses Produkt sieht auch allein gro\u00dfartig aus. Der Katzenaugeneffekt erm\u00f6glicht es Ihnen, das Highlight auf verschiedene Arten zu lenken. Saga Professional Dream Cat Crystal Cat&#8217;s Eye Gel Polish in Braun l\u00e4sst sich auch wunderbar mit anderen Produkten kombinieren, insbesondere mit volumetrischen Elementen und verschiedenen Highlight-Richtungen in verschiedenen Schichten.  <\/p>\n<p><strong>Anwendung:<\/strong><br \/>\n&#8211; Bereiten Sie Ihre N\u00e4gel vor: Polieren Sie die Oberfl\u00e4che und schneiden Sie abgestorbene Nagelhaut weg. Entfetten Sie die Nagelplatte gr\u00fcndlich.<br \/>\n&#8211; Tragen Sie eine d\u00fcnne Schicht Basislack auf und lassen Sie sie in der Lampe aush\u00e4rten.<br \/>\n&#8211; Tragen Sie ein Katzenaugen-Design auf die Saga-N\u00e4gel auf und verteilen Sie es gleichm\u00e4\u00dfig auf der Oberfl\u00e4che.<br \/>\n&#8211; Um den Effekt zu erzielen, halten Sie den Magneten ein paar Millimeter vom Nagel entfernt. Halten Sie ihn ein paar Sekunden lang in der gew\u00fcnschten Position &#8211; vertikal, horizontal oder diagonal &#8211; um das gew\u00fcnschte Muster zu erzeugen.<br \/>\n&#8211; H\u00e4rten Sie die Gelpolierschicht 60 Sekunden lang in einer UV\/LED-Lampe aus.<br \/>\n&#8211; Vervollst\u00e4ndigen Sie den Entwurf.<br \/>\n&#8211; Tragen Sie eine Deckschicht auf, um sie zu versiegeln und ihr Glanz zu verleihen, und lassen Sie sie dann in der Lampe aush\u00e4rten.<br \/>\n&#8211; Nach dem vollst\u00e4ndigen Trocknen entfernen Sie die klebrige Schicht mit einem Reinigungsmittel.<br \/>\n&#8211; Tragen Sie abschlie\u00dfend Nagelhaut\u00f6l auf, um die Nagelhaut mit Feuchtigkeit zu versorgen und zu pflegen.<\/p>\n<div dir=\"auto\"><strong>ZUTATEN:<\/strong> Acrylate Copolymer, HEMA, Hydroxycyclohexyl Phenyl<\/div>\n<div dir=\"auto\">Keton, Natrium, Silikat, Eisenpulver, Zinksulfid,<\/div>\n<div dir=\"auto\"><strong>+\/-: <\/strong>CI 45430, CI 77266, CI 77120, CI 19140, CI 77510.<\/div>\n","protected":false},"excerpt":{"rendered":"<p>Dream Cat Saga Crystal Cat&#8217;s Eye Gel Polish, sorgt f\u00fcr einen attraktiven schimmernden Effekt. Selbst mit einer einzigen Farbe wirkt<\/p>\n","protected":false},"featured_media":35105,"comment_status":"open","ping_status":"closed","template":"","meta":[],"product_brand":[],"product_cat":[438],"product_tag":[],"class_list":{"0":"post-35099","1":"product","2":"type-product","3":"status-publish","4":"has-post-thumbnail","6":"product_cat-cat-eye","8":"first","9":"instock","10":"shipping-taxable","11":"purchasable","12":"product-type-simple"},"yoast_head":"<!-- This site is optimized with the Yoast SEO plugin v23.1 - https:\/\/yoast.com\/wordpress\/plugins\/seo\/ -->\n<title>Saga Gelpoliermittel Dream Cat 04, 10 ml - Natelli - Nail Shop<\/title>\n<meta name=\"robots\" content=\"index, follow, max-snippet:-1, max-image-preview:large, max-video-preview:-1\" \/>\n<link rel=\"canonical\" href=\"https:\/\/www.natelli-shop.com\/de\/produkt\/saga-gelpoliermittel-dream-cat-02-10-ml-copy-copy\/\" \/>\n<meta property=\"og:locale\" content=\"de_DE\" \/>\n<meta property=\"og:type\" content=\"article\" \/>\n<meta property=\"og:title\" content=\"Saga Gelpoliermittel Dream Cat 04, 10 ml - Natelli - Nail Shop\" \/>\n<meta property=\"og:description\" content=\"Dream Cat Saga Crystal Cat&#8217;s Eye Gel Polish, sorgt f\u00fcr einen attraktiven schimmernden Effekt. Selbst mit einer einzigen Farbe wirkt\" \/>\n<meta property=\"og:url\" content=\"https:\/\/www.natelli-shop.com\/de\/produkt\/saga-gelpoliermittel-dream-cat-02-10-ml-copy-copy\/\" \/>\n<meta property=\"og:site_name\" content=\"Natelli - Nail Shop\" \/>\n<meta property=\"article:modified_time\" content=\"2026-04-07T23:00:05+00:00\" \/>\n<meta property=\"og:image\" content=\"https:\/\/i0.wp.com\/www.natelli-shop.com\/wp-content\/uploads\/2026\/01\/dream-cat-1-1-scaled.jpg?fit=2560%2C2560&ssl=1\" \/>\n\t<meta property=\"og:image:width\" content=\"2560\" \/>\n\t<meta property=\"og:image:height\" content=\"2560\" \/>\n\t<meta property=\"og:image:type\" content=\"image\/jpeg\" \/>\n<meta name=\"twitter:card\" content=\"summary_large_image\" \/>\n<meta name=\"twitter:label1\" content=\"Gesch\u00e4tzte Lesezeit\" \/>\n\t<meta name=\"twitter:data1\" content=\"2\u00a0Minuten\" \/>\n<script type=\"application\/ld+json\" class=\"yoast-schema-graph\">{\"@context\":\"https:\/\/schema.org\",\"@graph\":[{\"@type\":\"WebPage\",\"@id\":\"https:\/\/www.natelli-shop.com\/de\/produkt\/saga-gelpoliermittel-dream-cat-02-10-ml-copy-copy\/\",\"url\":\"https:\/\/www.natelli-shop.com\/de\/produkt\/saga-gelpoliermittel-dream-cat-02-10-ml-copy-copy\/\",\"name\":\"Saga Gelpoliermittel Dream Cat 04, 10 ml - Natelli - Nail Shop\",\"isPartOf\":{\"@id\":\"https:\/\/www.natelli-shop.com\/de\/#website\"},\"primaryImageOfPage\":{\"@id\":\"https:\/\/www.natelli-shop.com\/de\/produkt\/saga-gelpoliermittel-dream-cat-02-10-ml-copy-copy\/#primaryimage\"},\"image\":{\"@id\":\"https:\/\/www.natelli-shop.com\/de\/produkt\/saga-gelpoliermittel-dream-cat-02-10-ml-copy-copy\/#primaryimage\"},\"thumbnailUrl\":\"https:\/\/www.natelli-shop.com\/wp-content\/uploads\/2026\/01\/dream-cat-1-1-scaled.jpg\",\"datePublished\":\"2026-01-27T12:47:00+00:00\",\"dateModified\":\"2026-04-07T23:00:05+00:00\",\"breadcrumb\":{\"@id\":\"https:\/\/www.natelli-shop.com\/de\/produkt\/saga-gelpoliermittel-dream-cat-02-10-ml-copy-copy\/#breadcrumb\"},\"inLanguage\":\"de\",\"potentialAction\":[{\"@type\":\"ReadAction\",\"target\":[\"https:\/\/www.natelli-shop.com\/de\/produkt\/saga-gelpoliermittel-dream-cat-02-10-ml-copy-copy\/\"]}]},{\"@type\":\"ImageObject\",\"inLanguage\":\"de\",\"@id\":\"https:\/\/www.natelli-shop.com\/de\/produkt\/saga-gelpoliermittel-dream-cat-02-10-ml-copy-copy\/#primaryimage\",\"url\":\"https:\/\/www.natelli-shop.com\/wp-content\/uploads\/2026\/01\/dream-cat-1-1-scaled.jpg\",\"contentUrl\":\"https:\/\/www.natelli-shop.com\/wp-content\/uploads\/2026\/01\/dream-cat-1-1-scaled.jpg\",\"width\":2560,\"height\":2560},{\"@type\":\"BreadcrumbList\",\"@id\":\"https:\/\/www.natelli-shop.com\/de\/produkt\/saga-gelpoliermittel-dream-cat-02-10-ml-copy-copy\/#breadcrumb\",\"itemListElement\":[{\"@type\":\"ListItem\",\"position\":1,\"name\":\"Home\",\"item\":\"https:\/\/www.natelli-shop.com\/de\/startseite\/\"},{\"@type\":\"ListItem\",\"position\":2,\"name\":\"Shop\",\"item\":\"https:\/\/www.natelli-shop.com\/de\/shop\/\"},{\"@type\":\"ListItem\",\"position\":3,\"name\":\"Saga Gelpoliermittel Dream Cat 04, 10 ml\"}]},{\"@type\":\"WebSite\",\"@id\":\"https:\/\/www.natelli-shop.com\/de\/#website\",\"url\":\"https:\/\/www.natelli-shop.com\/de\/\",\"name\":\"Natelli - Nail Shop\",\"description\":\"\",\"publisher\":{\"@id\":\"https:\/\/www.natelli-shop.com\/de\/#organization\"},\"potentialAction\":[{\"@type\":\"SearchAction\",\"target\":{\"@type\":\"EntryPoint\",\"urlTemplate\":\"https:\/\/www.natelli-shop.com\/de\/?s={search_term_string}\"},\"query-input\":\"required name=search_term_string\"}],\"inLanguage\":\"de\"},{\"@type\":\"Organization\",\"@id\":\"https:\/\/www.natelli-shop.com\/de\/#organization\",\"name\":\"Natelli - Nail Shop\",\"url\":\"https:\/\/www.natelli-shop.com\/de\/\",\"logo\":{\"@type\":\"ImageObject\",\"inLanguage\":\"de\",\"@id\":\"https:\/\/www.natelli-shop.com\/de\/#\/schema\/logo\/image\/\",\"url\":\"https:\/\/www.natelli-shop.com\/wp-content\/uploads\/2024\/08\/\u0438\u0437\u043e\u0431\u0440\u0430\u0436\u0435\u043d\u0438\u0435_viber_2024-07-31_10-59-46-791.jpg\",\"contentUrl\":\"https:\/\/www.natelli-shop.com\/wp-content\/uploads\/2024\/08\/\u0438\u0437\u043e\u0431\u0440\u0430\u0436\u0435\u043d\u0438\u0435_viber_2024-07-31_10-59-46-791.jpg\",\"width\":1181,\"height\":1186,\"caption\":\"Natelli - Nail Shop\"},\"image\":{\"@id\":\"https:\/\/www.natelli-shop.com\/de\/#\/schema\/logo\/image\/\"}}]}<\/script>\n<!-- \/ Yoast SEO plugin. -->","yoast_head_json":{"title":"Saga Gelpoliermittel Dream Cat 04, 10 ml - Natelli - Nail Shop","robots":{"index":"index","follow":"follow","max-snippet":"max-snippet:-1","max-image-preview":"max-image-preview:large","max-video-preview":"max-video-preview:-1"},"canonical":"https:\/\/www.natelli-shop.com\/de\/produkt\/saga-gelpoliermittel-dream-cat-02-10-ml-copy-copy\/","og_locale":"de_DE","og_type":"article","og_title":"Saga Gelpoliermittel Dream Cat 04, 10 ml - Natelli - Nail Shop","og_description":"Dream Cat Saga Crystal Cat&#8217;s Eye Gel Polish, sorgt f\u00fcr einen attraktiven schimmernden Effekt. Selbst mit einer einzigen Farbe wirkt","og_url":"https:\/\/www.natelli-shop.com\/de\/produkt\/saga-gelpoliermittel-dream-cat-02-10-ml-copy-copy\/","og_site_name":"Natelli - Nail Shop","article_modified_time":"2026-04-07T23:00:05+00:00","og_image":[{"width":2560,"height":2560,"url":"https:\/\/i0.wp.com\/www.natelli-shop.com\/wp-content\/uploads\/2026\/01\/dream-cat-1-1-scaled.jpg?fit=2560%2C2560&ssl=1","type":"image\/jpeg"}],"twitter_card":"summary_large_image","twitter_misc":{"Gesch\u00e4tzte Lesezeit":"2\u00a0Minuten"},"schema":{"@context":"https:\/\/schema.org","@graph":[{"@type":"WebPage","@id":"https:\/\/www.natelli-shop.com\/de\/produkt\/saga-gelpoliermittel-dream-cat-02-10-ml-copy-copy\/","url":"https:\/\/www.natelli-shop.com\/de\/produkt\/saga-gelpoliermittel-dream-cat-02-10-ml-copy-copy\/","name":"Saga Gelpoliermittel Dream Cat 04, 10 ml - Natelli - Nail Shop","isPartOf":{"@id":"https:\/\/www.natelli-shop.com\/de\/#website"},"primaryImageOfPage":{"@id":"https:\/\/www.natelli-shop.com\/de\/produkt\/saga-gelpoliermittel-dream-cat-02-10-ml-copy-copy\/#primaryimage"},"image":{"@id":"https:\/\/www.natelli-shop.com\/de\/produkt\/saga-gelpoliermittel-dream-cat-02-10-ml-copy-copy\/#primaryimage"},"thumbnailUrl":"https:\/\/www.natelli-shop.com\/wp-content\/uploads\/2026\/01\/dream-cat-1-1-scaled.jpg","datePublished":"2026-01-27T12:47:00+00:00","dateModified":"2026-04-07T23:00:05+00:00","breadcrumb":{"@id":"https:\/\/www.natelli-shop.com\/de\/produkt\/saga-gelpoliermittel-dream-cat-02-10-ml-copy-copy\/#breadcrumb"},"inLanguage":"de","potentialAction":[{"@type":"ReadAction","target":["https:\/\/www.natelli-shop.com\/de\/produkt\/saga-gelpoliermittel-dream-cat-02-10-ml-copy-copy\/"]}]},{"@type":"ImageObject","inLanguage":"de","@id":"https:\/\/www.natelli-shop.com\/de\/produkt\/saga-gelpoliermittel-dream-cat-02-10-ml-copy-copy\/#primaryimage","url":"https:\/\/www.natelli-shop.com\/wp-content\/uploads\/2026\/01\/dream-cat-1-1-scaled.jpg","contentUrl":"https:\/\/www.natelli-shop.com\/wp-content\/uploads\/2026\/01\/dream-cat-1-1-scaled.jpg","width":2560,"height":2560},{"@type":"BreadcrumbList","@id":"https:\/\/www.natelli-shop.com\/de\/produkt\/saga-gelpoliermittel-dream-cat-02-10-ml-copy-copy\/#breadcrumb","itemListElement":[{"@type":"ListItem","position":1,"name":"Home","item":"https:\/\/www.natelli-shop.com\/de\/startseite\/"},{"@type":"ListItem","position":2,"name":"Shop","item":"https:\/\/www.natelli-shop.com\/de\/shop\/"},{"@type":"ListItem","position":3,"name":"Saga Gelpoliermittel Dream Cat 04, 10 ml"}]},{"@type":"WebSite","@id":"https:\/\/www.natelli-shop.com\/de\/#website","url":"https:\/\/www.natelli-shop.com\/de\/","name":"Natelli - Nail Shop","description":"","publisher":{"@id":"https:\/\/www.natelli-shop.com\/de\/#organization"},"potentialAction":[{"@type":"SearchAction","target":{"@type":"EntryPoint","urlTemplate":"https:\/\/www.natelli-shop.com\/de\/?s={search_term_string}"},"query-input":"required name=search_term_string"}],"inLanguage":"de"},{"@type":"Organization","@id":"https:\/\/www.natelli-shop.com\/de\/#organization","name":"Natelli - Nail Shop","url":"https:\/\/www.natelli-shop.com\/de\/","logo":{"@type":"ImageObject","inLanguage":"de","@id":"https:\/\/www.natelli-shop.com\/de\/#\/schema\/logo\/image\/","url":"https:\/\/www.natelli-shop.com\/wp-content\/uploads\/2024\/08\/\u0438\u0437\u043e\u0431\u0440\u0430\u0436\u0435\u043d\u0438\u0435_viber_2024-07-31_10-59-46-791.jpg","contentUrl":"https:\/\/www.natelli-shop.com\/wp-content\/uploads\/2024\/08\/\u0438\u0437\u043e\u0431\u0440\u0430\u0436\u0435\u043d\u0438\u0435_viber_2024-07-31_10-59-46-791.jpg","width":1181,"height":1186,"caption":"Natelli - Nail Shop"},"image":{"@id":"https:\/\/www.natelli-shop.com\/de\/#\/schema\/logo\/image\/"}}]}},"jetpack_sharing_enabled":true,"_links":{"self":[{"href":"https:\/\/www.natelli-shop.com\/de\/wp-json\/wp\/v2\/product\/35099","targetHints":{"allow":["GET"]}}],"collection":[{"href":"https:\/\/www.natelli-shop.com\/de\/wp-json\/wp\/v2\/product"}],"about":[{"href":"https:\/\/www.natelli-shop.com\/de\/wp-json\/wp\/v2\/types\/product"}],"replies":[{"embeddable":true,"href":"https:\/\/www.natelli-shop.com\/de\/wp-json\/wp\/v2\/comments?post=35099"}],"version-history":[{"count":0,"href":"https:\/\/www.natelli-shop.com\/de\/wp-json\/wp\/v2\/product\/35099\/revisions"}],"wp:featuredmedia":[{"embeddable":true,"href":"https:\/\/www.natelli-shop.com\/de\/wp-json\/wp\/v2\/media\/35105"}],"wp:attachment":[{"href":"https:\/\/www.natelli-shop.com\/de\/wp-json\/wp\/v2\/media?parent=35099"}],"wp:term":[{"taxonomy":"product_brand","embeddable":true,"href":"https:\/\/www.natelli-shop.com\/de\/wp-json\/wp\/v2\/product_brand?post=35099"},{"taxonomy":"product_cat","embeddable":true,"href":"https:\/\/www.natelli-shop.com\/de\/wp-json\/wp\/v2\/product_cat?post=35099"},{"taxonomy":"product_tag","embeddable":true,"href":"https:\/\/www.natelli-shop.com\/de\/wp-json\/wp\/v2\/product_tag?post=35099"}],"curies":[{"name":"wp","href":"https:\/\/api.w.org\/{rel}","templated":true}]}}