{"id":34991,"date":"2026-01-27T12:43:00","date_gmt":"2026-01-27T11:43:00","guid":{"rendered":"https:\/\/www.natelli-shop.com\/?post_type=product&#038;p=34991"},"modified":"2026-04-08T01:00:07","modified_gmt":"2026-04-07T23:00:07","slug":"saga-gel-politur-wein-katze-05-10-ml-copy","status":"publish","type":"product","link":"https:\/\/www.natelli-shop.com\/de\/produkt\/saga-gel-politur-wein-katze-05-10-ml-copy\/","title":{"rendered":"SAGA Gel-Politur Wein Katze 08, 10 ml"},"content":{"rendered":"<p>Die Gelpolituren von SAGA Wine Cat lassen niemanden gleichg\u00fcltig. Die schimmernden Farben werden alle Blicke auf sich ziehen und ihre Besitzerin wird sich nicht an ihnen satt sehen k\u00f6nnen. Diese Serie von Gelpolieren wird immer eine angenehme Erg\u00e4nzung zu einer gew\u00f6hnlichen Manik\u00fcre sein.  <\/p>\n<p>Volumen: 10 ml<\/p>\n<h3>ANWENDUNGSTECHNIK:<\/h3>\n<ol>\n<li>Lassen Sie sich eine Manik\u00fcre machen.<\/li>\n<li>Verwenden Sie eine Feile, um die gew\u00fcnschte Nagelform zu erstellen.<\/li>\n<li>Schleifen Sie die Oberfl\u00e4che mit einer Schleifscheibe ab.<\/li>\n<li>Tragen Sie den Entfetter auf.<\/li>\n<li>Grundierung auftragen. In der Lampe aush\u00e4rten. <\/li>\n<li>Falls gew\u00fcnscht, k\u00f6nnen Sie einen farbigen Gel-Lack als Basis auftragen oder direkt mit der SAGA Wild Cat Beschichtung fortfahren.<\/li>\n<li>Bringen Sie den Magneten auf einen Abstand von 3-4 mm und halten Sie ihn 5 Sekunden lang, um die gew\u00fcnschte Blendung zu erzeugen.<\/li>\n<li>In einer Lampe trocknen: LED &#8211; 30 Sekunden oder UV &#8211; 120 Sekunden.<\/li>\n<li>Um ein intensiveres Highlight zu erzielen, tragen Sie 2 Schichten Gel-Lack auf.<\/li>\n<li>Tragen Sie den Decklack auf und h\u00e4rten Sie ihn unter der Lampe aus.<\/li>\n<li>Entfernen Sie die Klebrigkeit (falls erforderlich) mit einem Klebefilmentferner.<\/li>\n<li>Tragen Sie am Ende der Prozedur Nagelhaut\u00f6l auf.<\/li>\n<\/ol>\n","protected":false},"excerpt":{"rendered":"<p>Die Gelpolituren von SAGA Wine Cat lassen niemanden gleichg\u00fcltig. Die schimmernden Farben werden alle Blicke auf sich ziehen und ihre<\/p>\n","protected":false},"featured_media":35000,"comment_status":"open","ping_status":"closed","template":"","meta":[],"product_brand":[],"product_cat":[438],"product_tag":[],"class_list":{"0":"post-34991","1":"product","2":"type-product","3":"status-publish","4":"has-post-thumbnail","6":"product_cat-cat-eye","8":"first","9":"instock","10":"shipping-taxable","11":"purchasable","12":"product-type-simple"},"yoast_head":"<!-- This site is optimized with the Yoast SEO plugin v23.1 - https:\/\/yoast.com\/wordpress\/plugins\/seo\/ -->\n<title>SAGA Gel-Politur Wein Katze 08, 10 ml - Natelli - Nail Shop<\/title>\n<meta name=\"robots\" content=\"index, follow, max-snippet:-1, max-image-preview:large, max-video-preview:-1\" \/>\n<link rel=\"canonical\" href=\"https:\/\/www.natelli-shop.com\/de\/produkt\/saga-gel-politur-wein-katze-05-10-ml-copy\/\" \/>\n<meta property=\"og:locale\" content=\"de_DE\" \/>\n<meta property=\"og:type\" content=\"article\" \/>\n<meta property=\"og:title\" content=\"SAGA Gel-Politur Wein Katze 08, 10 ml - Natelli - Nail Shop\" \/>\n<meta property=\"og:description\" content=\"Die Gelpolituren von SAGA Wine Cat lassen niemanden gleichg\u00fcltig. Die schimmernden Farben werden alle Blicke auf sich ziehen und ihre\" \/>\n<meta property=\"og:url\" content=\"https:\/\/www.natelli-shop.com\/de\/produkt\/saga-gel-politur-wein-katze-05-10-ml-copy\/\" \/>\n<meta property=\"og:site_name\" content=\"Natelli - Nail Shop\" \/>\n<meta property=\"article:modified_time\" content=\"2026-04-07T23:00:07+00:00\" \/>\n<meta property=\"og:image\" content=\"https:\/\/i0.wp.com\/www.natelli-shop.com\/wp-content\/uploads\/2026\/01\/748899-24_800x800.jpg?fit=800%2C704&ssl=1\" \/>\n\t<meta property=\"og:image:width\" content=\"800\" \/>\n\t<meta property=\"og:image:height\" content=\"704\" \/>\n\t<meta property=\"og:image:type\" content=\"image\/jpeg\" \/>\n<meta name=\"twitter:card\" content=\"summary_large_image\" \/>\n<meta name=\"twitter:label1\" content=\"Gesch\u00e4tzte Lesezeit\" \/>\n\t<meta name=\"twitter:data1\" content=\"1\u00a0Minute\" \/>\n<script type=\"application\/ld+json\" class=\"yoast-schema-graph\">{\"@context\":\"https:\/\/schema.org\",\"@graph\":[{\"@type\":\"WebPage\",\"@id\":\"https:\/\/www.natelli-shop.com\/de\/produkt\/saga-gel-politur-wein-katze-05-10-ml-copy\/\",\"url\":\"https:\/\/www.natelli-shop.com\/de\/produkt\/saga-gel-politur-wein-katze-05-10-ml-copy\/\",\"name\":\"SAGA Gel-Politur Wein Katze 08, 10 ml - Natelli - Nail Shop\",\"isPartOf\":{\"@id\":\"https:\/\/www.natelli-shop.com\/de\/#website\"},\"primaryImageOfPage\":{\"@id\":\"https:\/\/www.natelli-shop.com\/de\/produkt\/saga-gel-politur-wein-katze-05-10-ml-copy\/#primaryimage\"},\"image\":{\"@id\":\"https:\/\/www.natelli-shop.com\/de\/produkt\/saga-gel-politur-wein-katze-05-10-ml-copy\/#primaryimage\"},\"thumbnailUrl\":\"https:\/\/www.natelli-shop.com\/wp-content\/uploads\/2026\/01\/748899-24_800x800.jpg\",\"datePublished\":\"2026-01-27T11:43:00+00:00\",\"dateModified\":\"2026-04-07T23:00:07+00:00\",\"breadcrumb\":{\"@id\":\"https:\/\/www.natelli-shop.com\/de\/produkt\/saga-gel-politur-wein-katze-05-10-ml-copy\/#breadcrumb\"},\"inLanguage\":\"de\",\"potentialAction\":[{\"@type\":\"ReadAction\",\"target\":[\"https:\/\/www.natelli-shop.com\/de\/produkt\/saga-gel-politur-wein-katze-05-10-ml-copy\/\"]}]},{\"@type\":\"ImageObject\",\"inLanguage\":\"de\",\"@id\":\"https:\/\/www.natelli-shop.com\/de\/produkt\/saga-gel-politur-wein-katze-05-10-ml-copy\/#primaryimage\",\"url\":\"https:\/\/www.natelli-shop.com\/wp-content\/uploads\/2026\/01\/748899-24_800x800.jpg\",\"contentUrl\":\"https:\/\/www.natelli-shop.com\/wp-content\/uploads\/2026\/01\/748899-24_800x800.jpg\",\"width\":800,\"height\":704},{\"@type\":\"BreadcrumbList\",\"@id\":\"https:\/\/www.natelli-shop.com\/de\/produkt\/saga-gel-politur-wein-katze-05-10-ml-copy\/#breadcrumb\",\"itemListElement\":[{\"@type\":\"ListItem\",\"position\":1,\"name\":\"Home\",\"item\":\"https:\/\/www.natelli-shop.com\/de\/startseite\/\"},{\"@type\":\"ListItem\",\"position\":2,\"name\":\"Shop\",\"item\":\"https:\/\/www.natelli-shop.com\/de\/shop\/\"},{\"@type\":\"ListItem\",\"position\":3,\"name\":\"SAGA Gel-Politur Wein Katze 08, 10 ml\"}]},{\"@type\":\"WebSite\",\"@id\":\"https:\/\/www.natelli-shop.com\/de\/#website\",\"url\":\"https:\/\/www.natelli-shop.com\/de\/\",\"name\":\"Natelli - Nail Shop\",\"description\":\"\",\"publisher\":{\"@id\":\"https:\/\/www.natelli-shop.com\/de\/#organization\"},\"potentialAction\":[{\"@type\":\"SearchAction\",\"target\":{\"@type\":\"EntryPoint\",\"urlTemplate\":\"https:\/\/www.natelli-shop.com\/de\/?s={search_term_string}\"},\"query-input\":\"required name=search_term_string\"}],\"inLanguage\":\"de\"},{\"@type\":\"Organization\",\"@id\":\"https:\/\/www.natelli-shop.com\/de\/#organization\",\"name\":\"Natelli - Nail Shop\",\"url\":\"https:\/\/www.natelli-shop.com\/de\/\",\"logo\":{\"@type\":\"ImageObject\",\"inLanguage\":\"de\",\"@id\":\"https:\/\/www.natelli-shop.com\/de\/#\/schema\/logo\/image\/\",\"url\":\"https:\/\/www.natelli-shop.com\/wp-content\/uploads\/2024\/08\/\u0438\u0437\u043e\u0431\u0440\u0430\u0436\u0435\u043d\u0438\u0435_viber_2024-07-31_10-59-46-791.jpg\",\"contentUrl\":\"https:\/\/www.natelli-shop.com\/wp-content\/uploads\/2024\/08\/\u0438\u0437\u043e\u0431\u0440\u0430\u0436\u0435\u043d\u0438\u0435_viber_2024-07-31_10-59-46-791.jpg\",\"width\":1181,\"height\":1186,\"caption\":\"Natelli - Nail Shop\"},\"image\":{\"@id\":\"https:\/\/www.natelli-shop.com\/de\/#\/schema\/logo\/image\/\"}}]}<\/script>\n<!-- \/ Yoast SEO plugin. -->","yoast_head_json":{"title":"SAGA Gel-Politur Wein Katze 08, 10 ml - Natelli - Nail Shop","robots":{"index":"index","follow":"follow","max-snippet":"max-snippet:-1","max-image-preview":"max-image-preview:large","max-video-preview":"max-video-preview:-1"},"canonical":"https:\/\/www.natelli-shop.com\/de\/produkt\/saga-gel-politur-wein-katze-05-10-ml-copy\/","og_locale":"de_DE","og_type":"article","og_title":"SAGA Gel-Politur Wein Katze 08, 10 ml - Natelli - Nail Shop","og_description":"Die Gelpolituren von SAGA Wine Cat lassen niemanden gleichg\u00fcltig. Die schimmernden Farben werden alle Blicke auf sich ziehen und ihre","og_url":"https:\/\/www.natelli-shop.com\/de\/produkt\/saga-gel-politur-wein-katze-05-10-ml-copy\/","og_site_name":"Natelli - Nail Shop","article_modified_time":"2026-04-07T23:00:07+00:00","og_image":[{"width":800,"height":704,"url":"https:\/\/i0.wp.com\/www.natelli-shop.com\/wp-content\/uploads\/2026\/01\/748899-24_800x800.jpg?fit=800%2C704&ssl=1","type":"image\/jpeg"}],"twitter_card":"summary_large_image","twitter_misc":{"Gesch\u00e4tzte Lesezeit":"1\u00a0Minute"},"schema":{"@context":"https:\/\/schema.org","@graph":[{"@type":"WebPage","@id":"https:\/\/www.natelli-shop.com\/de\/produkt\/saga-gel-politur-wein-katze-05-10-ml-copy\/","url":"https:\/\/www.natelli-shop.com\/de\/produkt\/saga-gel-politur-wein-katze-05-10-ml-copy\/","name":"SAGA Gel-Politur Wein Katze 08, 10 ml - Natelli - Nail Shop","isPartOf":{"@id":"https:\/\/www.natelli-shop.com\/de\/#website"},"primaryImageOfPage":{"@id":"https:\/\/www.natelli-shop.com\/de\/produkt\/saga-gel-politur-wein-katze-05-10-ml-copy\/#primaryimage"},"image":{"@id":"https:\/\/www.natelli-shop.com\/de\/produkt\/saga-gel-politur-wein-katze-05-10-ml-copy\/#primaryimage"},"thumbnailUrl":"https:\/\/www.natelli-shop.com\/wp-content\/uploads\/2026\/01\/748899-24_800x800.jpg","datePublished":"2026-01-27T11:43:00+00:00","dateModified":"2026-04-07T23:00:07+00:00","breadcrumb":{"@id":"https:\/\/www.natelli-shop.com\/de\/produkt\/saga-gel-politur-wein-katze-05-10-ml-copy\/#breadcrumb"},"inLanguage":"de","potentialAction":[{"@type":"ReadAction","target":["https:\/\/www.natelli-shop.com\/de\/produkt\/saga-gel-politur-wein-katze-05-10-ml-copy\/"]}]},{"@type":"ImageObject","inLanguage":"de","@id":"https:\/\/www.natelli-shop.com\/de\/produkt\/saga-gel-politur-wein-katze-05-10-ml-copy\/#primaryimage","url":"https:\/\/www.natelli-shop.com\/wp-content\/uploads\/2026\/01\/748899-24_800x800.jpg","contentUrl":"https:\/\/www.natelli-shop.com\/wp-content\/uploads\/2026\/01\/748899-24_800x800.jpg","width":800,"height":704},{"@type":"BreadcrumbList","@id":"https:\/\/www.natelli-shop.com\/de\/produkt\/saga-gel-politur-wein-katze-05-10-ml-copy\/#breadcrumb","itemListElement":[{"@type":"ListItem","position":1,"name":"Home","item":"https:\/\/www.natelli-shop.com\/de\/startseite\/"},{"@type":"ListItem","position":2,"name":"Shop","item":"https:\/\/www.natelli-shop.com\/de\/shop\/"},{"@type":"ListItem","position":3,"name":"SAGA Gel-Politur Wein Katze 08, 10 ml"}]},{"@type":"WebSite","@id":"https:\/\/www.natelli-shop.com\/de\/#website","url":"https:\/\/www.natelli-shop.com\/de\/","name":"Natelli - Nail Shop","description":"","publisher":{"@id":"https:\/\/www.natelli-shop.com\/de\/#organization"},"potentialAction":[{"@type":"SearchAction","target":{"@type":"EntryPoint","urlTemplate":"https:\/\/www.natelli-shop.com\/de\/?s={search_term_string}"},"query-input":"required name=search_term_string"}],"inLanguage":"de"},{"@type":"Organization","@id":"https:\/\/www.natelli-shop.com\/de\/#organization","name":"Natelli - Nail Shop","url":"https:\/\/www.natelli-shop.com\/de\/","logo":{"@type":"ImageObject","inLanguage":"de","@id":"https:\/\/www.natelli-shop.com\/de\/#\/schema\/logo\/image\/","url":"https:\/\/www.natelli-shop.com\/wp-content\/uploads\/2024\/08\/\u0438\u0437\u043e\u0431\u0440\u0430\u0436\u0435\u043d\u0438\u0435_viber_2024-07-31_10-59-46-791.jpg","contentUrl":"https:\/\/www.natelli-shop.com\/wp-content\/uploads\/2024\/08\/\u0438\u0437\u043e\u0431\u0440\u0430\u0436\u0435\u043d\u0438\u0435_viber_2024-07-31_10-59-46-791.jpg","width":1181,"height":1186,"caption":"Natelli - Nail Shop"},"image":{"@id":"https:\/\/www.natelli-shop.com\/de\/#\/schema\/logo\/image\/"}}]}},"jetpack_sharing_enabled":true,"_links":{"self":[{"href":"https:\/\/www.natelli-shop.com\/de\/wp-json\/wp\/v2\/product\/34991","targetHints":{"allow":["GET"]}}],"collection":[{"href":"https:\/\/www.natelli-shop.com\/de\/wp-json\/wp\/v2\/product"}],"about":[{"href":"https:\/\/www.natelli-shop.com\/de\/wp-json\/wp\/v2\/types\/product"}],"replies":[{"embeddable":true,"href":"https:\/\/www.natelli-shop.com\/de\/wp-json\/wp\/v2\/comments?post=34991"}],"version-history":[{"count":0,"href":"https:\/\/www.natelli-shop.com\/de\/wp-json\/wp\/v2\/product\/34991\/revisions"}],"wp:featuredmedia":[{"embeddable":true,"href":"https:\/\/www.natelli-shop.com\/de\/wp-json\/wp\/v2\/media\/35000"}],"wp:attachment":[{"href":"https:\/\/www.natelli-shop.com\/de\/wp-json\/wp\/v2\/media?parent=34991"}],"wp:term":[{"taxonomy":"product_brand","embeddable":true,"href":"https:\/\/www.natelli-shop.com\/de\/wp-json\/wp\/v2\/product_brand?post=34991"},{"taxonomy":"product_cat","embeddable":true,"href":"https:\/\/www.natelli-shop.com\/de\/wp-json\/wp\/v2\/product_cat?post=34991"},{"taxonomy":"product_tag","embeddable":true,"href":"https:\/\/www.natelli-shop.com\/de\/wp-json\/wp\/v2\/product_tag?post=34991"}],"curies":[{"name":"wp","href":"https:\/\/api.w.org\/{rel}","templated":true}]}}