{"id":34863,"date":"2026-01-27T10:55:12","date_gmt":"2026-01-27T09:55:12","guid":{"rendered":"https:\/\/www.natelli-shop.com\/?post_type=product&#038;p=34863"},"modified":"2026-01-27T11:04:21","modified_gmt":"2026-01-27T10:04:21","slug":"saga-stiff-gel-gel-jelly-natural-beige-15-ml-copy","status":"publish","type":"product","link":"https:\/\/www.natelli-shop.com\/de\/produkt\/saga-stiff-gel-gel-jelly-natural-beige-15-ml-copy\/","title":{"rendered":"SAGA STIFF Gel gel-jelly Pastel (kaltes Beige), 15 ml"},"content":{"rendered":"<p>Saga Stiff Gel hat eine dicke Konsistenz, breitet sich nicht aus und eignet sich dank dieser Konsistenz hervorragend zum Reparieren von N\u00e4geln. Mit diesem Gel k\u00f6nnen Sie abgebrochene Nagelecken vervollst\u00e4ndigen oder N\u00e4gel, die nach unten wachsen, anheben. Das Gel ist sehr stark, was eine weitere gro\u00dfartige Eigenschaft f\u00fcr die Nagelverst\u00e4rkung ist. Es brennt nicht w\u00e4hrend der Polymerisation.  <\/p>\n<p>Gel-Gelee, mit dem Sie bequem und schnell arbeiten k\u00f6nnen:<\/p>\n<ul>\n<li>vervollst\u00e4ndigen Sie die Ecken;<\/li>\n<li>1-2 mm in der L\u00e4nge wachsen;<\/li>\n<li>st\u00e4rken Sie die Nagelspitze.<\/li>\n<\/ul>\n<p>Volumen: 13 ml<\/p>\n<h2>Anwendungsmethode:<\/h2>\n<ol>\n<li>Polieren Sie die Nagelplatte leicht, entfernen Sie den nat\u00fcrlichen Glanz, entfetten Sie sie und tragen Sie eine saure Grundierung auf;<\/li>\n<li>Tragen Sie eine d\u00fcnne Schicht Base auf und lassen Sie sie in einer Lampe trocknen;<\/li>\n<li>Tragen Sie mit reibenden H\u00e4nden eine d\u00fcnne Schicht Gel-Gelee auf und legen Sie die N\u00e4gel in die Lampe (Trocknung in der LED-Lampe f\u00fcr 1 Minute, im UV-Ger\u00e4t &#8211; 2 Minuten).<\/li>\n<li>Tragen Sie eine zweite Schicht Gel auf, die die Architektur des Nagels bildet.<\/li>\n<li>Wiederholen Sie die Polymerisation in der Lampe f\u00fcr die gleiche Zeitspanne.<\/li>\n<li>Geben Sie Pr\u00e4zision mit einer Datei.<\/li>\n<\/ol>\n<h2>Lagerung:<\/h2>\n<p>Acrylat-Copolymer, Isopropylalkohol, Butylacetat, Dimethicon, mikrokristallines Wachs, Glimmer, CI 15880, CI 77491, CI 77492, CI 77891.<\/p>\n","protected":false},"excerpt":{"rendered":"<p>Saga Stiff Gel hat eine dicke Konsistenz, breitet sich nicht aus und eignet sich dank dieser Konsistenz hervorragend zum Reparieren<\/p>\n","protected":false},"featured_media":34866,"comment_status":"open","ping_status":"closed","template":"","meta":[],"product_brand":[],"product_cat":[547],"product_tag":[],"class_list":{"0":"post-34863","1":"product","2":"type-product","3":"status-publish","4":"has-post-thumbnail","6":"product_cat-stiff-gel","8":"first","9":"outofstock","10":"shipping-taxable","11":"purchasable","12":"product-type-simple"},"yoast_head":"<!-- This site is optimized with the Yoast SEO plugin v23.1 - https:\/\/yoast.com\/wordpress\/plugins\/seo\/ -->\n<title>SAGA STIFF Gel gel-jelly Pastel (kaltes Beige), 15 ml - Natelli - Nail Shop<\/title>\n<meta name=\"robots\" content=\"index, follow, max-snippet:-1, max-image-preview:large, max-video-preview:-1\" \/>\n<link rel=\"canonical\" href=\"https:\/\/www.natelli-shop.com\/de\/produkt\/saga-stiff-gel-gel-jelly-natural-beige-15-ml-copy\/\" \/>\n<meta property=\"og:locale\" content=\"de_DE\" \/>\n<meta property=\"og:type\" content=\"article\" \/>\n<meta property=\"og:title\" content=\"SAGA STIFF Gel gel-jelly Pastel (kaltes Beige), 15 ml - Natelli - Nail Shop\" \/>\n<meta property=\"og:description\" content=\"Saga Stiff Gel hat eine dicke Konsistenz, breitet sich nicht aus und eignet sich dank dieser Konsistenz hervorragend zum Reparieren\" \/>\n<meta property=\"og:url\" content=\"https:\/\/www.natelli-shop.com\/de\/produkt\/saga-stiff-gel-gel-jelly-natural-beige-15-ml-copy\/\" \/>\n<meta property=\"og:site_name\" content=\"Natelli - Nail Shop\" \/>\n<meta property=\"article:modified_time\" content=\"2026-01-27T10:04:21+00:00\" \/>\n<meta property=\"og:image\" content=\"https:\/\/i0.wp.com\/www.natelli-shop.com\/wp-content\/uploads\/2026\/01\/651974-24-9_800x800.jpg?fit=800%2C704&ssl=1\" \/>\n\t<meta property=\"og:image:width\" content=\"800\" \/>\n\t<meta property=\"og:image:height\" content=\"704\" \/>\n\t<meta property=\"og:image:type\" content=\"image\/jpeg\" \/>\n<meta name=\"twitter:card\" content=\"summary_large_image\" \/>\n<meta name=\"twitter:label1\" content=\"Gesch\u00e4tzte Lesezeit\" \/>\n\t<meta name=\"twitter:data1\" content=\"1\u00a0Minute\" \/>\n<script type=\"application\/ld+json\" class=\"yoast-schema-graph\">{\"@context\":\"https:\/\/schema.org\",\"@graph\":[{\"@type\":\"WebPage\",\"@id\":\"https:\/\/www.natelli-shop.com\/de\/produkt\/saga-stiff-gel-gel-jelly-natural-beige-15-ml-copy\/\",\"url\":\"https:\/\/www.natelli-shop.com\/de\/produkt\/saga-stiff-gel-gel-jelly-natural-beige-15-ml-copy\/\",\"name\":\"SAGA STIFF Gel gel-jelly Pastel (kaltes Beige), 15 ml - Natelli - Nail Shop\",\"isPartOf\":{\"@id\":\"https:\/\/www.natelli-shop.com\/de\/#website\"},\"primaryImageOfPage\":{\"@id\":\"https:\/\/www.natelli-shop.com\/de\/produkt\/saga-stiff-gel-gel-jelly-natural-beige-15-ml-copy\/#primaryimage\"},\"image\":{\"@id\":\"https:\/\/www.natelli-shop.com\/de\/produkt\/saga-stiff-gel-gel-jelly-natural-beige-15-ml-copy\/#primaryimage\"},\"thumbnailUrl\":\"https:\/\/www.natelli-shop.com\/wp-content\/uploads\/2026\/01\/651974-24-9_800x800.jpg\",\"datePublished\":\"2026-01-27T09:55:12+00:00\",\"dateModified\":\"2026-01-27T10:04:21+00:00\",\"breadcrumb\":{\"@id\":\"https:\/\/www.natelli-shop.com\/de\/produkt\/saga-stiff-gel-gel-jelly-natural-beige-15-ml-copy\/#breadcrumb\"},\"inLanguage\":\"de\",\"potentialAction\":[{\"@type\":\"ReadAction\",\"target\":[\"https:\/\/www.natelli-shop.com\/de\/produkt\/saga-stiff-gel-gel-jelly-natural-beige-15-ml-copy\/\"]}]},{\"@type\":\"ImageObject\",\"inLanguage\":\"de\",\"@id\":\"https:\/\/www.natelli-shop.com\/de\/produkt\/saga-stiff-gel-gel-jelly-natural-beige-15-ml-copy\/#primaryimage\",\"url\":\"https:\/\/www.natelli-shop.com\/wp-content\/uploads\/2026\/01\/651974-24-9_800x800.jpg\",\"contentUrl\":\"https:\/\/www.natelli-shop.com\/wp-content\/uploads\/2026\/01\/651974-24-9_800x800.jpg\",\"width\":800,\"height\":704},{\"@type\":\"BreadcrumbList\",\"@id\":\"https:\/\/www.natelli-shop.com\/de\/produkt\/saga-stiff-gel-gel-jelly-natural-beige-15-ml-copy\/#breadcrumb\",\"itemListElement\":[{\"@type\":\"ListItem\",\"position\":1,\"name\":\"Home\",\"item\":\"https:\/\/www.natelli-shop.com\/de\/startseite\/\"},{\"@type\":\"ListItem\",\"position\":2,\"name\":\"Shop\",\"item\":\"https:\/\/www.natelli-shop.com\/de\/shop\/\"},{\"@type\":\"ListItem\",\"position\":3,\"name\":\"SAGA STIFF Gel gel-jelly Pastel (kaltes Beige), 15 ml\"}]},{\"@type\":\"WebSite\",\"@id\":\"https:\/\/www.natelli-shop.com\/de\/#website\",\"url\":\"https:\/\/www.natelli-shop.com\/de\/\",\"name\":\"Natelli - Nail Shop\",\"description\":\"\",\"publisher\":{\"@id\":\"https:\/\/www.natelli-shop.com\/de\/#organization\"},\"potentialAction\":[{\"@type\":\"SearchAction\",\"target\":{\"@type\":\"EntryPoint\",\"urlTemplate\":\"https:\/\/www.natelli-shop.com\/de\/?s={search_term_string}\"},\"query-input\":\"required name=search_term_string\"}],\"inLanguage\":\"de\"},{\"@type\":\"Organization\",\"@id\":\"https:\/\/www.natelli-shop.com\/de\/#organization\",\"name\":\"Natelli - Nail Shop\",\"url\":\"https:\/\/www.natelli-shop.com\/de\/\",\"logo\":{\"@type\":\"ImageObject\",\"inLanguage\":\"de\",\"@id\":\"https:\/\/www.natelli-shop.com\/de\/#\/schema\/logo\/image\/\",\"url\":\"https:\/\/www.natelli-shop.com\/wp-content\/uploads\/2024\/08\/\u0438\u0437\u043e\u0431\u0440\u0430\u0436\u0435\u043d\u0438\u0435_viber_2024-07-31_10-59-46-791.jpg\",\"contentUrl\":\"https:\/\/www.natelli-shop.com\/wp-content\/uploads\/2024\/08\/\u0438\u0437\u043e\u0431\u0440\u0430\u0436\u0435\u043d\u0438\u0435_viber_2024-07-31_10-59-46-791.jpg\",\"width\":1181,\"height\":1186,\"caption\":\"Natelli - Nail Shop\"},\"image\":{\"@id\":\"https:\/\/www.natelli-shop.com\/de\/#\/schema\/logo\/image\/\"}}]}<\/script>\n<!-- \/ Yoast SEO plugin. -->","yoast_head_json":{"title":"SAGA STIFF Gel gel-jelly Pastel (kaltes Beige), 15 ml - Natelli - Nail Shop","robots":{"index":"index","follow":"follow","max-snippet":"max-snippet:-1","max-image-preview":"max-image-preview:large","max-video-preview":"max-video-preview:-1"},"canonical":"https:\/\/www.natelli-shop.com\/de\/produkt\/saga-stiff-gel-gel-jelly-natural-beige-15-ml-copy\/","og_locale":"de_DE","og_type":"article","og_title":"SAGA STIFF Gel gel-jelly Pastel (kaltes Beige), 15 ml - Natelli - Nail Shop","og_description":"Saga Stiff Gel hat eine dicke Konsistenz, breitet sich nicht aus und eignet sich dank dieser Konsistenz hervorragend zum Reparieren","og_url":"https:\/\/www.natelli-shop.com\/de\/produkt\/saga-stiff-gel-gel-jelly-natural-beige-15-ml-copy\/","og_site_name":"Natelli - Nail Shop","article_modified_time":"2026-01-27T10:04:21+00:00","og_image":[{"width":800,"height":704,"url":"https:\/\/i0.wp.com\/www.natelli-shop.com\/wp-content\/uploads\/2026\/01\/651974-24-9_800x800.jpg?fit=800%2C704&ssl=1","type":"image\/jpeg"}],"twitter_card":"summary_large_image","twitter_misc":{"Gesch\u00e4tzte Lesezeit":"1\u00a0Minute"},"schema":{"@context":"https:\/\/schema.org","@graph":[{"@type":"WebPage","@id":"https:\/\/www.natelli-shop.com\/de\/produkt\/saga-stiff-gel-gel-jelly-natural-beige-15-ml-copy\/","url":"https:\/\/www.natelli-shop.com\/de\/produkt\/saga-stiff-gel-gel-jelly-natural-beige-15-ml-copy\/","name":"SAGA STIFF Gel gel-jelly Pastel (kaltes Beige), 15 ml - Natelli - Nail Shop","isPartOf":{"@id":"https:\/\/www.natelli-shop.com\/de\/#website"},"primaryImageOfPage":{"@id":"https:\/\/www.natelli-shop.com\/de\/produkt\/saga-stiff-gel-gel-jelly-natural-beige-15-ml-copy\/#primaryimage"},"image":{"@id":"https:\/\/www.natelli-shop.com\/de\/produkt\/saga-stiff-gel-gel-jelly-natural-beige-15-ml-copy\/#primaryimage"},"thumbnailUrl":"https:\/\/www.natelli-shop.com\/wp-content\/uploads\/2026\/01\/651974-24-9_800x800.jpg","datePublished":"2026-01-27T09:55:12+00:00","dateModified":"2026-01-27T10:04:21+00:00","breadcrumb":{"@id":"https:\/\/www.natelli-shop.com\/de\/produkt\/saga-stiff-gel-gel-jelly-natural-beige-15-ml-copy\/#breadcrumb"},"inLanguage":"de","potentialAction":[{"@type":"ReadAction","target":["https:\/\/www.natelli-shop.com\/de\/produkt\/saga-stiff-gel-gel-jelly-natural-beige-15-ml-copy\/"]}]},{"@type":"ImageObject","inLanguage":"de","@id":"https:\/\/www.natelli-shop.com\/de\/produkt\/saga-stiff-gel-gel-jelly-natural-beige-15-ml-copy\/#primaryimage","url":"https:\/\/www.natelli-shop.com\/wp-content\/uploads\/2026\/01\/651974-24-9_800x800.jpg","contentUrl":"https:\/\/www.natelli-shop.com\/wp-content\/uploads\/2026\/01\/651974-24-9_800x800.jpg","width":800,"height":704},{"@type":"BreadcrumbList","@id":"https:\/\/www.natelli-shop.com\/de\/produkt\/saga-stiff-gel-gel-jelly-natural-beige-15-ml-copy\/#breadcrumb","itemListElement":[{"@type":"ListItem","position":1,"name":"Home","item":"https:\/\/www.natelli-shop.com\/de\/startseite\/"},{"@type":"ListItem","position":2,"name":"Shop","item":"https:\/\/www.natelli-shop.com\/de\/shop\/"},{"@type":"ListItem","position":3,"name":"SAGA STIFF Gel gel-jelly Pastel (kaltes Beige), 15 ml"}]},{"@type":"WebSite","@id":"https:\/\/www.natelli-shop.com\/de\/#website","url":"https:\/\/www.natelli-shop.com\/de\/","name":"Natelli - Nail Shop","description":"","publisher":{"@id":"https:\/\/www.natelli-shop.com\/de\/#organization"},"potentialAction":[{"@type":"SearchAction","target":{"@type":"EntryPoint","urlTemplate":"https:\/\/www.natelli-shop.com\/de\/?s={search_term_string}"},"query-input":"required name=search_term_string"}],"inLanguage":"de"},{"@type":"Organization","@id":"https:\/\/www.natelli-shop.com\/de\/#organization","name":"Natelli - Nail Shop","url":"https:\/\/www.natelli-shop.com\/de\/","logo":{"@type":"ImageObject","inLanguage":"de","@id":"https:\/\/www.natelli-shop.com\/de\/#\/schema\/logo\/image\/","url":"https:\/\/www.natelli-shop.com\/wp-content\/uploads\/2024\/08\/\u0438\u0437\u043e\u0431\u0440\u0430\u0436\u0435\u043d\u0438\u0435_viber_2024-07-31_10-59-46-791.jpg","contentUrl":"https:\/\/www.natelli-shop.com\/wp-content\/uploads\/2024\/08\/\u0438\u0437\u043e\u0431\u0440\u0430\u0436\u0435\u043d\u0438\u0435_viber_2024-07-31_10-59-46-791.jpg","width":1181,"height":1186,"caption":"Natelli - Nail Shop"},"image":{"@id":"https:\/\/www.natelli-shop.com\/de\/#\/schema\/logo\/image\/"}}]}},"jetpack_sharing_enabled":true,"_links":{"self":[{"href":"https:\/\/www.natelli-shop.com\/de\/wp-json\/wp\/v2\/product\/34863","targetHints":{"allow":["GET"]}}],"collection":[{"href":"https:\/\/www.natelli-shop.com\/de\/wp-json\/wp\/v2\/product"}],"about":[{"href":"https:\/\/www.natelli-shop.com\/de\/wp-json\/wp\/v2\/types\/product"}],"replies":[{"embeddable":true,"href":"https:\/\/www.natelli-shop.com\/de\/wp-json\/wp\/v2\/comments?post=34863"}],"version-history":[{"count":0,"href":"https:\/\/www.natelli-shop.com\/de\/wp-json\/wp\/v2\/product\/34863\/revisions"}],"wp:featuredmedia":[{"embeddable":true,"href":"https:\/\/www.natelli-shop.com\/de\/wp-json\/wp\/v2\/media\/34866"}],"wp:attachment":[{"href":"https:\/\/www.natelli-shop.com\/de\/wp-json\/wp\/v2\/media?parent=34863"}],"wp:term":[{"taxonomy":"product_brand","embeddable":true,"href":"https:\/\/www.natelli-shop.com\/de\/wp-json\/wp\/v2\/product_brand?post=34863"},{"taxonomy":"product_cat","embeddable":true,"href":"https:\/\/www.natelli-shop.com\/de\/wp-json\/wp\/v2\/product_cat?post=34863"},{"taxonomy":"product_tag","embeddable":true,"href":"https:\/\/www.natelli-shop.com\/de\/wp-json\/wp\/v2\/product_tag?post=34863"}],"curies":[{"name":"wp","href":"https:\/\/api.w.org\/{rel}","templated":true}]}}