{"id":34360,"date":"2025-12-25T13:38:10","date_gmt":"2025-12-25T12:38:10","guid":{"rendered":"https:\/\/www.natelli-shop.com\/product\/fingerring-manikuere-buerste-zur-staubentfernung-expert-03-mini-10-st\/"},"modified":"2025-12-25T13:38:10","modified_gmt":"2025-12-25T12:38:10","slug":"fingerring-manikuere-buerste-zur-staubentfernung-expert-03-mini-10-st","status":"publish","type":"product","link":"https:\/\/www.natelli-shop.com\/de\/produkt\/fingerring-manikuere-buerste-zur-staubentfernung-expert-03-mini-10-st\/","title":{"rendered":"Fingerring-Manik\u00fcre-B\u00fcrste zur Staubentfernung EXPERT 03 Mini (10 St.)"},"content":{"rendered":"<p>Eine B\u00fcrste zum Entfernen von Staub bei der Manik\u00fcre und Pedik\u00fcre &#8211; ein praktisches und unverzichtbares Werkzeug in allen Phasen der Arbeit. Die kompakte Gr\u00f6\u00dfe und der Fingerring erm\u00f6glichen es dem Techniker, schnell und effizient zu arbeiten und die Nageloberfl\u00e4che auch an schwer zug\u00e4nglichen Stellen zu reinigen. Die weichen synthetischen Borsten entfernen sanft die kleinsten Partikel, ohne die Haut zu reizen oder die Nagelhaut zu besch\u00e4digen. Er ist leicht zu reinigen, trocknet schnell und beh\u00e4lt seine Form und sein gepflegtes Aussehen f\u00fcr lange Zeit.<\/p>\n","protected":false},"excerpt":{"rendered":"<p>Eine B\u00fcrste zum Entfernen von Staub bei der Manik\u00fcre und Pedik\u00fcre &#8211; ein praktisches und unverzichtbares Werkzeug in allen Phasen<\/p>\n","protected":false},"featured_media":34354,"comment_status":"open","ping_status":"closed","template":"","meta":[],"product_brand":[],"product_cat":[352],"product_tag":[],"class_list":{"0":"post-34360","1":"product","2":"type-product","3":"status-publish","4":"has-post-thumbnail","6":"product_cat-materialien-fuer-die-manikuere","8":"first","9":"outofstock","10":"shipping-taxable","11":"purchasable","12":"product-type-simple"},"yoast_head":"<!-- This site is optimized with the Yoast SEO plugin v23.1 - https:\/\/yoast.com\/wordpress\/plugins\/seo\/ -->\n<title>Fingerring-Manik\u00fcre-B\u00fcrste zur Staubentfernung EXPERT 03 Mini (10 St.) - Natelli - Nail Shop<\/title>\n<meta name=\"robots\" content=\"index, follow, max-snippet:-1, max-image-preview:large, max-video-preview:-1\" \/>\n<link rel=\"canonical\" href=\"https:\/\/www.natelli-shop.com\/de\/produkt\/fingerring-manikuere-buerste-zur-staubentfernung-expert-03-mini-10-st\/\" \/>\n<meta property=\"og:locale\" content=\"de_DE\" \/>\n<meta property=\"og:type\" content=\"article\" \/>\n<meta property=\"og:title\" content=\"Fingerring-Manik\u00fcre-B\u00fcrste zur Staubentfernung EXPERT 03 Mini (10 St.) - Natelli - Nail Shop\" \/>\n<meta property=\"og:description\" content=\"Eine B\u00fcrste zum Entfernen von Staub bei der Manik\u00fcre und Pedik\u00fcre &#8211; ein praktisches und unverzichtbares Werkzeug in allen Phasen\" \/>\n<meta property=\"og:url\" content=\"https:\/\/www.natelli-shop.com\/de\/produkt\/fingerring-manikuere-buerste-zur-staubentfernung-expert-03-mini-10-st\/\" \/>\n<meta property=\"og:site_name\" content=\"Natelli - Nail Shop\" \/>\n<meta property=\"og:image\" content=\"https:\/\/i0.wp.com\/www.natelli-shop.com\/wp-content\/uploads\/2025\/12\/0055efa89e12e92a6358e4452fb9acea_1.jpg.webp?fit=2000%2C2000&ssl=1\" \/>\n\t<meta property=\"og:image:width\" content=\"2000\" \/>\n\t<meta property=\"og:image:height\" content=\"2000\" \/>\n\t<meta property=\"og:image:type\" content=\"image\/webp\" \/>\n<meta name=\"twitter:card\" content=\"summary_large_image\" \/>\n<script type=\"application\/ld+json\" class=\"yoast-schema-graph\">{\"@context\":\"https:\/\/schema.org\",\"@graph\":[{\"@type\":\"WebPage\",\"@id\":\"https:\/\/www.natelli-shop.com\/de\/produkt\/fingerring-manikuere-buerste-zur-staubentfernung-expert-03-mini-10-st\/\",\"url\":\"https:\/\/www.natelli-shop.com\/de\/produkt\/fingerring-manikuere-buerste-zur-staubentfernung-expert-03-mini-10-st\/\",\"name\":\"Fingerring-Manik\u00fcre-B\u00fcrste zur Staubentfernung EXPERT 03 Mini (10 St.) - Natelli - Nail Shop\",\"isPartOf\":{\"@id\":\"https:\/\/www.natelli-shop.com\/de\/#website\"},\"primaryImageOfPage\":{\"@id\":\"https:\/\/www.natelli-shop.com\/de\/produkt\/fingerring-manikuere-buerste-zur-staubentfernung-expert-03-mini-10-st\/#primaryimage\"},\"image\":{\"@id\":\"https:\/\/www.natelli-shop.com\/de\/produkt\/fingerring-manikuere-buerste-zur-staubentfernung-expert-03-mini-10-st\/#primaryimage\"},\"thumbnailUrl\":\"https:\/\/www.natelli-shop.com\/wp-content\/uploads\/2025\/12\/0055efa89e12e92a6358e4452fb9acea_1.jpg.webp\",\"datePublished\":\"2025-12-25T12:38:10+00:00\",\"dateModified\":\"2025-12-25T12:38:10+00:00\",\"breadcrumb\":{\"@id\":\"https:\/\/www.natelli-shop.com\/de\/produkt\/fingerring-manikuere-buerste-zur-staubentfernung-expert-03-mini-10-st\/#breadcrumb\"},\"inLanguage\":\"de\",\"potentialAction\":[{\"@type\":\"ReadAction\",\"target\":[\"https:\/\/www.natelli-shop.com\/de\/produkt\/fingerring-manikuere-buerste-zur-staubentfernung-expert-03-mini-10-st\/\"]}]},{\"@type\":\"ImageObject\",\"inLanguage\":\"de\",\"@id\":\"https:\/\/www.natelli-shop.com\/de\/produkt\/fingerring-manikuere-buerste-zur-staubentfernung-expert-03-mini-10-st\/#primaryimage\",\"url\":\"https:\/\/www.natelli-shop.com\/wp-content\/uploads\/2025\/12\/0055efa89e12e92a6358e4452fb9acea_1.jpg.webp\",\"contentUrl\":\"https:\/\/www.natelli-shop.com\/wp-content\/uploads\/2025\/12\/0055efa89e12e92a6358e4452fb9acea_1.jpg.webp\",\"width\":2000,\"height\":2000},{\"@type\":\"BreadcrumbList\",\"@id\":\"https:\/\/www.natelli-shop.com\/de\/produkt\/fingerring-manikuere-buerste-zur-staubentfernung-expert-03-mini-10-st\/#breadcrumb\",\"itemListElement\":[{\"@type\":\"ListItem\",\"position\":1,\"name\":\"Home\",\"item\":\"https:\/\/www.natelli-shop.com\/de\/startseite\/\"},{\"@type\":\"ListItem\",\"position\":2,\"name\":\"Shop\",\"item\":\"https:\/\/www.natelli-shop.com\/de\/shop\/\"},{\"@type\":\"ListItem\",\"position\":3,\"name\":\"Fingerring-Manik\u00fcre-B\u00fcrste zur Staubentfernung EXPERT 03 Mini (10 St.)\"}]},{\"@type\":\"WebSite\",\"@id\":\"https:\/\/www.natelli-shop.com\/de\/#website\",\"url\":\"https:\/\/www.natelli-shop.com\/de\/\",\"name\":\"Natelli - Nail Shop\",\"description\":\"\",\"publisher\":{\"@id\":\"https:\/\/www.natelli-shop.com\/de\/#organization\"},\"potentialAction\":[{\"@type\":\"SearchAction\",\"target\":{\"@type\":\"EntryPoint\",\"urlTemplate\":\"https:\/\/www.natelli-shop.com\/de\/?s={search_term_string}\"},\"query-input\":\"required name=search_term_string\"}],\"inLanguage\":\"de\"},{\"@type\":\"Organization\",\"@id\":\"https:\/\/www.natelli-shop.com\/de\/#organization\",\"name\":\"Natelli - Nail Shop\",\"url\":\"https:\/\/www.natelli-shop.com\/de\/\",\"logo\":{\"@type\":\"ImageObject\",\"inLanguage\":\"de\",\"@id\":\"https:\/\/www.natelli-shop.com\/de\/#\/schema\/logo\/image\/\",\"url\":\"https:\/\/www.natelli-shop.com\/wp-content\/uploads\/2024\/08\/\u0438\u0437\u043e\u0431\u0440\u0430\u0436\u0435\u043d\u0438\u0435_viber_2024-07-31_10-59-46-791.jpg\",\"contentUrl\":\"https:\/\/www.natelli-shop.com\/wp-content\/uploads\/2024\/08\/\u0438\u0437\u043e\u0431\u0440\u0430\u0436\u0435\u043d\u0438\u0435_viber_2024-07-31_10-59-46-791.jpg\",\"width\":1181,\"height\":1186,\"caption\":\"Natelli - Nail Shop\"},\"image\":{\"@id\":\"https:\/\/www.natelli-shop.com\/de\/#\/schema\/logo\/image\/\"}}]}<\/script>\n<!-- \/ Yoast SEO plugin. -->","yoast_head_json":{"title":"Fingerring-Manik\u00fcre-B\u00fcrste zur Staubentfernung EXPERT 03 Mini (10 St.) - Natelli - Nail Shop","robots":{"index":"index","follow":"follow","max-snippet":"max-snippet:-1","max-image-preview":"max-image-preview:large","max-video-preview":"max-video-preview:-1"},"canonical":"https:\/\/www.natelli-shop.com\/de\/produkt\/fingerring-manikuere-buerste-zur-staubentfernung-expert-03-mini-10-st\/","og_locale":"de_DE","og_type":"article","og_title":"Fingerring-Manik\u00fcre-B\u00fcrste zur Staubentfernung EXPERT 03 Mini (10 St.) - Natelli - Nail Shop","og_description":"Eine B\u00fcrste zum Entfernen von Staub bei der Manik\u00fcre und Pedik\u00fcre &#8211; ein praktisches und unverzichtbares Werkzeug in allen Phasen","og_url":"https:\/\/www.natelli-shop.com\/de\/produkt\/fingerring-manikuere-buerste-zur-staubentfernung-expert-03-mini-10-st\/","og_site_name":"Natelli - Nail Shop","og_image":[{"width":2000,"height":2000,"url":"https:\/\/i0.wp.com\/www.natelli-shop.com\/wp-content\/uploads\/2025\/12\/0055efa89e12e92a6358e4452fb9acea_1.jpg.webp?fit=2000%2C2000&ssl=1","type":"image\/webp"}],"twitter_card":"summary_large_image","schema":{"@context":"https:\/\/schema.org","@graph":[{"@type":"WebPage","@id":"https:\/\/www.natelli-shop.com\/de\/produkt\/fingerring-manikuere-buerste-zur-staubentfernung-expert-03-mini-10-st\/","url":"https:\/\/www.natelli-shop.com\/de\/produkt\/fingerring-manikuere-buerste-zur-staubentfernung-expert-03-mini-10-st\/","name":"Fingerring-Manik\u00fcre-B\u00fcrste zur Staubentfernung EXPERT 03 Mini (10 St.) - Natelli - Nail Shop","isPartOf":{"@id":"https:\/\/www.natelli-shop.com\/de\/#website"},"primaryImageOfPage":{"@id":"https:\/\/www.natelli-shop.com\/de\/produkt\/fingerring-manikuere-buerste-zur-staubentfernung-expert-03-mini-10-st\/#primaryimage"},"image":{"@id":"https:\/\/www.natelli-shop.com\/de\/produkt\/fingerring-manikuere-buerste-zur-staubentfernung-expert-03-mini-10-st\/#primaryimage"},"thumbnailUrl":"https:\/\/www.natelli-shop.com\/wp-content\/uploads\/2025\/12\/0055efa89e12e92a6358e4452fb9acea_1.jpg.webp","datePublished":"2025-12-25T12:38:10+00:00","dateModified":"2025-12-25T12:38:10+00:00","breadcrumb":{"@id":"https:\/\/www.natelli-shop.com\/de\/produkt\/fingerring-manikuere-buerste-zur-staubentfernung-expert-03-mini-10-st\/#breadcrumb"},"inLanguage":"de","potentialAction":[{"@type":"ReadAction","target":["https:\/\/www.natelli-shop.com\/de\/produkt\/fingerring-manikuere-buerste-zur-staubentfernung-expert-03-mini-10-st\/"]}]},{"@type":"ImageObject","inLanguage":"de","@id":"https:\/\/www.natelli-shop.com\/de\/produkt\/fingerring-manikuere-buerste-zur-staubentfernung-expert-03-mini-10-st\/#primaryimage","url":"https:\/\/www.natelli-shop.com\/wp-content\/uploads\/2025\/12\/0055efa89e12e92a6358e4452fb9acea_1.jpg.webp","contentUrl":"https:\/\/www.natelli-shop.com\/wp-content\/uploads\/2025\/12\/0055efa89e12e92a6358e4452fb9acea_1.jpg.webp","width":2000,"height":2000},{"@type":"BreadcrumbList","@id":"https:\/\/www.natelli-shop.com\/de\/produkt\/fingerring-manikuere-buerste-zur-staubentfernung-expert-03-mini-10-st\/#breadcrumb","itemListElement":[{"@type":"ListItem","position":1,"name":"Home","item":"https:\/\/www.natelli-shop.com\/de\/startseite\/"},{"@type":"ListItem","position":2,"name":"Shop","item":"https:\/\/www.natelli-shop.com\/de\/shop\/"},{"@type":"ListItem","position":3,"name":"Fingerring-Manik\u00fcre-B\u00fcrste zur Staubentfernung EXPERT 03 Mini (10 St.)"}]},{"@type":"WebSite","@id":"https:\/\/www.natelli-shop.com\/de\/#website","url":"https:\/\/www.natelli-shop.com\/de\/","name":"Natelli - Nail Shop","description":"","publisher":{"@id":"https:\/\/www.natelli-shop.com\/de\/#organization"},"potentialAction":[{"@type":"SearchAction","target":{"@type":"EntryPoint","urlTemplate":"https:\/\/www.natelli-shop.com\/de\/?s={search_term_string}"},"query-input":"required name=search_term_string"}],"inLanguage":"de"},{"@type":"Organization","@id":"https:\/\/www.natelli-shop.com\/de\/#organization","name":"Natelli - Nail Shop","url":"https:\/\/www.natelli-shop.com\/de\/","logo":{"@type":"ImageObject","inLanguage":"de","@id":"https:\/\/www.natelli-shop.com\/de\/#\/schema\/logo\/image\/","url":"https:\/\/www.natelli-shop.com\/wp-content\/uploads\/2024\/08\/\u0438\u0437\u043e\u0431\u0440\u0430\u0436\u0435\u043d\u0438\u0435_viber_2024-07-31_10-59-46-791.jpg","contentUrl":"https:\/\/www.natelli-shop.com\/wp-content\/uploads\/2024\/08\/\u0438\u0437\u043e\u0431\u0440\u0430\u0436\u0435\u043d\u0438\u0435_viber_2024-07-31_10-59-46-791.jpg","width":1181,"height":1186,"caption":"Natelli - Nail Shop"},"image":{"@id":"https:\/\/www.natelli-shop.com\/de\/#\/schema\/logo\/image\/"}}]}},"jetpack_sharing_enabled":true,"_links":{"self":[{"href":"https:\/\/www.natelli-shop.com\/de\/wp-json\/wp\/v2\/product\/34360","targetHints":{"allow":["GET"]}}],"collection":[{"href":"https:\/\/www.natelli-shop.com\/de\/wp-json\/wp\/v2\/product"}],"about":[{"href":"https:\/\/www.natelli-shop.com\/de\/wp-json\/wp\/v2\/types\/product"}],"replies":[{"embeddable":true,"href":"https:\/\/www.natelli-shop.com\/de\/wp-json\/wp\/v2\/comments?post=34360"}],"version-history":[{"count":0,"href":"https:\/\/www.natelli-shop.com\/de\/wp-json\/wp\/v2\/product\/34360\/revisions"}],"wp:featuredmedia":[{"embeddable":true,"href":"https:\/\/www.natelli-shop.com\/de\/wp-json\/wp\/v2\/media\/34354"}],"wp:attachment":[{"href":"https:\/\/www.natelli-shop.com\/de\/wp-json\/wp\/v2\/media?parent=34360"}],"wp:term":[{"taxonomy":"product_brand","embeddable":true,"href":"https:\/\/www.natelli-shop.com\/de\/wp-json\/wp\/v2\/product_brand?post=34360"},{"taxonomy":"product_cat","embeddable":true,"href":"https:\/\/www.natelli-shop.com\/de\/wp-json\/wp\/v2\/product_cat?post=34360"},{"taxonomy":"product_tag","embeddable":true,"href":"https:\/\/www.natelli-shop.com\/de\/wp-json\/wp\/v2\/product_tag?post=34360"}],"curies":[{"name":"wp","href":"https:\/\/api.w.org\/{rel}","templated":true}]}}