{"id":34350,"date":"2025-12-25T13:32:00","date_gmt":"2025-12-25T12:32:00","guid":{"rendered":"https:\/\/www.natelli-shop.com\/product\/hartmetall-nagelbohrer-nagelreiniger-expert-kopfdurchmesser-1-2-mm-arbeitsteil-2-5-mm\/"},"modified":"2025-12-25T13:32:00","modified_gmt":"2025-12-25T12:32:00","slug":"hartmetall-nagelbohrer-nagelreiniger-expert-kopfdurchmesser-1-2-mm-arbeitsteil-2-5-mm","status":"publish","type":"product","link":"https:\/\/www.natelli-shop.com\/de\/produkt\/hartmetall-nagelbohrer-nagelreiniger-expert-kopfdurchmesser-1-2-mm-arbeitsteil-2-5-mm\/","title":{"rendered":"Hartmetall-Nagelbohrer Nagelreiniger EXPERT Kopfdurchmesser 1,2 Mm \/ Arbeitsteil 2,5 Mm"},"content":{"rendered":"<ul>\n<li>Stahld\u00fcse f\u00fcr Hardware-Manik\u00fcre\/Pedik\u00fcre, sicher.<\/li>\n<li>Ein einzigartiger Nagelbohrer hat 6 Kanten und schlie\u00dft am Ende des Arbeitsteils in einem weichen Winkel an.<\/li>\n<li>Die Form &#8222;Nagelreiniger&#8220; ist f\u00fcr die sichere Entfernung von Pterygium, die Reinigung von Nebenh\u00f6hlen, die feine Bearbeitung der Nagelhaut und die Entfernung von verhornten Hautpartien gedacht.<\/li>\n<li>Entwickelt f\u00fcr die Arbeit mit nat\u00fcrlichen Nagelplatten.<\/li>\n<li>Es ist wichtig, dass Sie die empfohlenen Geschwindigkeitsanforderungen einhalten.<\/li>\n<\/ul>\n<p>In der Manik\u00fcre:<\/p>\n<ul>\n<li>Anheben der Nagelhaut.<\/li>\n<li>\u00d6ffnung der Nebenh\u00f6hlen.<\/li>\n<li>Entfernung des Pterygiums.<\/li>\n<\/ul>\n","protected":false},"excerpt":{"rendered":"<p>Stahld\u00fcse f\u00fcr Hardware-Manik\u00fcre\/Pedik\u00fcre, sicher. Ein einzigartiger Nagelbohrer hat 6 Kanten und schlie\u00dft am Ende des Arbeitsteils in einem weichen Winkel<\/p>\n","protected":false},"featured_media":34344,"comment_status":"open","ping_status":"closed","template":"","meta":[],"product_brand":[],"product_cat":[293],"product_tag":[],"class_list":{"0":"post-34350","1":"product","2":"type-product","3":"status-publish","4":"has-post-thumbnail","6":"product_cat-staleks-de-2","8":"first","9":"instock","10":"shipping-taxable","11":"purchasable","12":"product-type-simple"},"yoast_head":"<!-- This site is optimized with the Yoast SEO plugin v23.1 - https:\/\/yoast.com\/wordpress\/plugins\/seo\/ -->\n<title>Hartmetall-Nagelbohrer Nagelreiniger EXPERT Kopfdurchmesser 1,2 Mm \/ Arbeitsteil 2,5 Mm - Natelli - Nail Shop<\/title>\n<meta name=\"robots\" content=\"index, follow, max-snippet:-1, max-image-preview:large, max-video-preview:-1\" \/>\n<link rel=\"canonical\" href=\"https:\/\/www.natelli-shop.com\/de\/produkt\/hartmetall-nagelbohrer-nagelreiniger-expert-kopfdurchmesser-1-2-mm-arbeitsteil-2-5-mm\/\" \/>\n<meta property=\"og:locale\" content=\"de_DE\" \/>\n<meta property=\"og:type\" content=\"article\" \/>\n<meta property=\"og:title\" content=\"Hartmetall-Nagelbohrer Nagelreiniger EXPERT Kopfdurchmesser 1,2 Mm \/ Arbeitsteil 2,5 Mm - Natelli - Nail Shop\" \/>\n<meta property=\"og:description\" content=\"Stahld\u00fcse f\u00fcr Hardware-Manik\u00fcre\/Pedik\u00fcre, sicher. Ein einzigartiger Nagelbohrer hat 6 Kanten und schlie\u00dft am Ende des Arbeitsteils in einem weichen Winkel\" \/>\n<meta property=\"og:url\" content=\"https:\/\/www.natelli-shop.com\/de\/produkt\/hartmetall-nagelbohrer-nagelreiniger-expert-kopfdurchmesser-1-2-mm-arbeitsteil-2-5-mm\/\" \/>\n<meta property=\"og:site_name\" content=\"Natelli - Nail Shop\" \/>\n<meta property=\"og:image\" content=\"https:\/\/i0.wp.com\/www.natelli-shop.com\/wp-content\/uploads\/2025\/12\/de9f0cd1964875f9e5d01298307ff5dc.jpg.webp?fit=2000%2C2000&ssl=1\" \/>\n\t<meta property=\"og:image:width\" content=\"2000\" \/>\n\t<meta property=\"og:image:height\" content=\"2000\" \/>\n\t<meta property=\"og:image:type\" content=\"image\/webp\" \/>\n<meta name=\"twitter:card\" content=\"summary_large_image\" \/>\n<script type=\"application\/ld+json\" class=\"yoast-schema-graph\">{\"@context\":\"https:\/\/schema.org\",\"@graph\":[{\"@type\":\"WebPage\",\"@id\":\"https:\/\/www.natelli-shop.com\/de\/produkt\/hartmetall-nagelbohrer-nagelreiniger-expert-kopfdurchmesser-1-2-mm-arbeitsteil-2-5-mm\/\",\"url\":\"https:\/\/www.natelli-shop.com\/de\/produkt\/hartmetall-nagelbohrer-nagelreiniger-expert-kopfdurchmesser-1-2-mm-arbeitsteil-2-5-mm\/\",\"name\":\"Hartmetall-Nagelbohrer Nagelreiniger EXPERT Kopfdurchmesser 1,2 Mm \/ Arbeitsteil 2,5 Mm - Natelli - Nail Shop\",\"isPartOf\":{\"@id\":\"https:\/\/www.natelli-shop.com\/de\/#website\"},\"primaryImageOfPage\":{\"@id\":\"https:\/\/www.natelli-shop.com\/de\/produkt\/hartmetall-nagelbohrer-nagelreiniger-expert-kopfdurchmesser-1-2-mm-arbeitsteil-2-5-mm\/#primaryimage\"},\"image\":{\"@id\":\"https:\/\/www.natelli-shop.com\/de\/produkt\/hartmetall-nagelbohrer-nagelreiniger-expert-kopfdurchmesser-1-2-mm-arbeitsteil-2-5-mm\/#primaryimage\"},\"thumbnailUrl\":\"https:\/\/www.natelli-shop.com\/wp-content\/uploads\/2025\/12\/de9f0cd1964875f9e5d01298307ff5dc.jpg.webp\",\"datePublished\":\"2025-12-25T12:32:00+00:00\",\"dateModified\":\"2025-12-25T12:32:00+00:00\",\"breadcrumb\":{\"@id\":\"https:\/\/www.natelli-shop.com\/de\/produkt\/hartmetall-nagelbohrer-nagelreiniger-expert-kopfdurchmesser-1-2-mm-arbeitsteil-2-5-mm\/#breadcrumb\"},\"inLanguage\":\"de\",\"potentialAction\":[{\"@type\":\"ReadAction\",\"target\":[\"https:\/\/www.natelli-shop.com\/de\/produkt\/hartmetall-nagelbohrer-nagelreiniger-expert-kopfdurchmesser-1-2-mm-arbeitsteil-2-5-mm\/\"]}]},{\"@type\":\"ImageObject\",\"inLanguage\":\"de\",\"@id\":\"https:\/\/www.natelli-shop.com\/de\/produkt\/hartmetall-nagelbohrer-nagelreiniger-expert-kopfdurchmesser-1-2-mm-arbeitsteil-2-5-mm\/#primaryimage\",\"url\":\"https:\/\/www.natelli-shop.com\/wp-content\/uploads\/2025\/12\/de9f0cd1964875f9e5d01298307ff5dc.jpg.webp\",\"contentUrl\":\"https:\/\/www.natelli-shop.com\/wp-content\/uploads\/2025\/12\/de9f0cd1964875f9e5d01298307ff5dc.jpg.webp\",\"width\":2000,\"height\":2000},{\"@type\":\"BreadcrumbList\",\"@id\":\"https:\/\/www.natelli-shop.com\/de\/produkt\/hartmetall-nagelbohrer-nagelreiniger-expert-kopfdurchmesser-1-2-mm-arbeitsteil-2-5-mm\/#breadcrumb\",\"itemListElement\":[{\"@type\":\"ListItem\",\"position\":1,\"name\":\"Home\",\"item\":\"https:\/\/www.natelli-shop.com\/de\/startseite\/\"},{\"@type\":\"ListItem\",\"position\":2,\"name\":\"Shop\",\"item\":\"https:\/\/www.natelli-shop.com\/de\/shop\/\"},{\"@type\":\"ListItem\",\"position\":3,\"name\":\"Hartmetall-Nagelbohrer Nagelreiniger EXPERT Kopfdurchmesser 1,2 Mm \/ Arbeitsteil 2,5 Mm\"}]},{\"@type\":\"WebSite\",\"@id\":\"https:\/\/www.natelli-shop.com\/de\/#website\",\"url\":\"https:\/\/www.natelli-shop.com\/de\/\",\"name\":\"Natelli - Nail Shop\",\"description\":\"\",\"publisher\":{\"@id\":\"https:\/\/www.natelli-shop.com\/de\/#organization\"},\"potentialAction\":[{\"@type\":\"SearchAction\",\"target\":{\"@type\":\"EntryPoint\",\"urlTemplate\":\"https:\/\/www.natelli-shop.com\/de\/?s={search_term_string}\"},\"query-input\":\"required name=search_term_string\"}],\"inLanguage\":\"de\"},{\"@type\":\"Organization\",\"@id\":\"https:\/\/www.natelli-shop.com\/de\/#organization\",\"name\":\"Natelli - Nail Shop\",\"url\":\"https:\/\/www.natelli-shop.com\/de\/\",\"logo\":{\"@type\":\"ImageObject\",\"inLanguage\":\"de\",\"@id\":\"https:\/\/www.natelli-shop.com\/de\/#\/schema\/logo\/image\/\",\"url\":\"https:\/\/www.natelli-shop.com\/wp-content\/uploads\/2024\/08\/\u0438\u0437\u043e\u0431\u0440\u0430\u0436\u0435\u043d\u0438\u0435_viber_2024-07-31_10-59-46-791.jpg\",\"contentUrl\":\"https:\/\/www.natelli-shop.com\/wp-content\/uploads\/2024\/08\/\u0438\u0437\u043e\u0431\u0440\u0430\u0436\u0435\u043d\u0438\u0435_viber_2024-07-31_10-59-46-791.jpg\",\"width\":1181,\"height\":1186,\"caption\":\"Natelli - Nail Shop\"},\"image\":{\"@id\":\"https:\/\/www.natelli-shop.com\/de\/#\/schema\/logo\/image\/\"}}]}<\/script>\n<!-- \/ Yoast SEO plugin. -->","yoast_head_json":{"title":"Hartmetall-Nagelbohrer Nagelreiniger EXPERT Kopfdurchmesser 1,2 Mm \/ Arbeitsteil 2,5 Mm - Natelli - Nail Shop","robots":{"index":"index","follow":"follow","max-snippet":"max-snippet:-1","max-image-preview":"max-image-preview:large","max-video-preview":"max-video-preview:-1"},"canonical":"https:\/\/www.natelli-shop.com\/de\/produkt\/hartmetall-nagelbohrer-nagelreiniger-expert-kopfdurchmesser-1-2-mm-arbeitsteil-2-5-mm\/","og_locale":"de_DE","og_type":"article","og_title":"Hartmetall-Nagelbohrer Nagelreiniger EXPERT Kopfdurchmesser 1,2 Mm \/ Arbeitsteil 2,5 Mm - Natelli - Nail Shop","og_description":"Stahld\u00fcse f\u00fcr Hardware-Manik\u00fcre\/Pedik\u00fcre, sicher. Ein einzigartiger Nagelbohrer hat 6 Kanten und schlie\u00dft am Ende des Arbeitsteils in einem weichen Winkel","og_url":"https:\/\/www.natelli-shop.com\/de\/produkt\/hartmetall-nagelbohrer-nagelreiniger-expert-kopfdurchmesser-1-2-mm-arbeitsteil-2-5-mm\/","og_site_name":"Natelli - Nail Shop","og_image":[{"width":2000,"height":2000,"url":"https:\/\/i0.wp.com\/www.natelli-shop.com\/wp-content\/uploads\/2025\/12\/de9f0cd1964875f9e5d01298307ff5dc.jpg.webp?fit=2000%2C2000&ssl=1","type":"image\/webp"}],"twitter_card":"summary_large_image","schema":{"@context":"https:\/\/schema.org","@graph":[{"@type":"WebPage","@id":"https:\/\/www.natelli-shop.com\/de\/produkt\/hartmetall-nagelbohrer-nagelreiniger-expert-kopfdurchmesser-1-2-mm-arbeitsteil-2-5-mm\/","url":"https:\/\/www.natelli-shop.com\/de\/produkt\/hartmetall-nagelbohrer-nagelreiniger-expert-kopfdurchmesser-1-2-mm-arbeitsteil-2-5-mm\/","name":"Hartmetall-Nagelbohrer Nagelreiniger EXPERT Kopfdurchmesser 1,2 Mm \/ Arbeitsteil 2,5 Mm - Natelli - Nail Shop","isPartOf":{"@id":"https:\/\/www.natelli-shop.com\/de\/#website"},"primaryImageOfPage":{"@id":"https:\/\/www.natelli-shop.com\/de\/produkt\/hartmetall-nagelbohrer-nagelreiniger-expert-kopfdurchmesser-1-2-mm-arbeitsteil-2-5-mm\/#primaryimage"},"image":{"@id":"https:\/\/www.natelli-shop.com\/de\/produkt\/hartmetall-nagelbohrer-nagelreiniger-expert-kopfdurchmesser-1-2-mm-arbeitsteil-2-5-mm\/#primaryimage"},"thumbnailUrl":"https:\/\/www.natelli-shop.com\/wp-content\/uploads\/2025\/12\/de9f0cd1964875f9e5d01298307ff5dc.jpg.webp","datePublished":"2025-12-25T12:32:00+00:00","dateModified":"2025-12-25T12:32:00+00:00","breadcrumb":{"@id":"https:\/\/www.natelli-shop.com\/de\/produkt\/hartmetall-nagelbohrer-nagelreiniger-expert-kopfdurchmesser-1-2-mm-arbeitsteil-2-5-mm\/#breadcrumb"},"inLanguage":"de","potentialAction":[{"@type":"ReadAction","target":["https:\/\/www.natelli-shop.com\/de\/produkt\/hartmetall-nagelbohrer-nagelreiniger-expert-kopfdurchmesser-1-2-mm-arbeitsteil-2-5-mm\/"]}]},{"@type":"ImageObject","inLanguage":"de","@id":"https:\/\/www.natelli-shop.com\/de\/produkt\/hartmetall-nagelbohrer-nagelreiniger-expert-kopfdurchmesser-1-2-mm-arbeitsteil-2-5-mm\/#primaryimage","url":"https:\/\/www.natelli-shop.com\/wp-content\/uploads\/2025\/12\/de9f0cd1964875f9e5d01298307ff5dc.jpg.webp","contentUrl":"https:\/\/www.natelli-shop.com\/wp-content\/uploads\/2025\/12\/de9f0cd1964875f9e5d01298307ff5dc.jpg.webp","width":2000,"height":2000},{"@type":"BreadcrumbList","@id":"https:\/\/www.natelli-shop.com\/de\/produkt\/hartmetall-nagelbohrer-nagelreiniger-expert-kopfdurchmesser-1-2-mm-arbeitsteil-2-5-mm\/#breadcrumb","itemListElement":[{"@type":"ListItem","position":1,"name":"Home","item":"https:\/\/www.natelli-shop.com\/de\/startseite\/"},{"@type":"ListItem","position":2,"name":"Shop","item":"https:\/\/www.natelli-shop.com\/de\/shop\/"},{"@type":"ListItem","position":3,"name":"Hartmetall-Nagelbohrer Nagelreiniger EXPERT Kopfdurchmesser 1,2 Mm \/ Arbeitsteil 2,5 Mm"}]},{"@type":"WebSite","@id":"https:\/\/www.natelli-shop.com\/de\/#website","url":"https:\/\/www.natelli-shop.com\/de\/","name":"Natelli - Nail Shop","description":"","publisher":{"@id":"https:\/\/www.natelli-shop.com\/de\/#organization"},"potentialAction":[{"@type":"SearchAction","target":{"@type":"EntryPoint","urlTemplate":"https:\/\/www.natelli-shop.com\/de\/?s={search_term_string}"},"query-input":"required name=search_term_string"}],"inLanguage":"de"},{"@type":"Organization","@id":"https:\/\/www.natelli-shop.com\/de\/#organization","name":"Natelli - Nail Shop","url":"https:\/\/www.natelli-shop.com\/de\/","logo":{"@type":"ImageObject","inLanguage":"de","@id":"https:\/\/www.natelli-shop.com\/de\/#\/schema\/logo\/image\/","url":"https:\/\/www.natelli-shop.com\/wp-content\/uploads\/2024\/08\/\u0438\u0437\u043e\u0431\u0440\u0430\u0436\u0435\u043d\u0438\u0435_viber_2024-07-31_10-59-46-791.jpg","contentUrl":"https:\/\/www.natelli-shop.com\/wp-content\/uploads\/2024\/08\/\u0438\u0437\u043e\u0431\u0440\u0430\u0436\u0435\u043d\u0438\u0435_viber_2024-07-31_10-59-46-791.jpg","width":1181,"height":1186,"caption":"Natelli - Nail Shop"},"image":{"@id":"https:\/\/www.natelli-shop.com\/de\/#\/schema\/logo\/image\/"}}]}},"jetpack_sharing_enabled":true,"_links":{"self":[{"href":"https:\/\/www.natelli-shop.com\/de\/wp-json\/wp\/v2\/product\/34350","targetHints":{"allow":["GET"]}}],"collection":[{"href":"https:\/\/www.natelli-shop.com\/de\/wp-json\/wp\/v2\/product"}],"about":[{"href":"https:\/\/www.natelli-shop.com\/de\/wp-json\/wp\/v2\/types\/product"}],"replies":[{"embeddable":true,"href":"https:\/\/www.natelli-shop.com\/de\/wp-json\/wp\/v2\/comments?post=34350"}],"version-history":[{"count":0,"href":"https:\/\/www.natelli-shop.com\/de\/wp-json\/wp\/v2\/product\/34350\/revisions"}],"wp:featuredmedia":[{"embeddable":true,"href":"https:\/\/www.natelli-shop.com\/de\/wp-json\/wp\/v2\/media\/34344"}],"wp:attachment":[{"href":"https:\/\/www.natelli-shop.com\/de\/wp-json\/wp\/v2\/media?parent=34350"}],"wp:term":[{"taxonomy":"product_brand","embeddable":true,"href":"https:\/\/www.natelli-shop.com\/de\/wp-json\/wp\/v2\/product_brand?post=34350"},{"taxonomy":"product_cat","embeddable":true,"href":"https:\/\/www.natelli-shop.com\/de\/wp-json\/wp\/v2\/product_cat?post=34350"},{"taxonomy":"product_tag","embeddable":true,"href":"https:\/\/www.natelli-shop.com\/de\/wp-json\/wp\/v2\/product_tag?post=34350"}],"curies":[{"name":"wp","href":"https:\/\/api.w.org\/{rel}","templated":true}]}}