{"id":32176,"date":"2025-11-20T18:39:00","date_gmt":"2025-11-20T17:39:00","guid":{"rendered":"https:\/\/www.natelli-shop.com\/?post_type=product&#038;p=32176"},"modified":"2026-04-01T01:00:15","modified_gmt":"2026-03-31T23:00:15","slug":"lunamoon-farbe-katzenauge-nr-251-13ml-copy","status":"publish","type":"product","link":"https:\/\/www.natelli-shop.com\/de\/produkt\/lunamoon-farbe-katzenauge-nr-251-13ml-copy\/","title":{"rendered":"Lunamoon Farbe Katzenauge nr 250, 13ml"},"content":{"rendered":"<p><strong>Color Cat Eye Gelpolish<\/strong> ist ein Gelpolish mit dem beliebten &#8222;Katzenaugen&#8220;-Effekt und einer halbtransparenten, glasartigen Basis.<\/p>\n<p>Der Cat Eye Gellack enth\u00e4lt Tausende von winzigen Metallpartikeln, die perfekt mit einer magnetischen Kraft reagieren und einzigartige Muster und leuchtende Lichtreflexe auf den N\u00e4geln erzeugen.<\/p>\n<p>Die einzigartige Formel von Color Cat Eye kombiniert zwei der begehrtesten Effekte &#8211; &#8222;Katzenaugen&#8220; und ein glasartiges Aussehen. Diese revolution\u00e4re Kombination erm\u00f6glicht ein Nageldesign von beeindruckender Tiefe und Sch\u00f6nheit. <\/p>\n<div class=\"product-description product-info-box\">\n<div class=\"product-description-text\">\n<p><strong>Anwendungsmethode:<\/strong><\/p>\n<ol>\n<li>Entfernen Sie die Klebrigkeit nach dem Ausgleichen mit einer Base oder einem Gel.<\/li>\n<li>Tragen Sie eine Grundierung auf &#8211; in der Regel einen klassischen schwarzen Gellack (es k\u00f6nnen auch andere dunkle Farbt\u00f6ne verwendet werden), aber dank des Buntglaseffekts k\u00f6nnen Sie auch auf eine Grundierung verzichten, je nachdem, welches Design Sie w\u00fcnschen. 60 Sekunden lang trocknen.<\/li>\n<li>Tragen Sie den Cat Eye Gellack auf. Nehmen Sie das Material mit einem Pinsel auf und streichen Sie eine d\u00fcnne Schicht \u00fcber die Mitte des Nagels, dann die Seitenw\u00e4nde. <\/li>\n<li>Formen Sie mit einem Magneten eine Reflexion und trocknen Sie sie 60 Sekunden lang.<\/li>\n<li>Wir pr\u00fcfen mit einem Orangenstab, ob alles trocken ist.<\/li>\n<li>Bedecken Sie ihn mit Decklack und lassen Sie ihn 120 Sekunden lang trocknen.<\/li>\n<\/ol>\n<p>Wischen Sie nach dem Trocknen nicht mit irgendetwas nach, um den Glanz nicht zu verlieren.<\/p>\n<p>(Die Produktfotos auf der Website k\u00f6nnen vom tats\u00e4chlichen Produkt abweichen)<\/p>\n<\/div>\n<\/div>\n<div class=\"product-attribute product-info-box\">\n<div class=\"product-attribute-text\">\n<div id=\"tab-specification\" class=\"tab-pane\">\n<div class=\"specification-table\"><\/div>\n<\/div>\n<\/div>\n<\/div>\n","protected":false},"excerpt":{"rendered":"<p>Color Cat Eye Gelpolish ist ein Gelpolish mit dem beliebten &#8222;Katzenaugen&#8220;-Effekt und einer halbtransparenten, glasartigen Basis. Der Cat Eye Gellack<\/p>\n","protected":false},"featured_media":32179,"comment_status":"open","ping_status":"closed","template":"","meta":[],"product_brand":[],"product_cat":[357],"product_tag":[],"class_list":{"0":"post-32176","1":"product","2":"type-product","3":"status-publish","4":"has-post-thumbnail","6":"product_cat-lunamoon-gel-polish-de","8":"first","9":"instock","10":"shipping-taxable","11":"purchasable","12":"product-type-simple"},"yoast_head":"<!-- This site is optimized with the Yoast SEO plugin v23.1 - https:\/\/yoast.com\/wordpress\/plugins\/seo\/ -->\n<title>Lunamoon Farbe Katzenauge nr 250, 13ml - Natelli - Nail Shop<\/title>\n<meta name=\"robots\" content=\"index, follow, max-snippet:-1, max-image-preview:large, max-video-preview:-1\" \/>\n<link rel=\"canonical\" href=\"https:\/\/www.natelli-shop.com\/de\/produkt\/lunamoon-farbe-katzenauge-nr-251-13ml-copy\/\" \/>\n<meta property=\"og:locale\" content=\"de_DE\" \/>\n<meta property=\"og:type\" content=\"article\" \/>\n<meta property=\"og:title\" content=\"Lunamoon Farbe Katzenauge nr 250, 13ml - Natelli - Nail Shop\" \/>\n<meta property=\"og:description\" content=\"Color Cat Eye Gelpolish ist ein Gelpolish mit dem beliebten &#8222;Katzenaugen&#8220;-Effekt und einer halbtransparenten, glasartigen Basis. Der Cat Eye Gellack\" \/>\n<meta property=\"og:url\" content=\"https:\/\/www.natelli-shop.com\/de\/produkt\/lunamoon-farbe-katzenauge-nr-251-13ml-copy\/\" \/>\n<meta property=\"og:site_name\" content=\"Natelli - Nail Shop\" \/>\n<meta property=\"article:modified_time\" content=\"2026-03-31T23:00:15+00:00\" \/>\n<meta property=\"og:image\" content=\"https:\/\/www.natelli-shop.com\/wp-content\/uploads\/2025\/11\/luna_nails_color-250_png_1078x1078.webp.jpeg\" \/>\n\t<meta property=\"og:image:width\" content=\"1078\" \/>\n\t<meta property=\"og:image:height\" content=\"1078\" \/>\n\t<meta property=\"og:image:type\" content=\"image\/jpeg\" \/>\n<meta name=\"twitter:card\" content=\"summary_large_image\" \/>\n<meta name=\"twitter:label1\" content=\"Gesch\u00e4tzte Lesezeit\" \/>\n\t<meta name=\"twitter:data1\" content=\"1\u00a0Minute\" \/>\n<script type=\"application\/ld+json\" class=\"yoast-schema-graph\">{\"@context\":\"https:\/\/schema.org\",\"@graph\":[{\"@type\":\"WebPage\",\"@id\":\"https:\/\/www.natelli-shop.com\/de\/produkt\/lunamoon-farbe-katzenauge-nr-251-13ml-copy\/\",\"url\":\"https:\/\/www.natelli-shop.com\/de\/produkt\/lunamoon-farbe-katzenauge-nr-251-13ml-copy\/\",\"name\":\"Lunamoon Farbe Katzenauge nr 250, 13ml - Natelli - Nail Shop\",\"isPartOf\":{\"@id\":\"https:\/\/www.natelli-shop.com\/de\/#website\"},\"primaryImageOfPage\":{\"@id\":\"https:\/\/www.natelli-shop.com\/de\/produkt\/lunamoon-farbe-katzenauge-nr-251-13ml-copy\/#primaryimage\"},\"image\":{\"@id\":\"https:\/\/www.natelli-shop.com\/de\/produkt\/lunamoon-farbe-katzenauge-nr-251-13ml-copy\/#primaryimage\"},\"thumbnailUrl\":\"https:\/\/www.natelli-shop.com\/wp-content\/uploads\/2025\/11\/luna_nails_color-250_png_1078x1078.webp.jpeg\",\"datePublished\":\"2025-11-20T17:39:00+00:00\",\"dateModified\":\"2026-03-31T23:00:15+00:00\",\"breadcrumb\":{\"@id\":\"https:\/\/www.natelli-shop.com\/de\/produkt\/lunamoon-farbe-katzenauge-nr-251-13ml-copy\/#breadcrumb\"},\"inLanguage\":\"de\",\"potentialAction\":[{\"@type\":\"ReadAction\",\"target\":[\"https:\/\/www.natelli-shop.com\/de\/produkt\/lunamoon-farbe-katzenauge-nr-251-13ml-copy\/\"]}]},{\"@type\":\"ImageObject\",\"inLanguage\":\"de\",\"@id\":\"https:\/\/www.natelli-shop.com\/de\/produkt\/lunamoon-farbe-katzenauge-nr-251-13ml-copy\/#primaryimage\",\"url\":\"https:\/\/www.natelli-shop.com\/wp-content\/uploads\/2025\/11\/luna_nails_color-250_png_1078x1078.webp.jpeg\",\"contentUrl\":\"https:\/\/www.natelli-shop.com\/wp-content\/uploads\/2025\/11\/luna_nails_color-250_png_1078x1078.webp.jpeg\",\"width\":1078,\"height\":1078},{\"@type\":\"BreadcrumbList\",\"@id\":\"https:\/\/www.natelli-shop.com\/de\/produkt\/lunamoon-farbe-katzenauge-nr-251-13ml-copy\/#breadcrumb\",\"itemListElement\":[{\"@type\":\"ListItem\",\"position\":1,\"name\":\"Home\",\"item\":\"https:\/\/www.natelli-shop.com\/de\/startseite\/\"},{\"@type\":\"ListItem\",\"position\":2,\"name\":\"Shop\",\"item\":\"https:\/\/www.natelli-shop.com\/de\/shop\/\"},{\"@type\":\"ListItem\",\"position\":3,\"name\":\"Lunamoon Farbe Katzenauge nr 250, 13ml\"}]},{\"@type\":\"WebSite\",\"@id\":\"https:\/\/www.natelli-shop.com\/de\/#website\",\"url\":\"https:\/\/www.natelli-shop.com\/de\/\",\"name\":\"Natelli - Nail Shop\",\"description\":\"\",\"publisher\":{\"@id\":\"https:\/\/www.natelli-shop.com\/de\/#organization\"},\"potentialAction\":[{\"@type\":\"SearchAction\",\"target\":{\"@type\":\"EntryPoint\",\"urlTemplate\":\"https:\/\/www.natelli-shop.com\/de\/?s={search_term_string}\"},\"query-input\":\"required name=search_term_string\"}],\"inLanguage\":\"de\"},{\"@type\":\"Organization\",\"@id\":\"https:\/\/www.natelli-shop.com\/de\/#organization\",\"name\":\"Natelli - Nail Shop\",\"url\":\"https:\/\/www.natelli-shop.com\/de\/\",\"logo\":{\"@type\":\"ImageObject\",\"inLanguage\":\"de\",\"@id\":\"https:\/\/www.natelli-shop.com\/de\/#\/schema\/logo\/image\/\",\"url\":\"https:\/\/www.natelli-shop.com\/wp-content\/uploads\/2024\/08\/\u0438\u0437\u043e\u0431\u0440\u0430\u0436\u0435\u043d\u0438\u0435_viber_2024-07-31_10-59-46-791.jpg\",\"contentUrl\":\"https:\/\/www.natelli-shop.com\/wp-content\/uploads\/2024\/08\/\u0438\u0437\u043e\u0431\u0440\u0430\u0436\u0435\u043d\u0438\u0435_viber_2024-07-31_10-59-46-791.jpg\",\"width\":1181,\"height\":1186,\"caption\":\"Natelli - Nail Shop\"},\"image\":{\"@id\":\"https:\/\/www.natelli-shop.com\/de\/#\/schema\/logo\/image\/\"}}]}<\/script>\n<!-- \/ Yoast SEO plugin. -->","yoast_head_json":{"title":"Lunamoon Farbe Katzenauge nr 250, 13ml - Natelli - Nail Shop","robots":{"index":"index","follow":"follow","max-snippet":"max-snippet:-1","max-image-preview":"max-image-preview:large","max-video-preview":"max-video-preview:-1"},"canonical":"https:\/\/www.natelli-shop.com\/de\/produkt\/lunamoon-farbe-katzenauge-nr-251-13ml-copy\/","og_locale":"de_DE","og_type":"article","og_title":"Lunamoon Farbe Katzenauge nr 250, 13ml - Natelli - Nail Shop","og_description":"Color Cat Eye Gelpolish ist ein Gelpolish mit dem beliebten &#8222;Katzenaugen&#8220;-Effekt und einer halbtransparenten, glasartigen Basis. Der Cat Eye Gellack","og_url":"https:\/\/www.natelli-shop.com\/de\/produkt\/lunamoon-farbe-katzenauge-nr-251-13ml-copy\/","og_site_name":"Natelli - Nail Shop","article_modified_time":"2026-03-31T23:00:15+00:00","og_image":[{"width":1078,"height":1078,"url":"https:\/\/www.natelli-shop.com\/wp-content\/uploads\/2025\/11\/luna_nails_color-250_png_1078x1078.webp.jpeg","type":"image\/jpeg"}],"twitter_card":"summary_large_image","twitter_misc":{"Gesch\u00e4tzte Lesezeit":"1\u00a0Minute"},"schema":{"@context":"https:\/\/schema.org","@graph":[{"@type":"WebPage","@id":"https:\/\/www.natelli-shop.com\/de\/produkt\/lunamoon-farbe-katzenauge-nr-251-13ml-copy\/","url":"https:\/\/www.natelli-shop.com\/de\/produkt\/lunamoon-farbe-katzenauge-nr-251-13ml-copy\/","name":"Lunamoon Farbe Katzenauge nr 250, 13ml - Natelli - Nail Shop","isPartOf":{"@id":"https:\/\/www.natelli-shop.com\/de\/#website"},"primaryImageOfPage":{"@id":"https:\/\/www.natelli-shop.com\/de\/produkt\/lunamoon-farbe-katzenauge-nr-251-13ml-copy\/#primaryimage"},"image":{"@id":"https:\/\/www.natelli-shop.com\/de\/produkt\/lunamoon-farbe-katzenauge-nr-251-13ml-copy\/#primaryimage"},"thumbnailUrl":"https:\/\/www.natelli-shop.com\/wp-content\/uploads\/2025\/11\/luna_nails_color-250_png_1078x1078.webp.jpeg","datePublished":"2025-11-20T17:39:00+00:00","dateModified":"2026-03-31T23:00:15+00:00","breadcrumb":{"@id":"https:\/\/www.natelli-shop.com\/de\/produkt\/lunamoon-farbe-katzenauge-nr-251-13ml-copy\/#breadcrumb"},"inLanguage":"de","potentialAction":[{"@type":"ReadAction","target":["https:\/\/www.natelli-shop.com\/de\/produkt\/lunamoon-farbe-katzenauge-nr-251-13ml-copy\/"]}]},{"@type":"ImageObject","inLanguage":"de","@id":"https:\/\/www.natelli-shop.com\/de\/produkt\/lunamoon-farbe-katzenauge-nr-251-13ml-copy\/#primaryimage","url":"https:\/\/www.natelli-shop.com\/wp-content\/uploads\/2025\/11\/luna_nails_color-250_png_1078x1078.webp.jpeg","contentUrl":"https:\/\/www.natelli-shop.com\/wp-content\/uploads\/2025\/11\/luna_nails_color-250_png_1078x1078.webp.jpeg","width":1078,"height":1078},{"@type":"BreadcrumbList","@id":"https:\/\/www.natelli-shop.com\/de\/produkt\/lunamoon-farbe-katzenauge-nr-251-13ml-copy\/#breadcrumb","itemListElement":[{"@type":"ListItem","position":1,"name":"Home","item":"https:\/\/www.natelli-shop.com\/de\/startseite\/"},{"@type":"ListItem","position":2,"name":"Shop","item":"https:\/\/www.natelli-shop.com\/de\/shop\/"},{"@type":"ListItem","position":3,"name":"Lunamoon Farbe Katzenauge nr 250, 13ml"}]},{"@type":"WebSite","@id":"https:\/\/www.natelli-shop.com\/de\/#website","url":"https:\/\/www.natelli-shop.com\/de\/","name":"Natelli - Nail Shop","description":"","publisher":{"@id":"https:\/\/www.natelli-shop.com\/de\/#organization"},"potentialAction":[{"@type":"SearchAction","target":{"@type":"EntryPoint","urlTemplate":"https:\/\/www.natelli-shop.com\/de\/?s={search_term_string}"},"query-input":"required name=search_term_string"}],"inLanguage":"de"},{"@type":"Organization","@id":"https:\/\/www.natelli-shop.com\/de\/#organization","name":"Natelli - Nail Shop","url":"https:\/\/www.natelli-shop.com\/de\/","logo":{"@type":"ImageObject","inLanguage":"de","@id":"https:\/\/www.natelli-shop.com\/de\/#\/schema\/logo\/image\/","url":"https:\/\/www.natelli-shop.com\/wp-content\/uploads\/2024\/08\/\u0438\u0437\u043e\u0431\u0440\u0430\u0436\u0435\u043d\u0438\u0435_viber_2024-07-31_10-59-46-791.jpg","contentUrl":"https:\/\/www.natelli-shop.com\/wp-content\/uploads\/2024\/08\/\u0438\u0437\u043e\u0431\u0440\u0430\u0436\u0435\u043d\u0438\u0435_viber_2024-07-31_10-59-46-791.jpg","width":1181,"height":1186,"caption":"Natelli - Nail Shop"},"image":{"@id":"https:\/\/www.natelli-shop.com\/de\/#\/schema\/logo\/image\/"}}]}},"jetpack_sharing_enabled":true,"_links":{"self":[{"href":"https:\/\/www.natelli-shop.com\/de\/wp-json\/wp\/v2\/product\/32176","targetHints":{"allow":["GET"]}}],"collection":[{"href":"https:\/\/www.natelli-shop.com\/de\/wp-json\/wp\/v2\/product"}],"about":[{"href":"https:\/\/www.natelli-shop.com\/de\/wp-json\/wp\/v2\/types\/product"}],"replies":[{"embeddable":true,"href":"https:\/\/www.natelli-shop.com\/de\/wp-json\/wp\/v2\/comments?post=32176"}],"version-history":[{"count":0,"href":"https:\/\/www.natelli-shop.com\/de\/wp-json\/wp\/v2\/product\/32176\/revisions"}],"wp:featuredmedia":[{"embeddable":true,"href":"https:\/\/www.natelli-shop.com\/de\/wp-json\/wp\/v2\/media\/32179"}],"wp:attachment":[{"href":"https:\/\/www.natelli-shop.com\/de\/wp-json\/wp\/v2\/media?parent=32176"}],"wp:term":[{"taxonomy":"product_brand","embeddable":true,"href":"https:\/\/www.natelli-shop.com\/de\/wp-json\/wp\/v2\/product_brand?post=32176"},{"taxonomy":"product_cat","embeddable":true,"href":"https:\/\/www.natelli-shop.com\/de\/wp-json\/wp\/v2\/product_cat?post=32176"},{"taxonomy":"product_tag","embeddable":true,"href":"https:\/\/www.natelli-shop.com\/de\/wp-json\/wp\/v2\/product_tag?post=32176"}],"curies":[{"name":"wp","href":"https:\/\/api.w.org\/{rel}","templated":true}]}}