{"id":30874,"date":"2025-10-20T14:19:00","date_gmt":"2025-10-20T12:19:00","guid":{"rendered":"https:\/\/www.natelli-shop.com\/?post_type=product&#038;p=30874"},"modified":"2026-02-15T00:00:46","modified_gmt":"2026-02-14T23:00:46","slug":"nailsoftheday-gel-politur-milk-choco-10ml-copy","status":"publish","type":"product","link":"https:\/\/www.natelli-shop.com\/de\/produkt\/nailsoftheday-gel-politur-milk-choco-10ml-copy\/","title":{"rendered":"NAILSOFTHEDAY Gel-Politur Mocha Mousse, 10ml"},"content":{"rendered":"<p data-start=\"429\" data-end=\"803\"><strong data-start=\"429\" data-end=\"526\">NAILSOFTHEDAY Gel Polish ist kein gew\u00f6hnlicher UV-Lack, sondern unsere spezielle Nano-Formel.<\/strong><br data-start=\"526\" data-end=\"529\">Wir verwenden in jeder Flasche ausschlie\u00dflich hochwertige europ\u00e4ische Pigmente. Dadurch entsteht ein perfekt ges\u00e4ttigtes und au\u00dfergew\u00f6hnlich leuchtendes Farbergebnis. Der Gel-Lack deckt die Nagelplatte schon mit einer d\u00fcnnen Schicht optimal ab und polymerisiert gleichm\u00e4\u00dfig.  <\/p>\n<p data-start=\"805\" data-end=\"830\"><strong data-start=\"805\" data-end=\"828\">Anwendungsschritte:<\/strong><\/p>\n<ol data-start=\"831\" data-end=\"1602\">\n<li data-start=\"831\" data-end=\"892\">\n<p data-start=\"834\" data-end=\"892\">Die Nagelplatte mit Nailsoftheday Nail Prep entfetten.<\/p>\n<\/li>\n<li data-start=\"893\" data-end=\"950\">\n<p data-start=\"896\" data-end=\"950\">Den Dehydrator Nailsoftheday DEHYDRATOR auftragen.<\/p>\n<\/li>\n<li data-start=\"951\" data-end=\"1006\">\n<p data-start=\"954\" data-end=\"1006\">Den Ultrabond Nailsoftheday ULTRABOND verwenden.<\/p>\n<\/li>\n<li data-start=\"1007\" data-end=\"1155\">\n<p data-start=\"1010\" data-end=\"1155\">Eine elastische Grundierung mit der mittel-sauren Nailsoftheday Rubber Baseoder der haftvermittelnden Nailsoftheday Scotch Base auftragen.<\/p>\n<\/li>\n<li data-start=\"1156\" data-end=\"1333\">\n<p data-start=\"1159\" data-end=\"1333\">NAILSOFTHEDAY Gel Polish gleichm\u00e4\u00dfig in einer d\u00fcnnen Schicht verteilen und sorgf\u00e4ltig ausgleichen. F\u00fcr eine intensivere Farbe kann eine zweite Schicht aufgetragen werden. <\/p>\n<\/li>\n<li data-start=\"1334\" data-end=\"1602\">\n<p data-start=\"1337\" data-end=\"1602\">Mit einem Glanz-Topcoat wie Nailsoftheday Glossy Top No Wipe oder dem kratzfesten Nailsoftheday No Stress Top No Wipe, Nailsoftheday Glossy Top Wipe oder einem matten Finish wie Nailsoftheday Teddy Top Wipe oder Nailsoftheday Matte Top No Wipe versiegeln.<\/p>\n<\/li>\n<\/ol>\n<p data-start=\"1604\" data-end=\"1657\"><strong data-start=\"1604\" data-end=\"1619\">Aush\u00e4rtung:<\/strong> UV &#8211; 120 Sekunden, LED &#8211; 60 Sekunden.<\/p>\n<p><strong>Inhaltsstoffe: <\/strong>Acrylates Copolymer, Isopropyl Alcohol, Dimethicone, Butyl Acetyte, Microcrystalline Wax.<\/p>\n","protected":false},"excerpt":{"rendered":"<p>NAILSOFTHEDAY Gel Polish ist kein gew\u00f6hnlicher UV-Lack, sondern unsere spezielle Nano-Formel.Wir verwenden in jeder Flasche ausschlie\u00dflich hochwertige europ\u00e4ische Pigmente. Dadurch<\/p>\n","protected":false},"featured_media":30877,"comment_status":"open","ping_status":"closed","template":"","meta":[],"product_brand":[],"product_cat":[240],"product_tag":[],"class_list":{"0":"post-30874","1":"product","2":"type-product","3":"status-publish","4":"has-post-thumbnail","6":"product_cat-lets-special-gel-polish-de","8":"first","9":"instock","10":"shipping-taxable","11":"purchasable","12":"product-type-simple"},"yoast_head":"<!-- This site is optimized with the Yoast SEO plugin v23.1 - https:\/\/yoast.com\/wordpress\/plugins\/seo\/ -->\n<title>NAILSOFTHEDAY Gel-Politur Mocha Mousse, 10ml - Natelli - Nail Shop<\/title>\n<meta name=\"robots\" content=\"index, follow, max-snippet:-1, max-image-preview:large, max-video-preview:-1\" \/>\n<link rel=\"canonical\" href=\"https:\/\/www.natelli-shop.com\/de\/produkt\/nailsoftheday-gel-politur-milk-choco-10ml-copy\/\" \/>\n<meta property=\"og:locale\" content=\"de_DE\" \/>\n<meta property=\"og:type\" content=\"article\" \/>\n<meta property=\"og:title\" content=\"NAILSOFTHEDAY Gel-Politur Mocha Mousse, 10ml - Natelli - Nail Shop\" \/>\n<meta property=\"og:description\" content=\"NAILSOFTHEDAY Gel Polish ist kein gew\u00f6hnlicher UV-Lack, sondern unsere spezielle Nano-Formel.Wir verwenden in jeder Flasche ausschlie\u00dflich hochwertige europ\u00e4ische Pigmente. Dadurch\" \/>\n<meta property=\"og:url\" content=\"https:\/\/www.natelli-shop.com\/de\/produkt\/nailsoftheday-gel-politur-milk-choco-10ml-copy\/\" \/>\n<meta property=\"og:site_name\" content=\"Natelli - Nail Shop\" \/>\n<meta property=\"article:modified_time\" content=\"2026-02-14T23:00:46+00:00\" \/>\n<meta property=\"og:image\" content=\"https:\/\/i0.wp.com\/www.natelli-shop.com\/wp-content\/uploads\/2025\/10\/notd_mocha-mousse-013-gel-polish_product-card.png?fit=1001%2C1111&ssl=1\" \/>\n\t<meta property=\"og:image:width\" content=\"1001\" \/>\n\t<meta property=\"og:image:height\" content=\"1111\" \/>\n\t<meta property=\"og:image:type\" content=\"image\/png\" \/>\n<meta name=\"twitter:card\" content=\"summary_large_image\" \/>\n<meta name=\"twitter:label1\" content=\"Gesch\u00e4tzte Lesezeit\" \/>\n\t<meta name=\"twitter:data1\" content=\"1\u00a0Minute\" \/>\n<script type=\"application\/ld+json\" class=\"yoast-schema-graph\">{\"@context\":\"https:\/\/schema.org\",\"@graph\":[{\"@type\":\"WebPage\",\"@id\":\"https:\/\/www.natelli-shop.com\/de\/produkt\/nailsoftheday-gel-politur-milk-choco-10ml-copy\/\",\"url\":\"https:\/\/www.natelli-shop.com\/de\/produkt\/nailsoftheday-gel-politur-milk-choco-10ml-copy\/\",\"name\":\"NAILSOFTHEDAY Gel-Politur Mocha Mousse, 10ml - Natelli - Nail Shop\",\"isPartOf\":{\"@id\":\"https:\/\/www.natelli-shop.com\/de\/#website\"},\"primaryImageOfPage\":{\"@id\":\"https:\/\/www.natelli-shop.com\/de\/produkt\/nailsoftheday-gel-politur-milk-choco-10ml-copy\/#primaryimage\"},\"image\":{\"@id\":\"https:\/\/www.natelli-shop.com\/de\/produkt\/nailsoftheday-gel-politur-milk-choco-10ml-copy\/#primaryimage\"},\"thumbnailUrl\":\"https:\/\/www.natelli-shop.com\/wp-content\/uploads\/2025\/10\/notd_mocha-mousse-013-gel-polish_product-card.png\",\"datePublished\":\"2025-10-20T12:19:00+00:00\",\"dateModified\":\"2026-02-14T23:00:46+00:00\",\"breadcrumb\":{\"@id\":\"https:\/\/www.natelli-shop.com\/de\/produkt\/nailsoftheday-gel-politur-milk-choco-10ml-copy\/#breadcrumb\"},\"inLanguage\":\"de\",\"potentialAction\":[{\"@type\":\"ReadAction\",\"target\":[\"https:\/\/www.natelli-shop.com\/de\/produkt\/nailsoftheday-gel-politur-milk-choco-10ml-copy\/\"]}]},{\"@type\":\"ImageObject\",\"inLanguage\":\"de\",\"@id\":\"https:\/\/www.natelli-shop.com\/de\/produkt\/nailsoftheday-gel-politur-milk-choco-10ml-copy\/#primaryimage\",\"url\":\"https:\/\/www.natelli-shop.com\/wp-content\/uploads\/2025\/10\/notd_mocha-mousse-013-gel-polish_product-card.png\",\"contentUrl\":\"https:\/\/www.natelli-shop.com\/wp-content\/uploads\/2025\/10\/notd_mocha-mousse-013-gel-polish_product-card.png\",\"width\":1001,\"height\":1111},{\"@type\":\"BreadcrumbList\",\"@id\":\"https:\/\/www.natelli-shop.com\/de\/produkt\/nailsoftheday-gel-politur-milk-choco-10ml-copy\/#breadcrumb\",\"itemListElement\":[{\"@type\":\"ListItem\",\"position\":1,\"name\":\"Home\",\"item\":\"https:\/\/www.natelli-shop.com\/de\/startseite\/\"},{\"@type\":\"ListItem\",\"position\":2,\"name\":\"Shop\",\"item\":\"https:\/\/www.natelli-shop.com\/de\/shop\/\"},{\"@type\":\"ListItem\",\"position\":3,\"name\":\"NAILSOFTHEDAY Gel-Politur Mocha Mousse, 10ml\"}]},{\"@type\":\"WebSite\",\"@id\":\"https:\/\/www.natelli-shop.com\/de\/#website\",\"url\":\"https:\/\/www.natelli-shop.com\/de\/\",\"name\":\"Natelli - Nail Shop\",\"description\":\"\",\"publisher\":{\"@id\":\"https:\/\/www.natelli-shop.com\/de\/#organization\"},\"potentialAction\":[{\"@type\":\"SearchAction\",\"target\":{\"@type\":\"EntryPoint\",\"urlTemplate\":\"https:\/\/www.natelli-shop.com\/de\/?s={search_term_string}\"},\"query-input\":\"required name=search_term_string\"}],\"inLanguage\":\"de\"},{\"@type\":\"Organization\",\"@id\":\"https:\/\/www.natelli-shop.com\/de\/#organization\",\"name\":\"Natelli - Nail Shop\",\"url\":\"https:\/\/www.natelli-shop.com\/de\/\",\"logo\":{\"@type\":\"ImageObject\",\"inLanguage\":\"de\",\"@id\":\"https:\/\/www.natelli-shop.com\/de\/#\/schema\/logo\/image\/\",\"url\":\"https:\/\/www.natelli-shop.com\/wp-content\/uploads\/2024\/08\/\u0438\u0437\u043e\u0431\u0440\u0430\u0436\u0435\u043d\u0438\u0435_viber_2024-07-31_10-59-46-791.jpg\",\"contentUrl\":\"https:\/\/www.natelli-shop.com\/wp-content\/uploads\/2024\/08\/\u0438\u0437\u043e\u0431\u0440\u0430\u0436\u0435\u043d\u0438\u0435_viber_2024-07-31_10-59-46-791.jpg\",\"width\":1181,\"height\":1186,\"caption\":\"Natelli - Nail Shop\"},\"image\":{\"@id\":\"https:\/\/www.natelli-shop.com\/de\/#\/schema\/logo\/image\/\"}}]}<\/script>\n<!-- \/ Yoast SEO plugin. -->","yoast_head_json":{"title":"NAILSOFTHEDAY Gel-Politur Mocha Mousse, 10ml - Natelli - Nail Shop","robots":{"index":"index","follow":"follow","max-snippet":"max-snippet:-1","max-image-preview":"max-image-preview:large","max-video-preview":"max-video-preview:-1"},"canonical":"https:\/\/www.natelli-shop.com\/de\/produkt\/nailsoftheday-gel-politur-milk-choco-10ml-copy\/","og_locale":"de_DE","og_type":"article","og_title":"NAILSOFTHEDAY Gel-Politur Mocha Mousse, 10ml - Natelli - Nail Shop","og_description":"NAILSOFTHEDAY Gel Polish ist kein gew\u00f6hnlicher UV-Lack, sondern unsere spezielle Nano-Formel.Wir verwenden in jeder Flasche ausschlie\u00dflich hochwertige europ\u00e4ische Pigmente. Dadurch","og_url":"https:\/\/www.natelli-shop.com\/de\/produkt\/nailsoftheday-gel-politur-milk-choco-10ml-copy\/","og_site_name":"Natelli - Nail Shop","article_modified_time":"2026-02-14T23:00:46+00:00","og_image":[{"width":1001,"height":1111,"url":"https:\/\/i0.wp.com\/www.natelli-shop.com\/wp-content\/uploads\/2025\/10\/notd_mocha-mousse-013-gel-polish_product-card.png?fit=1001%2C1111&ssl=1","type":"image\/png"}],"twitter_card":"summary_large_image","twitter_misc":{"Gesch\u00e4tzte Lesezeit":"1\u00a0Minute"},"schema":{"@context":"https:\/\/schema.org","@graph":[{"@type":"WebPage","@id":"https:\/\/www.natelli-shop.com\/de\/produkt\/nailsoftheday-gel-politur-milk-choco-10ml-copy\/","url":"https:\/\/www.natelli-shop.com\/de\/produkt\/nailsoftheday-gel-politur-milk-choco-10ml-copy\/","name":"NAILSOFTHEDAY Gel-Politur Mocha Mousse, 10ml - Natelli - Nail Shop","isPartOf":{"@id":"https:\/\/www.natelli-shop.com\/de\/#website"},"primaryImageOfPage":{"@id":"https:\/\/www.natelli-shop.com\/de\/produkt\/nailsoftheday-gel-politur-milk-choco-10ml-copy\/#primaryimage"},"image":{"@id":"https:\/\/www.natelli-shop.com\/de\/produkt\/nailsoftheday-gel-politur-milk-choco-10ml-copy\/#primaryimage"},"thumbnailUrl":"https:\/\/www.natelli-shop.com\/wp-content\/uploads\/2025\/10\/notd_mocha-mousse-013-gel-polish_product-card.png","datePublished":"2025-10-20T12:19:00+00:00","dateModified":"2026-02-14T23:00:46+00:00","breadcrumb":{"@id":"https:\/\/www.natelli-shop.com\/de\/produkt\/nailsoftheday-gel-politur-milk-choco-10ml-copy\/#breadcrumb"},"inLanguage":"de","potentialAction":[{"@type":"ReadAction","target":["https:\/\/www.natelli-shop.com\/de\/produkt\/nailsoftheday-gel-politur-milk-choco-10ml-copy\/"]}]},{"@type":"ImageObject","inLanguage":"de","@id":"https:\/\/www.natelli-shop.com\/de\/produkt\/nailsoftheday-gel-politur-milk-choco-10ml-copy\/#primaryimage","url":"https:\/\/www.natelli-shop.com\/wp-content\/uploads\/2025\/10\/notd_mocha-mousse-013-gel-polish_product-card.png","contentUrl":"https:\/\/www.natelli-shop.com\/wp-content\/uploads\/2025\/10\/notd_mocha-mousse-013-gel-polish_product-card.png","width":1001,"height":1111},{"@type":"BreadcrumbList","@id":"https:\/\/www.natelli-shop.com\/de\/produkt\/nailsoftheday-gel-politur-milk-choco-10ml-copy\/#breadcrumb","itemListElement":[{"@type":"ListItem","position":1,"name":"Home","item":"https:\/\/www.natelli-shop.com\/de\/startseite\/"},{"@type":"ListItem","position":2,"name":"Shop","item":"https:\/\/www.natelli-shop.com\/de\/shop\/"},{"@type":"ListItem","position":3,"name":"NAILSOFTHEDAY Gel-Politur Mocha Mousse, 10ml"}]},{"@type":"WebSite","@id":"https:\/\/www.natelli-shop.com\/de\/#website","url":"https:\/\/www.natelli-shop.com\/de\/","name":"Natelli - Nail Shop","description":"","publisher":{"@id":"https:\/\/www.natelli-shop.com\/de\/#organization"},"potentialAction":[{"@type":"SearchAction","target":{"@type":"EntryPoint","urlTemplate":"https:\/\/www.natelli-shop.com\/de\/?s={search_term_string}"},"query-input":"required name=search_term_string"}],"inLanguage":"de"},{"@type":"Organization","@id":"https:\/\/www.natelli-shop.com\/de\/#organization","name":"Natelli - Nail Shop","url":"https:\/\/www.natelli-shop.com\/de\/","logo":{"@type":"ImageObject","inLanguage":"de","@id":"https:\/\/www.natelli-shop.com\/de\/#\/schema\/logo\/image\/","url":"https:\/\/www.natelli-shop.com\/wp-content\/uploads\/2024\/08\/\u0438\u0437\u043e\u0431\u0440\u0430\u0436\u0435\u043d\u0438\u0435_viber_2024-07-31_10-59-46-791.jpg","contentUrl":"https:\/\/www.natelli-shop.com\/wp-content\/uploads\/2024\/08\/\u0438\u0437\u043e\u0431\u0440\u0430\u0436\u0435\u043d\u0438\u0435_viber_2024-07-31_10-59-46-791.jpg","width":1181,"height":1186,"caption":"Natelli - Nail Shop"},"image":{"@id":"https:\/\/www.natelli-shop.com\/de\/#\/schema\/logo\/image\/"}}]}},"jetpack_sharing_enabled":true,"_links":{"self":[{"href":"https:\/\/www.natelli-shop.com\/de\/wp-json\/wp\/v2\/product\/30874","targetHints":{"allow":["GET"]}}],"collection":[{"href":"https:\/\/www.natelli-shop.com\/de\/wp-json\/wp\/v2\/product"}],"about":[{"href":"https:\/\/www.natelli-shop.com\/de\/wp-json\/wp\/v2\/types\/product"}],"replies":[{"embeddable":true,"href":"https:\/\/www.natelli-shop.com\/de\/wp-json\/wp\/v2\/comments?post=30874"}],"version-history":[{"count":0,"href":"https:\/\/www.natelli-shop.com\/de\/wp-json\/wp\/v2\/product\/30874\/revisions"}],"wp:featuredmedia":[{"embeddable":true,"href":"https:\/\/www.natelli-shop.com\/de\/wp-json\/wp\/v2\/media\/30877"}],"wp:attachment":[{"href":"https:\/\/www.natelli-shop.com\/de\/wp-json\/wp\/v2\/media?parent=30874"}],"wp:term":[{"taxonomy":"product_brand","embeddable":true,"href":"https:\/\/www.natelli-shop.com\/de\/wp-json\/wp\/v2\/product_brand?post=30874"},{"taxonomy":"product_cat","embeddable":true,"href":"https:\/\/www.natelli-shop.com\/de\/wp-json\/wp\/v2\/product_cat?post=30874"},{"taxonomy":"product_tag","embeddable":true,"href":"https:\/\/www.natelli-shop.com\/de\/wp-json\/wp\/v2\/product_tag?post=30874"}],"curies":[{"name":"wp","href":"https:\/\/api.w.org\/{rel}","templated":true}]}}