{"id":29980,"date":"2025-09-07T17:41:00","date_gmt":"2025-09-07T15:41:00","guid":{"rendered":"https:\/\/www.natelli-shop.com\/?post_type=product&#038;p=29980"},"modified":"2026-04-01T01:00:23","modified_gmt":"2026-03-31T23:00:23","slug":"lunamoon-cover-base-nr15-13ml-copy-copy","status":"publish","type":"product","link":"https:\/\/www.natelli-shop.com\/de\/produkt\/lunamoon-cover-base-nr15-13ml-copy-copy\/","title":{"rendered":"Lunamoon Cover Base nr33 ,13ml"},"content":{"rendered":"<p><strong>Cover Base \u211633<\/strong> ist eine elastische Basis mit Pigmentpartikeln und Glitter zum \u00dcberziehen und Ausgleichen der N\u00e4gel.<\/p>\n<p><strong>Merkmale:<\/strong><\/p>\n<ul>\n<li>Merkmale:\n<ul>\n<li>Nicht geeignet zum Ausgleichen langer N\u00e4gel ohne vorherige Verst\u00e4rkung.<\/li>\n<li>Hohe Deckkraft des Naturnagels durch hohe Pigmentierung.<\/li>\n<li>Hypoallergen und mit neutralem Geruch.<\/li>\n<li>Die Aush\u00e4rtungszeit in der Lampe betr\u00e4gt 120 Sekunden.<\/li>\n<li>Kann zus\u00e4tzlich erhitzt werden, um die Konsistenz noch d\u00fcnner zu machen.<\/li>\n<li>Kann aufgrund seiner Elastizit\u00e4t w\u00e4hrend des Tragens minimal schrumpfen.<\/li>\n<li>Erfordert eine Unterlage aus Gummiboden<\/li>\n<li>Schwach sauer, mit einem pH-Wert von 5-6.<\/li>\n<li>Leistungsbedarf der Kurlampe: 36 &#8211; 48 W. Es darf nur eine Originallampe sein.<\/li>\n<li>Leicht zu entfernen durch Feilen oder Fl\u00fcssigkeit.<\/li>\n<li>L\u00e4sst sich 3-4 Wochen lang tragen, ohne sich abzul\u00f6sen.<\/li>\n<li>Elastisch und flexibel.<\/li>\n<li>Die wichtigste Regel f\u00fcr die Nivellierung ist, dass die Dicke 0,5 mm betragen sollte.<\/li>\n<li>Thixotrop &#8211; wird beim Auftragen mit Pinselbewegungen d\u00fcnner.<\/li>\n<li>Es breitet sich nicht aus und nivelliert sich schnell selbst.<\/li>\n<li>Mittlere Konsistenz, selbstnivellierend.<\/li>\n<\/ul>\n<\/li>\n<\/ul>\n<p><strong>Anwendungsmethode:<\/strong><br \/>\n1. Entfernen.<br \/>\n2. Wir stauben die Form des Nagels nicht ab. Oder wir lassen 2 mm L\u00e4nge \u00fcbrig, die wir abstauben und nach dem Gl\u00e4tten entfernen.<br \/>\n3. Feilen Sie den Nagel mit einer Feile mit 220er K\u00f6rnung von oben ohne starken Druck, indem Sie die Schuppen der Nagelplatte anheben, oder verwenden Sie einen Schwabbel mit 100er K\u00f6rnung.<br \/>\n4. Manik\u00fcre.<br \/>\n5. Wenn Sie mit Entfernern arbeiten, m\u00fcssen Sie Ihre H\u00e4nde nach der Verwendung mit Wasser und Seife waschen.<br \/>\n6. Entfetten der N\u00e4gel. Es ist notwendig, zwei Ans\u00e4tze zu machen. Wir verwenden 4 Servietten. Eine Serviette f\u00fcr 5 Finger. Die erste Methode besteht darin, die Oberfl\u00e4che des Nagels abzuwischen. Der zweite Ansatz besteht darin, einen Orangenstab zu nehmen, ihn auf eine Serviette zu legen und alles im Bereich der Nagelhaut und in den Nebenh\u00f6hlen abzuwischen.<x id=\"gid_7\"><\/x>7. Dehydrator (optional)<x id=\"gid_8\"><\/x>8. Wir verwenden die Grundierung wie gew\u00fcnscht. Wenn der Untergrund jedoch einen ausreichenden S\u00e4uregehalt hat, ist eine Grundierung nicht erforderlich.<x id=\"gid_9\"><\/x>9. Auskleiden mit Rubber base Lunamoon. Am besten mit einem flachen Gelpinsel auftragen. Die Bewegungen sollten reibend sein. Es ist wichtig, dass Sie alle Vertiefungen des Nagels einzeichnen. Trocknen Sie 30 Sekunden lang.<x id=\"gid_10\"><\/x>10. Wischen Sie die Klebrigkeit ab.<x id=\"gid_11\"><\/x>11. Ausrichten. Trocknen Sie 120 Sekunden lang in einer Lampe.<br \/>\n12. Best\u00e4uben Sie die Form nach dem Ausrichten. Dies ist notwendig, damit sich am Ende eine Dicke bildet, die die freie Kante h\u00e4lt.<br \/>\n13. Nach dem S\u00e4gen wischen wir die Klebrigkeit ab.<br \/>\n14. Tragen Sie die Deckschicht auf und trocknen Sie 120 Sekunden lang. Wischen Sie nach dem Trocknen nicht mit irgendetwas ab, da der Glanz verloren gehen k\u00f6nnte.<\/p>\n","protected":false},"excerpt":{"rendered":"<p>Cover Base \u211633 ist eine elastische Basis mit Pigmentpartikeln und Glitter zum \u00dcberziehen und Ausgleichen der N\u00e4gel. Merkmale: Merkmale: Nicht<\/p>\n","protected":false},"featured_media":29994,"comment_status":"open","ping_status":"closed","template":"","meta":[],"product_brand":[],"product_cat":[230],"product_tag":[],"class_list":{"0":"post-29980","1":"product","2":"type-product","3":"status-publish","4":"has-post-thumbnail","6":"product_cat-cover-color-base-de","8":"first","9":"outofstock","10":"shipping-taxable","11":"purchasable","12":"product-type-simple"},"yoast_head":"<!-- This site is optimized with the Yoast SEO plugin v23.1 - https:\/\/yoast.com\/wordpress\/plugins\/seo\/ -->\n<title>Lunamoon Cover Base nr33 ,13ml - Natelli - Nail Shop<\/title>\n<meta name=\"robots\" content=\"index, follow, max-snippet:-1, max-image-preview:large, max-video-preview:-1\" \/>\n<link rel=\"canonical\" href=\"https:\/\/www.natelli-shop.com\/de\/produkt\/lunamoon-cover-base-nr15-13ml-copy-copy\/\" \/>\n<meta property=\"og:locale\" content=\"de_DE\" \/>\n<meta property=\"og:type\" content=\"article\" \/>\n<meta property=\"og:title\" content=\"Lunamoon Cover Base nr33 ,13ml - Natelli - Nail Shop\" \/>\n<meta property=\"og:description\" content=\"Cover Base \u211633 ist eine elastische Basis mit Pigmentpartikeln und Glitter zum \u00dcberziehen und Ausgleichen der N\u00e4gel. Merkmale: Merkmale: Nicht\" \/>\n<meta property=\"og:url\" content=\"https:\/\/www.natelli-shop.com\/de\/produkt\/lunamoon-cover-base-nr15-13ml-copy-copy\/\" \/>\n<meta property=\"og:site_name\" content=\"Natelli - Nail Shop\" \/>\n<meta property=\"article:modified_time\" content=\"2026-03-31T23:00:23+00:00\" \/>\n<meta property=\"og:image\" content=\"https:\/\/i0.wp.com\/www.natelli-shop.com\/wp-content\/uploads\/2025\/09\/luna_nails_v3-400_0.png.webp?fit=800%2C800&ssl=1\" \/>\n\t<meta property=\"og:image:width\" content=\"800\" \/>\n\t<meta property=\"og:image:height\" content=\"800\" \/>\n\t<meta property=\"og:image:type\" content=\"image\/webp\" \/>\n<meta name=\"twitter:card\" content=\"summary_large_image\" \/>\n<meta name=\"twitter:label1\" content=\"Gesch\u00e4tzte Lesezeit\" \/>\n\t<meta name=\"twitter:data1\" content=\"2\u00a0Minuten\" \/>\n<script type=\"application\/ld+json\" class=\"yoast-schema-graph\">{\"@context\":\"https:\/\/schema.org\",\"@graph\":[{\"@type\":\"WebPage\",\"@id\":\"https:\/\/www.natelli-shop.com\/de\/produkt\/lunamoon-cover-base-nr15-13ml-copy-copy\/\",\"url\":\"https:\/\/www.natelli-shop.com\/de\/produkt\/lunamoon-cover-base-nr15-13ml-copy-copy\/\",\"name\":\"Lunamoon Cover Base nr33 ,13ml - Natelli - Nail Shop\",\"isPartOf\":{\"@id\":\"https:\/\/www.natelli-shop.com\/de\/#website\"},\"primaryImageOfPage\":{\"@id\":\"https:\/\/www.natelli-shop.com\/de\/produkt\/lunamoon-cover-base-nr15-13ml-copy-copy\/#primaryimage\"},\"image\":{\"@id\":\"https:\/\/www.natelli-shop.com\/de\/produkt\/lunamoon-cover-base-nr15-13ml-copy-copy\/#primaryimage\"},\"thumbnailUrl\":\"https:\/\/www.natelli-shop.com\/wp-content\/uploads\/2025\/09\/luna_nails_v3-400_0.png.webp\",\"datePublished\":\"2025-09-07T15:41:00+00:00\",\"dateModified\":\"2026-03-31T23:00:23+00:00\",\"breadcrumb\":{\"@id\":\"https:\/\/www.natelli-shop.com\/de\/produkt\/lunamoon-cover-base-nr15-13ml-copy-copy\/#breadcrumb\"},\"inLanguage\":\"de\",\"potentialAction\":[{\"@type\":\"ReadAction\",\"target\":[\"https:\/\/www.natelli-shop.com\/de\/produkt\/lunamoon-cover-base-nr15-13ml-copy-copy\/\"]}]},{\"@type\":\"ImageObject\",\"inLanguage\":\"de\",\"@id\":\"https:\/\/www.natelli-shop.com\/de\/produkt\/lunamoon-cover-base-nr15-13ml-copy-copy\/#primaryimage\",\"url\":\"https:\/\/www.natelli-shop.com\/wp-content\/uploads\/2025\/09\/luna_nails_v3-400_0.png.webp\",\"contentUrl\":\"https:\/\/www.natelli-shop.com\/wp-content\/uploads\/2025\/09\/luna_nails_v3-400_0.png.webp\",\"width\":800,\"height\":800},{\"@type\":\"BreadcrumbList\",\"@id\":\"https:\/\/www.natelli-shop.com\/de\/produkt\/lunamoon-cover-base-nr15-13ml-copy-copy\/#breadcrumb\",\"itemListElement\":[{\"@type\":\"ListItem\",\"position\":1,\"name\":\"Home\",\"item\":\"https:\/\/www.natelli-shop.com\/de\/startseite\/\"},{\"@type\":\"ListItem\",\"position\":2,\"name\":\"Shop\",\"item\":\"https:\/\/www.natelli-shop.com\/de\/shop\/\"},{\"@type\":\"ListItem\",\"position\":3,\"name\":\"Lunamoon Cover Base nr33 ,13ml\"}]},{\"@type\":\"WebSite\",\"@id\":\"https:\/\/www.natelli-shop.com\/de\/#website\",\"url\":\"https:\/\/www.natelli-shop.com\/de\/\",\"name\":\"Natelli - Nail Shop\",\"description\":\"\",\"publisher\":{\"@id\":\"https:\/\/www.natelli-shop.com\/de\/#organization\"},\"potentialAction\":[{\"@type\":\"SearchAction\",\"target\":{\"@type\":\"EntryPoint\",\"urlTemplate\":\"https:\/\/www.natelli-shop.com\/de\/?s={search_term_string}\"},\"query-input\":\"required name=search_term_string\"}],\"inLanguage\":\"de\"},{\"@type\":\"Organization\",\"@id\":\"https:\/\/www.natelli-shop.com\/de\/#organization\",\"name\":\"Natelli - Nail Shop\",\"url\":\"https:\/\/www.natelli-shop.com\/de\/\",\"logo\":{\"@type\":\"ImageObject\",\"inLanguage\":\"de\",\"@id\":\"https:\/\/www.natelli-shop.com\/de\/#\/schema\/logo\/image\/\",\"url\":\"https:\/\/www.natelli-shop.com\/wp-content\/uploads\/2024\/08\/\u0438\u0437\u043e\u0431\u0440\u0430\u0436\u0435\u043d\u0438\u0435_viber_2024-07-31_10-59-46-791.jpg\",\"contentUrl\":\"https:\/\/www.natelli-shop.com\/wp-content\/uploads\/2024\/08\/\u0438\u0437\u043e\u0431\u0440\u0430\u0436\u0435\u043d\u0438\u0435_viber_2024-07-31_10-59-46-791.jpg\",\"width\":1181,\"height\":1186,\"caption\":\"Natelli - Nail Shop\"},\"image\":{\"@id\":\"https:\/\/www.natelli-shop.com\/de\/#\/schema\/logo\/image\/\"}}]}<\/script>\n<!-- \/ Yoast SEO plugin. -->","yoast_head_json":{"title":"Lunamoon Cover Base nr33 ,13ml - Natelli - Nail Shop","robots":{"index":"index","follow":"follow","max-snippet":"max-snippet:-1","max-image-preview":"max-image-preview:large","max-video-preview":"max-video-preview:-1"},"canonical":"https:\/\/www.natelli-shop.com\/de\/produkt\/lunamoon-cover-base-nr15-13ml-copy-copy\/","og_locale":"de_DE","og_type":"article","og_title":"Lunamoon Cover Base nr33 ,13ml - Natelli - Nail Shop","og_description":"Cover Base \u211633 ist eine elastische Basis mit Pigmentpartikeln und Glitter zum \u00dcberziehen und Ausgleichen der N\u00e4gel. Merkmale: Merkmale: Nicht","og_url":"https:\/\/www.natelli-shop.com\/de\/produkt\/lunamoon-cover-base-nr15-13ml-copy-copy\/","og_site_name":"Natelli - Nail Shop","article_modified_time":"2026-03-31T23:00:23+00:00","og_image":[{"width":800,"height":800,"url":"https:\/\/i0.wp.com\/www.natelli-shop.com\/wp-content\/uploads\/2025\/09\/luna_nails_v3-400_0.png.webp?fit=800%2C800&ssl=1","type":"image\/webp"}],"twitter_card":"summary_large_image","twitter_misc":{"Gesch\u00e4tzte Lesezeit":"2\u00a0Minuten"},"schema":{"@context":"https:\/\/schema.org","@graph":[{"@type":"WebPage","@id":"https:\/\/www.natelli-shop.com\/de\/produkt\/lunamoon-cover-base-nr15-13ml-copy-copy\/","url":"https:\/\/www.natelli-shop.com\/de\/produkt\/lunamoon-cover-base-nr15-13ml-copy-copy\/","name":"Lunamoon Cover Base nr33 ,13ml - Natelli - Nail Shop","isPartOf":{"@id":"https:\/\/www.natelli-shop.com\/de\/#website"},"primaryImageOfPage":{"@id":"https:\/\/www.natelli-shop.com\/de\/produkt\/lunamoon-cover-base-nr15-13ml-copy-copy\/#primaryimage"},"image":{"@id":"https:\/\/www.natelli-shop.com\/de\/produkt\/lunamoon-cover-base-nr15-13ml-copy-copy\/#primaryimage"},"thumbnailUrl":"https:\/\/www.natelli-shop.com\/wp-content\/uploads\/2025\/09\/luna_nails_v3-400_0.png.webp","datePublished":"2025-09-07T15:41:00+00:00","dateModified":"2026-03-31T23:00:23+00:00","breadcrumb":{"@id":"https:\/\/www.natelli-shop.com\/de\/produkt\/lunamoon-cover-base-nr15-13ml-copy-copy\/#breadcrumb"},"inLanguage":"de","potentialAction":[{"@type":"ReadAction","target":["https:\/\/www.natelli-shop.com\/de\/produkt\/lunamoon-cover-base-nr15-13ml-copy-copy\/"]}]},{"@type":"ImageObject","inLanguage":"de","@id":"https:\/\/www.natelli-shop.com\/de\/produkt\/lunamoon-cover-base-nr15-13ml-copy-copy\/#primaryimage","url":"https:\/\/www.natelli-shop.com\/wp-content\/uploads\/2025\/09\/luna_nails_v3-400_0.png.webp","contentUrl":"https:\/\/www.natelli-shop.com\/wp-content\/uploads\/2025\/09\/luna_nails_v3-400_0.png.webp","width":800,"height":800},{"@type":"BreadcrumbList","@id":"https:\/\/www.natelli-shop.com\/de\/produkt\/lunamoon-cover-base-nr15-13ml-copy-copy\/#breadcrumb","itemListElement":[{"@type":"ListItem","position":1,"name":"Home","item":"https:\/\/www.natelli-shop.com\/de\/startseite\/"},{"@type":"ListItem","position":2,"name":"Shop","item":"https:\/\/www.natelli-shop.com\/de\/shop\/"},{"@type":"ListItem","position":3,"name":"Lunamoon Cover Base nr33 ,13ml"}]},{"@type":"WebSite","@id":"https:\/\/www.natelli-shop.com\/de\/#website","url":"https:\/\/www.natelli-shop.com\/de\/","name":"Natelli - Nail Shop","description":"","publisher":{"@id":"https:\/\/www.natelli-shop.com\/de\/#organization"},"potentialAction":[{"@type":"SearchAction","target":{"@type":"EntryPoint","urlTemplate":"https:\/\/www.natelli-shop.com\/de\/?s={search_term_string}"},"query-input":"required name=search_term_string"}],"inLanguage":"de"},{"@type":"Organization","@id":"https:\/\/www.natelli-shop.com\/de\/#organization","name":"Natelli - Nail Shop","url":"https:\/\/www.natelli-shop.com\/de\/","logo":{"@type":"ImageObject","inLanguage":"de","@id":"https:\/\/www.natelli-shop.com\/de\/#\/schema\/logo\/image\/","url":"https:\/\/www.natelli-shop.com\/wp-content\/uploads\/2024\/08\/\u0438\u0437\u043e\u0431\u0440\u0430\u0436\u0435\u043d\u0438\u0435_viber_2024-07-31_10-59-46-791.jpg","contentUrl":"https:\/\/www.natelli-shop.com\/wp-content\/uploads\/2024\/08\/\u0438\u0437\u043e\u0431\u0440\u0430\u0436\u0435\u043d\u0438\u0435_viber_2024-07-31_10-59-46-791.jpg","width":1181,"height":1186,"caption":"Natelli - Nail Shop"},"image":{"@id":"https:\/\/www.natelli-shop.com\/de\/#\/schema\/logo\/image\/"}}]}},"jetpack_sharing_enabled":true,"_links":{"self":[{"href":"https:\/\/www.natelli-shop.com\/de\/wp-json\/wp\/v2\/product\/29980","targetHints":{"allow":["GET"]}}],"collection":[{"href":"https:\/\/www.natelli-shop.com\/de\/wp-json\/wp\/v2\/product"}],"about":[{"href":"https:\/\/www.natelli-shop.com\/de\/wp-json\/wp\/v2\/types\/product"}],"replies":[{"embeddable":true,"href":"https:\/\/www.natelli-shop.com\/de\/wp-json\/wp\/v2\/comments?post=29980"}],"version-history":[{"count":0,"href":"https:\/\/www.natelli-shop.com\/de\/wp-json\/wp\/v2\/product\/29980\/revisions"}],"wp:featuredmedia":[{"embeddable":true,"href":"https:\/\/www.natelli-shop.com\/de\/wp-json\/wp\/v2\/media\/29994"}],"wp:attachment":[{"href":"https:\/\/www.natelli-shop.com\/de\/wp-json\/wp\/v2\/media?parent=29980"}],"wp:term":[{"taxonomy":"product_brand","embeddable":true,"href":"https:\/\/www.natelli-shop.com\/de\/wp-json\/wp\/v2\/product_brand?post=29980"},{"taxonomy":"product_cat","embeddable":true,"href":"https:\/\/www.natelli-shop.com\/de\/wp-json\/wp\/v2\/product_cat?post=29980"},{"taxonomy":"product_tag","embeddable":true,"href":"https:\/\/www.natelli-shop.com\/de\/wp-json\/wp\/v2\/product_tag?post=29980"}],"curies":[{"name":"wp","href":"https:\/\/api.w.org\/{rel}","templated":true}]}}