{"id":29547,"date":"2025-08-05T12:32:10","date_gmt":"2025-08-05T10:32:10","guid":{"rendered":"https:\/\/www.natelli-shop.com\/?post_type=product&#038;p=29547"},"modified":"2026-02-25T18:30:03","modified_gmt":"2026-02-25T17:30:03","slug":"perforierte-fusselfreie-tucher-expert-400-stuck-copy","status":"publish","type":"product","link":"https:\/\/www.natelli-shop.com\/de\/produkt\/perforierte-fusselfreie-tucher-expert-400-stuck-copy\/","title":{"rendered":"Flusenfreie T\u00fccher SMART (400 St\u00fcck)"},"content":{"rendered":"<p>Die fusselfreien Servietten Smart entfernen vorsichtig die klebrige Schicht von Gel-Lack, Acryl und Biogel. Sie sind auch ideal zum Entfetten von nat\u00fcrlichen und k\u00fcnstlichen Nagelplatten, ohne Fusseln zu hinterlassen. Sie werden f\u00fcr professionelle Zwecke bei der Manik\u00fcre und Pedik\u00fcre und zur Reinigung von Gel und Acryl von Pinseln verwendet.  <\/p>\n<p>Merkmale:<\/p>\n<p>&#8211; Material: Spinnvlies.<\/p>\n<p>&#8211; 400 St\u00fcck pro Packung.<\/p>\n<p>&#8211; Gr\u00f6\u00dfe der Serviette: 4,5*4,5 cm.<\/p>\n<p>&#8211; Wei\u00df.<\/p>\n<p>&#8211; Verpackungsgr\u00f6\u00dfe: 5 cm * 16,2 cm.<\/p>\n<p>Wichtige Merkmale:<\/p>\n<p>&#8211; 100% fusselfrei.<\/p>\n<p>&#8211; F\u00fcr die professionelle Anwendung bei Manik\u00fcre und Pedik\u00fcre.<\/p>\n<p>&#8211; F\u00fchlt sich weich an.<\/p>\n<p>&#8211; Hohe Feuchtigkeitsaufnahme des Materials.<\/p>\n<p>&#8211; Um die Nagelplatte zu reinigen, entfernen Sie den Nagellack und die klebrige Schicht.<\/p>\n<p>&#8211; Zum einmaligen Gebrauch.<\/p>\n<p>&#8211; V\u00f6llig hygienisch.<\/p>\n","protected":false},"excerpt":{"rendered":"<p>Die fusselfreien Servietten Smart entfernen vorsichtig die klebrige Schicht von Gel-Lack, Acryl und Biogel. Sie sind auch ideal zum Entfetten<\/p>\n","protected":false},"featured_media":29550,"comment_status":"open","ping_status":"closed","template":"","meta":[],"product_brand":[],"product_cat":[352],"product_tag":[],"class_list":{"0":"post-29547","1":"product","2":"type-product","3":"status-publish","4":"has-post-thumbnail","6":"product_cat-materialien-fuer-die-manikuere","8":"first","9":"instock","10":"shipping-taxable","11":"purchasable","12":"product-type-simple"},"yoast_head":"<!-- This site is optimized with the Yoast SEO plugin v23.1 - https:\/\/yoast.com\/wordpress\/plugins\/seo\/ -->\n<title>Flusenfreie T\u00fccher SMART (400 St\u00fcck) - Natelli - Nail Shop<\/title>\n<meta name=\"robots\" content=\"index, follow, max-snippet:-1, max-image-preview:large, max-video-preview:-1\" \/>\n<link rel=\"canonical\" href=\"https:\/\/www.natelli-shop.com\/de\/produkt\/perforierte-fusselfreie-tucher-expert-400-stuck-copy\/\" \/>\n<meta property=\"og:locale\" content=\"de_DE\" \/>\n<meta property=\"og:type\" content=\"article\" \/>\n<meta property=\"og:title\" content=\"Flusenfreie T\u00fccher SMART (400 St\u00fcck) - Natelli - Nail Shop\" \/>\n<meta property=\"og:description\" content=\"Die fusselfreien Servietten Smart entfernen vorsichtig die klebrige Schicht von Gel-Lack, Acryl und Biogel. Sie sind auch ideal zum Entfetten\" \/>\n<meta property=\"og:url\" content=\"https:\/\/www.natelli-shop.com\/de\/produkt\/perforierte-fusselfreie-tucher-expert-400-stuck-copy\/\" \/>\n<meta property=\"og:site_name\" content=\"Natelli - Nail Shop\" \/>\n<meta property=\"article:modified_time\" content=\"2026-02-25T17:30:03+00:00\" \/>\n<meta property=\"og:image\" content=\"https:\/\/www.natelli-shop.com\/wp-content\/uploads\/2025\/08\/ws-400_1.webp\" \/>\n\t<meta property=\"og:image:width\" content=\"2000\" \/>\n\t<meta property=\"og:image:height\" content=\"2000\" \/>\n\t<meta property=\"og:image:type\" content=\"image\/webp\" \/>\n<meta name=\"twitter:card\" content=\"summary_large_image\" \/>\n<meta name=\"twitter:label1\" content=\"Gesch\u00e4tzte Lesezeit\" \/>\n\t<meta name=\"twitter:data1\" content=\"1\u00a0Minute\" \/>\n<script type=\"application\/ld+json\" class=\"yoast-schema-graph\">{\"@context\":\"https:\/\/schema.org\",\"@graph\":[{\"@type\":\"WebPage\",\"@id\":\"https:\/\/www.natelli-shop.com\/de\/produkt\/perforierte-fusselfreie-tucher-expert-400-stuck-copy\/\",\"url\":\"https:\/\/www.natelli-shop.com\/de\/produkt\/perforierte-fusselfreie-tucher-expert-400-stuck-copy\/\",\"name\":\"Flusenfreie T\u00fccher SMART (400 St\u00fcck) - Natelli - Nail Shop\",\"isPartOf\":{\"@id\":\"https:\/\/www.natelli-shop.com\/de\/#website\"},\"primaryImageOfPage\":{\"@id\":\"https:\/\/www.natelli-shop.com\/de\/produkt\/perforierte-fusselfreie-tucher-expert-400-stuck-copy\/#primaryimage\"},\"image\":{\"@id\":\"https:\/\/www.natelli-shop.com\/de\/produkt\/perforierte-fusselfreie-tucher-expert-400-stuck-copy\/#primaryimage\"},\"thumbnailUrl\":\"https:\/\/www.natelli-shop.com\/wp-content\/uploads\/2025\/08\/ws-400_1.webp\",\"datePublished\":\"2025-08-05T10:32:10+00:00\",\"dateModified\":\"2026-02-25T17:30:03+00:00\",\"breadcrumb\":{\"@id\":\"https:\/\/www.natelli-shop.com\/de\/produkt\/perforierte-fusselfreie-tucher-expert-400-stuck-copy\/#breadcrumb\"},\"inLanguage\":\"de\",\"potentialAction\":[{\"@type\":\"ReadAction\",\"target\":[\"https:\/\/www.natelli-shop.com\/de\/produkt\/perforierte-fusselfreie-tucher-expert-400-stuck-copy\/\"]}]},{\"@type\":\"ImageObject\",\"inLanguage\":\"de\",\"@id\":\"https:\/\/www.natelli-shop.com\/de\/produkt\/perforierte-fusselfreie-tucher-expert-400-stuck-copy\/#primaryimage\",\"url\":\"https:\/\/www.natelli-shop.com\/wp-content\/uploads\/2025\/08\/ws-400_1.webp\",\"contentUrl\":\"https:\/\/www.natelli-shop.com\/wp-content\/uploads\/2025\/08\/ws-400_1.webp\",\"width\":2000,\"height\":2000},{\"@type\":\"BreadcrumbList\",\"@id\":\"https:\/\/www.natelli-shop.com\/de\/produkt\/perforierte-fusselfreie-tucher-expert-400-stuck-copy\/#breadcrumb\",\"itemListElement\":[{\"@type\":\"ListItem\",\"position\":1,\"name\":\"Home\",\"item\":\"https:\/\/www.natelli-shop.com\/de\/startseite\/\"},{\"@type\":\"ListItem\",\"position\":2,\"name\":\"Shop\",\"item\":\"https:\/\/www.natelli-shop.com\/de\/shop\/\"},{\"@type\":\"ListItem\",\"position\":3,\"name\":\"Flusenfreie T\u00fccher SMART (400 St\u00fcck)\"}]},{\"@type\":\"WebSite\",\"@id\":\"https:\/\/www.natelli-shop.com\/de\/#website\",\"url\":\"https:\/\/www.natelli-shop.com\/de\/\",\"name\":\"Natelli - Nail Shop\",\"description\":\"\",\"publisher\":{\"@id\":\"https:\/\/www.natelli-shop.com\/de\/#organization\"},\"potentialAction\":[{\"@type\":\"SearchAction\",\"target\":{\"@type\":\"EntryPoint\",\"urlTemplate\":\"https:\/\/www.natelli-shop.com\/de\/?s={search_term_string}\"},\"query-input\":\"required name=search_term_string\"}],\"inLanguage\":\"de\"},{\"@type\":\"Organization\",\"@id\":\"https:\/\/www.natelli-shop.com\/de\/#organization\",\"name\":\"Natelli - Nail Shop\",\"url\":\"https:\/\/www.natelli-shop.com\/de\/\",\"logo\":{\"@type\":\"ImageObject\",\"inLanguage\":\"de\",\"@id\":\"https:\/\/www.natelli-shop.com\/de\/#\/schema\/logo\/image\/\",\"url\":\"https:\/\/www.natelli-shop.com\/wp-content\/uploads\/2024\/08\/\u0438\u0437\u043e\u0431\u0440\u0430\u0436\u0435\u043d\u0438\u0435_viber_2024-07-31_10-59-46-791.jpg\",\"contentUrl\":\"https:\/\/www.natelli-shop.com\/wp-content\/uploads\/2024\/08\/\u0438\u0437\u043e\u0431\u0440\u0430\u0436\u0435\u043d\u0438\u0435_viber_2024-07-31_10-59-46-791.jpg\",\"width\":1181,\"height\":1186,\"caption\":\"Natelli - Nail Shop\"},\"image\":{\"@id\":\"https:\/\/www.natelli-shop.com\/de\/#\/schema\/logo\/image\/\"}}]}<\/script>\n<!-- \/ Yoast SEO plugin. -->","yoast_head_json":{"title":"Flusenfreie T\u00fccher SMART (400 St\u00fcck) - Natelli - Nail Shop","robots":{"index":"index","follow":"follow","max-snippet":"max-snippet:-1","max-image-preview":"max-image-preview:large","max-video-preview":"max-video-preview:-1"},"canonical":"https:\/\/www.natelli-shop.com\/de\/produkt\/perforierte-fusselfreie-tucher-expert-400-stuck-copy\/","og_locale":"de_DE","og_type":"article","og_title":"Flusenfreie T\u00fccher SMART (400 St\u00fcck) - Natelli - Nail Shop","og_description":"Die fusselfreien Servietten Smart entfernen vorsichtig die klebrige Schicht von Gel-Lack, Acryl und Biogel. Sie sind auch ideal zum Entfetten","og_url":"https:\/\/www.natelli-shop.com\/de\/produkt\/perforierte-fusselfreie-tucher-expert-400-stuck-copy\/","og_site_name":"Natelli - Nail Shop","article_modified_time":"2026-02-25T17:30:03+00:00","og_image":[{"width":2000,"height":2000,"url":"https:\/\/www.natelli-shop.com\/wp-content\/uploads\/2025\/08\/ws-400_1.webp","type":"image\/webp"}],"twitter_card":"summary_large_image","twitter_misc":{"Gesch\u00e4tzte Lesezeit":"1\u00a0Minute"},"schema":{"@context":"https:\/\/schema.org","@graph":[{"@type":"WebPage","@id":"https:\/\/www.natelli-shop.com\/de\/produkt\/perforierte-fusselfreie-tucher-expert-400-stuck-copy\/","url":"https:\/\/www.natelli-shop.com\/de\/produkt\/perforierte-fusselfreie-tucher-expert-400-stuck-copy\/","name":"Flusenfreie T\u00fccher SMART (400 St\u00fcck) - Natelli - Nail Shop","isPartOf":{"@id":"https:\/\/www.natelli-shop.com\/de\/#website"},"primaryImageOfPage":{"@id":"https:\/\/www.natelli-shop.com\/de\/produkt\/perforierte-fusselfreie-tucher-expert-400-stuck-copy\/#primaryimage"},"image":{"@id":"https:\/\/www.natelli-shop.com\/de\/produkt\/perforierte-fusselfreie-tucher-expert-400-stuck-copy\/#primaryimage"},"thumbnailUrl":"https:\/\/www.natelli-shop.com\/wp-content\/uploads\/2025\/08\/ws-400_1.webp","datePublished":"2025-08-05T10:32:10+00:00","dateModified":"2026-02-25T17:30:03+00:00","breadcrumb":{"@id":"https:\/\/www.natelli-shop.com\/de\/produkt\/perforierte-fusselfreie-tucher-expert-400-stuck-copy\/#breadcrumb"},"inLanguage":"de","potentialAction":[{"@type":"ReadAction","target":["https:\/\/www.natelli-shop.com\/de\/produkt\/perforierte-fusselfreie-tucher-expert-400-stuck-copy\/"]}]},{"@type":"ImageObject","inLanguage":"de","@id":"https:\/\/www.natelli-shop.com\/de\/produkt\/perforierte-fusselfreie-tucher-expert-400-stuck-copy\/#primaryimage","url":"https:\/\/www.natelli-shop.com\/wp-content\/uploads\/2025\/08\/ws-400_1.webp","contentUrl":"https:\/\/www.natelli-shop.com\/wp-content\/uploads\/2025\/08\/ws-400_1.webp","width":2000,"height":2000},{"@type":"BreadcrumbList","@id":"https:\/\/www.natelli-shop.com\/de\/produkt\/perforierte-fusselfreie-tucher-expert-400-stuck-copy\/#breadcrumb","itemListElement":[{"@type":"ListItem","position":1,"name":"Home","item":"https:\/\/www.natelli-shop.com\/de\/startseite\/"},{"@type":"ListItem","position":2,"name":"Shop","item":"https:\/\/www.natelli-shop.com\/de\/shop\/"},{"@type":"ListItem","position":3,"name":"Flusenfreie T\u00fccher SMART (400 St\u00fcck)"}]},{"@type":"WebSite","@id":"https:\/\/www.natelli-shop.com\/de\/#website","url":"https:\/\/www.natelli-shop.com\/de\/","name":"Natelli - Nail Shop","description":"","publisher":{"@id":"https:\/\/www.natelli-shop.com\/de\/#organization"},"potentialAction":[{"@type":"SearchAction","target":{"@type":"EntryPoint","urlTemplate":"https:\/\/www.natelli-shop.com\/de\/?s={search_term_string}"},"query-input":"required name=search_term_string"}],"inLanguage":"de"},{"@type":"Organization","@id":"https:\/\/www.natelli-shop.com\/de\/#organization","name":"Natelli - Nail Shop","url":"https:\/\/www.natelli-shop.com\/de\/","logo":{"@type":"ImageObject","inLanguage":"de","@id":"https:\/\/www.natelli-shop.com\/de\/#\/schema\/logo\/image\/","url":"https:\/\/www.natelli-shop.com\/wp-content\/uploads\/2024\/08\/\u0438\u0437\u043e\u0431\u0440\u0430\u0436\u0435\u043d\u0438\u0435_viber_2024-07-31_10-59-46-791.jpg","contentUrl":"https:\/\/www.natelli-shop.com\/wp-content\/uploads\/2024\/08\/\u0438\u0437\u043e\u0431\u0440\u0430\u0436\u0435\u043d\u0438\u0435_viber_2024-07-31_10-59-46-791.jpg","width":1181,"height":1186,"caption":"Natelli - Nail Shop"},"image":{"@id":"https:\/\/www.natelli-shop.com\/de\/#\/schema\/logo\/image\/"}}]}},"jetpack_sharing_enabled":true,"_links":{"self":[{"href":"https:\/\/www.natelli-shop.com\/de\/wp-json\/wp\/v2\/product\/29547","targetHints":{"allow":["GET"]}}],"collection":[{"href":"https:\/\/www.natelli-shop.com\/de\/wp-json\/wp\/v2\/product"}],"about":[{"href":"https:\/\/www.natelli-shop.com\/de\/wp-json\/wp\/v2\/types\/product"}],"replies":[{"embeddable":true,"href":"https:\/\/www.natelli-shop.com\/de\/wp-json\/wp\/v2\/comments?post=29547"}],"version-history":[{"count":0,"href":"https:\/\/www.natelli-shop.com\/de\/wp-json\/wp\/v2\/product\/29547\/revisions"}],"wp:featuredmedia":[{"embeddable":true,"href":"https:\/\/www.natelli-shop.com\/de\/wp-json\/wp\/v2\/media\/29550"}],"wp:attachment":[{"href":"https:\/\/www.natelli-shop.com\/de\/wp-json\/wp\/v2\/media?parent=29547"}],"wp:term":[{"taxonomy":"product_brand","embeddable":true,"href":"https:\/\/www.natelli-shop.com\/de\/wp-json\/wp\/v2\/product_brand?post=29547"},{"taxonomy":"product_cat","embeddable":true,"href":"https:\/\/www.natelli-shop.com\/de\/wp-json\/wp\/v2\/product_cat?post=29547"},{"taxonomy":"product_tag","embeddable":true,"href":"https:\/\/www.natelli-shop.com\/de\/wp-json\/wp\/v2\/product_tag?post=29547"}],"curies":[{"name":"wp","href":"https:\/\/api.w.org\/{rel}","templated":true}]}}