{"id":29544,"date":"2025-08-05T12:28:43","date_gmt":"2025-08-05T10:28:43","guid":{"rendered":"https:\/\/www.natelli-shop.com\/product\/perforierte-fusselfreie-tuecher-expert-400-stueck\/"},"modified":"2025-10-03T15:56:47","modified_gmt":"2025-10-03T13:56:47","slug":"perforierte-fusselfreie-tuecher-expert-400-stueck","status":"publish","type":"product","link":"https:\/\/www.natelli-shop.com\/de\/produkt\/perforierte-fusselfreie-tuecher-expert-400-stueck\/","title":{"rendered":"Perforierte fusselfreie T\u00fccher EXPERT (400 St\u00fcck)"},"content":{"rendered":"<p>Perforierte fusselfreie Servietten EXPERT entfernen vorsichtig die klebrige Schicht von Gel-Lack, Acryl und Biogel. Sie sind auch ideal zum fusselfreien Entfetten von nat\u00fcrlichen und k\u00fcnstlichen Nagelplatten. Sie werden f\u00fcr professionelle Zwecke bei der Manik\u00fcre und Pedik\u00fcre und zur Reinigung von Gel und Acryl von Pinseln verwendet.  <\/p>\n<p>Merkmale:<\/p>\n<p>&#8211; Material: Spinnvlies.<\/p>\n<p>&#8211; 400 St\u00fcck pro Packung.<\/p>\n<p>&#8211; Gr\u00f6\u00dfe der Serviette: 4,5*4,5 cm.<\/p>\n<p>&#8211; Perforiert, rosa.<\/p>\n<p>&#8211; Verpackungsgr\u00f6\u00dfe: 5,2 cm * 19,2 cm.<\/p>\n<p>Wichtige Merkmale:<\/p>\n<p>&#8211; 100% fusselfrei.<\/p>\n<p>&#8211; F\u00fcr die professionelle Anwendung bei Manik\u00fcre und Pedik\u00fcre.<\/p>\n<p>&#8211; F\u00fchlt sich weich an.<\/p>\n<p>&#8211; Hohe Feuchtigkeitsaufnahme des Materials.<\/p>\n<p>&#8211; Um die Nagelplatte zu reinigen, entfernen Sie den Nagellack und die klebrige Schicht.<\/p>\n<p>&#8211; Zum einmaligen Gebrauch.<\/p>\n<p>&#8211; V\u00f6llig hygienisch.<\/p>\n","protected":false},"excerpt":{"rendered":"<p>Perforierte fusselfreie Servietten EXPERT entfernen vorsichtig die klebrige Schicht von Gel-Lack, Acryl und Biogel. Sie sind auch ideal zum fusselfreien<\/p>\n","protected":false},"featured_media":29535,"comment_status":"open","ping_status":"closed","template":"","meta":[],"product_brand":[],"product_cat":[352],"product_tag":[],"class_list":{"0":"post-29544","1":"product","2":"type-product","3":"status-publish","4":"has-post-thumbnail","6":"product_cat-materialien-fuer-die-manikuere","8":"first","9":"instock","10":"shipping-taxable","11":"purchasable","12":"product-type-simple"},"yoast_head":"<!-- This site is optimized with the Yoast SEO plugin v23.1 - https:\/\/yoast.com\/wordpress\/plugins\/seo\/ -->\n<title>Perforierte fusselfreie T\u00fccher EXPERT (400 St\u00fcck) - Natelli - Nail Shop<\/title>\n<meta name=\"robots\" content=\"index, follow, max-snippet:-1, max-image-preview:large, max-video-preview:-1\" \/>\n<link rel=\"canonical\" href=\"https:\/\/www.natelli-shop.com\/de\/produkt\/perforierte-fusselfreie-tuecher-expert-400-stueck\/\" \/>\n<meta property=\"og:locale\" content=\"de_DE\" \/>\n<meta property=\"og:type\" content=\"article\" \/>\n<meta property=\"og:title\" content=\"Perforierte fusselfreie T\u00fccher EXPERT (400 St\u00fcck) - Natelli - Nail Shop\" \/>\n<meta property=\"og:description\" content=\"Perforierte fusselfreie Servietten EXPERT entfernen vorsichtig die klebrige Schicht von Gel-Lack, Acryl und Biogel. Sie sind auch ideal zum fusselfreien\" \/>\n<meta property=\"og:url\" content=\"https:\/\/www.natelli-shop.com\/de\/produkt\/perforierte-fusselfreie-tuecher-expert-400-stueck\/\" \/>\n<meta property=\"og:site_name\" content=\"Natelli - Nail Shop\" \/>\n<meta property=\"article:modified_time\" content=\"2025-10-03T13:56:47+00:00\" \/>\n<meta property=\"og:image\" content=\"https:\/\/i0.wp.com\/www.natelli-shop.com\/wp-content\/uploads\/2025\/08\/b96dee8c47d5439665787055474a67d4.jpg?fit=2000%2C2000&ssl=1\" \/>\n\t<meta property=\"og:image:width\" content=\"2000\" \/>\n\t<meta property=\"og:image:height\" content=\"2000\" \/>\n\t<meta property=\"og:image:type\" content=\"image\/jpeg\" \/>\n<meta name=\"twitter:card\" content=\"summary_large_image\" \/>\n<meta name=\"twitter:label1\" content=\"Gesch\u00e4tzte Lesezeit\" \/>\n\t<meta name=\"twitter:data1\" content=\"1\u00a0Minute\" \/>\n<script type=\"application\/ld+json\" class=\"yoast-schema-graph\">{\"@context\":\"https:\/\/schema.org\",\"@graph\":[{\"@type\":\"WebPage\",\"@id\":\"https:\/\/www.natelli-shop.com\/de\/produkt\/perforierte-fusselfreie-tuecher-expert-400-stueck\/\",\"url\":\"https:\/\/www.natelli-shop.com\/de\/produkt\/perforierte-fusselfreie-tuecher-expert-400-stueck\/\",\"name\":\"Perforierte fusselfreie T\u00fccher EXPERT (400 St\u00fcck) - Natelli - Nail Shop\",\"isPartOf\":{\"@id\":\"https:\/\/www.natelli-shop.com\/de\/#website\"},\"primaryImageOfPage\":{\"@id\":\"https:\/\/www.natelli-shop.com\/de\/produkt\/perforierte-fusselfreie-tuecher-expert-400-stueck\/#primaryimage\"},\"image\":{\"@id\":\"https:\/\/www.natelli-shop.com\/de\/produkt\/perforierte-fusselfreie-tuecher-expert-400-stueck\/#primaryimage\"},\"thumbnailUrl\":\"https:\/\/www.natelli-shop.com\/wp-content\/uploads\/2025\/08\/b96dee8c47d5439665787055474a67d4.jpg\",\"datePublished\":\"2025-08-05T10:28:43+00:00\",\"dateModified\":\"2025-10-03T13:56:47+00:00\",\"breadcrumb\":{\"@id\":\"https:\/\/www.natelli-shop.com\/de\/produkt\/perforierte-fusselfreie-tuecher-expert-400-stueck\/#breadcrumb\"},\"inLanguage\":\"de\",\"potentialAction\":[{\"@type\":\"ReadAction\",\"target\":[\"https:\/\/www.natelli-shop.com\/de\/produkt\/perforierte-fusselfreie-tuecher-expert-400-stueck\/\"]}]},{\"@type\":\"ImageObject\",\"inLanguage\":\"de\",\"@id\":\"https:\/\/www.natelli-shop.com\/de\/produkt\/perforierte-fusselfreie-tuecher-expert-400-stueck\/#primaryimage\",\"url\":\"https:\/\/www.natelli-shop.com\/wp-content\/uploads\/2025\/08\/b96dee8c47d5439665787055474a67d4.jpg\",\"contentUrl\":\"https:\/\/www.natelli-shop.com\/wp-content\/uploads\/2025\/08\/b96dee8c47d5439665787055474a67d4.jpg\",\"width\":2000,\"height\":2000},{\"@type\":\"BreadcrumbList\",\"@id\":\"https:\/\/www.natelli-shop.com\/de\/produkt\/perforierte-fusselfreie-tuecher-expert-400-stueck\/#breadcrumb\",\"itemListElement\":[{\"@type\":\"ListItem\",\"position\":1,\"name\":\"Home\",\"item\":\"https:\/\/www.natelli-shop.com\/de\/startseite\/\"},{\"@type\":\"ListItem\",\"position\":2,\"name\":\"Shop\",\"item\":\"https:\/\/www.natelli-shop.com\/de\/shop\/\"},{\"@type\":\"ListItem\",\"position\":3,\"name\":\"Perforierte fusselfreie T\u00fccher EXPERT (400 St\u00fcck)\"}]},{\"@type\":\"WebSite\",\"@id\":\"https:\/\/www.natelli-shop.com\/de\/#website\",\"url\":\"https:\/\/www.natelli-shop.com\/de\/\",\"name\":\"Natelli - Nail Shop\",\"description\":\"\",\"publisher\":{\"@id\":\"https:\/\/www.natelli-shop.com\/de\/#organization\"},\"potentialAction\":[{\"@type\":\"SearchAction\",\"target\":{\"@type\":\"EntryPoint\",\"urlTemplate\":\"https:\/\/www.natelli-shop.com\/de\/?s={search_term_string}\"},\"query-input\":\"required name=search_term_string\"}],\"inLanguage\":\"de\"},{\"@type\":\"Organization\",\"@id\":\"https:\/\/www.natelli-shop.com\/de\/#organization\",\"name\":\"Natelli - Nail Shop\",\"url\":\"https:\/\/www.natelli-shop.com\/de\/\",\"logo\":{\"@type\":\"ImageObject\",\"inLanguage\":\"de\",\"@id\":\"https:\/\/www.natelli-shop.com\/de\/#\/schema\/logo\/image\/\",\"url\":\"https:\/\/www.natelli-shop.com\/wp-content\/uploads\/2024\/08\/\u0438\u0437\u043e\u0431\u0440\u0430\u0436\u0435\u043d\u0438\u0435_viber_2024-07-31_10-59-46-791.jpg\",\"contentUrl\":\"https:\/\/www.natelli-shop.com\/wp-content\/uploads\/2024\/08\/\u0438\u0437\u043e\u0431\u0440\u0430\u0436\u0435\u043d\u0438\u0435_viber_2024-07-31_10-59-46-791.jpg\",\"width\":1181,\"height\":1186,\"caption\":\"Natelli - Nail Shop\"},\"image\":{\"@id\":\"https:\/\/www.natelli-shop.com\/de\/#\/schema\/logo\/image\/\"}}]}<\/script>\n<!-- \/ Yoast SEO plugin. -->","yoast_head_json":{"title":"Perforierte fusselfreie T\u00fccher EXPERT (400 St\u00fcck) - Natelli - Nail Shop","robots":{"index":"index","follow":"follow","max-snippet":"max-snippet:-1","max-image-preview":"max-image-preview:large","max-video-preview":"max-video-preview:-1"},"canonical":"https:\/\/www.natelli-shop.com\/de\/produkt\/perforierte-fusselfreie-tuecher-expert-400-stueck\/","og_locale":"de_DE","og_type":"article","og_title":"Perforierte fusselfreie T\u00fccher EXPERT (400 St\u00fcck) - Natelli - Nail Shop","og_description":"Perforierte fusselfreie Servietten EXPERT entfernen vorsichtig die klebrige Schicht von Gel-Lack, Acryl und Biogel. Sie sind auch ideal zum fusselfreien","og_url":"https:\/\/www.natelli-shop.com\/de\/produkt\/perforierte-fusselfreie-tuecher-expert-400-stueck\/","og_site_name":"Natelli - Nail Shop","article_modified_time":"2025-10-03T13:56:47+00:00","og_image":[{"width":2000,"height":2000,"url":"https:\/\/i0.wp.com\/www.natelli-shop.com\/wp-content\/uploads\/2025\/08\/b96dee8c47d5439665787055474a67d4.jpg?fit=2000%2C2000&ssl=1","type":"image\/jpeg"}],"twitter_card":"summary_large_image","twitter_misc":{"Gesch\u00e4tzte Lesezeit":"1\u00a0Minute"},"schema":{"@context":"https:\/\/schema.org","@graph":[{"@type":"WebPage","@id":"https:\/\/www.natelli-shop.com\/de\/produkt\/perforierte-fusselfreie-tuecher-expert-400-stueck\/","url":"https:\/\/www.natelli-shop.com\/de\/produkt\/perforierte-fusselfreie-tuecher-expert-400-stueck\/","name":"Perforierte fusselfreie T\u00fccher EXPERT (400 St\u00fcck) - Natelli - Nail Shop","isPartOf":{"@id":"https:\/\/www.natelli-shop.com\/de\/#website"},"primaryImageOfPage":{"@id":"https:\/\/www.natelli-shop.com\/de\/produkt\/perforierte-fusselfreie-tuecher-expert-400-stueck\/#primaryimage"},"image":{"@id":"https:\/\/www.natelli-shop.com\/de\/produkt\/perforierte-fusselfreie-tuecher-expert-400-stueck\/#primaryimage"},"thumbnailUrl":"https:\/\/www.natelli-shop.com\/wp-content\/uploads\/2025\/08\/b96dee8c47d5439665787055474a67d4.jpg","datePublished":"2025-08-05T10:28:43+00:00","dateModified":"2025-10-03T13:56:47+00:00","breadcrumb":{"@id":"https:\/\/www.natelli-shop.com\/de\/produkt\/perforierte-fusselfreie-tuecher-expert-400-stueck\/#breadcrumb"},"inLanguage":"de","potentialAction":[{"@type":"ReadAction","target":["https:\/\/www.natelli-shop.com\/de\/produkt\/perforierte-fusselfreie-tuecher-expert-400-stueck\/"]}]},{"@type":"ImageObject","inLanguage":"de","@id":"https:\/\/www.natelli-shop.com\/de\/produkt\/perforierte-fusselfreie-tuecher-expert-400-stueck\/#primaryimage","url":"https:\/\/www.natelli-shop.com\/wp-content\/uploads\/2025\/08\/b96dee8c47d5439665787055474a67d4.jpg","contentUrl":"https:\/\/www.natelli-shop.com\/wp-content\/uploads\/2025\/08\/b96dee8c47d5439665787055474a67d4.jpg","width":2000,"height":2000},{"@type":"BreadcrumbList","@id":"https:\/\/www.natelli-shop.com\/de\/produkt\/perforierte-fusselfreie-tuecher-expert-400-stueck\/#breadcrumb","itemListElement":[{"@type":"ListItem","position":1,"name":"Home","item":"https:\/\/www.natelli-shop.com\/de\/startseite\/"},{"@type":"ListItem","position":2,"name":"Shop","item":"https:\/\/www.natelli-shop.com\/de\/shop\/"},{"@type":"ListItem","position":3,"name":"Perforierte fusselfreie T\u00fccher EXPERT (400 St\u00fcck)"}]},{"@type":"WebSite","@id":"https:\/\/www.natelli-shop.com\/de\/#website","url":"https:\/\/www.natelli-shop.com\/de\/","name":"Natelli - Nail Shop","description":"","publisher":{"@id":"https:\/\/www.natelli-shop.com\/de\/#organization"},"potentialAction":[{"@type":"SearchAction","target":{"@type":"EntryPoint","urlTemplate":"https:\/\/www.natelli-shop.com\/de\/?s={search_term_string}"},"query-input":"required name=search_term_string"}],"inLanguage":"de"},{"@type":"Organization","@id":"https:\/\/www.natelli-shop.com\/de\/#organization","name":"Natelli - Nail Shop","url":"https:\/\/www.natelli-shop.com\/de\/","logo":{"@type":"ImageObject","inLanguage":"de","@id":"https:\/\/www.natelli-shop.com\/de\/#\/schema\/logo\/image\/","url":"https:\/\/www.natelli-shop.com\/wp-content\/uploads\/2024\/08\/\u0438\u0437\u043e\u0431\u0440\u0430\u0436\u0435\u043d\u0438\u0435_viber_2024-07-31_10-59-46-791.jpg","contentUrl":"https:\/\/www.natelli-shop.com\/wp-content\/uploads\/2024\/08\/\u0438\u0437\u043e\u0431\u0440\u0430\u0436\u0435\u043d\u0438\u0435_viber_2024-07-31_10-59-46-791.jpg","width":1181,"height":1186,"caption":"Natelli - Nail Shop"},"image":{"@id":"https:\/\/www.natelli-shop.com\/de\/#\/schema\/logo\/image\/"}}]}},"jetpack_sharing_enabled":true,"_links":{"self":[{"href":"https:\/\/www.natelli-shop.com\/de\/wp-json\/wp\/v2\/product\/29544","targetHints":{"allow":["GET"]}}],"collection":[{"href":"https:\/\/www.natelli-shop.com\/de\/wp-json\/wp\/v2\/product"}],"about":[{"href":"https:\/\/www.natelli-shop.com\/de\/wp-json\/wp\/v2\/types\/product"}],"replies":[{"embeddable":true,"href":"https:\/\/www.natelli-shop.com\/de\/wp-json\/wp\/v2\/comments?post=29544"}],"version-history":[{"count":0,"href":"https:\/\/www.natelli-shop.com\/de\/wp-json\/wp\/v2\/product\/29544\/revisions"}],"wp:featuredmedia":[{"embeddable":true,"href":"https:\/\/www.natelli-shop.com\/de\/wp-json\/wp\/v2\/media\/29535"}],"wp:attachment":[{"href":"https:\/\/www.natelli-shop.com\/de\/wp-json\/wp\/v2\/media?parent=29544"}],"wp:term":[{"taxonomy":"product_brand","embeddable":true,"href":"https:\/\/www.natelli-shop.com\/de\/wp-json\/wp\/v2\/product_brand?post=29544"},{"taxonomy":"product_cat","embeddable":true,"href":"https:\/\/www.natelli-shop.com\/de\/wp-json\/wp\/v2\/product_cat?post=29544"},{"taxonomy":"product_tag","embeddable":true,"href":"https:\/\/www.natelli-shop.com\/de\/wp-json\/wp\/v2\/product_tag?post=29544"}],"curies":[{"name":"wp","href":"https:\/\/api.w.org\/{rel}","templated":true}]}}