{"id":29451,"date":"2025-08-05T11:40:19","date_gmt":"2025-08-05T09:40:19","guid":{"rendered":"https:\/\/www.natelli-shop.com\/product\/29451\/"},"modified":"2025-08-05T11:42:44","modified_gmt":"2025-08-05T09:42:44","slug":"29451","status":"publish","type":"product","link":"https:\/\/www.natelli-shop.com\/de\/produkt\/29451\/","title":{"rendered":"Diamant-Nagelbohrer Spitzbirne blau EXPERT Kopfdurchmesser 4 mm \/ Arbeitsteil 12 mm"},"content":{"rendered":"<ul>\n<li>Diamantd\u00fcse f\u00fcr Hardware-Manik\u00fcre\/Pedik\u00fcre.<\/li>\n<li>Blaue Kerbe mit mittlerer Abrasivit\u00e4t f\u00fcr die sanfte Bearbeitung der Haut, geeignet f\u00fcr Anf\u00e4nger und erfahrene Techniker.<\/li>\n<li>Die &#8222;scharfe Birnenform&#8220; ist f\u00fcr die Bearbeitung der Nagelhaut und der seitlichen Nagelfalze sowie f\u00fcr die Reinigung der Nagelplatte von der Epidermis vorgesehen.<\/li>\n<li>Kombiniert die Funktion einer Kugel und einer scharfen Flamme.<\/li>\n<li>Hochwertige Diamantbeschichtung.<\/li>\n<li>Kann allen Arten von Sterilisation und Desinfektion unterzogen werden.<\/li>\n<li>Korrosionsbest\u00e4ndig.<\/li>\n<\/ul>\n<p>In der Manik\u00fcre:<\/p>\n<ul>\n<li>Anheben und Entfernen der Nagelhaut.<\/li>\n<li>Bearbeitung der seitlichen Nagelfalze.<\/li>\n<li>Entfernung des Pterygiums.<\/li>\n<li>\u00d6ffnung der Nebenh\u00f6hlen.<\/li>\n<li>Bearbeitung der periungualen Sinus.<\/li>\n<li>Polieren der Nagelplatte.<\/li>\n<\/ul>\n<p>Bei der Pedik\u00fcre:<\/p>\n<ul>\n<li>Risse \u00f6ffnen und polieren.<\/li>\n<li>Bearbeitung und Entfernung von Schwielen.<\/li>\n<\/ul>\n","protected":false},"excerpt":{"rendered":"<p>Diamantd\u00fcse f\u00fcr Hardware-Manik\u00fcre\/Pedik\u00fcre. Blaue Kerbe mit mittlerer Abrasivit\u00e4t f\u00fcr die sanfte Bearbeitung der Haut, geeignet f\u00fcr Anf\u00e4nger und erfahrene Techniker.<\/p>\n","protected":false},"featured_media":29445,"comment_status":"open","ping_status":"closed","template":"","meta":[],"product_brand":[],"product_cat":[293],"product_tag":[],"class_list":{"0":"post-29451","1":"product","2":"type-product","3":"status-publish","4":"has-post-thumbnail","6":"product_cat-staleks-de-2","8":"first","9":"instock","10":"shipping-taxable","11":"purchasable","12":"product-type-simple"},"yoast_head":"<!-- This site is optimized with the Yoast SEO plugin v23.1 - https:\/\/yoast.com\/wordpress\/plugins\/seo\/ -->\n<title>Diamant-Nagelbohrer Spitzbirne blau EXPERT Kopfdurchmesser 4 mm \/ Arbeitsteil 12 mm - Natelli - Nail Shop<\/title>\n<meta name=\"robots\" content=\"index, follow, max-snippet:-1, max-image-preview:large, max-video-preview:-1\" \/>\n<link rel=\"canonical\" href=\"https:\/\/www.natelli-shop.com\/de\/produkt\/29451\/\" \/>\n<meta property=\"og:locale\" content=\"de_DE\" \/>\n<meta property=\"og:type\" content=\"article\" \/>\n<meta property=\"og:title\" content=\"Diamant-Nagelbohrer Spitzbirne blau EXPERT Kopfdurchmesser 4 mm \/ Arbeitsteil 12 mm - Natelli - Nail Shop\" \/>\n<meta property=\"og:description\" content=\"Diamantd\u00fcse f\u00fcr Hardware-Manik\u00fcre\/Pedik\u00fcre. Blaue Kerbe mit mittlerer Abrasivit\u00e4t f\u00fcr die sanfte Bearbeitung der Haut, geeignet f\u00fcr Anf\u00e4nger und erfahrene Techniker.\" \/>\n<meta property=\"og:url\" content=\"https:\/\/www.natelli-shop.com\/de\/produkt\/29451\/\" \/>\n<meta property=\"og:site_name\" content=\"Natelli - Nail Shop\" \/>\n<meta property=\"article:modified_time\" content=\"2025-08-05T09:42:44+00:00\" \/>\n<meta property=\"og:image\" content=\"https:\/\/i0.wp.com\/www.natelli-shop.com\/wp-content\/uploads\/2025\/08\/6ea9e9f9b438ab2282e1415f44d17cff.jpg?fit=2000%2C2000&ssl=1\" \/>\n\t<meta property=\"og:image:width\" content=\"2000\" \/>\n\t<meta property=\"og:image:height\" content=\"2000\" \/>\n\t<meta property=\"og:image:type\" content=\"image\/jpeg\" \/>\n<meta name=\"twitter:card\" content=\"summary_large_image\" \/>\n<meta name=\"twitter:label1\" content=\"Gesch\u00e4tzte Lesezeit\" \/>\n\t<meta name=\"twitter:data1\" content=\"1\u00a0Minute\" \/>\n<script type=\"application\/ld+json\" class=\"yoast-schema-graph\">{\"@context\":\"https:\/\/schema.org\",\"@graph\":[{\"@type\":\"WebPage\",\"@id\":\"https:\/\/www.natelli-shop.com\/de\/produkt\/29451\/\",\"url\":\"https:\/\/www.natelli-shop.com\/de\/produkt\/29451\/\",\"name\":\"Diamant-Nagelbohrer Spitzbirne blau EXPERT Kopfdurchmesser 4 mm \/ Arbeitsteil 12 mm - Natelli - Nail Shop\",\"isPartOf\":{\"@id\":\"https:\/\/www.natelli-shop.com\/de\/#website\"},\"primaryImageOfPage\":{\"@id\":\"https:\/\/www.natelli-shop.com\/de\/produkt\/29451\/#primaryimage\"},\"image\":{\"@id\":\"https:\/\/www.natelli-shop.com\/de\/produkt\/29451\/#primaryimage\"},\"thumbnailUrl\":\"https:\/\/www.natelli-shop.com\/wp-content\/uploads\/2025\/08\/6ea9e9f9b438ab2282e1415f44d17cff.jpg\",\"datePublished\":\"2025-08-05T09:40:19+00:00\",\"dateModified\":\"2025-08-05T09:42:44+00:00\",\"breadcrumb\":{\"@id\":\"https:\/\/www.natelli-shop.com\/de\/produkt\/29451\/#breadcrumb\"},\"inLanguage\":\"de\",\"potentialAction\":[{\"@type\":\"ReadAction\",\"target\":[\"https:\/\/www.natelli-shop.com\/de\/produkt\/29451\/\"]}]},{\"@type\":\"ImageObject\",\"inLanguage\":\"de\",\"@id\":\"https:\/\/www.natelli-shop.com\/de\/produkt\/29451\/#primaryimage\",\"url\":\"https:\/\/www.natelli-shop.com\/wp-content\/uploads\/2025\/08\/6ea9e9f9b438ab2282e1415f44d17cff.jpg\",\"contentUrl\":\"https:\/\/www.natelli-shop.com\/wp-content\/uploads\/2025\/08\/6ea9e9f9b438ab2282e1415f44d17cff.jpg\",\"width\":2000,\"height\":2000},{\"@type\":\"BreadcrumbList\",\"@id\":\"https:\/\/www.natelli-shop.com\/de\/produkt\/29451\/#breadcrumb\",\"itemListElement\":[{\"@type\":\"ListItem\",\"position\":1,\"name\":\"Home\",\"item\":\"https:\/\/www.natelli-shop.com\/de\/startseite\/\"},{\"@type\":\"ListItem\",\"position\":2,\"name\":\"Shop\",\"item\":\"https:\/\/www.natelli-shop.com\/de\/shop\/\"},{\"@type\":\"ListItem\",\"position\":3,\"name\":\"Diamant-Nagelbohrer Spitzbirne blau EXPERT Kopfdurchmesser 4 mm \/ Arbeitsteil 12 mm\"}]},{\"@type\":\"WebSite\",\"@id\":\"https:\/\/www.natelli-shop.com\/de\/#website\",\"url\":\"https:\/\/www.natelli-shop.com\/de\/\",\"name\":\"Natelli - Nail Shop\",\"description\":\"\",\"publisher\":{\"@id\":\"https:\/\/www.natelli-shop.com\/de\/#organization\"},\"potentialAction\":[{\"@type\":\"SearchAction\",\"target\":{\"@type\":\"EntryPoint\",\"urlTemplate\":\"https:\/\/www.natelli-shop.com\/de\/?s={search_term_string}\"},\"query-input\":\"required name=search_term_string\"}],\"inLanguage\":\"de\"},{\"@type\":\"Organization\",\"@id\":\"https:\/\/www.natelli-shop.com\/de\/#organization\",\"name\":\"Natelli - Nail Shop\",\"url\":\"https:\/\/www.natelli-shop.com\/de\/\",\"logo\":{\"@type\":\"ImageObject\",\"inLanguage\":\"de\",\"@id\":\"https:\/\/www.natelli-shop.com\/de\/#\/schema\/logo\/image\/\",\"url\":\"https:\/\/www.natelli-shop.com\/wp-content\/uploads\/2024\/08\/\u0438\u0437\u043e\u0431\u0440\u0430\u0436\u0435\u043d\u0438\u0435_viber_2024-07-31_10-59-46-791.jpg\",\"contentUrl\":\"https:\/\/www.natelli-shop.com\/wp-content\/uploads\/2024\/08\/\u0438\u0437\u043e\u0431\u0440\u0430\u0436\u0435\u043d\u0438\u0435_viber_2024-07-31_10-59-46-791.jpg\",\"width\":1181,\"height\":1186,\"caption\":\"Natelli - Nail Shop\"},\"image\":{\"@id\":\"https:\/\/www.natelli-shop.com\/de\/#\/schema\/logo\/image\/\"}}]}<\/script>\n<!-- \/ Yoast SEO plugin. -->","yoast_head_json":{"title":"Diamant-Nagelbohrer Spitzbirne blau EXPERT Kopfdurchmesser 4 mm \/ Arbeitsteil 12 mm - Natelli - Nail Shop","robots":{"index":"index","follow":"follow","max-snippet":"max-snippet:-1","max-image-preview":"max-image-preview:large","max-video-preview":"max-video-preview:-1"},"canonical":"https:\/\/www.natelli-shop.com\/de\/produkt\/29451\/","og_locale":"de_DE","og_type":"article","og_title":"Diamant-Nagelbohrer Spitzbirne blau EXPERT Kopfdurchmesser 4 mm \/ Arbeitsteil 12 mm - Natelli - Nail Shop","og_description":"Diamantd\u00fcse f\u00fcr Hardware-Manik\u00fcre\/Pedik\u00fcre. Blaue Kerbe mit mittlerer Abrasivit\u00e4t f\u00fcr die sanfte Bearbeitung der Haut, geeignet f\u00fcr Anf\u00e4nger und erfahrene Techniker.","og_url":"https:\/\/www.natelli-shop.com\/de\/produkt\/29451\/","og_site_name":"Natelli - Nail Shop","article_modified_time":"2025-08-05T09:42:44+00:00","og_image":[{"width":2000,"height":2000,"url":"https:\/\/i0.wp.com\/www.natelli-shop.com\/wp-content\/uploads\/2025\/08\/6ea9e9f9b438ab2282e1415f44d17cff.jpg?fit=2000%2C2000&ssl=1","type":"image\/jpeg"}],"twitter_card":"summary_large_image","twitter_misc":{"Gesch\u00e4tzte Lesezeit":"1\u00a0Minute"},"schema":{"@context":"https:\/\/schema.org","@graph":[{"@type":"WebPage","@id":"https:\/\/www.natelli-shop.com\/de\/produkt\/29451\/","url":"https:\/\/www.natelli-shop.com\/de\/produkt\/29451\/","name":"Diamant-Nagelbohrer Spitzbirne blau EXPERT Kopfdurchmesser 4 mm \/ Arbeitsteil 12 mm - Natelli - Nail Shop","isPartOf":{"@id":"https:\/\/www.natelli-shop.com\/de\/#website"},"primaryImageOfPage":{"@id":"https:\/\/www.natelli-shop.com\/de\/produkt\/29451\/#primaryimage"},"image":{"@id":"https:\/\/www.natelli-shop.com\/de\/produkt\/29451\/#primaryimage"},"thumbnailUrl":"https:\/\/www.natelli-shop.com\/wp-content\/uploads\/2025\/08\/6ea9e9f9b438ab2282e1415f44d17cff.jpg","datePublished":"2025-08-05T09:40:19+00:00","dateModified":"2025-08-05T09:42:44+00:00","breadcrumb":{"@id":"https:\/\/www.natelli-shop.com\/de\/produkt\/29451\/#breadcrumb"},"inLanguage":"de","potentialAction":[{"@type":"ReadAction","target":["https:\/\/www.natelli-shop.com\/de\/produkt\/29451\/"]}]},{"@type":"ImageObject","inLanguage":"de","@id":"https:\/\/www.natelli-shop.com\/de\/produkt\/29451\/#primaryimage","url":"https:\/\/www.natelli-shop.com\/wp-content\/uploads\/2025\/08\/6ea9e9f9b438ab2282e1415f44d17cff.jpg","contentUrl":"https:\/\/www.natelli-shop.com\/wp-content\/uploads\/2025\/08\/6ea9e9f9b438ab2282e1415f44d17cff.jpg","width":2000,"height":2000},{"@type":"BreadcrumbList","@id":"https:\/\/www.natelli-shop.com\/de\/produkt\/29451\/#breadcrumb","itemListElement":[{"@type":"ListItem","position":1,"name":"Home","item":"https:\/\/www.natelli-shop.com\/de\/startseite\/"},{"@type":"ListItem","position":2,"name":"Shop","item":"https:\/\/www.natelli-shop.com\/de\/shop\/"},{"@type":"ListItem","position":3,"name":"Diamant-Nagelbohrer Spitzbirne blau EXPERT Kopfdurchmesser 4 mm \/ Arbeitsteil 12 mm"}]},{"@type":"WebSite","@id":"https:\/\/www.natelli-shop.com\/de\/#website","url":"https:\/\/www.natelli-shop.com\/de\/","name":"Natelli - Nail Shop","description":"","publisher":{"@id":"https:\/\/www.natelli-shop.com\/de\/#organization"},"potentialAction":[{"@type":"SearchAction","target":{"@type":"EntryPoint","urlTemplate":"https:\/\/www.natelli-shop.com\/de\/?s={search_term_string}"},"query-input":"required name=search_term_string"}],"inLanguage":"de"},{"@type":"Organization","@id":"https:\/\/www.natelli-shop.com\/de\/#organization","name":"Natelli - Nail Shop","url":"https:\/\/www.natelli-shop.com\/de\/","logo":{"@type":"ImageObject","inLanguage":"de","@id":"https:\/\/www.natelli-shop.com\/de\/#\/schema\/logo\/image\/","url":"https:\/\/www.natelli-shop.com\/wp-content\/uploads\/2024\/08\/\u0438\u0437\u043e\u0431\u0440\u0430\u0436\u0435\u043d\u0438\u0435_viber_2024-07-31_10-59-46-791.jpg","contentUrl":"https:\/\/www.natelli-shop.com\/wp-content\/uploads\/2024\/08\/\u0438\u0437\u043e\u0431\u0440\u0430\u0436\u0435\u043d\u0438\u0435_viber_2024-07-31_10-59-46-791.jpg","width":1181,"height":1186,"caption":"Natelli - Nail Shop"},"image":{"@id":"https:\/\/www.natelli-shop.com\/de\/#\/schema\/logo\/image\/"}}]}},"jetpack_sharing_enabled":true,"_links":{"self":[{"href":"https:\/\/www.natelli-shop.com\/de\/wp-json\/wp\/v2\/product\/29451","targetHints":{"allow":["GET"]}}],"collection":[{"href":"https:\/\/www.natelli-shop.com\/de\/wp-json\/wp\/v2\/product"}],"about":[{"href":"https:\/\/www.natelli-shop.com\/de\/wp-json\/wp\/v2\/types\/product"}],"replies":[{"embeddable":true,"href":"https:\/\/www.natelli-shop.com\/de\/wp-json\/wp\/v2\/comments?post=29451"}],"version-history":[{"count":0,"href":"https:\/\/www.natelli-shop.com\/de\/wp-json\/wp\/v2\/product\/29451\/revisions"}],"wp:featuredmedia":[{"embeddable":true,"href":"https:\/\/www.natelli-shop.com\/de\/wp-json\/wp\/v2\/media\/29445"}],"wp:attachment":[{"href":"https:\/\/www.natelli-shop.com\/de\/wp-json\/wp\/v2\/media?parent=29451"}],"wp:term":[{"taxonomy":"product_brand","embeddable":true,"href":"https:\/\/www.natelli-shop.com\/de\/wp-json\/wp\/v2\/product_brand?post=29451"},{"taxonomy":"product_cat","embeddable":true,"href":"https:\/\/www.natelli-shop.com\/de\/wp-json\/wp\/v2\/product_cat?post=29451"},{"taxonomy":"product_tag","embeddable":true,"href":"https:\/\/www.natelli-shop.com\/de\/wp-json\/wp\/v2\/product_tag?post=29451"}],"curies":[{"name":"wp","href":"https:\/\/api.w.org\/{rel}","templated":true}]}}