{"id":28778,"date":"2025-06-29T10:37:00","date_gmt":"2025-06-29T08:37:00","guid":{"rendered":"https:\/\/www.natelli-shop.com\/?post_type=product&#038;p=28778"},"modified":"2025-12-01T00:01:20","modified_gmt":"2025-11-30T23:01:20","slug":"lunamoon-premium-gel-nr22-15ml-copy","status":"publish","type":"product","link":"https:\/\/www.natelli-shop.com\/de\/produkt\/lunamoon-premium-gel-nr22-15ml-copy\/","title":{"rendered":"Lunamoon Premium Gel nr22 30ml"},"content":{"rendered":"<p><strong>Gel Premium #22<\/strong> ist ein transparentes Gel, das sich ideal f\u00fcr die Nagelverl\u00e4ngerung und -verst\u00e4rkung eignet. Es ist nicht nur bequem zu verarbeiten, sondern erm\u00f6glicht es Ihnen auch, ganz einfach N\u00e4gel in jeder L\u00e4nge und Dicke zu kreieren.<br \/>\n<strong>Eigenschaften:<\/strong><br \/>\n&#8211; s\u00e4urefrei;<br \/>\n&#8211; mittlere Konsistenz (nicht d\u00fcnn und nicht dick);<br \/>\n&#8211; mittlere Pigmentierung, deckt den freien Nagelrand ab;<br \/>\ngeeignet f\u00fcr alle Extensionstechniken;<br \/>\n&#8211; brennt nicht in einer Lampe;<br \/>\n&#8211; in der K\u00e4lte wird es dicker, in der Hitze und bei B\u00fcrstenbewegungen (thixotrop) &#8211; d\u00fcnner;<br \/>\n&#8211; hart, wenn die Materialst\u00e4rke 1 mm betr\u00e4gt, wenn die St\u00e4rke geringer ist &#8211; kann es sich ein wenig biegen, aber das beeintr\u00e4chtigt nicht die Tragbarkeit des Materials (! die St\u00e4rke des Endes muss jedoch mindestens 1 mm betragen);<br \/>\n&#8211; nach der Verst\u00e4rkung m\u00fcssen Sie den Naturnagel feilen;<br \/>\n&#8211; h\u00e4ngt nicht durch und h\u00e4lt den Bogen gut;<br \/>\n! eine Gummibasis ist auf jeden Fall erforderlich.<br \/>\n<strong>Merkmale der Arbeit:<\/strong><br \/>\n1. Standardvorbereitung der Nagelplatte.<br \/>\n2. Grundierung auftragen.<br \/>\n3. F\u00fcr die Haftung tragen Sie Rubber Base in einer d\u00fcnnen Schicht auf die gesamte Nagelplatte nahe der Nagelhaut und den Seitenrollen auf.<br \/>\n4. Verst\u00e4rken oder modellieren Sie die N\u00e4gel.<br \/>\nEs wird empfohlen, die klebrige Schicht von Premium Gel zu entfernen, bevor Sie den Decklack (Top) auftragen.<br \/>\nPolymerisationszeit: 60 Sekunden<br \/>\nVolumen: 30 ml<\/p>\n","protected":false},"excerpt":{"rendered":"<p>Gel Premium #22 ist ein transparentes Gel, das sich ideal f\u00fcr die Nagelverl\u00e4ngerung und -verst\u00e4rkung eignet. Es ist nicht nur<\/p>\n","protected":false},"featured_media":28781,"comment_status":"open","ping_status":"closed","template":"","meta":[],"product_brand":[],"product_cat":[260],"product_tag":[],"class_list":{"0":"post-28778","1":"product","2":"type-product","3":"status-publish","4":"has-post-thumbnail","6":"product_cat-luna-gel-premium-de-2","8":"first","9":"instock","10":"shipping-taxable","11":"purchasable","12":"product-type-simple"},"yoast_head":"<!-- This site is optimized with the Yoast SEO plugin v23.1 - https:\/\/yoast.com\/wordpress\/plugins\/seo\/ -->\n<title>Lunamoon Premium Gel nr22 30ml - Natelli - Nail Shop<\/title>\n<meta name=\"robots\" content=\"index, follow, max-snippet:-1, max-image-preview:large, max-video-preview:-1\" \/>\n<link rel=\"canonical\" href=\"https:\/\/www.natelli-shop.com\/de\/produkt\/lunamoon-premium-gel-nr22-15ml-copy\/\" \/>\n<meta property=\"og:locale\" content=\"de_DE\" \/>\n<meta property=\"og:type\" content=\"article\" \/>\n<meta property=\"og:title\" content=\"Lunamoon Premium Gel nr22 30ml - Natelli - Nail Shop\" \/>\n<meta property=\"og:description\" content=\"Gel Premium #22 ist ein transparentes Gel, das sich ideal f\u00fcr die Nagelverl\u00e4ngerung und -verst\u00e4rkung eignet. Es ist nicht nur\" \/>\n<meta property=\"og:url\" content=\"https:\/\/www.natelli-shop.com\/de\/produkt\/lunamoon-premium-gel-nr22-15ml-copy\/\" \/>\n<meta property=\"og:site_name\" content=\"Natelli - Nail Shop\" \/>\n<meta property=\"article:modified_time\" content=\"2025-11-30T23:01:20+00:00\" \/>\n<meta property=\"og:image\" content=\"https:\/\/i0.wp.com\/www.natelli-shop.com\/wp-content\/uploads\/2025\/06\/luna_nails_v4-premiumgel-22.png.webp?fit=1080%2C1080&ssl=1\" \/>\n\t<meta property=\"og:image:width\" content=\"1080\" \/>\n\t<meta property=\"og:image:height\" content=\"1080\" \/>\n\t<meta property=\"og:image:type\" content=\"image\/webp\" \/>\n<meta name=\"twitter:card\" content=\"summary_large_image\" \/>\n<meta name=\"twitter:label1\" content=\"Gesch\u00e4tzte Lesezeit\" \/>\n\t<meta name=\"twitter:data1\" content=\"1\u00a0Minute\" \/>\n<script type=\"application\/ld+json\" class=\"yoast-schema-graph\">{\"@context\":\"https:\/\/schema.org\",\"@graph\":[{\"@type\":\"WebPage\",\"@id\":\"https:\/\/www.natelli-shop.com\/de\/produkt\/lunamoon-premium-gel-nr22-15ml-copy\/\",\"url\":\"https:\/\/www.natelli-shop.com\/de\/produkt\/lunamoon-premium-gel-nr22-15ml-copy\/\",\"name\":\"Lunamoon Premium Gel nr22 30ml - Natelli - Nail Shop\",\"isPartOf\":{\"@id\":\"https:\/\/www.natelli-shop.com\/de\/#website\"},\"primaryImageOfPage\":{\"@id\":\"https:\/\/www.natelli-shop.com\/de\/produkt\/lunamoon-premium-gel-nr22-15ml-copy\/#primaryimage\"},\"image\":{\"@id\":\"https:\/\/www.natelli-shop.com\/de\/produkt\/lunamoon-premium-gel-nr22-15ml-copy\/#primaryimage\"},\"thumbnailUrl\":\"https:\/\/www.natelli-shop.com\/wp-content\/uploads\/2025\/06\/luna_nails_v4-premiumgel-22.png.webp\",\"datePublished\":\"2025-06-29T08:37:00+00:00\",\"dateModified\":\"2025-11-30T23:01:20+00:00\",\"breadcrumb\":{\"@id\":\"https:\/\/www.natelli-shop.com\/de\/produkt\/lunamoon-premium-gel-nr22-15ml-copy\/#breadcrumb\"},\"inLanguage\":\"de\",\"potentialAction\":[{\"@type\":\"ReadAction\",\"target\":[\"https:\/\/www.natelli-shop.com\/de\/produkt\/lunamoon-premium-gel-nr22-15ml-copy\/\"]}]},{\"@type\":\"ImageObject\",\"inLanguage\":\"de\",\"@id\":\"https:\/\/www.natelli-shop.com\/de\/produkt\/lunamoon-premium-gel-nr22-15ml-copy\/#primaryimage\",\"url\":\"https:\/\/www.natelli-shop.com\/wp-content\/uploads\/2025\/06\/luna_nails_v4-premiumgel-22.png.webp\",\"contentUrl\":\"https:\/\/www.natelli-shop.com\/wp-content\/uploads\/2025\/06\/luna_nails_v4-premiumgel-22.png.webp\",\"width\":1080,\"height\":1080},{\"@type\":\"BreadcrumbList\",\"@id\":\"https:\/\/www.natelli-shop.com\/de\/produkt\/lunamoon-premium-gel-nr22-15ml-copy\/#breadcrumb\",\"itemListElement\":[{\"@type\":\"ListItem\",\"position\":1,\"name\":\"Home\",\"item\":\"https:\/\/www.natelli-shop.com\/de\/startseite\/\"},{\"@type\":\"ListItem\",\"position\":2,\"name\":\"Shop\",\"item\":\"https:\/\/www.natelli-shop.com\/de\/shop\/\"},{\"@type\":\"ListItem\",\"position\":3,\"name\":\"Lunamoon Premium Gel nr22 30ml\"}]},{\"@type\":\"WebSite\",\"@id\":\"https:\/\/www.natelli-shop.com\/de\/#website\",\"url\":\"https:\/\/www.natelli-shop.com\/de\/\",\"name\":\"Natelli - Nail Shop\",\"description\":\"\",\"publisher\":{\"@id\":\"https:\/\/www.natelli-shop.com\/de\/#organization\"},\"potentialAction\":[{\"@type\":\"SearchAction\",\"target\":{\"@type\":\"EntryPoint\",\"urlTemplate\":\"https:\/\/www.natelli-shop.com\/de\/?s={search_term_string}\"},\"query-input\":\"required name=search_term_string\"}],\"inLanguage\":\"de\"},{\"@type\":\"Organization\",\"@id\":\"https:\/\/www.natelli-shop.com\/de\/#organization\",\"name\":\"Natelli - Nail Shop\",\"url\":\"https:\/\/www.natelli-shop.com\/de\/\",\"logo\":{\"@type\":\"ImageObject\",\"inLanguage\":\"de\",\"@id\":\"https:\/\/www.natelli-shop.com\/de\/#\/schema\/logo\/image\/\",\"url\":\"https:\/\/www.natelli-shop.com\/wp-content\/uploads\/2024\/08\/\u0438\u0437\u043e\u0431\u0440\u0430\u0436\u0435\u043d\u0438\u0435_viber_2024-07-31_10-59-46-791.jpg\",\"contentUrl\":\"https:\/\/www.natelli-shop.com\/wp-content\/uploads\/2024\/08\/\u0438\u0437\u043e\u0431\u0440\u0430\u0436\u0435\u043d\u0438\u0435_viber_2024-07-31_10-59-46-791.jpg\",\"width\":1181,\"height\":1186,\"caption\":\"Natelli - Nail Shop\"},\"image\":{\"@id\":\"https:\/\/www.natelli-shop.com\/de\/#\/schema\/logo\/image\/\"}}]}<\/script>\n<!-- \/ Yoast SEO plugin. -->","yoast_head_json":{"title":"Lunamoon Premium Gel nr22 30ml - Natelli - Nail Shop","robots":{"index":"index","follow":"follow","max-snippet":"max-snippet:-1","max-image-preview":"max-image-preview:large","max-video-preview":"max-video-preview:-1"},"canonical":"https:\/\/www.natelli-shop.com\/de\/produkt\/lunamoon-premium-gel-nr22-15ml-copy\/","og_locale":"de_DE","og_type":"article","og_title":"Lunamoon Premium Gel nr22 30ml - Natelli - Nail Shop","og_description":"Gel Premium #22 ist ein transparentes Gel, das sich ideal f\u00fcr die Nagelverl\u00e4ngerung und -verst\u00e4rkung eignet. Es ist nicht nur","og_url":"https:\/\/www.natelli-shop.com\/de\/produkt\/lunamoon-premium-gel-nr22-15ml-copy\/","og_site_name":"Natelli - Nail Shop","article_modified_time":"2025-11-30T23:01:20+00:00","og_image":[{"width":1080,"height":1080,"url":"https:\/\/i0.wp.com\/www.natelli-shop.com\/wp-content\/uploads\/2025\/06\/luna_nails_v4-premiumgel-22.png.webp?fit=1080%2C1080&ssl=1","type":"image\/webp"}],"twitter_card":"summary_large_image","twitter_misc":{"Gesch\u00e4tzte Lesezeit":"1\u00a0Minute"},"schema":{"@context":"https:\/\/schema.org","@graph":[{"@type":"WebPage","@id":"https:\/\/www.natelli-shop.com\/de\/produkt\/lunamoon-premium-gel-nr22-15ml-copy\/","url":"https:\/\/www.natelli-shop.com\/de\/produkt\/lunamoon-premium-gel-nr22-15ml-copy\/","name":"Lunamoon Premium Gel nr22 30ml - Natelli - Nail Shop","isPartOf":{"@id":"https:\/\/www.natelli-shop.com\/de\/#website"},"primaryImageOfPage":{"@id":"https:\/\/www.natelli-shop.com\/de\/produkt\/lunamoon-premium-gel-nr22-15ml-copy\/#primaryimage"},"image":{"@id":"https:\/\/www.natelli-shop.com\/de\/produkt\/lunamoon-premium-gel-nr22-15ml-copy\/#primaryimage"},"thumbnailUrl":"https:\/\/www.natelli-shop.com\/wp-content\/uploads\/2025\/06\/luna_nails_v4-premiumgel-22.png.webp","datePublished":"2025-06-29T08:37:00+00:00","dateModified":"2025-11-30T23:01:20+00:00","breadcrumb":{"@id":"https:\/\/www.natelli-shop.com\/de\/produkt\/lunamoon-premium-gel-nr22-15ml-copy\/#breadcrumb"},"inLanguage":"de","potentialAction":[{"@type":"ReadAction","target":["https:\/\/www.natelli-shop.com\/de\/produkt\/lunamoon-premium-gel-nr22-15ml-copy\/"]}]},{"@type":"ImageObject","inLanguage":"de","@id":"https:\/\/www.natelli-shop.com\/de\/produkt\/lunamoon-premium-gel-nr22-15ml-copy\/#primaryimage","url":"https:\/\/www.natelli-shop.com\/wp-content\/uploads\/2025\/06\/luna_nails_v4-premiumgel-22.png.webp","contentUrl":"https:\/\/www.natelli-shop.com\/wp-content\/uploads\/2025\/06\/luna_nails_v4-premiumgel-22.png.webp","width":1080,"height":1080},{"@type":"BreadcrumbList","@id":"https:\/\/www.natelli-shop.com\/de\/produkt\/lunamoon-premium-gel-nr22-15ml-copy\/#breadcrumb","itemListElement":[{"@type":"ListItem","position":1,"name":"Home","item":"https:\/\/www.natelli-shop.com\/de\/startseite\/"},{"@type":"ListItem","position":2,"name":"Shop","item":"https:\/\/www.natelli-shop.com\/de\/shop\/"},{"@type":"ListItem","position":3,"name":"Lunamoon Premium Gel nr22 30ml"}]},{"@type":"WebSite","@id":"https:\/\/www.natelli-shop.com\/de\/#website","url":"https:\/\/www.natelli-shop.com\/de\/","name":"Natelli - Nail Shop","description":"","publisher":{"@id":"https:\/\/www.natelli-shop.com\/de\/#organization"},"potentialAction":[{"@type":"SearchAction","target":{"@type":"EntryPoint","urlTemplate":"https:\/\/www.natelli-shop.com\/de\/?s={search_term_string}"},"query-input":"required name=search_term_string"}],"inLanguage":"de"},{"@type":"Organization","@id":"https:\/\/www.natelli-shop.com\/de\/#organization","name":"Natelli - Nail Shop","url":"https:\/\/www.natelli-shop.com\/de\/","logo":{"@type":"ImageObject","inLanguage":"de","@id":"https:\/\/www.natelli-shop.com\/de\/#\/schema\/logo\/image\/","url":"https:\/\/www.natelli-shop.com\/wp-content\/uploads\/2024\/08\/\u0438\u0437\u043e\u0431\u0440\u0430\u0436\u0435\u043d\u0438\u0435_viber_2024-07-31_10-59-46-791.jpg","contentUrl":"https:\/\/www.natelli-shop.com\/wp-content\/uploads\/2024\/08\/\u0438\u0437\u043e\u0431\u0440\u0430\u0436\u0435\u043d\u0438\u0435_viber_2024-07-31_10-59-46-791.jpg","width":1181,"height":1186,"caption":"Natelli - Nail Shop"},"image":{"@id":"https:\/\/www.natelli-shop.com\/de\/#\/schema\/logo\/image\/"}}]}},"jetpack_sharing_enabled":true,"_links":{"self":[{"href":"https:\/\/www.natelli-shop.com\/de\/wp-json\/wp\/v2\/product\/28778","targetHints":{"allow":["GET"]}}],"collection":[{"href":"https:\/\/www.natelli-shop.com\/de\/wp-json\/wp\/v2\/product"}],"about":[{"href":"https:\/\/www.natelli-shop.com\/de\/wp-json\/wp\/v2\/types\/product"}],"replies":[{"embeddable":true,"href":"https:\/\/www.natelli-shop.com\/de\/wp-json\/wp\/v2\/comments?post=28778"}],"version-history":[{"count":0,"href":"https:\/\/www.natelli-shop.com\/de\/wp-json\/wp\/v2\/product\/28778\/revisions"}],"wp:featuredmedia":[{"embeddable":true,"href":"https:\/\/www.natelli-shop.com\/de\/wp-json\/wp\/v2\/media\/28781"}],"wp:attachment":[{"href":"https:\/\/www.natelli-shop.com\/de\/wp-json\/wp\/v2\/media?parent=28778"}],"wp:term":[{"taxonomy":"product_brand","embeddable":true,"href":"https:\/\/www.natelli-shop.com\/de\/wp-json\/wp\/v2\/product_brand?post=28778"},{"taxonomy":"product_cat","embeddable":true,"href":"https:\/\/www.natelli-shop.com\/de\/wp-json\/wp\/v2\/product_cat?post=28778"},{"taxonomy":"product_tag","embeddable":true,"href":"https:\/\/www.natelli-shop.com\/de\/wp-json\/wp\/v2\/product_tag?post=28778"}],"curies":[{"name":"wp","href":"https:\/\/api.w.org\/{rel}","templated":true}]}}