{"id":27422,"date":"2025-05-06T12:13:00","date_gmt":"2025-05-06T10:13:00","guid":{"rendered":"https:\/\/www.natelli-shop.com\/product\/ausverkauft-nailsoftheday-farbe-des-monats-maerz-2025-samba-10ml\/"},"modified":"2026-02-15T00:00:49","modified_gmt":"2026-02-14T23:00:49","slug":"ausverkauft-nailsoftheday-farbe-des-monats-maerz-2025-samba-10ml","status":"publish","type":"product","link":"https:\/\/www.natelli-shop.com\/de\/produkt\/ausverkauft-nailsoftheday-farbe-des-monats-maerz-2025-samba-10ml\/","title":{"rendered":"AUSVERKAUFT NAILSOFTHEDAY Farbe des Monats M\u00e4rz 2025 Samba 10ml"},"content":{"rendered":"<p>In einer Welt, in der Mode und Farbe zu einem k\u00fchnen Tanz der Selbstdarstellung verschmelzen, ist Samba geboren, eine Farbe, die das Spiel ver\u00e4ndert. Inspiriert von den legend\u00e4ren Farbt\u00f6nen der Saison, ist Samba f\u00fcr alle, die es lieben, aufzufallen, im Rhythmus ihres Lebens zu tanzen und andere zu inspirieren. <\/p>\n<p>Polymerisation: UV &#8211; 120 Sekunden, LED &#8211; 60 Sekunden.<\/p>\n","protected":false},"excerpt":{"rendered":"<p>In einer Welt, in der Mode und Farbe zu einem k\u00fchnen Tanz der Selbstdarstellung verschmelzen, ist Samba geboren, eine Farbe,<\/p>\n","protected":false},"featured_media":27419,"comment_status":"open","ping_status":"closed","template":"","meta":[],"product_brand":[],"product_cat":[240],"product_tag":[],"class_list":{"0":"post-27422","1":"product","2":"type-product","3":"status-publish","4":"has-post-thumbnail","6":"product_cat-lets-special-gel-polish-de","8":"first","9":"instock","10":"shipping-taxable","11":"purchasable","12":"product-type-simple"},"yoast_head":"<!-- This site is optimized with the Yoast SEO plugin v23.1 - https:\/\/yoast.com\/wordpress\/plugins\/seo\/ -->\n<title>AUSVERKAUFT NAILSOFTHEDAY Farbe des Monats M\u00e4rz 2025 Samba 10ml - Natelli - Nail Shop<\/title>\n<meta name=\"robots\" content=\"index, follow, max-snippet:-1, max-image-preview:large, max-video-preview:-1\" \/>\n<link rel=\"canonical\" href=\"https:\/\/www.natelli-shop.com\/de\/produkt\/ausverkauft-nailsoftheday-farbe-des-monats-maerz-2025-samba-10ml\/\" \/>\n<meta property=\"og:locale\" content=\"de_DE\" \/>\n<meta property=\"og:type\" content=\"article\" \/>\n<meta property=\"og:title\" content=\"AUSVERKAUFT NAILSOFTHEDAY Farbe des Monats M\u00e4rz 2025 Samba 10ml - Natelli - Nail Shop\" \/>\n<meta property=\"og:description\" content=\"In einer Welt, in der Mode und Farbe zu einem k\u00fchnen Tanz der Selbstdarstellung verschmelzen, ist Samba geboren, eine Farbe,\" \/>\n<meta property=\"og:url\" content=\"https:\/\/www.natelli-shop.com\/de\/produkt\/ausverkauft-nailsoftheday-farbe-des-monats-maerz-2025-samba-10ml\/\" \/>\n<meta property=\"og:site_name\" content=\"Natelli - Nail Shop\" \/>\n<meta property=\"article:modified_time\" content=\"2026-02-14T23:00:49+00:00\" \/>\n<meta property=\"og:image\" content=\"https:\/\/www.natelli-shop.com\/wp-content\/uploads\/2025\/05\/notd_samba_product-card-1.png.webp\" \/>\n\t<meta property=\"og:image:width\" content=\"1000\" \/>\n\t<meta property=\"og:image:height\" content=\"1110\" \/>\n\t<meta property=\"og:image:type\" content=\"image\/webp\" \/>\n<meta name=\"twitter:card\" content=\"summary_large_image\" \/>\n<script type=\"application\/ld+json\" class=\"yoast-schema-graph\">{\"@context\":\"https:\/\/schema.org\",\"@graph\":[{\"@type\":\"WebPage\",\"@id\":\"https:\/\/www.natelli-shop.com\/de\/produkt\/ausverkauft-nailsoftheday-farbe-des-monats-maerz-2025-samba-10ml\/\",\"url\":\"https:\/\/www.natelli-shop.com\/de\/produkt\/ausverkauft-nailsoftheday-farbe-des-monats-maerz-2025-samba-10ml\/\",\"name\":\"AUSVERKAUFT NAILSOFTHEDAY Farbe des Monats M\u00e4rz 2025 Samba 10ml - Natelli - Nail Shop\",\"isPartOf\":{\"@id\":\"https:\/\/www.natelli-shop.com\/de\/#website\"},\"primaryImageOfPage\":{\"@id\":\"https:\/\/www.natelli-shop.com\/de\/produkt\/ausverkauft-nailsoftheday-farbe-des-monats-maerz-2025-samba-10ml\/#primaryimage\"},\"image\":{\"@id\":\"https:\/\/www.natelli-shop.com\/de\/produkt\/ausverkauft-nailsoftheday-farbe-des-monats-maerz-2025-samba-10ml\/#primaryimage\"},\"thumbnailUrl\":\"https:\/\/www.natelli-shop.com\/wp-content\/uploads\/2025\/05\/notd_samba_product-card-1.png.webp\",\"datePublished\":\"2025-05-06T10:13:00+00:00\",\"dateModified\":\"2026-02-14T23:00:49+00:00\",\"breadcrumb\":{\"@id\":\"https:\/\/www.natelli-shop.com\/de\/produkt\/ausverkauft-nailsoftheday-farbe-des-monats-maerz-2025-samba-10ml\/#breadcrumb\"},\"inLanguage\":\"de\",\"potentialAction\":[{\"@type\":\"ReadAction\",\"target\":[\"https:\/\/www.natelli-shop.com\/de\/produkt\/ausverkauft-nailsoftheday-farbe-des-monats-maerz-2025-samba-10ml\/\"]}]},{\"@type\":\"ImageObject\",\"inLanguage\":\"de\",\"@id\":\"https:\/\/www.natelli-shop.com\/de\/produkt\/ausverkauft-nailsoftheday-farbe-des-monats-maerz-2025-samba-10ml\/#primaryimage\",\"url\":\"https:\/\/www.natelli-shop.com\/wp-content\/uploads\/2025\/05\/notd_samba_product-card-1.png.webp\",\"contentUrl\":\"https:\/\/www.natelli-shop.com\/wp-content\/uploads\/2025\/05\/notd_samba_product-card-1.png.webp\",\"width\":1000,\"height\":1110},{\"@type\":\"BreadcrumbList\",\"@id\":\"https:\/\/www.natelli-shop.com\/de\/produkt\/ausverkauft-nailsoftheday-farbe-des-monats-maerz-2025-samba-10ml\/#breadcrumb\",\"itemListElement\":[{\"@type\":\"ListItem\",\"position\":1,\"name\":\"Home\",\"item\":\"https:\/\/www.natelli-shop.com\/de\/startseite\/\"},{\"@type\":\"ListItem\",\"position\":2,\"name\":\"Shop\",\"item\":\"https:\/\/www.natelli-shop.com\/de\/shop\/\"},{\"@type\":\"ListItem\",\"position\":3,\"name\":\"AUSVERKAUFT NAILSOFTHEDAY Farbe des Monats M\u00e4rz 2025 Samba 10ml\"}]},{\"@type\":\"WebSite\",\"@id\":\"https:\/\/www.natelli-shop.com\/de\/#website\",\"url\":\"https:\/\/www.natelli-shop.com\/de\/\",\"name\":\"Natelli - Nail Shop\",\"description\":\"\",\"publisher\":{\"@id\":\"https:\/\/www.natelli-shop.com\/de\/#organization\"},\"potentialAction\":[{\"@type\":\"SearchAction\",\"target\":{\"@type\":\"EntryPoint\",\"urlTemplate\":\"https:\/\/www.natelli-shop.com\/de\/?s={search_term_string}\"},\"query-input\":\"required name=search_term_string\"}],\"inLanguage\":\"de\"},{\"@type\":\"Organization\",\"@id\":\"https:\/\/www.natelli-shop.com\/de\/#organization\",\"name\":\"Natelli - Nail Shop\",\"url\":\"https:\/\/www.natelli-shop.com\/de\/\",\"logo\":{\"@type\":\"ImageObject\",\"inLanguage\":\"de\",\"@id\":\"https:\/\/www.natelli-shop.com\/de\/#\/schema\/logo\/image\/\",\"url\":\"https:\/\/www.natelli-shop.com\/wp-content\/uploads\/2024\/08\/\u0438\u0437\u043e\u0431\u0440\u0430\u0436\u0435\u043d\u0438\u0435_viber_2024-07-31_10-59-46-791.jpg\",\"contentUrl\":\"https:\/\/www.natelli-shop.com\/wp-content\/uploads\/2024\/08\/\u0438\u0437\u043e\u0431\u0440\u0430\u0436\u0435\u043d\u0438\u0435_viber_2024-07-31_10-59-46-791.jpg\",\"width\":1181,\"height\":1186,\"caption\":\"Natelli - Nail Shop\"},\"image\":{\"@id\":\"https:\/\/www.natelli-shop.com\/de\/#\/schema\/logo\/image\/\"}}]}<\/script>\n<!-- \/ Yoast SEO plugin. -->","yoast_head_json":{"title":"AUSVERKAUFT NAILSOFTHEDAY Farbe des Monats M\u00e4rz 2025 Samba 10ml - Natelli - Nail Shop","robots":{"index":"index","follow":"follow","max-snippet":"max-snippet:-1","max-image-preview":"max-image-preview:large","max-video-preview":"max-video-preview:-1"},"canonical":"https:\/\/www.natelli-shop.com\/de\/produkt\/ausverkauft-nailsoftheday-farbe-des-monats-maerz-2025-samba-10ml\/","og_locale":"de_DE","og_type":"article","og_title":"AUSVERKAUFT NAILSOFTHEDAY Farbe des Monats M\u00e4rz 2025 Samba 10ml - Natelli - Nail Shop","og_description":"In einer Welt, in der Mode und Farbe zu einem k\u00fchnen Tanz der Selbstdarstellung verschmelzen, ist Samba geboren, eine Farbe,","og_url":"https:\/\/www.natelli-shop.com\/de\/produkt\/ausverkauft-nailsoftheday-farbe-des-monats-maerz-2025-samba-10ml\/","og_site_name":"Natelli - Nail Shop","article_modified_time":"2026-02-14T23:00:49+00:00","og_image":[{"width":1000,"height":1110,"url":"https:\/\/www.natelli-shop.com\/wp-content\/uploads\/2025\/05\/notd_samba_product-card-1.png.webp","type":"image\/webp"}],"twitter_card":"summary_large_image","schema":{"@context":"https:\/\/schema.org","@graph":[{"@type":"WebPage","@id":"https:\/\/www.natelli-shop.com\/de\/produkt\/ausverkauft-nailsoftheday-farbe-des-monats-maerz-2025-samba-10ml\/","url":"https:\/\/www.natelli-shop.com\/de\/produkt\/ausverkauft-nailsoftheday-farbe-des-monats-maerz-2025-samba-10ml\/","name":"AUSVERKAUFT NAILSOFTHEDAY Farbe des Monats M\u00e4rz 2025 Samba 10ml - Natelli - Nail Shop","isPartOf":{"@id":"https:\/\/www.natelli-shop.com\/de\/#website"},"primaryImageOfPage":{"@id":"https:\/\/www.natelli-shop.com\/de\/produkt\/ausverkauft-nailsoftheday-farbe-des-monats-maerz-2025-samba-10ml\/#primaryimage"},"image":{"@id":"https:\/\/www.natelli-shop.com\/de\/produkt\/ausverkauft-nailsoftheday-farbe-des-monats-maerz-2025-samba-10ml\/#primaryimage"},"thumbnailUrl":"https:\/\/www.natelli-shop.com\/wp-content\/uploads\/2025\/05\/notd_samba_product-card-1.png.webp","datePublished":"2025-05-06T10:13:00+00:00","dateModified":"2026-02-14T23:00:49+00:00","breadcrumb":{"@id":"https:\/\/www.natelli-shop.com\/de\/produkt\/ausverkauft-nailsoftheday-farbe-des-monats-maerz-2025-samba-10ml\/#breadcrumb"},"inLanguage":"de","potentialAction":[{"@type":"ReadAction","target":["https:\/\/www.natelli-shop.com\/de\/produkt\/ausverkauft-nailsoftheday-farbe-des-monats-maerz-2025-samba-10ml\/"]}]},{"@type":"ImageObject","inLanguage":"de","@id":"https:\/\/www.natelli-shop.com\/de\/produkt\/ausverkauft-nailsoftheday-farbe-des-monats-maerz-2025-samba-10ml\/#primaryimage","url":"https:\/\/www.natelli-shop.com\/wp-content\/uploads\/2025\/05\/notd_samba_product-card-1.png.webp","contentUrl":"https:\/\/www.natelli-shop.com\/wp-content\/uploads\/2025\/05\/notd_samba_product-card-1.png.webp","width":1000,"height":1110},{"@type":"BreadcrumbList","@id":"https:\/\/www.natelli-shop.com\/de\/produkt\/ausverkauft-nailsoftheday-farbe-des-monats-maerz-2025-samba-10ml\/#breadcrumb","itemListElement":[{"@type":"ListItem","position":1,"name":"Home","item":"https:\/\/www.natelli-shop.com\/de\/startseite\/"},{"@type":"ListItem","position":2,"name":"Shop","item":"https:\/\/www.natelli-shop.com\/de\/shop\/"},{"@type":"ListItem","position":3,"name":"AUSVERKAUFT NAILSOFTHEDAY Farbe des Monats M\u00e4rz 2025 Samba 10ml"}]},{"@type":"WebSite","@id":"https:\/\/www.natelli-shop.com\/de\/#website","url":"https:\/\/www.natelli-shop.com\/de\/","name":"Natelli - Nail Shop","description":"","publisher":{"@id":"https:\/\/www.natelli-shop.com\/de\/#organization"},"potentialAction":[{"@type":"SearchAction","target":{"@type":"EntryPoint","urlTemplate":"https:\/\/www.natelli-shop.com\/de\/?s={search_term_string}"},"query-input":"required name=search_term_string"}],"inLanguage":"de"},{"@type":"Organization","@id":"https:\/\/www.natelli-shop.com\/de\/#organization","name":"Natelli - Nail Shop","url":"https:\/\/www.natelli-shop.com\/de\/","logo":{"@type":"ImageObject","inLanguage":"de","@id":"https:\/\/www.natelli-shop.com\/de\/#\/schema\/logo\/image\/","url":"https:\/\/www.natelli-shop.com\/wp-content\/uploads\/2024\/08\/\u0438\u0437\u043e\u0431\u0440\u0430\u0436\u0435\u043d\u0438\u0435_viber_2024-07-31_10-59-46-791.jpg","contentUrl":"https:\/\/www.natelli-shop.com\/wp-content\/uploads\/2024\/08\/\u0438\u0437\u043e\u0431\u0440\u0430\u0436\u0435\u043d\u0438\u0435_viber_2024-07-31_10-59-46-791.jpg","width":1181,"height":1186,"caption":"Natelli - Nail Shop"},"image":{"@id":"https:\/\/www.natelli-shop.com\/de\/#\/schema\/logo\/image\/"}}]}},"jetpack_sharing_enabled":true,"_links":{"self":[{"href":"https:\/\/www.natelli-shop.com\/de\/wp-json\/wp\/v2\/product\/27422","targetHints":{"allow":["GET"]}}],"collection":[{"href":"https:\/\/www.natelli-shop.com\/de\/wp-json\/wp\/v2\/product"}],"about":[{"href":"https:\/\/www.natelli-shop.com\/de\/wp-json\/wp\/v2\/types\/product"}],"replies":[{"embeddable":true,"href":"https:\/\/www.natelli-shop.com\/de\/wp-json\/wp\/v2\/comments?post=27422"}],"version-history":[{"count":0,"href":"https:\/\/www.natelli-shop.com\/de\/wp-json\/wp\/v2\/product\/27422\/revisions"}],"wp:featuredmedia":[{"embeddable":true,"href":"https:\/\/www.natelli-shop.com\/de\/wp-json\/wp\/v2\/media\/27419"}],"wp:attachment":[{"href":"https:\/\/www.natelli-shop.com\/de\/wp-json\/wp\/v2\/media?parent=27422"}],"wp:term":[{"taxonomy":"product_brand","embeddable":true,"href":"https:\/\/www.natelli-shop.com\/de\/wp-json\/wp\/v2\/product_brand?post=27422"},{"taxonomy":"product_cat","embeddable":true,"href":"https:\/\/www.natelli-shop.com\/de\/wp-json\/wp\/v2\/product_cat?post=27422"},{"taxonomy":"product_tag","embeddable":true,"href":"https:\/\/www.natelli-shop.com\/de\/wp-json\/wp\/v2\/product_tag?post=27422"}],"curies":[{"name":"wp","href":"https:\/\/api.w.org\/{rel}","templated":true}]}}