{"id":26980,"date":"2025-05-03T17:29:00","date_gmt":"2025-05-03T15:29:00","guid":{"rendered":"https:\/\/www.natelli-shop.com\/?post_type=product&#038;p=26980"},"modified":"2026-02-15T00:00:51","modified_gmt":"2026-02-14T23:00:51","slug":"nailsoftheday-dual-form-stiletto-typ-3-120-stuck-copy","status":"publish","type":"product","link":"https:\/\/www.natelli-shop.com\/de\/product\/nailsoftheday-dual-form-stiletto-typ-3-120-stuck-copy\/","title":{"rendered":"NAILSOFTHEDAY Dual Form Pro Mix 6 (Typ 22) &#8211; 144 St\u00fcck"},"content":{"rendered":"<p><strong>Das Set Dual Form Pro Mix 6 (Typ 22) kombiniert 6 Arten von Oberformen, darunter:<\/strong><\/p>\n<p>1. Curve Square &#8211; ein gleichm\u00e4\u00dfig gebogenes Quadrat ohne Farbmarkierung.<\/p>\n<p>2. Stiletto &#8211; ein eleganter spitzer Stiletto mit Farbmarkierung.<\/p>\n<p>3. Quadrat &#8211; ein klassisches Quadrat mit Farbmarkierung.<\/p>\n<p>4. Half Square &#8211; ein verk\u00fcrztes Quadrat mit Farbmarkierung.<\/p>\n<p>5. Maxi Ballerina &#8211; eine l\u00e4ngliche Ballerina mit Farbmarkierung.<\/p>\n<p>6. Maxi Arch Square &#8211; ein Quadrat mit einem ausgepr\u00e4gten Bogen ohne Farbmarkierung.<\/p>\n<p>Abmessungen: 0 &#8211; Tiefe 1,7 cm \/ L\u00e4nge 5 cm \/ Breite 1,4 cm; 11 &#8211; Tiefe 0,9 cm \/ L\u00e4nge 4,2 cm \/ Breite 0,6 cm.<\/p>\n<p>1. Curve Square\/Griffon<br \/>\nEine Riffonform f\u00fcr ein kurzes bis mittleres Quadrat mit einem 50%igen Bogen.<\/p>\n<p>Geeignet f\u00fcr die Modellierung\/Korrektur\/Restaurierung von:<br \/>\n&#8211; kurzen oder mittelgro\u00dfen quadratischen<br \/>\n&#8211; ovalen<br \/>\n&#8211; nicht langen mandelf\u00f6rmigen<br \/>\n&#8211; f\u00fcr onychogryphische Nagelplatten (die nach unten wachsen)<br \/>\n&#8211; f\u00fcr gew\u00f6lbte Naturn\u00e4gel<\/p>\n<p>Merkmale:<br \/>\n&#8211; gew\u00f6lbte Form, die die nat\u00fcrliche Form von Salonn\u00e4geln wiedergibt<br \/>\n&#8211; die eingebaute Architektur erm\u00f6glicht es Ihnen, das Ende korrekt anzuheben (f\u00fcr GRIFFOOUS-N\u00e4gel ist es wichtig, das Verh\u00e4ltnis von L\u00e4nge und Anhebung des Endes zu verstehen, was diese Form erm\u00f6glicht)<br \/>\n&#8211; perfekt geeignet f\u00fcr die Arbeit mit Zeigefingern, die eine erh\u00f6hte Stabilit\u00e4t und ein kompetentes Heben mit Material erfordern<br \/>\n&#8211; diese Form erm\u00f6glicht es Ihnen, die freie Kante zu erh\u00f6hen, wodurch ein harmonischer Look auch bei mittlerer L\u00e4nge entsteht<br \/>\n&#8211; erm\u00f6glicht es Ihnen, die nat\u00fcrliche St\u00e4rke und das Gleichgewicht zwischen Form und L\u00e4nge zu erhalten<br \/>\n&#8211; mit diesen oberen Formen sehen modellierte N\u00e4gel elegant aus, dank der M\u00f6glichkeit, die nat\u00fcrliche Neigung der Platte nach unten anzupassen<br \/>\n&#8211; geeignet f\u00fcr Kunden, die eine stilvolle und praktische Manik\u00fcre mit anhaltender L\u00e4nge w\u00fcnschen<\/p>\n<p>2. Stiletto\/Stiletto<br \/>\nBogenanteil etwa 40-45%<\/p>\n<p>Geeignet f\u00fcr:<br \/>\n&#8211; fast alle Nageltypen<br \/>\n&#8211; Stiletto\/Lange Mandel\/Ballerina<br \/>\n&#8211; f\u00fcr die Modellierung eleganter und l\u00e4nglicher Nagelformen, die die L\u00e4nge und Architektur des Nagels betonen<br \/>\n&#8211; f\u00fcr ein kurzes Quadrat mit einer flachen oder normalen Nagelplatte<br \/>\n&#8211; die Formen k\u00f6nnen auch als Sprungbrett f\u00fcr ein sehr kurzes Quadrat oder Oval verwendet werden, vorausgesetzt, die N\u00e4gel sind nicht zu stark gew\u00f6lbt<\/p>\n<p>Merkmale:<br \/>\n&#8211; Gew\u00f6lbeanteil: ca. 40-45%, was ein optimales Gleichgewicht zwischen St\u00e4rke und \u00c4sthetik bietet und ein perfekt symmetrisches Profil schafft, das auch bei maximaler L\u00e4nge harmonisch aussieht<br \/>\n&#8211; die Formen haben einen geschwungenen L\u00e4ngsbogen mit dem Scheitelpunkt n\u00e4her an der Mitte und geraden Seitenkanten<br \/>\n&#8211; L\u00e4nge: Konzentrieren Sie sich auf lange N\u00e4gel, die es Ihnen erm\u00f6glichen, komplexe und anspruchsvolle Designs zu verk\u00f6rpern<br \/>\n&#8211; maximale Verschm\u00e4lerung und Verl\u00e4ngerung bis zum freien Rand, ideal f\u00fcr Kunden, die elegante und geometrisch korrekte Formen bevorzugen<br \/>\n&#8211; diese Form sorgt f\u00fcr Stabilit\u00e4t auch bei erheblicher Dehnung durch die erh\u00f6hte W\u00f6lbung und verteilt die Last korrekt \u00fcber die gesamte L\u00e4nge des Nagels<\/p>\n<p>3. Quadratisch\/kurz, mittelquadratisch<br \/>\nDer Prozentsatz des Bogens liegt bei 35% und 40% in der Spannungszone.<\/p>\n<p>Geeignet f\u00fcr:<br \/>\n&#8211; f\u00fcr die Modellierung von kurzen\/mittleren\/langen quadratischen<br \/>\n&#8211; Mandel<br \/>\n&#8211; auf einer flachen oder normalen Naturnagelplatte<br \/>\n&#8211; f\u00fcr Sprungbrettn\u00e4gel &#8211; nur kurzes Quadrat<\/p>\n<p>Merkmale:<br \/>\n&#8211; Shapes &#8211; nat\u00fcrliches Salonquadrat, haben parallele Seitenkanten ohne Verschm\u00e4lerung<br \/>\n&#8211; der L\u00e4ngsbogen ist leicht gebogen, mit dem Scheitelpunkt n\u00e4her an der Mitte<br \/>\n&#8211; hat einen weniger ausgepr\u00e4gten Bogen, was die Form nat\u00fcrlicher macht<br \/>\n&#8211; die Seitenw\u00e4nde an der Seite sind gerade, was es Ihnen erm\u00f6glicht, ein mittleres\/langes Quadrat aufzubauen, aber auf einer Nagelplatte mit einem kleinen Bogen<br \/>\n&#8211; die Formen haben einen klassischen Querbogen, 40% in der Spannungszone (nicht geeignet f\u00fcr gew\u00f6lbte Naturn\u00e4gel)<br \/>\n&#8211; eine gro\u00dfartige Option f\u00fcr die t\u00e4gliche Manik\u00fcre aufgrund ihrer Praktikabilit\u00e4t und Vielseitigkeit<\/p>\n<p>4. Halbquadratische\/bogenf\u00f6rmige Form f\u00fcr freie Kanten<br \/>\nBogenabfluss: 50% und mehr.<\/p>\n<p>Verwendungszweck:<br \/>\n&#8211; wird verwendet, um eine klare Bogenform in der freien Randzone zu schaffen, unabh\u00e4ngig von der gew\u00e4hlten Form (quadratisch oder mandelf\u00f6rmig)<br \/>\n&#8211; geeignet f\u00fcr Kunden mit nat\u00fcrlichen N\u00e4geln von mittlerer oder hoher W\u00f6lbung.<br \/>\n&#8211; f\u00fcr mittlere und lange L\u00e4nge<br \/>\n&#8211; f\u00fcr Sprungbretter &#8211; von kurzer bis langer Modellierung<\/p>\n<p>Eigenschaften:<br \/>\n&#8211; haben parallele Seitenrippen ohne Verschm\u00e4lerung, Querbogen 50%, L\u00e4ngsbogen gerade<br \/>\n&#8211; werden standardm\u00e4\u00dfig f\u00fcr Arbeiten in der Substrattechnik mit der Notwendigkeit, die Architektur zu vervollst\u00e4ndigen, verwendet<\/p>\n<p>5. Maxi Ballerina\/Modern Ballerina\/Almond<br \/>\nBogenanteil: 50-60%.<\/p>\n<p>Verwendungszweck:<br \/>\n&#8211; f\u00fcr die Modellierung mittlerer und langer N\u00e4gel in moderner &#8222;Ballerina&#8220;- oder eleganter Mandelform<br \/>\n&#8211; ideal f\u00fcr gew\u00f6lbte Naturn\u00e4gel<br \/>\n&#8211; f\u00fcr nach oben wachsende N\u00e4gel (Sprungbretter) &#8211; beliebige L\u00e4nge &#8211; von kurz bis lang<br \/>\n&#8211; f\u00fcr klassische und flache N\u00e4gel &#8211; lange L\u00e4nge<br \/>\n&#8211; f\u00fcr Giffon (nur lange L\u00e4nge und nicht l\u00e4nger als 2-3 Wochen tragen)<\/p>\n<p>Merkmale:<br \/>\n&#8211; kombiniert die Geschmeidigkeit von Mandeln und die Klarheit der &#8222;Ballerina&#8220;-Form Linien<br \/>\n&#8211; ideal f\u00fcr Kunden, die stilvolle lange und mittlere Formen bevorzugen<br \/>\n&#8211; der L\u00e4ngsbogen ist gekr\u00fcmmt mit einem glatten Scheitelpunkt n\u00e4her an der Mitte<br \/>\n&#8211; die Seitenw\u00e4nde sind gerade, leicht verj\u00fcngt zum freien Rand, was der vorgegebenen Ballerina-Form entspricht und sehr sch\u00f6n und harmonisch aussieht<br \/>\n&#8211; der Querbogen am h\u00f6chsten Punkt betr\u00e4gt 60%<br \/>\n&#8211; der Scheitelpunkt ist versetzt, was f\u00fcr Ausgewogenheit und erh\u00f6hte Widerstandsf\u00e4higkeit gegen mechanische Belastungen sorgt<br \/>\n&#8211; die Formen sind elastisch, halten ihre Form gut und lassen sich nach der Polymerisation leicht entfernen. Sie verbiegen sich nicht, wenn man die Architektur mit einer Pinzette oder einer speziellen feinzahnigen Zange dr\u00fcckt<br \/>\n&#8211; der Apex mit einem sanften Anstieg erm\u00f6glicht es Ihnen, einen perfekten Abdruck im Bereich der Nagelhaut zu machen und die perfekte Architektur in der Seitenansicht zu erhalten<\/p>\n<p>6. Maxi Arch Square<br \/>\nBogenanteil: ca. 60%.<\/p>\n<p>Verwendungszweck:<br \/>\n&#8211; f\u00fcr die Modellierung langer N\u00e4gel in Form eines gew\u00f6lbten Quadrats<br \/>\n&#8211; perfekt geeignet f\u00fcr Kunden mit einer nat\u00fcrlichen Nagelplatte, die einen hohen Bogen hat<br \/>\n&#8211;<\/p>\n<p>f\u00fcr nach oben wachsende N\u00e4gel (Sprungbretter) &#8211; jede L\u00e4nge &#8211; von kurz bis lang<br \/>\n&#8211; f\u00fcr klassische und flache N\u00e4gel &#8211; lange L\u00e4nge<br \/>\n&#8211; f\u00fcr Greifen (nur lange L\u00e4nge und nicht l\u00e4nger als 2-3 Wochen tragen)<\/p>\n<p>Eigenschaften:<br \/>\n&#8211; haben parallele Seitenkanten ohne Verschm\u00e4lerung, die L\u00e4ngsw\u00f6lbung ist gerade mit einem sanften Anstieg zum Scheitelpunkt n\u00e4her zur Mitte, die Querw\u00f6lbung am h\u00f6chsten Punkt betr\u00e4gt 60%<br \/>\n&#8211; der Scheitelpunkt ist versetzt, was f\u00fcr Ausgewogenheit und erh\u00f6hte Widerstandsf\u00e4higkeit gegen mechanische Belastungen sorgt<br \/>\n&#8211; erm\u00f6glicht Ihnen die Erstellung einer perfekt gleichm\u00e4\u00dfigen, gew\u00f6lbten und geometrisch klaren freien Kante<br \/>\n&#8211; die Formen sind elastisch, halten ihre Form gut und lassen sich nach der Polymerisation mit jedem Material leicht entfernen, sie verbiegen sich nicht, wenn Sie die Architektur mit einer Pinzette oder einer speziellen feinspitzigen Zange dr\u00fccken.<br \/>\n&#8211; Der sanft ansteigende Apex erm\u00f6glicht es Ihnen, einen perfekten Abdruck im Bereich der Nagelhaut zu machen und eine perfekte Architektur in der Seitenansicht zu erhalten.<br \/>\n&#8211; Die verbesserte Form erm\u00f6glicht auch Anf\u00e4ngern in der Modellierung eine Nagelarchitektur ohne unn\u00f6tigen Aufwand<\/p>\n","protected":false},"excerpt":{"rendered":"<p>Das Set Dual Form Pro Mix 6 (Typ 22) kombiniert 6 Arten von Oberformen, darunter: 1. Curve Square &#8211; ein<\/p>\n","protected":false},"featured_media":31691,"comment_status":"open","ping_status":"closed","template":"","meta":[],"product_brand":[],"product_cat":[281],"product_tag":[],"class_list":{"0":"post-26980","1":"product","2":"type-product","3":"status-publish","4":"has-post-thumbnail","6":"product_cat-zubehor-fur-nagelverlangerungen","8":"first","9":"instock","10":"shipping-taxable","11":"purchasable","12":"product-type-simple"},"yoast_head":"<!-- This site is optimized with the Yoast SEO plugin v23.1 - https:\/\/yoast.com\/wordpress\/plugins\/seo\/ -->\n<title>NAILSOFTHEDAY Dual Form Pro Mix 6 (Typ 22) - 144 St\u00fcck - Natelli - Nail Shop<\/title>\n<meta name=\"robots\" content=\"index, follow, max-snippet:-1, max-image-preview:large, max-video-preview:-1\" \/>\n<link rel=\"canonical\" href=\"https:\/\/www.natelli-shop.com\/de\/product\/nailsoftheday-dual-form-stiletto-typ-3-120-stuck-copy\/\" \/>\n<meta property=\"og:locale\" content=\"de_DE\" \/>\n<meta property=\"og:type\" content=\"article\" \/>\n<meta property=\"og:title\" content=\"NAILSOFTHEDAY Dual Form Pro Mix 6 (Typ 22) - 144 St\u00fcck - Natelli - Nail Shop\" \/>\n<meta property=\"og:description\" content=\"Das Set Dual Form Pro Mix 6 (Typ 22) kombiniert 6 Arten von Oberformen, darunter: 1. Curve Square &#8211; ein\" \/>\n<meta property=\"og:url\" content=\"https:\/\/www.natelli-shop.com\/de\/product\/nailsoftheday-dual-form-stiletto-typ-3-120-stuck-copy\/\" \/>\n<meta property=\"og:site_name\" content=\"Natelli - Nail Shop\" \/>\n<meta property=\"article:modified_time\" content=\"2026-02-14T23:00:51+00:00\" \/>\n<meta property=\"og:image\" content=\"https:\/\/i0.wp.com\/www.natelli-shop.com\/wp-content\/uploads\/2025\/05\/photo_2025-10-29-12.23.37.jpeg?fit=960%2C1280&ssl=1\" \/>\n\t<meta property=\"og:image:width\" content=\"960\" \/>\n\t<meta property=\"og:image:height\" content=\"1280\" \/>\n\t<meta property=\"og:image:type\" content=\"image\/jpeg\" \/>\n<meta name=\"twitter:card\" content=\"summary_large_image\" \/>\n<meta name=\"twitter:label1\" content=\"Gesch\u00e4tzte Lesezeit\" \/>\n\t<meta name=\"twitter:data1\" content=\"6\u00a0Minuten\" \/>\n<script type=\"application\/ld+json\" class=\"yoast-schema-graph\">{\"@context\":\"https:\/\/schema.org\",\"@graph\":[{\"@type\":\"WebPage\",\"@id\":\"https:\/\/www.natelli-shop.com\/de\/product\/nailsoftheday-dual-form-stiletto-typ-3-120-stuck-copy\/\",\"url\":\"https:\/\/www.natelli-shop.com\/de\/product\/nailsoftheday-dual-form-stiletto-typ-3-120-stuck-copy\/\",\"name\":\"NAILSOFTHEDAY Dual Form Pro Mix 6 (Typ 22) - 144 St\u00fcck - Natelli - Nail Shop\",\"isPartOf\":{\"@id\":\"https:\/\/www.natelli-shop.com\/de\/#website\"},\"primaryImageOfPage\":{\"@id\":\"https:\/\/www.natelli-shop.com\/de\/product\/nailsoftheday-dual-form-stiletto-typ-3-120-stuck-copy\/#primaryimage\"},\"image\":{\"@id\":\"https:\/\/www.natelli-shop.com\/de\/product\/nailsoftheday-dual-form-stiletto-typ-3-120-stuck-copy\/#primaryimage\"},\"thumbnailUrl\":\"https:\/\/www.natelli-shop.com\/wp-content\/uploads\/2025\/05\/photo_2025-10-29-12.23.37.jpeg\",\"datePublished\":\"2025-05-03T15:29:00+00:00\",\"dateModified\":\"2026-02-14T23:00:51+00:00\",\"breadcrumb\":{\"@id\":\"https:\/\/www.natelli-shop.com\/de\/product\/nailsoftheday-dual-form-stiletto-typ-3-120-stuck-copy\/#breadcrumb\"},\"inLanguage\":\"de\",\"potentialAction\":[{\"@type\":\"ReadAction\",\"target\":[\"https:\/\/www.natelli-shop.com\/de\/product\/nailsoftheday-dual-form-stiletto-typ-3-120-stuck-copy\/\"]}]},{\"@type\":\"ImageObject\",\"inLanguage\":\"de\",\"@id\":\"https:\/\/www.natelli-shop.com\/de\/product\/nailsoftheday-dual-form-stiletto-typ-3-120-stuck-copy\/#primaryimage\",\"url\":\"https:\/\/www.natelli-shop.com\/wp-content\/uploads\/2025\/05\/photo_2025-10-29-12.23.37.jpeg\",\"contentUrl\":\"https:\/\/www.natelli-shop.com\/wp-content\/uploads\/2025\/05\/photo_2025-10-29-12.23.37.jpeg\",\"width\":960,\"height\":1280},{\"@type\":\"BreadcrumbList\",\"@id\":\"https:\/\/www.natelli-shop.com\/de\/product\/nailsoftheday-dual-form-stiletto-typ-3-120-stuck-copy\/#breadcrumb\",\"itemListElement\":[{\"@type\":\"ListItem\",\"position\":1,\"name\":\"Home\",\"item\":\"https:\/\/www.natelli-shop.com\/de\/startseite\/\"},{\"@type\":\"ListItem\",\"position\":2,\"name\":\"Shop\",\"item\":\"https:\/\/www.natelli-shop.com\/de\/shop\/\"},{\"@type\":\"ListItem\",\"position\":3,\"name\":\"NAILSOFTHEDAY Dual Form Pro Mix 6 (Typ 22) &#8211; 144 St\u00fcck\"}]},{\"@type\":\"WebSite\",\"@id\":\"https:\/\/www.natelli-shop.com\/de\/#website\",\"url\":\"https:\/\/www.natelli-shop.com\/de\/\",\"name\":\"Natelli - Nail Shop\",\"description\":\"\",\"publisher\":{\"@id\":\"https:\/\/www.natelli-shop.com\/de\/#organization\"},\"potentialAction\":[{\"@type\":\"SearchAction\",\"target\":{\"@type\":\"EntryPoint\",\"urlTemplate\":\"https:\/\/www.natelli-shop.com\/de\/?s={search_term_string}\"},\"query-input\":\"required name=search_term_string\"}],\"inLanguage\":\"de\"},{\"@type\":\"Organization\",\"@id\":\"https:\/\/www.natelli-shop.com\/de\/#organization\",\"name\":\"Natelli - Nail Shop\",\"url\":\"https:\/\/www.natelli-shop.com\/de\/\",\"logo\":{\"@type\":\"ImageObject\",\"inLanguage\":\"de\",\"@id\":\"https:\/\/www.natelli-shop.com\/de\/#\/schema\/logo\/image\/\",\"url\":\"https:\/\/www.natelli-shop.com\/wp-content\/uploads\/2024\/08\/\u0438\u0437\u043e\u0431\u0440\u0430\u0436\u0435\u043d\u0438\u0435_viber_2024-07-31_10-59-46-791.jpg\",\"contentUrl\":\"https:\/\/www.natelli-shop.com\/wp-content\/uploads\/2024\/08\/\u0438\u0437\u043e\u0431\u0440\u0430\u0436\u0435\u043d\u0438\u0435_viber_2024-07-31_10-59-46-791.jpg\",\"width\":1181,\"height\":1186,\"caption\":\"Natelli - Nail Shop\"},\"image\":{\"@id\":\"https:\/\/www.natelli-shop.com\/de\/#\/schema\/logo\/image\/\"}}]}<\/script>\n<!-- \/ Yoast SEO plugin. -->","yoast_head_json":{"title":"NAILSOFTHEDAY Dual Form Pro Mix 6 (Typ 22) - 144 St\u00fcck - Natelli - Nail Shop","robots":{"index":"index","follow":"follow","max-snippet":"max-snippet:-1","max-image-preview":"max-image-preview:large","max-video-preview":"max-video-preview:-1"},"canonical":"https:\/\/www.natelli-shop.com\/de\/product\/nailsoftheday-dual-form-stiletto-typ-3-120-stuck-copy\/","og_locale":"de_DE","og_type":"article","og_title":"NAILSOFTHEDAY Dual Form Pro Mix 6 (Typ 22) - 144 St\u00fcck - Natelli - Nail Shop","og_description":"Das Set Dual Form Pro Mix 6 (Typ 22) kombiniert 6 Arten von Oberformen, darunter: 1. Curve Square &#8211; ein","og_url":"https:\/\/www.natelli-shop.com\/de\/product\/nailsoftheday-dual-form-stiletto-typ-3-120-stuck-copy\/","og_site_name":"Natelli - Nail Shop","article_modified_time":"2026-02-14T23:00:51+00:00","og_image":[{"width":960,"height":1280,"url":"https:\/\/i0.wp.com\/www.natelli-shop.com\/wp-content\/uploads\/2025\/05\/photo_2025-10-29-12.23.37.jpeg?fit=960%2C1280&ssl=1","type":"image\/jpeg"}],"twitter_card":"summary_large_image","twitter_misc":{"Gesch\u00e4tzte Lesezeit":"6\u00a0Minuten"},"schema":{"@context":"https:\/\/schema.org","@graph":[{"@type":"WebPage","@id":"https:\/\/www.natelli-shop.com\/de\/product\/nailsoftheday-dual-form-stiletto-typ-3-120-stuck-copy\/","url":"https:\/\/www.natelli-shop.com\/de\/product\/nailsoftheday-dual-form-stiletto-typ-3-120-stuck-copy\/","name":"NAILSOFTHEDAY Dual Form Pro Mix 6 (Typ 22) - 144 St\u00fcck - Natelli - Nail Shop","isPartOf":{"@id":"https:\/\/www.natelli-shop.com\/de\/#website"},"primaryImageOfPage":{"@id":"https:\/\/www.natelli-shop.com\/de\/product\/nailsoftheday-dual-form-stiletto-typ-3-120-stuck-copy\/#primaryimage"},"image":{"@id":"https:\/\/www.natelli-shop.com\/de\/product\/nailsoftheday-dual-form-stiletto-typ-3-120-stuck-copy\/#primaryimage"},"thumbnailUrl":"https:\/\/www.natelli-shop.com\/wp-content\/uploads\/2025\/05\/photo_2025-10-29-12.23.37.jpeg","datePublished":"2025-05-03T15:29:00+00:00","dateModified":"2026-02-14T23:00:51+00:00","breadcrumb":{"@id":"https:\/\/www.natelli-shop.com\/de\/product\/nailsoftheday-dual-form-stiletto-typ-3-120-stuck-copy\/#breadcrumb"},"inLanguage":"de","potentialAction":[{"@type":"ReadAction","target":["https:\/\/www.natelli-shop.com\/de\/product\/nailsoftheday-dual-form-stiletto-typ-3-120-stuck-copy\/"]}]},{"@type":"ImageObject","inLanguage":"de","@id":"https:\/\/www.natelli-shop.com\/de\/product\/nailsoftheday-dual-form-stiletto-typ-3-120-stuck-copy\/#primaryimage","url":"https:\/\/www.natelli-shop.com\/wp-content\/uploads\/2025\/05\/photo_2025-10-29-12.23.37.jpeg","contentUrl":"https:\/\/www.natelli-shop.com\/wp-content\/uploads\/2025\/05\/photo_2025-10-29-12.23.37.jpeg","width":960,"height":1280},{"@type":"BreadcrumbList","@id":"https:\/\/www.natelli-shop.com\/de\/product\/nailsoftheday-dual-form-stiletto-typ-3-120-stuck-copy\/#breadcrumb","itemListElement":[{"@type":"ListItem","position":1,"name":"Home","item":"https:\/\/www.natelli-shop.com\/de\/startseite\/"},{"@type":"ListItem","position":2,"name":"Shop","item":"https:\/\/www.natelli-shop.com\/de\/shop\/"},{"@type":"ListItem","position":3,"name":"NAILSOFTHEDAY Dual Form Pro Mix 6 (Typ 22) &#8211; 144 St\u00fcck"}]},{"@type":"WebSite","@id":"https:\/\/www.natelli-shop.com\/de\/#website","url":"https:\/\/www.natelli-shop.com\/de\/","name":"Natelli - Nail Shop","description":"","publisher":{"@id":"https:\/\/www.natelli-shop.com\/de\/#organization"},"potentialAction":[{"@type":"SearchAction","target":{"@type":"EntryPoint","urlTemplate":"https:\/\/www.natelli-shop.com\/de\/?s={search_term_string}"},"query-input":"required name=search_term_string"}],"inLanguage":"de"},{"@type":"Organization","@id":"https:\/\/www.natelli-shop.com\/de\/#organization","name":"Natelli - Nail Shop","url":"https:\/\/www.natelli-shop.com\/de\/","logo":{"@type":"ImageObject","inLanguage":"de","@id":"https:\/\/www.natelli-shop.com\/de\/#\/schema\/logo\/image\/","url":"https:\/\/www.natelli-shop.com\/wp-content\/uploads\/2024\/08\/\u0438\u0437\u043e\u0431\u0440\u0430\u0436\u0435\u043d\u0438\u0435_viber_2024-07-31_10-59-46-791.jpg","contentUrl":"https:\/\/www.natelli-shop.com\/wp-content\/uploads\/2024\/08\/\u0438\u0437\u043e\u0431\u0440\u0430\u0436\u0435\u043d\u0438\u0435_viber_2024-07-31_10-59-46-791.jpg","width":1181,"height":1186,"caption":"Natelli - Nail Shop"},"image":{"@id":"https:\/\/www.natelli-shop.com\/de\/#\/schema\/logo\/image\/"}}]}},"jetpack_sharing_enabled":true,"_links":{"self":[{"href":"https:\/\/www.natelli-shop.com\/de\/wp-json\/wp\/v2\/product\/26980","targetHints":{"allow":["GET"]}}],"collection":[{"href":"https:\/\/www.natelli-shop.com\/de\/wp-json\/wp\/v2\/product"}],"about":[{"href":"https:\/\/www.natelli-shop.com\/de\/wp-json\/wp\/v2\/types\/product"}],"replies":[{"embeddable":true,"href":"https:\/\/www.natelli-shop.com\/de\/wp-json\/wp\/v2\/comments?post=26980"}],"version-history":[{"count":0,"href":"https:\/\/www.natelli-shop.com\/de\/wp-json\/wp\/v2\/product\/26980\/revisions"}],"wp:featuredmedia":[{"embeddable":true,"href":"https:\/\/www.natelli-shop.com\/de\/wp-json\/wp\/v2\/media\/31691"}],"wp:attachment":[{"href":"https:\/\/www.natelli-shop.com\/de\/wp-json\/wp\/v2\/media?parent=26980"}],"wp:term":[{"taxonomy":"product_brand","embeddable":true,"href":"https:\/\/www.natelli-shop.com\/de\/wp-json\/wp\/v2\/product_brand?post=26980"},{"taxonomy":"product_cat","embeddable":true,"href":"https:\/\/www.natelli-shop.com\/de\/wp-json\/wp\/v2\/product_cat?post=26980"},{"taxonomy":"product_tag","embeddable":true,"href":"https:\/\/www.natelli-shop.com\/de\/wp-json\/wp\/v2\/product_tag?post=26980"}],"curies":[{"name":"wp","href":"https:\/\/api.w.org\/{rel}","templated":true}]}}