{"id":26940,"date":"2025-05-03T17:16:00","date_gmt":"2025-05-03T15:16:00","guid":{"rendered":"https:\/\/www.natelli-shop.com\/?post_type=product&#038;p=26940"},"modified":"2026-02-15T00:00:52","modified_gmt":"2026-02-14T23:00:52","slug":"nailsoftheday-french-tips-anleitung-typ-9-60-stuck-copy","status":"publish","type":"product","link":"https:\/\/www.natelli-shop.com\/de\/product\/nailsoftheday-french-tips-anleitung-typ-9-60-stuck-copy\/","title":{"rendered":"NAILSOFTHEDAY Dual Form Square (Typ 5) &#8211; 120 St\u00fcck"},"content":{"rendered":"<p><strong>NAILSOFTHEDAY Dual Form<\/strong> &#8211; entwickelt f\u00fcr Nagelverl\u00e4ngerungen mit minimaler Feilarbeit. Der Bogen der oberen Formen erm\u00f6glicht es Ihnen, die nat\u00fcrlichsten Nagelformen zu modellieren, die die nat\u00fcrliche Nagelplatte imitieren. <\/p>\n<p>Die Formen sind elastisch, halten ihre Form gut und lassen sich nach der Polymerisation mit jedem Material leicht entfernen. Sie verbiegen sich nicht, wenn Sie die Architektur mit einer Pinzette oder einer speziellen feinspitzigen Zange dr\u00fccken. Geeignet f\u00fcr die Verwendung mit verschiedenen Materialien: Poly-Gel, Acryl-Gel, Builder-Gel und Gel-Gelee. Die verbesserte Form erm\u00f6glicht es auch Anf\u00e4ngern in der Modellage, eine Nagelarchitektur ohne unn\u00f6tigen Aufwand zu erstellen.  <\/p>\n<p>Typ 5 &#8211; quadratisch, 120 St\u00fcck. In einem Set von 120 St\u00fcck &#8211; 12 Gr\u00f6\u00dfen, was es einfach macht, die notwendige Form f\u00fcr jede Nagelplatte zu w\u00e4hlen. <\/p>\n<p>Abmessungen: 0 &#8211; Tiefe 1,9 cm \/ L\u00e4nge 5 cm \/ Breite 1,4 cm; 11 &#8211; Tiefe 0,9 cm \/ L\u00e4nge 4 cm \/ Breite 0,7 cm.<\/p>\n","protected":false},"excerpt":{"rendered":"<p>NAILSOFTHEDAY Dual Form &#8211; entwickelt f\u00fcr Nagelverl\u00e4ngerungen mit minimaler Feilarbeit. Der Bogen der oberen Formen erm\u00f6glicht es Ihnen, die nat\u00fcrlichsten<\/p>\n","protected":false},"featured_media":26943,"comment_status":"open","ping_status":"closed","template":"","meta":[],"product_brand":[],"product_cat":[281],"product_tag":[],"class_list":{"0":"post-26940","1":"product","2":"type-product","3":"status-publish","4":"has-post-thumbnail","6":"product_cat-zubehor-fur-nagelverlangerungen","8":"first","9":"instock","10":"shipping-taxable","11":"purchasable","12":"product-type-simple"},"yoast_head":"<!-- This site is optimized with the Yoast SEO plugin v23.1 - https:\/\/yoast.com\/wordpress\/plugins\/seo\/ -->\n<title>NAILSOFTHEDAY Dual Form Square (Typ 5) - 120 St\u00fcck - Natelli - Nail Shop<\/title>\n<meta name=\"robots\" content=\"index, follow, max-snippet:-1, max-image-preview:large, max-video-preview:-1\" \/>\n<link rel=\"canonical\" href=\"https:\/\/www.natelli-shop.com\/de\/product\/nailsoftheday-french-tips-anleitung-typ-9-60-stuck-copy\/\" \/>\n<meta property=\"og:locale\" content=\"de_DE\" \/>\n<meta property=\"og:type\" content=\"article\" \/>\n<meta property=\"og:title\" content=\"NAILSOFTHEDAY Dual Form Square (Typ 5) - 120 St\u00fcck - Natelli - Nail Shop\" \/>\n<meta property=\"og:description\" content=\"NAILSOFTHEDAY Dual Form &#8211; entwickelt f\u00fcr Nagelverl\u00e4ngerungen mit minimaler Feilarbeit. Der Bogen der oberen Formen erm\u00f6glicht es Ihnen, die nat\u00fcrlichsten\" \/>\n<meta property=\"og:url\" content=\"https:\/\/www.natelli-shop.com\/de\/product\/nailsoftheday-french-tips-anleitung-typ-9-60-stuck-copy\/\" \/>\n<meta property=\"og:site_name\" content=\"Natelli - Nail Shop\" \/>\n<meta property=\"article:modified_time\" content=\"2026-02-14T23:00:52+00:00\" \/>\n<meta property=\"og:image\" content=\"https:\/\/i0.wp.com\/www.natelli-shop.com\/wp-content\/uploads\/2025\/05\/img_1642-2048x2048.jpeg.webp?fit=2048%2C2048&ssl=1\" \/>\n\t<meta property=\"og:image:width\" content=\"2048\" \/>\n\t<meta property=\"og:image:height\" content=\"2048\" \/>\n\t<meta property=\"og:image:type\" content=\"image\/webp\" \/>\n<meta name=\"twitter:card\" content=\"summary_large_image\" \/>\n<meta name=\"twitter:label1\" content=\"Gesch\u00e4tzte Lesezeit\" \/>\n\t<meta name=\"twitter:data1\" content=\"1\u00a0Minute\" \/>\n<script type=\"application\/ld+json\" class=\"yoast-schema-graph\">{\"@context\":\"https:\/\/schema.org\",\"@graph\":[{\"@type\":\"WebPage\",\"@id\":\"https:\/\/www.natelli-shop.com\/de\/product\/nailsoftheday-french-tips-anleitung-typ-9-60-stuck-copy\/\",\"url\":\"https:\/\/www.natelli-shop.com\/de\/product\/nailsoftheday-french-tips-anleitung-typ-9-60-stuck-copy\/\",\"name\":\"NAILSOFTHEDAY Dual Form Square (Typ 5) - 120 St\u00fcck - Natelli - Nail Shop\",\"isPartOf\":{\"@id\":\"https:\/\/www.natelli-shop.com\/de\/#website\"},\"primaryImageOfPage\":{\"@id\":\"https:\/\/www.natelli-shop.com\/de\/product\/nailsoftheday-french-tips-anleitung-typ-9-60-stuck-copy\/#primaryimage\"},\"image\":{\"@id\":\"https:\/\/www.natelli-shop.com\/de\/product\/nailsoftheday-french-tips-anleitung-typ-9-60-stuck-copy\/#primaryimage\"},\"thumbnailUrl\":\"https:\/\/www.natelli-shop.com\/wp-content\/uploads\/2025\/05\/img_1642-2048x2048.jpeg.webp\",\"datePublished\":\"2025-05-03T15:16:00+00:00\",\"dateModified\":\"2026-02-14T23:00:52+00:00\",\"breadcrumb\":{\"@id\":\"https:\/\/www.natelli-shop.com\/de\/product\/nailsoftheday-french-tips-anleitung-typ-9-60-stuck-copy\/#breadcrumb\"},\"inLanguage\":\"de\",\"potentialAction\":[{\"@type\":\"ReadAction\",\"target\":[\"https:\/\/www.natelli-shop.com\/de\/product\/nailsoftheday-french-tips-anleitung-typ-9-60-stuck-copy\/\"]}]},{\"@type\":\"ImageObject\",\"inLanguage\":\"de\",\"@id\":\"https:\/\/www.natelli-shop.com\/de\/product\/nailsoftheday-french-tips-anleitung-typ-9-60-stuck-copy\/#primaryimage\",\"url\":\"https:\/\/www.natelli-shop.com\/wp-content\/uploads\/2025\/05\/img_1642-2048x2048.jpeg.webp\",\"contentUrl\":\"https:\/\/www.natelli-shop.com\/wp-content\/uploads\/2025\/05\/img_1642-2048x2048.jpeg.webp\",\"width\":2048,\"height\":2048},{\"@type\":\"BreadcrumbList\",\"@id\":\"https:\/\/www.natelli-shop.com\/de\/product\/nailsoftheday-french-tips-anleitung-typ-9-60-stuck-copy\/#breadcrumb\",\"itemListElement\":[{\"@type\":\"ListItem\",\"position\":1,\"name\":\"Home\",\"item\":\"https:\/\/www.natelli-shop.com\/de\/startseite\/\"},{\"@type\":\"ListItem\",\"position\":2,\"name\":\"Shop\",\"item\":\"https:\/\/www.natelli-shop.com\/de\/shop\/\"},{\"@type\":\"ListItem\",\"position\":3,\"name\":\"NAILSOFTHEDAY Dual Form Square (Typ 5) &#8211; 120 St\u00fcck\"}]},{\"@type\":\"WebSite\",\"@id\":\"https:\/\/www.natelli-shop.com\/de\/#website\",\"url\":\"https:\/\/www.natelli-shop.com\/de\/\",\"name\":\"Natelli - Nail Shop\",\"description\":\"\",\"publisher\":{\"@id\":\"https:\/\/www.natelli-shop.com\/de\/#organization\"},\"potentialAction\":[{\"@type\":\"SearchAction\",\"target\":{\"@type\":\"EntryPoint\",\"urlTemplate\":\"https:\/\/www.natelli-shop.com\/de\/?s={search_term_string}\"},\"query-input\":\"required name=search_term_string\"}],\"inLanguage\":\"de\"},{\"@type\":\"Organization\",\"@id\":\"https:\/\/www.natelli-shop.com\/de\/#organization\",\"name\":\"Natelli - Nail Shop\",\"url\":\"https:\/\/www.natelli-shop.com\/de\/\",\"logo\":{\"@type\":\"ImageObject\",\"inLanguage\":\"de\",\"@id\":\"https:\/\/www.natelli-shop.com\/de\/#\/schema\/logo\/image\/\",\"url\":\"https:\/\/www.natelli-shop.com\/wp-content\/uploads\/2024\/08\/\u0438\u0437\u043e\u0431\u0440\u0430\u0436\u0435\u043d\u0438\u0435_viber_2024-07-31_10-59-46-791.jpg\",\"contentUrl\":\"https:\/\/www.natelli-shop.com\/wp-content\/uploads\/2024\/08\/\u0438\u0437\u043e\u0431\u0440\u0430\u0436\u0435\u043d\u0438\u0435_viber_2024-07-31_10-59-46-791.jpg\",\"width\":1181,\"height\":1186,\"caption\":\"Natelli - Nail Shop\"},\"image\":{\"@id\":\"https:\/\/www.natelli-shop.com\/de\/#\/schema\/logo\/image\/\"}}]}<\/script>\n<!-- \/ Yoast SEO plugin. -->","yoast_head_json":{"title":"NAILSOFTHEDAY Dual Form Square (Typ 5) - 120 St\u00fcck - Natelli - Nail Shop","robots":{"index":"index","follow":"follow","max-snippet":"max-snippet:-1","max-image-preview":"max-image-preview:large","max-video-preview":"max-video-preview:-1"},"canonical":"https:\/\/www.natelli-shop.com\/de\/product\/nailsoftheday-french-tips-anleitung-typ-9-60-stuck-copy\/","og_locale":"de_DE","og_type":"article","og_title":"NAILSOFTHEDAY Dual Form Square (Typ 5) - 120 St\u00fcck - Natelli - Nail Shop","og_description":"NAILSOFTHEDAY Dual Form &#8211; entwickelt f\u00fcr Nagelverl\u00e4ngerungen mit minimaler Feilarbeit. Der Bogen der oberen Formen erm\u00f6glicht es Ihnen, die nat\u00fcrlichsten","og_url":"https:\/\/www.natelli-shop.com\/de\/product\/nailsoftheday-french-tips-anleitung-typ-9-60-stuck-copy\/","og_site_name":"Natelli - Nail Shop","article_modified_time":"2026-02-14T23:00:52+00:00","og_image":[{"width":2048,"height":2048,"url":"https:\/\/i0.wp.com\/www.natelli-shop.com\/wp-content\/uploads\/2025\/05\/img_1642-2048x2048.jpeg.webp?fit=2048%2C2048&ssl=1","type":"image\/webp"}],"twitter_card":"summary_large_image","twitter_misc":{"Gesch\u00e4tzte Lesezeit":"1\u00a0Minute"},"schema":{"@context":"https:\/\/schema.org","@graph":[{"@type":"WebPage","@id":"https:\/\/www.natelli-shop.com\/de\/product\/nailsoftheday-french-tips-anleitung-typ-9-60-stuck-copy\/","url":"https:\/\/www.natelli-shop.com\/de\/product\/nailsoftheday-french-tips-anleitung-typ-9-60-stuck-copy\/","name":"NAILSOFTHEDAY Dual Form Square (Typ 5) - 120 St\u00fcck - Natelli - Nail Shop","isPartOf":{"@id":"https:\/\/www.natelli-shop.com\/de\/#website"},"primaryImageOfPage":{"@id":"https:\/\/www.natelli-shop.com\/de\/product\/nailsoftheday-french-tips-anleitung-typ-9-60-stuck-copy\/#primaryimage"},"image":{"@id":"https:\/\/www.natelli-shop.com\/de\/product\/nailsoftheday-french-tips-anleitung-typ-9-60-stuck-copy\/#primaryimage"},"thumbnailUrl":"https:\/\/www.natelli-shop.com\/wp-content\/uploads\/2025\/05\/img_1642-2048x2048.jpeg.webp","datePublished":"2025-05-03T15:16:00+00:00","dateModified":"2026-02-14T23:00:52+00:00","breadcrumb":{"@id":"https:\/\/www.natelli-shop.com\/de\/product\/nailsoftheday-french-tips-anleitung-typ-9-60-stuck-copy\/#breadcrumb"},"inLanguage":"de","potentialAction":[{"@type":"ReadAction","target":["https:\/\/www.natelli-shop.com\/de\/product\/nailsoftheday-french-tips-anleitung-typ-9-60-stuck-copy\/"]}]},{"@type":"ImageObject","inLanguage":"de","@id":"https:\/\/www.natelli-shop.com\/de\/product\/nailsoftheday-french-tips-anleitung-typ-9-60-stuck-copy\/#primaryimage","url":"https:\/\/www.natelli-shop.com\/wp-content\/uploads\/2025\/05\/img_1642-2048x2048.jpeg.webp","contentUrl":"https:\/\/www.natelli-shop.com\/wp-content\/uploads\/2025\/05\/img_1642-2048x2048.jpeg.webp","width":2048,"height":2048},{"@type":"BreadcrumbList","@id":"https:\/\/www.natelli-shop.com\/de\/product\/nailsoftheday-french-tips-anleitung-typ-9-60-stuck-copy\/#breadcrumb","itemListElement":[{"@type":"ListItem","position":1,"name":"Home","item":"https:\/\/www.natelli-shop.com\/de\/startseite\/"},{"@type":"ListItem","position":2,"name":"Shop","item":"https:\/\/www.natelli-shop.com\/de\/shop\/"},{"@type":"ListItem","position":3,"name":"NAILSOFTHEDAY Dual Form Square (Typ 5) &#8211; 120 St\u00fcck"}]},{"@type":"WebSite","@id":"https:\/\/www.natelli-shop.com\/de\/#website","url":"https:\/\/www.natelli-shop.com\/de\/","name":"Natelli - Nail Shop","description":"","publisher":{"@id":"https:\/\/www.natelli-shop.com\/de\/#organization"},"potentialAction":[{"@type":"SearchAction","target":{"@type":"EntryPoint","urlTemplate":"https:\/\/www.natelli-shop.com\/de\/?s={search_term_string}"},"query-input":"required name=search_term_string"}],"inLanguage":"de"},{"@type":"Organization","@id":"https:\/\/www.natelli-shop.com\/de\/#organization","name":"Natelli - Nail Shop","url":"https:\/\/www.natelli-shop.com\/de\/","logo":{"@type":"ImageObject","inLanguage":"de","@id":"https:\/\/www.natelli-shop.com\/de\/#\/schema\/logo\/image\/","url":"https:\/\/www.natelli-shop.com\/wp-content\/uploads\/2024\/08\/\u0438\u0437\u043e\u0431\u0440\u0430\u0436\u0435\u043d\u0438\u0435_viber_2024-07-31_10-59-46-791.jpg","contentUrl":"https:\/\/www.natelli-shop.com\/wp-content\/uploads\/2024\/08\/\u0438\u0437\u043e\u0431\u0440\u0430\u0436\u0435\u043d\u0438\u0435_viber_2024-07-31_10-59-46-791.jpg","width":1181,"height":1186,"caption":"Natelli - Nail Shop"},"image":{"@id":"https:\/\/www.natelli-shop.com\/de\/#\/schema\/logo\/image\/"}}]}},"jetpack_sharing_enabled":true,"_links":{"self":[{"href":"https:\/\/www.natelli-shop.com\/de\/wp-json\/wp\/v2\/product\/26940","targetHints":{"allow":["GET"]}}],"collection":[{"href":"https:\/\/www.natelli-shop.com\/de\/wp-json\/wp\/v2\/product"}],"about":[{"href":"https:\/\/www.natelli-shop.com\/de\/wp-json\/wp\/v2\/types\/product"}],"replies":[{"embeddable":true,"href":"https:\/\/www.natelli-shop.com\/de\/wp-json\/wp\/v2\/comments?post=26940"}],"version-history":[{"count":0,"href":"https:\/\/www.natelli-shop.com\/de\/wp-json\/wp\/v2\/product\/26940\/revisions"}],"wp:featuredmedia":[{"embeddable":true,"href":"https:\/\/www.natelli-shop.com\/de\/wp-json\/wp\/v2\/media\/26943"}],"wp:attachment":[{"href":"https:\/\/www.natelli-shop.com\/de\/wp-json\/wp\/v2\/media?parent=26940"}],"wp:term":[{"taxonomy":"product_brand","embeddable":true,"href":"https:\/\/www.natelli-shop.com\/de\/wp-json\/wp\/v2\/product_brand?post=26940"},{"taxonomy":"product_cat","embeddable":true,"href":"https:\/\/www.natelli-shop.com\/de\/wp-json\/wp\/v2\/product_cat?post=26940"},{"taxonomy":"product_tag","embeddable":true,"href":"https:\/\/www.natelli-shop.com\/de\/wp-json\/wp\/v2\/product_tag?post=26940"}],"curies":[{"name":"wp","href":"https:\/\/api.w.org\/{rel}","templated":true}]}}