{"id":26938,"date":"2025-05-03T17:15:00","date_gmt":"2025-05-03T15:15:00","guid":{"rendered":"https:\/\/www.natelli-shop.com\/product\/nailsoftheday-french-tips-anleitung-typ-9-60-stueck\/"},"modified":"2026-02-15T00:00:52","modified_gmt":"2026-02-14T23:00:52","slug":"nailsoftheday-french-tips-anleitung-typ-9-60-stueck","status":"publish","type":"product","link":"https:\/\/www.natelli-shop.com\/de\/product\/nailsoftheday-french-tips-anleitung-typ-9-60-stueck\/","title":{"rendered":"NAILSOFTHEDAY French Tips Anleitung (Typ 9)- 60 St\u00fcck"},"content":{"rendered":"<p>Schablonen f\u00fcr obere Formen NAILSOFTHEDAY French Tips Guide (Typ 9) sind Silikonschablonen f\u00fcr die Erstellung einer glatten, perfekten Lachlinie mit der Technik der oberen Formen.<\/p>\n<p>Die Formen sind in f\u00fcnf Gr\u00f6\u00dfen erh\u00e4ltlich, so dass Sie Ihre Lachlinie an jede Nagelform und -l\u00e4nge anpassen k\u00f6nnen. Alles, was Sie tun m\u00fcssen, ist, die Form in die NAILSOFTHEDAY Dual Form einzusetzen, die Produkte, die Sie f\u00fcr die French Modellage verwenden m\u00f6chten, in den freien Raum zu legen und auszuh\u00e4rten. Es ist besser, die Form mit Klebeband oder einem Stamping Roller von Materialresten zu reinigen.  <\/p>\n<h3>Schimmelpilzformen:<\/h3>\n<ul>\n<li>Mandel und kurze Mandel &#8211; f\u00fcr N\u00e4gel, deren freie Kante schmaler ist, zum Beispiel Mandel oder Ballerina;<\/li>\n<li>Mandel &#8211; f\u00fcr lange N\u00e4gel;<\/li>\n<li>almond short &#8211; f\u00fcr kurze N\u00e4gel;<\/li>\n<li>oval und kurz oval sind f\u00fcr N\u00e4gel gedacht, deren freie Kante parallel ist, wie zum Beispiel quadratisch.<\/li>\n<\/ul>\n","protected":false},"excerpt":{"rendered":"<p>Schablonen f\u00fcr obere Formen NAILSOFTHEDAY French Tips Guide (Typ 9) sind Silikonschablonen f\u00fcr die Erstellung einer glatten, perfekten Lachlinie mit<\/p>\n","protected":false},"featured_media":26928,"comment_status":"open","ping_status":"closed","template":"","meta":[],"product_brand":[],"product_cat":[281],"product_tag":[],"class_list":{"0":"post-26938","1":"product","2":"type-product","3":"status-publish","4":"has-post-thumbnail","6":"product_cat-zubehor-fur-nagelverlangerungen","8":"first","9":"instock","10":"shipping-taxable","11":"purchasable","12":"product-type-simple"},"yoast_head":"<!-- This site is optimized with the Yoast SEO plugin v23.1 - https:\/\/yoast.com\/wordpress\/plugins\/seo\/ -->\n<title>NAILSOFTHEDAY French Tips Anleitung (Typ 9)- 60 St\u00fcck - Natelli - Nail Shop<\/title>\n<meta name=\"robots\" content=\"index, follow, max-snippet:-1, max-image-preview:large, max-video-preview:-1\" \/>\n<link rel=\"canonical\" href=\"https:\/\/www.natelli-shop.com\/de\/product\/nailsoftheday-french-tips-anleitung-typ-9-60-stueck\/\" \/>\n<meta property=\"og:locale\" content=\"de_DE\" \/>\n<meta property=\"og:type\" content=\"article\" \/>\n<meta property=\"og:title\" content=\"NAILSOFTHEDAY French Tips Anleitung (Typ 9)- 60 St\u00fcck - Natelli - Nail Shop\" \/>\n<meta property=\"og:description\" content=\"Schablonen f\u00fcr obere Formen NAILSOFTHEDAY French Tips Guide (Typ 9) sind Silikonschablonen f\u00fcr die Erstellung einer glatten, perfekten Lachlinie mit\" \/>\n<meta property=\"og:url\" content=\"https:\/\/www.natelli-shop.com\/de\/product\/nailsoftheday-french-tips-anleitung-typ-9-60-stueck\/\" \/>\n<meta property=\"og:site_name\" content=\"Natelli - Nail Shop\" \/>\n<meta property=\"article:modified_time\" content=\"2026-02-14T23:00:52+00:00\" \/>\n<meta property=\"og:image\" content=\"https:\/\/i0.wp.com\/www.natelli-shop.com\/wp-content\/uploads\/2025\/05\/img_1686-2048x2048.jpeg.webp?fit=2048%2C2048&ssl=1\" \/>\n\t<meta property=\"og:image:width\" content=\"2048\" \/>\n\t<meta property=\"og:image:height\" content=\"2048\" \/>\n\t<meta property=\"og:image:type\" content=\"image\/webp\" \/>\n<meta name=\"twitter:card\" content=\"summary_large_image\" \/>\n<meta name=\"twitter:label1\" content=\"Gesch\u00e4tzte Lesezeit\" \/>\n\t<meta name=\"twitter:data1\" content=\"1\u00a0Minute\" \/>\n<script type=\"application\/ld+json\" class=\"yoast-schema-graph\">{\"@context\":\"https:\/\/schema.org\",\"@graph\":[{\"@type\":\"WebPage\",\"@id\":\"https:\/\/www.natelli-shop.com\/de\/product\/nailsoftheday-french-tips-anleitung-typ-9-60-stueck\/\",\"url\":\"https:\/\/www.natelli-shop.com\/de\/product\/nailsoftheday-french-tips-anleitung-typ-9-60-stueck\/\",\"name\":\"NAILSOFTHEDAY French Tips Anleitung (Typ 9)- 60 St\u00fcck - Natelli - Nail Shop\",\"isPartOf\":{\"@id\":\"https:\/\/www.natelli-shop.com\/de\/#website\"},\"primaryImageOfPage\":{\"@id\":\"https:\/\/www.natelli-shop.com\/de\/product\/nailsoftheday-french-tips-anleitung-typ-9-60-stueck\/#primaryimage\"},\"image\":{\"@id\":\"https:\/\/www.natelli-shop.com\/de\/product\/nailsoftheday-french-tips-anleitung-typ-9-60-stueck\/#primaryimage\"},\"thumbnailUrl\":\"https:\/\/www.natelli-shop.com\/wp-content\/uploads\/2025\/05\/img_1686-2048x2048.jpeg.webp\",\"datePublished\":\"2025-05-03T15:15:00+00:00\",\"dateModified\":\"2026-02-14T23:00:52+00:00\",\"breadcrumb\":{\"@id\":\"https:\/\/www.natelli-shop.com\/de\/product\/nailsoftheday-french-tips-anleitung-typ-9-60-stueck\/#breadcrumb\"},\"inLanguage\":\"de\",\"potentialAction\":[{\"@type\":\"ReadAction\",\"target\":[\"https:\/\/www.natelli-shop.com\/de\/product\/nailsoftheday-french-tips-anleitung-typ-9-60-stueck\/\"]}]},{\"@type\":\"ImageObject\",\"inLanguage\":\"de\",\"@id\":\"https:\/\/www.natelli-shop.com\/de\/product\/nailsoftheday-french-tips-anleitung-typ-9-60-stueck\/#primaryimage\",\"url\":\"https:\/\/www.natelli-shop.com\/wp-content\/uploads\/2025\/05\/img_1686-2048x2048.jpeg.webp\",\"contentUrl\":\"https:\/\/www.natelli-shop.com\/wp-content\/uploads\/2025\/05\/img_1686-2048x2048.jpeg.webp\",\"width\":2048,\"height\":2048},{\"@type\":\"BreadcrumbList\",\"@id\":\"https:\/\/www.natelli-shop.com\/de\/product\/nailsoftheday-french-tips-anleitung-typ-9-60-stueck\/#breadcrumb\",\"itemListElement\":[{\"@type\":\"ListItem\",\"position\":1,\"name\":\"Home\",\"item\":\"https:\/\/www.natelli-shop.com\/de\/startseite\/\"},{\"@type\":\"ListItem\",\"position\":2,\"name\":\"Shop\",\"item\":\"https:\/\/www.natelli-shop.com\/de\/shop\/\"},{\"@type\":\"ListItem\",\"position\":3,\"name\":\"NAILSOFTHEDAY French Tips Anleitung (Typ 9)- 60 St\u00fcck\"}]},{\"@type\":\"WebSite\",\"@id\":\"https:\/\/www.natelli-shop.com\/de\/#website\",\"url\":\"https:\/\/www.natelli-shop.com\/de\/\",\"name\":\"Natelli - Nail Shop\",\"description\":\"\",\"publisher\":{\"@id\":\"https:\/\/www.natelli-shop.com\/de\/#organization\"},\"potentialAction\":[{\"@type\":\"SearchAction\",\"target\":{\"@type\":\"EntryPoint\",\"urlTemplate\":\"https:\/\/www.natelli-shop.com\/de\/?s={search_term_string}\"},\"query-input\":\"required name=search_term_string\"}],\"inLanguage\":\"de\"},{\"@type\":\"Organization\",\"@id\":\"https:\/\/www.natelli-shop.com\/de\/#organization\",\"name\":\"Natelli - Nail Shop\",\"url\":\"https:\/\/www.natelli-shop.com\/de\/\",\"logo\":{\"@type\":\"ImageObject\",\"inLanguage\":\"de\",\"@id\":\"https:\/\/www.natelli-shop.com\/de\/#\/schema\/logo\/image\/\",\"url\":\"https:\/\/www.natelli-shop.com\/wp-content\/uploads\/2024\/08\/\u0438\u0437\u043e\u0431\u0440\u0430\u0436\u0435\u043d\u0438\u0435_viber_2024-07-31_10-59-46-791.jpg\",\"contentUrl\":\"https:\/\/www.natelli-shop.com\/wp-content\/uploads\/2024\/08\/\u0438\u0437\u043e\u0431\u0440\u0430\u0436\u0435\u043d\u0438\u0435_viber_2024-07-31_10-59-46-791.jpg\",\"width\":1181,\"height\":1186,\"caption\":\"Natelli - Nail Shop\"},\"image\":{\"@id\":\"https:\/\/www.natelli-shop.com\/de\/#\/schema\/logo\/image\/\"}}]}<\/script>\n<!-- \/ Yoast SEO plugin. -->","yoast_head_json":{"title":"NAILSOFTHEDAY French Tips Anleitung (Typ 9)- 60 St\u00fcck - Natelli - Nail Shop","robots":{"index":"index","follow":"follow","max-snippet":"max-snippet:-1","max-image-preview":"max-image-preview:large","max-video-preview":"max-video-preview:-1"},"canonical":"https:\/\/www.natelli-shop.com\/de\/product\/nailsoftheday-french-tips-anleitung-typ-9-60-stueck\/","og_locale":"de_DE","og_type":"article","og_title":"NAILSOFTHEDAY French Tips Anleitung (Typ 9)- 60 St\u00fcck - Natelli - Nail Shop","og_description":"Schablonen f\u00fcr obere Formen NAILSOFTHEDAY French Tips Guide (Typ 9) sind Silikonschablonen f\u00fcr die Erstellung einer glatten, perfekten Lachlinie mit","og_url":"https:\/\/www.natelli-shop.com\/de\/product\/nailsoftheday-french-tips-anleitung-typ-9-60-stueck\/","og_site_name":"Natelli - Nail Shop","article_modified_time":"2026-02-14T23:00:52+00:00","og_image":[{"width":2048,"height":2048,"url":"https:\/\/i0.wp.com\/www.natelli-shop.com\/wp-content\/uploads\/2025\/05\/img_1686-2048x2048.jpeg.webp?fit=2048%2C2048&ssl=1","type":"image\/webp"}],"twitter_card":"summary_large_image","twitter_misc":{"Gesch\u00e4tzte Lesezeit":"1\u00a0Minute"},"schema":{"@context":"https:\/\/schema.org","@graph":[{"@type":"WebPage","@id":"https:\/\/www.natelli-shop.com\/de\/product\/nailsoftheday-french-tips-anleitung-typ-9-60-stueck\/","url":"https:\/\/www.natelli-shop.com\/de\/product\/nailsoftheday-french-tips-anleitung-typ-9-60-stueck\/","name":"NAILSOFTHEDAY French Tips Anleitung (Typ 9)- 60 St\u00fcck - Natelli - Nail Shop","isPartOf":{"@id":"https:\/\/www.natelli-shop.com\/de\/#website"},"primaryImageOfPage":{"@id":"https:\/\/www.natelli-shop.com\/de\/product\/nailsoftheday-french-tips-anleitung-typ-9-60-stueck\/#primaryimage"},"image":{"@id":"https:\/\/www.natelli-shop.com\/de\/product\/nailsoftheday-french-tips-anleitung-typ-9-60-stueck\/#primaryimage"},"thumbnailUrl":"https:\/\/www.natelli-shop.com\/wp-content\/uploads\/2025\/05\/img_1686-2048x2048.jpeg.webp","datePublished":"2025-05-03T15:15:00+00:00","dateModified":"2026-02-14T23:00:52+00:00","breadcrumb":{"@id":"https:\/\/www.natelli-shop.com\/de\/product\/nailsoftheday-french-tips-anleitung-typ-9-60-stueck\/#breadcrumb"},"inLanguage":"de","potentialAction":[{"@type":"ReadAction","target":["https:\/\/www.natelli-shop.com\/de\/product\/nailsoftheday-french-tips-anleitung-typ-9-60-stueck\/"]}]},{"@type":"ImageObject","inLanguage":"de","@id":"https:\/\/www.natelli-shop.com\/de\/product\/nailsoftheday-french-tips-anleitung-typ-9-60-stueck\/#primaryimage","url":"https:\/\/www.natelli-shop.com\/wp-content\/uploads\/2025\/05\/img_1686-2048x2048.jpeg.webp","contentUrl":"https:\/\/www.natelli-shop.com\/wp-content\/uploads\/2025\/05\/img_1686-2048x2048.jpeg.webp","width":2048,"height":2048},{"@type":"BreadcrumbList","@id":"https:\/\/www.natelli-shop.com\/de\/product\/nailsoftheday-french-tips-anleitung-typ-9-60-stueck\/#breadcrumb","itemListElement":[{"@type":"ListItem","position":1,"name":"Home","item":"https:\/\/www.natelli-shop.com\/de\/startseite\/"},{"@type":"ListItem","position":2,"name":"Shop","item":"https:\/\/www.natelli-shop.com\/de\/shop\/"},{"@type":"ListItem","position":3,"name":"NAILSOFTHEDAY French Tips Anleitung (Typ 9)- 60 St\u00fcck"}]},{"@type":"WebSite","@id":"https:\/\/www.natelli-shop.com\/de\/#website","url":"https:\/\/www.natelli-shop.com\/de\/","name":"Natelli - Nail Shop","description":"","publisher":{"@id":"https:\/\/www.natelli-shop.com\/de\/#organization"},"potentialAction":[{"@type":"SearchAction","target":{"@type":"EntryPoint","urlTemplate":"https:\/\/www.natelli-shop.com\/de\/?s={search_term_string}"},"query-input":"required name=search_term_string"}],"inLanguage":"de"},{"@type":"Organization","@id":"https:\/\/www.natelli-shop.com\/de\/#organization","name":"Natelli - Nail Shop","url":"https:\/\/www.natelli-shop.com\/de\/","logo":{"@type":"ImageObject","inLanguage":"de","@id":"https:\/\/www.natelli-shop.com\/de\/#\/schema\/logo\/image\/","url":"https:\/\/www.natelli-shop.com\/wp-content\/uploads\/2024\/08\/\u0438\u0437\u043e\u0431\u0440\u0430\u0436\u0435\u043d\u0438\u0435_viber_2024-07-31_10-59-46-791.jpg","contentUrl":"https:\/\/www.natelli-shop.com\/wp-content\/uploads\/2024\/08\/\u0438\u0437\u043e\u0431\u0440\u0430\u0436\u0435\u043d\u0438\u0435_viber_2024-07-31_10-59-46-791.jpg","width":1181,"height":1186,"caption":"Natelli - Nail Shop"},"image":{"@id":"https:\/\/www.natelli-shop.com\/de\/#\/schema\/logo\/image\/"}}]}},"jetpack_sharing_enabled":true,"_links":{"self":[{"href":"https:\/\/www.natelli-shop.com\/de\/wp-json\/wp\/v2\/product\/26938","targetHints":{"allow":["GET"]}}],"collection":[{"href":"https:\/\/www.natelli-shop.com\/de\/wp-json\/wp\/v2\/product"}],"about":[{"href":"https:\/\/www.natelli-shop.com\/de\/wp-json\/wp\/v2\/types\/product"}],"replies":[{"embeddable":true,"href":"https:\/\/www.natelli-shop.com\/de\/wp-json\/wp\/v2\/comments?post=26938"}],"version-history":[{"count":0,"href":"https:\/\/www.natelli-shop.com\/de\/wp-json\/wp\/v2\/product\/26938\/revisions"}],"wp:featuredmedia":[{"embeddable":true,"href":"https:\/\/www.natelli-shop.com\/de\/wp-json\/wp\/v2\/media\/26928"}],"wp:attachment":[{"href":"https:\/\/www.natelli-shop.com\/de\/wp-json\/wp\/v2\/media?parent=26938"}],"wp:term":[{"taxonomy":"product_brand","embeddable":true,"href":"https:\/\/www.natelli-shop.com\/de\/wp-json\/wp\/v2\/product_brand?post=26938"},{"taxonomy":"product_cat","embeddable":true,"href":"https:\/\/www.natelli-shop.com\/de\/wp-json\/wp\/v2\/product_cat?post=26938"},{"taxonomy":"product_tag","embeddable":true,"href":"https:\/\/www.natelli-shop.com\/de\/wp-json\/wp\/v2\/product_tag?post=26938"}],"curies":[{"name":"wp","href":"https:\/\/api.w.org\/{rel}","templated":true}]}}