{"id":26601,"date":"2025-04-29T13:42:00","date_gmt":"2025-04-29T11:42:00","guid":{"rendered":"https:\/\/www.natelli-shop.com\/?post_type=product&#038;p=26601"},"modified":"2025-12-01T00:01:38","modified_gmt":"2025-11-30T23:01:38","slug":"nailsoftheday-premium-gel-09-reichhaltiges-zitronenaufbaugel-15-ml-copy","status":"publish","type":"product","link":"https:\/\/www.natelli-shop.com\/de\/produkt\/nailsoftheday-premium-gel-09-reichhaltiges-zitronenaufbaugel-15-ml-copy\/","title":{"rendered":"NAILSOFTHEDAY Premium Gel 10 &#8211; reichhaltiges hellgr\u00fcnes Aufbaugel, 15 ml"},"content":{"rendered":"<p><strong>Nailsoftheday Premium Gel<\/strong> ist ein superstarkes Aufbaugel mit einer selbstnivellierenden Funktion.<\/p>\n<p><strong>Vorteile und Eigenschaften von Nails Of The Day Premium Gel:<\/strong><\/p>\n<p>-schnelle Polymerisation;<br \/>\n-keine Schrumpfung;<br \/>\n-langanhaltender Bogen;<br \/>\n-keine giftigen Substanzen in der Zusammensetzung;<br \/>\n-mittlere Viskosit\u00e4t;<br \/>\n-einfaches Abstauben;<br \/>\n-gleichm\u00e4\u00dfige Textur, keine Blasen oder K\u00f6rner.<\/p>\n<p><strong>Anwendungstechnik:<\/strong> Entfetten Sie die Nagelplatte; stellen Sie eine elastische Unterf\u00fctterung der Basis her und polymerisieren Sie; verteilen Sie das Premium Gel gleichm\u00e4\u00dfig und ebnen Sie es sorgf\u00e4ltig ein. Polymerisation: UV &#8211; 120 Sekunden, LED &#8211; 30 Sekunden.<\/p>\n","protected":false},"excerpt":{"rendered":"<p>Nailsoftheday Premium Gel ist ein superstarkes Aufbaugel mit einer selbstnivellierenden Funktion. Vorteile und Eigenschaften von Nails Of The Day Premium<\/p>\n","protected":false},"featured_media":26605,"comment_status":"open","ping_status":"closed","template":"","meta":[],"product_brand":[],"product_cat":[405],"product_tag":[],"class_list":{"0":"post-26601","1":"product","2":"type-product","3":"status-publish","4":"has-post-thumbnail","6":"product_cat-premium-gel-de","8":"first","9":"instock","10":"sale","11":"shipping-taxable","12":"purchasable","13":"product-type-simple"},"yoast_head":"<!-- This site is optimized with the Yoast SEO plugin v23.1 - https:\/\/yoast.com\/wordpress\/plugins\/seo\/ -->\n<title>NAILSOFTHEDAY Premium Gel 10 - reichhaltiges hellgr\u00fcnes Aufbaugel, 15 ml - Natelli - Nail Shop<\/title>\n<meta name=\"robots\" content=\"index, follow, max-snippet:-1, max-image-preview:large, max-video-preview:-1\" \/>\n<link rel=\"canonical\" href=\"https:\/\/www.natelli-shop.com\/de\/produkt\/nailsoftheday-premium-gel-09-reichhaltiges-zitronenaufbaugel-15-ml-copy\/\" \/>\n<meta property=\"og:locale\" content=\"de_DE\" \/>\n<meta property=\"og:type\" content=\"article\" \/>\n<meta property=\"og:title\" content=\"NAILSOFTHEDAY Premium Gel 10 - reichhaltiges hellgr\u00fcnes Aufbaugel, 15 ml - Natelli - Nail Shop\" \/>\n<meta property=\"og:description\" content=\"Nailsoftheday Premium Gel ist ein superstarkes Aufbaugel mit einer selbstnivellierenden Funktion. Vorteile und Eigenschaften von Nails Of The Day Premium\" \/>\n<meta property=\"og:url\" content=\"https:\/\/www.natelli-shop.com\/de\/produkt\/nailsoftheday-premium-gel-09-reichhaltiges-zitronenaufbaugel-15-ml-copy\/\" \/>\n<meta property=\"og:site_name\" content=\"Natelli - Nail Shop\" \/>\n<meta property=\"article:modified_time\" content=\"2025-11-30T23:01:38+00:00\" \/>\n<meta property=\"og:image\" content=\"https:\/\/i0.wp.com\/www.natelli-shop.com\/wp-content\/uploads\/2025\/04\/10.png.webp?fit=1182%2C1182&ssl=1\" \/>\n\t<meta property=\"og:image:width\" content=\"1182\" \/>\n\t<meta property=\"og:image:height\" content=\"1182\" \/>\n\t<meta property=\"og:image:type\" content=\"image\/webp\" \/>\n<meta name=\"twitter:card\" content=\"summary_large_image\" \/>\n<script type=\"application\/ld+json\" class=\"yoast-schema-graph\">{\"@context\":\"https:\/\/schema.org\",\"@graph\":[{\"@type\":\"WebPage\",\"@id\":\"https:\/\/www.natelli-shop.com\/de\/produkt\/nailsoftheday-premium-gel-09-reichhaltiges-zitronenaufbaugel-15-ml-copy\/\",\"url\":\"https:\/\/www.natelli-shop.com\/de\/produkt\/nailsoftheday-premium-gel-09-reichhaltiges-zitronenaufbaugel-15-ml-copy\/\",\"name\":\"NAILSOFTHEDAY Premium Gel 10 - reichhaltiges hellgr\u00fcnes Aufbaugel, 15 ml - Natelli - Nail Shop\",\"isPartOf\":{\"@id\":\"https:\/\/www.natelli-shop.com\/de\/#website\"},\"primaryImageOfPage\":{\"@id\":\"https:\/\/www.natelli-shop.com\/de\/produkt\/nailsoftheday-premium-gel-09-reichhaltiges-zitronenaufbaugel-15-ml-copy\/#primaryimage\"},\"image\":{\"@id\":\"https:\/\/www.natelli-shop.com\/de\/produkt\/nailsoftheday-premium-gel-09-reichhaltiges-zitronenaufbaugel-15-ml-copy\/#primaryimage\"},\"thumbnailUrl\":\"https:\/\/www.natelli-shop.com\/wp-content\/uploads\/2025\/04\/10.png.webp\",\"datePublished\":\"2025-04-29T11:42:00+00:00\",\"dateModified\":\"2025-11-30T23:01:38+00:00\",\"breadcrumb\":{\"@id\":\"https:\/\/www.natelli-shop.com\/de\/produkt\/nailsoftheday-premium-gel-09-reichhaltiges-zitronenaufbaugel-15-ml-copy\/#breadcrumb\"},\"inLanguage\":\"de\",\"potentialAction\":[{\"@type\":\"ReadAction\",\"target\":[\"https:\/\/www.natelli-shop.com\/de\/produkt\/nailsoftheday-premium-gel-09-reichhaltiges-zitronenaufbaugel-15-ml-copy\/\"]}]},{\"@type\":\"ImageObject\",\"inLanguage\":\"de\",\"@id\":\"https:\/\/www.natelli-shop.com\/de\/produkt\/nailsoftheday-premium-gel-09-reichhaltiges-zitronenaufbaugel-15-ml-copy\/#primaryimage\",\"url\":\"https:\/\/www.natelli-shop.com\/wp-content\/uploads\/2025\/04\/10.png.webp\",\"contentUrl\":\"https:\/\/www.natelli-shop.com\/wp-content\/uploads\/2025\/04\/10.png.webp\",\"width\":1182,\"height\":1182},{\"@type\":\"BreadcrumbList\",\"@id\":\"https:\/\/www.natelli-shop.com\/de\/produkt\/nailsoftheday-premium-gel-09-reichhaltiges-zitronenaufbaugel-15-ml-copy\/#breadcrumb\",\"itemListElement\":[{\"@type\":\"ListItem\",\"position\":1,\"name\":\"Home\",\"item\":\"https:\/\/www.natelli-shop.com\/de\/startseite\/\"},{\"@type\":\"ListItem\",\"position\":2,\"name\":\"Shop\",\"item\":\"https:\/\/www.natelli-shop.com\/de\/shop\/\"},{\"@type\":\"ListItem\",\"position\":3,\"name\":\"NAILSOFTHEDAY Premium Gel 10 &#8211; reichhaltiges hellgr\u00fcnes Aufbaugel, 15 ml\"}]},{\"@type\":\"WebSite\",\"@id\":\"https:\/\/www.natelli-shop.com\/de\/#website\",\"url\":\"https:\/\/www.natelli-shop.com\/de\/\",\"name\":\"Natelli - Nail Shop\",\"description\":\"\",\"publisher\":{\"@id\":\"https:\/\/www.natelli-shop.com\/de\/#organization\"},\"potentialAction\":[{\"@type\":\"SearchAction\",\"target\":{\"@type\":\"EntryPoint\",\"urlTemplate\":\"https:\/\/www.natelli-shop.com\/de\/?s={search_term_string}\"},\"query-input\":\"required name=search_term_string\"}],\"inLanguage\":\"de\"},{\"@type\":\"Organization\",\"@id\":\"https:\/\/www.natelli-shop.com\/de\/#organization\",\"name\":\"Natelli - Nail Shop\",\"url\":\"https:\/\/www.natelli-shop.com\/de\/\",\"logo\":{\"@type\":\"ImageObject\",\"inLanguage\":\"de\",\"@id\":\"https:\/\/www.natelli-shop.com\/de\/#\/schema\/logo\/image\/\",\"url\":\"https:\/\/www.natelli-shop.com\/wp-content\/uploads\/2024\/08\/\u0438\u0437\u043e\u0431\u0440\u0430\u0436\u0435\u043d\u0438\u0435_viber_2024-07-31_10-59-46-791.jpg\",\"contentUrl\":\"https:\/\/www.natelli-shop.com\/wp-content\/uploads\/2024\/08\/\u0438\u0437\u043e\u0431\u0440\u0430\u0436\u0435\u043d\u0438\u0435_viber_2024-07-31_10-59-46-791.jpg\",\"width\":1181,\"height\":1186,\"caption\":\"Natelli - Nail Shop\"},\"image\":{\"@id\":\"https:\/\/www.natelli-shop.com\/de\/#\/schema\/logo\/image\/\"}}]}<\/script>\n<!-- \/ Yoast SEO plugin. -->","yoast_head_json":{"title":"NAILSOFTHEDAY Premium Gel 10 - reichhaltiges hellgr\u00fcnes Aufbaugel, 15 ml - Natelli - Nail Shop","robots":{"index":"index","follow":"follow","max-snippet":"max-snippet:-1","max-image-preview":"max-image-preview:large","max-video-preview":"max-video-preview:-1"},"canonical":"https:\/\/www.natelli-shop.com\/de\/produkt\/nailsoftheday-premium-gel-09-reichhaltiges-zitronenaufbaugel-15-ml-copy\/","og_locale":"de_DE","og_type":"article","og_title":"NAILSOFTHEDAY Premium Gel 10 - reichhaltiges hellgr\u00fcnes Aufbaugel, 15 ml - Natelli - Nail Shop","og_description":"Nailsoftheday Premium Gel ist ein superstarkes Aufbaugel mit einer selbstnivellierenden Funktion. Vorteile und Eigenschaften von Nails Of The Day Premium","og_url":"https:\/\/www.natelli-shop.com\/de\/produkt\/nailsoftheday-premium-gel-09-reichhaltiges-zitronenaufbaugel-15-ml-copy\/","og_site_name":"Natelli - Nail Shop","article_modified_time":"2025-11-30T23:01:38+00:00","og_image":[{"width":1182,"height":1182,"url":"https:\/\/i0.wp.com\/www.natelli-shop.com\/wp-content\/uploads\/2025\/04\/10.png.webp?fit=1182%2C1182&ssl=1","type":"image\/webp"}],"twitter_card":"summary_large_image","schema":{"@context":"https:\/\/schema.org","@graph":[{"@type":"WebPage","@id":"https:\/\/www.natelli-shop.com\/de\/produkt\/nailsoftheday-premium-gel-09-reichhaltiges-zitronenaufbaugel-15-ml-copy\/","url":"https:\/\/www.natelli-shop.com\/de\/produkt\/nailsoftheday-premium-gel-09-reichhaltiges-zitronenaufbaugel-15-ml-copy\/","name":"NAILSOFTHEDAY Premium Gel 10 - reichhaltiges hellgr\u00fcnes Aufbaugel, 15 ml - Natelli - Nail Shop","isPartOf":{"@id":"https:\/\/www.natelli-shop.com\/de\/#website"},"primaryImageOfPage":{"@id":"https:\/\/www.natelli-shop.com\/de\/produkt\/nailsoftheday-premium-gel-09-reichhaltiges-zitronenaufbaugel-15-ml-copy\/#primaryimage"},"image":{"@id":"https:\/\/www.natelli-shop.com\/de\/produkt\/nailsoftheday-premium-gel-09-reichhaltiges-zitronenaufbaugel-15-ml-copy\/#primaryimage"},"thumbnailUrl":"https:\/\/www.natelli-shop.com\/wp-content\/uploads\/2025\/04\/10.png.webp","datePublished":"2025-04-29T11:42:00+00:00","dateModified":"2025-11-30T23:01:38+00:00","breadcrumb":{"@id":"https:\/\/www.natelli-shop.com\/de\/produkt\/nailsoftheday-premium-gel-09-reichhaltiges-zitronenaufbaugel-15-ml-copy\/#breadcrumb"},"inLanguage":"de","potentialAction":[{"@type":"ReadAction","target":["https:\/\/www.natelli-shop.com\/de\/produkt\/nailsoftheday-premium-gel-09-reichhaltiges-zitronenaufbaugel-15-ml-copy\/"]}]},{"@type":"ImageObject","inLanguage":"de","@id":"https:\/\/www.natelli-shop.com\/de\/produkt\/nailsoftheday-premium-gel-09-reichhaltiges-zitronenaufbaugel-15-ml-copy\/#primaryimage","url":"https:\/\/www.natelli-shop.com\/wp-content\/uploads\/2025\/04\/10.png.webp","contentUrl":"https:\/\/www.natelli-shop.com\/wp-content\/uploads\/2025\/04\/10.png.webp","width":1182,"height":1182},{"@type":"BreadcrumbList","@id":"https:\/\/www.natelli-shop.com\/de\/produkt\/nailsoftheday-premium-gel-09-reichhaltiges-zitronenaufbaugel-15-ml-copy\/#breadcrumb","itemListElement":[{"@type":"ListItem","position":1,"name":"Home","item":"https:\/\/www.natelli-shop.com\/de\/startseite\/"},{"@type":"ListItem","position":2,"name":"Shop","item":"https:\/\/www.natelli-shop.com\/de\/shop\/"},{"@type":"ListItem","position":3,"name":"NAILSOFTHEDAY Premium Gel 10 &#8211; reichhaltiges hellgr\u00fcnes Aufbaugel, 15 ml"}]},{"@type":"WebSite","@id":"https:\/\/www.natelli-shop.com\/de\/#website","url":"https:\/\/www.natelli-shop.com\/de\/","name":"Natelli - Nail Shop","description":"","publisher":{"@id":"https:\/\/www.natelli-shop.com\/de\/#organization"},"potentialAction":[{"@type":"SearchAction","target":{"@type":"EntryPoint","urlTemplate":"https:\/\/www.natelli-shop.com\/de\/?s={search_term_string}"},"query-input":"required name=search_term_string"}],"inLanguage":"de"},{"@type":"Organization","@id":"https:\/\/www.natelli-shop.com\/de\/#organization","name":"Natelli - Nail Shop","url":"https:\/\/www.natelli-shop.com\/de\/","logo":{"@type":"ImageObject","inLanguage":"de","@id":"https:\/\/www.natelli-shop.com\/de\/#\/schema\/logo\/image\/","url":"https:\/\/www.natelli-shop.com\/wp-content\/uploads\/2024\/08\/\u0438\u0437\u043e\u0431\u0440\u0430\u0436\u0435\u043d\u0438\u0435_viber_2024-07-31_10-59-46-791.jpg","contentUrl":"https:\/\/www.natelli-shop.com\/wp-content\/uploads\/2024\/08\/\u0438\u0437\u043e\u0431\u0440\u0430\u0436\u0435\u043d\u0438\u0435_viber_2024-07-31_10-59-46-791.jpg","width":1181,"height":1186,"caption":"Natelli - Nail Shop"},"image":{"@id":"https:\/\/www.natelli-shop.com\/de\/#\/schema\/logo\/image\/"}}]}},"jetpack_sharing_enabled":true,"_links":{"self":[{"href":"https:\/\/www.natelli-shop.com\/de\/wp-json\/wp\/v2\/product\/26601","targetHints":{"allow":["GET"]}}],"collection":[{"href":"https:\/\/www.natelli-shop.com\/de\/wp-json\/wp\/v2\/product"}],"about":[{"href":"https:\/\/www.natelli-shop.com\/de\/wp-json\/wp\/v2\/types\/product"}],"replies":[{"embeddable":true,"href":"https:\/\/www.natelli-shop.com\/de\/wp-json\/wp\/v2\/comments?post=26601"}],"version-history":[{"count":0,"href":"https:\/\/www.natelli-shop.com\/de\/wp-json\/wp\/v2\/product\/26601\/revisions"}],"wp:featuredmedia":[{"embeddable":true,"href":"https:\/\/www.natelli-shop.com\/de\/wp-json\/wp\/v2\/media\/26605"}],"wp:attachment":[{"href":"https:\/\/www.natelli-shop.com\/de\/wp-json\/wp\/v2\/media?parent=26601"}],"wp:term":[{"taxonomy":"product_brand","embeddable":true,"href":"https:\/\/www.natelli-shop.com\/de\/wp-json\/wp\/v2\/product_brand?post=26601"},{"taxonomy":"product_cat","embeddable":true,"href":"https:\/\/www.natelli-shop.com\/de\/wp-json\/wp\/v2\/product_cat?post=26601"},{"taxonomy":"product_tag","embeddable":true,"href":"https:\/\/www.natelli-shop.com\/de\/wp-json\/wp\/v2\/product_tag?post=26601"}],"curies":[{"name":"wp","href":"https:\/\/api.w.org\/{rel}","templated":true}]}}