{"id":26316,"date":"2025-04-23T13:32:00","date_gmt":"2025-04-23T11:32:00","guid":{"rendered":"https:\/\/www.natelli-shop.com\/?post_type=product&#038;p=26316"},"modified":"2026-04-01T01:00:27","modified_gmt":"2026-03-31T23:00:27","slug":"lunamoon-blue-sky-base-13m-copy","status":"publish","type":"product","link":"https:\/\/www.natelli-shop.com\/de\/produkt\/lunamoon-blue-sky-base-13m-copy\/","title":{"rendered":"Lunamoon Gr\u00fcner Tee Basis 13ml"},"content":{"rendered":"<p><strong>Green Tea<\/strong> ist eine hellgr\u00fcne Camouflage-Basis. Diese Kollektion l\u00e4sst sich perfekt auf den N\u00e4geln verteilen und bildet eine sch\u00f6ne Reflexion. Sie sieht in der gl\u00e4nzenden Version wundersch\u00f6n aus, und noch interessanter in der matten Version. Die Farbbasen sehen dank ihrer Schattierungen immer unendlich stilvoll und hell aus!   <\/p>\n<div class=\"content container catalog-item-page\">\n<div class=\"padding-page\">\n<div class=\"item-text\">\n<p><strong>Eigenschaften:<\/strong><br \/>\n&#8211; S\u00e4uregehalt 6-7 pH;<br \/>\n&#8211; mittlere Flexibilit\u00e4t;<br \/>\n&#8211; hohe \u00dcberlappung des Naturnagels, deckt den freien Nagelrand vollst\u00e4ndig ab;<br \/>\n&#8211; schrumpft nicht w\u00e4hrend des Tragens;<br \/>\n&#8211; mittlere Konsistenz, selbstnivellierend;<br \/>\n&#8211; schlie\u00dft starke Erw\u00e4rmung der Nagelplatte w\u00e4hrend des Polymerisationsprozesses aus, verursacht daher kein Brennen in der Lampe;<br \/>\n&#8211; bietet 3-4 Wochen lang Tragekomfort ohne Abbl\u00e4ttern;<br \/>\n&#8211; hat einen neutralen Geruch.<\/p>\n<p><strong>Methode der Anwendung:<\/strong><\/p>\n<ul>\n<li>Standardvorbereitung der Nagelplatte (Entfetter, Primer).<\/li>\n<li>Bevor Sie die Camouflage-Basis auftragen, m\u00fcssen Sie eine transparente Basis auftragen, damit sie besser haftet.<\/li>\n<li>Danach tragen Sie eine nicht zu dicke Spachtelmasse mit einer Camouflage-Basis auf und lassen sie 60 Sekunden lang in einer Lampe trocknen.<\/li>\n<\/ul>\n<\/div>\n<\/div>\n<\/div>\n<div class=\"padding-top\">\n<div class=\"container\"><\/div>\n<\/div>\n","protected":false},"excerpt":{"rendered":"<p>Green Tea ist eine hellgr\u00fcne Camouflage-Basis. Diese Kollektion l\u00e4sst sich perfekt auf den N\u00e4geln verteilen und bildet eine sch\u00f6ne Reflexion.<\/p>\n","protected":false},"featured_media":26320,"comment_status":"open","ping_status":"closed","template":"","meta":[],"product_brand":[],"product_cat":[230],"product_tag":[],"class_list":{"0":"post-26316","1":"product","2":"type-product","3":"status-publish","4":"has-post-thumbnail","6":"product_cat-cover-color-base-de","8":"first","9":"outofstock","10":"shipping-taxable","11":"purchasable","12":"product-type-simple"},"yoast_head":"<!-- This site is optimized with the Yoast SEO plugin v23.1 - https:\/\/yoast.com\/wordpress\/plugins\/seo\/ -->\n<title>Lunamoon Gr\u00fcner Tee Basis 13ml - Natelli - Nail Shop<\/title>\n<meta name=\"robots\" content=\"index, follow, max-snippet:-1, max-image-preview:large, max-video-preview:-1\" \/>\n<link rel=\"canonical\" href=\"https:\/\/www.natelli-shop.com\/de\/produkt\/lunamoon-blue-sky-base-13m-copy\/\" \/>\n<meta property=\"og:locale\" content=\"de_DE\" \/>\n<meta property=\"og:type\" content=\"article\" \/>\n<meta property=\"og:title\" content=\"Lunamoon Gr\u00fcner Tee Basis 13ml - Natelli - Nail Shop\" \/>\n<meta property=\"og:description\" content=\"Green Tea ist eine hellgr\u00fcne Camouflage-Basis. Diese Kollektion l\u00e4sst sich perfekt auf den N\u00e4geln verteilen und bildet eine sch\u00f6ne Reflexion.\" \/>\n<meta property=\"og:url\" content=\"https:\/\/www.natelli-shop.com\/de\/produkt\/lunamoon-blue-sky-base-13m-copy\/\" \/>\n<meta property=\"og:site_name\" content=\"Natelli - Nail Shop\" \/>\n<meta property=\"article:modified_time\" content=\"2026-03-31T23:00:27+00:00\" \/>\n<meta property=\"og:image\" content=\"https:\/\/www.natelli-shop.com\/wp-content\/uploads\/2025\/04\/36881.jpg\" \/>\n\t<meta property=\"og:image:width\" content=\"800\" \/>\n\t<meta property=\"og:image:height\" content=\"800\" \/>\n\t<meta property=\"og:image:type\" content=\"image\/jpeg\" \/>\n<meta name=\"twitter:card\" content=\"summary_large_image\" \/>\n<meta name=\"twitter:label1\" content=\"Gesch\u00e4tzte Lesezeit\" \/>\n\t<meta name=\"twitter:data1\" content=\"1\u00a0Minute\" \/>\n<script type=\"application\/ld+json\" class=\"yoast-schema-graph\">{\"@context\":\"https:\/\/schema.org\",\"@graph\":[{\"@type\":\"WebPage\",\"@id\":\"https:\/\/www.natelli-shop.com\/de\/produkt\/lunamoon-blue-sky-base-13m-copy\/\",\"url\":\"https:\/\/www.natelli-shop.com\/de\/produkt\/lunamoon-blue-sky-base-13m-copy\/\",\"name\":\"Lunamoon Gr\u00fcner Tee Basis 13ml - Natelli - Nail Shop\",\"isPartOf\":{\"@id\":\"https:\/\/www.natelli-shop.com\/de\/#website\"},\"primaryImageOfPage\":{\"@id\":\"https:\/\/www.natelli-shop.com\/de\/produkt\/lunamoon-blue-sky-base-13m-copy\/#primaryimage\"},\"image\":{\"@id\":\"https:\/\/www.natelli-shop.com\/de\/produkt\/lunamoon-blue-sky-base-13m-copy\/#primaryimage\"},\"thumbnailUrl\":\"https:\/\/www.natelli-shop.com\/wp-content\/uploads\/2025\/04\/36881.jpg\",\"datePublished\":\"2025-04-23T11:32:00+00:00\",\"dateModified\":\"2026-03-31T23:00:27+00:00\",\"breadcrumb\":{\"@id\":\"https:\/\/www.natelli-shop.com\/de\/produkt\/lunamoon-blue-sky-base-13m-copy\/#breadcrumb\"},\"inLanguage\":\"de\",\"potentialAction\":[{\"@type\":\"ReadAction\",\"target\":[\"https:\/\/www.natelli-shop.com\/de\/produkt\/lunamoon-blue-sky-base-13m-copy\/\"]}]},{\"@type\":\"ImageObject\",\"inLanguage\":\"de\",\"@id\":\"https:\/\/www.natelli-shop.com\/de\/produkt\/lunamoon-blue-sky-base-13m-copy\/#primaryimage\",\"url\":\"https:\/\/www.natelli-shop.com\/wp-content\/uploads\/2025\/04\/36881.jpg\",\"contentUrl\":\"https:\/\/www.natelli-shop.com\/wp-content\/uploads\/2025\/04\/36881.jpg\",\"width\":800,\"height\":800},{\"@type\":\"BreadcrumbList\",\"@id\":\"https:\/\/www.natelli-shop.com\/de\/produkt\/lunamoon-blue-sky-base-13m-copy\/#breadcrumb\",\"itemListElement\":[{\"@type\":\"ListItem\",\"position\":1,\"name\":\"Home\",\"item\":\"https:\/\/www.natelli-shop.com\/de\/startseite\/\"},{\"@type\":\"ListItem\",\"position\":2,\"name\":\"Shop\",\"item\":\"https:\/\/www.natelli-shop.com\/de\/shop\/\"},{\"@type\":\"ListItem\",\"position\":3,\"name\":\"Lunamoon Gr\u00fcner Tee Basis 13ml\"}]},{\"@type\":\"WebSite\",\"@id\":\"https:\/\/www.natelli-shop.com\/de\/#website\",\"url\":\"https:\/\/www.natelli-shop.com\/de\/\",\"name\":\"Natelli - Nail Shop\",\"description\":\"\",\"publisher\":{\"@id\":\"https:\/\/www.natelli-shop.com\/de\/#organization\"},\"potentialAction\":[{\"@type\":\"SearchAction\",\"target\":{\"@type\":\"EntryPoint\",\"urlTemplate\":\"https:\/\/www.natelli-shop.com\/de\/?s={search_term_string}\"},\"query-input\":\"required name=search_term_string\"}],\"inLanguage\":\"de\"},{\"@type\":\"Organization\",\"@id\":\"https:\/\/www.natelli-shop.com\/de\/#organization\",\"name\":\"Natelli - Nail Shop\",\"url\":\"https:\/\/www.natelli-shop.com\/de\/\",\"logo\":{\"@type\":\"ImageObject\",\"inLanguage\":\"de\",\"@id\":\"https:\/\/www.natelli-shop.com\/de\/#\/schema\/logo\/image\/\",\"url\":\"https:\/\/www.natelli-shop.com\/wp-content\/uploads\/2024\/08\/\u0438\u0437\u043e\u0431\u0440\u0430\u0436\u0435\u043d\u0438\u0435_viber_2024-07-31_10-59-46-791.jpg\",\"contentUrl\":\"https:\/\/www.natelli-shop.com\/wp-content\/uploads\/2024\/08\/\u0438\u0437\u043e\u0431\u0440\u0430\u0436\u0435\u043d\u0438\u0435_viber_2024-07-31_10-59-46-791.jpg\",\"width\":1181,\"height\":1186,\"caption\":\"Natelli - Nail Shop\"},\"image\":{\"@id\":\"https:\/\/www.natelli-shop.com\/de\/#\/schema\/logo\/image\/\"}}]}<\/script>\n<!-- \/ Yoast SEO plugin. -->","yoast_head_json":{"title":"Lunamoon Gr\u00fcner Tee Basis 13ml - Natelli - Nail Shop","robots":{"index":"index","follow":"follow","max-snippet":"max-snippet:-1","max-image-preview":"max-image-preview:large","max-video-preview":"max-video-preview:-1"},"canonical":"https:\/\/www.natelli-shop.com\/de\/produkt\/lunamoon-blue-sky-base-13m-copy\/","og_locale":"de_DE","og_type":"article","og_title":"Lunamoon Gr\u00fcner Tee Basis 13ml - Natelli - Nail Shop","og_description":"Green Tea ist eine hellgr\u00fcne Camouflage-Basis. Diese Kollektion l\u00e4sst sich perfekt auf den N\u00e4geln verteilen und bildet eine sch\u00f6ne Reflexion.","og_url":"https:\/\/www.natelli-shop.com\/de\/produkt\/lunamoon-blue-sky-base-13m-copy\/","og_site_name":"Natelli - Nail Shop","article_modified_time":"2026-03-31T23:00:27+00:00","og_image":[{"width":800,"height":800,"url":"https:\/\/www.natelli-shop.com\/wp-content\/uploads\/2025\/04\/36881.jpg","type":"image\/jpeg"}],"twitter_card":"summary_large_image","twitter_misc":{"Gesch\u00e4tzte Lesezeit":"1\u00a0Minute"},"schema":{"@context":"https:\/\/schema.org","@graph":[{"@type":"WebPage","@id":"https:\/\/www.natelli-shop.com\/de\/produkt\/lunamoon-blue-sky-base-13m-copy\/","url":"https:\/\/www.natelli-shop.com\/de\/produkt\/lunamoon-blue-sky-base-13m-copy\/","name":"Lunamoon Gr\u00fcner Tee Basis 13ml - Natelli - Nail Shop","isPartOf":{"@id":"https:\/\/www.natelli-shop.com\/de\/#website"},"primaryImageOfPage":{"@id":"https:\/\/www.natelli-shop.com\/de\/produkt\/lunamoon-blue-sky-base-13m-copy\/#primaryimage"},"image":{"@id":"https:\/\/www.natelli-shop.com\/de\/produkt\/lunamoon-blue-sky-base-13m-copy\/#primaryimage"},"thumbnailUrl":"https:\/\/www.natelli-shop.com\/wp-content\/uploads\/2025\/04\/36881.jpg","datePublished":"2025-04-23T11:32:00+00:00","dateModified":"2026-03-31T23:00:27+00:00","breadcrumb":{"@id":"https:\/\/www.natelli-shop.com\/de\/produkt\/lunamoon-blue-sky-base-13m-copy\/#breadcrumb"},"inLanguage":"de","potentialAction":[{"@type":"ReadAction","target":["https:\/\/www.natelli-shop.com\/de\/produkt\/lunamoon-blue-sky-base-13m-copy\/"]}]},{"@type":"ImageObject","inLanguage":"de","@id":"https:\/\/www.natelli-shop.com\/de\/produkt\/lunamoon-blue-sky-base-13m-copy\/#primaryimage","url":"https:\/\/www.natelli-shop.com\/wp-content\/uploads\/2025\/04\/36881.jpg","contentUrl":"https:\/\/www.natelli-shop.com\/wp-content\/uploads\/2025\/04\/36881.jpg","width":800,"height":800},{"@type":"BreadcrumbList","@id":"https:\/\/www.natelli-shop.com\/de\/produkt\/lunamoon-blue-sky-base-13m-copy\/#breadcrumb","itemListElement":[{"@type":"ListItem","position":1,"name":"Home","item":"https:\/\/www.natelli-shop.com\/de\/startseite\/"},{"@type":"ListItem","position":2,"name":"Shop","item":"https:\/\/www.natelli-shop.com\/de\/shop\/"},{"@type":"ListItem","position":3,"name":"Lunamoon Gr\u00fcner Tee Basis 13ml"}]},{"@type":"WebSite","@id":"https:\/\/www.natelli-shop.com\/de\/#website","url":"https:\/\/www.natelli-shop.com\/de\/","name":"Natelli - Nail Shop","description":"","publisher":{"@id":"https:\/\/www.natelli-shop.com\/de\/#organization"},"potentialAction":[{"@type":"SearchAction","target":{"@type":"EntryPoint","urlTemplate":"https:\/\/www.natelli-shop.com\/de\/?s={search_term_string}"},"query-input":"required name=search_term_string"}],"inLanguage":"de"},{"@type":"Organization","@id":"https:\/\/www.natelli-shop.com\/de\/#organization","name":"Natelli - Nail Shop","url":"https:\/\/www.natelli-shop.com\/de\/","logo":{"@type":"ImageObject","inLanguage":"de","@id":"https:\/\/www.natelli-shop.com\/de\/#\/schema\/logo\/image\/","url":"https:\/\/www.natelli-shop.com\/wp-content\/uploads\/2024\/08\/\u0438\u0437\u043e\u0431\u0440\u0430\u0436\u0435\u043d\u0438\u0435_viber_2024-07-31_10-59-46-791.jpg","contentUrl":"https:\/\/www.natelli-shop.com\/wp-content\/uploads\/2024\/08\/\u0438\u0437\u043e\u0431\u0440\u0430\u0436\u0435\u043d\u0438\u0435_viber_2024-07-31_10-59-46-791.jpg","width":1181,"height":1186,"caption":"Natelli - Nail Shop"},"image":{"@id":"https:\/\/www.natelli-shop.com\/de\/#\/schema\/logo\/image\/"}}]}},"jetpack_sharing_enabled":true,"_links":{"self":[{"href":"https:\/\/www.natelli-shop.com\/de\/wp-json\/wp\/v2\/product\/26316","targetHints":{"allow":["GET"]}}],"collection":[{"href":"https:\/\/www.natelli-shop.com\/de\/wp-json\/wp\/v2\/product"}],"about":[{"href":"https:\/\/www.natelli-shop.com\/de\/wp-json\/wp\/v2\/types\/product"}],"replies":[{"embeddable":true,"href":"https:\/\/www.natelli-shop.com\/de\/wp-json\/wp\/v2\/comments?post=26316"}],"version-history":[{"count":1,"href":"https:\/\/www.natelli-shop.com\/de\/wp-json\/wp\/v2\/product\/26316\/revisions"}],"predecessor-version":[{"id":38611,"href":"https:\/\/www.natelli-shop.com\/de\/wp-json\/wp\/v2\/product\/26316\/revisions\/38611"}],"wp:featuredmedia":[{"embeddable":true,"href":"https:\/\/www.natelli-shop.com\/de\/wp-json\/wp\/v2\/media\/26320"}],"wp:attachment":[{"href":"https:\/\/www.natelli-shop.com\/de\/wp-json\/wp\/v2\/media?parent=26316"}],"wp:term":[{"taxonomy":"product_brand","embeddable":true,"href":"https:\/\/www.natelli-shop.com\/de\/wp-json\/wp\/v2\/product_brand?post=26316"},{"taxonomy":"product_cat","embeddable":true,"href":"https:\/\/www.natelli-shop.com\/de\/wp-json\/wp\/v2\/product_cat?post=26316"},{"taxonomy":"product_tag","embeddable":true,"href":"https:\/\/www.natelli-shop.com\/de\/wp-json\/wp\/v2\/product_tag?post=26316"}],"curies":[{"name":"wp","href":"https:\/\/api.w.org\/{rel}","templated":true}]}}