{"id":26252,"date":"2025-04-23T12:08:00","date_gmt":"2025-04-23T10:08:00","guid":{"rendered":"https:\/\/www.natelli-shop.com\/product\/lunamoon-gel-tips-stiletto-xl\/"},"modified":"2025-12-01T00:01:43","modified_gmt":"2025-11-30T23:01:43","slug":"lunamoon-gel-tips-stiletto-xl","status":"publish","type":"product","link":"https:\/\/www.natelli-shop.com\/de\/product\/lunamoon-gel-tips-stiletto-xl\/","title":{"rendered":"Lunamoon Gel Tips Stiletto XL"},"content":{"rendered":"<p>Professionelle Nageltechniker verwenden Verl\u00e4ngerungsspitzen, um aus kurzen N\u00e4geln lange zu machen. Die Materialien sind langlebig und k\u00f6nnen h\u00f6chstens 1-2 Mal korrigiert werden, ohne dass sie komplett entfernt werden m\u00fcssen. Sie sind stark und dennoch flexibel und lassen sich ohne zus\u00e4tzlichen Aufwand an den N\u00e4geln befestigen. Die Tips sind aus Gel (Acryl) und k\u00f6nnen gefeilt und in Gellackentferner eingeweicht werden.<br \/>\n<strong>STILETTO XL TIPS <\/strong><br \/>\nGr\u00f6\u00dfe: 3,5 cm f\u00fcr den Indexnagel. Packung mit 500 St\u00fcck. <\/p>\n<p><strong>Erweiterungsmethode:  <\/strong><\/p>\n<ol>\n<li>Entfernung.<\/li>\n<li>Schneiden Sie den Nagel auf 1 mm L\u00e4nge und formen Sie ihn rund.<\/li>\n<li>Verwenden Sie eine Feile mit 220er K\u00f6rnung, um den Nagel vorsichtig von oben zu feilen und dabei alle Nagelplattenabplatzungen zu entfernen. Alternativ k\u00f6nnen Sie auch einen Puffer mit 100er K\u00f6rnung verwenden. <\/li>\n<li>Manik\u00fcre.<\/li>\n<li>Wenn Sie Entferner verwenden, waschen Sie sich danach die H\u00e4nde mit Wasser und Seife.<\/li>\n<li>Entfetten Sie den Nagel mit Nail Prep Lunamoon. Es sind zwei Ans\u00e4tze erforderlich. Verwenden Sie 4 Wischt\u00fccher. Ein Wischtuch f\u00fcr 5 Finger. Der erste Ansatz &#8211; wischen Sie die Nageloberfl\u00e4che ab, der zweite Ansatz &#8211; nehmen Sie ein Orangenholzst\u00e4bchen, umwickeln Sie es mit einem Tuch und wischen Sie alles im Bereich der Nagelhaut und in den Nagelfalzen ab.    <\/li>\n<li>Dehydrator (optional).<\/li>\n<li>Prime anwenden.<\/li>\n<li>Tragen Sie eine Grundschicht Rubber Base mit einem flachen Gelpinsel auf und achten Sie darauf, dass alle Nagelrillen bedeckt sind. Lassen Sie es 60 Sekunden lang aush\u00e4rten. <\/li>\n<li>Entfernen Sie die Klebrigkeit.<\/li>\n<li>W\u00e4hlen Sie Gelspitzen in der gew\u00fcnschten Gr\u00f6\u00dfe.<\/li>\n<li>Tragen Sie den Basislack auf die Kontaktfl\u00e4che innerhalb der Spitze auf.<\/li>\n<li>Setzen Sie den Tip auf die Nagelplatte und halten Sie ihn unter der Lampe fest, bis er vollst\u00e4ndig polymerisiert ist.<\/li>\n<li>Formen Sie den Nagel mit einer Feile.<\/li>\n<li>Entfernen Sie Klebrigkeit und \u00fcbersch\u00fcssigen Staub.<\/li>\n<li>Tragen Sie eine weitere Schicht Rubber Base auf und lassen Sie sie 30 Sekunden lang aush\u00e4rten.<\/li>\n<li>Spachteln Sie nur mit farbigen Basen, da die Gelspitzen bereits hart sind. Wenn Sie ein anderes hartes Material hinzuf\u00fcgen, kann dies zu einem Abheben oder Abl\u00f6sen f\u00fchren. <\/li>\n<li>Wenn Sie Gel-Lack verwenden, gl\u00e4tten Sie ihn mit einer klaren Basis.<\/li>\n<li>H\u00e4rten Sie es 120 Sekunden lang in der Lampe aus.<\/li>\n<li>Tragen Sie den Decklack auf und lassen Sie ihn 120 Sekunden lang aush\u00e4rten. Wischen Sie nach dem Aush\u00e4rten nicht ab, um den Glanz zu erhalten. <\/li>\n<\/ol>\n<p><strong>Methode zur Korrektur:  <\/strong><\/p>\n<ol>\n<li>Entfernen Sie die Beschichtung bis zur Spitze. Wenn sich etwas abhebt, entfernen Sie es mit einem Fr\u00e4ser. <\/li>\n<li>Verwenden Sie eine Feile mit 220er K\u00f6rnung, um den Nagel vorsichtig von oben zu feilen und dabei alle Nagelplattenabplatzungen zu entfernen. Alternativ k\u00f6nnen Sie auch einen Puffer mit 100er K\u00f6rnung verwenden. <\/li>\n<li>Bringen Sie den Nagel in Form.<\/li>\n<li>Manik\u00fcre.<\/li>\n<li>Wenn Sie Entferner verwenden, waschen Sie sich danach die H\u00e4nde mit Wasser und Seife.<\/li>\n<li>Entfetten Sie den Nagel mit Nail Prep Lunamoon. Es sind zwei Ans\u00e4tze erforderlich. Verwenden Sie 4 Wischt\u00fccher. Ein Wischtuch f\u00fcr 5 Finger. Der erste Ansatz &#8211; wischen Sie die Nageloberfl\u00e4che ab, der zweite Ansatz &#8211; nehmen Sie ein Orangenholzst\u00e4bchen, umwickeln Sie es mit einem Tuch und wischen Sie alles im Bereich der Nagelhaut und in den Nagelfalzen ab.    <\/li>\n<li>Dehydrator (optional).<\/li>\n<li>Prime anwenden.<\/li>\n<li>Tragen Sie eine Grundschicht Rubber Base mit einem flachen Gelpinsel auf und achten Sie darauf, dass alle Nagelrillen bedeckt sind. Lassen Sie es 60 Sekunden lang aush\u00e4rten. <\/li>\n<li>Entfernen Sie Klebrigkeit.<\/li>\n<li>Spachteln Sie nur mit farbigen Basen, da die Gelspitzen bereits hart sind. Wenn Sie ein anderes hartes Material hinzuf\u00fcgen, kann dies zu einem Abheben oder Abl\u00f6sen f\u00fchren. <\/li>\n<li>Wenn Sie Gel-Lack verwenden, gl\u00e4tten Sie ihn mit einer klaren Basis.<\/li>\n<li>Wenn sich unter dem Nagel eine Stufe befindet, feilen Sie sie ab.<\/li>\n<li>H\u00e4rten Sie es 120 Sekunden lang in der Lampe aus.<\/li>\n<li>Tragen Sie den Decklack auf und lassen Sie ihn 120 Sekunden lang aush\u00e4rten. Wischen Sie nach dem Aush\u00e4rten nicht ab, um den Glanz zu erhalten. <\/li>\n<\/ol>\n<p><strong>Achtung!<\/strong>  Die Korrektur kann nur einmal oder maximal zweimal vorgenommen werden.<br \/>\n(Die Produktbilder auf der Website k\u00f6nnen vom tats\u00e4chlichen Produkt abweichen)<\/p>\n","protected":false},"excerpt":{"rendered":"<p>Professionelle Nageltechniker verwenden Verl\u00e4ngerungsspitzen, um aus kurzen N\u00e4geln lange zu machen. Die Materialien sind langlebig und k\u00f6nnen h\u00f6chstens 1-2 Mal<\/p>\n","protected":false},"featured_media":26243,"comment_status":"open","ping_status":"closed","template":"","meta":[],"product_brand":[],"product_cat":[281],"product_tag":[],"class_list":{"0":"post-26252","1":"product","2":"type-product","3":"status-publish","4":"has-post-thumbnail","6":"product_cat-zubehor-fur-nagelverlangerungen","8":"first","9":"instock","10":"shipping-taxable","11":"purchasable","12":"product-type-simple"},"yoast_head":"<!-- This site is optimized with the Yoast SEO plugin v23.1 - https:\/\/yoast.com\/wordpress\/plugins\/seo\/ -->\n<title>Lunamoon Gel Tips Stiletto XL - Natelli - Nail Shop<\/title>\n<meta name=\"robots\" content=\"index, follow, max-snippet:-1, max-image-preview:large, max-video-preview:-1\" \/>\n<link rel=\"canonical\" href=\"https:\/\/www.natelli-shop.com\/de\/product\/lunamoon-gel-tips-stiletto-xl\/\" \/>\n<meta property=\"og:locale\" content=\"de_DE\" \/>\n<meta property=\"og:type\" content=\"article\" \/>\n<meta property=\"og:title\" content=\"Lunamoon Gel Tips Stiletto XL - Natelli - Nail Shop\" \/>\n<meta property=\"og:description\" content=\"Professionelle Nageltechniker verwenden Verl\u00e4ngerungsspitzen, um aus kurzen N\u00e4geln lange zu machen. Die Materialien sind langlebig und k\u00f6nnen h\u00f6chstens 1-2 Mal\" \/>\n<meta property=\"og:url\" content=\"https:\/\/www.natelli-shop.com\/de\/product\/lunamoon-gel-tips-stiletto-xl\/\" \/>\n<meta property=\"og:site_name\" content=\"Natelli - Nail Shop\" \/>\n<meta property=\"article:modified_time\" content=\"2025-11-30T23:01:43+00:00\" \/>\n<meta property=\"og:image\" content=\"https:\/\/i0.wp.com\/www.natelli-shop.com\/wp-content\/uploads\/2025\/04\/luna_nails_v2_tips-9.png.webp?fit=646%2C646&ssl=1\" \/>\n\t<meta property=\"og:image:width\" content=\"646\" \/>\n\t<meta property=\"og:image:height\" content=\"646\" \/>\n\t<meta property=\"og:image:type\" content=\"image\/webp\" \/>\n<meta name=\"twitter:card\" content=\"summary_large_image\" \/>\n<meta name=\"twitter:label1\" content=\"Gesch\u00e4tzte Lesezeit\" \/>\n\t<meta name=\"twitter:data1\" content=\"3\u00a0Minuten\" \/>\n<script type=\"application\/ld+json\" class=\"yoast-schema-graph\">{\"@context\":\"https:\/\/schema.org\",\"@graph\":[{\"@type\":\"WebPage\",\"@id\":\"https:\/\/www.natelli-shop.com\/de\/product\/lunamoon-gel-tips-stiletto-xl\/\",\"url\":\"https:\/\/www.natelli-shop.com\/de\/product\/lunamoon-gel-tips-stiletto-xl\/\",\"name\":\"Lunamoon Gel Tips Stiletto XL - Natelli - Nail Shop\",\"isPartOf\":{\"@id\":\"https:\/\/www.natelli-shop.com\/de\/#website\"},\"primaryImageOfPage\":{\"@id\":\"https:\/\/www.natelli-shop.com\/de\/product\/lunamoon-gel-tips-stiletto-xl\/#primaryimage\"},\"image\":{\"@id\":\"https:\/\/www.natelli-shop.com\/de\/product\/lunamoon-gel-tips-stiletto-xl\/#primaryimage\"},\"thumbnailUrl\":\"https:\/\/www.natelli-shop.com\/wp-content\/uploads\/2025\/04\/luna_nails_v2_tips-9.png.webp\",\"datePublished\":\"2025-04-23T10:08:00+00:00\",\"dateModified\":\"2025-11-30T23:01:43+00:00\",\"breadcrumb\":{\"@id\":\"https:\/\/www.natelli-shop.com\/de\/product\/lunamoon-gel-tips-stiletto-xl\/#breadcrumb\"},\"inLanguage\":\"de\",\"potentialAction\":[{\"@type\":\"ReadAction\",\"target\":[\"https:\/\/www.natelli-shop.com\/de\/product\/lunamoon-gel-tips-stiletto-xl\/\"]}]},{\"@type\":\"ImageObject\",\"inLanguage\":\"de\",\"@id\":\"https:\/\/www.natelli-shop.com\/de\/product\/lunamoon-gel-tips-stiletto-xl\/#primaryimage\",\"url\":\"https:\/\/www.natelli-shop.com\/wp-content\/uploads\/2025\/04\/luna_nails_v2_tips-9.png.webp\",\"contentUrl\":\"https:\/\/www.natelli-shop.com\/wp-content\/uploads\/2025\/04\/luna_nails_v2_tips-9.png.webp\",\"width\":646,\"height\":646},{\"@type\":\"BreadcrumbList\",\"@id\":\"https:\/\/www.natelli-shop.com\/de\/product\/lunamoon-gel-tips-stiletto-xl\/#breadcrumb\",\"itemListElement\":[{\"@type\":\"ListItem\",\"position\":1,\"name\":\"Home\",\"item\":\"https:\/\/www.natelli-shop.com\/de\/startseite\/\"},{\"@type\":\"ListItem\",\"position\":2,\"name\":\"Shop\",\"item\":\"https:\/\/www.natelli-shop.com\/de\/shop\/\"},{\"@type\":\"ListItem\",\"position\":3,\"name\":\"Lunamoon Gel Tips Stiletto XL\"}]},{\"@type\":\"WebSite\",\"@id\":\"https:\/\/www.natelli-shop.com\/de\/#website\",\"url\":\"https:\/\/www.natelli-shop.com\/de\/\",\"name\":\"Natelli - Nail Shop\",\"description\":\"\",\"publisher\":{\"@id\":\"https:\/\/www.natelli-shop.com\/de\/#organization\"},\"potentialAction\":[{\"@type\":\"SearchAction\",\"target\":{\"@type\":\"EntryPoint\",\"urlTemplate\":\"https:\/\/www.natelli-shop.com\/de\/?s={search_term_string}\"},\"query-input\":\"required name=search_term_string\"}],\"inLanguage\":\"de\"},{\"@type\":\"Organization\",\"@id\":\"https:\/\/www.natelli-shop.com\/de\/#organization\",\"name\":\"Natelli - Nail Shop\",\"url\":\"https:\/\/www.natelli-shop.com\/de\/\",\"logo\":{\"@type\":\"ImageObject\",\"inLanguage\":\"de\",\"@id\":\"https:\/\/www.natelli-shop.com\/de\/#\/schema\/logo\/image\/\",\"url\":\"https:\/\/www.natelli-shop.com\/wp-content\/uploads\/2024\/08\/\u0438\u0437\u043e\u0431\u0440\u0430\u0436\u0435\u043d\u0438\u0435_viber_2024-07-31_10-59-46-791.jpg\",\"contentUrl\":\"https:\/\/www.natelli-shop.com\/wp-content\/uploads\/2024\/08\/\u0438\u0437\u043e\u0431\u0440\u0430\u0436\u0435\u043d\u0438\u0435_viber_2024-07-31_10-59-46-791.jpg\",\"width\":1181,\"height\":1186,\"caption\":\"Natelli - Nail Shop\"},\"image\":{\"@id\":\"https:\/\/www.natelli-shop.com\/de\/#\/schema\/logo\/image\/\"}}]}<\/script>\n<!-- \/ Yoast SEO plugin. -->","yoast_head_json":{"title":"Lunamoon Gel Tips Stiletto XL - Natelli - Nail Shop","robots":{"index":"index","follow":"follow","max-snippet":"max-snippet:-1","max-image-preview":"max-image-preview:large","max-video-preview":"max-video-preview:-1"},"canonical":"https:\/\/www.natelli-shop.com\/de\/product\/lunamoon-gel-tips-stiletto-xl\/","og_locale":"de_DE","og_type":"article","og_title":"Lunamoon Gel Tips Stiletto XL - Natelli - Nail Shop","og_description":"Professionelle Nageltechniker verwenden Verl\u00e4ngerungsspitzen, um aus kurzen N\u00e4geln lange zu machen. Die Materialien sind langlebig und k\u00f6nnen h\u00f6chstens 1-2 Mal","og_url":"https:\/\/www.natelli-shop.com\/de\/product\/lunamoon-gel-tips-stiletto-xl\/","og_site_name":"Natelli - Nail Shop","article_modified_time":"2025-11-30T23:01:43+00:00","og_image":[{"width":646,"height":646,"url":"https:\/\/i0.wp.com\/www.natelli-shop.com\/wp-content\/uploads\/2025\/04\/luna_nails_v2_tips-9.png.webp?fit=646%2C646&ssl=1","type":"image\/webp"}],"twitter_card":"summary_large_image","twitter_misc":{"Gesch\u00e4tzte Lesezeit":"3\u00a0Minuten"},"schema":{"@context":"https:\/\/schema.org","@graph":[{"@type":"WebPage","@id":"https:\/\/www.natelli-shop.com\/de\/product\/lunamoon-gel-tips-stiletto-xl\/","url":"https:\/\/www.natelli-shop.com\/de\/product\/lunamoon-gel-tips-stiletto-xl\/","name":"Lunamoon Gel Tips Stiletto XL - Natelli - Nail Shop","isPartOf":{"@id":"https:\/\/www.natelli-shop.com\/de\/#website"},"primaryImageOfPage":{"@id":"https:\/\/www.natelli-shop.com\/de\/product\/lunamoon-gel-tips-stiletto-xl\/#primaryimage"},"image":{"@id":"https:\/\/www.natelli-shop.com\/de\/product\/lunamoon-gel-tips-stiletto-xl\/#primaryimage"},"thumbnailUrl":"https:\/\/www.natelli-shop.com\/wp-content\/uploads\/2025\/04\/luna_nails_v2_tips-9.png.webp","datePublished":"2025-04-23T10:08:00+00:00","dateModified":"2025-11-30T23:01:43+00:00","breadcrumb":{"@id":"https:\/\/www.natelli-shop.com\/de\/product\/lunamoon-gel-tips-stiletto-xl\/#breadcrumb"},"inLanguage":"de","potentialAction":[{"@type":"ReadAction","target":["https:\/\/www.natelli-shop.com\/de\/product\/lunamoon-gel-tips-stiletto-xl\/"]}]},{"@type":"ImageObject","inLanguage":"de","@id":"https:\/\/www.natelli-shop.com\/de\/product\/lunamoon-gel-tips-stiletto-xl\/#primaryimage","url":"https:\/\/www.natelli-shop.com\/wp-content\/uploads\/2025\/04\/luna_nails_v2_tips-9.png.webp","contentUrl":"https:\/\/www.natelli-shop.com\/wp-content\/uploads\/2025\/04\/luna_nails_v2_tips-9.png.webp","width":646,"height":646},{"@type":"BreadcrumbList","@id":"https:\/\/www.natelli-shop.com\/de\/product\/lunamoon-gel-tips-stiletto-xl\/#breadcrumb","itemListElement":[{"@type":"ListItem","position":1,"name":"Home","item":"https:\/\/www.natelli-shop.com\/de\/startseite\/"},{"@type":"ListItem","position":2,"name":"Shop","item":"https:\/\/www.natelli-shop.com\/de\/shop\/"},{"@type":"ListItem","position":3,"name":"Lunamoon Gel Tips Stiletto XL"}]},{"@type":"WebSite","@id":"https:\/\/www.natelli-shop.com\/de\/#website","url":"https:\/\/www.natelli-shop.com\/de\/","name":"Natelli - Nail Shop","description":"","publisher":{"@id":"https:\/\/www.natelli-shop.com\/de\/#organization"},"potentialAction":[{"@type":"SearchAction","target":{"@type":"EntryPoint","urlTemplate":"https:\/\/www.natelli-shop.com\/de\/?s={search_term_string}"},"query-input":"required name=search_term_string"}],"inLanguage":"de"},{"@type":"Organization","@id":"https:\/\/www.natelli-shop.com\/de\/#organization","name":"Natelli - Nail Shop","url":"https:\/\/www.natelli-shop.com\/de\/","logo":{"@type":"ImageObject","inLanguage":"de","@id":"https:\/\/www.natelli-shop.com\/de\/#\/schema\/logo\/image\/","url":"https:\/\/www.natelli-shop.com\/wp-content\/uploads\/2024\/08\/\u0438\u0437\u043e\u0431\u0440\u0430\u0436\u0435\u043d\u0438\u0435_viber_2024-07-31_10-59-46-791.jpg","contentUrl":"https:\/\/www.natelli-shop.com\/wp-content\/uploads\/2024\/08\/\u0438\u0437\u043e\u0431\u0440\u0430\u0436\u0435\u043d\u0438\u0435_viber_2024-07-31_10-59-46-791.jpg","width":1181,"height":1186,"caption":"Natelli - Nail Shop"},"image":{"@id":"https:\/\/www.natelli-shop.com\/de\/#\/schema\/logo\/image\/"}}]}},"jetpack_sharing_enabled":true,"_links":{"self":[{"href":"https:\/\/www.natelli-shop.com\/de\/wp-json\/wp\/v2\/product\/26252","targetHints":{"allow":["GET"]}}],"collection":[{"href":"https:\/\/www.natelli-shop.com\/de\/wp-json\/wp\/v2\/product"}],"about":[{"href":"https:\/\/www.natelli-shop.com\/de\/wp-json\/wp\/v2\/types\/product"}],"replies":[{"embeddable":true,"href":"https:\/\/www.natelli-shop.com\/de\/wp-json\/wp\/v2\/comments?post=26252"}],"version-history":[{"count":0,"href":"https:\/\/www.natelli-shop.com\/de\/wp-json\/wp\/v2\/product\/26252\/revisions"}],"wp:featuredmedia":[{"embeddable":true,"href":"https:\/\/www.natelli-shop.com\/de\/wp-json\/wp\/v2\/media\/26243"}],"wp:attachment":[{"href":"https:\/\/www.natelli-shop.com\/de\/wp-json\/wp\/v2\/media?parent=26252"}],"wp:term":[{"taxonomy":"product_brand","embeddable":true,"href":"https:\/\/www.natelli-shop.com\/de\/wp-json\/wp\/v2\/product_brand?post=26252"},{"taxonomy":"product_cat","embeddable":true,"href":"https:\/\/www.natelli-shop.com\/de\/wp-json\/wp\/v2\/product_cat?post=26252"},{"taxonomy":"product_tag","embeddable":true,"href":"https:\/\/www.natelli-shop.com\/de\/wp-json\/wp\/v2\/product_tag?post=26252"}],"curies":[{"name":"wp","href":"https:\/\/api.w.org\/{rel}","templated":true}]}}