{"id":25825,"date":"2025-04-06T13:07:34","date_gmt":"2025-04-06T11:07:34","guid":{"rendered":"https:\/\/www.natelli-shop.com\/?post_type=product&#038;p=25825"},"modified":"2025-04-06T13:15:56","modified_gmt":"2025-04-06T11:15:56","slug":"bohrer-keramik-rot-copy","status":"publish","type":"product","link":"https:\/\/www.natelli-shop.com\/de\/produkt\/bohrer-keramik-rot-copy\/","title":{"rendered":"Bohrer Keramik &#8211; Nagelhautbohrer fein (Rot)"},"content":{"rendered":"<p><strong>Ceramic Cuticle Bit<\/strong> &#8211; fine ist ein unverzichtbarer Helfer in Ihrem Nagelstudio. Dank seiner extrem hohen Verschlei\u00dffestigkeit ist der Bit besonders langlebig und widerstandsf\u00e4hig. Er ist aus Hochleistungskeramik gefertigt und erzeugt praktisch keine Hitze. Der Keramikbohrer kann sowohl im Nageldesign als auch in der medizinischen Pedik\u00fcre verwendet werden. Der Bit ist auch ideal f\u00fcr Menschen mit Allergien, zum Beispiel Nickelallergien. Keramikbohrer sind sehr leicht zu reinigen und k\u00f6nnen mit allen handels\u00fcblichen Desinfektionsmitteln desinfiziert werden. Sie sind deutlich leichter als herk\u00f6mmliche Hartmetallbohrer, was bei einigen Anwendungstechniken von Vorteil ist. Sie k\u00f6nnen nass und trocken verwendet werden.       <\/p>\n<p>F\u00fcr die Bearbeitung der Nagelhaut. Ideal f\u00fcr die Vorbereitung auf die Modellierung und f\u00fcr die medizinische Fu\u00dfpflege. <\/p>\n<p><strong>Eigenschaften:<\/strong><\/p>\n<p>-H\u00f6chste Verschlei\u00dffestigkeit dank Hochleistungskeramik<\/p>\n<p>-perfekte W\u00e4rmeableitung<\/p>\n<p>-Riefenfreies Feinschleifen<\/p>\n<p>-unbeschichtet<\/p>\n<p>-absolut unempfindlich gegen chemische Desinfektion<\/p>\n<p>-auch ideal f\u00fcr die medizinische Fu\u00dfpflege<\/p>\n<p>Grobheit: fein<\/p>\n","protected":false},"excerpt":{"rendered":"<p>Ceramic Cuticle Bit &#8211; fine ist ein unverzichtbarer Helfer in Ihrem Nagelstudio. Dank seiner extrem hohen Verschlei\u00dffestigkeit ist der Bit<\/p>\n","protected":false},"featured_media":25831,"comment_status":"open","ping_status":"closed","template":"","meta":[],"product_brand":[],"product_cat":[293],"product_tag":[],"class_list":{"0":"post-25825","1":"product","2":"type-product","3":"status-publish","4":"has-post-thumbnail","6":"product_cat-staleks-de-2","8":"first","9":"outofstock","10":"shipping-taxable","11":"purchasable","12":"product-type-simple"},"yoast_head":"<!-- This site is optimized with the Yoast SEO plugin v23.1 - https:\/\/yoast.com\/wordpress\/plugins\/seo\/ -->\n<title>Bohrer Keramik - Nagelhautbohrer fein (Rot) - Natelli - Nail Shop<\/title>\n<meta name=\"robots\" content=\"index, follow, max-snippet:-1, max-image-preview:large, max-video-preview:-1\" \/>\n<link rel=\"canonical\" href=\"https:\/\/www.natelli-shop.com\/de\/produkt\/bohrer-keramik-rot-copy\/\" \/>\n<meta property=\"og:locale\" content=\"de_DE\" \/>\n<meta property=\"og:type\" content=\"article\" \/>\n<meta property=\"og:title\" content=\"Bohrer Keramik - Nagelhautbohrer fein (Rot) - Natelli - Nail Shop\" \/>\n<meta property=\"og:description\" content=\"Ceramic Cuticle Bit &#8211; fine ist ein unverzichtbarer Helfer in Ihrem Nagelstudio. Dank seiner extrem hohen Verschlei\u00dffestigkeit ist der Bit\" \/>\n<meta property=\"og:url\" content=\"https:\/\/www.natelli-shop.com\/de\/produkt\/bohrer-keramik-rot-copy\/\" \/>\n<meta property=\"og:site_name\" content=\"Natelli - Nail Shop\" \/>\n<meta property=\"article:modified_time\" content=\"2025-04-06T11:15:56+00:00\" \/>\n<meta property=\"og:image\" content=\"https:\/\/i0.wp.com\/www.natelli-shop.com\/wp-content\/uploads\/2025\/04\/photo_2025-04-06-13.08.12.jpeg?fit=1280%2C1209&ssl=1\" \/>\n\t<meta property=\"og:image:width\" content=\"1280\" \/>\n\t<meta property=\"og:image:height\" content=\"1209\" \/>\n\t<meta property=\"og:image:type\" content=\"image\/jpeg\" \/>\n<meta name=\"twitter:card\" content=\"summary_large_image\" \/>\n<meta name=\"twitter:label1\" content=\"Gesch\u00e4tzte Lesezeit\" \/>\n\t<meta name=\"twitter:data1\" content=\"1\u00a0Minute\" \/>\n<script type=\"application\/ld+json\" class=\"yoast-schema-graph\">{\"@context\":\"https:\/\/schema.org\",\"@graph\":[{\"@type\":\"WebPage\",\"@id\":\"https:\/\/www.natelli-shop.com\/de\/produkt\/bohrer-keramik-rot-copy\/\",\"url\":\"https:\/\/www.natelli-shop.com\/de\/produkt\/bohrer-keramik-rot-copy\/\",\"name\":\"Bohrer Keramik - Nagelhautbohrer fein (Rot) - Natelli - Nail Shop\",\"isPartOf\":{\"@id\":\"https:\/\/www.natelli-shop.com\/de\/#website\"},\"primaryImageOfPage\":{\"@id\":\"https:\/\/www.natelli-shop.com\/de\/produkt\/bohrer-keramik-rot-copy\/#primaryimage\"},\"image\":{\"@id\":\"https:\/\/www.natelli-shop.com\/de\/produkt\/bohrer-keramik-rot-copy\/#primaryimage\"},\"thumbnailUrl\":\"https:\/\/www.natelli-shop.com\/wp-content\/uploads\/2025\/04\/photo_2025-04-06-13.08.12.jpeg\",\"datePublished\":\"2025-04-06T11:07:34+00:00\",\"dateModified\":\"2025-04-06T11:15:56+00:00\",\"breadcrumb\":{\"@id\":\"https:\/\/www.natelli-shop.com\/de\/produkt\/bohrer-keramik-rot-copy\/#breadcrumb\"},\"inLanguage\":\"de\",\"potentialAction\":[{\"@type\":\"ReadAction\",\"target\":[\"https:\/\/www.natelli-shop.com\/de\/produkt\/bohrer-keramik-rot-copy\/\"]}]},{\"@type\":\"ImageObject\",\"inLanguage\":\"de\",\"@id\":\"https:\/\/www.natelli-shop.com\/de\/produkt\/bohrer-keramik-rot-copy\/#primaryimage\",\"url\":\"https:\/\/www.natelli-shop.com\/wp-content\/uploads\/2025\/04\/photo_2025-04-06-13.08.12.jpeg\",\"contentUrl\":\"https:\/\/www.natelli-shop.com\/wp-content\/uploads\/2025\/04\/photo_2025-04-06-13.08.12.jpeg\",\"width\":1280,\"height\":1209},{\"@type\":\"BreadcrumbList\",\"@id\":\"https:\/\/www.natelli-shop.com\/de\/produkt\/bohrer-keramik-rot-copy\/#breadcrumb\",\"itemListElement\":[{\"@type\":\"ListItem\",\"position\":1,\"name\":\"Home\",\"item\":\"https:\/\/www.natelli-shop.com\/de\/startseite\/\"},{\"@type\":\"ListItem\",\"position\":2,\"name\":\"Shop\",\"item\":\"https:\/\/www.natelli-shop.com\/de\/shop\/\"},{\"@type\":\"ListItem\",\"position\":3,\"name\":\"Bohrer Keramik &#8211; Nagelhautbohrer fein (Rot)\"}]},{\"@type\":\"WebSite\",\"@id\":\"https:\/\/www.natelli-shop.com\/de\/#website\",\"url\":\"https:\/\/www.natelli-shop.com\/de\/\",\"name\":\"Natelli - Nail Shop\",\"description\":\"\",\"publisher\":{\"@id\":\"https:\/\/www.natelli-shop.com\/de\/#organization\"},\"potentialAction\":[{\"@type\":\"SearchAction\",\"target\":{\"@type\":\"EntryPoint\",\"urlTemplate\":\"https:\/\/www.natelli-shop.com\/de\/?s={search_term_string}\"},\"query-input\":\"required name=search_term_string\"}],\"inLanguage\":\"de\"},{\"@type\":\"Organization\",\"@id\":\"https:\/\/www.natelli-shop.com\/de\/#organization\",\"name\":\"Natelli - Nail Shop\",\"url\":\"https:\/\/www.natelli-shop.com\/de\/\",\"logo\":{\"@type\":\"ImageObject\",\"inLanguage\":\"de\",\"@id\":\"https:\/\/www.natelli-shop.com\/de\/#\/schema\/logo\/image\/\",\"url\":\"https:\/\/www.natelli-shop.com\/wp-content\/uploads\/2024\/08\/\u0438\u0437\u043e\u0431\u0440\u0430\u0436\u0435\u043d\u0438\u0435_viber_2024-07-31_10-59-46-791.jpg\",\"contentUrl\":\"https:\/\/www.natelli-shop.com\/wp-content\/uploads\/2024\/08\/\u0438\u0437\u043e\u0431\u0440\u0430\u0436\u0435\u043d\u0438\u0435_viber_2024-07-31_10-59-46-791.jpg\",\"width\":1181,\"height\":1186,\"caption\":\"Natelli - Nail Shop\"},\"image\":{\"@id\":\"https:\/\/www.natelli-shop.com\/de\/#\/schema\/logo\/image\/\"}}]}<\/script>\n<!-- \/ Yoast SEO plugin. -->","yoast_head_json":{"title":"Bohrer Keramik - Nagelhautbohrer fein (Rot) - Natelli - Nail Shop","robots":{"index":"index","follow":"follow","max-snippet":"max-snippet:-1","max-image-preview":"max-image-preview:large","max-video-preview":"max-video-preview:-1"},"canonical":"https:\/\/www.natelli-shop.com\/de\/produkt\/bohrer-keramik-rot-copy\/","og_locale":"de_DE","og_type":"article","og_title":"Bohrer Keramik - Nagelhautbohrer fein (Rot) - Natelli - Nail Shop","og_description":"Ceramic Cuticle Bit &#8211; fine ist ein unverzichtbarer Helfer in Ihrem Nagelstudio. Dank seiner extrem hohen Verschlei\u00dffestigkeit ist der Bit","og_url":"https:\/\/www.natelli-shop.com\/de\/produkt\/bohrer-keramik-rot-copy\/","og_site_name":"Natelli - Nail Shop","article_modified_time":"2025-04-06T11:15:56+00:00","og_image":[{"width":1280,"height":1209,"url":"https:\/\/i0.wp.com\/www.natelli-shop.com\/wp-content\/uploads\/2025\/04\/photo_2025-04-06-13.08.12.jpeg?fit=1280%2C1209&ssl=1","type":"image\/jpeg"}],"twitter_card":"summary_large_image","twitter_misc":{"Gesch\u00e4tzte Lesezeit":"1\u00a0Minute"},"schema":{"@context":"https:\/\/schema.org","@graph":[{"@type":"WebPage","@id":"https:\/\/www.natelli-shop.com\/de\/produkt\/bohrer-keramik-rot-copy\/","url":"https:\/\/www.natelli-shop.com\/de\/produkt\/bohrer-keramik-rot-copy\/","name":"Bohrer Keramik - Nagelhautbohrer fein (Rot) - Natelli - Nail Shop","isPartOf":{"@id":"https:\/\/www.natelli-shop.com\/de\/#website"},"primaryImageOfPage":{"@id":"https:\/\/www.natelli-shop.com\/de\/produkt\/bohrer-keramik-rot-copy\/#primaryimage"},"image":{"@id":"https:\/\/www.natelli-shop.com\/de\/produkt\/bohrer-keramik-rot-copy\/#primaryimage"},"thumbnailUrl":"https:\/\/www.natelli-shop.com\/wp-content\/uploads\/2025\/04\/photo_2025-04-06-13.08.12.jpeg","datePublished":"2025-04-06T11:07:34+00:00","dateModified":"2025-04-06T11:15:56+00:00","breadcrumb":{"@id":"https:\/\/www.natelli-shop.com\/de\/produkt\/bohrer-keramik-rot-copy\/#breadcrumb"},"inLanguage":"de","potentialAction":[{"@type":"ReadAction","target":["https:\/\/www.natelli-shop.com\/de\/produkt\/bohrer-keramik-rot-copy\/"]}]},{"@type":"ImageObject","inLanguage":"de","@id":"https:\/\/www.natelli-shop.com\/de\/produkt\/bohrer-keramik-rot-copy\/#primaryimage","url":"https:\/\/www.natelli-shop.com\/wp-content\/uploads\/2025\/04\/photo_2025-04-06-13.08.12.jpeg","contentUrl":"https:\/\/www.natelli-shop.com\/wp-content\/uploads\/2025\/04\/photo_2025-04-06-13.08.12.jpeg","width":1280,"height":1209},{"@type":"BreadcrumbList","@id":"https:\/\/www.natelli-shop.com\/de\/produkt\/bohrer-keramik-rot-copy\/#breadcrumb","itemListElement":[{"@type":"ListItem","position":1,"name":"Home","item":"https:\/\/www.natelli-shop.com\/de\/startseite\/"},{"@type":"ListItem","position":2,"name":"Shop","item":"https:\/\/www.natelli-shop.com\/de\/shop\/"},{"@type":"ListItem","position":3,"name":"Bohrer Keramik &#8211; Nagelhautbohrer fein (Rot)"}]},{"@type":"WebSite","@id":"https:\/\/www.natelli-shop.com\/de\/#website","url":"https:\/\/www.natelli-shop.com\/de\/","name":"Natelli - Nail Shop","description":"","publisher":{"@id":"https:\/\/www.natelli-shop.com\/de\/#organization"},"potentialAction":[{"@type":"SearchAction","target":{"@type":"EntryPoint","urlTemplate":"https:\/\/www.natelli-shop.com\/de\/?s={search_term_string}"},"query-input":"required name=search_term_string"}],"inLanguage":"de"},{"@type":"Organization","@id":"https:\/\/www.natelli-shop.com\/de\/#organization","name":"Natelli - Nail Shop","url":"https:\/\/www.natelli-shop.com\/de\/","logo":{"@type":"ImageObject","inLanguage":"de","@id":"https:\/\/www.natelli-shop.com\/de\/#\/schema\/logo\/image\/","url":"https:\/\/www.natelli-shop.com\/wp-content\/uploads\/2024\/08\/\u0438\u0437\u043e\u0431\u0440\u0430\u0436\u0435\u043d\u0438\u0435_viber_2024-07-31_10-59-46-791.jpg","contentUrl":"https:\/\/www.natelli-shop.com\/wp-content\/uploads\/2024\/08\/\u0438\u0437\u043e\u0431\u0440\u0430\u0436\u0435\u043d\u0438\u0435_viber_2024-07-31_10-59-46-791.jpg","width":1181,"height":1186,"caption":"Natelli - Nail Shop"},"image":{"@id":"https:\/\/www.natelli-shop.com\/de\/#\/schema\/logo\/image\/"}}]}},"jetpack_sharing_enabled":true,"_links":{"self":[{"href":"https:\/\/www.natelli-shop.com\/de\/wp-json\/wp\/v2\/product\/25825","targetHints":{"allow":["GET"]}}],"collection":[{"href":"https:\/\/www.natelli-shop.com\/de\/wp-json\/wp\/v2\/product"}],"about":[{"href":"https:\/\/www.natelli-shop.com\/de\/wp-json\/wp\/v2\/types\/product"}],"replies":[{"embeddable":true,"href":"https:\/\/www.natelli-shop.com\/de\/wp-json\/wp\/v2\/comments?post=25825"}],"version-history":[{"count":0,"href":"https:\/\/www.natelli-shop.com\/de\/wp-json\/wp\/v2\/product\/25825\/revisions"}],"wp:featuredmedia":[{"embeddable":true,"href":"https:\/\/www.natelli-shop.com\/de\/wp-json\/wp\/v2\/media\/25831"}],"wp:attachment":[{"href":"https:\/\/www.natelli-shop.com\/de\/wp-json\/wp\/v2\/media?parent=25825"}],"wp:term":[{"taxonomy":"product_brand","embeddable":true,"href":"https:\/\/www.natelli-shop.com\/de\/wp-json\/wp\/v2\/product_brand?post=25825"},{"taxonomy":"product_cat","embeddable":true,"href":"https:\/\/www.natelli-shop.com\/de\/wp-json\/wp\/v2\/product_cat?post=25825"},{"taxonomy":"product_tag","embeddable":true,"href":"https:\/\/www.natelli-shop.com\/de\/wp-json\/wp\/v2\/product_tag?post=25825"}],"curies":[{"name":"wp","href":"https:\/\/api.w.org\/{rel}","templated":true}]}}