{"id":25241,"date":"2024-12-20T13:13:00","date_gmt":"2024-12-20T12:13:00","guid":{"rendered":"https:\/\/www.natelli-shop.com\/?post_type=product&#038;p=25241"},"modified":"2025-08-01T01:00:23","modified_gmt":"2025-07-31T23:00:23","slug":"hartmetall-nagelbohrer-kegel-rot-expert-kopf-diame-copy","status":"publish","type":"product","link":"https:\/\/www.natelli-shop.com\/de\/produkt\/hartmetall-nagelbohrer-kegel-rot-expert-kopf-diame-copy\/","title":{"rendered":"Hartmetall-Nagelbohrer Kegel blau EXPERT Kopf diame"},"content":{"rendered":"<ul>\n<li>Hartmetalld\u00fcse f\u00fcr Hardware-Manik\u00fcre\/Pedik\u00fcre.<\/li>\n<li>Rote Kerbe von weicher H\u00e4rte.<\/li>\n<li>Die &#8222;Kegel&#8220;-Form ist f\u00fcr die Korrektur des k\u00fcnstlichen Nagels, die Entfernung des k\u00fcnstlichen Materials und die Bearbeitung der Haut der F\u00fc\u00dfe und Zehenpolster bei der Manik\u00fcre gedacht.<\/li>\n<li>Korrektur von d\u00fcnnem k\u00fcnstlichem Material.<\/li>\n<li>Beseitigung von Material\u00fcbersch\u00fcssen.<\/li>\n<li>Bearbeitung von Abl\u00f6sungen in den seitlichen Nagelfalzen in der Pedik\u00fcre\/Podologie.<\/li>\n<li>Verarbeitung von Verhornungen und Schwielen.<\/li>\n<li>Hochwertiges Metall.<\/li>\n<li>Kann allen Arten von Sterilisation und Desinfektion unterzogen werden.<\/li>\n<li>Korrosionsbest\u00e4ndig.<\/li>\n<\/ul>\n","protected":false},"excerpt":{"rendered":"<p>Hartmetalld\u00fcse f\u00fcr Hardware-Manik\u00fcre\/Pedik\u00fcre. Rote Kerbe von weicher H\u00e4rte. Die &#8222;Kegel&#8220;-Form ist f\u00fcr die Korrektur des k\u00fcnstlichen Nagels, die Entfernung des<\/p>\n","protected":false},"featured_media":25244,"comment_status":"open","ping_status":"closed","template":"","meta":[],"product_brand":[],"product_cat":[293],"product_tag":[],"class_list":{"0":"post-25241","1":"product","2":"type-product","3":"status-publish","4":"has-post-thumbnail","6":"product_cat-staleks-de-2","8":"first","9":"instock","10":"shipping-taxable","11":"purchasable","12":"product-type-simple"},"yoast_head":"<!-- This site is optimized with the Yoast SEO plugin v23.1 - https:\/\/yoast.com\/wordpress\/plugins\/seo\/ -->\n<title>Hartmetall-Nagelbohrer Kegel blau EXPERT Kopf diame - Natelli - Nail Shop<\/title>\n<meta name=\"robots\" content=\"index, follow, max-snippet:-1, max-image-preview:large, max-video-preview:-1\" \/>\n<link rel=\"canonical\" href=\"https:\/\/www.natelli-shop.com\/de\/produkt\/hartmetall-nagelbohrer-kegel-rot-expert-kopf-diame-copy\/\" \/>\n<meta property=\"og:locale\" content=\"de_DE\" \/>\n<meta property=\"og:type\" content=\"article\" \/>\n<meta property=\"og:title\" content=\"Hartmetall-Nagelbohrer Kegel blau EXPERT Kopf diame - Natelli - Nail Shop\" \/>\n<meta property=\"og:description\" content=\"Hartmetalld\u00fcse f\u00fcr Hardware-Manik\u00fcre\/Pedik\u00fcre. Rote Kerbe von weicher H\u00e4rte. Die &#8222;Kegel&#8220;-Form ist f\u00fcr die Korrektur des k\u00fcnstlichen Nagels, die Entfernung des\" \/>\n<meta property=\"og:url\" content=\"https:\/\/www.natelli-shop.com\/de\/produkt\/hartmetall-nagelbohrer-kegel-rot-expert-kopf-diame-copy\/\" \/>\n<meta property=\"og:site_name\" content=\"Natelli - Nail Shop\" \/>\n<meta property=\"article:modified_time\" content=\"2025-07-31T23:00:23+00:00\" \/>\n<meta property=\"og:image\" content=\"https:\/\/www.natelli-shop.com\/wp-content\/uploads\/2024\/12\/images.jpeg\" \/>\n\t<meta property=\"og:image:width\" content=\"225\" \/>\n\t<meta property=\"og:image:height\" content=\"225\" \/>\n\t<meta property=\"og:image:type\" content=\"image\/jpeg\" \/>\n<meta name=\"twitter:card\" content=\"summary_large_image\" \/>\n<script type=\"application\/ld+json\" class=\"yoast-schema-graph\">{\"@context\":\"https:\/\/schema.org\",\"@graph\":[{\"@type\":\"WebPage\",\"@id\":\"https:\/\/www.natelli-shop.com\/de\/produkt\/hartmetall-nagelbohrer-kegel-rot-expert-kopf-diame-copy\/\",\"url\":\"https:\/\/www.natelli-shop.com\/de\/produkt\/hartmetall-nagelbohrer-kegel-rot-expert-kopf-diame-copy\/\",\"name\":\"Hartmetall-Nagelbohrer Kegel blau EXPERT Kopf diame - Natelli - Nail Shop\",\"isPartOf\":{\"@id\":\"https:\/\/www.natelli-shop.com\/de\/#website\"},\"primaryImageOfPage\":{\"@id\":\"https:\/\/www.natelli-shop.com\/de\/produkt\/hartmetall-nagelbohrer-kegel-rot-expert-kopf-diame-copy\/#primaryimage\"},\"image\":{\"@id\":\"https:\/\/www.natelli-shop.com\/de\/produkt\/hartmetall-nagelbohrer-kegel-rot-expert-kopf-diame-copy\/#primaryimage\"},\"thumbnailUrl\":\"https:\/\/www.natelli-shop.com\/wp-content\/uploads\/2024\/12\/images.jpeg\",\"datePublished\":\"2024-12-20T12:13:00+00:00\",\"dateModified\":\"2025-07-31T23:00:23+00:00\",\"breadcrumb\":{\"@id\":\"https:\/\/www.natelli-shop.com\/de\/produkt\/hartmetall-nagelbohrer-kegel-rot-expert-kopf-diame-copy\/#breadcrumb\"},\"inLanguage\":\"de\",\"potentialAction\":[{\"@type\":\"ReadAction\",\"target\":[\"https:\/\/www.natelli-shop.com\/de\/produkt\/hartmetall-nagelbohrer-kegel-rot-expert-kopf-diame-copy\/\"]}]},{\"@type\":\"ImageObject\",\"inLanguage\":\"de\",\"@id\":\"https:\/\/www.natelli-shop.com\/de\/produkt\/hartmetall-nagelbohrer-kegel-rot-expert-kopf-diame-copy\/#primaryimage\",\"url\":\"https:\/\/www.natelli-shop.com\/wp-content\/uploads\/2024\/12\/images.jpeg\",\"contentUrl\":\"https:\/\/www.natelli-shop.com\/wp-content\/uploads\/2024\/12\/images.jpeg\",\"width\":225,\"height\":225},{\"@type\":\"BreadcrumbList\",\"@id\":\"https:\/\/www.natelli-shop.com\/de\/produkt\/hartmetall-nagelbohrer-kegel-rot-expert-kopf-diame-copy\/#breadcrumb\",\"itemListElement\":[{\"@type\":\"ListItem\",\"position\":1,\"name\":\"Home\",\"item\":\"https:\/\/www.natelli-shop.com\/de\/startseite\/\"},{\"@type\":\"ListItem\",\"position\":2,\"name\":\"Shop\",\"item\":\"https:\/\/www.natelli-shop.com\/de\/shop\/\"},{\"@type\":\"ListItem\",\"position\":3,\"name\":\"Hartmetall-Nagelbohrer Kegel blau EXPERT Kopf diame\"}]},{\"@type\":\"WebSite\",\"@id\":\"https:\/\/www.natelli-shop.com\/de\/#website\",\"url\":\"https:\/\/www.natelli-shop.com\/de\/\",\"name\":\"Natelli - Nail Shop\",\"description\":\"\",\"publisher\":{\"@id\":\"https:\/\/www.natelli-shop.com\/de\/#organization\"},\"potentialAction\":[{\"@type\":\"SearchAction\",\"target\":{\"@type\":\"EntryPoint\",\"urlTemplate\":\"https:\/\/www.natelli-shop.com\/de\/?s={search_term_string}\"},\"query-input\":\"required name=search_term_string\"}],\"inLanguage\":\"de\"},{\"@type\":\"Organization\",\"@id\":\"https:\/\/www.natelli-shop.com\/de\/#organization\",\"name\":\"Natelli - Nail Shop\",\"url\":\"https:\/\/www.natelli-shop.com\/de\/\",\"logo\":{\"@type\":\"ImageObject\",\"inLanguage\":\"de\",\"@id\":\"https:\/\/www.natelli-shop.com\/de\/#\/schema\/logo\/image\/\",\"url\":\"https:\/\/www.natelli-shop.com\/wp-content\/uploads\/2024\/08\/\u0438\u0437\u043e\u0431\u0440\u0430\u0436\u0435\u043d\u0438\u0435_viber_2024-07-31_10-59-46-791.jpg\",\"contentUrl\":\"https:\/\/www.natelli-shop.com\/wp-content\/uploads\/2024\/08\/\u0438\u0437\u043e\u0431\u0440\u0430\u0436\u0435\u043d\u0438\u0435_viber_2024-07-31_10-59-46-791.jpg\",\"width\":1181,\"height\":1186,\"caption\":\"Natelli - Nail Shop\"},\"image\":{\"@id\":\"https:\/\/www.natelli-shop.com\/de\/#\/schema\/logo\/image\/\"}}]}<\/script>\n<!-- \/ Yoast SEO plugin. -->","yoast_head_json":{"title":"Hartmetall-Nagelbohrer Kegel blau EXPERT Kopf diame - Natelli - Nail Shop","robots":{"index":"index","follow":"follow","max-snippet":"max-snippet:-1","max-image-preview":"max-image-preview:large","max-video-preview":"max-video-preview:-1"},"canonical":"https:\/\/www.natelli-shop.com\/de\/produkt\/hartmetall-nagelbohrer-kegel-rot-expert-kopf-diame-copy\/","og_locale":"de_DE","og_type":"article","og_title":"Hartmetall-Nagelbohrer Kegel blau EXPERT Kopf diame - Natelli - Nail Shop","og_description":"Hartmetalld\u00fcse f\u00fcr Hardware-Manik\u00fcre\/Pedik\u00fcre. Rote Kerbe von weicher H\u00e4rte. Die &#8222;Kegel&#8220;-Form ist f\u00fcr die Korrektur des k\u00fcnstlichen Nagels, die Entfernung des","og_url":"https:\/\/www.natelli-shop.com\/de\/produkt\/hartmetall-nagelbohrer-kegel-rot-expert-kopf-diame-copy\/","og_site_name":"Natelli - Nail Shop","article_modified_time":"2025-07-31T23:00:23+00:00","og_image":[{"width":225,"height":225,"url":"https:\/\/www.natelli-shop.com\/wp-content\/uploads\/2024\/12\/images.jpeg","type":"image\/jpeg"}],"twitter_card":"summary_large_image","schema":{"@context":"https:\/\/schema.org","@graph":[{"@type":"WebPage","@id":"https:\/\/www.natelli-shop.com\/de\/produkt\/hartmetall-nagelbohrer-kegel-rot-expert-kopf-diame-copy\/","url":"https:\/\/www.natelli-shop.com\/de\/produkt\/hartmetall-nagelbohrer-kegel-rot-expert-kopf-diame-copy\/","name":"Hartmetall-Nagelbohrer Kegel blau EXPERT Kopf diame - Natelli - Nail Shop","isPartOf":{"@id":"https:\/\/www.natelli-shop.com\/de\/#website"},"primaryImageOfPage":{"@id":"https:\/\/www.natelli-shop.com\/de\/produkt\/hartmetall-nagelbohrer-kegel-rot-expert-kopf-diame-copy\/#primaryimage"},"image":{"@id":"https:\/\/www.natelli-shop.com\/de\/produkt\/hartmetall-nagelbohrer-kegel-rot-expert-kopf-diame-copy\/#primaryimage"},"thumbnailUrl":"https:\/\/www.natelli-shop.com\/wp-content\/uploads\/2024\/12\/images.jpeg","datePublished":"2024-12-20T12:13:00+00:00","dateModified":"2025-07-31T23:00:23+00:00","breadcrumb":{"@id":"https:\/\/www.natelli-shop.com\/de\/produkt\/hartmetall-nagelbohrer-kegel-rot-expert-kopf-diame-copy\/#breadcrumb"},"inLanguage":"de","potentialAction":[{"@type":"ReadAction","target":["https:\/\/www.natelli-shop.com\/de\/produkt\/hartmetall-nagelbohrer-kegel-rot-expert-kopf-diame-copy\/"]}]},{"@type":"ImageObject","inLanguage":"de","@id":"https:\/\/www.natelli-shop.com\/de\/produkt\/hartmetall-nagelbohrer-kegel-rot-expert-kopf-diame-copy\/#primaryimage","url":"https:\/\/www.natelli-shop.com\/wp-content\/uploads\/2024\/12\/images.jpeg","contentUrl":"https:\/\/www.natelli-shop.com\/wp-content\/uploads\/2024\/12\/images.jpeg","width":225,"height":225},{"@type":"BreadcrumbList","@id":"https:\/\/www.natelli-shop.com\/de\/produkt\/hartmetall-nagelbohrer-kegel-rot-expert-kopf-diame-copy\/#breadcrumb","itemListElement":[{"@type":"ListItem","position":1,"name":"Home","item":"https:\/\/www.natelli-shop.com\/de\/startseite\/"},{"@type":"ListItem","position":2,"name":"Shop","item":"https:\/\/www.natelli-shop.com\/de\/shop\/"},{"@type":"ListItem","position":3,"name":"Hartmetall-Nagelbohrer Kegel blau EXPERT Kopf diame"}]},{"@type":"WebSite","@id":"https:\/\/www.natelli-shop.com\/de\/#website","url":"https:\/\/www.natelli-shop.com\/de\/","name":"Natelli - Nail Shop","description":"","publisher":{"@id":"https:\/\/www.natelli-shop.com\/de\/#organization"},"potentialAction":[{"@type":"SearchAction","target":{"@type":"EntryPoint","urlTemplate":"https:\/\/www.natelli-shop.com\/de\/?s={search_term_string}"},"query-input":"required name=search_term_string"}],"inLanguage":"de"},{"@type":"Organization","@id":"https:\/\/www.natelli-shop.com\/de\/#organization","name":"Natelli - Nail Shop","url":"https:\/\/www.natelli-shop.com\/de\/","logo":{"@type":"ImageObject","inLanguage":"de","@id":"https:\/\/www.natelli-shop.com\/de\/#\/schema\/logo\/image\/","url":"https:\/\/www.natelli-shop.com\/wp-content\/uploads\/2024\/08\/\u0438\u0437\u043e\u0431\u0440\u0430\u0436\u0435\u043d\u0438\u0435_viber_2024-07-31_10-59-46-791.jpg","contentUrl":"https:\/\/www.natelli-shop.com\/wp-content\/uploads\/2024\/08\/\u0438\u0437\u043e\u0431\u0440\u0430\u0436\u0435\u043d\u0438\u0435_viber_2024-07-31_10-59-46-791.jpg","width":1181,"height":1186,"caption":"Natelli - Nail Shop"},"image":{"@id":"https:\/\/www.natelli-shop.com\/de\/#\/schema\/logo\/image\/"}}]}},"jetpack_sharing_enabled":true,"_links":{"self":[{"href":"https:\/\/www.natelli-shop.com\/de\/wp-json\/wp\/v2\/product\/25241","targetHints":{"allow":["GET"]}}],"collection":[{"href":"https:\/\/www.natelli-shop.com\/de\/wp-json\/wp\/v2\/product"}],"about":[{"href":"https:\/\/www.natelli-shop.com\/de\/wp-json\/wp\/v2\/types\/product"}],"replies":[{"embeddable":true,"href":"https:\/\/www.natelli-shop.com\/de\/wp-json\/wp\/v2\/comments?post=25241"}],"version-history":[{"count":0,"href":"https:\/\/www.natelli-shop.com\/de\/wp-json\/wp\/v2\/product\/25241\/revisions"}],"wp:featuredmedia":[{"embeddable":true,"href":"https:\/\/www.natelli-shop.com\/de\/wp-json\/wp\/v2\/media\/25244"}],"wp:attachment":[{"href":"https:\/\/www.natelli-shop.com\/de\/wp-json\/wp\/v2\/media?parent=25241"}],"wp:term":[{"taxonomy":"product_brand","embeddable":true,"href":"https:\/\/www.natelli-shop.com\/de\/wp-json\/wp\/v2\/product_brand?post=25241"},{"taxonomy":"product_cat","embeddable":true,"href":"https:\/\/www.natelli-shop.com\/de\/wp-json\/wp\/v2\/product_cat?post=25241"},{"taxonomy":"product_tag","embeddable":true,"href":"https:\/\/www.natelli-shop.com\/de\/wp-json\/wp\/v2\/product_tag?post=25241"}],"curies":[{"name":"wp","href":"https:\/\/api.w.org\/{rel}","templated":true}]}}