{"id":25209,"date":"2024-12-20T12:39:00","date_gmt":"2024-12-20T11:39:00","guid":{"rendered":"https:\/\/www.natelli-shop.com\/product\/hartmetall-nagelbohrer-ft110b060-14-tannenzapfen-blau\/"},"modified":"2025-08-01T01:00:24","modified_gmt":"2025-07-31T23:00:24","slug":"hartmetall-nagelbohrer-ft110b060-14-tannenzapfen-blau","status":"publish","type":"product","link":"https:\/\/www.natelli-shop.com\/de\/produkt\/hartmetall-nagelbohrer-ft110b060-14-tannenzapfen-blau\/","title":{"rendered":"Hartmetall-Nagelbohrer FT110B060\/14 Tannenzapfen blau"},"content":{"rendered":"<div id=\"shopify-section-template--22877054173449__main\" class=\"shopify-section\">\n<div id=\"ProductSection-template--22877054173449__main\" class=\"popup product-details product-default\" data-section-id=\"template--22877054173449__main\" data-section-type=\"product\" data-has-combo=\"false\" data-image-opo=\"\">\n<div class=\"productView-bottom\">\n<div class=\"container\">\n<div class=\"tabs-contents tabs-contents-horizontal clearfix halo-text-format\">\n<div id=\"tab-description\" class=\"tab-content is-active\">\n<div id=\"tab-description-mobile\" class=\"toggle-content is-active popup-mobile\" data-product-description-9195319820553=\"\">\n<div class=\"tab-popup-content\">\n<ul>\n<li>Hartmetalld\u00fcse f\u00fcr Hardware-Manik\u00fcre\/Pedik\u00fcre.<\/li>\n<li>Rote Kerbe von weicher H\u00e4rte.<\/li>\n<li>Form &#8222;Tannenzapfen&#8220; f\u00fcr die Korrektur von Kunstn\u00e4geln, Entfernung von Gellack und Hartlacken.<\/li>\n<li>Es ist wichtig, die empfohlenen Drehzahlen einzuhalten; die Verwendung bei h\u00f6heren Drehzahlen kann zu Verletzungen des Kunden f\u00fchren.<\/li>\n<\/ul>\n<p>In der Manik\u00fcre:<\/p>\n<ul>\n<li>Korrektur von verl\u00e4ngerten N\u00e4geln.<\/li>\n<li>Vorbereitung f\u00fcr die Verl\u00e4ngerung von Kunstn\u00e4geln.<\/li>\n<li>Korrektur der Nagelplatte.<\/li>\n<li>Schneidet das Material sauber zu und hinterl\u00e4sst eine ebene Oberfl\u00e4che.<\/li>\n<li>Bei der Arbeit wird das Material in Form von winzigen Sp\u00e4nen und nicht als Staub abgetragen.<\/li>\n<\/ul>\n<p>In der Pedik\u00fcre\/Podologie:<\/p>\n<ul>\n<li>Bearbeitung von keratinisierten Hautpartien.<\/li>\n<li>Bearbeitung von H\u00fchneraugen und Schwielen.<\/li>\n<li>Hochwertiges Metall.<\/li>\n<li>Kann allen Arten von Sterilisation und Desinfektion unterzogen werden.<\/li>\n<li>Korrosionsbest\u00e4ndig.<\/li>\n<\/ul>\n<\/div>\n<\/div>\n<\/div>\n<\/div>\n<\/div>\n<\/div>\n<\/div>\n<\/div>\n<div id=\"shopify-section-template--22877054173449__product-recommendations\" class=\"shopify-section halo-product-block-sections\">\n<div id=\"halo-recommendations-block-template--22877054173449__product-recommendations\" class=\"halo-block halo-product-block halo-recommendations-block section-block-template--22877054173449__product-recommendations\" data-limit=\"10\" data-layout=\"slider\" data-url=\"\/uk\/recommendations\/products?section_id=template--22877054173449__product-recommendations&amp;product_id=9195319820553&amp;limit=10\" data-image-ratio=\"\" data-swipe=\"false\" data-recommendations-block=\"\">\n<div class=\"wrapper-container product-recommendations-loading container\">\n<div class=\"halo-block-header text-center block-title--style1\"><\/div>\n<\/div>\n<\/div>\n<\/div>\n","protected":false},"excerpt":{"rendered":"<p>Hartmetalld\u00fcse f\u00fcr Hardware-Manik\u00fcre\/Pedik\u00fcre. Rote Kerbe von weicher H\u00e4rte. Form &#8222;Tannenzapfen&#8220; f\u00fcr die Korrektur von Kunstn\u00e4geln, Entfernung von Gellack und Hartlacken.<\/p>\n","protected":false},"featured_media":25205,"comment_status":"open","ping_status":"closed","template":"","meta":[],"product_brand":[],"product_cat":[293],"product_tag":[],"class_list":{"0":"post-25209","1":"product","2":"type-product","3":"status-publish","4":"has-post-thumbnail","6":"product_cat-staleks-de-2","8":"first","9":"instock","10":"shipping-taxable","11":"purchasable","12":"product-type-simple"},"yoast_head":"<!-- This site is optimized with the Yoast SEO plugin v23.1 - https:\/\/yoast.com\/wordpress\/plugins\/seo\/ -->\n<title>Hartmetall-Nagelbohrer FT110B060\/14 Tannenzapfen blau - Natelli - Nail Shop<\/title>\n<meta name=\"robots\" content=\"index, follow, max-snippet:-1, max-image-preview:large, max-video-preview:-1\" \/>\n<link rel=\"canonical\" href=\"https:\/\/www.natelli-shop.com\/de\/produkt\/hartmetall-nagelbohrer-ft110b060-14-tannenzapfen-blau\/\" \/>\n<meta property=\"og:locale\" content=\"de_DE\" \/>\n<meta property=\"og:type\" content=\"article\" \/>\n<meta property=\"og:title\" content=\"Hartmetall-Nagelbohrer FT110B060\/14 Tannenzapfen blau - Natelli - Nail Shop\" \/>\n<meta property=\"og:description\" content=\"Hartmetalld\u00fcse f\u00fcr Hardware-Manik\u00fcre\/Pedik\u00fcre. Rote Kerbe von weicher H\u00e4rte. Form &#8222;Tannenzapfen&#8220; f\u00fcr die Korrektur von Kunstn\u00e4geln, Entfernung von Gellack und Hartlacken.\" \/>\n<meta property=\"og:url\" content=\"https:\/\/www.natelli-shop.com\/de\/produkt\/hartmetall-nagelbohrer-ft110b060-14-tannenzapfen-blau\/\" \/>\n<meta property=\"og:site_name\" content=\"Natelli - Nail Shop\" \/>\n<meta property=\"article:modified_time\" content=\"2025-07-31T23:00:24+00:00\" \/>\n<meta property=\"og:image\" content=\"https:\/\/i0.wp.com\/www.natelli-shop.com\/wp-content\/uploads\/2024\/12\/90042287a_667-1000x1000-1.jpg?fit=1000%2C1000&ssl=1\" \/>\n\t<meta property=\"og:image:width\" content=\"1000\" \/>\n\t<meta property=\"og:image:height\" content=\"1000\" \/>\n\t<meta property=\"og:image:type\" content=\"image\/jpeg\" \/>\n<meta name=\"twitter:card\" content=\"summary_large_image\" \/>\n<meta name=\"twitter:label1\" content=\"Gesch\u00e4tzte Lesezeit\" \/>\n\t<meta name=\"twitter:data1\" content=\"1\u00a0Minute\" \/>\n<script type=\"application\/ld+json\" class=\"yoast-schema-graph\">{\"@context\":\"https:\/\/schema.org\",\"@graph\":[{\"@type\":\"WebPage\",\"@id\":\"https:\/\/www.natelli-shop.com\/de\/produkt\/hartmetall-nagelbohrer-ft110b060-14-tannenzapfen-blau\/\",\"url\":\"https:\/\/www.natelli-shop.com\/de\/produkt\/hartmetall-nagelbohrer-ft110b060-14-tannenzapfen-blau\/\",\"name\":\"Hartmetall-Nagelbohrer FT110B060\/14 Tannenzapfen blau - Natelli - Nail Shop\",\"isPartOf\":{\"@id\":\"https:\/\/www.natelli-shop.com\/de\/#website\"},\"primaryImageOfPage\":{\"@id\":\"https:\/\/www.natelli-shop.com\/de\/produkt\/hartmetall-nagelbohrer-ft110b060-14-tannenzapfen-blau\/#primaryimage\"},\"image\":{\"@id\":\"https:\/\/www.natelli-shop.com\/de\/produkt\/hartmetall-nagelbohrer-ft110b060-14-tannenzapfen-blau\/#primaryimage\"},\"thumbnailUrl\":\"https:\/\/www.natelli-shop.com\/wp-content\/uploads\/2024\/12\/90042287a_667-1000x1000-1.jpg\",\"datePublished\":\"2024-12-20T11:39:00+00:00\",\"dateModified\":\"2025-07-31T23:00:24+00:00\",\"breadcrumb\":{\"@id\":\"https:\/\/www.natelli-shop.com\/de\/produkt\/hartmetall-nagelbohrer-ft110b060-14-tannenzapfen-blau\/#breadcrumb\"},\"inLanguage\":\"de\",\"potentialAction\":[{\"@type\":\"ReadAction\",\"target\":[\"https:\/\/www.natelli-shop.com\/de\/produkt\/hartmetall-nagelbohrer-ft110b060-14-tannenzapfen-blau\/\"]}]},{\"@type\":\"ImageObject\",\"inLanguage\":\"de\",\"@id\":\"https:\/\/www.natelli-shop.com\/de\/produkt\/hartmetall-nagelbohrer-ft110b060-14-tannenzapfen-blau\/#primaryimage\",\"url\":\"https:\/\/www.natelli-shop.com\/wp-content\/uploads\/2024\/12\/90042287a_667-1000x1000-1.jpg\",\"contentUrl\":\"https:\/\/www.natelli-shop.com\/wp-content\/uploads\/2024\/12\/90042287a_667-1000x1000-1.jpg\",\"width\":1000,\"height\":1000},{\"@type\":\"BreadcrumbList\",\"@id\":\"https:\/\/www.natelli-shop.com\/de\/produkt\/hartmetall-nagelbohrer-ft110b060-14-tannenzapfen-blau\/#breadcrumb\",\"itemListElement\":[{\"@type\":\"ListItem\",\"position\":1,\"name\":\"Home\",\"item\":\"https:\/\/www.natelli-shop.com\/de\/startseite\/\"},{\"@type\":\"ListItem\",\"position\":2,\"name\":\"Shop\",\"item\":\"https:\/\/www.natelli-shop.com\/de\/shop\/\"},{\"@type\":\"ListItem\",\"position\":3,\"name\":\"Hartmetall-Nagelbohrer FT110B060\/14 Tannenzapfen blau\"}]},{\"@type\":\"WebSite\",\"@id\":\"https:\/\/www.natelli-shop.com\/de\/#website\",\"url\":\"https:\/\/www.natelli-shop.com\/de\/\",\"name\":\"Natelli - Nail Shop\",\"description\":\"\",\"publisher\":{\"@id\":\"https:\/\/www.natelli-shop.com\/de\/#organization\"},\"potentialAction\":[{\"@type\":\"SearchAction\",\"target\":{\"@type\":\"EntryPoint\",\"urlTemplate\":\"https:\/\/www.natelli-shop.com\/de\/?s={search_term_string}\"},\"query-input\":\"required name=search_term_string\"}],\"inLanguage\":\"de\"},{\"@type\":\"Organization\",\"@id\":\"https:\/\/www.natelli-shop.com\/de\/#organization\",\"name\":\"Natelli - Nail Shop\",\"url\":\"https:\/\/www.natelli-shop.com\/de\/\",\"logo\":{\"@type\":\"ImageObject\",\"inLanguage\":\"de\",\"@id\":\"https:\/\/www.natelli-shop.com\/de\/#\/schema\/logo\/image\/\",\"url\":\"https:\/\/www.natelli-shop.com\/wp-content\/uploads\/2024\/08\/\u0438\u0437\u043e\u0431\u0440\u0430\u0436\u0435\u043d\u0438\u0435_viber_2024-07-31_10-59-46-791.jpg\",\"contentUrl\":\"https:\/\/www.natelli-shop.com\/wp-content\/uploads\/2024\/08\/\u0438\u0437\u043e\u0431\u0440\u0430\u0436\u0435\u043d\u0438\u0435_viber_2024-07-31_10-59-46-791.jpg\",\"width\":1181,\"height\":1186,\"caption\":\"Natelli - Nail Shop\"},\"image\":{\"@id\":\"https:\/\/www.natelli-shop.com\/de\/#\/schema\/logo\/image\/\"}}]}<\/script>\n<!-- \/ Yoast SEO plugin. -->","yoast_head_json":{"title":"Hartmetall-Nagelbohrer FT110B060\/14 Tannenzapfen blau - Natelli - Nail Shop","robots":{"index":"index","follow":"follow","max-snippet":"max-snippet:-1","max-image-preview":"max-image-preview:large","max-video-preview":"max-video-preview:-1"},"canonical":"https:\/\/www.natelli-shop.com\/de\/produkt\/hartmetall-nagelbohrer-ft110b060-14-tannenzapfen-blau\/","og_locale":"de_DE","og_type":"article","og_title":"Hartmetall-Nagelbohrer FT110B060\/14 Tannenzapfen blau - Natelli - Nail Shop","og_description":"Hartmetalld\u00fcse f\u00fcr Hardware-Manik\u00fcre\/Pedik\u00fcre. Rote Kerbe von weicher H\u00e4rte. Form &#8222;Tannenzapfen&#8220; f\u00fcr die Korrektur von Kunstn\u00e4geln, Entfernung von Gellack und Hartlacken.","og_url":"https:\/\/www.natelli-shop.com\/de\/produkt\/hartmetall-nagelbohrer-ft110b060-14-tannenzapfen-blau\/","og_site_name":"Natelli - Nail Shop","article_modified_time":"2025-07-31T23:00:24+00:00","og_image":[{"width":1000,"height":1000,"url":"https:\/\/i0.wp.com\/www.natelli-shop.com\/wp-content\/uploads\/2024\/12\/90042287a_667-1000x1000-1.jpg?fit=1000%2C1000&ssl=1","type":"image\/jpeg"}],"twitter_card":"summary_large_image","twitter_misc":{"Gesch\u00e4tzte Lesezeit":"1\u00a0Minute"},"schema":{"@context":"https:\/\/schema.org","@graph":[{"@type":"WebPage","@id":"https:\/\/www.natelli-shop.com\/de\/produkt\/hartmetall-nagelbohrer-ft110b060-14-tannenzapfen-blau\/","url":"https:\/\/www.natelli-shop.com\/de\/produkt\/hartmetall-nagelbohrer-ft110b060-14-tannenzapfen-blau\/","name":"Hartmetall-Nagelbohrer FT110B060\/14 Tannenzapfen blau - Natelli - Nail Shop","isPartOf":{"@id":"https:\/\/www.natelli-shop.com\/de\/#website"},"primaryImageOfPage":{"@id":"https:\/\/www.natelli-shop.com\/de\/produkt\/hartmetall-nagelbohrer-ft110b060-14-tannenzapfen-blau\/#primaryimage"},"image":{"@id":"https:\/\/www.natelli-shop.com\/de\/produkt\/hartmetall-nagelbohrer-ft110b060-14-tannenzapfen-blau\/#primaryimage"},"thumbnailUrl":"https:\/\/www.natelli-shop.com\/wp-content\/uploads\/2024\/12\/90042287a_667-1000x1000-1.jpg","datePublished":"2024-12-20T11:39:00+00:00","dateModified":"2025-07-31T23:00:24+00:00","breadcrumb":{"@id":"https:\/\/www.natelli-shop.com\/de\/produkt\/hartmetall-nagelbohrer-ft110b060-14-tannenzapfen-blau\/#breadcrumb"},"inLanguage":"de","potentialAction":[{"@type":"ReadAction","target":["https:\/\/www.natelli-shop.com\/de\/produkt\/hartmetall-nagelbohrer-ft110b060-14-tannenzapfen-blau\/"]}]},{"@type":"ImageObject","inLanguage":"de","@id":"https:\/\/www.natelli-shop.com\/de\/produkt\/hartmetall-nagelbohrer-ft110b060-14-tannenzapfen-blau\/#primaryimage","url":"https:\/\/www.natelli-shop.com\/wp-content\/uploads\/2024\/12\/90042287a_667-1000x1000-1.jpg","contentUrl":"https:\/\/www.natelli-shop.com\/wp-content\/uploads\/2024\/12\/90042287a_667-1000x1000-1.jpg","width":1000,"height":1000},{"@type":"BreadcrumbList","@id":"https:\/\/www.natelli-shop.com\/de\/produkt\/hartmetall-nagelbohrer-ft110b060-14-tannenzapfen-blau\/#breadcrumb","itemListElement":[{"@type":"ListItem","position":1,"name":"Home","item":"https:\/\/www.natelli-shop.com\/de\/startseite\/"},{"@type":"ListItem","position":2,"name":"Shop","item":"https:\/\/www.natelli-shop.com\/de\/shop\/"},{"@type":"ListItem","position":3,"name":"Hartmetall-Nagelbohrer FT110B060\/14 Tannenzapfen blau"}]},{"@type":"WebSite","@id":"https:\/\/www.natelli-shop.com\/de\/#website","url":"https:\/\/www.natelli-shop.com\/de\/","name":"Natelli - Nail Shop","description":"","publisher":{"@id":"https:\/\/www.natelli-shop.com\/de\/#organization"},"potentialAction":[{"@type":"SearchAction","target":{"@type":"EntryPoint","urlTemplate":"https:\/\/www.natelli-shop.com\/de\/?s={search_term_string}"},"query-input":"required name=search_term_string"}],"inLanguage":"de"},{"@type":"Organization","@id":"https:\/\/www.natelli-shop.com\/de\/#organization","name":"Natelli - Nail Shop","url":"https:\/\/www.natelli-shop.com\/de\/","logo":{"@type":"ImageObject","inLanguage":"de","@id":"https:\/\/www.natelli-shop.com\/de\/#\/schema\/logo\/image\/","url":"https:\/\/www.natelli-shop.com\/wp-content\/uploads\/2024\/08\/\u0438\u0437\u043e\u0431\u0440\u0430\u0436\u0435\u043d\u0438\u0435_viber_2024-07-31_10-59-46-791.jpg","contentUrl":"https:\/\/www.natelli-shop.com\/wp-content\/uploads\/2024\/08\/\u0438\u0437\u043e\u0431\u0440\u0430\u0436\u0435\u043d\u0438\u0435_viber_2024-07-31_10-59-46-791.jpg","width":1181,"height":1186,"caption":"Natelli - Nail Shop"},"image":{"@id":"https:\/\/www.natelli-shop.com\/de\/#\/schema\/logo\/image\/"}}]}},"jetpack_sharing_enabled":true,"_links":{"self":[{"href":"https:\/\/www.natelli-shop.com\/de\/wp-json\/wp\/v2\/product\/25209","targetHints":{"allow":["GET"]}}],"collection":[{"href":"https:\/\/www.natelli-shop.com\/de\/wp-json\/wp\/v2\/product"}],"about":[{"href":"https:\/\/www.natelli-shop.com\/de\/wp-json\/wp\/v2\/types\/product"}],"replies":[{"embeddable":true,"href":"https:\/\/www.natelli-shop.com\/de\/wp-json\/wp\/v2\/comments?post=25209"}],"version-history":[{"count":0,"href":"https:\/\/www.natelli-shop.com\/de\/wp-json\/wp\/v2\/product\/25209\/revisions"}],"wp:featuredmedia":[{"embeddable":true,"href":"https:\/\/www.natelli-shop.com\/de\/wp-json\/wp\/v2\/media\/25205"}],"wp:attachment":[{"href":"https:\/\/www.natelli-shop.com\/de\/wp-json\/wp\/v2\/media?parent=25209"}],"wp:term":[{"taxonomy":"product_brand","embeddable":true,"href":"https:\/\/www.natelli-shop.com\/de\/wp-json\/wp\/v2\/product_brand?post=25209"},{"taxonomy":"product_cat","embeddable":true,"href":"https:\/\/www.natelli-shop.com\/de\/wp-json\/wp\/v2\/product_cat?post=25209"},{"taxonomy":"product_tag","embeddable":true,"href":"https:\/\/www.natelli-shop.com\/de\/wp-json\/wp\/v2\/product_tag?post=25209"}],"curies":[{"name":"wp","href":"https:\/\/api.w.org\/{rel}","templated":true}]}}