{"id":25147,"date":"2024-12-20T12:06:00","date_gmt":"2024-12-20T11:06:00","guid":{"rendered":"https:\/\/www.natelli-shop.com\/product\/schleifschwabbel-rechteckig-expert-51-150er-koernung-10-p\/"},"modified":"2025-10-03T15:56:46","modified_gmt":"2025-10-03T13:56:46","slug":"schleifschwabbel-rechteckig-expert-51-150er-koernung-10-p","status":"publish","type":"product","link":"https:\/\/www.natelli-shop.com\/de\/produkt\/schleifschwabbel-rechteckig-expert-51-150er-koernung-10-p\/","title":{"rendered":"Schleifschwabbel rechteckig EXPERT 51 150er K\u00f6rnung (10 St\u00fcck)"},"content":{"rendered":"<p><strong>BUFFER F\u00dcR N\u00c4GEL<\/strong><br \/>\nDies ist ein professionelles Werkzeug zum Schleifen und Polieren von Natur- und Kunstn\u00e4geln. Es ist aus hochwertigen Materialien hergestellt, die Effizienz und Langlebigkeit bei der Verwendung garantieren. <\/p>\n<p><strong>EIGENSCHAFTEN:<\/strong><br \/>\nForm: Rechteckig<br \/>\nAbrasivit\u00e4t: 150\/100 K\u00f6rnung<br \/>\nGr\u00f6\u00dfe: 175 x 25 x 10 mm<br \/>\nMaterial: Polyurethanschaum, abrasive Mikropartikel<br \/>\nHersteller: Staleks (Ukraine)<\/p>\n<p><strong>VORTEILE:<\/strong><br \/>\nVielseitigkeit: Geeignet zum Schleifen und Polieren von Natur- und Kunstn\u00e4geln.<br \/>\nEffizienz: Erm\u00f6glicht schnelles und hochwertiges Schleifen und Polieren.<br \/>\nSicherheit: Besch\u00e4digt die Nagelplatte nicht.<br \/>\nEinfache Handhabung: Die ergonomische Form des Polierers sorgt f\u00fcr eine bequeme Anwendung.<br \/>\nLanglebigkeit: Hergestellt aus hochwertigen Materialien, die eine lange Lebensdauer garantieren.<\/p>\n<p><strong>ANWENDUNGSEMPFEHLUNGEN:<\/strong><br \/>\nBevor Sie den Schwabbel benutzen, sollten Sie Ihre H\u00e4nde in ein warmes Wasserbad legen.<br \/>\nSie sollten Ihre N\u00e4gel mit leichten Bewegungen schleifen, ohne auf den Schwabbel zu dr\u00fccken.<br \/>\nEs wird nicht empfohlen, den Schwabbel zum Feilen der Nagelhaut zu benutzen.<br \/>\nNach dem Gebrauch sollte der Schwabbel mit einer B\u00fcrste von Staub befreit werden.<br \/>\nDer Schwabbel sollte an einem trockenen und sauberen Ort aufbewahrt werden.<\/p>\n","protected":false},"excerpt":{"rendered":"<p>BUFFER F\u00dcR N\u00c4GEL Dies ist ein professionelles Werkzeug zum Schleifen und Polieren von Natur- und Kunstn\u00e4geln. Es ist aus hochwertigen<\/p>\n","protected":false},"featured_media":25143,"comment_status":"open","ping_status":"closed","template":"","meta":[],"product_brand":[],"product_cat":[352],"product_tag":[],"class_list":{"0":"post-25147","1":"product","2":"type-product","3":"status-publish","4":"has-post-thumbnail","6":"product_cat-materialien-fuer-die-manikuere","8":"first","9":"instock","10":"shipping-taxable","11":"purchasable","12":"product-type-simple"},"yoast_head":"<!-- This site is optimized with the Yoast SEO plugin v23.1 - https:\/\/yoast.com\/wordpress\/plugins\/seo\/ -->\n<title>Schleifschwabbel rechteckig EXPERT 51 150er K\u00f6rnung (10 St\u00fcck) - Natelli - Nail Shop<\/title>\n<meta name=\"robots\" content=\"index, follow, max-snippet:-1, max-image-preview:large, max-video-preview:-1\" \/>\n<link rel=\"canonical\" href=\"https:\/\/www.natelli-shop.com\/de\/produkt\/schleifschwabbel-rechteckig-expert-51-150er-koernung-10-p\/\" \/>\n<meta property=\"og:locale\" content=\"de_DE\" \/>\n<meta property=\"og:type\" content=\"article\" \/>\n<meta property=\"og:title\" content=\"Schleifschwabbel rechteckig EXPERT 51 150er K\u00f6rnung (10 St\u00fcck) - Natelli - Nail Shop\" \/>\n<meta property=\"og:description\" content=\"BUFFER F\u00dcR N\u00c4GEL Dies ist ein professionelles Werkzeug zum Schleifen und Polieren von Natur- und Kunstn\u00e4geln. Es ist aus hochwertigen\" \/>\n<meta property=\"og:url\" content=\"https:\/\/www.natelli-shop.com\/de\/produkt\/schleifschwabbel-rechteckig-expert-51-150er-koernung-10-p\/\" \/>\n<meta property=\"og:site_name\" content=\"Natelli - Nail Shop\" \/>\n<meta property=\"article:modified_time\" content=\"2025-10-03T13:56:46+00:00\" \/>\n<meta property=\"og:image\" content=\"https:\/\/i0.wp.com\/www.natelli-shop.com\/wp-content\/uploads\/2024\/12\/p3cdp6blkpz8flhpxufpl6o8mo5pipiddvjnqsuj-detail_hd.png?fit=736%2C720&ssl=1\" \/>\n\t<meta property=\"og:image:width\" content=\"736\" \/>\n\t<meta property=\"og:image:height\" content=\"720\" \/>\n\t<meta property=\"og:image:type\" content=\"image\/png\" \/>\n<meta name=\"twitter:card\" content=\"summary_large_image\" \/>\n<meta name=\"twitter:label1\" content=\"Gesch\u00e4tzte Lesezeit\" \/>\n\t<meta name=\"twitter:data1\" content=\"1\u00a0Minute\" \/>\n<script type=\"application\/ld+json\" class=\"yoast-schema-graph\">{\"@context\":\"https:\/\/schema.org\",\"@graph\":[{\"@type\":\"WebPage\",\"@id\":\"https:\/\/www.natelli-shop.com\/de\/produkt\/schleifschwabbel-rechteckig-expert-51-150er-koernung-10-p\/\",\"url\":\"https:\/\/www.natelli-shop.com\/de\/produkt\/schleifschwabbel-rechteckig-expert-51-150er-koernung-10-p\/\",\"name\":\"Schleifschwabbel rechteckig EXPERT 51 150er K\u00f6rnung (10 St\u00fcck) - Natelli - Nail Shop\",\"isPartOf\":{\"@id\":\"https:\/\/www.natelli-shop.com\/de\/#website\"},\"primaryImageOfPage\":{\"@id\":\"https:\/\/www.natelli-shop.com\/de\/produkt\/schleifschwabbel-rechteckig-expert-51-150er-koernung-10-p\/#primaryimage\"},\"image\":{\"@id\":\"https:\/\/www.natelli-shop.com\/de\/produkt\/schleifschwabbel-rechteckig-expert-51-150er-koernung-10-p\/#primaryimage\"},\"thumbnailUrl\":\"https:\/\/www.natelli-shop.com\/wp-content\/uploads\/2024\/12\/p3cdp6blkpz8flhpxufpl6o8mo5pipiddvjnqsuj-detail_hd.png\",\"datePublished\":\"2024-12-20T11:06:00+00:00\",\"dateModified\":\"2025-10-03T13:56:46+00:00\",\"breadcrumb\":{\"@id\":\"https:\/\/www.natelli-shop.com\/de\/produkt\/schleifschwabbel-rechteckig-expert-51-150er-koernung-10-p\/#breadcrumb\"},\"inLanguage\":\"de\",\"potentialAction\":[{\"@type\":\"ReadAction\",\"target\":[\"https:\/\/www.natelli-shop.com\/de\/produkt\/schleifschwabbel-rechteckig-expert-51-150er-koernung-10-p\/\"]}]},{\"@type\":\"ImageObject\",\"inLanguage\":\"de\",\"@id\":\"https:\/\/www.natelli-shop.com\/de\/produkt\/schleifschwabbel-rechteckig-expert-51-150er-koernung-10-p\/#primaryimage\",\"url\":\"https:\/\/www.natelli-shop.com\/wp-content\/uploads\/2024\/12\/p3cdp6blkpz8flhpxufpl6o8mo5pipiddvjnqsuj-detail_hd.png\",\"contentUrl\":\"https:\/\/www.natelli-shop.com\/wp-content\/uploads\/2024\/12\/p3cdp6blkpz8flhpxufpl6o8mo5pipiddvjnqsuj-detail_hd.png\",\"width\":736,\"height\":720},{\"@type\":\"BreadcrumbList\",\"@id\":\"https:\/\/www.natelli-shop.com\/de\/produkt\/schleifschwabbel-rechteckig-expert-51-150er-koernung-10-p\/#breadcrumb\",\"itemListElement\":[{\"@type\":\"ListItem\",\"position\":1,\"name\":\"Home\",\"item\":\"https:\/\/www.natelli-shop.com\/de\/startseite\/\"},{\"@type\":\"ListItem\",\"position\":2,\"name\":\"Shop\",\"item\":\"https:\/\/www.natelli-shop.com\/de\/shop\/\"},{\"@type\":\"ListItem\",\"position\":3,\"name\":\"Schleifschwabbel rechteckig EXPERT 51 150er K\u00f6rnung (10 St\u00fcck)\"}]},{\"@type\":\"WebSite\",\"@id\":\"https:\/\/www.natelli-shop.com\/de\/#website\",\"url\":\"https:\/\/www.natelli-shop.com\/de\/\",\"name\":\"Natelli - Nail Shop\",\"description\":\"\",\"publisher\":{\"@id\":\"https:\/\/www.natelli-shop.com\/de\/#organization\"},\"potentialAction\":[{\"@type\":\"SearchAction\",\"target\":{\"@type\":\"EntryPoint\",\"urlTemplate\":\"https:\/\/www.natelli-shop.com\/de\/?s={search_term_string}\"},\"query-input\":\"required name=search_term_string\"}],\"inLanguage\":\"de\"},{\"@type\":\"Organization\",\"@id\":\"https:\/\/www.natelli-shop.com\/de\/#organization\",\"name\":\"Natelli - Nail Shop\",\"url\":\"https:\/\/www.natelli-shop.com\/de\/\",\"logo\":{\"@type\":\"ImageObject\",\"inLanguage\":\"de\",\"@id\":\"https:\/\/www.natelli-shop.com\/de\/#\/schema\/logo\/image\/\",\"url\":\"https:\/\/www.natelli-shop.com\/wp-content\/uploads\/2024\/08\/\u0438\u0437\u043e\u0431\u0440\u0430\u0436\u0435\u043d\u0438\u0435_viber_2024-07-31_10-59-46-791.jpg\",\"contentUrl\":\"https:\/\/www.natelli-shop.com\/wp-content\/uploads\/2024\/08\/\u0438\u0437\u043e\u0431\u0440\u0430\u0436\u0435\u043d\u0438\u0435_viber_2024-07-31_10-59-46-791.jpg\",\"width\":1181,\"height\":1186,\"caption\":\"Natelli - Nail Shop\"},\"image\":{\"@id\":\"https:\/\/www.natelli-shop.com\/de\/#\/schema\/logo\/image\/\"}}]}<\/script>\n<!-- \/ Yoast SEO plugin. -->","yoast_head_json":{"title":"Schleifschwabbel rechteckig EXPERT 51 150er K\u00f6rnung (10 St\u00fcck) - Natelli - Nail Shop","robots":{"index":"index","follow":"follow","max-snippet":"max-snippet:-1","max-image-preview":"max-image-preview:large","max-video-preview":"max-video-preview:-1"},"canonical":"https:\/\/www.natelli-shop.com\/de\/produkt\/schleifschwabbel-rechteckig-expert-51-150er-koernung-10-p\/","og_locale":"de_DE","og_type":"article","og_title":"Schleifschwabbel rechteckig EXPERT 51 150er K\u00f6rnung (10 St\u00fcck) - Natelli - Nail Shop","og_description":"BUFFER F\u00dcR N\u00c4GEL Dies ist ein professionelles Werkzeug zum Schleifen und Polieren von Natur- und Kunstn\u00e4geln. Es ist aus hochwertigen","og_url":"https:\/\/www.natelli-shop.com\/de\/produkt\/schleifschwabbel-rechteckig-expert-51-150er-koernung-10-p\/","og_site_name":"Natelli - Nail Shop","article_modified_time":"2025-10-03T13:56:46+00:00","og_image":[{"width":736,"height":720,"url":"https:\/\/i0.wp.com\/www.natelli-shop.com\/wp-content\/uploads\/2024\/12\/p3cdp6blkpz8flhpxufpl6o8mo5pipiddvjnqsuj-detail_hd.png?fit=736%2C720&ssl=1","type":"image\/png"}],"twitter_card":"summary_large_image","twitter_misc":{"Gesch\u00e4tzte Lesezeit":"1\u00a0Minute"},"schema":{"@context":"https:\/\/schema.org","@graph":[{"@type":"WebPage","@id":"https:\/\/www.natelli-shop.com\/de\/produkt\/schleifschwabbel-rechteckig-expert-51-150er-koernung-10-p\/","url":"https:\/\/www.natelli-shop.com\/de\/produkt\/schleifschwabbel-rechteckig-expert-51-150er-koernung-10-p\/","name":"Schleifschwabbel rechteckig EXPERT 51 150er K\u00f6rnung (10 St\u00fcck) - Natelli - Nail Shop","isPartOf":{"@id":"https:\/\/www.natelli-shop.com\/de\/#website"},"primaryImageOfPage":{"@id":"https:\/\/www.natelli-shop.com\/de\/produkt\/schleifschwabbel-rechteckig-expert-51-150er-koernung-10-p\/#primaryimage"},"image":{"@id":"https:\/\/www.natelli-shop.com\/de\/produkt\/schleifschwabbel-rechteckig-expert-51-150er-koernung-10-p\/#primaryimage"},"thumbnailUrl":"https:\/\/www.natelli-shop.com\/wp-content\/uploads\/2024\/12\/p3cdp6blkpz8flhpxufpl6o8mo5pipiddvjnqsuj-detail_hd.png","datePublished":"2024-12-20T11:06:00+00:00","dateModified":"2025-10-03T13:56:46+00:00","breadcrumb":{"@id":"https:\/\/www.natelli-shop.com\/de\/produkt\/schleifschwabbel-rechteckig-expert-51-150er-koernung-10-p\/#breadcrumb"},"inLanguage":"de","potentialAction":[{"@type":"ReadAction","target":["https:\/\/www.natelli-shop.com\/de\/produkt\/schleifschwabbel-rechteckig-expert-51-150er-koernung-10-p\/"]}]},{"@type":"ImageObject","inLanguage":"de","@id":"https:\/\/www.natelli-shop.com\/de\/produkt\/schleifschwabbel-rechteckig-expert-51-150er-koernung-10-p\/#primaryimage","url":"https:\/\/www.natelli-shop.com\/wp-content\/uploads\/2024\/12\/p3cdp6blkpz8flhpxufpl6o8mo5pipiddvjnqsuj-detail_hd.png","contentUrl":"https:\/\/www.natelli-shop.com\/wp-content\/uploads\/2024\/12\/p3cdp6blkpz8flhpxufpl6o8mo5pipiddvjnqsuj-detail_hd.png","width":736,"height":720},{"@type":"BreadcrumbList","@id":"https:\/\/www.natelli-shop.com\/de\/produkt\/schleifschwabbel-rechteckig-expert-51-150er-koernung-10-p\/#breadcrumb","itemListElement":[{"@type":"ListItem","position":1,"name":"Home","item":"https:\/\/www.natelli-shop.com\/de\/startseite\/"},{"@type":"ListItem","position":2,"name":"Shop","item":"https:\/\/www.natelli-shop.com\/de\/shop\/"},{"@type":"ListItem","position":3,"name":"Schleifschwabbel rechteckig EXPERT 51 150er K\u00f6rnung (10 St\u00fcck)"}]},{"@type":"WebSite","@id":"https:\/\/www.natelli-shop.com\/de\/#website","url":"https:\/\/www.natelli-shop.com\/de\/","name":"Natelli - Nail Shop","description":"","publisher":{"@id":"https:\/\/www.natelli-shop.com\/de\/#organization"},"potentialAction":[{"@type":"SearchAction","target":{"@type":"EntryPoint","urlTemplate":"https:\/\/www.natelli-shop.com\/de\/?s={search_term_string}"},"query-input":"required name=search_term_string"}],"inLanguage":"de"},{"@type":"Organization","@id":"https:\/\/www.natelli-shop.com\/de\/#organization","name":"Natelli - Nail Shop","url":"https:\/\/www.natelli-shop.com\/de\/","logo":{"@type":"ImageObject","inLanguage":"de","@id":"https:\/\/www.natelli-shop.com\/de\/#\/schema\/logo\/image\/","url":"https:\/\/www.natelli-shop.com\/wp-content\/uploads\/2024\/08\/\u0438\u0437\u043e\u0431\u0440\u0430\u0436\u0435\u043d\u0438\u0435_viber_2024-07-31_10-59-46-791.jpg","contentUrl":"https:\/\/www.natelli-shop.com\/wp-content\/uploads\/2024\/08\/\u0438\u0437\u043e\u0431\u0440\u0430\u0436\u0435\u043d\u0438\u0435_viber_2024-07-31_10-59-46-791.jpg","width":1181,"height":1186,"caption":"Natelli - Nail Shop"},"image":{"@id":"https:\/\/www.natelli-shop.com\/de\/#\/schema\/logo\/image\/"}}]}},"jetpack_sharing_enabled":true,"_links":{"self":[{"href":"https:\/\/www.natelli-shop.com\/de\/wp-json\/wp\/v2\/product\/25147","targetHints":{"allow":["GET"]}}],"collection":[{"href":"https:\/\/www.natelli-shop.com\/de\/wp-json\/wp\/v2\/product"}],"about":[{"href":"https:\/\/www.natelli-shop.com\/de\/wp-json\/wp\/v2\/types\/product"}],"replies":[{"embeddable":true,"href":"https:\/\/www.natelli-shop.com\/de\/wp-json\/wp\/v2\/comments?post=25147"}],"version-history":[{"count":0,"href":"https:\/\/www.natelli-shop.com\/de\/wp-json\/wp\/v2\/product\/25147\/revisions"}],"wp:featuredmedia":[{"embeddable":true,"href":"https:\/\/www.natelli-shop.com\/de\/wp-json\/wp\/v2\/media\/25143"}],"wp:attachment":[{"href":"https:\/\/www.natelli-shop.com\/de\/wp-json\/wp\/v2\/media?parent=25147"}],"wp:term":[{"taxonomy":"product_brand","embeddable":true,"href":"https:\/\/www.natelli-shop.com\/de\/wp-json\/wp\/v2\/product_brand?post=25147"},{"taxonomy":"product_cat","embeddable":true,"href":"https:\/\/www.natelli-shop.com\/de\/wp-json\/wp\/v2\/product_cat?post=25147"},{"taxonomy":"product_tag","embeddable":true,"href":"https:\/\/www.natelli-shop.com\/de\/wp-json\/wp\/v2\/product_tag?post=25147"}],"curies":[{"name":"wp","href":"https:\/\/api.w.org\/{rel}","templated":true}]}}