{"id":24691,"date":"2024-11-24T13:47:00","date_gmt":"2024-11-24T12:47:00","guid":{"rendered":"https:\/\/www.natelli-shop.com\/?post_type=product&#038;p=24691"},"modified":"2026-04-01T01:00:39","modified_gmt":"2026-03-31T23:00:39","slug":"lunamoon-farbe-nr03-13ml-copy","status":"publish","type":"product","link":"https:\/\/www.natelli-shop.com\/de\/produkt\/lunamoon-farbe-nr03-13ml-copy\/","title":{"rendered":"Lunamoon Farbe nr04 8ml"},"content":{"rendered":"<p><strong>Gel-Polituren \u21164<\/strong><\/p>\n<p>Der perfekt pigmentierte Gel-Lack, der sich in einer oder zwei d\u00fcnnen Schichten gleichm\u00e4\u00dfig auftragen l\u00e4sst. Er streift beim Auftragen nicht und gl\u00e4ttet sich leicht selbst. Er hat eine mittelstarke Konsistenz.  <\/p>\n<p><strong>Anwendungsmethode:<\/strong><\/p>\n<ul>\n<li>Nach dem Ausgleichen mit der Base\/dem Gel m\u00fcssen Sie die Klebrigkeit entfernen.<\/li>\n<li>Es wird empfohlen, den Gel-Lack in zwei d\u00fcnnen Schichten aufzutragen.<\/li>\n<li>Tragen Sie Gel-Lack auf (1-2 d\u00fcnne Schichten). Wir nehmen das Material mit einem Pinsel auf, zeichnen die Mitte des Nagels und dann die Seitenw\u00e4nde. Verwenden Sie einen feinen Pinsel, um das Material bis zur Nagelhaut zu bringen. Die erste Schicht sollte immer durchscheinend sein.   <\/li>\n<li>60 Sekunden lang trocknen.<\/li>\n<li>Wir pr\u00fcfen mit einem Orangenstab, ob alles trocken ist.<\/li>\n<li>Mit einem Deckel abdecken und 120 Sekunden lang in einer Lampe trocknen.<br \/>\n(Die Produktfotos auf der Website k\u00f6nnen vom tats\u00e4chlichen Produkt abweichen)<\/li>\n<\/ul>\n<p><strong>Haltbarkeit von Gelpolieren<\/strong>: 24 Monate. Ge\u00f6ffnet nicht l\u00e4nger als 18 Monate aufbewahren.<br \/>\n<strong>TPO FREE<\/strong><br \/>\n(Die Produktfotos auf der Website k\u00f6nnen vom tats\u00e4chlichen Produkt abweichen).<\/p>\n","protected":false},"excerpt":{"rendered":"<p>Gel-Polituren \u21164 Der perfekt pigmentierte Gel-Lack, der sich in einer oder zwei d\u00fcnnen Schichten gleichm\u00e4\u00dfig auftragen l\u00e4sst. Er streift beim<\/p>\n","protected":false},"featured_media":24694,"comment_status":"open","ping_status":"closed","template":"","meta":[],"product_brand":[],"product_cat":[357],"product_tag":[],"class_list":{"0":"post-24691","1":"product","2":"type-product","3":"status-publish","4":"has-post-thumbnail","6":"product_cat-lunamoon-gel-polish-de","8":"first","9":"instock","10":"shipping-taxable","11":"purchasable","12":"product-type-simple"},"yoast_head":"<!-- This site is optimized with the Yoast SEO plugin v23.1 - https:\/\/yoast.com\/wordpress\/plugins\/seo\/ -->\n<title>Lunamoon Farbe nr04 8ml - Natelli - Nail Shop<\/title>\n<meta name=\"robots\" content=\"index, follow, max-snippet:-1, max-image-preview:large, max-video-preview:-1\" \/>\n<link rel=\"canonical\" href=\"https:\/\/www.natelli-shop.com\/de\/produkt\/lunamoon-farbe-nr03-13ml-copy\/\" \/>\n<meta property=\"og:locale\" content=\"de_DE\" \/>\n<meta property=\"og:type\" content=\"article\" \/>\n<meta property=\"og:title\" content=\"Lunamoon Farbe nr04 8ml - Natelli - Nail Shop\" \/>\n<meta property=\"og:description\" content=\"Gel-Polituren \u21164 Der perfekt pigmentierte Gel-Lack, der sich in einer oder zwei d\u00fcnnen Schichten gleichm\u00e4\u00dfig auftragen l\u00e4sst. Er streift beim\" \/>\n<meta property=\"og:url\" content=\"https:\/\/www.natelli-shop.com\/de\/produkt\/lunamoon-farbe-nr03-13ml-copy\/\" \/>\n<meta property=\"og:site_name\" content=\"Natelli - Nail Shop\" \/>\n<meta property=\"article:modified_time\" content=\"2026-03-31T23:00:39+00:00\" \/>\n<meta property=\"og:image\" content=\"https:\/\/i0.wp.com\/www.natelli-shop.com\/wp-content\/uploads\/2024\/11\/lunamoongelpolishcolor04.webp.jpeg?fit=674%2C674&ssl=1\" \/>\n\t<meta property=\"og:image:width\" content=\"674\" \/>\n\t<meta property=\"og:image:height\" content=\"674\" \/>\n\t<meta property=\"og:image:type\" content=\"image\/jpeg\" \/>\n<meta name=\"twitter:card\" content=\"summary_large_image\" \/>\n<meta name=\"twitter:label1\" content=\"Gesch\u00e4tzte Lesezeit\" \/>\n\t<meta name=\"twitter:data1\" content=\"1\u00a0Minute\" \/>\n<script type=\"application\/ld+json\" class=\"yoast-schema-graph\">{\"@context\":\"https:\/\/schema.org\",\"@graph\":[{\"@type\":\"WebPage\",\"@id\":\"https:\/\/www.natelli-shop.com\/de\/produkt\/lunamoon-farbe-nr03-13ml-copy\/\",\"url\":\"https:\/\/www.natelli-shop.com\/de\/produkt\/lunamoon-farbe-nr03-13ml-copy\/\",\"name\":\"Lunamoon Farbe nr04 8ml - Natelli - Nail Shop\",\"isPartOf\":{\"@id\":\"https:\/\/www.natelli-shop.com\/de\/#website\"},\"primaryImageOfPage\":{\"@id\":\"https:\/\/www.natelli-shop.com\/de\/produkt\/lunamoon-farbe-nr03-13ml-copy\/#primaryimage\"},\"image\":{\"@id\":\"https:\/\/www.natelli-shop.com\/de\/produkt\/lunamoon-farbe-nr03-13ml-copy\/#primaryimage\"},\"thumbnailUrl\":\"https:\/\/www.natelli-shop.com\/wp-content\/uploads\/2024\/11\/lunamoongelpolishcolor04.webp.jpeg\",\"datePublished\":\"2024-11-24T12:47:00+00:00\",\"dateModified\":\"2026-03-31T23:00:39+00:00\",\"breadcrumb\":{\"@id\":\"https:\/\/www.natelli-shop.com\/de\/produkt\/lunamoon-farbe-nr03-13ml-copy\/#breadcrumb\"},\"inLanguage\":\"de\",\"potentialAction\":[{\"@type\":\"ReadAction\",\"target\":[\"https:\/\/www.natelli-shop.com\/de\/produkt\/lunamoon-farbe-nr03-13ml-copy\/\"]}]},{\"@type\":\"ImageObject\",\"inLanguage\":\"de\",\"@id\":\"https:\/\/www.natelli-shop.com\/de\/produkt\/lunamoon-farbe-nr03-13ml-copy\/#primaryimage\",\"url\":\"https:\/\/www.natelli-shop.com\/wp-content\/uploads\/2024\/11\/lunamoongelpolishcolor04.webp.jpeg\",\"contentUrl\":\"https:\/\/www.natelli-shop.com\/wp-content\/uploads\/2024\/11\/lunamoongelpolishcolor04.webp.jpeg\",\"width\":674,\"height\":674},{\"@type\":\"BreadcrumbList\",\"@id\":\"https:\/\/www.natelli-shop.com\/de\/produkt\/lunamoon-farbe-nr03-13ml-copy\/#breadcrumb\",\"itemListElement\":[{\"@type\":\"ListItem\",\"position\":1,\"name\":\"Home\",\"item\":\"https:\/\/www.natelli-shop.com\/de\/startseite\/\"},{\"@type\":\"ListItem\",\"position\":2,\"name\":\"Shop\",\"item\":\"https:\/\/www.natelli-shop.com\/de\/shop\/\"},{\"@type\":\"ListItem\",\"position\":3,\"name\":\"Lunamoon Farbe nr04 8ml\"}]},{\"@type\":\"WebSite\",\"@id\":\"https:\/\/www.natelli-shop.com\/de\/#website\",\"url\":\"https:\/\/www.natelli-shop.com\/de\/\",\"name\":\"Natelli - Nail Shop\",\"description\":\"\",\"publisher\":{\"@id\":\"https:\/\/www.natelli-shop.com\/de\/#organization\"},\"potentialAction\":[{\"@type\":\"SearchAction\",\"target\":{\"@type\":\"EntryPoint\",\"urlTemplate\":\"https:\/\/www.natelli-shop.com\/de\/?s={search_term_string}\"},\"query-input\":\"required name=search_term_string\"}],\"inLanguage\":\"de\"},{\"@type\":\"Organization\",\"@id\":\"https:\/\/www.natelli-shop.com\/de\/#organization\",\"name\":\"Natelli - Nail Shop\",\"url\":\"https:\/\/www.natelli-shop.com\/de\/\",\"logo\":{\"@type\":\"ImageObject\",\"inLanguage\":\"de\",\"@id\":\"https:\/\/www.natelli-shop.com\/de\/#\/schema\/logo\/image\/\",\"url\":\"https:\/\/www.natelli-shop.com\/wp-content\/uploads\/2024\/08\/\u0438\u0437\u043e\u0431\u0440\u0430\u0436\u0435\u043d\u0438\u0435_viber_2024-07-31_10-59-46-791.jpg\",\"contentUrl\":\"https:\/\/www.natelli-shop.com\/wp-content\/uploads\/2024\/08\/\u0438\u0437\u043e\u0431\u0440\u0430\u0436\u0435\u043d\u0438\u0435_viber_2024-07-31_10-59-46-791.jpg\",\"width\":1181,\"height\":1186,\"caption\":\"Natelli - Nail Shop\"},\"image\":{\"@id\":\"https:\/\/www.natelli-shop.com\/de\/#\/schema\/logo\/image\/\"}}]}<\/script>\n<!-- \/ Yoast SEO plugin. -->","yoast_head_json":{"title":"Lunamoon Farbe nr04 8ml - Natelli - Nail Shop","robots":{"index":"index","follow":"follow","max-snippet":"max-snippet:-1","max-image-preview":"max-image-preview:large","max-video-preview":"max-video-preview:-1"},"canonical":"https:\/\/www.natelli-shop.com\/de\/produkt\/lunamoon-farbe-nr03-13ml-copy\/","og_locale":"de_DE","og_type":"article","og_title":"Lunamoon Farbe nr04 8ml - Natelli - Nail Shop","og_description":"Gel-Polituren \u21164 Der perfekt pigmentierte Gel-Lack, der sich in einer oder zwei d\u00fcnnen Schichten gleichm\u00e4\u00dfig auftragen l\u00e4sst. Er streift beim","og_url":"https:\/\/www.natelli-shop.com\/de\/produkt\/lunamoon-farbe-nr03-13ml-copy\/","og_site_name":"Natelli - Nail Shop","article_modified_time":"2026-03-31T23:00:39+00:00","og_image":[{"width":674,"height":674,"url":"https:\/\/i0.wp.com\/www.natelli-shop.com\/wp-content\/uploads\/2024\/11\/lunamoongelpolishcolor04.webp.jpeg?fit=674%2C674&ssl=1","type":"image\/jpeg"}],"twitter_card":"summary_large_image","twitter_misc":{"Gesch\u00e4tzte Lesezeit":"1\u00a0Minute"},"schema":{"@context":"https:\/\/schema.org","@graph":[{"@type":"WebPage","@id":"https:\/\/www.natelli-shop.com\/de\/produkt\/lunamoon-farbe-nr03-13ml-copy\/","url":"https:\/\/www.natelli-shop.com\/de\/produkt\/lunamoon-farbe-nr03-13ml-copy\/","name":"Lunamoon Farbe nr04 8ml - Natelli - Nail Shop","isPartOf":{"@id":"https:\/\/www.natelli-shop.com\/de\/#website"},"primaryImageOfPage":{"@id":"https:\/\/www.natelli-shop.com\/de\/produkt\/lunamoon-farbe-nr03-13ml-copy\/#primaryimage"},"image":{"@id":"https:\/\/www.natelli-shop.com\/de\/produkt\/lunamoon-farbe-nr03-13ml-copy\/#primaryimage"},"thumbnailUrl":"https:\/\/www.natelli-shop.com\/wp-content\/uploads\/2024\/11\/lunamoongelpolishcolor04.webp.jpeg","datePublished":"2024-11-24T12:47:00+00:00","dateModified":"2026-03-31T23:00:39+00:00","breadcrumb":{"@id":"https:\/\/www.natelli-shop.com\/de\/produkt\/lunamoon-farbe-nr03-13ml-copy\/#breadcrumb"},"inLanguage":"de","potentialAction":[{"@type":"ReadAction","target":["https:\/\/www.natelli-shop.com\/de\/produkt\/lunamoon-farbe-nr03-13ml-copy\/"]}]},{"@type":"ImageObject","inLanguage":"de","@id":"https:\/\/www.natelli-shop.com\/de\/produkt\/lunamoon-farbe-nr03-13ml-copy\/#primaryimage","url":"https:\/\/www.natelli-shop.com\/wp-content\/uploads\/2024\/11\/lunamoongelpolishcolor04.webp.jpeg","contentUrl":"https:\/\/www.natelli-shop.com\/wp-content\/uploads\/2024\/11\/lunamoongelpolishcolor04.webp.jpeg","width":674,"height":674},{"@type":"BreadcrumbList","@id":"https:\/\/www.natelli-shop.com\/de\/produkt\/lunamoon-farbe-nr03-13ml-copy\/#breadcrumb","itemListElement":[{"@type":"ListItem","position":1,"name":"Home","item":"https:\/\/www.natelli-shop.com\/de\/startseite\/"},{"@type":"ListItem","position":2,"name":"Shop","item":"https:\/\/www.natelli-shop.com\/de\/shop\/"},{"@type":"ListItem","position":3,"name":"Lunamoon Farbe nr04 8ml"}]},{"@type":"WebSite","@id":"https:\/\/www.natelli-shop.com\/de\/#website","url":"https:\/\/www.natelli-shop.com\/de\/","name":"Natelli - Nail Shop","description":"","publisher":{"@id":"https:\/\/www.natelli-shop.com\/de\/#organization"},"potentialAction":[{"@type":"SearchAction","target":{"@type":"EntryPoint","urlTemplate":"https:\/\/www.natelli-shop.com\/de\/?s={search_term_string}"},"query-input":"required name=search_term_string"}],"inLanguage":"de"},{"@type":"Organization","@id":"https:\/\/www.natelli-shop.com\/de\/#organization","name":"Natelli - Nail Shop","url":"https:\/\/www.natelli-shop.com\/de\/","logo":{"@type":"ImageObject","inLanguage":"de","@id":"https:\/\/www.natelli-shop.com\/de\/#\/schema\/logo\/image\/","url":"https:\/\/www.natelli-shop.com\/wp-content\/uploads\/2024\/08\/\u0438\u0437\u043e\u0431\u0440\u0430\u0436\u0435\u043d\u0438\u0435_viber_2024-07-31_10-59-46-791.jpg","contentUrl":"https:\/\/www.natelli-shop.com\/wp-content\/uploads\/2024\/08\/\u0438\u0437\u043e\u0431\u0440\u0430\u0436\u0435\u043d\u0438\u0435_viber_2024-07-31_10-59-46-791.jpg","width":1181,"height":1186,"caption":"Natelli - Nail Shop"},"image":{"@id":"https:\/\/www.natelli-shop.com\/de\/#\/schema\/logo\/image\/"}}]}},"jetpack_sharing_enabled":true,"_links":{"self":[{"href":"https:\/\/www.natelli-shop.com\/de\/wp-json\/wp\/v2\/product\/24691","targetHints":{"allow":["GET"]}}],"collection":[{"href":"https:\/\/www.natelli-shop.com\/de\/wp-json\/wp\/v2\/product"}],"about":[{"href":"https:\/\/www.natelli-shop.com\/de\/wp-json\/wp\/v2\/types\/product"}],"replies":[{"embeddable":true,"href":"https:\/\/www.natelli-shop.com\/de\/wp-json\/wp\/v2\/comments?post=24691"}],"version-history":[{"count":0,"href":"https:\/\/www.natelli-shop.com\/de\/wp-json\/wp\/v2\/product\/24691\/revisions"}],"wp:featuredmedia":[{"embeddable":true,"href":"https:\/\/www.natelli-shop.com\/de\/wp-json\/wp\/v2\/media\/24694"}],"wp:attachment":[{"href":"https:\/\/www.natelli-shop.com\/de\/wp-json\/wp\/v2\/media?parent=24691"}],"wp:term":[{"taxonomy":"product_brand","embeddable":true,"href":"https:\/\/www.natelli-shop.com\/de\/wp-json\/wp\/v2\/product_brand?post=24691"},{"taxonomy":"product_cat","embeddable":true,"href":"https:\/\/www.natelli-shop.com\/de\/wp-json\/wp\/v2\/product_cat?post=24691"},{"taxonomy":"product_tag","embeddable":true,"href":"https:\/\/www.natelli-shop.com\/de\/wp-json\/wp\/v2\/product_tag?post=24691"}],"curies":[{"name":"wp","href":"https:\/\/api.w.org\/{rel}","templated":true}]}}