{"id":23780,"date":"2024-11-13T10:25:00","date_gmt":"2024-11-13T09:25:00","guid":{"rendered":"https:\/\/www.natelli-shop.com\/?post_type=product&#038;p=23780"},"modified":"2026-04-01T01:00:43","modified_gmt":"2026-03-31T23:00:43","slug":"lunamoon-gummibasis-13ml-30ml-copy","status":"publish","type":"product","link":"https:\/\/www.natelli-shop.com\/de\/produkt\/lunamoon-gummibasis-13ml-30ml-copy\/","title":{"rendered":"Lunamoon S\u00e4urefreie Base 13ml"},"content":{"rendered":"<p><strong>S\u00e4urefreie Basis<\/strong> ist eine elastische, transparente, s\u00e4urefreie Basis zum Ausgleichen von N\u00e4geln.<\/p>\n<p><strong>Merkmale:<\/strong><\/p>\n<ul>\n<li>Mittlere Konsistenz, selbstnivellierend.<\/li>\n<li>Bietet 3 Wochen lang Tragekomfort.<\/li>\n<li>Sehr elastisch und s\u00e4urefrei.<\/li>\n<li>L\u00e4sst sich sowohl mit der Feile als auch mit Fl\u00fcssigkeit gut entfernen.<\/li>\n<li>F\u00fcr die Pedik\u00fcre geeignet.<\/li>\n<li>Brennt nicht in der Lampe.<\/li>\n<li>Nicht f\u00fcr lange N\u00e4gel geeignet, au\u00dfer als Untergrund f\u00fcr eine andere Basis\/Gel.<\/li>\n<li>Geeignet f\u00fcr M\u00e4dchen mit Allergien gegen S\u00e4uren in Materialien.<\/li>\n<li>Kann verwendet werden, um verletzte N\u00e4gel abzudecken.<\/li>\n<li>Die Leistung der Lampe zum Trocknen betr\u00e4gt 48 W (es sollte nur die Originallampe sein).<\/li>\n<\/ul>\n<p><strong>Anwendungsmethode:<\/strong><br \/>\n1. Entfernen.<br \/>\n2. Feilen Sie die Form des Nagels nicht ab. Oder lassen Sie 2 mm L\u00e4nge \u00fcbrig, die wir nach dem Ausgleichen feilen und entfernen.<br \/>\n3. Feilen Sie den Nagel von oben ohne starken Druck mit einer Feile mit 220er K\u00f6rnung, wobei Sie die Schuppen der Nagelplatte anheben, oder verwenden Sie einen Buffer mit 100er K\u00f6rnung.<br \/>\n4. Manik\u00fcre.<br \/>\n5. Wenn Sie mit Entfernern arbeiten, waschen Sie sich nach der Anwendung die H\u00e4nde mit Wasser und Seife.<br \/>\n6. Entfetten Sie den Nagel. Sie m\u00fcssen zwei Ans\u00e4tze machen. Verwenden Sie 4 Servietten. Eine Serviette f\u00fcr 5 Finger. Die erste Methode besteht darin, die Oberfl\u00e4che des Nagels abzuwischen. Der zweite Ansatz besteht darin, einen Orangenstab zu nehmen, ihn auf eine Serviette zu legen und alles im Bereich der Nagelhaut und in den Nebenh\u00f6hlen abzuwischen.<br \/>\n7. Dehydrator.<br \/>\n8. Tragen Sie Ultra-Bond\/Primer von Lunamoon auf. Vor dem Auftragen ist es wichtig, den Pinsel mit einer fusselfreien Serviette abzuwischen und so den gesamten \u00dcberschuss zu entfernen. Tragen Sie das Ultra-Bond mit einem halbtrockenen Pinsel auf 5 Finger auf (freie Kante und Seitenparallelen). Warten Sie 1 Minute, damit der Ultra-Bond in den Nagel einziehen kann. Das ist aber nicht n\u00f6tig, die Basis ist auch ohne Primer und Ultra-Bond gut tragbar.<br \/>\n9. Unterf\u00fctterung mit der s\u00e4urefreien Basis Lunamoon. Sie wird am besten mit einem flachen Gelpinsel aufgetragen. Die Bewegungen sollten reibend sein. Es ist wichtig, dass Sie alle Vertiefungen des Nagels einzeichnen. Trocknen Sie 30 Sekunden lang.<br \/>\n10. Wischen Sie die Klebrigkeit ab.<br \/>\n11. Leveling Acid free base. Trocknen Sie 60 Sekunden lang in der Lampe.<br \/>\n12. Feilen Sie die Form nach dem Gl\u00e4tten. Dies ist notwendig, um am Ende eine Dicke zu erzeugen, die die freie Kante h\u00e4lt.<br \/>\n13. Entfernen Sie nach dem Feilen die Klebrigkeit und bedecken Sie sie in einer d\u00fcnnen Schicht mit Gelpolitur oder Camouflage-Base.<br \/>\n14. Tragen Sie den Deckel auf und trocknen Sie ihn 120 Sekunden lang. Wischen Sie nach dem Trocknen nicht mit irgendetwas ab, da sonst der Glanz verloren geht.<\/p>\n","protected":false},"excerpt":{"rendered":"<p>S\u00e4urefreie Basis ist eine elastische, transparente, s\u00e4urefreie Basis zum Ausgleichen von N\u00e4geln. Merkmale: Mittlere Konsistenz, selbstnivellierend. Bietet 3 Wochen lang<\/p>\n","protected":false},"featured_media":28642,"comment_status":"open","ping_status":"closed","template":"","meta":[],"product_brand":[],"product_cat":[572],"product_tag":[],"class_list":{"0":"post-23780","1":"product","2":"type-product","3":"status-publish","4":"has-post-thumbnail","6":"product_cat-transparente-basen-de","8":"first","9":"instock","10":"shipping-taxable","11":"purchasable","12":"product-type-simple"},"yoast_head":"<!-- This site is optimized with the Yoast SEO plugin v23.1 - https:\/\/yoast.com\/wordpress\/plugins\/seo\/ -->\n<title>Lunamoon S\u00e4urefreie Base 13ml - Natelli - Nail Shop<\/title>\n<meta name=\"robots\" content=\"index, follow, max-snippet:-1, max-image-preview:large, max-video-preview:-1\" \/>\n<link rel=\"canonical\" href=\"https:\/\/www.natelli-shop.com\/de\/produkt\/lunamoon-gummibasis-13ml-30ml-copy\/\" \/>\n<meta property=\"og:locale\" content=\"de_DE\" \/>\n<meta property=\"og:type\" content=\"article\" \/>\n<meta property=\"og:title\" content=\"Lunamoon S\u00e4urefreie Base 13ml - Natelli - Nail Shop\" \/>\n<meta property=\"og:description\" content=\"S\u00e4urefreie Basis ist eine elastische, transparente, s\u00e4urefreie Basis zum Ausgleichen von N\u00e4geln. Merkmale: Mittlere Konsistenz, selbstnivellierend. Bietet 3 Wochen lang\" \/>\n<meta property=\"og:url\" content=\"https:\/\/www.natelli-shop.com\/de\/produkt\/lunamoon-gummibasis-13ml-30ml-copy\/\" \/>\n<meta property=\"og:site_name\" content=\"Natelli - Nail Shop\" \/>\n<meta property=\"article:modified_time\" content=\"2026-03-31T23:00:43+00:00\" \/>\n<meta property=\"og:image\" content=\"https:\/\/www.natelli-shop.com\/wp-content\/uploads\/2024\/11\/photo_2025-06-27-12.02.13.jpeg\" \/>\n\t<meta property=\"og:image:width\" content=\"1080\" \/>\n\t<meta property=\"og:image:height\" content=\"1080\" \/>\n\t<meta property=\"og:image:type\" content=\"image\/jpeg\" \/>\n<meta name=\"twitter:card\" content=\"summary_large_image\" \/>\n<meta name=\"twitter:label1\" content=\"Gesch\u00e4tzte Lesezeit\" \/>\n\t<meta name=\"twitter:data1\" content=\"2\u00a0Minuten\" \/>\n<script type=\"application\/ld+json\" class=\"yoast-schema-graph\">{\"@context\":\"https:\/\/schema.org\",\"@graph\":[{\"@type\":\"WebPage\",\"@id\":\"https:\/\/www.natelli-shop.com\/de\/produkt\/lunamoon-gummibasis-13ml-30ml-copy\/\",\"url\":\"https:\/\/www.natelli-shop.com\/de\/produkt\/lunamoon-gummibasis-13ml-30ml-copy\/\",\"name\":\"Lunamoon S\u00e4urefreie Base 13ml - Natelli - Nail Shop\",\"isPartOf\":{\"@id\":\"https:\/\/www.natelli-shop.com\/de\/#website\"},\"primaryImageOfPage\":{\"@id\":\"https:\/\/www.natelli-shop.com\/de\/produkt\/lunamoon-gummibasis-13ml-30ml-copy\/#primaryimage\"},\"image\":{\"@id\":\"https:\/\/www.natelli-shop.com\/de\/produkt\/lunamoon-gummibasis-13ml-30ml-copy\/#primaryimage\"},\"thumbnailUrl\":\"https:\/\/www.natelli-shop.com\/wp-content\/uploads\/2024\/11\/photo_2025-06-27-12.02.13.jpeg\",\"datePublished\":\"2024-11-13T09:25:00+00:00\",\"dateModified\":\"2026-03-31T23:00:43+00:00\",\"breadcrumb\":{\"@id\":\"https:\/\/www.natelli-shop.com\/de\/produkt\/lunamoon-gummibasis-13ml-30ml-copy\/#breadcrumb\"},\"inLanguage\":\"de\",\"potentialAction\":[{\"@type\":\"ReadAction\",\"target\":[\"https:\/\/www.natelli-shop.com\/de\/produkt\/lunamoon-gummibasis-13ml-30ml-copy\/\"]}]},{\"@type\":\"ImageObject\",\"inLanguage\":\"de\",\"@id\":\"https:\/\/www.natelli-shop.com\/de\/produkt\/lunamoon-gummibasis-13ml-30ml-copy\/#primaryimage\",\"url\":\"https:\/\/www.natelli-shop.com\/wp-content\/uploads\/2024\/11\/photo_2025-06-27-12.02.13.jpeg\",\"contentUrl\":\"https:\/\/www.natelli-shop.com\/wp-content\/uploads\/2024\/11\/photo_2025-06-27-12.02.13.jpeg\",\"width\":1080,\"height\":1080},{\"@type\":\"BreadcrumbList\",\"@id\":\"https:\/\/www.natelli-shop.com\/de\/produkt\/lunamoon-gummibasis-13ml-30ml-copy\/#breadcrumb\",\"itemListElement\":[{\"@type\":\"ListItem\",\"position\":1,\"name\":\"Home\",\"item\":\"https:\/\/www.natelli-shop.com\/de\/startseite\/\"},{\"@type\":\"ListItem\",\"position\":2,\"name\":\"Shop\",\"item\":\"https:\/\/www.natelli-shop.com\/de\/shop\/\"},{\"@type\":\"ListItem\",\"position\":3,\"name\":\"Lunamoon S\u00e4urefreie Base 13ml\"}]},{\"@type\":\"WebSite\",\"@id\":\"https:\/\/www.natelli-shop.com\/de\/#website\",\"url\":\"https:\/\/www.natelli-shop.com\/de\/\",\"name\":\"Natelli - Nail Shop\",\"description\":\"\",\"publisher\":{\"@id\":\"https:\/\/www.natelli-shop.com\/de\/#organization\"},\"potentialAction\":[{\"@type\":\"SearchAction\",\"target\":{\"@type\":\"EntryPoint\",\"urlTemplate\":\"https:\/\/www.natelli-shop.com\/de\/?s={search_term_string}\"},\"query-input\":\"required name=search_term_string\"}],\"inLanguage\":\"de\"},{\"@type\":\"Organization\",\"@id\":\"https:\/\/www.natelli-shop.com\/de\/#organization\",\"name\":\"Natelli - Nail Shop\",\"url\":\"https:\/\/www.natelli-shop.com\/de\/\",\"logo\":{\"@type\":\"ImageObject\",\"inLanguage\":\"de\",\"@id\":\"https:\/\/www.natelli-shop.com\/de\/#\/schema\/logo\/image\/\",\"url\":\"https:\/\/www.natelli-shop.com\/wp-content\/uploads\/2024\/08\/\u0438\u0437\u043e\u0431\u0440\u0430\u0436\u0435\u043d\u0438\u0435_viber_2024-07-31_10-59-46-791.jpg\",\"contentUrl\":\"https:\/\/www.natelli-shop.com\/wp-content\/uploads\/2024\/08\/\u0438\u0437\u043e\u0431\u0440\u0430\u0436\u0435\u043d\u0438\u0435_viber_2024-07-31_10-59-46-791.jpg\",\"width\":1181,\"height\":1186,\"caption\":\"Natelli - Nail Shop\"},\"image\":{\"@id\":\"https:\/\/www.natelli-shop.com\/de\/#\/schema\/logo\/image\/\"}}]}<\/script>\n<!-- \/ Yoast SEO plugin. -->","yoast_head_json":{"title":"Lunamoon S\u00e4urefreie Base 13ml - Natelli - Nail Shop","robots":{"index":"index","follow":"follow","max-snippet":"max-snippet:-1","max-image-preview":"max-image-preview:large","max-video-preview":"max-video-preview:-1"},"canonical":"https:\/\/www.natelli-shop.com\/de\/produkt\/lunamoon-gummibasis-13ml-30ml-copy\/","og_locale":"de_DE","og_type":"article","og_title":"Lunamoon S\u00e4urefreie Base 13ml - Natelli - Nail Shop","og_description":"S\u00e4urefreie Basis ist eine elastische, transparente, s\u00e4urefreie Basis zum Ausgleichen von N\u00e4geln. Merkmale: Mittlere Konsistenz, selbstnivellierend. Bietet 3 Wochen lang","og_url":"https:\/\/www.natelli-shop.com\/de\/produkt\/lunamoon-gummibasis-13ml-30ml-copy\/","og_site_name":"Natelli - Nail Shop","article_modified_time":"2026-03-31T23:00:43+00:00","og_image":[{"width":1080,"height":1080,"url":"https:\/\/www.natelli-shop.com\/wp-content\/uploads\/2024\/11\/photo_2025-06-27-12.02.13.jpeg","type":"image\/jpeg"}],"twitter_card":"summary_large_image","twitter_misc":{"Gesch\u00e4tzte Lesezeit":"2\u00a0Minuten"},"schema":{"@context":"https:\/\/schema.org","@graph":[{"@type":"WebPage","@id":"https:\/\/www.natelli-shop.com\/de\/produkt\/lunamoon-gummibasis-13ml-30ml-copy\/","url":"https:\/\/www.natelli-shop.com\/de\/produkt\/lunamoon-gummibasis-13ml-30ml-copy\/","name":"Lunamoon S\u00e4urefreie Base 13ml - Natelli - Nail Shop","isPartOf":{"@id":"https:\/\/www.natelli-shop.com\/de\/#website"},"primaryImageOfPage":{"@id":"https:\/\/www.natelli-shop.com\/de\/produkt\/lunamoon-gummibasis-13ml-30ml-copy\/#primaryimage"},"image":{"@id":"https:\/\/www.natelli-shop.com\/de\/produkt\/lunamoon-gummibasis-13ml-30ml-copy\/#primaryimage"},"thumbnailUrl":"https:\/\/www.natelli-shop.com\/wp-content\/uploads\/2024\/11\/photo_2025-06-27-12.02.13.jpeg","datePublished":"2024-11-13T09:25:00+00:00","dateModified":"2026-03-31T23:00:43+00:00","breadcrumb":{"@id":"https:\/\/www.natelli-shop.com\/de\/produkt\/lunamoon-gummibasis-13ml-30ml-copy\/#breadcrumb"},"inLanguage":"de","potentialAction":[{"@type":"ReadAction","target":["https:\/\/www.natelli-shop.com\/de\/produkt\/lunamoon-gummibasis-13ml-30ml-copy\/"]}]},{"@type":"ImageObject","inLanguage":"de","@id":"https:\/\/www.natelli-shop.com\/de\/produkt\/lunamoon-gummibasis-13ml-30ml-copy\/#primaryimage","url":"https:\/\/www.natelli-shop.com\/wp-content\/uploads\/2024\/11\/photo_2025-06-27-12.02.13.jpeg","contentUrl":"https:\/\/www.natelli-shop.com\/wp-content\/uploads\/2024\/11\/photo_2025-06-27-12.02.13.jpeg","width":1080,"height":1080},{"@type":"BreadcrumbList","@id":"https:\/\/www.natelli-shop.com\/de\/produkt\/lunamoon-gummibasis-13ml-30ml-copy\/#breadcrumb","itemListElement":[{"@type":"ListItem","position":1,"name":"Home","item":"https:\/\/www.natelli-shop.com\/de\/startseite\/"},{"@type":"ListItem","position":2,"name":"Shop","item":"https:\/\/www.natelli-shop.com\/de\/shop\/"},{"@type":"ListItem","position":3,"name":"Lunamoon S\u00e4urefreie Base 13ml"}]},{"@type":"WebSite","@id":"https:\/\/www.natelli-shop.com\/de\/#website","url":"https:\/\/www.natelli-shop.com\/de\/","name":"Natelli - Nail Shop","description":"","publisher":{"@id":"https:\/\/www.natelli-shop.com\/de\/#organization"},"potentialAction":[{"@type":"SearchAction","target":{"@type":"EntryPoint","urlTemplate":"https:\/\/www.natelli-shop.com\/de\/?s={search_term_string}"},"query-input":"required name=search_term_string"}],"inLanguage":"de"},{"@type":"Organization","@id":"https:\/\/www.natelli-shop.com\/de\/#organization","name":"Natelli - Nail Shop","url":"https:\/\/www.natelli-shop.com\/de\/","logo":{"@type":"ImageObject","inLanguage":"de","@id":"https:\/\/www.natelli-shop.com\/de\/#\/schema\/logo\/image\/","url":"https:\/\/www.natelli-shop.com\/wp-content\/uploads\/2024\/08\/\u0438\u0437\u043e\u0431\u0440\u0430\u0436\u0435\u043d\u0438\u0435_viber_2024-07-31_10-59-46-791.jpg","contentUrl":"https:\/\/www.natelli-shop.com\/wp-content\/uploads\/2024\/08\/\u0438\u0437\u043e\u0431\u0440\u0430\u0436\u0435\u043d\u0438\u0435_viber_2024-07-31_10-59-46-791.jpg","width":1181,"height":1186,"caption":"Natelli - Nail Shop"},"image":{"@id":"https:\/\/www.natelli-shop.com\/de\/#\/schema\/logo\/image\/"}}]}},"jetpack_sharing_enabled":true,"_links":{"self":[{"href":"https:\/\/www.natelli-shop.com\/de\/wp-json\/wp\/v2\/product\/23780","targetHints":{"allow":["GET"]}}],"collection":[{"href":"https:\/\/www.natelli-shop.com\/de\/wp-json\/wp\/v2\/product"}],"about":[{"href":"https:\/\/www.natelli-shop.com\/de\/wp-json\/wp\/v2\/types\/product"}],"replies":[{"embeddable":true,"href":"https:\/\/www.natelli-shop.com\/de\/wp-json\/wp\/v2\/comments?post=23780"}],"version-history":[{"count":1,"href":"https:\/\/www.natelli-shop.com\/de\/wp-json\/wp\/v2\/product\/23780\/revisions"}],"predecessor-version":[{"id":38579,"href":"https:\/\/www.natelli-shop.com\/de\/wp-json\/wp\/v2\/product\/23780\/revisions\/38579"}],"wp:featuredmedia":[{"embeddable":true,"href":"https:\/\/www.natelli-shop.com\/de\/wp-json\/wp\/v2\/media\/28642"}],"wp:attachment":[{"href":"https:\/\/www.natelli-shop.com\/de\/wp-json\/wp\/v2\/media?parent=23780"}],"wp:term":[{"taxonomy":"product_brand","embeddable":true,"href":"https:\/\/www.natelli-shop.com\/de\/wp-json\/wp\/v2\/product_brand?post=23780"},{"taxonomy":"product_cat","embeddable":true,"href":"https:\/\/www.natelli-shop.com\/de\/wp-json\/wp\/v2\/product_cat?post=23780"},{"taxonomy":"product_tag","embeddable":true,"href":"https:\/\/www.natelli-shop.com\/de\/wp-json\/wp\/v2\/product_tag?post=23780"}],"curies":[{"name":"wp","href":"https:\/\/api.w.org\/{rel}","templated":true}]}}