{"id":23514,"date":"2024-11-12T19:37:00","date_gmt":"2024-11-12T18:37:00","guid":{"rendered":"https:\/\/www.natelli-shop.com\/?post_type=product&#038;p=23514"},"modified":"2026-04-01T01:00:48","modified_gmt":"2026-03-31T23:00:48","slug":"lunamoon-cover-base-nr7-13ml-copy","status":"publish","type":"product","link":"https:\/\/www.natelli-shop.com\/de\/produkt\/lunamoon-cover-base-nr7-13ml-copy\/","title":{"rendered":"Lunamoon Cover Base nr8 ,13ml"},"content":{"rendered":"<p><strong>Cover Base 08 <\/strong>ist eine Camouflage-Basis zum Abdecken und Gl\u00e4tten der N\u00e4gel.<\/p>\n<p><strong>Merkmale:<\/strong><\/p>\n<ul>\n<li>Schwach sauer 5-6 pH.<\/li>\n<li>Elastisch und flexibel.<\/li>\n<li>Starke \u00dcberlappung des Naturnagels aufgrund der hohen Pigmentierung.<\/li>\n<li>Kann w\u00e4hrend des Tragens minimal schrumpfen, da es elastisch ist.<\/li>\n<li>Die Konsistenz ist mittel, selbstnivellierend.<\/li>\n<li>Bietet 3-4 Wochen lang Tragekomfort ohne Abbl\u00e4ttern.<\/li>\n<li>Es hat einen neutralen Geruch.<\/li>\n<li>Verhindert eine starke Erhitzung der Nagelplatte w\u00e4hrend des Polymerisationsprozesses, so dass es nicht zu Verbrennungen in der Lampe kommt.<\/li>\n<li>Hypoallergen.<\/li>\n<li>Es l\u00e4sst sich sowohl durch S\u00e4gen als auch durch Fl\u00fcssigkeit gut entfernen.<\/li>\n<li>Flie\u00dft nicht und nivelliert sich sehr schnell.<\/li>\n<li>Braucht einen Gummiboden.<\/li>\n<li>Nicht geeignet zum Gl\u00e4tten langer N\u00e4gel, ohne vorherige Verst\u00e4rkung.<\/li>\n<li>Die Trocknungszeit in der Lampe betr\u00e4gt 120 Sekunden.<\/li>\n<li>Sie k\u00f6nnen ihn zus\u00e4tzlich erhitzen, um die Konsistenz noch d\u00fcnner zu machen.<\/li>\n<li>Die Leistung der Trockenlampe betr\u00e4gt 48 W (es sollte nur die Originallampe sein).<\/li>\n<li>Die Grundregel f\u00fcr die Nivellierung lautet, dass die Dicke an den Enden 1-1,5 mm betragen sollte.<\/li>\n<li>Thixotrop &#8211; wird bei der Arbeit mit Pinselbewegungen d\u00fcnner.<\/li>\n<\/ul>\n<p><strong>Anwendungsmethode:<\/strong><br \/>\n1. Entfernen.<br \/>\n2. Wir stauben die Form des Nagels nicht ab. Oder wir lassen 2 mm L\u00e4nge \u00fcbrig, die wir abstauben und nach dem Gl\u00e4tten entfernen.<br \/>\n3. Feilen Sie den Nagel mit einer Feile mit 220er K\u00f6rnung von oben ohne starken Druck, indem Sie die Schuppen der Nagelplatte anheben, oder verwenden Sie einen Schwabbel mit 100er K\u00f6rnung.<br \/>\n4. Manik\u00fcre.<br \/>\n5. Wenn Sie mit Entfernern arbeiten, m\u00fcssen Sie Ihre H\u00e4nde nach der Verwendung mit Wasser und Seife waschen.<br \/>\n6. Entfetten der N\u00e4gel. Es ist notwendig, zwei Ans\u00e4tze zu machen. Wir verwenden 4 Servietten. Eine Serviette f\u00fcr 5 Finger. Die erste Methode besteht darin, die Oberfl\u00e4che des Nagels abzuwischen. Der zweite Ansatz besteht darin, einen Orangenstab zu nehmen, ihn auf eine Serviette zu legen und alles im Bereich der Nagelhaut und in den Nebenh\u00f6hlen abzuwischen.<x id=\"gid_7\"><\/x>7. Dehydrator (optional)<x id=\"gid_8\"><\/x>8. Wir verwenden die Grundierung wie gew\u00fcnscht. Wenn der Untergrund jedoch einen ausreichenden S\u00e4uregehalt hat, ist eine Grundierung nicht erforderlich.<x id=\"gid_9\"><\/x>9. Auskleiden mit Rubber base Lunamoon. Am besten mit einem flachen Gelpinsel auftragen. Die Bewegungen sollten reibend sein. Es ist wichtig, dass Sie alle Vertiefungen des Nagels einzeichnen. Trocknen Sie 30 Sekunden lang.<x id=\"gid_10\"><\/x>10. Wischen Sie die Klebrigkeit ab.<x id=\"gid_11\"><\/x>11. Ausrichten. Trocknen Sie 120 Sekunden lang in einer Lampe.<x id=\"gid_12\"><\/x>12. Best\u00e4uben Sie die Form nach dem Ausrichten. Dies ist notwendig, damit sich am Ende eine Dicke bildet, die die freie Kante h\u00e4lt.<x id=\"gid_13\"><\/x>13. Nach dem S\u00e4gen wischen wir die Klebrigkeit ab.<x id=\"gid_14\"><\/x>14. Tragen Sie die Deckschicht auf und trocknen Sie 120 Sekunden lang. Wischen Sie nach dem Trocknen nicht mit irgendetwas ab, da der Glanz verloren gehen k\u00f6nnte.<\/p>\n","protected":false},"excerpt":{"rendered":"<p>Cover Base 08 ist eine Camouflage-Basis zum Abdecken und Gl\u00e4tten der N\u00e4gel. Merkmale: Schwach sauer 5-6 pH. Elastisch und flexibel.<\/p>\n","protected":false},"featured_media":23517,"comment_status":"open","ping_status":"closed","template":"","meta":[],"product_brand":[],"product_cat":[230],"product_tag":[],"class_list":{"0":"post-23514","1":"product","2":"type-product","3":"status-publish","4":"has-post-thumbnail","6":"product_cat-cover-color-base-de","8":"first","9":"instock","10":"shipping-taxable","11":"purchasable","12":"product-type-simple"},"yoast_head":"<!-- This site is optimized with the Yoast SEO plugin v23.1 - https:\/\/yoast.com\/wordpress\/plugins\/seo\/ -->\n<title>Lunamoon Cover Base nr8 ,13ml - Natelli - Nail Shop<\/title>\n<meta name=\"robots\" content=\"index, follow, max-snippet:-1, max-image-preview:large, max-video-preview:-1\" \/>\n<link rel=\"canonical\" href=\"https:\/\/www.natelli-shop.com\/de\/produkt\/lunamoon-cover-base-nr7-13ml-copy\/\" \/>\n<meta property=\"og:locale\" content=\"de_DE\" \/>\n<meta property=\"og:type\" content=\"article\" \/>\n<meta property=\"og:title\" content=\"Lunamoon Cover Base nr8 ,13ml - Natelli - Nail Shop\" \/>\n<meta property=\"og:description\" content=\"Cover Base 08 ist eine Camouflage-Basis zum Abdecken und Gl\u00e4tten der N\u00e4gel. Merkmale: Schwach sauer 5-6 pH. Elastisch und flexibel.\" \/>\n<meta property=\"og:url\" content=\"https:\/\/www.natelli-shop.com\/de\/produkt\/lunamoon-cover-base-nr7-13ml-copy\/\" \/>\n<meta property=\"og:site_name\" content=\"Natelli - Nail Shop\" \/>\n<meta property=\"article:modified_time\" content=\"2026-03-31T23:00:48+00:00\" \/>\n<meta property=\"og:image\" content=\"https:\/\/i0.wp.com\/www.natelli-shop.com\/wp-content\/uploads\/2024\/11\/luna_nails_v3-231_2048x.webp.jpeg?fit=1051%2C1051&ssl=1\" \/>\n\t<meta property=\"og:image:width\" content=\"1051\" \/>\n\t<meta property=\"og:image:height\" content=\"1051\" \/>\n\t<meta property=\"og:image:type\" content=\"image\/jpeg\" \/>\n<meta name=\"twitter:card\" content=\"summary_large_image\" \/>\n<meta name=\"twitter:label1\" content=\"Gesch\u00e4tzte Lesezeit\" \/>\n\t<meta name=\"twitter:data1\" content=\"2\u00a0Minuten\" \/>\n<script type=\"application\/ld+json\" class=\"yoast-schema-graph\">{\"@context\":\"https:\/\/schema.org\",\"@graph\":[{\"@type\":\"WebPage\",\"@id\":\"https:\/\/www.natelli-shop.com\/de\/produkt\/lunamoon-cover-base-nr7-13ml-copy\/\",\"url\":\"https:\/\/www.natelli-shop.com\/de\/produkt\/lunamoon-cover-base-nr7-13ml-copy\/\",\"name\":\"Lunamoon Cover Base nr8 ,13ml - Natelli - Nail Shop\",\"isPartOf\":{\"@id\":\"https:\/\/www.natelli-shop.com\/de\/#website\"},\"primaryImageOfPage\":{\"@id\":\"https:\/\/www.natelli-shop.com\/de\/produkt\/lunamoon-cover-base-nr7-13ml-copy\/#primaryimage\"},\"image\":{\"@id\":\"https:\/\/www.natelli-shop.com\/de\/produkt\/lunamoon-cover-base-nr7-13ml-copy\/#primaryimage\"},\"thumbnailUrl\":\"https:\/\/www.natelli-shop.com\/wp-content\/uploads\/2024\/11\/luna_nails_v3-231_2048x.webp.jpeg\",\"datePublished\":\"2024-11-12T18:37:00+00:00\",\"dateModified\":\"2026-03-31T23:00:48+00:00\",\"breadcrumb\":{\"@id\":\"https:\/\/www.natelli-shop.com\/de\/produkt\/lunamoon-cover-base-nr7-13ml-copy\/#breadcrumb\"},\"inLanguage\":\"de\",\"potentialAction\":[{\"@type\":\"ReadAction\",\"target\":[\"https:\/\/www.natelli-shop.com\/de\/produkt\/lunamoon-cover-base-nr7-13ml-copy\/\"]}]},{\"@type\":\"ImageObject\",\"inLanguage\":\"de\",\"@id\":\"https:\/\/www.natelli-shop.com\/de\/produkt\/lunamoon-cover-base-nr7-13ml-copy\/#primaryimage\",\"url\":\"https:\/\/www.natelli-shop.com\/wp-content\/uploads\/2024\/11\/luna_nails_v3-231_2048x.webp.jpeg\",\"contentUrl\":\"https:\/\/www.natelli-shop.com\/wp-content\/uploads\/2024\/11\/luna_nails_v3-231_2048x.webp.jpeg\",\"width\":1051,\"height\":1051},{\"@type\":\"BreadcrumbList\",\"@id\":\"https:\/\/www.natelli-shop.com\/de\/produkt\/lunamoon-cover-base-nr7-13ml-copy\/#breadcrumb\",\"itemListElement\":[{\"@type\":\"ListItem\",\"position\":1,\"name\":\"Home\",\"item\":\"https:\/\/www.natelli-shop.com\/de\/startseite\/\"},{\"@type\":\"ListItem\",\"position\":2,\"name\":\"Shop\",\"item\":\"https:\/\/www.natelli-shop.com\/de\/shop\/\"},{\"@type\":\"ListItem\",\"position\":3,\"name\":\"Lunamoon Cover Base nr8 ,13ml\"}]},{\"@type\":\"WebSite\",\"@id\":\"https:\/\/www.natelli-shop.com\/de\/#website\",\"url\":\"https:\/\/www.natelli-shop.com\/de\/\",\"name\":\"Natelli - Nail Shop\",\"description\":\"\",\"publisher\":{\"@id\":\"https:\/\/www.natelli-shop.com\/de\/#organization\"},\"potentialAction\":[{\"@type\":\"SearchAction\",\"target\":{\"@type\":\"EntryPoint\",\"urlTemplate\":\"https:\/\/www.natelli-shop.com\/de\/?s={search_term_string}\"},\"query-input\":\"required name=search_term_string\"}],\"inLanguage\":\"de\"},{\"@type\":\"Organization\",\"@id\":\"https:\/\/www.natelli-shop.com\/de\/#organization\",\"name\":\"Natelli - Nail Shop\",\"url\":\"https:\/\/www.natelli-shop.com\/de\/\",\"logo\":{\"@type\":\"ImageObject\",\"inLanguage\":\"de\",\"@id\":\"https:\/\/www.natelli-shop.com\/de\/#\/schema\/logo\/image\/\",\"url\":\"https:\/\/www.natelli-shop.com\/wp-content\/uploads\/2024\/08\/\u0438\u0437\u043e\u0431\u0440\u0430\u0436\u0435\u043d\u0438\u0435_viber_2024-07-31_10-59-46-791.jpg\",\"contentUrl\":\"https:\/\/www.natelli-shop.com\/wp-content\/uploads\/2024\/08\/\u0438\u0437\u043e\u0431\u0440\u0430\u0436\u0435\u043d\u0438\u0435_viber_2024-07-31_10-59-46-791.jpg\",\"width\":1181,\"height\":1186,\"caption\":\"Natelli - Nail Shop\"},\"image\":{\"@id\":\"https:\/\/www.natelli-shop.com\/de\/#\/schema\/logo\/image\/\"}}]}<\/script>\n<!-- \/ Yoast SEO plugin. -->","yoast_head_json":{"title":"Lunamoon Cover Base nr8 ,13ml - Natelli - Nail Shop","robots":{"index":"index","follow":"follow","max-snippet":"max-snippet:-1","max-image-preview":"max-image-preview:large","max-video-preview":"max-video-preview:-1"},"canonical":"https:\/\/www.natelli-shop.com\/de\/produkt\/lunamoon-cover-base-nr7-13ml-copy\/","og_locale":"de_DE","og_type":"article","og_title":"Lunamoon Cover Base nr8 ,13ml - Natelli - Nail Shop","og_description":"Cover Base 08 ist eine Camouflage-Basis zum Abdecken und Gl\u00e4tten der N\u00e4gel. Merkmale: Schwach sauer 5-6 pH. Elastisch und flexibel.","og_url":"https:\/\/www.natelli-shop.com\/de\/produkt\/lunamoon-cover-base-nr7-13ml-copy\/","og_site_name":"Natelli - Nail Shop","article_modified_time":"2026-03-31T23:00:48+00:00","og_image":[{"width":1051,"height":1051,"url":"https:\/\/i0.wp.com\/www.natelli-shop.com\/wp-content\/uploads\/2024\/11\/luna_nails_v3-231_2048x.webp.jpeg?fit=1051%2C1051&ssl=1","type":"image\/jpeg"}],"twitter_card":"summary_large_image","twitter_misc":{"Gesch\u00e4tzte Lesezeit":"2\u00a0Minuten"},"schema":{"@context":"https:\/\/schema.org","@graph":[{"@type":"WebPage","@id":"https:\/\/www.natelli-shop.com\/de\/produkt\/lunamoon-cover-base-nr7-13ml-copy\/","url":"https:\/\/www.natelli-shop.com\/de\/produkt\/lunamoon-cover-base-nr7-13ml-copy\/","name":"Lunamoon Cover Base nr8 ,13ml - Natelli - Nail Shop","isPartOf":{"@id":"https:\/\/www.natelli-shop.com\/de\/#website"},"primaryImageOfPage":{"@id":"https:\/\/www.natelli-shop.com\/de\/produkt\/lunamoon-cover-base-nr7-13ml-copy\/#primaryimage"},"image":{"@id":"https:\/\/www.natelli-shop.com\/de\/produkt\/lunamoon-cover-base-nr7-13ml-copy\/#primaryimage"},"thumbnailUrl":"https:\/\/www.natelli-shop.com\/wp-content\/uploads\/2024\/11\/luna_nails_v3-231_2048x.webp.jpeg","datePublished":"2024-11-12T18:37:00+00:00","dateModified":"2026-03-31T23:00:48+00:00","breadcrumb":{"@id":"https:\/\/www.natelli-shop.com\/de\/produkt\/lunamoon-cover-base-nr7-13ml-copy\/#breadcrumb"},"inLanguage":"de","potentialAction":[{"@type":"ReadAction","target":["https:\/\/www.natelli-shop.com\/de\/produkt\/lunamoon-cover-base-nr7-13ml-copy\/"]}]},{"@type":"ImageObject","inLanguage":"de","@id":"https:\/\/www.natelli-shop.com\/de\/produkt\/lunamoon-cover-base-nr7-13ml-copy\/#primaryimage","url":"https:\/\/www.natelli-shop.com\/wp-content\/uploads\/2024\/11\/luna_nails_v3-231_2048x.webp.jpeg","contentUrl":"https:\/\/www.natelli-shop.com\/wp-content\/uploads\/2024\/11\/luna_nails_v3-231_2048x.webp.jpeg","width":1051,"height":1051},{"@type":"BreadcrumbList","@id":"https:\/\/www.natelli-shop.com\/de\/produkt\/lunamoon-cover-base-nr7-13ml-copy\/#breadcrumb","itemListElement":[{"@type":"ListItem","position":1,"name":"Home","item":"https:\/\/www.natelli-shop.com\/de\/startseite\/"},{"@type":"ListItem","position":2,"name":"Shop","item":"https:\/\/www.natelli-shop.com\/de\/shop\/"},{"@type":"ListItem","position":3,"name":"Lunamoon Cover Base nr8 ,13ml"}]},{"@type":"WebSite","@id":"https:\/\/www.natelli-shop.com\/de\/#website","url":"https:\/\/www.natelli-shop.com\/de\/","name":"Natelli - Nail Shop","description":"","publisher":{"@id":"https:\/\/www.natelli-shop.com\/de\/#organization"},"potentialAction":[{"@type":"SearchAction","target":{"@type":"EntryPoint","urlTemplate":"https:\/\/www.natelli-shop.com\/de\/?s={search_term_string}"},"query-input":"required name=search_term_string"}],"inLanguage":"de"},{"@type":"Organization","@id":"https:\/\/www.natelli-shop.com\/de\/#organization","name":"Natelli - Nail Shop","url":"https:\/\/www.natelli-shop.com\/de\/","logo":{"@type":"ImageObject","inLanguage":"de","@id":"https:\/\/www.natelli-shop.com\/de\/#\/schema\/logo\/image\/","url":"https:\/\/www.natelli-shop.com\/wp-content\/uploads\/2024\/08\/\u0438\u0437\u043e\u0431\u0440\u0430\u0436\u0435\u043d\u0438\u0435_viber_2024-07-31_10-59-46-791.jpg","contentUrl":"https:\/\/www.natelli-shop.com\/wp-content\/uploads\/2024\/08\/\u0438\u0437\u043e\u0431\u0440\u0430\u0436\u0435\u043d\u0438\u0435_viber_2024-07-31_10-59-46-791.jpg","width":1181,"height":1186,"caption":"Natelli - Nail Shop"},"image":{"@id":"https:\/\/www.natelli-shop.com\/de\/#\/schema\/logo\/image\/"}}]}},"jetpack_sharing_enabled":true,"_links":{"self":[{"href":"https:\/\/www.natelli-shop.com\/de\/wp-json\/wp\/v2\/product\/23514","targetHints":{"allow":["GET"]}}],"collection":[{"href":"https:\/\/www.natelli-shop.com\/de\/wp-json\/wp\/v2\/product"}],"about":[{"href":"https:\/\/www.natelli-shop.com\/de\/wp-json\/wp\/v2\/types\/product"}],"replies":[{"embeddable":true,"href":"https:\/\/www.natelli-shop.com\/de\/wp-json\/wp\/v2\/comments?post=23514"}],"version-history":[{"count":0,"href":"https:\/\/www.natelli-shop.com\/de\/wp-json\/wp\/v2\/product\/23514\/revisions"}],"wp:featuredmedia":[{"embeddable":true,"href":"https:\/\/www.natelli-shop.com\/de\/wp-json\/wp\/v2\/media\/23517"}],"wp:attachment":[{"href":"https:\/\/www.natelli-shop.com\/de\/wp-json\/wp\/v2\/media?parent=23514"}],"wp:term":[{"taxonomy":"product_brand","embeddable":true,"href":"https:\/\/www.natelli-shop.com\/de\/wp-json\/wp\/v2\/product_brand?post=23514"},{"taxonomy":"product_cat","embeddable":true,"href":"https:\/\/www.natelli-shop.com\/de\/wp-json\/wp\/v2\/product_cat?post=23514"},{"taxonomy":"product_tag","embeddable":true,"href":"https:\/\/www.natelli-shop.com\/de\/wp-json\/wp\/v2\/product_tag?post=23514"}],"curies":[{"name":"wp","href":"https:\/\/api.w.org\/{rel}","templated":true}]}}