{"id":23022,"date":"2024-11-08T12:54:00","date_gmt":"2024-11-08T11:54:00","guid":{"rendered":"https:\/\/www.natelli-shop.com\/?post_type=product&#038;p=23022"},"modified":"2026-03-26T15:00:18","modified_gmt":"2026-03-26T14:00:18","slug":"saga-franzosisch-basis-11-9-ml-copy","status":"publish","type":"product","link":"https:\/\/www.natelli-shop.com\/de\/produkt\/saga-franzosisch-basis-11-9-ml-copy\/","title":{"rendered":"Saga Cover Base Elastic, 04 Blassrosa, 15 ml"},"content":{"rendered":"<p>SAGA Elastic ist eine Camouflage-Basis, die die N\u00e4gel st\u00e4rkt, verl\u00e4ngert und modelliert. Die Palette an zarten Nude-T\u00f6nen l\u00e4sst keine Kundin gleichg\u00fcltig. Sie ist leicht selbstnivellierend.<br \/>\nSie kann als eigenst\u00e4ndiger \u00dcberzug verwendet werden, um nat\u00fcrliche N\u00e4gel zu versiegeln und auszurichten, oder unter losen Schattierungen von Gellacken, um die Farbe zu verst\u00e4rken. Die dicke und dicht pigmentierte Saga Elastic Base wird Ihre N\u00e4gel schnell ver\u00e4ndern und sie perfekt machen.<br \/>\nEigenschaften der Saga Elastic Base:   <\/p>\n<p>&#8211; geeignet zum Ausrichten der Nagelplatte, bietet die beste Haftung auf der Nagelplatte;<br \/>\n&#8211; breitet sich nicht aus, wird gleichm\u00e4\u00dfig verteilt;<br \/>\n&#8211; st\u00e4rkt die Nagelplatte;<br \/>\n&#8211; kein stechender Geruch;<br \/>\n&#8211; sowohl f\u00fcr die Anwendung zu Hause als auch im Salon geeignet.<\/p>\n","protected":false},"excerpt":{"rendered":"<p>SAGA Elastic ist eine Camouflage-Basis, die die N\u00e4gel st\u00e4rkt, verl\u00e4ngert und modelliert. Die Palette an zarten Nude-T\u00f6nen l\u00e4sst keine Kundin<\/p>\n","protected":false},"featured_media":23063,"comment_status":"open","ping_status":"closed","template":"","meta":[],"product_brand":[],"product_cat":[230],"product_tag":[],"class_list":{"0":"post-23022","1":"product","2":"type-product","3":"status-publish","4":"has-post-thumbnail","6":"product_cat-cover-color-base-de","8":"first","9":"outofstock","10":"shipping-taxable","11":"purchasable","12":"product-type-simple"},"yoast_head":"<!-- This site is optimized with the Yoast SEO plugin v23.1 - https:\/\/yoast.com\/wordpress\/plugins\/seo\/ -->\n<title>Saga Cover Base Elastic, 04 Blassrosa, 15 ml - Natelli - Nail Shop<\/title>\n<meta name=\"robots\" content=\"index, follow, max-snippet:-1, max-image-preview:large, max-video-preview:-1\" \/>\n<link rel=\"canonical\" href=\"https:\/\/www.natelli-shop.com\/de\/produkt\/saga-franzosisch-basis-11-9-ml-copy\/\" \/>\n<meta property=\"og:locale\" content=\"de_DE\" \/>\n<meta property=\"og:type\" content=\"article\" \/>\n<meta property=\"og:title\" content=\"Saga Cover Base Elastic, 04 Blassrosa, 15 ml - Natelli - Nail Shop\" \/>\n<meta property=\"og:description\" content=\"SAGA Elastic ist eine Camouflage-Basis, die die N\u00e4gel st\u00e4rkt, verl\u00e4ngert und modelliert. Die Palette an zarten Nude-T\u00f6nen l\u00e4sst keine Kundin\" \/>\n<meta property=\"og:url\" content=\"https:\/\/www.natelli-shop.com\/de\/produkt\/saga-franzosisch-basis-11-9-ml-copy\/\" \/>\n<meta property=\"og:site_name\" content=\"Natelli - Nail Shop\" \/>\n<meta property=\"article:modified_time\" content=\"2026-03-26T14:00:18+00:00\" \/>\n<meta property=\"og:image\" content=\"https:\/\/www.natelli-shop.com\/wp-content\/uploads\/2024\/11\/4.jpeg\" \/>\n\t<meta property=\"og:image:width\" content=\"650\" \/>\n\t<meta property=\"og:image:height\" content=\"650\" \/>\n\t<meta property=\"og:image:type\" content=\"image\/jpeg\" \/>\n<meta name=\"twitter:card\" content=\"summary_large_image\" \/>\n<meta name=\"twitter:label1\" content=\"Gesch\u00e4tzte Lesezeit\" \/>\n\t<meta name=\"twitter:data1\" content=\"1\u00a0Minute\" \/>\n<script type=\"application\/ld+json\" class=\"yoast-schema-graph\">{\"@context\":\"https:\/\/schema.org\",\"@graph\":[{\"@type\":\"WebPage\",\"@id\":\"https:\/\/www.natelli-shop.com\/de\/produkt\/saga-franzosisch-basis-11-9-ml-copy\/\",\"url\":\"https:\/\/www.natelli-shop.com\/de\/produkt\/saga-franzosisch-basis-11-9-ml-copy\/\",\"name\":\"Saga Cover Base Elastic, 04 Blassrosa, 15 ml - Natelli - Nail Shop\",\"isPartOf\":{\"@id\":\"https:\/\/www.natelli-shop.com\/de\/#website\"},\"primaryImageOfPage\":{\"@id\":\"https:\/\/www.natelli-shop.com\/de\/produkt\/saga-franzosisch-basis-11-9-ml-copy\/#primaryimage\"},\"image\":{\"@id\":\"https:\/\/www.natelli-shop.com\/de\/produkt\/saga-franzosisch-basis-11-9-ml-copy\/#primaryimage\"},\"thumbnailUrl\":\"https:\/\/www.natelli-shop.com\/wp-content\/uploads\/2024\/11\/4.jpeg\",\"datePublished\":\"2024-11-08T11:54:00+00:00\",\"dateModified\":\"2026-03-26T14:00:18+00:00\",\"breadcrumb\":{\"@id\":\"https:\/\/www.natelli-shop.com\/de\/produkt\/saga-franzosisch-basis-11-9-ml-copy\/#breadcrumb\"},\"inLanguage\":\"de\",\"potentialAction\":[{\"@type\":\"ReadAction\",\"target\":[\"https:\/\/www.natelli-shop.com\/de\/produkt\/saga-franzosisch-basis-11-9-ml-copy\/\"]}]},{\"@type\":\"ImageObject\",\"inLanguage\":\"de\",\"@id\":\"https:\/\/www.natelli-shop.com\/de\/produkt\/saga-franzosisch-basis-11-9-ml-copy\/#primaryimage\",\"url\":\"https:\/\/www.natelli-shop.com\/wp-content\/uploads\/2024\/11\/4.jpeg\",\"contentUrl\":\"https:\/\/www.natelli-shop.com\/wp-content\/uploads\/2024\/11\/4.jpeg\",\"width\":650,\"height\":650},{\"@type\":\"BreadcrumbList\",\"@id\":\"https:\/\/www.natelli-shop.com\/de\/produkt\/saga-franzosisch-basis-11-9-ml-copy\/#breadcrumb\",\"itemListElement\":[{\"@type\":\"ListItem\",\"position\":1,\"name\":\"Home\",\"item\":\"https:\/\/www.natelli-shop.com\/de\/startseite\/\"},{\"@type\":\"ListItem\",\"position\":2,\"name\":\"Shop\",\"item\":\"https:\/\/www.natelli-shop.com\/de\/shop\/\"},{\"@type\":\"ListItem\",\"position\":3,\"name\":\"Saga Cover Base Elastic, 04 Blassrosa, 15 ml\"}]},{\"@type\":\"WebSite\",\"@id\":\"https:\/\/www.natelli-shop.com\/de\/#website\",\"url\":\"https:\/\/www.natelli-shop.com\/de\/\",\"name\":\"Natelli - Nail Shop\",\"description\":\"\",\"publisher\":{\"@id\":\"https:\/\/www.natelli-shop.com\/de\/#organization\"},\"potentialAction\":[{\"@type\":\"SearchAction\",\"target\":{\"@type\":\"EntryPoint\",\"urlTemplate\":\"https:\/\/www.natelli-shop.com\/de\/?s={search_term_string}\"},\"query-input\":\"required name=search_term_string\"}],\"inLanguage\":\"de\"},{\"@type\":\"Organization\",\"@id\":\"https:\/\/www.natelli-shop.com\/de\/#organization\",\"name\":\"Natelli - Nail Shop\",\"url\":\"https:\/\/www.natelli-shop.com\/de\/\",\"logo\":{\"@type\":\"ImageObject\",\"inLanguage\":\"de\",\"@id\":\"https:\/\/www.natelli-shop.com\/de\/#\/schema\/logo\/image\/\",\"url\":\"https:\/\/www.natelli-shop.com\/wp-content\/uploads\/2024\/08\/\u0438\u0437\u043e\u0431\u0440\u0430\u0436\u0435\u043d\u0438\u0435_viber_2024-07-31_10-59-46-791.jpg\",\"contentUrl\":\"https:\/\/www.natelli-shop.com\/wp-content\/uploads\/2024\/08\/\u0438\u0437\u043e\u0431\u0440\u0430\u0436\u0435\u043d\u0438\u0435_viber_2024-07-31_10-59-46-791.jpg\",\"width\":1181,\"height\":1186,\"caption\":\"Natelli - Nail Shop\"},\"image\":{\"@id\":\"https:\/\/www.natelli-shop.com\/de\/#\/schema\/logo\/image\/\"}}]}<\/script>\n<!-- \/ Yoast SEO plugin. -->","yoast_head_json":{"title":"Saga Cover Base Elastic, 04 Blassrosa, 15 ml - Natelli - Nail Shop","robots":{"index":"index","follow":"follow","max-snippet":"max-snippet:-1","max-image-preview":"max-image-preview:large","max-video-preview":"max-video-preview:-1"},"canonical":"https:\/\/www.natelli-shop.com\/de\/produkt\/saga-franzosisch-basis-11-9-ml-copy\/","og_locale":"de_DE","og_type":"article","og_title":"Saga Cover Base Elastic, 04 Blassrosa, 15 ml - Natelli - Nail Shop","og_description":"SAGA Elastic ist eine Camouflage-Basis, die die N\u00e4gel st\u00e4rkt, verl\u00e4ngert und modelliert. Die Palette an zarten Nude-T\u00f6nen l\u00e4sst keine Kundin","og_url":"https:\/\/www.natelli-shop.com\/de\/produkt\/saga-franzosisch-basis-11-9-ml-copy\/","og_site_name":"Natelli - Nail Shop","article_modified_time":"2026-03-26T14:00:18+00:00","og_image":[{"width":650,"height":650,"url":"https:\/\/www.natelli-shop.com\/wp-content\/uploads\/2024\/11\/4.jpeg","type":"image\/jpeg"}],"twitter_card":"summary_large_image","twitter_misc":{"Gesch\u00e4tzte Lesezeit":"1\u00a0Minute"},"schema":{"@context":"https:\/\/schema.org","@graph":[{"@type":"WebPage","@id":"https:\/\/www.natelli-shop.com\/de\/produkt\/saga-franzosisch-basis-11-9-ml-copy\/","url":"https:\/\/www.natelli-shop.com\/de\/produkt\/saga-franzosisch-basis-11-9-ml-copy\/","name":"Saga Cover Base Elastic, 04 Blassrosa, 15 ml - Natelli - Nail Shop","isPartOf":{"@id":"https:\/\/www.natelli-shop.com\/de\/#website"},"primaryImageOfPage":{"@id":"https:\/\/www.natelli-shop.com\/de\/produkt\/saga-franzosisch-basis-11-9-ml-copy\/#primaryimage"},"image":{"@id":"https:\/\/www.natelli-shop.com\/de\/produkt\/saga-franzosisch-basis-11-9-ml-copy\/#primaryimage"},"thumbnailUrl":"https:\/\/www.natelli-shop.com\/wp-content\/uploads\/2024\/11\/4.jpeg","datePublished":"2024-11-08T11:54:00+00:00","dateModified":"2026-03-26T14:00:18+00:00","breadcrumb":{"@id":"https:\/\/www.natelli-shop.com\/de\/produkt\/saga-franzosisch-basis-11-9-ml-copy\/#breadcrumb"},"inLanguage":"de","potentialAction":[{"@type":"ReadAction","target":["https:\/\/www.natelli-shop.com\/de\/produkt\/saga-franzosisch-basis-11-9-ml-copy\/"]}]},{"@type":"ImageObject","inLanguage":"de","@id":"https:\/\/www.natelli-shop.com\/de\/produkt\/saga-franzosisch-basis-11-9-ml-copy\/#primaryimage","url":"https:\/\/www.natelli-shop.com\/wp-content\/uploads\/2024\/11\/4.jpeg","contentUrl":"https:\/\/www.natelli-shop.com\/wp-content\/uploads\/2024\/11\/4.jpeg","width":650,"height":650},{"@type":"BreadcrumbList","@id":"https:\/\/www.natelli-shop.com\/de\/produkt\/saga-franzosisch-basis-11-9-ml-copy\/#breadcrumb","itemListElement":[{"@type":"ListItem","position":1,"name":"Home","item":"https:\/\/www.natelli-shop.com\/de\/startseite\/"},{"@type":"ListItem","position":2,"name":"Shop","item":"https:\/\/www.natelli-shop.com\/de\/shop\/"},{"@type":"ListItem","position":3,"name":"Saga Cover Base Elastic, 04 Blassrosa, 15 ml"}]},{"@type":"WebSite","@id":"https:\/\/www.natelli-shop.com\/de\/#website","url":"https:\/\/www.natelli-shop.com\/de\/","name":"Natelli - Nail Shop","description":"","publisher":{"@id":"https:\/\/www.natelli-shop.com\/de\/#organization"},"potentialAction":[{"@type":"SearchAction","target":{"@type":"EntryPoint","urlTemplate":"https:\/\/www.natelli-shop.com\/de\/?s={search_term_string}"},"query-input":"required name=search_term_string"}],"inLanguage":"de"},{"@type":"Organization","@id":"https:\/\/www.natelli-shop.com\/de\/#organization","name":"Natelli - Nail Shop","url":"https:\/\/www.natelli-shop.com\/de\/","logo":{"@type":"ImageObject","inLanguage":"de","@id":"https:\/\/www.natelli-shop.com\/de\/#\/schema\/logo\/image\/","url":"https:\/\/www.natelli-shop.com\/wp-content\/uploads\/2024\/08\/\u0438\u0437\u043e\u0431\u0440\u0430\u0436\u0435\u043d\u0438\u0435_viber_2024-07-31_10-59-46-791.jpg","contentUrl":"https:\/\/www.natelli-shop.com\/wp-content\/uploads\/2024\/08\/\u0438\u0437\u043e\u0431\u0440\u0430\u0436\u0435\u043d\u0438\u0435_viber_2024-07-31_10-59-46-791.jpg","width":1181,"height":1186,"caption":"Natelli - Nail Shop"},"image":{"@id":"https:\/\/www.natelli-shop.com\/de\/#\/schema\/logo\/image\/"}}]}},"jetpack_sharing_enabled":true,"_links":{"self":[{"href":"https:\/\/www.natelli-shop.com\/de\/wp-json\/wp\/v2\/product\/23022","targetHints":{"allow":["GET"]}}],"collection":[{"href":"https:\/\/www.natelli-shop.com\/de\/wp-json\/wp\/v2\/product"}],"about":[{"href":"https:\/\/www.natelli-shop.com\/de\/wp-json\/wp\/v2\/types\/product"}],"replies":[{"embeddable":true,"href":"https:\/\/www.natelli-shop.com\/de\/wp-json\/wp\/v2\/comments?post=23022"}],"version-history":[{"count":1,"href":"https:\/\/www.natelli-shop.com\/de\/wp-json\/wp\/v2\/product\/23022\/revisions"}],"predecessor-version":[{"id":38730,"href":"https:\/\/www.natelli-shop.com\/de\/wp-json\/wp\/v2\/product\/23022\/revisions\/38730"}],"wp:featuredmedia":[{"embeddable":true,"href":"https:\/\/www.natelli-shop.com\/de\/wp-json\/wp\/v2\/media\/23063"}],"wp:attachment":[{"href":"https:\/\/www.natelli-shop.com\/de\/wp-json\/wp\/v2\/media?parent=23022"}],"wp:term":[{"taxonomy":"product_brand","embeddable":true,"href":"https:\/\/www.natelli-shop.com\/de\/wp-json\/wp\/v2\/product_brand?post=23022"},{"taxonomy":"product_cat","embeddable":true,"href":"https:\/\/www.natelli-shop.com\/de\/wp-json\/wp\/v2\/product_cat?post=23022"},{"taxonomy":"product_tag","embeddable":true,"href":"https:\/\/www.natelli-shop.com\/de\/wp-json\/wp\/v2\/product_tag?post=23022"}],"curies":[{"name":"wp","href":"https:\/\/api.w.org\/{rel}","templated":true}]}}