{"id":22945,"date":"2024-11-08T12:01:00","date_gmt":"2024-11-08T11:01:00","guid":{"rendered":"https:\/\/www.natelli-shop.com\/?post_type=product&#038;p=22945"},"modified":"2026-04-07T12:21:59","modified_gmt":"2026-04-07T10:21:59","slug":"saga-franzosisch-basis-2-15-ml-copy","status":"publish","type":"product","link":"https:\/\/www.natelli-shop.com\/de\/produkt\/saga-franzosisch-basis-2-15-ml-copy\/","title":{"rendered":"Saga Franz\u00f6sisch Basis 3, 9 ml"},"content":{"rendered":"<p>Saga French Base ist eine erstaunliche neue Kollektion von Camouflage-Basen in unglaublichen Farbt\u00f6nen.<\/p>\n<p>Die Kollektion wurde speziell f\u00fcr Liebhaber der franz\u00f6sischen Manik\u00fcre entworfen, denn die Farbpalette ist f\u00fcr jeden Geschmack und passt perfekt zu jedem Hautton.<\/p>\n<p>Die mittlere Farbdichte erm\u00f6glicht es Ihnen, eine nat\u00fcrliche Farbe auf der Nagelplatte f\u00fcr alle Arten von Handhaut zu schaffen.<\/p>\n<p>Bei dieser Serie von Fundamenten hat SAGA Professional eine un\u00fcbertroffene Konsistenz der Rohstoffe erreicht, so dass Sie die Ausrichtung in Sekundenschnelle durchf\u00fchren k\u00f6nnen.<\/p>\n<p>Die Linie wurde in \u00dcbereinstimmung mit den aktuellsten Trends entwickelt und entspricht den modernen Manik\u00fcre-Trends. Die Produkte selbst haben eine durchscheinende Textur, lassen sich perfekt auftragen und haben eine optimale Steifigkeit, die sehr wichtig ist, um lange N\u00e4gel zuverl\u00e4ssig zu st\u00fctzen und ihre Br\u00fcchigkeit zu verhindern. <\/p>\n<p>ist es notwendig, vorher eine Grundierungsschicht aus einer gew\u00f6hnlichen transparenten Basis aufzutragen;<br \/>\nkann als unabh\u00e4ngige dekorative Beschichtung unter der Oberfl\u00e4che und mit Gel-Lack verwendet werden.<\/p>\n","protected":false},"excerpt":{"rendered":"<p>Saga French Base ist eine erstaunliche neue Kollektion von Camouflage-Basen in unglaublichen Farbt\u00f6nen. Die Kollektion wurde speziell f\u00fcr Liebhaber der<\/p>\n","protected":false},"featured_media":22951,"comment_status":"open","ping_status":"closed","template":"","meta":[],"product_brand":[],"product_cat":[230],"product_tag":[],"class_list":{"0":"post-22945","1":"product","2":"type-product","3":"status-publish","4":"has-post-thumbnail","6":"product_cat-cover-color-base-de","8":"first","9":"instock","10":"shipping-taxable","11":"purchasable","12":"product-type-simple"},"yoast_head":"<!-- This site is optimized with the Yoast SEO plugin v23.1 - https:\/\/yoast.com\/wordpress\/plugins\/seo\/ -->\n<title>Saga Franz\u00f6sisch Basis 3, 9 ml - Natelli - Nail Shop<\/title>\n<meta name=\"robots\" content=\"index, follow, max-snippet:-1, max-image-preview:large, max-video-preview:-1\" \/>\n<link rel=\"canonical\" href=\"https:\/\/www.natelli-shop.com\/de\/produkt\/saga-franzosisch-basis-2-15-ml-copy\/\" \/>\n<meta property=\"og:locale\" content=\"de_DE\" \/>\n<meta property=\"og:type\" content=\"article\" \/>\n<meta property=\"og:title\" content=\"Saga Franz\u00f6sisch Basis 3, 9 ml - Natelli - Nail Shop\" \/>\n<meta property=\"og:description\" content=\"Saga French Base ist eine erstaunliche neue Kollektion von Camouflage-Basen in unglaublichen Farbt\u00f6nen. Die Kollektion wurde speziell f\u00fcr Liebhaber der\" \/>\n<meta property=\"og:url\" content=\"https:\/\/www.natelli-shop.com\/de\/produkt\/saga-franzosisch-basis-2-15-ml-copy\/\" \/>\n<meta property=\"og:site_name\" content=\"Natelli - Nail Shop\" \/>\n<meta property=\"article:modified_time\" content=\"2026-04-07T10:21:59+00:00\" \/>\n<meta property=\"og:image\" content=\"https:\/\/www.natelli-shop.com\/wp-content\/uploads\/2024\/11\/5954424807_w600_h600_5954424807.jpg.webp\" \/>\n\t<meta property=\"og:image:width\" content=\"600\" \/>\n\t<meta property=\"og:image:height\" content=\"600\" \/>\n\t<meta property=\"og:image:type\" content=\"image\/webp\" \/>\n<meta name=\"twitter:card\" content=\"summary_large_image\" \/>\n<meta name=\"twitter:label1\" content=\"Gesch\u00e4tzte Lesezeit\" \/>\n\t<meta name=\"twitter:data1\" content=\"1\u00a0Minute\" \/>\n<script type=\"application\/ld+json\" class=\"yoast-schema-graph\">{\"@context\":\"https:\/\/schema.org\",\"@graph\":[{\"@type\":\"WebPage\",\"@id\":\"https:\/\/www.natelli-shop.com\/de\/produkt\/saga-franzosisch-basis-2-15-ml-copy\/\",\"url\":\"https:\/\/www.natelli-shop.com\/de\/produkt\/saga-franzosisch-basis-2-15-ml-copy\/\",\"name\":\"Saga Franz\u00f6sisch Basis 3, 9 ml - Natelli - Nail Shop\",\"isPartOf\":{\"@id\":\"https:\/\/www.natelli-shop.com\/de\/#website\"},\"primaryImageOfPage\":{\"@id\":\"https:\/\/www.natelli-shop.com\/de\/produkt\/saga-franzosisch-basis-2-15-ml-copy\/#primaryimage\"},\"image\":{\"@id\":\"https:\/\/www.natelli-shop.com\/de\/produkt\/saga-franzosisch-basis-2-15-ml-copy\/#primaryimage\"},\"thumbnailUrl\":\"https:\/\/www.natelli-shop.com\/wp-content\/uploads\/2024\/11\/5954424807_w600_h600_5954424807.jpg.webp\",\"datePublished\":\"2024-11-08T11:01:00+00:00\",\"dateModified\":\"2026-04-07T10:21:59+00:00\",\"breadcrumb\":{\"@id\":\"https:\/\/www.natelli-shop.com\/de\/produkt\/saga-franzosisch-basis-2-15-ml-copy\/#breadcrumb\"},\"inLanguage\":\"de\",\"potentialAction\":[{\"@type\":\"ReadAction\",\"target\":[\"https:\/\/www.natelli-shop.com\/de\/produkt\/saga-franzosisch-basis-2-15-ml-copy\/\"]}]},{\"@type\":\"ImageObject\",\"inLanguage\":\"de\",\"@id\":\"https:\/\/www.natelli-shop.com\/de\/produkt\/saga-franzosisch-basis-2-15-ml-copy\/#primaryimage\",\"url\":\"https:\/\/www.natelli-shop.com\/wp-content\/uploads\/2024\/11\/5954424807_w600_h600_5954424807.jpg.webp\",\"contentUrl\":\"https:\/\/www.natelli-shop.com\/wp-content\/uploads\/2024\/11\/5954424807_w600_h600_5954424807.jpg.webp\",\"width\":600,\"height\":600},{\"@type\":\"BreadcrumbList\",\"@id\":\"https:\/\/www.natelli-shop.com\/de\/produkt\/saga-franzosisch-basis-2-15-ml-copy\/#breadcrumb\",\"itemListElement\":[{\"@type\":\"ListItem\",\"position\":1,\"name\":\"Home\",\"item\":\"https:\/\/www.natelli-shop.com\/de\/startseite\/\"},{\"@type\":\"ListItem\",\"position\":2,\"name\":\"Shop\",\"item\":\"https:\/\/www.natelli-shop.com\/de\/shop\/\"},{\"@type\":\"ListItem\",\"position\":3,\"name\":\"Saga Franz\u00f6sisch Basis 3, 9 ml\"}]},{\"@type\":\"WebSite\",\"@id\":\"https:\/\/www.natelli-shop.com\/de\/#website\",\"url\":\"https:\/\/www.natelli-shop.com\/de\/\",\"name\":\"Natelli - Nail Shop\",\"description\":\"\",\"publisher\":{\"@id\":\"https:\/\/www.natelli-shop.com\/de\/#organization\"},\"potentialAction\":[{\"@type\":\"SearchAction\",\"target\":{\"@type\":\"EntryPoint\",\"urlTemplate\":\"https:\/\/www.natelli-shop.com\/de\/?s={search_term_string}\"},\"query-input\":\"required name=search_term_string\"}],\"inLanguage\":\"de\"},{\"@type\":\"Organization\",\"@id\":\"https:\/\/www.natelli-shop.com\/de\/#organization\",\"name\":\"Natelli - Nail Shop\",\"url\":\"https:\/\/www.natelli-shop.com\/de\/\",\"logo\":{\"@type\":\"ImageObject\",\"inLanguage\":\"de\",\"@id\":\"https:\/\/www.natelli-shop.com\/de\/#\/schema\/logo\/image\/\",\"url\":\"https:\/\/www.natelli-shop.com\/wp-content\/uploads\/2024\/08\/\u0438\u0437\u043e\u0431\u0440\u0430\u0436\u0435\u043d\u0438\u0435_viber_2024-07-31_10-59-46-791.jpg\",\"contentUrl\":\"https:\/\/www.natelli-shop.com\/wp-content\/uploads\/2024\/08\/\u0438\u0437\u043e\u0431\u0440\u0430\u0436\u0435\u043d\u0438\u0435_viber_2024-07-31_10-59-46-791.jpg\",\"width\":1181,\"height\":1186,\"caption\":\"Natelli - Nail Shop\"},\"image\":{\"@id\":\"https:\/\/www.natelli-shop.com\/de\/#\/schema\/logo\/image\/\"}}]}<\/script>\n<!-- \/ Yoast SEO plugin. -->","yoast_head_json":{"title":"Saga Franz\u00f6sisch Basis 3, 9 ml - Natelli - Nail Shop","robots":{"index":"index","follow":"follow","max-snippet":"max-snippet:-1","max-image-preview":"max-image-preview:large","max-video-preview":"max-video-preview:-1"},"canonical":"https:\/\/www.natelli-shop.com\/de\/produkt\/saga-franzosisch-basis-2-15-ml-copy\/","og_locale":"de_DE","og_type":"article","og_title":"Saga Franz\u00f6sisch Basis 3, 9 ml - Natelli - Nail Shop","og_description":"Saga French Base ist eine erstaunliche neue Kollektion von Camouflage-Basen in unglaublichen Farbt\u00f6nen. Die Kollektion wurde speziell f\u00fcr Liebhaber der","og_url":"https:\/\/www.natelli-shop.com\/de\/produkt\/saga-franzosisch-basis-2-15-ml-copy\/","og_site_name":"Natelli - Nail Shop","article_modified_time":"2026-04-07T10:21:59+00:00","og_image":[{"width":600,"height":600,"url":"https:\/\/www.natelli-shop.com\/wp-content\/uploads\/2024\/11\/5954424807_w600_h600_5954424807.jpg.webp","type":"image\/webp"}],"twitter_card":"summary_large_image","twitter_misc":{"Gesch\u00e4tzte Lesezeit":"1\u00a0Minute"},"schema":{"@context":"https:\/\/schema.org","@graph":[{"@type":"WebPage","@id":"https:\/\/www.natelli-shop.com\/de\/produkt\/saga-franzosisch-basis-2-15-ml-copy\/","url":"https:\/\/www.natelli-shop.com\/de\/produkt\/saga-franzosisch-basis-2-15-ml-copy\/","name":"Saga Franz\u00f6sisch Basis 3, 9 ml - Natelli - Nail Shop","isPartOf":{"@id":"https:\/\/www.natelli-shop.com\/de\/#website"},"primaryImageOfPage":{"@id":"https:\/\/www.natelli-shop.com\/de\/produkt\/saga-franzosisch-basis-2-15-ml-copy\/#primaryimage"},"image":{"@id":"https:\/\/www.natelli-shop.com\/de\/produkt\/saga-franzosisch-basis-2-15-ml-copy\/#primaryimage"},"thumbnailUrl":"https:\/\/www.natelli-shop.com\/wp-content\/uploads\/2024\/11\/5954424807_w600_h600_5954424807.jpg.webp","datePublished":"2024-11-08T11:01:00+00:00","dateModified":"2026-04-07T10:21:59+00:00","breadcrumb":{"@id":"https:\/\/www.natelli-shop.com\/de\/produkt\/saga-franzosisch-basis-2-15-ml-copy\/#breadcrumb"},"inLanguage":"de","potentialAction":[{"@type":"ReadAction","target":["https:\/\/www.natelli-shop.com\/de\/produkt\/saga-franzosisch-basis-2-15-ml-copy\/"]}]},{"@type":"ImageObject","inLanguage":"de","@id":"https:\/\/www.natelli-shop.com\/de\/produkt\/saga-franzosisch-basis-2-15-ml-copy\/#primaryimage","url":"https:\/\/www.natelli-shop.com\/wp-content\/uploads\/2024\/11\/5954424807_w600_h600_5954424807.jpg.webp","contentUrl":"https:\/\/www.natelli-shop.com\/wp-content\/uploads\/2024\/11\/5954424807_w600_h600_5954424807.jpg.webp","width":600,"height":600},{"@type":"BreadcrumbList","@id":"https:\/\/www.natelli-shop.com\/de\/produkt\/saga-franzosisch-basis-2-15-ml-copy\/#breadcrumb","itemListElement":[{"@type":"ListItem","position":1,"name":"Home","item":"https:\/\/www.natelli-shop.com\/de\/startseite\/"},{"@type":"ListItem","position":2,"name":"Shop","item":"https:\/\/www.natelli-shop.com\/de\/shop\/"},{"@type":"ListItem","position":3,"name":"Saga Franz\u00f6sisch Basis 3, 9 ml"}]},{"@type":"WebSite","@id":"https:\/\/www.natelli-shop.com\/de\/#website","url":"https:\/\/www.natelli-shop.com\/de\/","name":"Natelli - Nail Shop","description":"","publisher":{"@id":"https:\/\/www.natelli-shop.com\/de\/#organization"},"potentialAction":[{"@type":"SearchAction","target":{"@type":"EntryPoint","urlTemplate":"https:\/\/www.natelli-shop.com\/de\/?s={search_term_string}"},"query-input":"required name=search_term_string"}],"inLanguage":"de"},{"@type":"Organization","@id":"https:\/\/www.natelli-shop.com\/de\/#organization","name":"Natelli - Nail Shop","url":"https:\/\/www.natelli-shop.com\/de\/","logo":{"@type":"ImageObject","inLanguage":"de","@id":"https:\/\/www.natelli-shop.com\/de\/#\/schema\/logo\/image\/","url":"https:\/\/www.natelli-shop.com\/wp-content\/uploads\/2024\/08\/\u0438\u0437\u043e\u0431\u0440\u0430\u0436\u0435\u043d\u0438\u0435_viber_2024-07-31_10-59-46-791.jpg","contentUrl":"https:\/\/www.natelli-shop.com\/wp-content\/uploads\/2024\/08\/\u0438\u0437\u043e\u0431\u0440\u0430\u0436\u0435\u043d\u0438\u0435_viber_2024-07-31_10-59-46-791.jpg","width":1181,"height":1186,"caption":"Natelli - Nail Shop"},"image":{"@id":"https:\/\/www.natelli-shop.com\/de\/#\/schema\/logo\/image\/"}}]}},"jetpack_sharing_enabled":true,"_links":{"self":[{"href":"https:\/\/www.natelli-shop.com\/de\/wp-json\/wp\/v2\/product\/22945","targetHints":{"allow":["GET"]}}],"collection":[{"href":"https:\/\/www.natelli-shop.com\/de\/wp-json\/wp\/v2\/product"}],"about":[{"href":"https:\/\/www.natelli-shop.com\/de\/wp-json\/wp\/v2\/types\/product"}],"replies":[{"embeddable":true,"href":"https:\/\/www.natelli-shop.com\/de\/wp-json\/wp\/v2\/comments?post=22945"}],"version-history":[{"count":1,"href":"https:\/\/www.natelli-shop.com\/de\/wp-json\/wp\/v2\/product\/22945\/revisions"}],"predecessor-version":[{"id":38795,"href":"https:\/\/www.natelli-shop.com\/de\/wp-json\/wp\/v2\/product\/22945\/revisions\/38795"}],"wp:featuredmedia":[{"embeddable":true,"href":"https:\/\/www.natelli-shop.com\/de\/wp-json\/wp\/v2\/media\/22951"}],"wp:attachment":[{"href":"https:\/\/www.natelli-shop.com\/de\/wp-json\/wp\/v2\/media?parent=22945"}],"wp:term":[{"taxonomy":"product_brand","embeddable":true,"href":"https:\/\/www.natelli-shop.com\/de\/wp-json\/wp\/v2\/product_brand?post=22945"},{"taxonomy":"product_cat","embeddable":true,"href":"https:\/\/www.natelli-shop.com\/de\/wp-json\/wp\/v2\/product_cat?post=22945"},{"taxonomy":"product_tag","embeddable":true,"href":"https:\/\/www.natelli-shop.com\/de\/wp-json\/wp\/v2\/product_tag?post=22945"}],"curies":[{"name":"wp","href":"https:\/\/api.w.org\/{rel}","templated":true}]}}