{"id":22679,"date":"2024-11-01T18:47:00","date_gmt":"2024-11-01T17:47:00","guid":{"rendered":"https:\/\/www.natelli-shop.com\/product\/saga-professional-fiery-gel-01-9ml-silber-mit-mikroglanz-reflektierend\/"},"modified":"2025-12-01T00:02:28","modified_gmt":"2025-11-30T23:02:28","slug":"saga-professional-fiery-gel-01-9ml-silber-mit-mikroglanz-reflektierend","status":"publish","type":"product","link":"https:\/\/www.natelli-shop.com\/de\/produkt\/saga-professional-fiery-gel-01-9ml-silber-mit-mikroglanz-reflektierend\/","title":{"rendered":"SAGA Professional Fiery Gel \u211601,9ml (Silber mit Mikroglanz, reflektierend)"},"content":{"rendered":"<p>Saga Fiery reflective gel polish ist ein dichter Gel-Lack mit Glitter in verschiedenen Farben, der in der Sonne und bei unterschiedlichen Lichtverh\u00e4ltnissen unglaublich funkelt. Er ist sehr widerstandsf\u00e4hig, leicht aufzutragen und selbstnivellierend auf der Nagelplatte. Eine vielf\u00e4ltige Palette von Saga-Farbt\u00f6nen erm\u00f6glicht es Ihnen, eine atemberaubende und einzigartige Manik\u00fcre zu kreieren. Der Gel-Lack mit reflektierendem Effekt eignet sich sowohl f\u00fcr eine festliche Manik\u00fcre als auch als Dekoration f\u00fcr den Alltag.<\/p>\n","protected":false},"excerpt":{"rendered":"<p>Saga Fiery reflective gel polish ist ein dichter Gel-Lack mit Glitter in verschiedenen Farben, der in der Sonne und bei<\/p>\n","protected":false},"featured_media":22669,"comment_status":"open","ping_status":"closed","template":"","meta":[],"product_brand":[],"product_cat":[481],"product_tag":[],"class_list":{"0":"post-22679","1":"product","2":"type-product","3":"status-publish","4":"has-post-thumbnail","6":"product_cat-feuriges-gel","8":"first","9":"outofstock","10":"shipping-taxable","11":"purchasable","12":"product-type-simple"},"yoast_head":"<!-- This site is optimized with the Yoast SEO plugin v23.1 - https:\/\/yoast.com\/wordpress\/plugins\/seo\/ -->\n<title>SAGA Professional Fiery Gel \u211601,9ml (Silber mit Mikroglanz, reflektierend) - Natelli - Nail Shop<\/title>\n<meta name=\"robots\" content=\"index, follow, max-snippet:-1, max-image-preview:large, max-video-preview:-1\" \/>\n<link rel=\"canonical\" href=\"https:\/\/www.natelli-shop.com\/de\/produkt\/saga-professional-fiery-gel-01-9ml-silber-mit-mikroglanz-reflektierend\/\" \/>\n<meta property=\"og:locale\" content=\"de_DE\" \/>\n<meta property=\"og:type\" content=\"article\" \/>\n<meta property=\"og:title\" content=\"SAGA Professional Fiery Gel \u211601,9ml (Silber mit Mikroglanz, reflektierend) - Natelli - Nail Shop\" \/>\n<meta property=\"og:description\" content=\"Saga Fiery reflective gel polish ist ein dichter Gel-Lack mit Glitter in verschiedenen Farben, der in der Sonne und bei\" \/>\n<meta property=\"og:url\" content=\"https:\/\/www.natelli-shop.com\/de\/produkt\/saga-professional-fiery-gel-01-9ml-silber-mit-mikroglanz-reflektierend\/\" \/>\n<meta property=\"og:site_name\" content=\"Natelli - Nail Shop\" \/>\n<meta property=\"article:modified_time\" content=\"2025-11-30T23:02:28+00:00\" \/>\n<meta property=\"og:image\" content=\"https:\/\/i0.wp.com\/www.natelli-shop.com\/wp-content\/uploads\/2024\/11\/k.jpeg?fit=1000%2C1000&ssl=1\" \/>\n\t<meta property=\"og:image:width\" content=\"1000\" \/>\n\t<meta property=\"og:image:height\" content=\"1000\" \/>\n\t<meta property=\"og:image:type\" content=\"image\/jpeg\" \/>\n<meta name=\"twitter:card\" content=\"summary_large_image\" \/>\n<script type=\"application\/ld+json\" class=\"yoast-schema-graph\">{\"@context\":\"https:\/\/schema.org\",\"@graph\":[{\"@type\":\"WebPage\",\"@id\":\"https:\/\/www.natelli-shop.com\/de\/produkt\/saga-professional-fiery-gel-01-9ml-silber-mit-mikroglanz-reflektierend\/\",\"url\":\"https:\/\/www.natelli-shop.com\/de\/produkt\/saga-professional-fiery-gel-01-9ml-silber-mit-mikroglanz-reflektierend\/\",\"name\":\"SAGA Professional Fiery Gel \u211601,9ml (Silber mit Mikroglanz, reflektierend) - Natelli - Nail Shop\",\"isPartOf\":{\"@id\":\"https:\/\/www.natelli-shop.com\/de\/#website\"},\"primaryImageOfPage\":{\"@id\":\"https:\/\/www.natelli-shop.com\/de\/produkt\/saga-professional-fiery-gel-01-9ml-silber-mit-mikroglanz-reflektierend\/#primaryimage\"},\"image\":{\"@id\":\"https:\/\/www.natelli-shop.com\/de\/produkt\/saga-professional-fiery-gel-01-9ml-silber-mit-mikroglanz-reflektierend\/#primaryimage\"},\"thumbnailUrl\":\"https:\/\/www.natelli-shop.com\/wp-content\/uploads\/2024\/11\/k.jpeg\",\"datePublished\":\"2024-11-01T17:47:00+00:00\",\"dateModified\":\"2025-11-30T23:02:28+00:00\",\"breadcrumb\":{\"@id\":\"https:\/\/www.natelli-shop.com\/de\/produkt\/saga-professional-fiery-gel-01-9ml-silber-mit-mikroglanz-reflektierend\/#breadcrumb\"},\"inLanguage\":\"de\",\"potentialAction\":[{\"@type\":\"ReadAction\",\"target\":[\"https:\/\/www.natelli-shop.com\/de\/produkt\/saga-professional-fiery-gel-01-9ml-silber-mit-mikroglanz-reflektierend\/\"]}]},{\"@type\":\"ImageObject\",\"inLanguage\":\"de\",\"@id\":\"https:\/\/www.natelli-shop.com\/de\/produkt\/saga-professional-fiery-gel-01-9ml-silber-mit-mikroglanz-reflektierend\/#primaryimage\",\"url\":\"https:\/\/www.natelli-shop.com\/wp-content\/uploads\/2024\/11\/k.jpeg\",\"contentUrl\":\"https:\/\/www.natelli-shop.com\/wp-content\/uploads\/2024\/11\/k.jpeg\",\"width\":1000,\"height\":1000},{\"@type\":\"BreadcrumbList\",\"@id\":\"https:\/\/www.natelli-shop.com\/de\/produkt\/saga-professional-fiery-gel-01-9ml-silber-mit-mikroglanz-reflektierend\/#breadcrumb\",\"itemListElement\":[{\"@type\":\"ListItem\",\"position\":1,\"name\":\"Home\",\"item\":\"https:\/\/www.natelli-shop.com\/de\/startseite\/\"},{\"@type\":\"ListItem\",\"position\":2,\"name\":\"Shop\",\"item\":\"https:\/\/www.natelli-shop.com\/de\/shop\/\"},{\"@type\":\"ListItem\",\"position\":3,\"name\":\"SAGA Professional Fiery Gel \u211601,9ml (Silber mit Mikroglanz, reflektierend)\"}]},{\"@type\":\"WebSite\",\"@id\":\"https:\/\/www.natelli-shop.com\/de\/#website\",\"url\":\"https:\/\/www.natelli-shop.com\/de\/\",\"name\":\"Natelli - Nail Shop\",\"description\":\"\",\"publisher\":{\"@id\":\"https:\/\/www.natelli-shop.com\/de\/#organization\"},\"potentialAction\":[{\"@type\":\"SearchAction\",\"target\":{\"@type\":\"EntryPoint\",\"urlTemplate\":\"https:\/\/www.natelli-shop.com\/de\/?s={search_term_string}\"},\"query-input\":\"required name=search_term_string\"}],\"inLanguage\":\"de\"},{\"@type\":\"Organization\",\"@id\":\"https:\/\/www.natelli-shop.com\/de\/#organization\",\"name\":\"Natelli - Nail Shop\",\"url\":\"https:\/\/www.natelli-shop.com\/de\/\",\"logo\":{\"@type\":\"ImageObject\",\"inLanguage\":\"de\",\"@id\":\"https:\/\/www.natelli-shop.com\/de\/#\/schema\/logo\/image\/\",\"url\":\"https:\/\/www.natelli-shop.com\/wp-content\/uploads\/2024\/08\/\u0438\u0437\u043e\u0431\u0440\u0430\u0436\u0435\u043d\u0438\u0435_viber_2024-07-31_10-59-46-791.jpg\",\"contentUrl\":\"https:\/\/www.natelli-shop.com\/wp-content\/uploads\/2024\/08\/\u0438\u0437\u043e\u0431\u0440\u0430\u0436\u0435\u043d\u0438\u0435_viber_2024-07-31_10-59-46-791.jpg\",\"width\":1181,\"height\":1186,\"caption\":\"Natelli - Nail Shop\"},\"image\":{\"@id\":\"https:\/\/www.natelli-shop.com\/de\/#\/schema\/logo\/image\/\"}}]}<\/script>\n<!-- \/ Yoast SEO plugin. -->","yoast_head_json":{"title":"SAGA Professional Fiery Gel \u211601,9ml (Silber mit Mikroglanz, reflektierend) - Natelli - Nail Shop","robots":{"index":"index","follow":"follow","max-snippet":"max-snippet:-1","max-image-preview":"max-image-preview:large","max-video-preview":"max-video-preview:-1"},"canonical":"https:\/\/www.natelli-shop.com\/de\/produkt\/saga-professional-fiery-gel-01-9ml-silber-mit-mikroglanz-reflektierend\/","og_locale":"de_DE","og_type":"article","og_title":"SAGA Professional Fiery Gel \u211601,9ml (Silber mit Mikroglanz, reflektierend) - Natelli - Nail Shop","og_description":"Saga Fiery reflective gel polish ist ein dichter Gel-Lack mit Glitter in verschiedenen Farben, der in der Sonne und bei","og_url":"https:\/\/www.natelli-shop.com\/de\/produkt\/saga-professional-fiery-gel-01-9ml-silber-mit-mikroglanz-reflektierend\/","og_site_name":"Natelli - Nail Shop","article_modified_time":"2025-11-30T23:02:28+00:00","og_image":[{"width":1000,"height":1000,"url":"https:\/\/i0.wp.com\/www.natelli-shop.com\/wp-content\/uploads\/2024\/11\/k.jpeg?fit=1000%2C1000&ssl=1","type":"image\/jpeg"}],"twitter_card":"summary_large_image","schema":{"@context":"https:\/\/schema.org","@graph":[{"@type":"WebPage","@id":"https:\/\/www.natelli-shop.com\/de\/produkt\/saga-professional-fiery-gel-01-9ml-silber-mit-mikroglanz-reflektierend\/","url":"https:\/\/www.natelli-shop.com\/de\/produkt\/saga-professional-fiery-gel-01-9ml-silber-mit-mikroglanz-reflektierend\/","name":"SAGA Professional Fiery Gel \u211601,9ml (Silber mit Mikroglanz, reflektierend) - Natelli - Nail Shop","isPartOf":{"@id":"https:\/\/www.natelli-shop.com\/de\/#website"},"primaryImageOfPage":{"@id":"https:\/\/www.natelli-shop.com\/de\/produkt\/saga-professional-fiery-gel-01-9ml-silber-mit-mikroglanz-reflektierend\/#primaryimage"},"image":{"@id":"https:\/\/www.natelli-shop.com\/de\/produkt\/saga-professional-fiery-gel-01-9ml-silber-mit-mikroglanz-reflektierend\/#primaryimage"},"thumbnailUrl":"https:\/\/www.natelli-shop.com\/wp-content\/uploads\/2024\/11\/k.jpeg","datePublished":"2024-11-01T17:47:00+00:00","dateModified":"2025-11-30T23:02:28+00:00","breadcrumb":{"@id":"https:\/\/www.natelli-shop.com\/de\/produkt\/saga-professional-fiery-gel-01-9ml-silber-mit-mikroglanz-reflektierend\/#breadcrumb"},"inLanguage":"de","potentialAction":[{"@type":"ReadAction","target":["https:\/\/www.natelli-shop.com\/de\/produkt\/saga-professional-fiery-gel-01-9ml-silber-mit-mikroglanz-reflektierend\/"]}]},{"@type":"ImageObject","inLanguage":"de","@id":"https:\/\/www.natelli-shop.com\/de\/produkt\/saga-professional-fiery-gel-01-9ml-silber-mit-mikroglanz-reflektierend\/#primaryimage","url":"https:\/\/www.natelli-shop.com\/wp-content\/uploads\/2024\/11\/k.jpeg","contentUrl":"https:\/\/www.natelli-shop.com\/wp-content\/uploads\/2024\/11\/k.jpeg","width":1000,"height":1000},{"@type":"BreadcrumbList","@id":"https:\/\/www.natelli-shop.com\/de\/produkt\/saga-professional-fiery-gel-01-9ml-silber-mit-mikroglanz-reflektierend\/#breadcrumb","itemListElement":[{"@type":"ListItem","position":1,"name":"Home","item":"https:\/\/www.natelli-shop.com\/de\/startseite\/"},{"@type":"ListItem","position":2,"name":"Shop","item":"https:\/\/www.natelli-shop.com\/de\/shop\/"},{"@type":"ListItem","position":3,"name":"SAGA Professional Fiery Gel \u211601,9ml (Silber mit Mikroglanz, reflektierend)"}]},{"@type":"WebSite","@id":"https:\/\/www.natelli-shop.com\/de\/#website","url":"https:\/\/www.natelli-shop.com\/de\/","name":"Natelli - Nail Shop","description":"","publisher":{"@id":"https:\/\/www.natelli-shop.com\/de\/#organization"},"potentialAction":[{"@type":"SearchAction","target":{"@type":"EntryPoint","urlTemplate":"https:\/\/www.natelli-shop.com\/de\/?s={search_term_string}"},"query-input":"required name=search_term_string"}],"inLanguage":"de"},{"@type":"Organization","@id":"https:\/\/www.natelli-shop.com\/de\/#organization","name":"Natelli - Nail Shop","url":"https:\/\/www.natelli-shop.com\/de\/","logo":{"@type":"ImageObject","inLanguage":"de","@id":"https:\/\/www.natelli-shop.com\/de\/#\/schema\/logo\/image\/","url":"https:\/\/www.natelli-shop.com\/wp-content\/uploads\/2024\/08\/\u0438\u0437\u043e\u0431\u0440\u0430\u0436\u0435\u043d\u0438\u0435_viber_2024-07-31_10-59-46-791.jpg","contentUrl":"https:\/\/www.natelli-shop.com\/wp-content\/uploads\/2024\/08\/\u0438\u0437\u043e\u0431\u0440\u0430\u0436\u0435\u043d\u0438\u0435_viber_2024-07-31_10-59-46-791.jpg","width":1181,"height":1186,"caption":"Natelli - Nail Shop"},"image":{"@id":"https:\/\/www.natelli-shop.com\/de\/#\/schema\/logo\/image\/"}}]}},"jetpack_sharing_enabled":true,"_links":{"self":[{"href":"https:\/\/www.natelli-shop.com\/de\/wp-json\/wp\/v2\/product\/22679","targetHints":{"allow":["GET"]}}],"collection":[{"href":"https:\/\/www.natelli-shop.com\/de\/wp-json\/wp\/v2\/product"}],"about":[{"href":"https:\/\/www.natelli-shop.com\/de\/wp-json\/wp\/v2\/types\/product"}],"replies":[{"embeddable":true,"href":"https:\/\/www.natelli-shop.com\/de\/wp-json\/wp\/v2\/comments?post=22679"}],"version-history":[{"count":0,"href":"https:\/\/www.natelli-shop.com\/de\/wp-json\/wp\/v2\/product\/22679\/revisions"}],"wp:featuredmedia":[{"embeddable":true,"href":"https:\/\/www.natelli-shop.com\/de\/wp-json\/wp\/v2\/media\/22669"}],"wp:attachment":[{"href":"https:\/\/www.natelli-shop.com\/de\/wp-json\/wp\/v2\/media?parent=22679"}],"wp:term":[{"taxonomy":"product_brand","embeddable":true,"href":"https:\/\/www.natelli-shop.com\/de\/wp-json\/wp\/v2\/product_brand?post=22679"},{"taxonomy":"product_cat","embeddable":true,"href":"https:\/\/www.natelli-shop.com\/de\/wp-json\/wp\/v2\/product_cat?post=22679"},{"taxonomy":"product_tag","embeddable":true,"href":"https:\/\/www.natelli-shop.com\/de\/wp-json\/wp\/v2\/product_tag?post=22679"}],"curies":[{"name":"wp","href":"https:\/\/api.w.org\/{rel}","templated":true}]}}