{"id":22447,"date":"2024-11-01T14:26:00","date_gmt":"2024-11-01T13:26:00","guid":{"rendered":"https:\/\/www.natelli-shop.com\/product\/doppelform-ballerina-saga-240-psc\/"},"modified":"2025-12-01T00:03:03","modified_gmt":"2025-11-30T23:03:03","slug":"doppelform-ballerina-saga-240-psc","status":"publish","type":"product","link":"https:\/\/www.natelli-shop.com\/de\/product\/doppelform-ballerina-saga-240-psc\/","title":{"rendered":"Doppelform Ballerina Saga, 240 psc"},"content":{"rendered":"<p>Saga Top Nail Forms Square 240 St\u00fcck &#8211; Topformen aus weichem Kunststoff f\u00fcr die professionelle Nagelmodellage und -verl\u00e4ngerung. Spezielle Formen zum Auslegen von konstruktiven Acryl- und Polygelmaterialien machen den Prozess der Nagelverl\u00e4ngerung einfach und hochwertig. Mit einer solchen Form k\u00f6nnen Sie einen Nagel in der gew\u00fcnschten L\u00e4nge und Form erstellen, der immer wieder verwendet werden kann. Der unbestrittene Vorteil der Arbeit mit oberen Formen ist, dass kein langwieriges S\u00e4gen erforderlich ist. Das Set enth\u00e4lt 240 Teile.    <\/p>\n<p>METHODE DER ANWENDUNG<\/p>\n<p>&#8211; Nach der standardm\u00e4\u00dfigen Vorbereitung der N\u00e4gel (hygienische Manik\u00fcre) w\u00e4hlen wir f\u00fcr jeden Nagel Formen in der richtigen Gr\u00f6\u00dfe aus.<\/p>\n<p>&#8211; Das Material wird in der Form ausgelegt und anschlie\u00dfend in einem Abstand von 1 mm zur Nagelhaut auf den Nagel gedr\u00fcckt.<\/p>\n<p>&#8211; Halten Sie die Form etwa 30 Sekunden lang sanft in der N\u00e4he des Nagels. Nachdem die Form ausgeh\u00e4rtet ist, lassen sich die Formen leicht entfernen. <\/p>\n<p>&#8211; Der Polymerisationsprozess wird gem\u00e4\u00df den Anweisungen des ausgew\u00e4hlten Baustoffs fortgesetzt.<\/p>\n<p>&#8211; Entfernen Sie den \u00dcberschuss und polieren Sie den fertigen Nagel.<\/p>\n","protected":false},"excerpt":{"rendered":"<p>Saga Top Nail Forms Square 240 St\u00fcck &#8211; Topformen aus weichem Kunststoff f\u00fcr die professionelle Nagelmodellage und -verl\u00e4ngerung. Spezielle Formen<\/p>\n","protected":false},"featured_media":22443,"comment_status":"open","ping_status":"closed","template":"","meta":[],"product_brand":[],"product_cat":[281],"product_tag":[],"class_list":{"0":"post-22447","1":"product","2":"type-product","3":"status-publish","4":"has-post-thumbnail","6":"product_cat-zubehor-fur-nagelverlangerungen","8":"first","9":"instock","10":"sale","11":"shipping-taxable","12":"purchasable","13":"product-type-simple"},"yoast_head":"<!-- This site is optimized with the Yoast SEO plugin v23.1 - https:\/\/yoast.com\/wordpress\/plugins\/seo\/ -->\n<title>Doppelform Ballerina Saga, 240 psc - Natelli - Nail Shop<\/title>\n<meta name=\"robots\" content=\"index, follow, max-snippet:-1, max-image-preview:large, max-video-preview:-1\" \/>\n<link rel=\"canonical\" href=\"https:\/\/www.natelli-shop.com\/de\/product\/doppelform-ballerina-saga-240-psc\/\" \/>\n<meta property=\"og:locale\" content=\"de_DE\" \/>\n<meta property=\"og:type\" content=\"article\" \/>\n<meta property=\"og:title\" content=\"Doppelform Ballerina Saga, 240 psc - Natelli - Nail Shop\" \/>\n<meta property=\"og:description\" content=\"Saga Top Nail Forms Square 240 St\u00fcck &#8211; Topformen aus weichem Kunststoff f\u00fcr die professionelle Nagelmodellage und -verl\u00e4ngerung. Spezielle Formen\" \/>\n<meta property=\"og:url\" content=\"https:\/\/www.natelli-shop.com\/de\/product\/doppelform-ballerina-saga-240-psc\/\" \/>\n<meta property=\"og:site_name\" content=\"Natelli - Nail Shop\" \/>\n<meta property=\"article:modified_time\" content=\"2025-11-30T23:03:03+00:00\" \/>\n<meta property=\"og:image\" content=\"https:\/\/i0.wp.com\/www.natelli-shop.com\/wp-content\/uploads\/2024\/11\/a6b98f6d-f5ab-481b-991a-3aa6b4338699.jpeg?fit=1098%2C1098&ssl=1\" \/>\n\t<meta property=\"og:image:width\" content=\"1098\" \/>\n\t<meta property=\"og:image:height\" content=\"1098\" \/>\n\t<meta property=\"og:image:type\" content=\"image\/jpeg\" \/>\n<meta name=\"twitter:card\" content=\"summary_large_image\" \/>\n<meta name=\"twitter:label1\" content=\"Gesch\u00e4tzte Lesezeit\" \/>\n\t<meta name=\"twitter:data1\" content=\"1\u00a0Minute\" \/>\n<script type=\"application\/ld+json\" class=\"yoast-schema-graph\">{\"@context\":\"https:\/\/schema.org\",\"@graph\":[{\"@type\":\"WebPage\",\"@id\":\"https:\/\/www.natelli-shop.com\/de\/product\/doppelform-ballerina-saga-240-psc\/\",\"url\":\"https:\/\/www.natelli-shop.com\/de\/product\/doppelform-ballerina-saga-240-psc\/\",\"name\":\"Doppelform Ballerina Saga, 240 psc - Natelli - Nail Shop\",\"isPartOf\":{\"@id\":\"https:\/\/www.natelli-shop.com\/de\/#website\"},\"primaryImageOfPage\":{\"@id\":\"https:\/\/www.natelli-shop.com\/de\/product\/doppelform-ballerina-saga-240-psc\/#primaryimage\"},\"image\":{\"@id\":\"https:\/\/www.natelli-shop.com\/de\/product\/doppelform-ballerina-saga-240-psc\/#primaryimage\"},\"thumbnailUrl\":\"https:\/\/www.natelli-shop.com\/wp-content\/uploads\/2024\/11\/a6b98f6d-f5ab-481b-991a-3aa6b4338699.jpeg\",\"datePublished\":\"2024-11-01T13:26:00+00:00\",\"dateModified\":\"2025-11-30T23:03:03+00:00\",\"breadcrumb\":{\"@id\":\"https:\/\/www.natelli-shop.com\/de\/product\/doppelform-ballerina-saga-240-psc\/#breadcrumb\"},\"inLanguage\":\"de\",\"potentialAction\":[{\"@type\":\"ReadAction\",\"target\":[\"https:\/\/www.natelli-shop.com\/de\/product\/doppelform-ballerina-saga-240-psc\/\"]}]},{\"@type\":\"ImageObject\",\"inLanguage\":\"de\",\"@id\":\"https:\/\/www.natelli-shop.com\/de\/product\/doppelform-ballerina-saga-240-psc\/#primaryimage\",\"url\":\"https:\/\/www.natelli-shop.com\/wp-content\/uploads\/2024\/11\/a6b98f6d-f5ab-481b-991a-3aa6b4338699.jpeg\",\"contentUrl\":\"https:\/\/www.natelli-shop.com\/wp-content\/uploads\/2024\/11\/a6b98f6d-f5ab-481b-991a-3aa6b4338699.jpeg\",\"width\":1098,\"height\":1098,\"caption\":\"Screenshot\"},{\"@type\":\"BreadcrumbList\",\"@id\":\"https:\/\/www.natelli-shop.com\/de\/product\/doppelform-ballerina-saga-240-psc\/#breadcrumb\",\"itemListElement\":[{\"@type\":\"ListItem\",\"position\":1,\"name\":\"Home\",\"item\":\"https:\/\/www.natelli-shop.com\/de\/startseite\/\"},{\"@type\":\"ListItem\",\"position\":2,\"name\":\"Shop\",\"item\":\"https:\/\/www.natelli-shop.com\/de\/shop\/\"},{\"@type\":\"ListItem\",\"position\":3,\"name\":\"Doppelform Ballerina Saga, 240 psc\"}]},{\"@type\":\"WebSite\",\"@id\":\"https:\/\/www.natelli-shop.com\/de\/#website\",\"url\":\"https:\/\/www.natelli-shop.com\/de\/\",\"name\":\"Natelli - Nail Shop\",\"description\":\"\",\"publisher\":{\"@id\":\"https:\/\/www.natelli-shop.com\/de\/#organization\"},\"potentialAction\":[{\"@type\":\"SearchAction\",\"target\":{\"@type\":\"EntryPoint\",\"urlTemplate\":\"https:\/\/www.natelli-shop.com\/de\/?s={search_term_string}\"},\"query-input\":\"required name=search_term_string\"}],\"inLanguage\":\"de\"},{\"@type\":\"Organization\",\"@id\":\"https:\/\/www.natelli-shop.com\/de\/#organization\",\"name\":\"Natelli - Nail Shop\",\"url\":\"https:\/\/www.natelli-shop.com\/de\/\",\"logo\":{\"@type\":\"ImageObject\",\"inLanguage\":\"de\",\"@id\":\"https:\/\/www.natelli-shop.com\/de\/#\/schema\/logo\/image\/\",\"url\":\"https:\/\/www.natelli-shop.com\/wp-content\/uploads\/2024\/08\/\u0438\u0437\u043e\u0431\u0440\u0430\u0436\u0435\u043d\u0438\u0435_viber_2024-07-31_10-59-46-791.jpg\",\"contentUrl\":\"https:\/\/www.natelli-shop.com\/wp-content\/uploads\/2024\/08\/\u0438\u0437\u043e\u0431\u0440\u0430\u0436\u0435\u043d\u0438\u0435_viber_2024-07-31_10-59-46-791.jpg\",\"width\":1181,\"height\":1186,\"caption\":\"Natelli - Nail Shop\"},\"image\":{\"@id\":\"https:\/\/www.natelli-shop.com\/de\/#\/schema\/logo\/image\/\"}}]}<\/script>\n<!-- \/ Yoast SEO plugin. -->","yoast_head_json":{"title":"Doppelform Ballerina Saga, 240 psc - Natelli - Nail Shop","robots":{"index":"index","follow":"follow","max-snippet":"max-snippet:-1","max-image-preview":"max-image-preview:large","max-video-preview":"max-video-preview:-1"},"canonical":"https:\/\/www.natelli-shop.com\/de\/product\/doppelform-ballerina-saga-240-psc\/","og_locale":"de_DE","og_type":"article","og_title":"Doppelform Ballerina Saga, 240 psc - Natelli - Nail Shop","og_description":"Saga Top Nail Forms Square 240 St\u00fcck &#8211; Topformen aus weichem Kunststoff f\u00fcr die professionelle Nagelmodellage und -verl\u00e4ngerung. Spezielle Formen","og_url":"https:\/\/www.natelli-shop.com\/de\/product\/doppelform-ballerina-saga-240-psc\/","og_site_name":"Natelli - Nail Shop","article_modified_time":"2025-11-30T23:03:03+00:00","og_image":[{"width":1098,"height":1098,"url":"https:\/\/i0.wp.com\/www.natelli-shop.com\/wp-content\/uploads\/2024\/11\/a6b98f6d-f5ab-481b-991a-3aa6b4338699.jpeg?fit=1098%2C1098&ssl=1","type":"image\/jpeg"}],"twitter_card":"summary_large_image","twitter_misc":{"Gesch\u00e4tzte Lesezeit":"1\u00a0Minute"},"schema":{"@context":"https:\/\/schema.org","@graph":[{"@type":"WebPage","@id":"https:\/\/www.natelli-shop.com\/de\/product\/doppelform-ballerina-saga-240-psc\/","url":"https:\/\/www.natelli-shop.com\/de\/product\/doppelform-ballerina-saga-240-psc\/","name":"Doppelform Ballerina Saga, 240 psc - Natelli - Nail Shop","isPartOf":{"@id":"https:\/\/www.natelli-shop.com\/de\/#website"},"primaryImageOfPage":{"@id":"https:\/\/www.natelli-shop.com\/de\/product\/doppelform-ballerina-saga-240-psc\/#primaryimage"},"image":{"@id":"https:\/\/www.natelli-shop.com\/de\/product\/doppelform-ballerina-saga-240-psc\/#primaryimage"},"thumbnailUrl":"https:\/\/www.natelli-shop.com\/wp-content\/uploads\/2024\/11\/a6b98f6d-f5ab-481b-991a-3aa6b4338699.jpeg","datePublished":"2024-11-01T13:26:00+00:00","dateModified":"2025-11-30T23:03:03+00:00","breadcrumb":{"@id":"https:\/\/www.natelli-shop.com\/de\/product\/doppelform-ballerina-saga-240-psc\/#breadcrumb"},"inLanguage":"de","potentialAction":[{"@type":"ReadAction","target":["https:\/\/www.natelli-shop.com\/de\/product\/doppelform-ballerina-saga-240-psc\/"]}]},{"@type":"ImageObject","inLanguage":"de","@id":"https:\/\/www.natelli-shop.com\/de\/product\/doppelform-ballerina-saga-240-psc\/#primaryimage","url":"https:\/\/www.natelli-shop.com\/wp-content\/uploads\/2024\/11\/a6b98f6d-f5ab-481b-991a-3aa6b4338699.jpeg","contentUrl":"https:\/\/www.natelli-shop.com\/wp-content\/uploads\/2024\/11\/a6b98f6d-f5ab-481b-991a-3aa6b4338699.jpeg","width":1098,"height":1098,"caption":"Screenshot"},{"@type":"BreadcrumbList","@id":"https:\/\/www.natelli-shop.com\/de\/product\/doppelform-ballerina-saga-240-psc\/#breadcrumb","itemListElement":[{"@type":"ListItem","position":1,"name":"Home","item":"https:\/\/www.natelli-shop.com\/de\/startseite\/"},{"@type":"ListItem","position":2,"name":"Shop","item":"https:\/\/www.natelli-shop.com\/de\/shop\/"},{"@type":"ListItem","position":3,"name":"Doppelform Ballerina Saga, 240 psc"}]},{"@type":"WebSite","@id":"https:\/\/www.natelli-shop.com\/de\/#website","url":"https:\/\/www.natelli-shop.com\/de\/","name":"Natelli - Nail Shop","description":"","publisher":{"@id":"https:\/\/www.natelli-shop.com\/de\/#organization"},"potentialAction":[{"@type":"SearchAction","target":{"@type":"EntryPoint","urlTemplate":"https:\/\/www.natelli-shop.com\/de\/?s={search_term_string}"},"query-input":"required name=search_term_string"}],"inLanguage":"de"},{"@type":"Organization","@id":"https:\/\/www.natelli-shop.com\/de\/#organization","name":"Natelli - Nail Shop","url":"https:\/\/www.natelli-shop.com\/de\/","logo":{"@type":"ImageObject","inLanguage":"de","@id":"https:\/\/www.natelli-shop.com\/de\/#\/schema\/logo\/image\/","url":"https:\/\/www.natelli-shop.com\/wp-content\/uploads\/2024\/08\/\u0438\u0437\u043e\u0431\u0440\u0430\u0436\u0435\u043d\u0438\u0435_viber_2024-07-31_10-59-46-791.jpg","contentUrl":"https:\/\/www.natelli-shop.com\/wp-content\/uploads\/2024\/08\/\u0438\u0437\u043e\u0431\u0440\u0430\u0436\u0435\u043d\u0438\u0435_viber_2024-07-31_10-59-46-791.jpg","width":1181,"height":1186,"caption":"Natelli - Nail Shop"},"image":{"@id":"https:\/\/www.natelli-shop.com\/de\/#\/schema\/logo\/image\/"}}]}},"jetpack_sharing_enabled":true,"_links":{"self":[{"href":"https:\/\/www.natelli-shop.com\/de\/wp-json\/wp\/v2\/product\/22447","targetHints":{"allow":["GET"]}}],"collection":[{"href":"https:\/\/www.natelli-shop.com\/de\/wp-json\/wp\/v2\/product"}],"about":[{"href":"https:\/\/www.natelli-shop.com\/de\/wp-json\/wp\/v2\/types\/product"}],"replies":[{"embeddable":true,"href":"https:\/\/www.natelli-shop.com\/de\/wp-json\/wp\/v2\/comments?post=22447"}],"version-history":[{"count":0,"href":"https:\/\/www.natelli-shop.com\/de\/wp-json\/wp\/v2\/product\/22447\/revisions"}],"wp:featuredmedia":[{"embeddable":true,"href":"https:\/\/www.natelli-shop.com\/de\/wp-json\/wp\/v2\/media\/22443"}],"wp:attachment":[{"href":"https:\/\/www.natelli-shop.com\/de\/wp-json\/wp\/v2\/media?parent=22447"}],"wp:term":[{"taxonomy":"product_brand","embeddable":true,"href":"https:\/\/www.natelli-shop.com\/de\/wp-json\/wp\/v2\/product_brand?post=22447"},{"taxonomy":"product_cat","embeddable":true,"href":"https:\/\/www.natelli-shop.com\/de\/wp-json\/wp\/v2\/product_cat?post=22447"},{"taxonomy":"product_tag","embeddable":true,"href":"https:\/\/www.natelli-shop.com\/de\/wp-json\/wp\/v2\/product_tag?post=22447"}],"curies":[{"name":"wp","href":"https:\/\/api.w.org\/{rel}","templated":true}]}}