{"id":21007,"date":"2024-09-07T22:12:00","date_gmt":"2024-09-07T20:12:00","guid":{"rendered":"https:\/\/www.natelli-shop.com\/product\/topformen-saga-professional-ballerina-ballerina-24-stueck\/"},"modified":"2025-12-01T00:03:02","modified_gmt":"2025-11-30T23:03:02","slug":"topformen-saga-professional-ballerina-ballerina-24-stueck","status":"publish","type":"product","link":"https:\/\/www.natelli-shop.com\/de\/product\/topformen-saga-professional-ballerina-ballerina-24-stueck\/","title":{"rendered":"Topformen Saga Professional &#8211; Ballerina (Ballerina), 24 St\u00fcck."},"content":{"rendered":"<p>F\u00fcr die Verl\u00e4ngerung von Salonformen von N\u00e4geln mit minimalem S\u00e4gemehl. Der Bogen dieser oberen Form erm\u00f6glicht die Modellierung der nat\u00fcrlichsten Nagelformen, die die nat\u00fcrliche Nagelplatte imitieren.<\/p>\n","protected":false},"excerpt":{"rendered":"<p>F\u00fcr die Verl\u00e4ngerung von Salonformen von N\u00e4geln mit minimalem S\u00e4gemehl. Der Bogen dieser oberen Form erm\u00f6glicht die Modellierung der nat\u00fcrlichsten<\/p>\n","protected":false},"featured_media":21009,"comment_status":"open","ping_status":"closed","template":"","meta":[],"product_brand":[],"product_cat":[281],"product_tag":[],"class_list":{"0":"post-21007","1":"product","2":"type-product","3":"status-publish","4":"has-post-thumbnail","6":"product_cat-zubehor-fur-nagelverlangerungen","8":"first","9":"instock","10":"sale","11":"shipping-taxable","12":"purchasable","13":"product-type-simple"},"yoast_head":"<!-- This site is optimized with the Yoast SEO plugin v23.1 - https:\/\/yoast.com\/wordpress\/plugins\/seo\/ -->\n<title>Topformen Saga Professional - Ballerina (Ballerina), 24 St\u00fcck. - Natelli - Nail Shop<\/title>\n<meta name=\"robots\" content=\"index, follow, max-snippet:-1, max-image-preview:large, max-video-preview:-1\" \/>\n<link rel=\"canonical\" href=\"https:\/\/www.natelli-shop.com\/de\/product\/topformen-saga-professional-ballerina-ballerina-24-stueck\/\" \/>\n<meta property=\"og:locale\" content=\"de_DE\" \/>\n<meta property=\"og:type\" content=\"article\" \/>\n<meta property=\"og:title\" content=\"Topformen Saga Professional - Ballerina (Ballerina), 24 St\u00fcck. - Natelli - Nail Shop\" \/>\n<meta property=\"og:description\" content=\"F\u00fcr die Verl\u00e4ngerung von Salonformen von N\u00e4geln mit minimalem S\u00e4gemehl. Der Bogen dieser oberen Form erm\u00f6glicht die Modellierung der nat\u00fcrlichsten\" \/>\n<meta property=\"og:url\" content=\"https:\/\/www.natelli-shop.com\/de\/product\/topformen-saga-professional-ballerina-ballerina-24-stueck\/\" \/>\n<meta property=\"og:site_name\" content=\"Natelli - Nail Shop\" \/>\n<meta property=\"article:modified_time\" content=\"2025-11-30T23:03:02+00:00\" \/>\n<meta property=\"og:image\" content=\"https:\/\/i0.wp.com\/www.natelli-shop.com\/wp-content\/uploads\/2024\/09\/bez-imeni-13_pbqw-p6.jpg_jpg.webp?fit=550%2C550&ssl=1\" \/>\n\t<meta property=\"og:image:width\" content=\"550\" \/>\n\t<meta property=\"og:image:height\" content=\"550\" \/>\n\t<meta property=\"og:image:type\" content=\"image\/webp\" \/>\n<meta name=\"twitter:card\" content=\"summary_large_image\" \/>\n<script type=\"application\/ld+json\" class=\"yoast-schema-graph\">{\"@context\":\"https:\/\/schema.org\",\"@graph\":[{\"@type\":\"WebPage\",\"@id\":\"https:\/\/www.natelli-shop.com\/de\/product\/topformen-saga-professional-ballerina-ballerina-24-stueck\/\",\"url\":\"https:\/\/www.natelli-shop.com\/de\/product\/topformen-saga-professional-ballerina-ballerina-24-stueck\/\",\"name\":\"Topformen Saga Professional - Ballerina (Ballerina), 24 St\u00fcck. - Natelli - Nail Shop\",\"isPartOf\":{\"@id\":\"https:\/\/www.natelli-shop.com\/de\/#website\"},\"primaryImageOfPage\":{\"@id\":\"https:\/\/www.natelli-shop.com\/de\/product\/topformen-saga-professional-ballerina-ballerina-24-stueck\/#primaryimage\"},\"image\":{\"@id\":\"https:\/\/www.natelli-shop.com\/de\/product\/topformen-saga-professional-ballerina-ballerina-24-stueck\/#primaryimage\"},\"thumbnailUrl\":\"https:\/\/www.natelli-shop.com\/wp-content\/uploads\/2024\/09\/bez-imeni-13_pbqw-p6.jpg_jpg.webp\",\"datePublished\":\"2024-09-07T20:12:00+00:00\",\"dateModified\":\"2025-11-30T23:03:02+00:00\",\"breadcrumb\":{\"@id\":\"https:\/\/www.natelli-shop.com\/de\/product\/topformen-saga-professional-ballerina-ballerina-24-stueck\/#breadcrumb\"},\"inLanguage\":\"de\",\"potentialAction\":[{\"@type\":\"ReadAction\",\"target\":[\"https:\/\/www.natelli-shop.com\/de\/product\/topformen-saga-professional-ballerina-ballerina-24-stueck\/\"]}]},{\"@type\":\"ImageObject\",\"inLanguage\":\"de\",\"@id\":\"https:\/\/www.natelli-shop.com\/de\/product\/topformen-saga-professional-ballerina-ballerina-24-stueck\/#primaryimage\",\"url\":\"https:\/\/www.natelli-shop.com\/wp-content\/uploads\/2024\/09\/bez-imeni-13_pbqw-p6.jpg_jpg.webp\",\"contentUrl\":\"https:\/\/www.natelli-shop.com\/wp-content\/uploads\/2024\/09\/bez-imeni-13_pbqw-p6.jpg_jpg.webp\",\"width\":550,\"height\":550},{\"@type\":\"BreadcrumbList\",\"@id\":\"https:\/\/www.natelli-shop.com\/de\/product\/topformen-saga-professional-ballerina-ballerina-24-stueck\/#breadcrumb\",\"itemListElement\":[{\"@type\":\"ListItem\",\"position\":1,\"name\":\"Home\",\"item\":\"https:\/\/www.natelli-shop.com\/de\/startseite\/\"},{\"@type\":\"ListItem\",\"position\":2,\"name\":\"Shop\",\"item\":\"https:\/\/www.natelli-shop.com\/de\/shop\/\"},{\"@type\":\"ListItem\",\"position\":3,\"name\":\"Topformen Saga Professional &#8211; Ballerina (Ballerina), 24 St\u00fcck.\"}]},{\"@type\":\"WebSite\",\"@id\":\"https:\/\/www.natelli-shop.com\/de\/#website\",\"url\":\"https:\/\/www.natelli-shop.com\/de\/\",\"name\":\"Natelli - Nail Shop\",\"description\":\"\",\"publisher\":{\"@id\":\"https:\/\/www.natelli-shop.com\/de\/#organization\"},\"potentialAction\":[{\"@type\":\"SearchAction\",\"target\":{\"@type\":\"EntryPoint\",\"urlTemplate\":\"https:\/\/www.natelli-shop.com\/de\/?s={search_term_string}\"},\"query-input\":\"required name=search_term_string\"}],\"inLanguage\":\"de\"},{\"@type\":\"Organization\",\"@id\":\"https:\/\/www.natelli-shop.com\/de\/#organization\",\"name\":\"Natelli - Nail Shop\",\"url\":\"https:\/\/www.natelli-shop.com\/de\/\",\"logo\":{\"@type\":\"ImageObject\",\"inLanguage\":\"de\",\"@id\":\"https:\/\/www.natelli-shop.com\/de\/#\/schema\/logo\/image\/\",\"url\":\"https:\/\/www.natelli-shop.com\/wp-content\/uploads\/2024\/08\/\u0438\u0437\u043e\u0431\u0440\u0430\u0436\u0435\u043d\u0438\u0435_viber_2024-07-31_10-59-46-791.jpg\",\"contentUrl\":\"https:\/\/www.natelli-shop.com\/wp-content\/uploads\/2024\/08\/\u0438\u0437\u043e\u0431\u0440\u0430\u0436\u0435\u043d\u0438\u0435_viber_2024-07-31_10-59-46-791.jpg\",\"width\":1181,\"height\":1186,\"caption\":\"Natelli - Nail Shop\"},\"image\":{\"@id\":\"https:\/\/www.natelli-shop.com\/de\/#\/schema\/logo\/image\/\"}}]}<\/script>\n<!-- \/ Yoast SEO plugin. -->","yoast_head_json":{"title":"Topformen Saga Professional - Ballerina (Ballerina), 24 St\u00fcck. - Natelli - Nail Shop","robots":{"index":"index","follow":"follow","max-snippet":"max-snippet:-1","max-image-preview":"max-image-preview:large","max-video-preview":"max-video-preview:-1"},"canonical":"https:\/\/www.natelli-shop.com\/de\/product\/topformen-saga-professional-ballerina-ballerina-24-stueck\/","og_locale":"de_DE","og_type":"article","og_title":"Topformen Saga Professional - Ballerina (Ballerina), 24 St\u00fcck. - Natelli - Nail Shop","og_description":"F\u00fcr die Verl\u00e4ngerung von Salonformen von N\u00e4geln mit minimalem S\u00e4gemehl. Der Bogen dieser oberen Form erm\u00f6glicht die Modellierung der nat\u00fcrlichsten","og_url":"https:\/\/www.natelli-shop.com\/de\/product\/topformen-saga-professional-ballerina-ballerina-24-stueck\/","og_site_name":"Natelli - Nail Shop","article_modified_time":"2025-11-30T23:03:02+00:00","og_image":[{"width":550,"height":550,"url":"https:\/\/i0.wp.com\/www.natelli-shop.com\/wp-content\/uploads\/2024\/09\/bez-imeni-13_pbqw-p6.jpg_jpg.webp?fit=550%2C550&ssl=1","type":"image\/webp"}],"twitter_card":"summary_large_image","schema":{"@context":"https:\/\/schema.org","@graph":[{"@type":"WebPage","@id":"https:\/\/www.natelli-shop.com\/de\/product\/topformen-saga-professional-ballerina-ballerina-24-stueck\/","url":"https:\/\/www.natelli-shop.com\/de\/product\/topformen-saga-professional-ballerina-ballerina-24-stueck\/","name":"Topformen Saga Professional - Ballerina (Ballerina), 24 St\u00fcck. - Natelli - Nail Shop","isPartOf":{"@id":"https:\/\/www.natelli-shop.com\/de\/#website"},"primaryImageOfPage":{"@id":"https:\/\/www.natelli-shop.com\/de\/product\/topformen-saga-professional-ballerina-ballerina-24-stueck\/#primaryimage"},"image":{"@id":"https:\/\/www.natelli-shop.com\/de\/product\/topformen-saga-professional-ballerina-ballerina-24-stueck\/#primaryimage"},"thumbnailUrl":"https:\/\/www.natelli-shop.com\/wp-content\/uploads\/2024\/09\/bez-imeni-13_pbqw-p6.jpg_jpg.webp","datePublished":"2024-09-07T20:12:00+00:00","dateModified":"2025-11-30T23:03:02+00:00","breadcrumb":{"@id":"https:\/\/www.natelli-shop.com\/de\/product\/topformen-saga-professional-ballerina-ballerina-24-stueck\/#breadcrumb"},"inLanguage":"de","potentialAction":[{"@type":"ReadAction","target":["https:\/\/www.natelli-shop.com\/de\/product\/topformen-saga-professional-ballerina-ballerina-24-stueck\/"]}]},{"@type":"ImageObject","inLanguage":"de","@id":"https:\/\/www.natelli-shop.com\/de\/product\/topformen-saga-professional-ballerina-ballerina-24-stueck\/#primaryimage","url":"https:\/\/www.natelli-shop.com\/wp-content\/uploads\/2024\/09\/bez-imeni-13_pbqw-p6.jpg_jpg.webp","contentUrl":"https:\/\/www.natelli-shop.com\/wp-content\/uploads\/2024\/09\/bez-imeni-13_pbqw-p6.jpg_jpg.webp","width":550,"height":550},{"@type":"BreadcrumbList","@id":"https:\/\/www.natelli-shop.com\/de\/product\/topformen-saga-professional-ballerina-ballerina-24-stueck\/#breadcrumb","itemListElement":[{"@type":"ListItem","position":1,"name":"Home","item":"https:\/\/www.natelli-shop.com\/de\/startseite\/"},{"@type":"ListItem","position":2,"name":"Shop","item":"https:\/\/www.natelli-shop.com\/de\/shop\/"},{"@type":"ListItem","position":3,"name":"Topformen Saga Professional &#8211; Ballerina (Ballerina), 24 St\u00fcck."}]},{"@type":"WebSite","@id":"https:\/\/www.natelli-shop.com\/de\/#website","url":"https:\/\/www.natelli-shop.com\/de\/","name":"Natelli - Nail Shop","description":"","publisher":{"@id":"https:\/\/www.natelli-shop.com\/de\/#organization"},"potentialAction":[{"@type":"SearchAction","target":{"@type":"EntryPoint","urlTemplate":"https:\/\/www.natelli-shop.com\/de\/?s={search_term_string}"},"query-input":"required name=search_term_string"}],"inLanguage":"de"},{"@type":"Organization","@id":"https:\/\/www.natelli-shop.com\/de\/#organization","name":"Natelli - Nail Shop","url":"https:\/\/www.natelli-shop.com\/de\/","logo":{"@type":"ImageObject","inLanguage":"de","@id":"https:\/\/www.natelli-shop.com\/de\/#\/schema\/logo\/image\/","url":"https:\/\/www.natelli-shop.com\/wp-content\/uploads\/2024\/08\/\u0438\u0437\u043e\u0431\u0440\u0430\u0436\u0435\u043d\u0438\u0435_viber_2024-07-31_10-59-46-791.jpg","contentUrl":"https:\/\/www.natelli-shop.com\/wp-content\/uploads\/2024\/08\/\u0438\u0437\u043e\u0431\u0440\u0430\u0436\u0435\u043d\u0438\u0435_viber_2024-07-31_10-59-46-791.jpg","width":1181,"height":1186,"caption":"Natelli - Nail Shop"},"image":{"@id":"https:\/\/www.natelli-shop.com\/de\/#\/schema\/logo\/image\/"}}]}},"jetpack_sharing_enabled":true,"_links":{"self":[{"href":"https:\/\/www.natelli-shop.com\/de\/wp-json\/wp\/v2\/product\/21007","targetHints":{"allow":["GET"]}}],"collection":[{"href":"https:\/\/www.natelli-shop.com\/de\/wp-json\/wp\/v2\/product"}],"about":[{"href":"https:\/\/www.natelli-shop.com\/de\/wp-json\/wp\/v2\/types\/product"}],"replies":[{"embeddable":true,"href":"https:\/\/www.natelli-shop.com\/de\/wp-json\/wp\/v2\/comments?post=21007"}],"version-history":[{"count":0,"href":"https:\/\/www.natelli-shop.com\/de\/wp-json\/wp\/v2\/product\/21007\/revisions"}],"wp:featuredmedia":[{"embeddable":true,"href":"https:\/\/www.natelli-shop.com\/de\/wp-json\/wp\/v2\/media\/21009"}],"wp:attachment":[{"href":"https:\/\/www.natelli-shop.com\/de\/wp-json\/wp\/v2\/media?parent=21007"}],"wp:term":[{"taxonomy":"product_brand","embeddable":true,"href":"https:\/\/www.natelli-shop.com\/de\/wp-json\/wp\/v2\/product_brand?post=21007"},{"taxonomy":"product_cat","embeddable":true,"href":"https:\/\/www.natelli-shop.com\/de\/wp-json\/wp\/v2\/product_cat?post=21007"},{"taxonomy":"product_tag","embeddable":true,"href":"https:\/\/www.natelli-shop.com\/de\/wp-json\/wp\/v2\/product_tag?post=21007"}],"curies":[{"name":"wp","href":"https:\/\/api.w.org\/{rel}","templated":true}]}}