{"id":20788,"date":"2024-09-07T20:42:00","date_gmt":"2024-09-07T18:42:00","guid":{"rendered":"https:\/\/www.natelli-shop.com\/?post_type=product&#038;p=20788"},"modified":"2026-03-04T13:51:45","modified_gmt":"2026-03-04T12:51:45","slug":"saga-professional-liquid-gel-16-rosa-kakao-15-ml-copy","status":"publish","type":"product","link":"https:\/\/www.natelli-shop.com\/de\/produkt\/saga-professional-liquid-gel-16-rosa-kakao-15-ml-copy\/","title":{"rendered":"SAGA professional LIQUID GEL 17 (braun), 15 ml"},"content":{"rendered":"<p>Fl\u00fcssiggel f\u00fcr N\u00e4gel Saga Liquid Gel ist ein einphasiges Gel zum Aufbau und zur St\u00e4rkung der N\u00e4gel der neuen Generation. Das Fl\u00fcssiggel geh\u00f6rt zur Klasse der \u201efesten\u201c Lacke. Mit diesem Gel k\u00f6nnen Sie N\u00e4gel in jeder L\u00e4nge verl\u00e4ngern. Solche N\u00e4gel nutzen sich nicht schlechter ab als jedes andere Gel, das wir gewohnt sind, aber die Verl\u00e4ngerung ist viel schneller und kosteng\u00fcnstiger.   <\/p>\n<p>Es muss nicht ges\u00e4gt werden, so dass man weniger Geld ausgeben muss;<br \/>\nEs ist eine fl\u00fcssige Mischung, ungef\u00e4hr wie eine French Base;<br \/>\nEs l\u00e4sst sich so einfach wie eine Base oder ein Gel-Polish auftragen.<br \/>\nFarbton: transparent<\/p>\n<p>Methode der Anwendung: Es wird empfohlen, vor dem Auftragen eine d\u00fcnne Schicht Rubber Base aufzutragen. Die Polymerisationszeit in einer UV-Lampe betr\u00e4gt 2 Minuten, in einer Led-Lampe oder Hybrid &#8211; 60 Sekunden. Die SAGA professional Liquid Serie von Gelen wird den Meister dazu bringen, sich in den ersten Nagel zu verlieben.<\/p>\n","protected":false},"excerpt":{"rendered":"<p>&nbsp;<\/p>\n<p>&nbsp;<\/p>\n","protected":false},"featured_media":20791,"comment_status":"open","ping_status":"closed","template":"","meta":[],"product_brand":[],"product_cat":[249],"product_tag":[],"class_list":{"0":"post-20788","1":"product","2":"type-product","3":"status-publish","4":"has-post-thumbnail","6":"product_cat-liquid-gel-saga-gel-de","8":"first","9":"instock","10":"shipping-taxable","11":"purchasable","12":"product-type-simple"},"yoast_head":"<!-- This site is optimized with the Yoast SEO plugin v23.1 - https:\/\/yoast.com\/wordpress\/plugins\/seo\/ -->\n<title>SAGA professional LIQUID GEL 17 (braun), 15 ml - Natelli - Nail Shop<\/title>\n<meta name=\"robots\" content=\"index, follow, max-snippet:-1, max-image-preview:large, max-video-preview:-1\" \/>\n<link rel=\"canonical\" href=\"https:\/\/www.natelli-shop.com\/de\/produkt\/saga-professional-liquid-gel-16-rosa-kakao-15-ml-copy\/\" \/>\n<meta property=\"og:locale\" content=\"de_DE\" \/>\n<meta property=\"og:type\" content=\"article\" \/>\n<meta property=\"og:title\" content=\"SAGA professional LIQUID GEL 17 (braun), 15 ml - Natelli - Nail Shop\" \/>\n<meta property=\"og:description\" content=\"&nbsp; &nbsp;\" \/>\n<meta property=\"og:url\" content=\"https:\/\/www.natelli-shop.com\/de\/produkt\/saga-professional-liquid-gel-16-rosa-kakao-15-ml-copy\/\" \/>\n<meta property=\"og:site_name\" content=\"Natelli - Nail Shop\" \/>\n<meta property=\"article:modified_time\" content=\"2026-03-04T12:51:45+00:00\" \/>\n<meta property=\"og:image\" content=\"https:\/\/i0.wp.com\/www.natelli-shop.com\/wp-content\/uploads\/2024\/09\/img_9401-scaled.jpg?fit=1436%2C2560&ssl=1\" \/>\n\t<meta property=\"og:image:width\" content=\"1436\" \/>\n\t<meta property=\"og:image:height\" content=\"2560\" \/>\n\t<meta property=\"og:image:type\" content=\"image\/jpeg\" \/>\n<meta name=\"twitter:card\" content=\"summary_large_image\" \/>\n<meta name=\"twitter:label1\" content=\"Gesch\u00e4tzte Lesezeit\" \/>\n\t<meta name=\"twitter:data1\" content=\"1\u00a0Minute\" \/>\n<script type=\"application\/ld+json\" class=\"yoast-schema-graph\">{\"@context\":\"https:\/\/schema.org\",\"@graph\":[{\"@type\":\"WebPage\",\"@id\":\"https:\/\/www.natelli-shop.com\/de\/produkt\/saga-professional-liquid-gel-16-rosa-kakao-15-ml-copy\/\",\"url\":\"https:\/\/www.natelli-shop.com\/de\/produkt\/saga-professional-liquid-gel-16-rosa-kakao-15-ml-copy\/\",\"name\":\"SAGA professional LIQUID GEL 17 (braun), 15 ml - Natelli - Nail Shop\",\"isPartOf\":{\"@id\":\"https:\/\/www.natelli-shop.com\/de\/#website\"},\"primaryImageOfPage\":{\"@id\":\"https:\/\/www.natelli-shop.com\/de\/produkt\/saga-professional-liquid-gel-16-rosa-kakao-15-ml-copy\/#primaryimage\"},\"image\":{\"@id\":\"https:\/\/www.natelli-shop.com\/de\/produkt\/saga-professional-liquid-gel-16-rosa-kakao-15-ml-copy\/#primaryimage\"},\"thumbnailUrl\":\"https:\/\/www.natelli-shop.com\/wp-content\/uploads\/2024\/09\/img_9401-scaled.jpg\",\"datePublished\":\"2024-09-07T18:42:00+00:00\",\"dateModified\":\"2026-03-04T12:51:45+00:00\",\"breadcrumb\":{\"@id\":\"https:\/\/www.natelli-shop.com\/de\/produkt\/saga-professional-liquid-gel-16-rosa-kakao-15-ml-copy\/#breadcrumb\"},\"inLanguage\":\"de\",\"potentialAction\":[{\"@type\":\"ReadAction\",\"target\":[\"https:\/\/www.natelli-shop.com\/de\/produkt\/saga-professional-liquid-gel-16-rosa-kakao-15-ml-copy\/\"]}]},{\"@type\":\"ImageObject\",\"inLanguage\":\"de\",\"@id\":\"https:\/\/www.natelli-shop.com\/de\/produkt\/saga-professional-liquid-gel-16-rosa-kakao-15-ml-copy\/#primaryimage\",\"url\":\"https:\/\/www.natelli-shop.com\/wp-content\/uploads\/2024\/09\/img_9401-scaled.jpg\",\"contentUrl\":\"https:\/\/www.natelli-shop.com\/wp-content\/uploads\/2024\/09\/img_9401-scaled.jpg\",\"width\":1436,\"height\":2560},{\"@type\":\"BreadcrumbList\",\"@id\":\"https:\/\/www.natelli-shop.com\/de\/produkt\/saga-professional-liquid-gel-16-rosa-kakao-15-ml-copy\/#breadcrumb\",\"itemListElement\":[{\"@type\":\"ListItem\",\"position\":1,\"name\":\"Home\",\"item\":\"https:\/\/www.natelli-shop.com\/de\/startseite\/\"},{\"@type\":\"ListItem\",\"position\":2,\"name\":\"Shop\",\"item\":\"https:\/\/www.natelli-shop.com\/de\/shop\/\"},{\"@type\":\"ListItem\",\"position\":3,\"name\":\"SAGA professional LIQUID GEL 17 (braun), 15 ml\"}]},{\"@type\":\"WebSite\",\"@id\":\"https:\/\/www.natelli-shop.com\/de\/#website\",\"url\":\"https:\/\/www.natelli-shop.com\/de\/\",\"name\":\"Natelli - Nail Shop\",\"description\":\"\",\"publisher\":{\"@id\":\"https:\/\/www.natelli-shop.com\/de\/#organization\"},\"potentialAction\":[{\"@type\":\"SearchAction\",\"target\":{\"@type\":\"EntryPoint\",\"urlTemplate\":\"https:\/\/www.natelli-shop.com\/de\/?s={search_term_string}\"},\"query-input\":\"required name=search_term_string\"}],\"inLanguage\":\"de\"},{\"@type\":\"Organization\",\"@id\":\"https:\/\/www.natelli-shop.com\/de\/#organization\",\"name\":\"Natelli - Nail Shop\",\"url\":\"https:\/\/www.natelli-shop.com\/de\/\",\"logo\":{\"@type\":\"ImageObject\",\"inLanguage\":\"de\",\"@id\":\"https:\/\/www.natelli-shop.com\/de\/#\/schema\/logo\/image\/\",\"url\":\"https:\/\/www.natelli-shop.com\/wp-content\/uploads\/2024\/08\/\u0438\u0437\u043e\u0431\u0440\u0430\u0436\u0435\u043d\u0438\u0435_viber_2024-07-31_10-59-46-791.jpg\",\"contentUrl\":\"https:\/\/www.natelli-shop.com\/wp-content\/uploads\/2024\/08\/\u0438\u0437\u043e\u0431\u0440\u0430\u0436\u0435\u043d\u0438\u0435_viber_2024-07-31_10-59-46-791.jpg\",\"width\":1181,\"height\":1186,\"caption\":\"Natelli - Nail Shop\"},\"image\":{\"@id\":\"https:\/\/www.natelli-shop.com\/de\/#\/schema\/logo\/image\/\"}}]}<\/script>\n<!-- \/ Yoast SEO plugin. -->","yoast_head_json":{"title":"SAGA professional LIQUID GEL 17 (braun), 15 ml - Natelli - Nail Shop","robots":{"index":"index","follow":"follow","max-snippet":"max-snippet:-1","max-image-preview":"max-image-preview:large","max-video-preview":"max-video-preview:-1"},"canonical":"https:\/\/www.natelli-shop.com\/de\/produkt\/saga-professional-liquid-gel-16-rosa-kakao-15-ml-copy\/","og_locale":"de_DE","og_type":"article","og_title":"SAGA professional LIQUID GEL 17 (braun), 15 ml - Natelli - Nail Shop","og_description":"&nbsp; &nbsp;","og_url":"https:\/\/www.natelli-shop.com\/de\/produkt\/saga-professional-liquid-gel-16-rosa-kakao-15-ml-copy\/","og_site_name":"Natelli - Nail Shop","article_modified_time":"2026-03-04T12:51:45+00:00","og_image":[{"width":1436,"height":2560,"url":"https:\/\/i0.wp.com\/www.natelli-shop.com\/wp-content\/uploads\/2024\/09\/img_9401-scaled.jpg?fit=1436%2C2560&ssl=1","type":"image\/jpeg"}],"twitter_card":"summary_large_image","twitter_misc":{"Gesch\u00e4tzte Lesezeit":"1\u00a0Minute"},"schema":{"@context":"https:\/\/schema.org","@graph":[{"@type":"WebPage","@id":"https:\/\/www.natelli-shop.com\/de\/produkt\/saga-professional-liquid-gel-16-rosa-kakao-15-ml-copy\/","url":"https:\/\/www.natelli-shop.com\/de\/produkt\/saga-professional-liquid-gel-16-rosa-kakao-15-ml-copy\/","name":"SAGA professional LIQUID GEL 17 (braun), 15 ml - Natelli - Nail Shop","isPartOf":{"@id":"https:\/\/www.natelli-shop.com\/de\/#website"},"primaryImageOfPage":{"@id":"https:\/\/www.natelli-shop.com\/de\/produkt\/saga-professional-liquid-gel-16-rosa-kakao-15-ml-copy\/#primaryimage"},"image":{"@id":"https:\/\/www.natelli-shop.com\/de\/produkt\/saga-professional-liquid-gel-16-rosa-kakao-15-ml-copy\/#primaryimage"},"thumbnailUrl":"https:\/\/www.natelli-shop.com\/wp-content\/uploads\/2024\/09\/img_9401-scaled.jpg","datePublished":"2024-09-07T18:42:00+00:00","dateModified":"2026-03-04T12:51:45+00:00","breadcrumb":{"@id":"https:\/\/www.natelli-shop.com\/de\/produkt\/saga-professional-liquid-gel-16-rosa-kakao-15-ml-copy\/#breadcrumb"},"inLanguage":"de","potentialAction":[{"@type":"ReadAction","target":["https:\/\/www.natelli-shop.com\/de\/produkt\/saga-professional-liquid-gel-16-rosa-kakao-15-ml-copy\/"]}]},{"@type":"ImageObject","inLanguage":"de","@id":"https:\/\/www.natelli-shop.com\/de\/produkt\/saga-professional-liquid-gel-16-rosa-kakao-15-ml-copy\/#primaryimage","url":"https:\/\/www.natelli-shop.com\/wp-content\/uploads\/2024\/09\/img_9401-scaled.jpg","contentUrl":"https:\/\/www.natelli-shop.com\/wp-content\/uploads\/2024\/09\/img_9401-scaled.jpg","width":1436,"height":2560},{"@type":"BreadcrumbList","@id":"https:\/\/www.natelli-shop.com\/de\/produkt\/saga-professional-liquid-gel-16-rosa-kakao-15-ml-copy\/#breadcrumb","itemListElement":[{"@type":"ListItem","position":1,"name":"Home","item":"https:\/\/www.natelli-shop.com\/de\/startseite\/"},{"@type":"ListItem","position":2,"name":"Shop","item":"https:\/\/www.natelli-shop.com\/de\/shop\/"},{"@type":"ListItem","position":3,"name":"SAGA professional LIQUID GEL 17 (braun), 15 ml"}]},{"@type":"WebSite","@id":"https:\/\/www.natelli-shop.com\/de\/#website","url":"https:\/\/www.natelli-shop.com\/de\/","name":"Natelli - Nail Shop","description":"","publisher":{"@id":"https:\/\/www.natelli-shop.com\/de\/#organization"},"potentialAction":[{"@type":"SearchAction","target":{"@type":"EntryPoint","urlTemplate":"https:\/\/www.natelli-shop.com\/de\/?s={search_term_string}"},"query-input":"required name=search_term_string"}],"inLanguage":"de"},{"@type":"Organization","@id":"https:\/\/www.natelli-shop.com\/de\/#organization","name":"Natelli - Nail Shop","url":"https:\/\/www.natelli-shop.com\/de\/","logo":{"@type":"ImageObject","inLanguage":"de","@id":"https:\/\/www.natelli-shop.com\/de\/#\/schema\/logo\/image\/","url":"https:\/\/www.natelli-shop.com\/wp-content\/uploads\/2024\/08\/\u0438\u0437\u043e\u0431\u0440\u0430\u0436\u0435\u043d\u0438\u0435_viber_2024-07-31_10-59-46-791.jpg","contentUrl":"https:\/\/www.natelli-shop.com\/wp-content\/uploads\/2024\/08\/\u0438\u0437\u043e\u0431\u0440\u0430\u0436\u0435\u043d\u0438\u0435_viber_2024-07-31_10-59-46-791.jpg","width":1181,"height":1186,"caption":"Natelli - Nail Shop"},"image":{"@id":"https:\/\/www.natelli-shop.com\/de\/#\/schema\/logo\/image\/"}}]}},"jetpack_sharing_enabled":true,"_links":{"self":[{"href":"https:\/\/www.natelli-shop.com\/de\/wp-json\/wp\/v2\/product\/20788","targetHints":{"allow":["GET"]}}],"collection":[{"href":"https:\/\/www.natelli-shop.com\/de\/wp-json\/wp\/v2\/product"}],"about":[{"href":"https:\/\/www.natelli-shop.com\/de\/wp-json\/wp\/v2\/types\/product"}],"replies":[{"embeddable":true,"href":"https:\/\/www.natelli-shop.com\/de\/wp-json\/wp\/v2\/comments?post=20788"}],"version-history":[{"count":0,"href":"https:\/\/www.natelli-shop.com\/de\/wp-json\/wp\/v2\/product\/20788\/revisions"}],"wp:featuredmedia":[{"embeddable":true,"href":"https:\/\/www.natelli-shop.com\/de\/wp-json\/wp\/v2\/media\/20791"}],"wp:attachment":[{"href":"https:\/\/www.natelli-shop.com\/de\/wp-json\/wp\/v2\/media?parent=20788"}],"wp:term":[{"taxonomy":"product_brand","embeddable":true,"href":"https:\/\/www.natelli-shop.com\/de\/wp-json\/wp\/v2\/product_brand?post=20788"},{"taxonomy":"product_cat","embeddable":true,"href":"https:\/\/www.natelli-shop.com\/de\/wp-json\/wp\/v2\/product_cat?post=20788"},{"taxonomy":"product_tag","embeddable":true,"href":"https:\/\/www.natelli-shop.com\/de\/wp-json\/wp\/v2\/product_tag?post=20788"}],"curies":[{"name":"wp","href":"https:\/\/api.w.org\/{rel}","templated":true}]}}