{"id":20515,"date":"2024-09-07T15:29:00","date_gmt":"2024-09-07T13:29:00","guid":{"rendered":"https:\/\/www.natelli-shop.com\/?post_type=product&#038;p=20515"},"modified":"2025-10-19T14:51:00","modified_gmt":"2025-10-19T12:51:00","slug":"nailsofthenight-lets-special-celine-dunkelroter-gel-nagellack-mit-rotem-glitter-in-einer-schicht-10-ml-copy","status":"publish","type":"product","link":"https:\/\/www.natelli-shop.com\/de\/produkt\/nailsofthenight-lets-special-celine-dunkelroter-gel-nagellack-mit-rotem-glitter-in-einer-schicht-10-ml-copy\/","title":{"rendered":"Gel-Politur NAILSOFTHEDAY Let&#8217;s special Dark Chocolate-357, 10ml"},"content":{"rendered":"<p data-start=\"429\" data-end=\"803\"><strong data-start=\"429\" data-end=\"526\">NAILSOFTHEDAY Gel Polish ist kein gew\u00f6hnlicher UV-Lack, sondern unsere spezielle Nano-Formel.<\/strong><br data-start=\"526\" data-end=\"529\">Wir verwenden in jeder Flasche ausschlie\u00dflich hochwertige europ\u00e4ische Pigmente. Dadurch entsteht ein perfekt ges\u00e4ttigtes und au\u00dfergew\u00f6hnlich leuchtendes Farbergebnis. Der Gel-Lack deckt die Nagelplatte schon mit einer d\u00fcnnen Schicht optimal ab und polymerisiert gleichm\u00e4\u00dfig.  <\/p>\n<p data-start=\"805\" data-end=\"830\"><strong data-start=\"805\" data-end=\"828\">Anwendungsschritte:<\/strong><\/p>\n<ol data-start=\"831\" data-end=\"1602\">\n<li data-start=\"831\" data-end=\"892\">\n<p data-start=\"834\" data-end=\"892\">Die Nagelplatte mit Nailsoftheday Nail Prep entfetten.<\/p>\n<\/li>\n<li data-start=\"893\" data-end=\"950\">\n<p data-start=\"896\" data-end=\"950\">Den Dehydrator Nailsoftheday DEHYDRATOR auftragen.<\/p>\n<\/li>\n<li data-start=\"951\" data-end=\"1006\">\n<p data-start=\"954\" data-end=\"1006\">Den Ultrabond Nailsoftheday ULTRABOND verwenden.<\/p>\n<\/li>\n<li data-start=\"1007\" data-end=\"1155\">\n<p data-start=\"1010\" data-end=\"1155\">Eine elastische Grundierung mit der mittel-sauren Nailsoftheday Rubber Baseoder der haftvermittelnden Nailsoftheday Scotch Base auftragen.<\/p>\n<\/li>\n<li data-start=\"1156\" data-end=\"1333\">\n<p data-start=\"1159\" data-end=\"1333\">NAILSOFTHEDAY Gel Polish gleichm\u00e4\u00dfig in einer d\u00fcnnen Schicht verteilen und sorgf\u00e4ltig ausgleichen. F\u00fcr eine intensivere Farbe kann eine zweite Schicht aufgetragen werden. <\/p>\n<\/li>\n<li data-start=\"1334\" data-end=\"1602\">\n<p data-start=\"1337\" data-end=\"1602\">Mit einem Glanz-Topcoat wie Nailsoftheday Glossy Top No Wipe oder dem kratzfesten Nailsoftheday No Stress Top No Wipe, Nailsoftheday Glossy Top Wipe oder einem matten Finish wie Nailsoftheday Teddy Top Wipe oder Nailsoftheday Matte Top No Wipe versiegeln.<\/p>\n<\/li>\n<\/ol>\n<p data-start=\"1604\" data-end=\"1657\"><strong data-start=\"1604\" data-end=\"1619\">Aush\u00e4rtung:<\/strong> UV &#8211; 120 Sekunden, LED &#8211; 60 Sekunden.<\/p>\n<p><strong>Inhaltsstoffe: <\/strong>Acrylates Copolymer, Isopropyl Alcohol, Dimethicone, Butyl Acetyte, Microcrystalline Wax.<br \/>\nKann enthalten: CI 77163, CI 15880, CI 77007, CI 77492, CI 77491, CI 77891, CI 77266<\/p>\n<p><strong>!ACHTUNG!:<\/strong><\/p>\n<p>Nur f\u00fcr den professionellen Gebrauch. Hautkontakt vermeiden. Augenkontakt vermeiden. Vor Gebrauch lesen Sie bitte die Anleitung sorgf\u00e4ltig. Im Falle einer allergischen Reaktion die Anwendung sofort abbrechen. Von Kindern fernhalten.     <\/p>\n<p>Der UV Nagellack soll vor nat\u00fcrlicher Sonnenstrahlung gesch\u00fctzt werden, sonst kann es zum Aush\u00e4rten des Produkts kommen.<\/p>\n<p>Wir m\u00f6chten Sie darauf hinweisen. dass die Farben, die auf den Bildern der Produktkarte abgebildet sind, geringf\u00fcgig von den tats\u00e4chlichen Farben der Produkte abweichen k\u00f6nnen. Der Grund f\u00fcr die oben genannten Unterschiede liegt in den individuellen Einstellungen des Monitors Ihres Computers.<\/p>\n","protected":false},"excerpt":{"rendered":"<p>NAILSOFTHEDAY Gel Polish ist kein gew\u00f6hnlicher UV-Lack, sondern unsere spezielle Nano-Formel.Wir verwenden in jeder Flasche ausschlie\u00dflich hochwertige europ\u00e4ische Pigmente. Dadurch<\/p>\n","protected":false},"featured_media":30592,"comment_status":"open","ping_status":"closed","template":"","meta":[],"product_brand":[],"product_cat":[240],"product_tag":[],"class_list":{"0":"post-20515","1":"product","2":"type-product","3":"status-publish","4":"has-post-thumbnail","6":"product_cat-lets-special-gel-polish-de","8":"first","9":"outofstock","10":"shipping-taxable","11":"purchasable","12":"product-type-simple"},"yoast_head":"<!-- This site is optimized with the Yoast SEO plugin v23.1 - https:\/\/yoast.com\/wordpress\/plugins\/seo\/ -->\n<title>Gel-Politur NAILSOFTHEDAY Let&#039;s special Dark Chocolate-357, 10ml - Natelli - Nail Shop<\/title>\n<meta name=\"robots\" content=\"index, follow, max-snippet:-1, max-image-preview:large, max-video-preview:-1\" \/>\n<link rel=\"canonical\" href=\"https:\/\/www.natelli-shop.com\/de\/produkt\/nailsofthenight-lets-special-celine-dunkelroter-gel-nagellack-mit-rotem-glitter-in-einer-schicht-10-ml-copy\/\" \/>\n<meta property=\"og:locale\" content=\"de_DE\" \/>\n<meta property=\"og:type\" content=\"article\" \/>\n<meta property=\"og:title\" content=\"Gel-Politur NAILSOFTHEDAY Let&#039;s special Dark Chocolate-357, 10ml - Natelli - Nail Shop\" \/>\n<meta property=\"og:description\" content=\"NAILSOFTHEDAY Gel Polish ist kein gew\u00f6hnlicher UV-Lack, sondern unsere spezielle Nano-Formel.Wir verwenden in jeder Flasche ausschlie\u00dflich hochwertige europ\u00e4ische Pigmente. Dadurch\" \/>\n<meta property=\"og:url\" content=\"https:\/\/www.natelli-shop.com\/de\/produkt\/nailsofthenight-lets-special-celine-dunkelroter-gel-nagellack-mit-rotem-glitter-in-einer-schicht-10-ml-copy\/\" \/>\n<meta property=\"og:site_name\" content=\"Natelli - Nail Shop\" \/>\n<meta property=\"article:modified_time\" content=\"2025-10-19T12:51:00+00:00\" \/>\n<meta property=\"og:image\" content=\"https:\/\/i0.wp.com\/www.natelli-shop.com\/wp-content\/uploads\/2024\/09\/notd_dark_chocolate_357_gel_polish_product_card_997x1106.png.webp?fit=996%2C1106&ssl=1\" \/>\n\t<meta property=\"og:image:width\" content=\"996\" \/>\n\t<meta property=\"og:image:height\" content=\"1106\" \/>\n\t<meta property=\"og:image:type\" content=\"image\/webp\" \/>\n<meta name=\"twitter:card\" content=\"summary_large_image\" \/>\n<meta name=\"twitter:label1\" content=\"Gesch\u00e4tzte Lesezeit\" \/>\n\t<meta name=\"twitter:data1\" content=\"1\u00a0Minute\" \/>\n<script type=\"application\/ld+json\" class=\"yoast-schema-graph\">{\"@context\":\"https:\/\/schema.org\",\"@graph\":[{\"@type\":\"WebPage\",\"@id\":\"https:\/\/www.natelli-shop.com\/de\/produkt\/nailsofthenight-lets-special-celine-dunkelroter-gel-nagellack-mit-rotem-glitter-in-einer-schicht-10-ml-copy\/\",\"url\":\"https:\/\/www.natelli-shop.com\/de\/produkt\/nailsofthenight-lets-special-celine-dunkelroter-gel-nagellack-mit-rotem-glitter-in-einer-schicht-10-ml-copy\/\",\"name\":\"Gel-Politur NAILSOFTHEDAY Let's special Dark Chocolate-357, 10ml - Natelli - Nail Shop\",\"isPartOf\":{\"@id\":\"https:\/\/www.natelli-shop.com\/de\/#website\"},\"primaryImageOfPage\":{\"@id\":\"https:\/\/www.natelli-shop.com\/de\/produkt\/nailsofthenight-lets-special-celine-dunkelroter-gel-nagellack-mit-rotem-glitter-in-einer-schicht-10-ml-copy\/#primaryimage\"},\"image\":{\"@id\":\"https:\/\/www.natelli-shop.com\/de\/produkt\/nailsofthenight-lets-special-celine-dunkelroter-gel-nagellack-mit-rotem-glitter-in-einer-schicht-10-ml-copy\/#primaryimage\"},\"thumbnailUrl\":\"https:\/\/www.natelli-shop.com\/wp-content\/uploads\/2024\/09\/notd_dark_chocolate_357_gel_polish_product_card_997x1106.png.webp\",\"datePublished\":\"2024-09-07T13:29:00+00:00\",\"dateModified\":\"2025-10-19T12:51:00+00:00\",\"breadcrumb\":{\"@id\":\"https:\/\/www.natelli-shop.com\/de\/produkt\/nailsofthenight-lets-special-celine-dunkelroter-gel-nagellack-mit-rotem-glitter-in-einer-schicht-10-ml-copy\/#breadcrumb\"},\"inLanguage\":\"de\",\"potentialAction\":[{\"@type\":\"ReadAction\",\"target\":[\"https:\/\/www.natelli-shop.com\/de\/produkt\/nailsofthenight-lets-special-celine-dunkelroter-gel-nagellack-mit-rotem-glitter-in-einer-schicht-10-ml-copy\/\"]}]},{\"@type\":\"ImageObject\",\"inLanguage\":\"de\",\"@id\":\"https:\/\/www.natelli-shop.com\/de\/produkt\/nailsofthenight-lets-special-celine-dunkelroter-gel-nagellack-mit-rotem-glitter-in-einer-schicht-10-ml-copy\/#primaryimage\",\"url\":\"https:\/\/www.natelli-shop.com\/wp-content\/uploads\/2024\/09\/notd_dark_chocolate_357_gel_polish_product_card_997x1106.png.webp\",\"contentUrl\":\"https:\/\/www.natelli-shop.com\/wp-content\/uploads\/2024\/09\/notd_dark_chocolate_357_gel_polish_product_card_997x1106.png.webp\",\"width\":996,\"height\":1106},{\"@type\":\"BreadcrumbList\",\"@id\":\"https:\/\/www.natelli-shop.com\/de\/produkt\/nailsofthenight-lets-special-celine-dunkelroter-gel-nagellack-mit-rotem-glitter-in-einer-schicht-10-ml-copy\/#breadcrumb\",\"itemListElement\":[{\"@type\":\"ListItem\",\"position\":1,\"name\":\"Home\",\"item\":\"https:\/\/www.natelli-shop.com\/de\/startseite\/\"},{\"@type\":\"ListItem\",\"position\":2,\"name\":\"Shop\",\"item\":\"https:\/\/www.natelli-shop.com\/de\/shop\/\"},{\"@type\":\"ListItem\",\"position\":3,\"name\":\"Gel-Politur NAILSOFTHEDAY Let&#8217;s special Dark Chocolate-357, 10ml\"}]},{\"@type\":\"WebSite\",\"@id\":\"https:\/\/www.natelli-shop.com\/de\/#website\",\"url\":\"https:\/\/www.natelli-shop.com\/de\/\",\"name\":\"Natelli - Nail Shop\",\"description\":\"\",\"publisher\":{\"@id\":\"https:\/\/www.natelli-shop.com\/de\/#organization\"},\"potentialAction\":[{\"@type\":\"SearchAction\",\"target\":{\"@type\":\"EntryPoint\",\"urlTemplate\":\"https:\/\/www.natelli-shop.com\/de\/?s={search_term_string}\"},\"query-input\":\"required name=search_term_string\"}],\"inLanguage\":\"de\"},{\"@type\":\"Organization\",\"@id\":\"https:\/\/www.natelli-shop.com\/de\/#organization\",\"name\":\"Natelli - Nail Shop\",\"url\":\"https:\/\/www.natelli-shop.com\/de\/\",\"logo\":{\"@type\":\"ImageObject\",\"inLanguage\":\"de\",\"@id\":\"https:\/\/www.natelli-shop.com\/de\/#\/schema\/logo\/image\/\",\"url\":\"https:\/\/www.natelli-shop.com\/wp-content\/uploads\/2024\/08\/\u0438\u0437\u043e\u0431\u0440\u0430\u0436\u0435\u043d\u0438\u0435_viber_2024-07-31_10-59-46-791.jpg\",\"contentUrl\":\"https:\/\/www.natelli-shop.com\/wp-content\/uploads\/2024\/08\/\u0438\u0437\u043e\u0431\u0440\u0430\u0436\u0435\u043d\u0438\u0435_viber_2024-07-31_10-59-46-791.jpg\",\"width\":1181,\"height\":1186,\"caption\":\"Natelli - Nail Shop\"},\"image\":{\"@id\":\"https:\/\/www.natelli-shop.com\/de\/#\/schema\/logo\/image\/\"}}]}<\/script>\n<!-- \/ Yoast SEO plugin. -->","yoast_head_json":{"title":"Gel-Politur NAILSOFTHEDAY Let's special Dark Chocolate-357, 10ml - Natelli - Nail Shop","robots":{"index":"index","follow":"follow","max-snippet":"max-snippet:-1","max-image-preview":"max-image-preview:large","max-video-preview":"max-video-preview:-1"},"canonical":"https:\/\/www.natelli-shop.com\/de\/produkt\/nailsofthenight-lets-special-celine-dunkelroter-gel-nagellack-mit-rotem-glitter-in-einer-schicht-10-ml-copy\/","og_locale":"de_DE","og_type":"article","og_title":"Gel-Politur NAILSOFTHEDAY Let's special Dark Chocolate-357, 10ml - Natelli - Nail Shop","og_description":"NAILSOFTHEDAY Gel Polish ist kein gew\u00f6hnlicher UV-Lack, sondern unsere spezielle Nano-Formel.Wir verwenden in jeder Flasche ausschlie\u00dflich hochwertige europ\u00e4ische Pigmente. Dadurch","og_url":"https:\/\/www.natelli-shop.com\/de\/produkt\/nailsofthenight-lets-special-celine-dunkelroter-gel-nagellack-mit-rotem-glitter-in-einer-schicht-10-ml-copy\/","og_site_name":"Natelli - Nail Shop","article_modified_time":"2025-10-19T12:51:00+00:00","og_image":[{"width":996,"height":1106,"url":"https:\/\/i0.wp.com\/www.natelli-shop.com\/wp-content\/uploads\/2024\/09\/notd_dark_chocolate_357_gel_polish_product_card_997x1106.png.webp?fit=996%2C1106&ssl=1","type":"image\/webp"}],"twitter_card":"summary_large_image","twitter_misc":{"Gesch\u00e4tzte Lesezeit":"1\u00a0Minute"},"schema":{"@context":"https:\/\/schema.org","@graph":[{"@type":"WebPage","@id":"https:\/\/www.natelli-shop.com\/de\/produkt\/nailsofthenight-lets-special-celine-dunkelroter-gel-nagellack-mit-rotem-glitter-in-einer-schicht-10-ml-copy\/","url":"https:\/\/www.natelli-shop.com\/de\/produkt\/nailsofthenight-lets-special-celine-dunkelroter-gel-nagellack-mit-rotem-glitter-in-einer-schicht-10-ml-copy\/","name":"Gel-Politur NAILSOFTHEDAY Let's special Dark Chocolate-357, 10ml - Natelli - Nail Shop","isPartOf":{"@id":"https:\/\/www.natelli-shop.com\/de\/#website"},"primaryImageOfPage":{"@id":"https:\/\/www.natelli-shop.com\/de\/produkt\/nailsofthenight-lets-special-celine-dunkelroter-gel-nagellack-mit-rotem-glitter-in-einer-schicht-10-ml-copy\/#primaryimage"},"image":{"@id":"https:\/\/www.natelli-shop.com\/de\/produkt\/nailsofthenight-lets-special-celine-dunkelroter-gel-nagellack-mit-rotem-glitter-in-einer-schicht-10-ml-copy\/#primaryimage"},"thumbnailUrl":"https:\/\/www.natelli-shop.com\/wp-content\/uploads\/2024\/09\/notd_dark_chocolate_357_gel_polish_product_card_997x1106.png.webp","datePublished":"2024-09-07T13:29:00+00:00","dateModified":"2025-10-19T12:51:00+00:00","breadcrumb":{"@id":"https:\/\/www.natelli-shop.com\/de\/produkt\/nailsofthenight-lets-special-celine-dunkelroter-gel-nagellack-mit-rotem-glitter-in-einer-schicht-10-ml-copy\/#breadcrumb"},"inLanguage":"de","potentialAction":[{"@type":"ReadAction","target":["https:\/\/www.natelli-shop.com\/de\/produkt\/nailsofthenight-lets-special-celine-dunkelroter-gel-nagellack-mit-rotem-glitter-in-einer-schicht-10-ml-copy\/"]}]},{"@type":"ImageObject","inLanguage":"de","@id":"https:\/\/www.natelli-shop.com\/de\/produkt\/nailsofthenight-lets-special-celine-dunkelroter-gel-nagellack-mit-rotem-glitter-in-einer-schicht-10-ml-copy\/#primaryimage","url":"https:\/\/www.natelli-shop.com\/wp-content\/uploads\/2024\/09\/notd_dark_chocolate_357_gel_polish_product_card_997x1106.png.webp","contentUrl":"https:\/\/www.natelli-shop.com\/wp-content\/uploads\/2024\/09\/notd_dark_chocolate_357_gel_polish_product_card_997x1106.png.webp","width":996,"height":1106},{"@type":"BreadcrumbList","@id":"https:\/\/www.natelli-shop.com\/de\/produkt\/nailsofthenight-lets-special-celine-dunkelroter-gel-nagellack-mit-rotem-glitter-in-einer-schicht-10-ml-copy\/#breadcrumb","itemListElement":[{"@type":"ListItem","position":1,"name":"Home","item":"https:\/\/www.natelli-shop.com\/de\/startseite\/"},{"@type":"ListItem","position":2,"name":"Shop","item":"https:\/\/www.natelli-shop.com\/de\/shop\/"},{"@type":"ListItem","position":3,"name":"Gel-Politur NAILSOFTHEDAY Let&#8217;s special Dark Chocolate-357, 10ml"}]},{"@type":"WebSite","@id":"https:\/\/www.natelli-shop.com\/de\/#website","url":"https:\/\/www.natelli-shop.com\/de\/","name":"Natelli - Nail Shop","description":"","publisher":{"@id":"https:\/\/www.natelli-shop.com\/de\/#organization"},"potentialAction":[{"@type":"SearchAction","target":{"@type":"EntryPoint","urlTemplate":"https:\/\/www.natelli-shop.com\/de\/?s={search_term_string}"},"query-input":"required name=search_term_string"}],"inLanguage":"de"},{"@type":"Organization","@id":"https:\/\/www.natelli-shop.com\/de\/#organization","name":"Natelli - Nail Shop","url":"https:\/\/www.natelli-shop.com\/de\/","logo":{"@type":"ImageObject","inLanguage":"de","@id":"https:\/\/www.natelli-shop.com\/de\/#\/schema\/logo\/image\/","url":"https:\/\/www.natelli-shop.com\/wp-content\/uploads\/2024\/08\/\u0438\u0437\u043e\u0431\u0440\u0430\u0436\u0435\u043d\u0438\u0435_viber_2024-07-31_10-59-46-791.jpg","contentUrl":"https:\/\/www.natelli-shop.com\/wp-content\/uploads\/2024\/08\/\u0438\u0437\u043e\u0431\u0440\u0430\u0436\u0435\u043d\u0438\u0435_viber_2024-07-31_10-59-46-791.jpg","width":1181,"height":1186,"caption":"Natelli - Nail Shop"},"image":{"@id":"https:\/\/www.natelli-shop.com\/de\/#\/schema\/logo\/image\/"}}]}},"jetpack_sharing_enabled":true,"_links":{"self":[{"href":"https:\/\/www.natelli-shop.com\/de\/wp-json\/wp\/v2\/product\/20515","targetHints":{"allow":["GET"]}}],"collection":[{"href":"https:\/\/www.natelli-shop.com\/de\/wp-json\/wp\/v2\/product"}],"about":[{"href":"https:\/\/www.natelli-shop.com\/de\/wp-json\/wp\/v2\/types\/product"}],"replies":[{"embeddable":true,"href":"https:\/\/www.natelli-shop.com\/de\/wp-json\/wp\/v2\/comments?post=20515"}],"version-history":[{"count":0,"href":"https:\/\/www.natelli-shop.com\/de\/wp-json\/wp\/v2\/product\/20515\/revisions"}],"wp:featuredmedia":[{"embeddable":true,"href":"https:\/\/www.natelli-shop.com\/de\/wp-json\/wp\/v2\/media\/30592"}],"wp:attachment":[{"href":"https:\/\/www.natelli-shop.com\/de\/wp-json\/wp\/v2\/media?parent=20515"}],"wp:term":[{"taxonomy":"product_brand","embeddable":true,"href":"https:\/\/www.natelli-shop.com\/de\/wp-json\/wp\/v2\/product_brand?post=20515"},{"taxonomy":"product_cat","embeddable":true,"href":"https:\/\/www.natelli-shop.com\/de\/wp-json\/wp\/v2\/product_cat?post=20515"},{"taxonomy":"product_tag","embeddable":true,"href":"https:\/\/www.natelli-shop.com\/de\/wp-json\/wp\/v2\/product_tag?post=20515"}],"curies":[{"name":"wp","href":"https:\/\/api.w.org\/{rel}","templated":true}]}}