{"id":20311,"date":"2024-09-07T14:43:00","date_gmt":"2024-09-07T12:43:00","guid":{"rendered":"https:\/\/www.natelli-shop.com\/?post_type=product&#038;p=20311"},"modified":"2026-02-15T00:00:56","modified_gmt":"2026-02-14T23:00:56","slug":"nailsoftheday-lets-special-vanilla-vanille-nagellack-deckend-in-einer-schicht-10-ml-copy-copy","status":"publish","type":"product","link":"https:\/\/www.natelli-shop.com\/de\/produkt\/nailsoftheday-lets-special-vanilla-vanille-nagellack-deckend-in-einer-schicht-10-ml-copy-copy\/","title":{"rendered":"NAILSOFTHEDAY Let&#8217;s special Orchid &#8211; beige-rosa Gel-Nagellack f\u00fcr eine Schicht, 10 ml"},"content":{"rendered":"<p>&#8222;Let&#8217;s special White&#8220; ist kein gew\u00f6hnlicher Gel-Lack, sondern unsere spezielle Nano-Formel. Wir geben die hochwertigsten europ\u00e4ischen Pigmente in jede Flasche. Dadurch erhalten Sie eine perfekt ges\u00e4ttigte und extrem helle Manik\u00fcre. Der Gellack bedeckt die Nagelplatte in einer leichten Schicht und polymerisiert gut. Es gibt nur wenige solcher speziellen Gellacke. Daher ist jeder von ihnen wie ein besonderer Stern.<\/p>\n","protected":false},"excerpt":{"rendered":"<p>&#8222;Let&#8217;s special White&#8220; ist kein gew\u00f6hnlicher Gel-Lack, sondern unsere spezielle Nano-Formel. Wir geben die hochwertigsten europ\u00e4ischen Pigmente in jede Flasche.<\/p>\n","protected":false},"featured_media":20316,"comment_status":"open","ping_status":"closed","template":"","meta":[],"product_brand":[],"product_cat":[240],"product_tag":[],"class_list":{"0":"post-20311","1":"product","2":"type-product","3":"status-publish","4":"has-post-thumbnail","6":"product_cat-lets-special-gel-polish-de","8":"first","9":"outofstock","10":"shipping-taxable","11":"purchasable","12":"product-type-simple"},"yoast_head":"<!-- This site is optimized with the Yoast SEO plugin v23.1 - https:\/\/yoast.com\/wordpress\/plugins\/seo\/ -->\n<title>NAILSOFTHEDAY Let&#039;s special Orchid - beige-rosa Gel-Nagellack f\u00fcr eine Schicht, 10 ml - Natelli - Nail Shop<\/title>\n<meta name=\"robots\" content=\"index, follow, max-snippet:-1, max-image-preview:large, max-video-preview:-1\" \/>\n<link rel=\"canonical\" href=\"https:\/\/www.natelli-shop.com\/de\/produkt\/nailsoftheday-lets-special-vanilla-vanille-nagellack-deckend-in-einer-schicht-10-ml-copy-copy\/\" \/>\n<meta property=\"og:locale\" content=\"de_DE\" \/>\n<meta property=\"og:type\" content=\"article\" \/>\n<meta property=\"og:title\" content=\"NAILSOFTHEDAY Let&#039;s special Orchid - beige-rosa Gel-Nagellack f\u00fcr eine Schicht, 10 ml - Natelli - Nail Shop\" \/>\n<meta property=\"og:description\" content=\"&#8222;Let&#8217;s special White&#8220; ist kein gew\u00f6hnlicher Gel-Lack, sondern unsere spezielle Nano-Formel. Wir geben die hochwertigsten europ\u00e4ischen Pigmente in jede Flasche.\" \/>\n<meta property=\"og:url\" content=\"https:\/\/www.natelli-shop.com\/de\/produkt\/nailsoftheday-lets-special-vanilla-vanille-nagellack-deckend-in-einer-schicht-10-ml-copy-copy\/\" \/>\n<meta property=\"og:site_name\" content=\"Natelli - Nail Shop\" \/>\n<meta property=\"article:modified_time\" content=\"2026-02-14T23:00:56+00:00\" \/>\n<meta property=\"og:image\" content=\"https:\/\/i0.wp.com\/www.natelli-shop.com\/wp-content\/uploads\/2024\/09\/o.webp?fit=768%2C852&ssl=1\" \/>\n\t<meta property=\"og:image:width\" content=\"768\" \/>\n\t<meta property=\"og:image:height\" content=\"852\" \/>\n\t<meta property=\"og:image:type\" content=\"image\/webp\" \/>\n<meta name=\"twitter:card\" content=\"summary_large_image\" \/>\n<script type=\"application\/ld+json\" class=\"yoast-schema-graph\">{\"@context\":\"https:\/\/schema.org\",\"@graph\":[{\"@type\":\"WebPage\",\"@id\":\"https:\/\/www.natelli-shop.com\/de\/produkt\/nailsoftheday-lets-special-vanilla-vanille-nagellack-deckend-in-einer-schicht-10-ml-copy-copy\/\",\"url\":\"https:\/\/www.natelli-shop.com\/de\/produkt\/nailsoftheday-lets-special-vanilla-vanille-nagellack-deckend-in-einer-schicht-10-ml-copy-copy\/\",\"name\":\"NAILSOFTHEDAY Let's special Orchid - beige-rosa Gel-Nagellack f\u00fcr eine Schicht, 10 ml - Natelli - Nail Shop\",\"isPartOf\":{\"@id\":\"https:\/\/www.natelli-shop.com\/de\/#website\"},\"primaryImageOfPage\":{\"@id\":\"https:\/\/www.natelli-shop.com\/de\/produkt\/nailsoftheday-lets-special-vanilla-vanille-nagellack-deckend-in-einer-schicht-10-ml-copy-copy\/#primaryimage\"},\"image\":{\"@id\":\"https:\/\/www.natelli-shop.com\/de\/produkt\/nailsoftheday-lets-special-vanilla-vanille-nagellack-deckend-in-einer-schicht-10-ml-copy-copy\/#primaryimage\"},\"thumbnailUrl\":\"https:\/\/www.natelli-shop.com\/wp-content\/uploads\/2024\/09\/o.webp\",\"datePublished\":\"2024-09-07T12:43:00+00:00\",\"dateModified\":\"2026-02-14T23:00:56+00:00\",\"breadcrumb\":{\"@id\":\"https:\/\/www.natelli-shop.com\/de\/produkt\/nailsoftheday-lets-special-vanilla-vanille-nagellack-deckend-in-einer-schicht-10-ml-copy-copy\/#breadcrumb\"},\"inLanguage\":\"de\",\"potentialAction\":[{\"@type\":\"ReadAction\",\"target\":[\"https:\/\/www.natelli-shop.com\/de\/produkt\/nailsoftheday-lets-special-vanilla-vanille-nagellack-deckend-in-einer-schicht-10-ml-copy-copy\/\"]}]},{\"@type\":\"ImageObject\",\"inLanguage\":\"de\",\"@id\":\"https:\/\/www.natelli-shop.com\/de\/produkt\/nailsoftheday-lets-special-vanilla-vanille-nagellack-deckend-in-einer-schicht-10-ml-copy-copy\/#primaryimage\",\"url\":\"https:\/\/www.natelli-shop.com\/wp-content\/uploads\/2024\/09\/o.webp\",\"contentUrl\":\"https:\/\/www.natelli-shop.com\/wp-content\/uploads\/2024\/09\/o.webp\",\"width\":768,\"height\":852},{\"@type\":\"BreadcrumbList\",\"@id\":\"https:\/\/www.natelli-shop.com\/de\/produkt\/nailsoftheday-lets-special-vanilla-vanille-nagellack-deckend-in-einer-schicht-10-ml-copy-copy\/#breadcrumb\",\"itemListElement\":[{\"@type\":\"ListItem\",\"position\":1,\"name\":\"Home\",\"item\":\"https:\/\/www.natelli-shop.com\/de\/startseite\/\"},{\"@type\":\"ListItem\",\"position\":2,\"name\":\"Shop\",\"item\":\"https:\/\/www.natelli-shop.com\/de\/shop\/\"},{\"@type\":\"ListItem\",\"position\":3,\"name\":\"NAILSOFTHEDAY Let&#8217;s special Orchid &#8211; beige-rosa Gel-Nagellack f\u00fcr eine Schicht, 10 ml\"}]},{\"@type\":\"WebSite\",\"@id\":\"https:\/\/www.natelli-shop.com\/de\/#website\",\"url\":\"https:\/\/www.natelli-shop.com\/de\/\",\"name\":\"Natelli - Nail Shop\",\"description\":\"\",\"publisher\":{\"@id\":\"https:\/\/www.natelli-shop.com\/de\/#organization\"},\"potentialAction\":[{\"@type\":\"SearchAction\",\"target\":{\"@type\":\"EntryPoint\",\"urlTemplate\":\"https:\/\/www.natelli-shop.com\/de\/?s={search_term_string}\"},\"query-input\":\"required name=search_term_string\"}],\"inLanguage\":\"de\"},{\"@type\":\"Organization\",\"@id\":\"https:\/\/www.natelli-shop.com\/de\/#organization\",\"name\":\"Natelli - Nail Shop\",\"url\":\"https:\/\/www.natelli-shop.com\/de\/\",\"logo\":{\"@type\":\"ImageObject\",\"inLanguage\":\"de\",\"@id\":\"https:\/\/www.natelli-shop.com\/de\/#\/schema\/logo\/image\/\",\"url\":\"https:\/\/www.natelli-shop.com\/wp-content\/uploads\/2024\/08\/\u0438\u0437\u043e\u0431\u0440\u0430\u0436\u0435\u043d\u0438\u0435_viber_2024-07-31_10-59-46-791.jpg\",\"contentUrl\":\"https:\/\/www.natelli-shop.com\/wp-content\/uploads\/2024\/08\/\u0438\u0437\u043e\u0431\u0440\u0430\u0436\u0435\u043d\u0438\u0435_viber_2024-07-31_10-59-46-791.jpg\",\"width\":1181,\"height\":1186,\"caption\":\"Natelli - Nail Shop\"},\"image\":{\"@id\":\"https:\/\/www.natelli-shop.com\/de\/#\/schema\/logo\/image\/\"}}]}<\/script>\n<!-- \/ Yoast SEO plugin. -->","yoast_head_json":{"title":"NAILSOFTHEDAY Let's special Orchid - beige-rosa Gel-Nagellack f\u00fcr eine Schicht, 10 ml - Natelli - Nail Shop","robots":{"index":"index","follow":"follow","max-snippet":"max-snippet:-1","max-image-preview":"max-image-preview:large","max-video-preview":"max-video-preview:-1"},"canonical":"https:\/\/www.natelli-shop.com\/de\/produkt\/nailsoftheday-lets-special-vanilla-vanille-nagellack-deckend-in-einer-schicht-10-ml-copy-copy\/","og_locale":"de_DE","og_type":"article","og_title":"NAILSOFTHEDAY Let's special Orchid - beige-rosa Gel-Nagellack f\u00fcr eine Schicht, 10 ml - Natelli - Nail Shop","og_description":"&#8222;Let&#8217;s special White&#8220; ist kein gew\u00f6hnlicher Gel-Lack, sondern unsere spezielle Nano-Formel. Wir geben die hochwertigsten europ\u00e4ischen Pigmente in jede Flasche.","og_url":"https:\/\/www.natelli-shop.com\/de\/produkt\/nailsoftheday-lets-special-vanilla-vanille-nagellack-deckend-in-einer-schicht-10-ml-copy-copy\/","og_site_name":"Natelli - Nail Shop","article_modified_time":"2026-02-14T23:00:56+00:00","og_image":[{"width":768,"height":852,"url":"https:\/\/i0.wp.com\/www.natelli-shop.com\/wp-content\/uploads\/2024\/09\/o.webp?fit=768%2C852&ssl=1","type":"image\/webp"}],"twitter_card":"summary_large_image","schema":{"@context":"https:\/\/schema.org","@graph":[{"@type":"WebPage","@id":"https:\/\/www.natelli-shop.com\/de\/produkt\/nailsoftheday-lets-special-vanilla-vanille-nagellack-deckend-in-einer-schicht-10-ml-copy-copy\/","url":"https:\/\/www.natelli-shop.com\/de\/produkt\/nailsoftheday-lets-special-vanilla-vanille-nagellack-deckend-in-einer-schicht-10-ml-copy-copy\/","name":"NAILSOFTHEDAY Let's special Orchid - beige-rosa Gel-Nagellack f\u00fcr eine Schicht, 10 ml - Natelli - Nail Shop","isPartOf":{"@id":"https:\/\/www.natelli-shop.com\/de\/#website"},"primaryImageOfPage":{"@id":"https:\/\/www.natelli-shop.com\/de\/produkt\/nailsoftheday-lets-special-vanilla-vanille-nagellack-deckend-in-einer-schicht-10-ml-copy-copy\/#primaryimage"},"image":{"@id":"https:\/\/www.natelli-shop.com\/de\/produkt\/nailsoftheday-lets-special-vanilla-vanille-nagellack-deckend-in-einer-schicht-10-ml-copy-copy\/#primaryimage"},"thumbnailUrl":"https:\/\/www.natelli-shop.com\/wp-content\/uploads\/2024\/09\/o.webp","datePublished":"2024-09-07T12:43:00+00:00","dateModified":"2026-02-14T23:00:56+00:00","breadcrumb":{"@id":"https:\/\/www.natelli-shop.com\/de\/produkt\/nailsoftheday-lets-special-vanilla-vanille-nagellack-deckend-in-einer-schicht-10-ml-copy-copy\/#breadcrumb"},"inLanguage":"de","potentialAction":[{"@type":"ReadAction","target":["https:\/\/www.natelli-shop.com\/de\/produkt\/nailsoftheday-lets-special-vanilla-vanille-nagellack-deckend-in-einer-schicht-10-ml-copy-copy\/"]}]},{"@type":"ImageObject","inLanguage":"de","@id":"https:\/\/www.natelli-shop.com\/de\/produkt\/nailsoftheday-lets-special-vanilla-vanille-nagellack-deckend-in-einer-schicht-10-ml-copy-copy\/#primaryimage","url":"https:\/\/www.natelli-shop.com\/wp-content\/uploads\/2024\/09\/o.webp","contentUrl":"https:\/\/www.natelli-shop.com\/wp-content\/uploads\/2024\/09\/o.webp","width":768,"height":852},{"@type":"BreadcrumbList","@id":"https:\/\/www.natelli-shop.com\/de\/produkt\/nailsoftheday-lets-special-vanilla-vanille-nagellack-deckend-in-einer-schicht-10-ml-copy-copy\/#breadcrumb","itemListElement":[{"@type":"ListItem","position":1,"name":"Home","item":"https:\/\/www.natelli-shop.com\/de\/startseite\/"},{"@type":"ListItem","position":2,"name":"Shop","item":"https:\/\/www.natelli-shop.com\/de\/shop\/"},{"@type":"ListItem","position":3,"name":"NAILSOFTHEDAY Let&#8217;s special Orchid &#8211; beige-rosa Gel-Nagellack f\u00fcr eine Schicht, 10 ml"}]},{"@type":"WebSite","@id":"https:\/\/www.natelli-shop.com\/de\/#website","url":"https:\/\/www.natelli-shop.com\/de\/","name":"Natelli - Nail Shop","description":"","publisher":{"@id":"https:\/\/www.natelli-shop.com\/de\/#organization"},"potentialAction":[{"@type":"SearchAction","target":{"@type":"EntryPoint","urlTemplate":"https:\/\/www.natelli-shop.com\/de\/?s={search_term_string}"},"query-input":"required name=search_term_string"}],"inLanguage":"de"},{"@type":"Organization","@id":"https:\/\/www.natelli-shop.com\/de\/#organization","name":"Natelli - Nail Shop","url":"https:\/\/www.natelli-shop.com\/de\/","logo":{"@type":"ImageObject","inLanguage":"de","@id":"https:\/\/www.natelli-shop.com\/de\/#\/schema\/logo\/image\/","url":"https:\/\/www.natelli-shop.com\/wp-content\/uploads\/2024\/08\/\u0438\u0437\u043e\u0431\u0440\u0430\u0436\u0435\u043d\u0438\u0435_viber_2024-07-31_10-59-46-791.jpg","contentUrl":"https:\/\/www.natelli-shop.com\/wp-content\/uploads\/2024\/08\/\u0438\u0437\u043e\u0431\u0440\u0430\u0436\u0435\u043d\u0438\u0435_viber_2024-07-31_10-59-46-791.jpg","width":1181,"height":1186,"caption":"Natelli - Nail Shop"},"image":{"@id":"https:\/\/www.natelli-shop.com\/de\/#\/schema\/logo\/image\/"}}]}},"jetpack_sharing_enabled":true,"_links":{"self":[{"href":"https:\/\/www.natelli-shop.com\/de\/wp-json\/wp\/v2\/product\/20311","targetHints":{"allow":["GET"]}}],"collection":[{"href":"https:\/\/www.natelli-shop.com\/de\/wp-json\/wp\/v2\/product"}],"about":[{"href":"https:\/\/www.natelli-shop.com\/de\/wp-json\/wp\/v2\/types\/product"}],"replies":[{"embeddable":true,"href":"https:\/\/www.natelli-shop.com\/de\/wp-json\/wp\/v2\/comments?post=20311"}],"version-history":[{"count":0,"href":"https:\/\/www.natelli-shop.com\/de\/wp-json\/wp\/v2\/product\/20311\/revisions"}],"wp:featuredmedia":[{"embeddable":true,"href":"https:\/\/www.natelli-shop.com\/de\/wp-json\/wp\/v2\/media\/20316"}],"wp:attachment":[{"href":"https:\/\/www.natelli-shop.com\/de\/wp-json\/wp\/v2\/media?parent=20311"}],"wp:term":[{"taxonomy":"product_brand","embeddable":true,"href":"https:\/\/www.natelli-shop.com\/de\/wp-json\/wp\/v2\/product_brand?post=20311"},{"taxonomy":"product_cat","embeddable":true,"href":"https:\/\/www.natelli-shop.com\/de\/wp-json\/wp\/v2\/product_cat?post=20311"},{"taxonomy":"product_tag","embeddable":true,"href":"https:\/\/www.natelli-shop.com\/de\/wp-json\/wp\/v2\/product_tag?post=20311"}],"curies":[{"name":"wp","href":"https:\/\/api.w.org\/{rel}","templated":true}]}}