{"id":20268,"date":"2024-09-07T14:31:00","date_gmt":"2024-09-07T12:31:00","guid":{"rendered":"https:\/\/www.natelli-shop.com\/?post_type=product&#038;p=20268"},"modified":"2026-02-15T00:00:57","modified_gmt":"2026-02-14T23:00:57","slug":"nailsoftheday-lets-special-cherry-einschichtiger-gel-lack-mit-kirsche-10-ml-copy","status":"publish","type":"product","link":"https:\/\/www.natelli-shop.com\/de\/produkt\/nailsoftheday-lets-special-cherry-einschichtiger-gel-lack-mit-kirsche-10-ml-copy\/","title":{"rendered":"NAILSOFTHEDAY Gel-Politur Samantha, 10ml"},"content":{"rendered":"<p><strong data-start=\"429\" data-end=\"526\">NAILSOFTHEDAY Gel Polish ist kein gew\u00f6hnlicher UV-Lack, sondern unsere spezielle Nano-Formel.<\/strong><br data-start=\"526\" data-end=\"529\">Wir verwenden in jeder Flasche ausschlie\u00dflich hochwertige europ\u00e4ische Pigmente. Dadurch entsteht ein perfekt ges\u00e4ttigtes und au\u00dfergew\u00f6hnlich leuchtendes Farbergebnis. Der Gel-Lack deckt die Nagelplatte schon mit einer d\u00fcnnen Schicht optimal ab und polymerisiert gleichm\u00e4\u00dfig.  <\/p>\n<p><strong>Anwendungstechnik:<\/strong><br \/>\n1. Entfetten Sie die Nagelplatte mit Nailsoftheday Nail Prep.<br \/>\n2. Tragen Sie den Nailsoftheday DEHYDRATOR auf.<br \/>\n3. Tragen Sie Nailsoftheday ULTRABOND auf.<br \/>\n4. Stellen Sie eine elastische Unterlage mit der mittelsauren Nailsoftheday Rubber Base oder der klebenden Nailsoftheday Scotch Base her.<br \/>\n5. Verteilen Sie den NAILSOFTHEDAY-Gelpolitur gleichm\u00e4\u00dfig in einer kleinen Schicht und ebnen Sie sie vorsichtig ein. Wenn Sie eine weitere Schicht hinzuf\u00fcgen, erhalten Sie einen noch helleren Farbton.<br \/>\n6. Bedecken Sie mit einem gl\u00e4nzenden Top Nailsoftheday Glossy top no wipe oder Nailsoftheday No stress top no wipe ANTI-SCRATCH, Nailsoftheday Glossy top wipe oder matte Nailsoftheday Teddy top wipe oder Nailsoftheday Matte top no wipe.<br \/>\nPolymerisation: UV &#8211; 120 Sekunden, LED &#8211; 60 Sekunden.<\/p>\n<p><strong>Vorsicht!<\/strong> Vermeiden Sie den Kontakt mit der Haut. Nur nach Anweisung verwenden. Vor Sonnenlicht sch\u00fctzen und f\u00fcr Kinder unzug\u00e4nglich aufbewahren.<\/p>\n","protected":false},"excerpt":{"rendered":"<p>NAILSOFTHEDAY Gel Polish ist kein gew\u00f6hnlicher UV-Lack, sondern unsere spezielle Nano-Formel.Wir verwenden in jeder Flasche ausschlie\u00dflich hochwertige europ\u00e4ische Pigmente. Dadurch<\/p>\n","protected":false},"featured_media":30692,"comment_status":"open","ping_status":"closed","template":"","meta":[],"product_brand":[],"product_cat":[240],"product_tag":[],"class_list":{"0":"post-20268","1":"product","2":"type-product","3":"status-publish","4":"has-post-thumbnail","6":"product_cat-lets-special-gel-polish-de","8":"first","9":"instock","10":"shipping-taxable","11":"purchasable","12":"product-type-simple"},"yoast_head":"<!-- This site is optimized with the Yoast SEO plugin v23.1 - https:\/\/yoast.com\/wordpress\/plugins\/seo\/ -->\n<title>NAILSOFTHEDAY Gel-Politur Samantha, 10ml - Natelli - Nail Shop<\/title>\n<meta name=\"robots\" content=\"index, follow, max-snippet:-1, max-image-preview:large, max-video-preview:-1\" \/>\n<link rel=\"canonical\" href=\"https:\/\/www.natelli-shop.com\/de\/produkt\/nailsoftheday-lets-special-cherry-einschichtiger-gel-lack-mit-kirsche-10-ml-copy\/\" \/>\n<meta property=\"og:locale\" content=\"de_DE\" \/>\n<meta property=\"og:type\" content=\"article\" \/>\n<meta property=\"og:title\" content=\"NAILSOFTHEDAY Gel-Politur Samantha, 10ml - Natelli - Nail Shop\" \/>\n<meta property=\"og:description\" content=\"NAILSOFTHEDAY Gel Polish ist kein gew\u00f6hnlicher UV-Lack, sondern unsere spezielle Nano-Formel.Wir verwenden in jeder Flasche ausschlie\u00dflich hochwertige europ\u00e4ische Pigmente. Dadurch\" \/>\n<meta property=\"og:url\" content=\"https:\/\/www.natelli-shop.com\/de\/produkt\/nailsoftheday-lets-special-cherry-einschichtiger-gel-lack-mit-kirsche-10-ml-copy\/\" \/>\n<meta property=\"og:site_name\" content=\"Natelli - Nail Shop\" \/>\n<meta property=\"article:modified_time\" content=\"2026-02-14T23:00:57+00:00\" \/>\n<meta property=\"og:image\" content=\"https:\/\/i0.wp.com\/www.natelli-shop.com\/wp-content\/uploads\/2024\/09\/notd_riana_117_gel_polish_product_card_997x1106.png.webp?fit=996%2C1106&ssl=1\" \/>\n\t<meta property=\"og:image:width\" content=\"996\" \/>\n\t<meta property=\"og:image:height\" content=\"1106\" \/>\n\t<meta property=\"og:image:type\" content=\"image\/webp\" \/>\n<meta name=\"twitter:card\" content=\"summary_large_image\" \/>\n<meta name=\"twitter:label1\" content=\"Gesch\u00e4tzte Lesezeit\" \/>\n\t<meta name=\"twitter:data1\" content=\"1\u00a0Minute\" \/>\n<script type=\"application\/ld+json\" class=\"yoast-schema-graph\">{\"@context\":\"https:\/\/schema.org\",\"@graph\":[{\"@type\":\"WebPage\",\"@id\":\"https:\/\/www.natelli-shop.com\/de\/produkt\/nailsoftheday-lets-special-cherry-einschichtiger-gel-lack-mit-kirsche-10-ml-copy\/\",\"url\":\"https:\/\/www.natelli-shop.com\/de\/produkt\/nailsoftheday-lets-special-cherry-einschichtiger-gel-lack-mit-kirsche-10-ml-copy\/\",\"name\":\"NAILSOFTHEDAY Gel-Politur Samantha, 10ml - Natelli - Nail Shop\",\"isPartOf\":{\"@id\":\"https:\/\/www.natelli-shop.com\/de\/#website\"},\"primaryImageOfPage\":{\"@id\":\"https:\/\/www.natelli-shop.com\/de\/produkt\/nailsoftheday-lets-special-cherry-einschichtiger-gel-lack-mit-kirsche-10-ml-copy\/#primaryimage\"},\"image\":{\"@id\":\"https:\/\/www.natelli-shop.com\/de\/produkt\/nailsoftheday-lets-special-cherry-einschichtiger-gel-lack-mit-kirsche-10-ml-copy\/#primaryimage\"},\"thumbnailUrl\":\"https:\/\/www.natelli-shop.com\/wp-content\/uploads\/2024\/09\/notd_riana_117_gel_polish_product_card_997x1106.png.webp\",\"datePublished\":\"2024-09-07T12:31:00+00:00\",\"dateModified\":\"2026-02-14T23:00:57+00:00\",\"breadcrumb\":{\"@id\":\"https:\/\/www.natelli-shop.com\/de\/produkt\/nailsoftheday-lets-special-cherry-einschichtiger-gel-lack-mit-kirsche-10-ml-copy\/#breadcrumb\"},\"inLanguage\":\"de\",\"potentialAction\":[{\"@type\":\"ReadAction\",\"target\":[\"https:\/\/www.natelli-shop.com\/de\/produkt\/nailsoftheday-lets-special-cherry-einschichtiger-gel-lack-mit-kirsche-10-ml-copy\/\"]}]},{\"@type\":\"ImageObject\",\"inLanguage\":\"de\",\"@id\":\"https:\/\/www.natelli-shop.com\/de\/produkt\/nailsoftheday-lets-special-cherry-einschichtiger-gel-lack-mit-kirsche-10-ml-copy\/#primaryimage\",\"url\":\"https:\/\/www.natelli-shop.com\/wp-content\/uploads\/2024\/09\/notd_riana_117_gel_polish_product_card_997x1106.png.webp\",\"contentUrl\":\"https:\/\/www.natelli-shop.com\/wp-content\/uploads\/2024\/09\/notd_riana_117_gel_polish_product_card_997x1106.png.webp\",\"width\":996,\"height\":1106},{\"@type\":\"BreadcrumbList\",\"@id\":\"https:\/\/www.natelli-shop.com\/de\/produkt\/nailsoftheday-lets-special-cherry-einschichtiger-gel-lack-mit-kirsche-10-ml-copy\/#breadcrumb\",\"itemListElement\":[{\"@type\":\"ListItem\",\"position\":1,\"name\":\"Home\",\"item\":\"https:\/\/www.natelli-shop.com\/de\/startseite\/\"},{\"@type\":\"ListItem\",\"position\":2,\"name\":\"Shop\",\"item\":\"https:\/\/www.natelli-shop.com\/de\/shop\/\"},{\"@type\":\"ListItem\",\"position\":3,\"name\":\"NAILSOFTHEDAY Gel-Politur Samantha, 10ml\"}]},{\"@type\":\"WebSite\",\"@id\":\"https:\/\/www.natelli-shop.com\/de\/#website\",\"url\":\"https:\/\/www.natelli-shop.com\/de\/\",\"name\":\"Natelli - Nail Shop\",\"description\":\"\",\"publisher\":{\"@id\":\"https:\/\/www.natelli-shop.com\/de\/#organization\"},\"potentialAction\":[{\"@type\":\"SearchAction\",\"target\":{\"@type\":\"EntryPoint\",\"urlTemplate\":\"https:\/\/www.natelli-shop.com\/de\/?s={search_term_string}\"},\"query-input\":\"required name=search_term_string\"}],\"inLanguage\":\"de\"},{\"@type\":\"Organization\",\"@id\":\"https:\/\/www.natelli-shop.com\/de\/#organization\",\"name\":\"Natelli - Nail Shop\",\"url\":\"https:\/\/www.natelli-shop.com\/de\/\",\"logo\":{\"@type\":\"ImageObject\",\"inLanguage\":\"de\",\"@id\":\"https:\/\/www.natelli-shop.com\/de\/#\/schema\/logo\/image\/\",\"url\":\"https:\/\/www.natelli-shop.com\/wp-content\/uploads\/2024\/08\/\u0438\u0437\u043e\u0431\u0440\u0430\u0436\u0435\u043d\u0438\u0435_viber_2024-07-31_10-59-46-791.jpg\",\"contentUrl\":\"https:\/\/www.natelli-shop.com\/wp-content\/uploads\/2024\/08\/\u0438\u0437\u043e\u0431\u0440\u0430\u0436\u0435\u043d\u0438\u0435_viber_2024-07-31_10-59-46-791.jpg\",\"width\":1181,\"height\":1186,\"caption\":\"Natelli - Nail Shop\"},\"image\":{\"@id\":\"https:\/\/www.natelli-shop.com\/de\/#\/schema\/logo\/image\/\"}}]}<\/script>\n<!-- \/ Yoast SEO plugin. -->","yoast_head_json":{"title":"NAILSOFTHEDAY Gel-Politur Samantha, 10ml - Natelli - Nail Shop","robots":{"index":"index","follow":"follow","max-snippet":"max-snippet:-1","max-image-preview":"max-image-preview:large","max-video-preview":"max-video-preview:-1"},"canonical":"https:\/\/www.natelli-shop.com\/de\/produkt\/nailsoftheday-lets-special-cherry-einschichtiger-gel-lack-mit-kirsche-10-ml-copy\/","og_locale":"de_DE","og_type":"article","og_title":"NAILSOFTHEDAY Gel-Politur Samantha, 10ml - Natelli - Nail Shop","og_description":"NAILSOFTHEDAY Gel Polish ist kein gew\u00f6hnlicher UV-Lack, sondern unsere spezielle Nano-Formel.Wir verwenden in jeder Flasche ausschlie\u00dflich hochwertige europ\u00e4ische Pigmente. Dadurch","og_url":"https:\/\/www.natelli-shop.com\/de\/produkt\/nailsoftheday-lets-special-cherry-einschichtiger-gel-lack-mit-kirsche-10-ml-copy\/","og_site_name":"Natelli - Nail Shop","article_modified_time":"2026-02-14T23:00:57+00:00","og_image":[{"width":996,"height":1106,"url":"https:\/\/i0.wp.com\/www.natelli-shop.com\/wp-content\/uploads\/2024\/09\/notd_riana_117_gel_polish_product_card_997x1106.png.webp?fit=996%2C1106&ssl=1","type":"image\/webp"}],"twitter_card":"summary_large_image","twitter_misc":{"Gesch\u00e4tzte Lesezeit":"1\u00a0Minute"},"schema":{"@context":"https:\/\/schema.org","@graph":[{"@type":"WebPage","@id":"https:\/\/www.natelli-shop.com\/de\/produkt\/nailsoftheday-lets-special-cherry-einschichtiger-gel-lack-mit-kirsche-10-ml-copy\/","url":"https:\/\/www.natelli-shop.com\/de\/produkt\/nailsoftheday-lets-special-cherry-einschichtiger-gel-lack-mit-kirsche-10-ml-copy\/","name":"NAILSOFTHEDAY Gel-Politur Samantha, 10ml - Natelli - Nail Shop","isPartOf":{"@id":"https:\/\/www.natelli-shop.com\/de\/#website"},"primaryImageOfPage":{"@id":"https:\/\/www.natelli-shop.com\/de\/produkt\/nailsoftheday-lets-special-cherry-einschichtiger-gel-lack-mit-kirsche-10-ml-copy\/#primaryimage"},"image":{"@id":"https:\/\/www.natelli-shop.com\/de\/produkt\/nailsoftheday-lets-special-cherry-einschichtiger-gel-lack-mit-kirsche-10-ml-copy\/#primaryimage"},"thumbnailUrl":"https:\/\/www.natelli-shop.com\/wp-content\/uploads\/2024\/09\/notd_riana_117_gel_polish_product_card_997x1106.png.webp","datePublished":"2024-09-07T12:31:00+00:00","dateModified":"2026-02-14T23:00:57+00:00","breadcrumb":{"@id":"https:\/\/www.natelli-shop.com\/de\/produkt\/nailsoftheday-lets-special-cherry-einschichtiger-gel-lack-mit-kirsche-10-ml-copy\/#breadcrumb"},"inLanguage":"de","potentialAction":[{"@type":"ReadAction","target":["https:\/\/www.natelli-shop.com\/de\/produkt\/nailsoftheday-lets-special-cherry-einschichtiger-gel-lack-mit-kirsche-10-ml-copy\/"]}]},{"@type":"ImageObject","inLanguage":"de","@id":"https:\/\/www.natelli-shop.com\/de\/produkt\/nailsoftheday-lets-special-cherry-einschichtiger-gel-lack-mit-kirsche-10-ml-copy\/#primaryimage","url":"https:\/\/www.natelli-shop.com\/wp-content\/uploads\/2024\/09\/notd_riana_117_gel_polish_product_card_997x1106.png.webp","contentUrl":"https:\/\/www.natelli-shop.com\/wp-content\/uploads\/2024\/09\/notd_riana_117_gel_polish_product_card_997x1106.png.webp","width":996,"height":1106},{"@type":"BreadcrumbList","@id":"https:\/\/www.natelli-shop.com\/de\/produkt\/nailsoftheday-lets-special-cherry-einschichtiger-gel-lack-mit-kirsche-10-ml-copy\/#breadcrumb","itemListElement":[{"@type":"ListItem","position":1,"name":"Home","item":"https:\/\/www.natelli-shop.com\/de\/startseite\/"},{"@type":"ListItem","position":2,"name":"Shop","item":"https:\/\/www.natelli-shop.com\/de\/shop\/"},{"@type":"ListItem","position":3,"name":"NAILSOFTHEDAY Gel-Politur Samantha, 10ml"}]},{"@type":"WebSite","@id":"https:\/\/www.natelli-shop.com\/de\/#website","url":"https:\/\/www.natelli-shop.com\/de\/","name":"Natelli - Nail Shop","description":"","publisher":{"@id":"https:\/\/www.natelli-shop.com\/de\/#organization"},"potentialAction":[{"@type":"SearchAction","target":{"@type":"EntryPoint","urlTemplate":"https:\/\/www.natelli-shop.com\/de\/?s={search_term_string}"},"query-input":"required name=search_term_string"}],"inLanguage":"de"},{"@type":"Organization","@id":"https:\/\/www.natelli-shop.com\/de\/#organization","name":"Natelli - Nail Shop","url":"https:\/\/www.natelli-shop.com\/de\/","logo":{"@type":"ImageObject","inLanguage":"de","@id":"https:\/\/www.natelli-shop.com\/de\/#\/schema\/logo\/image\/","url":"https:\/\/www.natelli-shop.com\/wp-content\/uploads\/2024\/08\/\u0438\u0437\u043e\u0431\u0440\u0430\u0436\u0435\u043d\u0438\u0435_viber_2024-07-31_10-59-46-791.jpg","contentUrl":"https:\/\/www.natelli-shop.com\/wp-content\/uploads\/2024\/08\/\u0438\u0437\u043e\u0431\u0440\u0430\u0436\u0435\u043d\u0438\u0435_viber_2024-07-31_10-59-46-791.jpg","width":1181,"height":1186,"caption":"Natelli - Nail Shop"},"image":{"@id":"https:\/\/www.natelli-shop.com\/de\/#\/schema\/logo\/image\/"}}]}},"jetpack_sharing_enabled":true,"_links":{"self":[{"href":"https:\/\/www.natelli-shop.com\/de\/wp-json\/wp\/v2\/product\/20268","targetHints":{"allow":["GET"]}}],"collection":[{"href":"https:\/\/www.natelli-shop.com\/de\/wp-json\/wp\/v2\/product"}],"about":[{"href":"https:\/\/www.natelli-shop.com\/de\/wp-json\/wp\/v2\/types\/product"}],"replies":[{"embeddable":true,"href":"https:\/\/www.natelli-shop.com\/de\/wp-json\/wp\/v2\/comments?post=20268"}],"version-history":[{"count":0,"href":"https:\/\/www.natelli-shop.com\/de\/wp-json\/wp\/v2\/product\/20268\/revisions"}],"wp:featuredmedia":[{"embeddable":true,"href":"https:\/\/www.natelli-shop.com\/de\/wp-json\/wp\/v2\/media\/30692"}],"wp:attachment":[{"href":"https:\/\/www.natelli-shop.com\/de\/wp-json\/wp\/v2\/media?parent=20268"}],"wp:term":[{"taxonomy":"product_brand","embeddable":true,"href":"https:\/\/www.natelli-shop.com\/de\/wp-json\/wp\/v2\/product_brand?post=20268"},{"taxonomy":"product_cat","embeddable":true,"href":"https:\/\/www.natelli-shop.com\/de\/wp-json\/wp\/v2\/product_cat?post=20268"},{"taxonomy":"product_tag","embeddable":true,"href":"https:\/\/www.natelli-shop.com\/de\/wp-json\/wp\/v2\/product_tag?post=20268"}],"curies":[{"name":"wp","href":"https:\/\/api.w.org\/{rel}","templated":true}]}}