{"id":19518,"date":"2024-09-06T23:22:00","date_gmt":"2024-09-06T21:22:00","guid":{"rendered":"https:\/\/www.natelli-shop.com\/product\/nailsoftheday-premium-gel-01-milchaufbauendes-gel-30-ml\/"},"modified":"2025-12-01T00:02:41","modified_gmt":"2025-11-30T23:02:41","slug":"nailsoftheday-premium-gel-01-milchaufbauendes-gel-30-ml","status":"publish","type":"product","link":"https:\/\/www.natelli-shop.com\/de\/produkt\/nailsoftheday-premium-gel-01-milchaufbauendes-gel-30-ml\/","title":{"rendered":"NAILSOFTHEDAY Premium Gel 01 &#8211; Milchaufbauendes Gel, 30 g"},"content":{"rendered":"<p>Nailsoftheday Premium Gel ist ein superstarkes Aufbaugel mit einer selbstnivellierenden Funktion.<\/p>\n<p>Premium-Gel wird f\u00fcr den Aufbau, die Modellierung von k\u00fcnstlichen Nagelplatten in untere und obere Formen verwendet. Trocknet schnell, schrumpft nicht, h\u00e4lt den Bogen lange Zeit. Es enth\u00e4lt keine giftigen Substanzen. Mittlere Viskosit\u00e4t, leicht zu best\u00e4uben. Es gibt keine Blasen oder K\u00f6rner.    <\/p>\n<p>Anwendungstechnik: Entfetten Sie die Nagelplatte; stellen Sie eine elastische Unterf\u00fctterung der Basis her und polymerisieren Sie; verteilen Sie das Premium Gel gleichm\u00e4\u00dfig und ebnen Sie es sorgf\u00e4ltig ein. Polymerisation: UV &#8211; 120 Sekunden, LED &#8211; 30 Sekunden.<\/p>\n","protected":false},"excerpt":{"rendered":"<p>Nailsoftheday Premium Gel ist ein superstarkes Aufbaugel mit einer selbstnivellierenden Funktion. Premium-Gel wird f\u00fcr den Aufbau, die Modellierung von k\u00fcnstlichen<\/p>\n","protected":false},"featured_media":19511,"comment_status":"open","ping_status":"closed","template":"","meta":[],"product_brand":[],"product_cat":[405],"product_tag":[],"class_list":{"0":"post-19518","1":"product","2":"type-product","3":"status-publish","4":"has-post-thumbnail","6":"product_cat-premium-gel-de","8":"first","9":"outofstock","10":"sale","11":"shipping-taxable","12":"purchasable","13":"product-type-simple"},"yoast_head":"<!-- This site is optimized with the Yoast SEO plugin v23.1 - https:\/\/yoast.com\/wordpress\/plugins\/seo\/ -->\n<title>NAILSOFTHEDAY Premium Gel 01 - Milchaufbauendes Gel, 30 g - Natelli - Nail Shop<\/title>\n<meta name=\"robots\" content=\"index, follow, max-snippet:-1, max-image-preview:large, max-video-preview:-1\" \/>\n<link rel=\"canonical\" href=\"https:\/\/www.natelli-shop.com\/de\/produkt\/nailsoftheday-premium-gel-01-milchaufbauendes-gel-30-ml\/\" \/>\n<meta property=\"og:locale\" content=\"de_DE\" \/>\n<meta property=\"og:type\" content=\"article\" \/>\n<meta property=\"og:title\" content=\"NAILSOFTHEDAY Premium Gel 01 - Milchaufbauendes Gel, 30 g - Natelli - Nail Shop\" \/>\n<meta property=\"og:description\" content=\"Nailsoftheday Premium Gel ist ein superstarkes Aufbaugel mit einer selbstnivellierenden Funktion. Premium-Gel wird f\u00fcr den Aufbau, die Modellierung von k\u00fcnstlichen\" \/>\n<meta property=\"og:url\" content=\"https:\/\/www.natelli-shop.com\/de\/produkt\/nailsoftheday-premium-gel-01-milchaufbauendes-gel-30-ml\/\" \/>\n<meta property=\"og:site_name\" content=\"Natelli - Nail Shop\" \/>\n<meta property=\"article:modified_time\" content=\"2025-11-30T23:02:41+00:00\" \/>\n<meta property=\"og:image\" content=\"https:\/\/www.natelli-shop.com\/wp-content\/uploads\/2024\/09\/01-1.webp\" \/>\n\t<meta property=\"og:image:width\" content=\"768\" \/>\n\t<meta property=\"og:image:height\" content=\"829\" \/>\n\t<meta property=\"og:image:type\" content=\"image\/webp\" \/>\n<meta name=\"twitter:card\" content=\"summary_large_image\" \/>\n<script type=\"application\/ld+json\" class=\"yoast-schema-graph\">{\"@context\":\"https:\/\/schema.org\",\"@graph\":[{\"@type\":\"WebPage\",\"@id\":\"https:\/\/www.natelli-shop.com\/de\/produkt\/nailsoftheday-premium-gel-01-milchaufbauendes-gel-30-ml\/\",\"url\":\"https:\/\/www.natelli-shop.com\/de\/produkt\/nailsoftheday-premium-gel-01-milchaufbauendes-gel-30-ml\/\",\"name\":\"NAILSOFTHEDAY Premium Gel 01 - Milchaufbauendes Gel, 30 g - Natelli - Nail Shop\",\"isPartOf\":{\"@id\":\"https:\/\/www.natelli-shop.com\/de\/#website\"},\"primaryImageOfPage\":{\"@id\":\"https:\/\/www.natelli-shop.com\/de\/produkt\/nailsoftheday-premium-gel-01-milchaufbauendes-gel-30-ml\/#primaryimage\"},\"image\":{\"@id\":\"https:\/\/www.natelli-shop.com\/de\/produkt\/nailsoftheday-premium-gel-01-milchaufbauendes-gel-30-ml\/#primaryimage\"},\"thumbnailUrl\":\"https:\/\/www.natelli-shop.com\/wp-content\/uploads\/2024\/09\/01-1.webp\",\"datePublished\":\"2024-09-06T21:22:00+00:00\",\"dateModified\":\"2025-11-30T23:02:41+00:00\",\"breadcrumb\":{\"@id\":\"https:\/\/www.natelli-shop.com\/de\/produkt\/nailsoftheday-premium-gel-01-milchaufbauendes-gel-30-ml\/#breadcrumb\"},\"inLanguage\":\"de\",\"potentialAction\":[{\"@type\":\"ReadAction\",\"target\":[\"https:\/\/www.natelli-shop.com\/de\/produkt\/nailsoftheday-premium-gel-01-milchaufbauendes-gel-30-ml\/\"]}]},{\"@type\":\"ImageObject\",\"inLanguage\":\"de\",\"@id\":\"https:\/\/www.natelli-shop.com\/de\/produkt\/nailsoftheday-premium-gel-01-milchaufbauendes-gel-30-ml\/#primaryimage\",\"url\":\"https:\/\/www.natelli-shop.com\/wp-content\/uploads\/2024\/09\/01-1.webp\",\"contentUrl\":\"https:\/\/www.natelli-shop.com\/wp-content\/uploads\/2024\/09\/01-1.webp\",\"width\":768,\"height\":829},{\"@type\":\"BreadcrumbList\",\"@id\":\"https:\/\/www.natelli-shop.com\/de\/produkt\/nailsoftheday-premium-gel-01-milchaufbauendes-gel-30-ml\/#breadcrumb\",\"itemListElement\":[{\"@type\":\"ListItem\",\"position\":1,\"name\":\"Home\",\"item\":\"https:\/\/www.natelli-shop.com\/de\/startseite\/\"},{\"@type\":\"ListItem\",\"position\":2,\"name\":\"Shop\",\"item\":\"https:\/\/www.natelli-shop.com\/de\/shop\/\"},{\"@type\":\"ListItem\",\"position\":3,\"name\":\"NAILSOFTHEDAY Premium Gel 01 &#8211; Milchaufbauendes Gel, 30 g\"}]},{\"@type\":\"WebSite\",\"@id\":\"https:\/\/www.natelli-shop.com\/de\/#website\",\"url\":\"https:\/\/www.natelli-shop.com\/de\/\",\"name\":\"Natelli - Nail Shop\",\"description\":\"\",\"publisher\":{\"@id\":\"https:\/\/www.natelli-shop.com\/de\/#organization\"},\"potentialAction\":[{\"@type\":\"SearchAction\",\"target\":{\"@type\":\"EntryPoint\",\"urlTemplate\":\"https:\/\/www.natelli-shop.com\/de\/?s={search_term_string}\"},\"query-input\":\"required name=search_term_string\"}],\"inLanguage\":\"de\"},{\"@type\":\"Organization\",\"@id\":\"https:\/\/www.natelli-shop.com\/de\/#organization\",\"name\":\"Natelli - Nail Shop\",\"url\":\"https:\/\/www.natelli-shop.com\/de\/\",\"logo\":{\"@type\":\"ImageObject\",\"inLanguage\":\"de\",\"@id\":\"https:\/\/www.natelli-shop.com\/de\/#\/schema\/logo\/image\/\",\"url\":\"https:\/\/www.natelli-shop.com\/wp-content\/uploads\/2024\/08\/\u0438\u0437\u043e\u0431\u0440\u0430\u0436\u0435\u043d\u0438\u0435_viber_2024-07-31_10-59-46-791.jpg\",\"contentUrl\":\"https:\/\/www.natelli-shop.com\/wp-content\/uploads\/2024\/08\/\u0438\u0437\u043e\u0431\u0440\u0430\u0436\u0435\u043d\u0438\u0435_viber_2024-07-31_10-59-46-791.jpg\",\"width\":1181,\"height\":1186,\"caption\":\"Natelli - Nail Shop\"},\"image\":{\"@id\":\"https:\/\/www.natelli-shop.com\/de\/#\/schema\/logo\/image\/\"}}]}<\/script>\n<!-- \/ Yoast SEO plugin. -->","yoast_head_json":{"title":"NAILSOFTHEDAY Premium Gel 01 - Milchaufbauendes Gel, 30 g - Natelli - Nail Shop","robots":{"index":"index","follow":"follow","max-snippet":"max-snippet:-1","max-image-preview":"max-image-preview:large","max-video-preview":"max-video-preview:-1"},"canonical":"https:\/\/www.natelli-shop.com\/de\/produkt\/nailsoftheday-premium-gel-01-milchaufbauendes-gel-30-ml\/","og_locale":"de_DE","og_type":"article","og_title":"NAILSOFTHEDAY Premium Gel 01 - Milchaufbauendes Gel, 30 g - Natelli - Nail Shop","og_description":"Nailsoftheday Premium Gel ist ein superstarkes Aufbaugel mit einer selbstnivellierenden Funktion. Premium-Gel wird f\u00fcr den Aufbau, die Modellierung von k\u00fcnstlichen","og_url":"https:\/\/www.natelli-shop.com\/de\/produkt\/nailsoftheday-premium-gel-01-milchaufbauendes-gel-30-ml\/","og_site_name":"Natelli - Nail Shop","article_modified_time":"2025-11-30T23:02:41+00:00","og_image":[{"width":768,"height":829,"url":"https:\/\/www.natelli-shop.com\/wp-content\/uploads\/2024\/09\/01-1.webp","type":"image\/webp"}],"twitter_card":"summary_large_image","schema":{"@context":"https:\/\/schema.org","@graph":[{"@type":"WebPage","@id":"https:\/\/www.natelli-shop.com\/de\/produkt\/nailsoftheday-premium-gel-01-milchaufbauendes-gel-30-ml\/","url":"https:\/\/www.natelli-shop.com\/de\/produkt\/nailsoftheday-premium-gel-01-milchaufbauendes-gel-30-ml\/","name":"NAILSOFTHEDAY Premium Gel 01 - Milchaufbauendes Gel, 30 g - Natelli - Nail Shop","isPartOf":{"@id":"https:\/\/www.natelli-shop.com\/de\/#website"},"primaryImageOfPage":{"@id":"https:\/\/www.natelli-shop.com\/de\/produkt\/nailsoftheday-premium-gel-01-milchaufbauendes-gel-30-ml\/#primaryimage"},"image":{"@id":"https:\/\/www.natelli-shop.com\/de\/produkt\/nailsoftheday-premium-gel-01-milchaufbauendes-gel-30-ml\/#primaryimage"},"thumbnailUrl":"https:\/\/www.natelli-shop.com\/wp-content\/uploads\/2024\/09\/01-1.webp","datePublished":"2024-09-06T21:22:00+00:00","dateModified":"2025-11-30T23:02:41+00:00","breadcrumb":{"@id":"https:\/\/www.natelli-shop.com\/de\/produkt\/nailsoftheday-premium-gel-01-milchaufbauendes-gel-30-ml\/#breadcrumb"},"inLanguage":"de","potentialAction":[{"@type":"ReadAction","target":["https:\/\/www.natelli-shop.com\/de\/produkt\/nailsoftheday-premium-gel-01-milchaufbauendes-gel-30-ml\/"]}]},{"@type":"ImageObject","inLanguage":"de","@id":"https:\/\/www.natelli-shop.com\/de\/produkt\/nailsoftheday-premium-gel-01-milchaufbauendes-gel-30-ml\/#primaryimage","url":"https:\/\/www.natelli-shop.com\/wp-content\/uploads\/2024\/09\/01-1.webp","contentUrl":"https:\/\/www.natelli-shop.com\/wp-content\/uploads\/2024\/09\/01-1.webp","width":768,"height":829},{"@type":"BreadcrumbList","@id":"https:\/\/www.natelli-shop.com\/de\/produkt\/nailsoftheday-premium-gel-01-milchaufbauendes-gel-30-ml\/#breadcrumb","itemListElement":[{"@type":"ListItem","position":1,"name":"Home","item":"https:\/\/www.natelli-shop.com\/de\/startseite\/"},{"@type":"ListItem","position":2,"name":"Shop","item":"https:\/\/www.natelli-shop.com\/de\/shop\/"},{"@type":"ListItem","position":3,"name":"NAILSOFTHEDAY Premium Gel 01 &#8211; Milchaufbauendes Gel, 30 g"}]},{"@type":"WebSite","@id":"https:\/\/www.natelli-shop.com\/de\/#website","url":"https:\/\/www.natelli-shop.com\/de\/","name":"Natelli - Nail Shop","description":"","publisher":{"@id":"https:\/\/www.natelli-shop.com\/de\/#organization"},"potentialAction":[{"@type":"SearchAction","target":{"@type":"EntryPoint","urlTemplate":"https:\/\/www.natelli-shop.com\/de\/?s={search_term_string}"},"query-input":"required name=search_term_string"}],"inLanguage":"de"},{"@type":"Organization","@id":"https:\/\/www.natelli-shop.com\/de\/#organization","name":"Natelli - Nail Shop","url":"https:\/\/www.natelli-shop.com\/de\/","logo":{"@type":"ImageObject","inLanguage":"de","@id":"https:\/\/www.natelli-shop.com\/de\/#\/schema\/logo\/image\/","url":"https:\/\/www.natelli-shop.com\/wp-content\/uploads\/2024\/08\/\u0438\u0437\u043e\u0431\u0440\u0430\u0436\u0435\u043d\u0438\u0435_viber_2024-07-31_10-59-46-791.jpg","contentUrl":"https:\/\/www.natelli-shop.com\/wp-content\/uploads\/2024\/08\/\u0438\u0437\u043e\u0431\u0440\u0430\u0436\u0435\u043d\u0438\u0435_viber_2024-07-31_10-59-46-791.jpg","width":1181,"height":1186,"caption":"Natelli - Nail Shop"},"image":{"@id":"https:\/\/www.natelli-shop.com\/de\/#\/schema\/logo\/image\/"}}]}},"jetpack_sharing_enabled":true,"_links":{"self":[{"href":"https:\/\/www.natelli-shop.com\/de\/wp-json\/wp\/v2\/product\/19518","targetHints":{"allow":["GET"]}}],"collection":[{"href":"https:\/\/www.natelli-shop.com\/de\/wp-json\/wp\/v2\/product"}],"about":[{"href":"https:\/\/www.natelli-shop.com\/de\/wp-json\/wp\/v2\/types\/product"}],"replies":[{"embeddable":true,"href":"https:\/\/www.natelli-shop.com\/de\/wp-json\/wp\/v2\/comments?post=19518"}],"version-history":[{"count":0,"href":"https:\/\/www.natelli-shop.com\/de\/wp-json\/wp\/v2\/product\/19518\/revisions"}],"wp:featuredmedia":[{"embeddable":true,"href":"https:\/\/www.natelli-shop.com\/de\/wp-json\/wp\/v2\/media\/19511"}],"wp:attachment":[{"href":"https:\/\/www.natelli-shop.com\/de\/wp-json\/wp\/v2\/media?parent=19518"}],"wp:term":[{"taxonomy":"product_brand","embeddable":true,"href":"https:\/\/www.natelli-shop.com\/de\/wp-json\/wp\/v2\/product_brand?post=19518"},{"taxonomy":"product_cat","embeddable":true,"href":"https:\/\/www.natelli-shop.com\/de\/wp-json\/wp\/v2\/product_cat?post=19518"},{"taxonomy":"product_tag","embeddable":true,"href":"https:\/\/www.natelli-shop.com\/de\/wp-json\/wp\/v2\/product_tag?post=19518"}],"curies":[{"name":"wp","href":"https:\/\/api.w.org\/{rel}","templated":true}]}}