{"id":19345,"date":"2024-09-06T21:57:00","date_gmt":"2024-09-06T19:57:00","guid":{"rendered":"https:\/\/www.natelli-shop.com\/?post_type=product&#038;p=19345"},"modified":"2026-03-26T14:58:21","modified_gmt":"2026-03-26T13:58:21","slug":"nailsoftheday-cover-base-new-formula-06-nude-pfirsichfarbener-camouflage-unterlack-fur-nagel-10-ml-copy","status":"publish","type":"product","link":"https:\/\/www.natelli-shop.com\/de\/produkt\/nailsoftheday-cover-base-new-formula-06-nude-pfirsichfarbener-camouflage-unterlack-fur-nagel-10-ml-copy\/","title":{"rendered":"Nailsoftheday Cover base NEW Formula 07 &#8211; Camouflage Unterlack f\u00fcr N\u00e4gel in Latte Farbe, 10 ml"},"content":{"rendered":"<p>Nailsoftheday Cover base NEW Formula ist eine neue Basislackformel, die eine schnelle Polymerisation und langfristige Stabilit\u00e4t bietet.<\/p>\n<p>Cover base NEW Formula:<br \/>\n&#8211; in einer k\u00fcnstlichen Alterungskammer getestet, resistent gegen Peeling;<br \/>\n&#8211; europ\u00e4ische Pigmente, die das Gef\u00fchl eines durchscheinenden Unterlacks und stilvoller Naturn\u00e4gel erzeugen;<br \/>\n&#8211; der Unterlack schrumpft nicht, wodurch Sie jede L\u00e4nge abdecken k\u00f6nnen;<br \/>\n&#8211; es gibt keine aggressiven S\u00e4uren;<br \/>\n&#8211; bequeme Konsistenz, die den Lack in wenigen Sekunden ausgleicht;<br \/>\n&#8211; kein Gef\u00fchl der Erhitzung w\u00e4hrend der Polymerisation;<br \/>\n&#8211; eine moderne Formel, die nicht verblasst;<br \/>\n&#8211; schnelle Polymerisation;<br \/>\n&#8211; langfristige Stabilit\u00e4t;<br \/>\n&#8211; hat eine hohe Plastizit\u00e4t, mittlere Konsistenz.<\/p>\n","protected":false},"excerpt":{"rendered":"<p>Nailsoftheday Cover base NEW Formula ist eine neue Basislackformel, die eine schnelle Polymerisation und langfristige Stabilit\u00e4t bietet. Cover base NEW<\/p>\n","protected":false},"featured_media":19348,"comment_status":"open","ping_status":"closed","template":"","meta":[],"product_brand":[],"product_cat":[230],"product_tag":[],"class_list":{"0":"post-19345","1":"product","2":"type-product","3":"status-publish","4":"has-post-thumbnail","6":"product_cat-cover-color-base-de","8":"first","9":"outofstock","10":"shipping-taxable","11":"purchasable","12":"product-type-simple"},"yoast_head":"<!-- This site is optimized with the Yoast SEO plugin v23.1 - https:\/\/yoast.com\/wordpress\/plugins\/seo\/ -->\n<title>Nailsoftheday Cover base NEW Formula 07 - Camouflage Unterlack f\u00fcr N\u00e4gel in Latte Farbe, 10 ml - Natelli - Nail Shop<\/title>\n<meta name=\"robots\" content=\"index, follow, max-snippet:-1, max-image-preview:large, max-video-preview:-1\" \/>\n<link rel=\"canonical\" href=\"https:\/\/www.natelli-shop.com\/de\/produkt\/nailsoftheday-cover-base-new-formula-06-nude-pfirsichfarbener-camouflage-unterlack-fur-nagel-10-ml-copy\/\" \/>\n<meta property=\"og:locale\" content=\"de_DE\" \/>\n<meta property=\"og:type\" content=\"article\" \/>\n<meta property=\"og:title\" content=\"Nailsoftheday Cover base NEW Formula 07 - Camouflage Unterlack f\u00fcr N\u00e4gel in Latte Farbe, 10 ml - Natelli - Nail Shop\" \/>\n<meta property=\"og:description\" content=\"Nailsoftheday Cover base NEW Formula ist eine neue Basislackformel, die eine schnelle Polymerisation und langfristige Stabilit\u00e4t bietet. Cover base NEW\" \/>\n<meta property=\"og:url\" content=\"https:\/\/www.natelli-shop.com\/de\/produkt\/nailsoftheday-cover-base-new-formula-06-nude-pfirsichfarbener-camouflage-unterlack-fur-nagel-10-ml-copy\/\" \/>\n<meta property=\"og:site_name\" content=\"Natelli - Nail Shop\" \/>\n<meta property=\"article:modified_time\" content=\"2026-03-26T13:58:21+00:00\" \/>\n<meta property=\"og:image\" content=\"https:\/\/www.natelli-shop.com\/wp-content\/uploads\/2024\/09\/7.webp\" \/>\n\t<meta property=\"og:image:width\" content=\"768\" \/>\n\t<meta property=\"og:image:height\" content=\"852\" \/>\n\t<meta property=\"og:image:type\" content=\"image\/webp\" \/>\n<meta name=\"twitter:card\" content=\"summary_large_image\" \/>\n<meta name=\"twitter:label1\" content=\"Gesch\u00e4tzte Lesezeit\" \/>\n\t<meta name=\"twitter:data1\" content=\"1\u00a0Minute\" \/>\n<script type=\"application\/ld+json\" class=\"yoast-schema-graph\">{\"@context\":\"https:\/\/schema.org\",\"@graph\":[{\"@type\":\"WebPage\",\"@id\":\"https:\/\/www.natelli-shop.com\/de\/produkt\/nailsoftheday-cover-base-new-formula-06-nude-pfirsichfarbener-camouflage-unterlack-fur-nagel-10-ml-copy\/\",\"url\":\"https:\/\/www.natelli-shop.com\/de\/produkt\/nailsoftheday-cover-base-new-formula-06-nude-pfirsichfarbener-camouflage-unterlack-fur-nagel-10-ml-copy\/\",\"name\":\"Nailsoftheday Cover base NEW Formula 07 - Camouflage Unterlack f\u00fcr N\u00e4gel in Latte Farbe, 10 ml - Natelli - Nail Shop\",\"isPartOf\":{\"@id\":\"https:\/\/www.natelli-shop.com\/de\/#website\"},\"primaryImageOfPage\":{\"@id\":\"https:\/\/www.natelli-shop.com\/de\/produkt\/nailsoftheday-cover-base-new-formula-06-nude-pfirsichfarbener-camouflage-unterlack-fur-nagel-10-ml-copy\/#primaryimage\"},\"image\":{\"@id\":\"https:\/\/www.natelli-shop.com\/de\/produkt\/nailsoftheday-cover-base-new-formula-06-nude-pfirsichfarbener-camouflage-unterlack-fur-nagel-10-ml-copy\/#primaryimage\"},\"thumbnailUrl\":\"https:\/\/www.natelli-shop.com\/wp-content\/uploads\/2024\/09\/7.webp\",\"datePublished\":\"2024-09-06T19:57:00+00:00\",\"dateModified\":\"2026-03-26T13:58:21+00:00\",\"breadcrumb\":{\"@id\":\"https:\/\/www.natelli-shop.com\/de\/produkt\/nailsoftheday-cover-base-new-formula-06-nude-pfirsichfarbener-camouflage-unterlack-fur-nagel-10-ml-copy\/#breadcrumb\"},\"inLanguage\":\"de\",\"potentialAction\":[{\"@type\":\"ReadAction\",\"target\":[\"https:\/\/www.natelli-shop.com\/de\/produkt\/nailsoftheday-cover-base-new-formula-06-nude-pfirsichfarbener-camouflage-unterlack-fur-nagel-10-ml-copy\/\"]}]},{\"@type\":\"ImageObject\",\"inLanguage\":\"de\",\"@id\":\"https:\/\/www.natelli-shop.com\/de\/produkt\/nailsoftheday-cover-base-new-formula-06-nude-pfirsichfarbener-camouflage-unterlack-fur-nagel-10-ml-copy\/#primaryimage\",\"url\":\"https:\/\/www.natelli-shop.com\/wp-content\/uploads\/2024\/09\/7.webp\",\"contentUrl\":\"https:\/\/www.natelli-shop.com\/wp-content\/uploads\/2024\/09\/7.webp\",\"width\":768,\"height\":852},{\"@type\":\"BreadcrumbList\",\"@id\":\"https:\/\/www.natelli-shop.com\/de\/produkt\/nailsoftheday-cover-base-new-formula-06-nude-pfirsichfarbener-camouflage-unterlack-fur-nagel-10-ml-copy\/#breadcrumb\",\"itemListElement\":[{\"@type\":\"ListItem\",\"position\":1,\"name\":\"Home\",\"item\":\"https:\/\/www.natelli-shop.com\/de\/startseite\/\"},{\"@type\":\"ListItem\",\"position\":2,\"name\":\"Shop\",\"item\":\"https:\/\/www.natelli-shop.com\/de\/shop\/\"},{\"@type\":\"ListItem\",\"position\":3,\"name\":\"Nailsoftheday Cover base NEW Formula 07 &#8211; Camouflage Unterlack f\u00fcr N\u00e4gel in Latte Farbe, 10 ml\"}]},{\"@type\":\"WebSite\",\"@id\":\"https:\/\/www.natelli-shop.com\/de\/#website\",\"url\":\"https:\/\/www.natelli-shop.com\/de\/\",\"name\":\"Natelli - Nail Shop\",\"description\":\"\",\"publisher\":{\"@id\":\"https:\/\/www.natelli-shop.com\/de\/#organization\"},\"potentialAction\":[{\"@type\":\"SearchAction\",\"target\":{\"@type\":\"EntryPoint\",\"urlTemplate\":\"https:\/\/www.natelli-shop.com\/de\/?s={search_term_string}\"},\"query-input\":\"required name=search_term_string\"}],\"inLanguage\":\"de\"},{\"@type\":\"Organization\",\"@id\":\"https:\/\/www.natelli-shop.com\/de\/#organization\",\"name\":\"Natelli - Nail Shop\",\"url\":\"https:\/\/www.natelli-shop.com\/de\/\",\"logo\":{\"@type\":\"ImageObject\",\"inLanguage\":\"de\",\"@id\":\"https:\/\/www.natelli-shop.com\/de\/#\/schema\/logo\/image\/\",\"url\":\"https:\/\/www.natelli-shop.com\/wp-content\/uploads\/2024\/08\/\u0438\u0437\u043e\u0431\u0440\u0430\u0436\u0435\u043d\u0438\u0435_viber_2024-07-31_10-59-46-791.jpg\",\"contentUrl\":\"https:\/\/www.natelli-shop.com\/wp-content\/uploads\/2024\/08\/\u0438\u0437\u043e\u0431\u0440\u0430\u0436\u0435\u043d\u0438\u0435_viber_2024-07-31_10-59-46-791.jpg\",\"width\":1181,\"height\":1186,\"caption\":\"Natelli - Nail Shop\"},\"image\":{\"@id\":\"https:\/\/www.natelli-shop.com\/de\/#\/schema\/logo\/image\/\"}}]}<\/script>\n<!-- \/ Yoast SEO plugin. -->","yoast_head_json":{"title":"Nailsoftheday Cover base NEW Formula 07 - Camouflage Unterlack f\u00fcr N\u00e4gel in Latte Farbe, 10 ml - Natelli - Nail Shop","robots":{"index":"index","follow":"follow","max-snippet":"max-snippet:-1","max-image-preview":"max-image-preview:large","max-video-preview":"max-video-preview:-1"},"canonical":"https:\/\/www.natelli-shop.com\/de\/produkt\/nailsoftheday-cover-base-new-formula-06-nude-pfirsichfarbener-camouflage-unterlack-fur-nagel-10-ml-copy\/","og_locale":"de_DE","og_type":"article","og_title":"Nailsoftheday Cover base NEW Formula 07 - Camouflage Unterlack f\u00fcr N\u00e4gel in Latte Farbe, 10 ml - Natelli - Nail Shop","og_description":"Nailsoftheday Cover base NEW Formula ist eine neue Basislackformel, die eine schnelle Polymerisation und langfristige Stabilit\u00e4t bietet. Cover base NEW","og_url":"https:\/\/www.natelli-shop.com\/de\/produkt\/nailsoftheday-cover-base-new-formula-06-nude-pfirsichfarbener-camouflage-unterlack-fur-nagel-10-ml-copy\/","og_site_name":"Natelli - Nail Shop","article_modified_time":"2026-03-26T13:58:21+00:00","og_image":[{"width":768,"height":852,"url":"https:\/\/www.natelli-shop.com\/wp-content\/uploads\/2024\/09\/7.webp","type":"image\/webp"}],"twitter_card":"summary_large_image","twitter_misc":{"Gesch\u00e4tzte Lesezeit":"1\u00a0Minute"},"schema":{"@context":"https:\/\/schema.org","@graph":[{"@type":"WebPage","@id":"https:\/\/www.natelli-shop.com\/de\/produkt\/nailsoftheday-cover-base-new-formula-06-nude-pfirsichfarbener-camouflage-unterlack-fur-nagel-10-ml-copy\/","url":"https:\/\/www.natelli-shop.com\/de\/produkt\/nailsoftheday-cover-base-new-formula-06-nude-pfirsichfarbener-camouflage-unterlack-fur-nagel-10-ml-copy\/","name":"Nailsoftheday Cover base NEW Formula 07 - Camouflage Unterlack f\u00fcr N\u00e4gel in Latte Farbe, 10 ml - Natelli - Nail Shop","isPartOf":{"@id":"https:\/\/www.natelli-shop.com\/de\/#website"},"primaryImageOfPage":{"@id":"https:\/\/www.natelli-shop.com\/de\/produkt\/nailsoftheday-cover-base-new-formula-06-nude-pfirsichfarbener-camouflage-unterlack-fur-nagel-10-ml-copy\/#primaryimage"},"image":{"@id":"https:\/\/www.natelli-shop.com\/de\/produkt\/nailsoftheday-cover-base-new-formula-06-nude-pfirsichfarbener-camouflage-unterlack-fur-nagel-10-ml-copy\/#primaryimage"},"thumbnailUrl":"https:\/\/www.natelli-shop.com\/wp-content\/uploads\/2024\/09\/7.webp","datePublished":"2024-09-06T19:57:00+00:00","dateModified":"2026-03-26T13:58:21+00:00","breadcrumb":{"@id":"https:\/\/www.natelli-shop.com\/de\/produkt\/nailsoftheday-cover-base-new-formula-06-nude-pfirsichfarbener-camouflage-unterlack-fur-nagel-10-ml-copy\/#breadcrumb"},"inLanguage":"de","potentialAction":[{"@type":"ReadAction","target":["https:\/\/www.natelli-shop.com\/de\/produkt\/nailsoftheday-cover-base-new-formula-06-nude-pfirsichfarbener-camouflage-unterlack-fur-nagel-10-ml-copy\/"]}]},{"@type":"ImageObject","inLanguage":"de","@id":"https:\/\/www.natelli-shop.com\/de\/produkt\/nailsoftheday-cover-base-new-formula-06-nude-pfirsichfarbener-camouflage-unterlack-fur-nagel-10-ml-copy\/#primaryimage","url":"https:\/\/www.natelli-shop.com\/wp-content\/uploads\/2024\/09\/7.webp","contentUrl":"https:\/\/www.natelli-shop.com\/wp-content\/uploads\/2024\/09\/7.webp","width":768,"height":852},{"@type":"BreadcrumbList","@id":"https:\/\/www.natelli-shop.com\/de\/produkt\/nailsoftheday-cover-base-new-formula-06-nude-pfirsichfarbener-camouflage-unterlack-fur-nagel-10-ml-copy\/#breadcrumb","itemListElement":[{"@type":"ListItem","position":1,"name":"Home","item":"https:\/\/www.natelli-shop.com\/de\/startseite\/"},{"@type":"ListItem","position":2,"name":"Shop","item":"https:\/\/www.natelli-shop.com\/de\/shop\/"},{"@type":"ListItem","position":3,"name":"Nailsoftheday Cover base NEW Formula 07 &#8211; Camouflage Unterlack f\u00fcr N\u00e4gel in Latte Farbe, 10 ml"}]},{"@type":"WebSite","@id":"https:\/\/www.natelli-shop.com\/de\/#website","url":"https:\/\/www.natelli-shop.com\/de\/","name":"Natelli - Nail Shop","description":"","publisher":{"@id":"https:\/\/www.natelli-shop.com\/de\/#organization"},"potentialAction":[{"@type":"SearchAction","target":{"@type":"EntryPoint","urlTemplate":"https:\/\/www.natelli-shop.com\/de\/?s={search_term_string}"},"query-input":"required name=search_term_string"}],"inLanguage":"de"},{"@type":"Organization","@id":"https:\/\/www.natelli-shop.com\/de\/#organization","name":"Natelli - Nail Shop","url":"https:\/\/www.natelli-shop.com\/de\/","logo":{"@type":"ImageObject","inLanguage":"de","@id":"https:\/\/www.natelli-shop.com\/de\/#\/schema\/logo\/image\/","url":"https:\/\/www.natelli-shop.com\/wp-content\/uploads\/2024\/08\/\u0438\u0437\u043e\u0431\u0440\u0430\u0436\u0435\u043d\u0438\u0435_viber_2024-07-31_10-59-46-791.jpg","contentUrl":"https:\/\/www.natelli-shop.com\/wp-content\/uploads\/2024\/08\/\u0438\u0437\u043e\u0431\u0440\u0430\u0436\u0435\u043d\u0438\u0435_viber_2024-07-31_10-59-46-791.jpg","width":1181,"height":1186,"caption":"Natelli - Nail Shop"},"image":{"@id":"https:\/\/www.natelli-shop.com\/de\/#\/schema\/logo\/image\/"}}]}},"jetpack_sharing_enabled":true,"_links":{"self":[{"href":"https:\/\/www.natelli-shop.com\/de\/wp-json\/wp\/v2\/product\/19345","targetHints":{"allow":["GET"]}}],"collection":[{"href":"https:\/\/www.natelli-shop.com\/de\/wp-json\/wp\/v2\/product"}],"about":[{"href":"https:\/\/www.natelli-shop.com\/de\/wp-json\/wp\/v2\/types\/product"}],"replies":[{"embeddable":true,"href":"https:\/\/www.natelli-shop.com\/de\/wp-json\/wp\/v2\/comments?post=19345"}],"version-history":[{"count":1,"href":"https:\/\/www.natelli-shop.com\/de\/wp-json\/wp\/v2\/product\/19345\/revisions"}],"predecessor-version":[{"id":38685,"href":"https:\/\/www.natelli-shop.com\/de\/wp-json\/wp\/v2\/product\/19345\/revisions\/38685"}],"wp:featuredmedia":[{"embeddable":true,"href":"https:\/\/www.natelli-shop.com\/de\/wp-json\/wp\/v2\/media\/19348"}],"wp:attachment":[{"href":"https:\/\/www.natelli-shop.com\/de\/wp-json\/wp\/v2\/media?parent=19345"}],"wp:term":[{"taxonomy":"product_brand","embeddable":true,"href":"https:\/\/www.natelli-shop.com\/de\/wp-json\/wp\/v2\/product_brand?post=19345"},{"taxonomy":"product_cat","embeddable":true,"href":"https:\/\/www.natelli-shop.com\/de\/wp-json\/wp\/v2\/product_cat?post=19345"},{"taxonomy":"product_tag","embeddable":true,"href":"https:\/\/www.natelli-shop.com\/de\/wp-json\/wp\/v2\/product_tag?post=19345"}],"curies":[{"name":"wp","href":"https:\/\/api.w.org\/{rel}","templated":true}]}}