{"id":16923,"date":"2024-08-06T13:12:17","date_gmt":"2024-08-06T11:12:17","guid":{"rendered":"https:\/\/www.natelli-shop.com\/lieferung-und-bezahlung\/"},"modified":"2026-04-03T09:08:52","modified_gmt":"2026-04-03T07:08:52","slug":"lieferung-und-bezahlung","status":"publish","type":"page","link":"https:\/\/www.natelli-shop.com\/de\/lieferung-und-bezahlung\/","title":{"rendered":"Lieferung und Bezahlung"},"content":{"rendered":"\t\t<div data-elementor-type=\"wp-page\" data-elementor-id=\"16923\" class=\"elementor elementor-16923 elementor-15605\">\n\t\t\t\t<div class=\"wd-negative-gap elementor-element elementor-element-2bfe3a3 wd-section-stretch e-flex e-con-boxed e-con e-parent\" data-id=\"2bfe3a3\" data-element_type=\"container\" data-settings=\"{&quot;background_background&quot;:&quot;classic&quot;}\">\n\t\t\t\t\t<div class=\"e-con-inner\">\n\t\t\t\t<div class=\"elementor-element elementor-element-9db0ada elementor-widget elementor-widget-heading\" data-id=\"9db0ada\" data-element_type=\"widget\" data-widget_type=\"heading.default\">\n\t\t\t\t<div class=\"elementor-widget-container\">\n\t\t\t<style>\/*! elementor - v3.23.0 - 05-08-2024 *\/\n.elementor-heading-title{padding:0;margin:0;line-height:1}.elementor-widget-heading .elementor-heading-title[class*=elementor-size-]>a{color:inherit;font-size:inherit;line-height:inherit}.elementor-widget-heading .elementor-heading-title.elementor-size-small{font-size:15px}.elementor-widget-heading .elementor-heading-title.elementor-size-medium{font-size:19px}.elementor-widget-heading .elementor-heading-title.elementor-size-large{font-size:29px}.elementor-widget-heading .elementor-heading-title.elementor-size-xl{font-size:39px}.elementor-widget-heading .elementor-heading-title.elementor-size-xxl{font-size:59px}<\/style><h2 class=\"elementor-heading-title elementor-size-default\">Lieferung und Bezahlung<\/h2>\t\t<\/div>\n\t\t\t\t<\/div>\n\t\t\t\t\t<\/div>\n\t\t\t\t<\/div>\n\t\t<div class=\"wd-negative-gap elementor-element elementor-element-4ade408 e-flex e-con-boxed e-con e-parent\" data-id=\"4ade408\" data-element_type=\"container\">\n\t\t\t\t\t<div class=\"e-con-inner\">\n\t\t<div class=\"elementor-element elementor-element-30e6042 e-con-full e-flex e-con e-child\" data-id=\"30e6042\" data-element_type=\"container\">\n\t\t\t\t<div class=\"elementor-element elementor-element-59f9b57 elementor-widget elementor-widget-heading\" data-id=\"59f9b57\" data-element_type=\"widget\" data-widget_type=\"heading.default\">\n\t\t\t\t<div class=\"elementor-widget-container\">\n\t\t\t<h2 class=\"elementor-heading-title elementor-size-default\">Versandmethoden und -bedingungen<\/h2>\t\t<\/div>\n\t\t\t\t<\/div>\n\t\t\t\t<div class=\"elementor-element elementor-element-8e9569a color-scheme-inherit text-left elementor-widget elementor-widget-text-editor\" data-id=\"8e9569a\" data-element_type=\"widget\" data-widget_type=\"text-editor.default\">\n\t\t\t\t<div class=\"elementor-widget-container\">\n\t\t\t<style>\/*! elementor - v3.23.0 - 05-08-2024 *\/\n.elementor-widget-text-editor.elementor-drop-cap-view-stacked .elementor-drop-cap{background-color:#69727d;color:#fff}.elementor-widget-text-editor.elementor-drop-cap-view-framed .elementor-drop-cap{color:#69727d;border:3px solid;background-color:transparent}.elementor-widget-text-editor:not(.elementor-drop-cap-view-default) .elementor-drop-cap{margin-top:8px}.elementor-widget-text-editor:not(.elementor-drop-cap-view-default) .elementor-drop-cap-letter{width:1em;height:1em}.elementor-widget-text-editor .elementor-drop-cap{float:left;text-align:center;line-height:1;font-size:50px}.elementor-widget-text-editor .elementor-drop-cap-letter{display:inline-block}<\/style>\t\t\t\t<h4><strong>Versand in Wien:<\/strong><\/h4><ul><li><strong>Selbstabholung <\/strong>in Wien<\/li><li>Lieferung durch die \u00d6sterreichische Post\/DPD &#8211; <strong>4,99\u20ac<\/strong><\/li><li><strong>Kostenloser Versand<\/strong> ab <strong>59\u20ac<\/strong><\/li><li>Lieferung durch die \u00d6sterreichische Post\/DPD &#8211; <strong>4,99\u20ac<\/strong><\/li><li>Lieferzeit 1-3 Werktage<\/li><\/ul><h4><strong>Versand innerhalb \u00d6sterreichs<\/strong><\/h4><ul><li><strong>Wien &#8211; Selbstabholung<\/strong><\/li><li>Lieferung durch die \u00d6sterreichische Post &#8211; <strong>4,99\u20ac<\/strong><\/li><li><strong>Kostenloser Versand<\/strong> bei einem Bestellwert von <strong>59\u20ac <\/strong>oder mehr<\/li><li>Lieferzeit 1-3 Werktage<\/li><\/ul><h4><strong><span class=\"wixui-rich-text__text\">Deutschland,Tschechische Republik, <\/span><span class=\"wixui-rich-text__text\">Slowakei, Slowenien, <\/span><span class=\"wixui-rich-text__text\">Ungarn:<\/span><\/strong><\/h4><ul><li>Versand \u00d6sterreichische Post oder DPD &#8211; <strong>11,99\u20ac<\/strong>.\u00a0<\/li><li><strong>Kostenloser Versand<\/strong> f\u00fcr alle Bestellungen ab <strong>99\u20ac\u00a0<\/strong><\/li><li>Lieferfrist: 3-7 Arbeitstage.<\/li><\/ul><h4><strong><span class=\"wixui-rich-text__text\">Frankreich, die Niederlande, Belgien, D\u00e4nemark, Luxemburg, Portugal, Spanien, Schweden, Finnland, Estland, Lettland, Litauen, Bulgarien, die Republik Irland, <\/span><span class=\"wixui-rich-text__text\">Rum\u00e4nien, Kroatien, Griechenland, Monaco,Polen,Italy:<\/span><\/strong><\/h4><ul><li>Versand \u00d6sterreichische Post oder DPD &#8211; <strong>15\u20ac<\/strong>.\u00a0<\/li><li><strong>hipping<\/strong> f\u00fcr alle Bestellungen von <strong>\u20ac99<\/strong> oder mehr!<\/li><li>Lieferzeit: 5-10 Arbeitstage.<\/li><\/ul><h4><strong>Schweiz, Vereinigtes K\u00f6nigreich:<\/strong><\/h4><ul><li>Versand \u00d6sterreichische Post oder DPD &#8211; <strong>20\u20ac<\/strong>.\u00a0<\/li><li><strong>WICHTIG:<\/strong> F\u00fcr Pakete in diese L\u00e4nder fallen bei der Ankunft Zollgeb\u00fchren an.<\/li><li><strong>Kostenloser Versand<\/strong> f\u00fcr alle Bestellungen im Wert von <strong>200\u20ac<\/strong> oder mehr!<\/li><li>Lieferzeit: 5-10 Arbeitstage.<\/li><\/ul>\t\t\t\t\t\t<\/div>\n\t\t\t\t<\/div>\n\t\t\t\t<div class=\"elementor-element elementor-element-98a6345 elementor-widget elementor-widget-heading\" data-id=\"98a6345\" data-element_type=\"widget\" data-widget_type=\"heading.default\">\n\t\t\t\t<div class=\"elementor-widget-container\">\n\t\t\t<h2 class=\"elementor-heading-title elementor-size-default\">Zahlungsarten<\/h2>\t\t<\/div>\n\t\t\t\t<\/div>\n\t\t\t\t<div class=\"elementor-element elementor-element-f6c1d34 color-scheme-inherit text-left elementor-widget elementor-widget-text-editor\" data-id=\"f6c1d34\" data-element_type=\"widget\" data-widget_type=\"text-editor.default\">\n\t\t\t\t<div class=\"elementor-widget-container\">\n\t\t\t\t\t\t\t<ul><li>Vorauszahlung per Bank\u00fcberweisung<\/li><li>Zahlung per PayPal<\/li><li>Zahlung per Apple Pay<\/li><li>Zahlung per Google Pay<\/li><li>Klarna<\/li><li>EPS<\/li><\/ul>\t\t\t\t\t\t<\/div>\n\t\t\t\t<\/div>\n\t\t\t\t<\/div>\n\t\t\t\t\t<\/div>\n\t\t\t\t<\/div>\n\t\t<div class=\"wd-negative-gap elementor-element elementor-element-de31766 e-flex e-con-boxed e-con e-parent\" data-id=\"de31766\" data-element_type=\"container\">\n\t\t\t\t\t<div class=\"e-con-inner\">\n\t\t\t\t<div class=\"elementor-element elementor-element-40ece30 elementor-widget elementor-widget-wd_text_block\" data-id=\"40ece30\" data-element_type=\"widget\" data-widget_type=\"wd_text_block.default\">\n\t\t\t\t<div class=\"elementor-widget-container\">\n\t\t\t\t\t<div class=\"wd-text-block reset-last-child text-left\">\n\t\t\t\n\t\t\tLorem ipsum dolor sit amet, consectetur adipiscing elit. Ut elit tellus, luctus nec ullamcorper mattis, pulvinar dapibus leo.\n\t\t\t\t\t<\/div>\n\t\t\t\t<\/div>\n\t\t\t\t<\/div>\n\t\t\t\t\t<\/div>\n\t\t\t\t<\/div>\n\t\t\t\t<\/div>\n\t\t","protected":false},"excerpt":{"rendered":"<p>Lieferung und Bezahlung Versandmethoden und -bedingungen Versand in Wien: Selbstabholung in Wien Lieferung durch die \u00d6sterreichische Post\/DPD &#8211; 4,99\u20ac Kostenloser<\/p>\n","protected":false},"author":1,"featured_media":0,"parent":0,"menu_order":0,"comment_status":"closed","ping_status":"closed","template":"","meta":{"footnotes":""},"class_list":["post-16923","page","type-page","status-publish","hentry"],"yoast_head":"<!-- This site is optimized with the Yoast SEO plugin v23.1 - https:\/\/yoast.com\/wordpress\/plugins\/seo\/ -->\n<title>Lieferung und Bezahlung - Natelli - Nail Shop<\/title>\n<meta name=\"robots\" content=\"index, follow, max-snippet:-1, max-image-preview:large, max-video-preview:-1\" \/>\n<link rel=\"canonical\" href=\"https:\/\/www.natelli-shop.com\/de\/lieferung-und-bezahlung\/\" \/>\n<meta property=\"og:locale\" content=\"de_DE\" \/>\n<meta property=\"og:type\" content=\"article\" \/>\n<meta property=\"og:title\" content=\"Lieferung und Bezahlung - Natelli - Nail Shop\" \/>\n<meta property=\"og:description\" content=\"Lieferung und Bezahlung Versandmethoden und -bedingungen Versand in Wien: Selbstabholung in Wien Lieferung durch die \u00d6sterreichische Post\/DPD &#8211; 4,99\u20ac Kostenloser\" \/>\n<meta property=\"og:url\" content=\"https:\/\/www.natelli-shop.com\/de\/lieferung-und-bezahlung\/\" \/>\n<meta property=\"og:site_name\" content=\"Natelli - Nail Shop\" \/>\n<meta property=\"article:modified_time\" content=\"2026-04-03T07:08:52+00:00\" \/>\n<meta name=\"twitter:card\" content=\"summary_large_image\" \/>\n<meta name=\"twitter:label1\" content=\"Gesch\u00e4tzte Lesezeit\" \/>\n\t<meta name=\"twitter:data1\" content=\"2\u00a0Minuten\" \/>\n<script type=\"application\/ld+json\" class=\"yoast-schema-graph\">{\"@context\":\"https:\/\/schema.org\",\"@graph\":[{\"@type\":\"WebPage\",\"@id\":\"https:\/\/www.natelli-shop.com\/de\/lieferung-und-bezahlung\/\",\"url\":\"https:\/\/www.natelli-shop.com\/de\/lieferung-und-bezahlung\/\",\"name\":\"Lieferung und Bezahlung - Natelli - Nail Shop\",\"isPartOf\":{\"@id\":\"https:\/\/www.natelli-shop.com\/de\/#website\"},\"datePublished\":\"2024-08-06T11:12:17+00:00\",\"dateModified\":\"2026-04-03T07:08:52+00:00\",\"breadcrumb\":{\"@id\":\"https:\/\/www.natelli-shop.com\/de\/lieferung-und-bezahlung\/#breadcrumb\"},\"inLanguage\":\"de\",\"potentialAction\":[{\"@type\":\"ReadAction\",\"target\":[\"https:\/\/www.natelli-shop.com\/de\/lieferung-und-bezahlung\/\"]}]},{\"@type\":\"BreadcrumbList\",\"@id\":\"https:\/\/www.natelli-shop.com\/de\/lieferung-und-bezahlung\/#breadcrumb\",\"itemListElement\":[{\"@type\":\"ListItem\",\"position\":1,\"name\":\"Home\",\"item\":\"https:\/\/www.natelli-shop.com\/de\/startseite\/\"},{\"@type\":\"ListItem\",\"position\":2,\"name\":\"Lieferung und Bezahlung\"}]},{\"@type\":\"WebSite\",\"@id\":\"https:\/\/www.natelli-shop.com\/de\/#website\",\"url\":\"https:\/\/www.natelli-shop.com\/de\/\",\"name\":\"Natelli - Nail Shop\",\"description\":\"\",\"publisher\":{\"@id\":\"https:\/\/www.natelli-shop.com\/de\/#organization\"},\"potentialAction\":[{\"@type\":\"SearchAction\",\"target\":{\"@type\":\"EntryPoint\",\"urlTemplate\":\"https:\/\/www.natelli-shop.com\/de\/?s={search_term_string}\"},\"query-input\":\"required name=search_term_string\"}],\"inLanguage\":\"de\"},{\"@type\":\"Organization\",\"@id\":\"https:\/\/www.natelli-shop.com\/de\/#organization\",\"name\":\"Natelli - Nail Shop\",\"url\":\"https:\/\/www.natelli-shop.com\/de\/\",\"logo\":{\"@type\":\"ImageObject\",\"inLanguage\":\"de\",\"@id\":\"https:\/\/www.natelli-shop.com\/de\/#\/schema\/logo\/image\/\",\"url\":\"https:\/\/www.natelli-shop.com\/wp-content\/uploads\/2024\/08\/\u0438\u0437\u043e\u0431\u0440\u0430\u0436\u0435\u043d\u0438\u0435_viber_2024-07-31_10-59-46-791.jpg\",\"contentUrl\":\"https:\/\/www.natelli-shop.com\/wp-content\/uploads\/2024\/08\/\u0438\u0437\u043e\u0431\u0440\u0430\u0436\u0435\u043d\u0438\u0435_viber_2024-07-31_10-59-46-791.jpg\",\"width\":1181,\"height\":1186,\"caption\":\"Natelli - Nail Shop\"},\"image\":{\"@id\":\"https:\/\/www.natelli-shop.com\/de\/#\/schema\/logo\/image\/\"}}]}<\/script>\n<!-- \/ Yoast SEO plugin. -->","yoast_head_json":{"title":"Lieferung und Bezahlung - Natelli - Nail Shop","robots":{"index":"index","follow":"follow","max-snippet":"max-snippet:-1","max-image-preview":"max-image-preview:large","max-video-preview":"max-video-preview:-1"},"canonical":"https:\/\/www.natelli-shop.com\/de\/lieferung-und-bezahlung\/","og_locale":"de_DE","og_type":"article","og_title":"Lieferung und Bezahlung - Natelli - Nail Shop","og_description":"Lieferung und Bezahlung Versandmethoden und -bedingungen Versand in Wien: Selbstabholung in Wien Lieferung durch die \u00d6sterreichische Post\/DPD &#8211; 4,99\u20ac Kostenloser","og_url":"https:\/\/www.natelli-shop.com\/de\/lieferung-und-bezahlung\/","og_site_name":"Natelli - Nail Shop","article_modified_time":"2026-04-03T07:08:52+00:00","twitter_card":"summary_large_image","twitter_misc":{"Gesch\u00e4tzte Lesezeit":"2\u00a0Minuten"},"schema":{"@context":"https:\/\/schema.org","@graph":[{"@type":"WebPage","@id":"https:\/\/www.natelli-shop.com\/de\/lieferung-und-bezahlung\/","url":"https:\/\/www.natelli-shop.com\/de\/lieferung-und-bezahlung\/","name":"Lieferung und Bezahlung - Natelli - Nail Shop","isPartOf":{"@id":"https:\/\/www.natelli-shop.com\/de\/#website"},"datePublished":"2024-08-06T11:12:17+00:00","dateModified":"2026-04-03T07:08:52+00:00","breadcrumb":{"@id":"https:\/\/www.natelli-shop.com\/de\/lieferung-und-bezahlung\/#breadcrumb"},"inLanguage":"de","potentialAction":[{"@type":"ReadAction","target":["https:\/\/www.natelli-shop.com\/de\/lieferung-und-bezahlung\/"]}]},{"@type":"BreadcrumbList","@id":"https:\/\/www.natelli-shop.com\/de\/lieferung-und-bezahlung\/#breadcrumb","itemListElement":[{"@type":"ListItem","position":1,"name":"Home","item":"https:\/\/www.natelli-shop.com\/de\/startseite\/"},{"@type":"ListItem","position":2,"name":"Lieferung und Bezahlung"}]},{"@type":"WebSite","@id":"https:\/\/www.natelli-shop.com\/de\/#website","url":"https:\/\/www.natelli-shop.com\/de\/","name":"Natelli - Nail Shop","description":"","publisher":{"@id":"https:\/\/www.natelli-shop.com\/de\/#organization"},"potentialAction":[{"@type":"SearchAction","target":{"@type":"EntryPoint","urlTemplate":"https:\/\/www.natelli-shop.com\/de\/?s={search_term_string}"},"query-input":"required name=search_term_string"}],"inLanguage":"de"},{"@type":"Organization","@id":"https:\/\/www.natelli-shop.com\/de\/#organization","name":"Natelli - Nail Shop","url":"https:\/\/www.natelli-shop.com\/de\/","logo":{"@type":"ImageObject","inLanguage":"de","@id":"https:\/\/www.natelli-shop.com\/de\/#\/schema\/logo\/image\/","url":"https:\/\/www.natelli-shop.com\/wp-content\/uploads\/2024\/08\/\u0438\u0437\u043e\u0431\u0440\u0430\u0436\u0435\u043d\u0438\u0435_viber_2024-07-31_10-59-46-791.jpg","contentUrl":"https:\/\/www.natelli-shop.com\/wp-content\/uploads\/2024\/08\/\u0438\u0437\u043e\u0431\u0440\u0430\u0436\u0435\u043d\u0438\u0435_viber_2024-07-31_10-59-46-791.jpg","width":1181,"height":1186,"caption":"Natelli - Nail Shop"},"image":{"@id":"https:\/\/www.natelli-shop.com\/de\/#\/schema\/logo\/image\/"}}]}},"jetpack_sharing_enabled":true,"_links":{"self":[{"href":"https:\/\/www.natelli-shop.com\/de\/wp-json\/wp\/v2\/pages\/16923","targetHints":{"allow":["GET"]}}],"collection":[{"href":"https:\/\/www.natelli-shop.com\/de\/wp-json\/wp\/v2\/pages"}],"about":[{"href":"https:\/\/www.natelli-shop.com\/de\/wp-json\/wp\/v2\/types\/page"}],"author":[{"embeddable":true,"href":"https:\/\/www.natelli-shop.com\/de\/wp-json\/wp\/v2\/users\/1"}],"replies":[{"embeddable":true,"href":"https:\/\/www.natelli-shop.com\/de\/wp-json\/wp\/v2\/comments?post=16923"}],"version-history":[{"count":3,"href":"https:\/\/www.natelli-shop.com\/de\/wp-json\/wp\/v2\/pages\/16923\/revisions"}],"predecessor-version":[{"id":39370,"href":"https:\/\/www.natelli-shop.com\/de\/wp-json\/wp\/v2\/pages\/16923\/revisions\/39370"}],"wp:attachment":[{"href":"https:\/\/www.natelli-shop.com\/de\/wp-json\/wp\/v2\/media?parent=16923"}],"curies":[{"name":"wp","href":"https:\/\/api.w.org\/{rel}","templated":true}]}}